{"id":250,"date":"2024-07-02T12:21:26","date_gmt":"2024-07-02T12:21:26","guid":{"rendered":"http:\/\/localhost\/hommywp\/hm116t-hot-sale-types-of-soft-ice-cream-vending-machines-wholesale\/"},"modified":"2025-08-01T09:57:30","modified_gmt":"2025-08-01T09:57:30","slug":"maquina-expendedora-de-helados-de-sobremesa","status":"publish","type":"product","link":"https:\/\/www.hommy.com\/es\/p\/maquina-expendedora-de-helados-de-sobremesa\/","title":{"rendered":"HM116T Venta caliente Tipos de m\u00e1quinas expendedoras de helados blandos al por mayor"},"content":{"rendered":"<div>\n<p style=\"text-align: center\"><span style=\"font-size: 20px\"><br \/><\/span><\/p>\n<h2 style=\"text-align: center\"><strong><span style=\"font-family: arial, helvetica, sans-serif;font-size: 24px\">M\u00e1quinas expendedoras de sobremesa <a style=\"color:blue\" href=\"\/es\/\">m\u00e1quina de helados<\/a><\/span><\/strong><\/h2>\n<p style=\"text-align: center\"><span style=\"font-size: 16px;font-family: arial, helvetica, sans-serif\"><a href=\"#PRODUCT FEATURES\" target=\"_self\" data-lv=\"0\" rel=\"noopener\">CARACTER\u00cdSTICAS DEL PRODUCTO<\/a>|<a href=\"#Table top vending ice cream machine\" target=\"_self\" data-lv=\"0\" rel=\"noopener\">M\u00e1quina expendedora de helados de sobremesa<\/a>|<a href=\"#PRODUCT SPECIFICATION\" target=\"_self\" data-lv=\"0\" rel=\"noopener\">ESPECIFICACI\u00d3N DEL PRODUCTO<\/a>|<a href=\"#PRODUCT ADVANTAGE\" target=\"_self\" data-lv=\"0\" rel=\"noopener\">VENTAJA DEL PRODUCTO<\/a>|<a href=\"#Table top vending ice cream machine\" target=\"_self\" data-lv=\"0\" rel=\"noopener\">M\u00e1quina expendedora de helados de sobremesa<\/a><\/span><\/p>\n<p><span style=\"font-size: 20px\"><br \/><\/span><\/p>\n<p><!-- Video start --><video poster=\"https:\/\/img80002414.weyesimg.com\/uploads\/wij2rdgc.allweyes.com\/video\/15553973509836.mp4?vframe\/jpg\/offset\/1\" id=\"video\" preload=\"auto\" controls=\"controls\" style=\"width:100%;height:510px\"><\/video><!-- Video end --><\/p>\n<p><!-- Video start --><video poster=\"https:\/\/img80002414.weyesimg.com\/uploads\/wij2rdgc.allweyes.com\/video\/15553974149008.mp4?vframe\/jpg\/offset\/1\" id=\"video\" preload=\"auto\" controls=\"controls\" style=\"width:100%;height:510px\"><\/video><!-- Video end --><\/p>\n<div class=\"text-left d-tem09-title d-interval\" data-detail=\"wrap\">\n<p><h2><strong><span style=\"font-size: 24px;font-family: arial, helvetica, sans-serif\"><\/span><\/strong><\/h2>\n<p>Si te encantan los helados blandos pero odias las largas colas de tu helader\u00eda favorita, necesitas un helado blando de sobremesa. <a style=\"color:blue\" href=\"https:\/\/www.hommy.com\/es\/maquina-expendedora\/\">m\u00e1quina expendedora de helados<\/a> de nuestro negocio.<\/p>\n<p>Tanto si busca un modelo de sobremesa para su helader\u00eda como un modelo de suelo para su tienda de conveniencia, nosotros le cubrimos. Ofrecemos una amplia variedad de m\u00e1quinas expendedoras de helados blandos entre las que elegir, por lo que seguro que encontrar\u00e1 la perfecta para su negocio.<\/p>\n<p>Nuestros modelos de sobremesa son perfectos para helader\u00edas, puestos de comida y otros negocios con espacio limitado. Si tiene un negocio m\u00e1s grande, o si busca una m\u00e1quina que pueda manejar mayores vol\u00famenes de clientes, entonces nuestros modelos de suelo son una gran opci\u00f3n. Independientemente del modelo que elija, puede estar seguro de que est\u00e1 adquiriendo una m\u00e1quina fiable y de alta calidad. Para obtener m\u00e1s informaci\u00f3n sobre c\u00f3mo nuestras m\u00e1quinas expendedoras pueden ayudarle a aumentar sus ventas, p\u00f3ngase en contacto con nosotros hoy mismo.<\/p>\n<h2><strong><span style=\"font-size: 24px;font-family: arial, helvetica, sans-serif\"><a name=\"PRODUCT FEATURES\"><\/a>CARACTER\u00cdSTICAS DEL PRODUCTO<\/span><\/strong><\/h2>\n<div class=\"subtitle\"><span>La planta de Hommy ocupa una superficie de 30.500 metros cuadrados en la ciudad de Xinhui Jiangmen, y consta de l\u00edneas de producci\u00f3n flexibles, laboratorio de I+D, centro de aprendizaje y taller equipado con equipos de vanguardia.<\/span><\/div>\n<\/p>\n<\/div>\n<p>&nbsp;<\/p>\n<div class=\"d-tem11-graphic tem11-graphic mockup\" data-detail=\"wrap\">\n<div class=\"tab_row\">\n<div class=\"img\" style=\"width: 50%\"><img decoding=\"async\" title=\"\" alt=\"product-HM116T M\u00e1quina expendedora de helados de sobremesa-Hommy-img\" src=\"https:\/\/www.hommy.com\/wp-content\/uploads\/15553978716753.jpg\"><\/div>\n<div class=\"text_box\" style=\"width: 50%\">\n<div class=\"txt\">\n<p><strong style=\"color: inherit;font-family: inherit;font-size: 30px\"><span style=\"font-family: arial, helvetica, sans-serif;font-size: 24px\"><a name=\"Table top vending ice cream machine\"><\/a>M\u00e1quina expendedora de helados de sobremesa<\/span><\/strong><\/p>\n<p>&nbsp;<\/p>\n<p style=\"line-height: 1.5em\">Mando con pantalla t\u00e1ctil de 10,1 pulgadas tipo tableta con sistema Android<br \/>Estados de la m\u00e1quina (temperatura de la tolva y el cilindro, ajuste de racionamiento, proceso de producci\u00f3n, error, alerta de nivel de material, precio)<br \/>Comprobaci\u00f3n de datos (volumen de ventas)<br \/>Control de dispensaci\u00f3n<br \/>Ajustes de la m\u00e1quina<br \/>Funcionamiento inteligente<br \/>Funci\u00f3n enviar alerta al m\u00f3vil<br \/>La m\u00e1quina interior tiene m\u00e1s funci\u00f3n, que puede ayudarle a ahorrar m\u00e1s coste artificial: <br \/>El sistema de preenfriamiento mantiene la mezcla por debajo de 5\u2103 durante los modos autom\u00e1tico y de espera.<br \/>La mezcladora mantiene la uniformidad de la mezcla en las tolvas.<br \/>El tratamiento t\u00e9rmico proporciona una rutina de limpieza diaria para mantener el producto conforme a las normas de calidad y seguridad hasta dos semanas antes de la limpieza completa con desmontaje.<br \/><span style=\"font-size: 18px\"><strong><br \/><\/strong><\/span><\/p>\n<p style=\"line-height: 1.5em\"><span style=\"font-size: 18px\"><strong>Descongelaci\u00f3n<\/strong><\/span> <br \/>La descongelaci\u00f3n de producci\u00f3n funde r\u00e1pidamente el producto en ambos cilindros y, a continuaci\u00f3n, vuelve al modo de producci\u00f3n para reproducirse. <br \/>La descongelaci\u00f3n por lavado funde r\u00e1pidamente el producto en los cilindros, lo que reduce considerablemente los restos antes de la limpieza. <br \/><span style=\"font-size: 18px\"><strong><br \/><\/strong><\/span><\/p>\n<p style=\"line-height: 1.5em\"><span style=\"font-size: 18px\"><strong>Desinfecci\u00f3n<\/strong><\/span><br \/>Funci\u00f3n especial que hace que el proceso de higienizaci\u00f3n sea semiautom\u00e1tico y sencillo.<br \/>No desmonte la m\u00e1quina para limpiar la unidad de bloque de garganta, la unidad de bomba de aire, el batidor y el cilindro. <br \/>El contador permite al operador ver el n\u00famero de raciones dispensadas.<\/p>\n<p>&nbsp;<\/p>\n<\/div>\n<\/div>\n<\/div>\n<\/div>\n<p>&nbsp; &nbsp; &nbsp; &nbsp;<\/p>\n<p>&nbsp; &nbsp; &nbsp;<\/p>\n<h2><span style=\"font-size: 24px\">&nbsp; &nbsp;<strong><span style=\"font-family: arial, helvetica, sans-serif;font-size: 24px\"><a name=\"PRODUCT SPECIFICATION\"><\/a>ESPECIFICACI\u00d3N DEL PRODUCTO<\/span><\/strong><\/span><\/h2>\n<p><span>&nbsp; &nbsp; &nbsp;La excelente experiencia del cliente es el punto de partida de Hommy.<\/span><\/p>\n<div class=\"text-left d-tem09-title d-interval\" data-detail=\"wrap\">\n<div class=\"title-header\">\n<p><span style=\"font-size: 24px\"><img decoding=\"async\" src=\"https:\/\/www.hommy.com\/wp-content\/uploads\/15866026037065.png\" title=\"cargas\/www.hommy.com\/images\/https:\/\/www.hommy.com\/wp-content\/uploads\/15866026037065.png\" alt=\"imagen.png\" \/><\/span><\/p>\n<p><span style=\"font-size: 24px\"><br \/><\/span><\/p>\n<h2><strong><span style=\"font-size: 24px;font-family: arial, helvetica, sans-serif\"><a name=\"PRODUCT ADVANTAGE\"><\/a>VENTAJA DEL PRODUCTO<\/span><\/strong><br \/><\/h2>\n<div class=\"subtitle\"><span>Adem\u00e1s, los ingenieros m\u00e1s cualificados, los tecn\u00f3logos m\u00e1s h\u00e1biles y el personal con m\u00e1s conocimientos contribuyen en gran medida al desarrollo de la empresa.<\/span><\/div>\n<\/div>\n<\/div>\n<p><\/p>\n<div class=\"d-tem04-promotion d-tem01-promotion mockup\" data-detail=\"wrap\">\n<div class=\"cont-section\">\n<div class=\"main\">\n<div class=\"header text-center\">\n<h2><strong><span style=\"font-family: arial, helvetica, sans-serif;font-size: 24px\"><a name=\"Table top vending ice cream machine\"><\/a>M\u00e1quina expendedora de helados de sobremesa<\/span><\/strong><\/h2>\n<div class=\"subtitle\" style=\"text-align: left\">\n<p><\/p>\n<p style=\"line-height: 2em\"><strong><span><\/span><\/strong>Descongelaci\u00f3n: cuando la m\u00e1quina est\u00e1 trabajando 1 hora no se venden a cabo el helado, el cilindro de alg\u00fan tiempo ser\u00e1 bloque, la configuraci\u00f3n del sistema de descongelaci\u00f3n autom\u00e1tica, por lo que la m\u00e1quina puede seguir trabajando y descongelar el interior de hielo y helado de buena calidad o yogur congelado.<\/p>\n<p style=\"line-height: 2em\"><strong><span><\/span><\/strong>Deje el incensario tienen Segunda etapa, la primera etapa de la falta de alarma de nivel de material, la segunda etapa de apagado autom\u00e1tico. Cuando usted recibe el primer mensaje, usted tiene un cierto tiempo para que usted agregue el material ninguna necesidad dej\u00f3 la parada de la m\u00e1quina trabajarla.<\/p>\n<p style=\"line-height: 2em\"><strong><span><\/span><\/strong>La m\u00e1quina en el interior tienen la funci\u00f3n de promoci\u00f3n, la configuraci\u00f3n de lunes a viernes en 10:00 a 12:00 comprar helado con alg\u00fan descuento<br \/>\n &nbsp; Eso puede ayudarle a a\u00f1adir cantidad de sell out .<\/p>\n<p style=\"line-height: 2em\"><strong><span><\/span><\/strong>La m\u00e1quina en el interior tienen m\u00e1s idiomas para que usted elija: chino, Ingl\u00e9s, Polonia, Arabia Saudita, Malasia, Tailandia, Espa\u00f1a.<\/p>\n<\/div>\n<\/div>\n<\/div>\n<\/div>\n<\/div>\n<p>&nbsp;Documento\uff1a<img decoding=\"async\" src=\"https:\/\/www.hommy.com\/wp-content\/uploads\/icon_pdf-5.gif\" style=\"margin-right: 2px\" alt=\"producto-Hommy-img\" title=\"\"><a href=\"https:\/\/img80002414.weyesimg.com\/uploads\/www.hommy.com\/addon\/16028346312026.pdf\" title=\"16028346312026.pdf\" style=\"font-size: 12px\">16028346312026.pdf<\/a><\/p>\n<h2 style=\"font-family: sans-serif\">\u00bfLas m\u00e1quinas de helados hacen helados cremosos?<\/h2>\n<p style=\"margin-top: 5px;margin-bottom: 5px;font-family: sans-serif;font-size: 16px\">La respuesta corta: s\u00ed, la moderna lo hace. De hecho, se les da tan bien que acaban de sacar una nueva, y por algo ser\u00e1. La respuesta larga: he probado varios tipos de m\u00e1quina de helados. Esta peque\u00f1a KitchenAid hace un helado suave delicioso, pero no es de eso de lo que estoy hablando aqu\u00ed, sino de hacer helado sin una m\u00e1quina de helados.<\/p>\n<p style=\"margin-top: 5px;margin-bottom: 5px;font-family: sans-serif;font-size: 16px\"><\/p>\n<h2 style=\"font-family: sans-serif\">\u00bfCu\u00e1nto cuesta un <a style=\"color:blue\" href=\"https:\/\/www.hommy.com\/es\/maquina-de-helados-blandos\/\">m\u00e1quina para hacer helados blandos<\/a>?<\/h2>\n<p style=\"margin-top: 5px;margin-bottom: 5px;font-family: sans-serif;font-size: 16px\">Es, sin duda, un art\u00edculo de lujo. El precio de venta al p\u00fablico de un <a style=\"color:blue\" href=\"\/es\/\">heladora<\/a> suele partir de $50 y oscilar entre $150 y $300, en funci\u00f3n de las prestaciones y el dise\u00f1o del producto. Cuantas m\u00e1s funciones y dise\u00f1os tenga el fabricante, m\u00e1s alto ser\u00e1 el precio. Pero no se preocupe, porque disfrutar\u00e1 al m\u00e1ximo.<\/p>\n<p style=\"margin-top: 5px;margin-bottom: 5px;font-family: sans-serif;font-size: 16px\"><\/p>\n<h2 style=\"font-family: sans-serif\">\u00bfCu\u00e1nto cuesta una m\u00e1quina de ablandar?<\/h2>\n<p style=\"margin-top: 5px;margin-bottom: 5px;font-family: sans-serif;font-size: 16px\">Una de las preguntas m\u00e1s habituales en la Comic Con de San Diego y en otras convenciones de c\u00f3mics, donde tengo la oportunidad de ver y vender nuevos art\u00edculos por primera vez, es: \"\u00bfCu\u00e1nto cuesta eso?\". \"\u00bfCu\u00e1nto cuesta eso?\", me dicen mirando lo que tienen en la mano. \"\u00bfCu\u00e1nto cuesta una caja rosa grande?\".<\/p>\n<p style=\"margin-top: 5px;margin-bottom: 5px;font-family: sans-serif;font-size: 16px\">Suele ser una caja peque\u00f1a de un objeto y lo que suele contener es una sola cosa en una caja. Puede ser una figura de acci\u00f3n, una camiseta, un c\u00f3mic, un juego, un p\u00f3ster, una camiseta o un peluche o incluso un juguete incre\u00edble, dependiendo de lo que la persona que lo compra tenga en mente. La pregunta suele referirse a una caja o a un mont\u00f3n de cosas en una caja y normalmente me preguntan cu\u00e1nto cuesta la caja, lo que normalmente s\u00f3lo se pregunta y se responde en el caso de compras para convenciones, ya que he fijado precios para las cajas.<\/p>\n<\/div><\/div>","protected":false},"excerpt":{"rendered":"<p>Table top vending ice cream machine PRODUCT FEATURES|Table top vending ice cream machine|PRODUCT SPECIFICATION|PRODUCT ADVANTAGE|Table top vending ice cream machine If you love soft ice cream but hate the long lines at your favorite ice cream shop, then you need a table top soft ice cream vending machine from our business. Whether you\u2019re looking for [&hellip;]<\/p>\n","protected":false},"featured_media":247,"comment_status":"open","ping_status":"open","template":"","meta":{"_swt_meta_header_display":false,"_swt_meta_footer_display":false,"_swt_meta_site_title_display":false,"_swt_meta_sticky_header":false,"_swt_meta_transparent_header":false},"product_brand":[],"product_cat":[71,68],"product_tag":[],"class_list":{"0":"post-250","1":"product","2":"type-product","3":"status-publish","4":"has-post-thumbnail","6":"product_cat-ice-cream-vending-machine","7":"product_cat-vending-machine","9":"first","10":"instock","11":"shipping-taxable","12":"product-type-simple"},"_links":{"self":[{"href":"https:\/\/www.hommy.com\/es\/wp-json\/wp\/v2\/product\/250","targetHints":{"allow":["GET"]}}],"collection":[{"href":"https:\/\/www.hommy.com\/es\/wp-json\/wp\/v2\/product"}],"about":[{"href":"https:\/\/www.hommy.com\/es\/wp-json\/wp\/v2\/types\/product"}],"replies":[{"embeddable":true,"href":"https:\/\/www.hommy.com\/es\/wp-json\/wp\/v2\/comments?post=250"}],"wp:featuredmedia":[{"embeddable":true,"href":"https:\/\/www.hommy.com\/es\/wp-json\/wp\/v2\/media\/247"}],"wp:attachment":[{"href":"https:\/\/www.hommy.com\/es\/wp-json\/wp\/v2\/media?parent=250"}],"wp:term":[{"taxonomy":"product_brand","embeddable":true,"href":"https:\/\/www.hommy.com\/es\/wp-json\/wp\/v2\/product_brand?post=250"},{"taxonomy":"product_cat","embeddable":true,"href":"https:\/\/www.hommy.com\/es\/wp-json\/wp\/v2\/product_cat?post=250"},{"taxonomy":"product_tag","embeddable":true,"href":"https:\/\/www.hommy.com\/es\/wp-json\/wp\/v2\/product_tag?post=250"}],"curies":[{"name":"wp","href":"https:\/\/api.w.org\/{rel}","templated":true}]}}