{"id":246,"date":"2024-07-02T12:21:20","date_gmt":"2024-07-02T12:21:20","guid":{"rendered":"http:\/\/localhost\/hommywp\/milk-shake-vending-machine-manufacturers-for-franchise-business\/"},"modified":"2025-08-01T09:57:28","modified_gmt":"2025-08-01T09:57:28","slug":"maquina-expendedora-de-helados-de-2-sabores","status":"publish","type":"product","link":"https:\/\/www.hommy.com\/es\/p\/maquina-expendedora-de-helados-de-2-sabores\/","title":{"rendered":"Fabricantes de m\u00e1quinas expendedoras de batidos para franquicias"},"content":{"rendered":"<div>\n<p style=\"text-align: center\"><\/p>\n<h2 style=\"text-align: center\"><strong><span style=\"font-family: arial, helvetica, sans-serif;font-size: 24px\"><a name=\" 2 flavour Vending ice cream machine\"><\/a>&nbsp;<span style=\"font-family: arial, helvetica, sans-serif;line-height: 1.42857\">Vending de 2 sabores <a style=\"color:blue\" href=\"\/es\/\">m\u00e1quina de helados<\/a><\/span><\/span><\/strong><\/h2>\n<p style=\"text-align: center\"><span style=\"font-size: 16px\"><span style=\"font-family: arial, helvetica, sans-serif;line-height: 1.42857\"><a href=\"#PRODUCT FEATURES\" target=\"_self\" data-lv=\"0\" rel=\"noopener\">ARACTER\u00cdSTICAS DEL PRODUCTO<\/a>|<a href=\"#2 flavour Vending ice cream machine\" target=\"_self\" data-lv=\"0\" rel=\"noopener\">M\u00e1quina expendedora de helados de 2 sabores<\/a>|<a href=\"#PRODUCT SPECIFICATION\" target=\"_self\" data-lv=\"0\" rel=\"noopener\">ESPECIFICACI\u00d3N DEL PRODUCTO<\/a>|<a href=\"#PRODUCT ADVANTAGE\" target=\"_self\" data-lv=\"0\" rel=\"noopener\">VENTAJA DEL PRODUCTO<\/a>|<a href=\"#2 flavour+1mix Vending ice cream machine\" target=\"_self\" data-lv=\"0\" rel=\"noopener\">2 sabores+1mezcla M\u00e1quina expendedora de helados<\/a><\/span><\/span><\/p>\n<p><span style=\"font-size: 20px;line-height: 1.42857\"><br \/><\/span><\/p>\n<p><span style=\"font-size: 20px;line-height: 1.42857\"><br \/><\/span><\/p>\n<p><!-- Video start --><video poster=\"https:\/\/img80002414.weyesimg.com\/uploads\/wij2rdgc.allweyes.com\/video\/15553866867786.mp4?vframe\/jpg\/offset\/1\" id=\"video\" preload=\"auto\" controls=\"controls\" style=\"width:100%;height:510px\"><\/video><!-- Video end --><\/p>\n<div class=\"text-left d-tem09-title d-interval\" data-detail=\"wrap\">\n<p><h2><strong><span style=\"font-size: 24px;font-family: arial, helvetica, sans-serif\"><\/span><\/strong><\/h2>\n<p>Esta m\u00e1quina expendedora de batidos de alta calidad es conocida por su robusta construcci\u00f3n, f\u00e1cil manejo, durabilidad y mayor vida \u00fatil.<\/p>\n<p><\/p>\n<p>Nuestra empresa est\u00e1 altamente dedicada a ofrecer lo mejor en servicios de clase. Estas m\u00e1quinas se fabrican con la ayuda de herramientas modernas y la tecnolog\u00eda utilizando las mejores materias primas de calidad. Nuestras m\u00e1quinas est\u00e1n disponibles en varios tama\u00f1os y dise\u00f1os para satisfacer las necesidades de nuestros clientes.<\/p>\n<h2><strong><span style=\"font-size: 24px;font-family: arial, helvetica, sans-serif\"><br \/><\/span><\/strong><br \/><\/h2>\n<h2><strong><span style=\"font-size: 24px;font-family: arial, helvetica, sans-serif\"><a name=\"PRODUCT FEATURES\"><\/a><\/span><\/strong><\/h2>\n<h2><strong><span style=\"font-size: 24px;font-family: arial, helvetica, sans-serif\">CARACTER\u00cdSTICAS DEL PRODUCTO<\/span><\/strong><\/h2>\n<div class=\"subtitle\"><span>La planta de Hommy ocupa una superficie de 30.500 metros cuadrados en la ciudad de Xinhui Jiangmen, y consta de l\u00edneas de producci\u00f3n flexibles, laboratorio de I+D, centro de aprendizaje y taller equipado con equipos de vanguardia.<\/span><\/div>\n<\/p>\n<\/div>\n<p>&nbsp;<\/p>\n<div class=\"d-tem11-graphic tem11-graphic mockup\" data-detail=\"wrap\">\n<div class=\"tab_row\">\n<div class=\"img\" style=\"width: 50%\"><img decoding=\"async\" title=\"\" alt=\"producto-Hommy-img\" src=\"https:\/\/www.hommy.com\/wp-content\/uploads\/15865908083316.png\"><\/div>\n<div class=\"text_box\" style=\"width: 50%\">\n<div class=\"txt\">\n<div class=\"title\">\n<h2><strong><span style=\"font-family: arial, helvetica, sans-serif;font-size: 24px\"><a name=\"2 flavour Vending ice cream machine\"><\/a>M\u00e1quina expendedora de helados de 2 sabores<\/span><\/strong><\/h2>\n<\/div>\n<p>&nbsp;<\/p>\n<p style=\"line-height: 2em\">Mando con pantalla t\u00e1ctil de 10,1 pulgadas tipo tableta con sistema Android<br \/>Estados de la m\u00e1quina (temperatura de la tolva y el cilindro, ajuste de racionamiento, proceso de producci\u00f3n, error, alerta de nivel de material, precio)<br \/>Comprobaci\u00f3n de datos (volumen de ventas)<br \/>Control de dispensaci\u00f3n<br \/>Ajustes de la m\u00e1quina<br \/>Funcionamiento inteligente<br \/>Funci\u00f3n enviar alerta al m\u00f3vil<br \/>La m\u00e1quina interior tiene m\u00e1s funci\u00f3n, que puede ayudarle a ahorrar m\u00e1s coste artificial: <br \/>El sistema de preenfriamiento mantiene la mezcla por debajo de 5\u2103 durante los modos autom\u00e1tico y de espera.<br \/>La bomba de aire suministra la mezcla con cierta cantidad de aire a los cilindros de congelaci\u00f3n.<br \/>La mezcladora mantiene la uniformidad de la mezcla en las tolvas.<br \/>El tratamiento t\u00e9rmico proporciona una rutina de limpieza diaria para mantener el producto conforme a las normas de calidad y seguridad hasta dos semanas antes de la limpieza completa con desmontaje.<br \/><span style=\"font-size: 18px\"><strong><br \/><\/strong><\/span><\/p>\n<p style=\"line-height: 2em\"><span style=\"font-size: 18px\"><strong>Descongelaci\u00f3n <\/strong><\/span><br \/>La descongelaci\u00f3n de producci\u00f3n funde r\u00e1pidamente el producto en ambos cilindros y, a continuaci\u00f3n, vuelve al modo de producci\u00f3n para reproducirse. <br \/>La descongelaci\u00f3n por lavado funde r\u00e1pidamente el producto en los cilindros, lo que reduce considerablemente los restos antes de la limpieza. <br \/><strong><span style=\"font-size: 18px\"><br \/><\/span><\/strong><\/p>\n<p style=\"line-height: 2em\"><strong><span style=\"font-size: 18px\">Desinfecci\u00f3n<\/span><\/strong><br \/>Funci\u00f3n especial que hace que el proceso de higienizaci\u00f3n sea semiautom\u00e1tico y sencillo.<br \/>No desmonte la m\u00e1quina para limpiar la unidad de bloque de garganta, la unidad de bomba de aire, el batidor y el cilindro. <\/p>\n<p>&nbsp;<\/p>\n<\/div>\n<\/div>\n<\/div>\n<\/div>\n<p>&nbsp;<\/p>\n<div class=\"text-left d-tem09-title d-interval\" data-detail=\"wrap\">\n<div class=\"title-header\">\n<p><span style=\"font-size: 24px\"><br \/><\/span><\/p>\n<p><span style=\"font-size: 24px\"><\/span><\/p>\n<h2><strong><span style=\"font-size: 24px;font-family: arial, helvetica, sans-serif\"><a name=\"PRODUCT SPECIFICATION\"><\/a>ESPECIFICACI\u00d3N DEL PRODUCTO<\/span><\/strong><\/h2>\n<p><span>La excelente experiencia del cliente es el punto de partida de Hommy.<\/span><\/p>\n<p><span><br \/><\/span><img decoding=\"async\" src=\"https:\/\/www.hommy.com\/wp-content\/uploads\/15865910264788.png\" title=\"cargas\/www.hommy.com\/images\/https:\/\/www.hommy.com\/wp-content\/uploads\/15865910264788.png\" alt=\"imagen.png\" \/><\/p>\n<p><span style=\"font-size: 24px\"><br \/><\/span><\/p>\n<p><strong><span style=\"font-size: 24px;font-family: arial, helvetica, sans-serif\"><a name=\"PRODUCT ADVANTAGE\"><\/a>VENTAJA DEL PRODUCTO<\/span><\/strong><\/p>\n<div class=\"subtitle\"><span>Adem\u00e1s, los ingenieros m\u00e1s cualificados, los tecn\u00f3logos m\u00e1s h\u00e1biles y el personal con m\u00e1s conocimientos contribuyen en gran medida al desarrollo de la empresa.<\/span><\/div>\n<\/div>\n<\/div>\n<p><\/p>\n<div class=\"d-tem14-graphic mockup\" data-detail=\"wrap\">\n<div class=\"clearfix d-clearfix\">\n<div class=\"col-md-6 col-sm-6 col-xs-6\">\n<div class=\"thumbnail\"><img decoding=\"async\" src=\"https:\/\/www.hommy.com\/wp-content\/uploads\/15553857822086.jpg\" alt=\"producto-Hommy-img\" title=\"\"><\/div>\n<\/div>\n<div class=\"col-md-6 col-sm-6 col-xs-6\">\n<div class=\"thumbnail\"><img decoding=\"async\" src=\"https:\/\/www.hommy.com\/wp-content\/uploads\/15553857901363.jpg\" alt=\"producto-M\u00e1quina expendedora -img\" title=\"\"><\/div>\n<\/div>\n<\/div>\n<\/div>\n<p><\/p>\n<div class=\"d-tem04-promotion d-tem01-promotion mockup\" data-detail=\"wrap\">\n<div class=\"cont-section\">\n<div class=\"main\">\n<div class=\"header text-center\">\n<h2><strong><span style=\"font-family: arial, helvetica, sans-serif;font-size: 24px\"><a name=\"2 flavour+1mix Vending ice cream machine\"><\/a>2 sabores+1mezcla M\u00e1quina expendedora de helados<\/span><\/strong><\/h2>\n<div class=\"subtitle\" style=\"text-align: left\">\n<p><\/p>\n<p style=\"line-height: 2em\"><strong><span><\/span><\/strong>Descongelaci\u00f3n: cuando la m\u00e1quina est\u00e1 trabajando 1 hora no se venden a cabo el helado, el cilindro de alg\u00fan tiempo ser\u00e1 bloque, la configuraci\u00f3n del sistema de descongelaci\u00f3n autom\u00e1tica, por lo que la m\u00e1quina puede seguir trabajando y descongelar el interior de hielo y helado de buena calidad o yogur congelado.<\/p>\n<p style=\"line-height: 2em\"><strong><span><\/span><\/strong>Bomba de aire : rebasamiento ajustable de 20% a 80% , reducir la generaci\u00f3n de cristales de hielo , hecho yogur congelado (helado ) sabor suave y aspecto blanco ; reducir el uso de materias primas , aumentar los beneficios .<\/p>\n<p style=\"line-height: 2em\"><strong><span><\/span><\/strong>Si usted vende hacia fuera el helado en la noche la configuraci\u00f3n autom\u00e1tica del sistema Pasteurizaci\u00f3n : Puede matar a las bacterias que producen dentro de la m\u00e1quina de -5\u2103 \u2192 65\u2103\u2192 -5\u2103process ( desinfectar el cilindro de carga y la materia prima en el interior , a continuaci\u00f3n, refrigerar a reservar estado ) . por lo que puede mantener la m\u00e1quina cada 14 d\u00edas una vez .<\/p>\n<p style=\"line-height: 2em\"><strong><span><\/span><\/strong>Deje el incensario tienen Segunda etapa, la primera etapa de la falta de alarma de nivel de material, la segunda etapa de apagado autom\u00e1tico. Cuando usted recibe el primer mensaje, usted tiene un cierto tiempo para que usted agregue el material ninguna necesidad dej\u00f3 la parada de la m\u00e1quina trabajarla.<\/p>\n<p style=\"line-height: 2em\"><strong><span><\/span><\/strong>La funci\u00f3n de promoci\u00f3n puede ayudar a a\u00f1adir todos los d\u00edas se agotan cantidad , se configura de lunes a viernes en 10:00 a 12:00 comprar helado con alg\u00fan descuento para dibujar en las compras de los clientes.<\/p>\n<p style=\"line-height: 2em\"><strong><span><\/span><\/strong>La m\u00e1quina en el interior tienen m\u00e1s idiomas para que usted elija: chino, Ingl\u00e9s, Polonia, Arabia Saudita, Malasia, Tailandia, Espa\u00f1a.<\/p>\n<h2>\u00bfPor qu\u00e9 una m\u00e1quina expendedora me cobra m\u00e1s?<\/h2>\n<p style=\"margin-top: 5px;margin-bottom: 5px\"><\/p>\n<p style=\"margin-top: 5px;margin-bottom: 5px\">Compr\u00e9 una lata de coca-cola en una m\u00e1quina expendedora de la estaci\u00f3n de tren de Toronto. Costaba $1,50, y la m\u00e1quina expendedora dec\u00eda que ten\u00eda $1,47 en mi cuenta. Pero cuando mir\u00e9 el recibo, dec\u00eda que s\u00f3lo ten\u00eda $1,40. \u00bfC\u00f3mo es posible?<\/p>\n<p style=\"margin-top: 5px;margin-bottom: 5px\"><\/p>\n<p style=\"margin-top: 5px;margin-bottom: 5px\">Respuesta: La m\u00e1quina pensaba que ten\u00edas m\u00e1s dinero en tu cuenta del que realmente ten\u00edas.<\/p>\n<p style=\"margin-top: 5px;margin-bottom: 5px\"><\/p>\n<p style=\"margin-top: 5px;margin-bottom: 5px\">Este es un caso en el que la m\u00e1quina intentaba ser amable. Te ha ofrecido un precio rebajado por el producto de la m\u00e1quina expendedora. La m\u00e1quina quer\u00eda hacerte un favor.<\/p>\n<p style=\"margin-top: 5px;margin-bottom: 5px\"><\/p>\n<p style=\"margin-top: 5px;margin-bottom: 5px\"><\/p>\n<h2>\u00bfFunciona el d\u00f3lar encintado?<\/h2>\n<p style=\"margin-top: 5px;margin-bottom: 5px\"><\/p>\n<p style=\"margin-top: 5px;margin-bottom: 5px\">\u00bfEs usted como yo? Soy un reciente converso a la cinta.<\/p>\n<p style=\"margin-top: 5px;margin-bottom: 5px\"><\/p>\n<p style=\"margin-top: 5px;margin-bottom: 5px\">Hice lo del \"dabbing\" durante un par de meses y luego me frustr\u00e9 y volv\u00ed a lo que hac\u00eda antes. No estaba contenta con mis resultados, as\u00ed que empec\u00e9 a pensar en c\u00f3mo la cinta adhesiva puede ser algo bueno, quiz\u00e1 incluso genial.<\/p>\n<p style=\"margin-top: 5px;margin-bottom: 5px\"><\/p>\n<p style=\"margin-top: 5px;margin-bottom: 5px\">As\u00ed que compr\u00e9 un equipo de grabaci\u00f3n y me puse a grabar.<\/p>\n<p style=\"margin-top: 5px;margin-bottom: 5px\"><\/p>\n<p style=\"margin-top: 5px;margin-bottom: 5px\"><\/p>\n<h2>\u00bfCu\u00e1nto cuesta una m\u00e1quina expendedora de verdad? Una respuesta sorprendentemente corta<\/h2>\n<p style=\"margin-top: 5px;margin-bottom: 5px\"><\/p>\n<p style=\"margin-top: 5px;margin-bottom: 5px\">El venerable Vending Times tiene un art\u00edculo que muestra el coste medio de una m\u00e1quina expendedora real. Me gusta el art\u00edculo porque incluye un desglose de los costes, algo que rara vez veo. Sin embargo, como friki de los datos, me interesaba saber c\u00f3mo hab\u00edan llegado a esa estimaci\u00f3n.<\/p>\n<p style=\"margin-top: 5px;margin-bottom: 5px\"><\/p>\n<p style=\"margin-top: 5px;margin-bottom: 5px\">He aqu\u00ed el problema. Los datos del art\u00edculo proceden de la encuesta anual de Vending Times, en la que se pregunta por los costes a los actores t\u00edpicos de la industria del vending. Sin embargo, el art\u00edculo no incluye un descargo de responsabilidad sobre la exactitud de la encuesta. En otras palabras, no incluye<\/p>\n<p style=\"margin-top: 5px;margin-bottom: 5px\"><br style=\"font-family: sans-serif;font-size: 16px\" \/><\/p>\n<p style=\"line-height: 2em\"><\/p>\n<\/div>\n<\/div>\n<\/div>\n<\/div>\n<\/div>\n<p>&nbsp;Documento\uff1a<img decoding=\"async\" src=\"https:\/\/www.hommy.com\/wp-content\/uploads\/icon_pdf-4.gif\" style=\"margin-right: 2px\" alt=\"product-HM736 M\u00e1quina expendedora de helados de 2 sabores+1mezcla-Hommy-img\" title=\"\"><a href=\"https:\/\/img80002414.weyesimg.com\/uploads\/www.hommy.com\/addon\/16028344033211.pdf\" title=\"16028344033211.pdf\" style=\"font-size: 12px\">16028344033211.pdf<\/a><\/p>\n<p><\/p>\n<\/div><\/div>","protected":false},"excerpt":{"rendered":"<p>&nbsp;2 flavour Vending ice cream machine RODUCT FEATURES|2 flavour Vending ice cream machine|PRODUCT SPECIFICATION|PRODUCT ADVANTAGE|2 flavour+1mix Vending ice cream machine This high-quality Milk Shake Vending Machine is known for its robust construction, easy operation, durability and longer life. Our company is highly dedicated towards offering the best in class services. These machines are manufactured with [&hellip;]<\/p>\n","protected":false},"featured_media":241,"comment_status":"open","ping_status":"open","template":"","meta":{"_swt_meta_header_display":false,"_swt_meta_footer_display":false,"_swt_meta_site_title_display":false,"_swt_meta_sticky_header":false,"_swt_meta_transparent_header":false},"product_brand":[],"product_cat":[71,68],"product_tag":[],"class_list":{"0":"post-246","1":"product","2":"type-product","3":"status-publish","4":"has-post-thumbnail","6":"product_cat-ice-cream-vending-machine","7":"product_cat-vending-machine","9":"first","10":"instock","11":"shipping-taxable","12":"product-type-simple"},"_links":{"self":[{"href":"https:\/\/www.hommy.com\/es\/wp-json\/wp\/v2\/product\/246","targetHints":{"allow":["GET"]}}],"collection":[{"href":"https:\/\/www.hommy.com\/es\/wp-json\/wp\/v2\/product"}],"about":[{"href":"https:\/\/www.hommy.com\/es\/wp-json\/wp\/v2\/types\/product"}],"replies":[{"embeddable":true,"href":"https:\/\/www.hommy.com\/es\/wp-json\/wp\/v2\/comments?post=246"}],"wp:featuredmedia":[{"embeddable":true,"href":"https:\/\/www.hommy.com\/es\/wp-json\/wp\/v2\/media\/241"}],"wp:attachment":[{"href":"https:\/\/www.hommy.com\/es\/wp-json\/wp\/v2\/media?parent=246"}],"wp:term":[{"taxonomy":"product_brand","embeddable":true,"href":"https:\/\/www.hommy.com\/es\/wp-json\/wp\/v2\/product_brand?post=246"},{"taxonomy":"product_cat","embeddable":true,"href":"https:\/\/www.hommy.com\/es\/wp-json\/wp\/v2\/product_cat?post=246"},{"taxonomy":"product_tag","embeddable":true,"href":"https:\/\/www.hommy.com\/es\/wp-json\/wp\/v2\/product_tag?post=246"}],"curies":[{"name":"wp","href":"https:\/\/api.w.org\/{rel}","templated":true}]}}