{"id":215,"date":"2024-07-02T12:20:59","date_gmt":"2024-07-02T12:20:59","guid":{"rendered":"http:\/\/localhost\/hommywp\/hm766c-new-commercial-softy-ice-cream-vending-machine-for-stores\/"},"modified":"2025-08-01T09:57:28","modified_gmt":"2025-08-01T09:57:28","slug":"hm766c-maquina-expendedora-de-helados","status":"publish","type":"product","link":"https:\/\/www.hommy.com\/es\/p\/hm766c-maquina-expendedora-de-helados\/","title":{"rendered":"Hm766c Nuevo Comercial Softy m\u00e1quina expendedora de helados para las tiendas"},"content":{"rendered":"<div>\n<h2 style=\"text-align: center\"><span style=\"font-size: 24px\"><strong><span style=\"letter-spacing: 0px;font-family: arial, helvetica, sans-serif;text-align: center\">Vending <a style=\"color:blue\" href=\"\/es\/\">m\u00e1quina de helados<\/a><\/span><\/strong><\/span><\/h2>\n<p><span style=\"font-size: 24px\"><strong><span style=\"letter-spacing: 0px;font-family: arial, helvetica, sans-serif;text-align: center\"><br \/><\/span><\/strong><\/span><\/p>\n<p style=\"text-align: center\"><a href=\"#Vending ice cream machine\" target=\"_self\" data-lv=\"0\" rel=\"noopener\"><span style=\"font-size: 16px\"><span style=\"font-family: arial, helvetica, sans-serif;letter-spacing: 0px\">M\u00e1quina expendedora de helados<\/span><\/span><\/a><span style=\"font-size: 16px\"><span style=\"font-family: arial, helvetica, sans-serif;letter-spacing: 0px\">|<a href=\"#PRODUCT FEATURES\" target=\"_self\" data-lv=\"0\" rel=\"noopener\">CARACTER\u00cdSTICAS DEL PRODUCTO<\/a>|<a href=\"#Vending ice cream machine\" target=\"_self\" data-lv=\"0\" rel=\"noopener\">M\u00e1quina expendedora de helados<\/a>|<a href=\"#PRODUCT SPECIFICATION\" target=\"_self\" data-lv=\"0\" rel=\"noopener\">ESPECIFICACI\u00d3N DEL PRODUCTO<\/a><\/span><\/span><\/p>\n<p><strong><span style=\"font-family: arial, helvetica, sans-serif;font-size: 24px\"><span style=\"font-family: arial, helvetica, sans-serif;letter-spacing: 0px\"><br \/><\/span><\/span><\/strong><\/p>\n<p><strong><span style=\"font-family: arial, helvetica, sans-serif;font-size: 24px\"><span style=\"font-family: arial, helvetica, sans-serif;letter-spacing: 0px\"><br \/><\/span><\/span><\/strong><\/p>\n<p style=\"text-align: center\">&nbsp;&nbsp;&nbsp;&nbsp;<\/p>\n<p style=\"text-align: center\">&nbsp;&nbsp;&nbsp;&nbsp;<\/p>\n<p><span style=\"font-size: 24px\"><\/span><\/p>\n<p>Estas m\u00e1quinas son ideales para la venta de helados y ofrecen un producto de excelente calidad. Adem\u00e1s, nuestra gama de <a style=\"color:blue\" href=\"https:\/\/www.hommy.com\/es\/maquina-expendedora\/\">m\u00e1quina expendedora de helados<\/a> est\u00e1 disponible en una amplia gama de especificaciones y est\u00e1 dise\u00f1ado para satisfacer las necesidades de nuestros clientes. Las m\u00e1quinas ofrecidas son f\u00e1ciles de operar y est\u00e1n disponibles a precios razonables.<\/p>\n<p><span style=\"font-size: 24px\"><\/span><\/p>\n<h2><strong><span style=\"font-size: 24px;font-family: arial, helvetica, sans-serif\"><a name=\"PRODUCT FEATURES\"><\/a>CARACTER\u00cdSTICAS DEL PRODUCTO<\/span><\/strong><\/h2>\n<div class=\"text-left d-tem09-title d-interval\" data-detail=\"wrap\">\n<div class=\"title-header\">\n<p style=\"margin: 0px;text-align: justify;text-indent: 0px\"><span style=\"letter-spacing: 0px;font-family: Calibri;font-size: 16px\">Hommy m\u00e1quina expendedora de helados tienen m\u00e1s humanizado funci\u00f3n: mantener fresco, bomba de aire, mezclador en la tolva, descongelar, pasteurizaci\u00f3n, a distancia, vende informe, recordar, <\/span><span style=\"letter-spacing: 0px;font-family: \u5b8b\u4f53;font-size: 16px\">Tambi\u00e9n aceptamos OEM y ODM.&nbsp;<\/span><\/p>\n<\/div>\n<\/div>\n<p>&nbsp;<\/p>\n<div class=\"d-tem11-graphic tem11-graphic mockup\" data-detail=\"wrap\">\n<div class=\"tab_row\">\n<div class=\"img\" style=\"width: 50%\"><img loading=\"lazy\" decoding=\"async\" width=\"563\" height=\"747\" title=\"\" style=\"width: 563px;height: 747px\" alt=\"producto-Hommy-img\" src=\"https:\/\/www.hommy.com\/wp-content\/uploads\/15996545668956.jpg\" border=\"0\" vspace=\"0\"><\/div>\n<div class=\"text_box\" style=\"width: 50%\">\n<div class=\"txt\">\n<p>&nbsp;<\/p>\n<h2><strong><span style=\"font-family: arial, helvetica, sans-serif;font-size: 24px\"><a name=\"Vending ice cream machine\"><\/a>M\u00e1quina expendedora de helados<\/span><\/strong><\/h2>\n<p>&nbsp;<\/p>\n<p style=\"line-height: 1.75em\">Bonito cuerpo el comprador puede ver la m\u00e1quina c\u00f3mo operar .&nbsp;<\/p>\n<p style=\"line-height: 1.75em\">Pantalla de 27\" para Publicidad .&nbsp;<\/p>\n<p style=\"line-height: 1.75em\">Mando con pantalla t\u00e1ctil de 10,1 pulgadas tipo tableta con sistema Android <\/p>\n<p style=\"line-height: 1.75em\">Estados de la m\u00e1quina (temperatura de la tolva y el cilindro, ajuste de racionamiento, proceso de producci\u00f3n, error, alerta de nivel de material, precio) <\/p>\n<p style=\"line-height: 1.75em\">Comprobaci\u00f3n de datos (volumen de ventas) <\/p>\n<p style=\"line-height: 1.75em\">Control de dispensaci\u00f3n <\/p>\n<p style=\"line-height: 1.75em\">Ajustes de la m\u00e1quina <\/p>\n<p style=\"line-height: 1.75em\">Funcionamiento inteligente <\/p>\n<p style=\"line-height: 1.75em\">Funci\u00f3n enviar alerta al m\u00f3vil <\/p>\n<p style=\"line-height: 1.75em\">La m\u00e1quina interior tiene m\u00e1s funci\u00f3n, que puede ayudarle a ahorrar m\u00e1s coste artificial:<\/p>\n<p style=\"line-height: 1.75em\">El sistema de preenfriamiento mantiene la mezcla por debajo de 5\u2103 durante los modos autom\u00e1tico y de espera. <\/p>\n<p style=\"line-height: 1.75em\">La bomba de aire suministra la mezcla con cierta cantidad de aire a los cilindros de congelaci\u00f3n. <\/p>\n<p style=\"line-height: 1.75em\">La mezcladora mantiene la uniformidad de la mezcla en las tolvas. <\/p>\n<p style=\"line-height: 1.75em\">El tratamiento t\u00e9rmico proporciona una rutina de limpieza diaria para mantener el producto conforme a las normas de calidad y seguridad hasta dos semanas antes de la limpieza completa con desmontaje. <\/p>\n<p style=\"line-height: 1.75em\"><span style=\"font-size: 18px\"><strong><br \/><\/strong><\/span><\/p>\n<p style=\"line-height: 1.75em\"><span style=\"font-size: 18px\"><strong>Descongelaci\u00f3n <\/strong><\/span><\/p>\n<p style=\"line-height: 1.75em\">La descongelaci\u00f3n de producci\u00f3n funde r\u00e1pidamente el producto en ambos cilindros y, a continuaci\u00f3n, vuelve al modo de producci\u00f3n para reproducirse. <\/p>\n<p style=\"line-height: 1.75em\">La descongelaci\u00f3n por lavado funde r\u00e1pidamente el producto en los cilindros, lo que reduce considerablemente los restos antes de la limpieza. <\/p>\n<p style=\"line-height: 1.75em\"><strong><span style=\"font-size: 18px\"><br \/><\/span><\/strong><\/p>\n<p style=\"line-height: 1.75em\"><strong><span style=\"font-size: 18px\">Desinfecci\u00f3n <\/span><\/strong><\/p>\n<p style=\"line-height: 1.75em\">Funci\u00f3n especial que hace que el proceso de higienizaci\u00f3n sea semiautom\u00e1tico y sencillo. <\/p>\n<p style=\"line-height: 1.75em\">No desmonte la m\u00e1quina para limpiar la unidad de bloque de garganta, la unidad de bomba de aire, el batidor y el cilindro.<br \/>\nEl contador permite al operador ver el n\u00famero de raciones dispensadas. <\/p>\n<p style=\"line-height: 1.75em\">&nbsp;<\/p>\n<\/div>\n<\/div>\n<\/div>\n<\/div>\n<p>&nbsp;<\/p>\n<div class=\"text-left d-tem09-title d-interval\" data-detail=\"wrap\">\n<div class=\"title-header\">\n<h2><strong><span style=\"font-family: arial, helvetica, sans-serif;font-size: 24px\"><a name=\"PRODUCT SPECIFICATION\"><\/a>ESPECIFICACI\u00d3N DEL PRODUCTO<\/span><\/strong><\/h2>\n<p><span>La excelente experiencia del cliente es el punto de partida de Hommy.<\/span><\/p>\n<p><img decoding=\"async\" src=\"https:\/\/www.hommy.com\/wp-content\/uploads\/15996907287051.png\" title=\"cargas\/www.hommy.com\/images\/https:\/\/www.hommy.com\/wp-content\/uploads\/15996907287051.png\" alt=\"imagen.png\" \/><\/p>\n<p><\/p>\n<p><\/p>\n<h2>&nbsp;&nbsp;<strong><span style=\"font-size: 24px;font-family: arial, helvetica, sans-serif\"><a name=\"PRODUCT ADVANTAGE\"><\/a>VENTAJA DEL PRODUCTO<\/span><\/strong><span style=\"font-size: 24px\">&nbsp;<\/span><\/h2>\n<p>Hommy han producir m\u00e1quina de helados durante 20 a\u00f1os de experiencia, expendedora de m\u00e1quinas de helados a\u00f1adir m\u00e1s funci\u00f3n de helado suave, porque no hay hombre para el servicio todo el tiempo. nos basamos en esta a\u00f1adir m\u00e1s sensores y el uso de software para controlarlo que es de buena calidad y buena funci\u00f3n.<\/p>\n<\/div>\n<\/div>\n<div class=\"d-tem01-graphic tem01-graphic mockup\" data-detail=\"wrap\">\n<div class=\"cont-section clearfix d-clearfix\">\n<div class=\"col-md-6 col-sm-6 col-xs-6\">\n<div class=\"right-p\">\n<div class=\"h2 heading\">Descongelar&nbsp;<\/div>\n<p><\/p>\n<p><span style=\"letter-spacing: 0px;font-family: \u5b8b\u4f53;font-size: 16px\">Cuando la m\u00e1quina est\u00e1 trabajando 1 hora no se venden a cabo helado, cilindro alg\u00fan tiempo ser\u00e1 bloque, que la configuraci\u00f3n del sistema de descongelaci\u00f3n autom\u00e1tica, por lo que la m\u00e1quina puede seguir trabajando y descongelar el interior de hielo e hizo helado de buena calidad o yogur congelado.&nbsp;<\/span><\/p>\n<\/div>\n<div class=\"graphic_pic animated wow bounceIn\" data-wow-delay=\".7s\">\n<p style=\"text-align: center\"><img loading=\"lazy\" decoding=\"async\" width=\"393\" height=\"211\" title=\"\" style=\"width: 415px\" alt=\"producto-Hommy-img\" src=\"https:\/\/www.hommy.com\/wp-content\/uploads\/15788853994504.png\"><\/p>\n<p><\/p>\n<p>&nbsp; &nbsp; &nbsp; &nbsp; &nbsp; &nbsp;<\/p><\/div>\n<\/div>\n<div class=\"col-md-6 col-sm-6 col-xs-6\">\n<div class=\"right-p\">\n<div class=\"h2 heading\">Bomba de aire&nbsp;<\/div>\n<div class=\"description\">\n<p><span style=\"letter-spacing: 0px;font-family: \u5b8b\u4f53;font-size: 16px\">Superaci\u00f3n ajustable de 20% a 80%, reduce la generaci\u00f3n de cristales de hielo, hace que el yogur helado (helado) tenga un sabor suave y un aspecto blanco; reduce el uso de materias primas, aumenta los beneficios.<\/span><\/p>\n<p>.<\/p><\/div>\n<\/div>\n<div class=\"graphic_pic animated wow bounceIn\" data-wow-delay=\".7s\"><img loading=\"lazy\" decoding=\"async\" width=\"473\" height=\"228\" title=\"\" style=\"width: 473px\" alt=\"producto-Hommy-img\" src=\"https:\/\/www.hommy.com\/wp-content\/uploads\/15787019643805.png\"><br \/>\n &nbsp; &nbsp; &nbsp; &nbsp; &nbsp; &nbsp;<\/div>\n<\/div>\n<\/div>\n<\/div>\n<p>&nbsp;<\/p>\n<p>&nbsp;<\/p>\n<div class=\"d-tem01-graphic tem01-graphic mockup\" data-detail=\"wrap\">\n<div class=\"cont-section clearfix d-clearfix\">\n<div class=\"col-md-6 col-sm-6 col-xs-6\">\n<div class=\"right-p\">\n<div class=\"h2 heading\">Pasteurizaci\u00f3n&nbsp;<\/div>\n<div class=\"description\"><span style=\"letter-spacing: 0px;font-family: \u5b8b\u4f53;font-size: 16px\">Si usted vende a cabo el helado en la noche la configuraci\u00f3n autom\u00e1tica del sistema Pasteurizaci\u00f3n : Puede matar a <\/span><span style=\"font-family: Calibri;font-size: 16px\">las bacterias <\/span><span style=\"font-family: \u5b8b\u4f53;font-size: 16px\">que <\/span><span style=\"font-family: Calibri;font-size: 16px\">producir<\/span><span style=\"font-family: \u5b8b\u4f53;font-size: 16px\">&nbsp;<\/span><span style=\"font-family: Calibri;font-size: 16px\">dentro de la m\u00e1quina<\/span><span style=\"font-family: \u5b8b\u4f53;font-size: 16px\">&nbsp;de -5<\/span><span style=\"font-family: \u5b8b\u4f53;font-size: 16px\">\u2103<\/span><span style=\"font-family: \u5b8b\u4f53;font-size: 16px\">&nbsp;<\/span><span style=\"font-family: Arial;font-size: 16px\">\u2192<\/span><span style=\"font-family: \u5b8b\u4f53;font-size: 16px\">&nbsp;<\/span><span style=\"font-family: \u5b8b\u4f53;font-size: 16px\">65<\/span><span style=\"font-family: \u5b8b\u4f53;font-size: 16px\">\u2103<\/span><span style=\"font-family: Arial;font-size: 16px\">\u2192<\/span><span style=\"font-family: \u5b8b\u4f53;font-size: 16px\">&nbsp;-5<\/span><span style=\"font-family: \u5b8b\u4f53;font-size: 16px\">\u2103<\/span><span style=\"font-family: Calibri;font-size: 16px\">proceso<\/span><span style=\"font-family: \u5b8b\u4f53;font-size: 16px\">&nbsp;( desinfectar el cilindro de carga y la materia prima en el interior , a continuaci\u00f3n, refrigerar al estado de reserva ) . por lo que puede mantener la m\u00e1quina cada 14 d\u00edas una vez .&nbsp;<\/span>&nbsp;&nbsp;&nbsp;&nbsp;&nbsp;&nbsp;&nbsp;&nbsp;&nbsp;&nbsp;&nbsp;&nbsp;<\/p>\n<p style=\"text-align: center\"><img decoding=\"async\" title=\"\" alt=\"producto-Hommy-img\" src=\"https:\/\/www.hommy.com\/wp-content\/uploads\/15787019009152.png\"><\/p>\n<\/div>\n<\/div>\n<\/div>\n<div class=\"col-md-6 col-sm-6 col-xs-6\">\n<div class=\"right-p\">\n<div class=\"h2 heading\">Dejar sensor<\/div>\n<div class=\"description\"><span style=\"font-family: \u5b8b\u4f53;font-size: 16px\">Dejar sensor tienen <\/span><span style=\"font-family: Calibri;font-size: 16px\">Segunda etapa, la primera etapa de alarma de nivel de material faltante, la segunda etapa de apagado autom\u00e1tico.<\/span><span style=\"font-family: \u5b8b\u4f53;font-size: 16px\">&nbsp;Cuando reciba el primer mensaje, tiene un tiempo para a\u00f1adir material, no es necesario que la m\u00e1quina se detenga para trabajar. <\/span><\/div>\n<\/div>\n<div class=\"graphic_pic animated wow bounceIn\" data-wow-delay=\".7s\">\n<p style=\"text-align: center\"><img loading=\"lazy\" decoding=\"async\" width=\"473\" height=\"306\" title=\"\" style=\"width: 203px\" alt=\"product-Hommy-HM766C m\u00e1quina expendedora de helados-img\" src=\"https:\/\/www.hommy.com\/wp-content\/uploads\/15788874673345.jpg\"><\/p>\n<\/div>\n<\/div>\n<\/div>\n<\/div>\n<p><\/p>\n<p>&nbsp;<\/p>\n<div class=\"d-tem01-graphic tem01-graphic mockup\" data-detail=\"wrap\">\n<div class=\"cont-section clearfix d-clearfix\">\n<div class=\"col-md-6 col-sm-6 col-xs-6\">\n<div class=\"right-p\">\n<div class=\"h2 heading\">Funci\u00f3n de promoci\u00f3n<\/div>\n<div class=\"description\">\n<p style=\"font-family: Calibri;font-size: 16px;font-style: normal;font-weight: normal;margin-top: 0px;margin-bottom: 0px\"><span style=\"font-family: \u5b8b\u4f53;font-size: 16px\">La m\u00e1quina en el interior tienen la funci\u00f3n de promoci\u00f3n, la configuraci\u00f3n de la promoci\u00f3n en cualquier momento del d\u00eda a la hora de todo es seguir. puede configurar segundo helado mitad de precio que dar al cliente m\u00e1s descuento <\/span><\/p>\n<p style=\"margin: 1em 0px 13px\"><span style=\"font-family: \u5b8b\u4f53;font-size: 16px\"><span>&nbsp;&nbsp;&nbsp;Eso puede ayudarle a a\u00f1adir cantidad de sell out .<\/span><\/span><\/p>\n<\/div>\n<\/div>\n<div class=\"graphic_pic animated wow bounceIn\" data-wow-delay=\".7s\">\n<p style=\"text-align: center\"><img decoding=\"async\" title=\"\" alt=\"producto-Hommy-img-1\" src=\"https:\/\/www.hommy.com\/wp-content\/uploads\/15788858121941.png\"><\/p>\n<\/div>\n<\/div>\n<div class=\"col-md-6 col-sm-6 col-xs-6\">\n<div class=\"right-p\">\n<div class=\"h2 heading\">Idioma diferente<\/div>\n<div class=\"description\">\n<p style=\"font-family: Calibri;font-size: 16px;font-style: normal;font-weight: normal;margin-top: 0px;margin-bottom: 0px\"><span style=\"font-family: \u5b8b\u4f53;font-size: 16px\">La m\u00e1quina en el interior tienen m\u00e1s idiomas para que usted elija: chino, Ingl\u00e9s, Polonia, Arabia Saudita, Malasia, Tailandia, Espa\u00f1a.<\/span><\/p>\n<p>.<\/p><\/div>\n<\/div>\n<div class=\"graphic_pic animated wow bounceIn\" data-wow-delay=\".7s\">\n<p style=\"text-align: center\"><img loading=\"lazy\" decoding=\"async\" width=\"404\" height=\"209\" title=\"\" style=\"width: 271px\" alt=\"producto-M\u00e1quina expendedora de helados HM766C-Hommy-img-1\" src=\"https:\/\/www.hommy.com\/wp-content\/uploads\/15788858317746.png\"><\/p>\n<\/div>\n<\/div>\n<\/div>\n<\/div>\n<p><\/p>\n<p><\/p>\n<p>&nbsp;Documento:<\/p>\n<p style=\"line-height: 16px\"><img decoding=\"async\" style=\"vertical-align: middle;margin-right: 2px\" src=\"https:\/\/www.hommy.com\/wp-content\/uploads\/icon_pdf-1.gif\" alt=\"producto-Hommy-img-1\" title=\"\"><a style=\"font-size:12px;color:#0066cc\" href=\"https:\/\/img80002414.weyesimg.com\/uploads\/www.hommy.com\/addon\/16027529042637.pdf\" title=\"16027529042637.pdf\">16027529042637.pdf<\/a><\/p>\n<h2>\u00bfHa muerto el negocio de las m\u00e1quinas expendedoras?<\/h2>\n<p style=\"margin-top: 5px;margin-bottom: 5px\">\u00bfSe ha preguntado alguna vez c\u00f3mo funciona el negocio de las m\u00e1quinas expendedoras? Es mucho m\u00e1s complicado de lo que imaginas. En este art\u00edculo te explicaremos c\u00f3mo se fabrican y c\u00f3mo funcionan las m\u00e1quinas expendedoras, te daremos algunos consejos para hacer crecer tu negocio e incluso te daremos algunas ideas para que tu m\u00e1quina expendedora trabaje para ti.<\/p>\n<p style=\"margin-top: 5px;margin-bottom: 5px\"><\/p>\n<h2>\u00bfC\u00f3mo funcionan las m\u00e1quinas expendedoras de comida japonesas?<\/h2>\n<p style=\"margin-top: 5px;margin-bottom: 5px\">Los japoneses llevan mucho tiempo disfrutando de la comodidad de tener m\u00e1quinas expendedoras en sus calles, donde pueden pedir una comida reci\u00e9n preparada sin tener que salir de casa. Esta comodidad es especialmente apreciada por los ancianos y los discapacitados, que a menudo carecen de energ\u00eda para desplazarse lejos para comer. Pero, \u00bfc\u00f3mo funcionan estas m\u00e1quinas?<\/p>\n<p style=\"margin-top: 5px;margin-bottom: 5px\"><\/p>\n<h2>\u00bfC\u00f3mo se fija el precio de una m\u00e1quina expendedora?<\/h2>\n<p style=\"margin-top: 5px;margin-bottom: 5px\">El vending es una de esas cosas que se hacen de forma muy diferente seg\u00fan el lugar en el que te encuentres. En el Reino Unido, en concreto, hay varias formas de calcular el precio del producto o tentempi\u00e9 que quieres poner en una m\u00e1quina expendedora, dependiendo de d\u00f3nde te encuentres. Por ejemplo, si est\u00e1s en el Reino Unido y quieres poner un tentempi\u00e9 en una m\u00e1quina expendedora, el precio se calcular\u00e1 bas\u00e1ndose en el importe medio que los consumidores est\u00e1n dispuestos a pagar. Pero si est\u00e1 en EE.UU., tendr\u00e1 que calcular el precio en funci\u00f3n del precio de venta del snack en la tienda donde lo compr\u00f3.<\/p>\n<\/div><\/div>","protected":false},"excerpt":{"rendered":"<p>Vending ice cream machine Vending ice cream machine|PRODUCT FEATURES|Vending ice cream machine|PRODUCT SPECIFICATION &nbsp;&nbsp;&nbsp;&nbsp; &nbsp;&nbsp;&nbsp;&nbsp; These machines are ideal for ice cream vending and offer an excellent quality product. Furthermore, our offered range of commercial ice cream vending machine is available in a wide range of specifications and is designed to suit the needs of [&hellip;]<\/p>\n","protected":false},"featured_media":206,"comment_status":"open","ping_status":"open","template":"","meta":{"_swt_meta_header_display":false,"_swt_meta_footer_display":false,"_swt_meta_site_title_display":false,"_swt_meta_sticky_header":false,"_swt_meta_transparent_header":false},"product_brand":[],"product_cat":[71,68],"product_tag":[],"class_list":{"0":"post-215","1":"product","2":"type-product","3":"status-publish","4":"has-post-thumbnail","6":"product_cat-ice-cream-vending-machine","7":"product_cat-vending-machine","9":"first","10":"instock","11":"shipping-taxable","12":"product-type-simple"},"_links":{"self":[{"href":"https:\/\/www.hommy.com\/es\/wp-json\/wp\/v2\/product\/215","targetHints":{"allow":["GET"]}}],"collection":[{"href":"https:\/\/www.hommy.com\/es\/wp-json\/wp\/v2\/product"}],"about":[{"href":"https:\/\/www.hommy.com\/es\/wp-json\/wp\/v2\/types\/product"}],"replies":[{"embeddable":true,"href":"https:\/\/www.hommy.com\/es\/wp-json\/wp\/v2\/comments?post=215"}],"wp:featuredmedia":[{"embeddable":true,"href":"https:\/\/www.hommy.com\/es\/wp-json\/wp\/v2\/media\/206"}],"wp:attachment":[{"href":"https:\/\/www.hommy.com\/es\/wp-json\/wp\/v2\/media?parent=215"}],"wp:term":[{"taxonomy":"product_brand","embeddable":true,"href":"https:\/\/www.hommy.com\/es\/wp-json\/wp\/v2\/product_brand?post=215"},{"taxonomy":"product_cat","embeddable":true,"href":"https:\/\/www.hommy.com\/es\/wp-json\/wp\/v2\/product_cat?post=215"},{"taxonomy":"product_tag","embeddable":true,"href":"https:\/\/www.hommy.com\/es\/wp-json\/wp\/v2\/product_tag?post=215"}],"curies":[{"name":"wp","href":"https:\/\/api.w.org\/{rel}","templated":true}]}}