{"id":205,"date":"2024-07-02T12:09:28","date_gmt":"2024-07-02T12:09:28","guid":{"rendered":"http:\/\/localhost\/hommywp\/pa-c7a-street-pizza-vending-machine-manufacturers-for-walmart\/"},"modified":"2025-08-01T09:57:28","modified_gmt":"2025-08-01T09:57:28","slug":"pa-c7a-maquina-expendedora-de-pizza-1","status":"publish","type":"product","link":"https:\/\/www.hommy.com\/es\/p\/pa-c7a-maquina-expendedora-de-pizza-1\/","title":{"rendered":"Pa-C7a Street Pizza M\u00e1quina expendedora Fabricantes Para Walmart"},"content":{"rendered":"<div>\n<h1 style=\"text-align: center\"><strong><span style=\"letter-spacing: 0px;font-family: arial, helvetica, sans-serif;font-size: 24px\"><a name=\"Frozen Pizza Vending Machine\"><\/a>M\u00e1quina expendedora de pizza congelada&nbsp;<\/span><\/strong><\/h1>\n<p style=\"text-align: center\"><a href=\"#Frozen Pizza Vending Machine\" target=\"_self\" data-lv=\"0\" rel=\"noopener\"><span style=\"letter-spacing: 0px;font-family: arial, helvetica, sans-serif;font-size: 18px\">M\u00e1quina expendedora de pizza congelada<\/span><\/a><span style=\"letter-spacing: 0px;font-family: arial, helvetica, sans-serif;font-size: 18px\">|<a href=\"#Product specification\" target=\"_self\" data-lv=\"0\" rel=\"noopener\">Especificaci\u00f3n del producto<\/a>|<a href=\"#Product Features\" target=\"_self\" data-lv=\"0\" rel=\"noopener\">Caracter\u00edsticas del producto<\/a>|<a href=\"#Product Advantage\" target=\"_self\" data-lv=\"0\" rel=\"noopener\">Ventajas del producto<\/a><\/span><\/p>\n<p><\/p>\n<p style=\"text-align: center\">&nbsp;&nbsp;&nbsp;&nbsp;<\/p>\n<h1><\/h1>\n<p>Somos un nombre prominente en este dominio, que ocupa una posici\u00f3n fuerte entre nuestros competidores en la industria. La m\u00e1quina expendedora de pizza ofrecido es muy apreciada por su calidad, durabilidad, bajo coste de mantenimiento y fiabilidad. Esta m\u00e1quina expendedora de pizza puede ser servido de nosotros a los precios m\u00e1s asequibles.<\/p>\n<div class=\"d-tem01-graphic tem01-graphic mockup\" data-detail=\"wrap\">\n<div class=\"cont-section clearfix d-clearfix\">\n<div class=\"col-md-6 col-sm-6 col-xs-6\"><\/p>\n<div class=\"graphic_pic animated wow bounceIn\" data-wow-delay=\".7s\">\n<p style=\"text-align:center\"><img loading=\"lazy\" decoding=\"async\" src=\"https:\/\/www.hommy.com\/wp-content\/uploads\/16097211447314.jpg\" alt=\"product-Hommy-PA-C7A pizza M\u00e1quina expendedora-img\" title=\"\" width=\"500\" height=\"400\" border=\"0\" vspace=\"0\" style=\"width: 500px;height: 400px\"><\/p>\n<\/div>\n<\/div>\n<div class=\"col-md-6 col-sm-6 col-xs-6\">\n<div class=\"right-p\">\n<div class=\"h2 heading\">\n<p><strong><span style=\"letter-spacing: 0px;font-family: arial, helvetica, sans-serif;font-size: 24px\"><a name=\"Product Features\"><\/a>Caracter\u00edsticas del producto<\/span><\/strong><span style=\"font-family:\u5b8b\u4f53;letter-spacing:0;font-size:29px\">&nbsp;<\/span><\/p>\n<\/div>\n<p><span style=\"font-family: arial, helvetica, sans-serif;font-size: 18px\"><\/span><\/p>\n<p><span style=\"font-family: arial, helvetica, sans-serif;font-size: 18px\">1. Pantalla de 21,5\" para el manejo .<\/span><\/p>\n<p><span style=\"letter-spacing: 0px;font-family: arial, helvetica, sans-serif;font-size: 18px\">2.Teniendo en cuenta el entorno de congelaci\u00f3n y baja temperatura, la estructura patentada del canal est\u00e1 dise\u00f1ada para garantizar una entrega suave y estable de las mercanc\u00edas a baja temperatura. <\/span><\/p>\n<p><span style=\"font-family: arial, helvetica, sans-serif;font-size: 18px\">3. El sistema de pago puede aceptar: moneda, factura, moneda Exchang, interfaz de tarjeta de cr\u00e9dito.<\/span><\/p>\n<p><span style=\"font-family: arial, helvetica, sans-serif;font-size: 18px\"><span style=\"font-family: Calibri;font-size: 21px\">4. El congelador interior puede mantener 30pcs pizza \uff08this es caja de embalaje de pizza de estilo americano :41X41X4.5cm) si su tama\u00f1o de caja de embalaje de pizza es peque\u00f1o que ser\u00e1 m\u00e1s cantidad y mantener la temperatura de -8<\/span><span style=\"font-family: \u5b8b\u4f53;font-size: 21px\">\u2103<\/span><span style=\"font-family: Calibri;font-size: 21px\">&nbsp;a 10<\/span><span style=\"font-family: \u5b8b\u4f53;font-size: 21px\">\u2103<\/span><span style=\"font-family: Calibri;font-size: 21px\">. <\/span><\/span><\/p>\n<p><span style=\"font-family: arial, helvetica, sans-serif;font-size: 18px\">5. Tarjeta de control de PC avanzada, funci\u00f3n bien programada y trabajo estable.<\/span><\/p>\n<p><span style=\"font-family: arial, helvetica, sans-serif;font-size: 18px\">6. La temperatura del congelador se puede configurar en base a diferentes productos, con la funci\u00f3n de descongelaci\u00f3n autom\u00e1tica, para asegurar que la m\u00e1quina en alta temperatura y alta humedad tiempo en condiciones normales de funcionamiento y la funci\u00f3n de pasteurizaci\u00f3n;<\/span><\/p>\n<p><span style=\"font-family: arial, helvetica, sans-serif;font-size: 18px\">7. Hay una funci\u00f3n de protecci\u00f3n contra fallos de alimentaci\u00f3n, la m\u00e1quina todav\u00eda muestra el poder de estado, tiene la funci\u00f3n de memoria, la funci\u00f3n de protecci\u00f3n contra fugas de sobrecarga, garantizar el funcionamiento seguro de la m\u00e1quina. <\/span><\/p>\n<p style=\"margin-top:0;margin-right:0;margin-bottom:0;text-align:justify\"><span style=\"letter-spacing: 0px;font-family: arial, helvetica, sans-serif;font-size: 18px\">8. El idioma es el ingl\u00e9s . &nbsp;<\/span><\/p>\n<p><span style=\"font-family: arial, helvetica, sans-serif;font-size: 18px\">9. 9. Sistema de gesti\u00f3n remota por ordenador: consulta de detalles de ventas, recordatorio de falta de existencias, recordatorio de aver\u00eda de la m\u00e1quina.<\/span><\/p>\n<p><span style=\"font-family: arial, helvetica, sans-serif;font-size: 18px\"><br \/><\/span><\/p>\n<p><span style=\"font-family: arial, helvetica, sans-serif;font-size: 18px\"><\/span><\/p>\n<\/div>\n<p>&nbsp; &nbsp; &nbsp; &nbsp; &nbsp; &nbsp; &nbsp;<\/p><\/div>\n<\/div>\n<\/div>\n<p><\/p>\n<h1 style=\", Helvetica, Arial, sans-serif\"><strong><span style=\"letter-spacing: 0px;font-family: arial, helvetica, sans-serif;font-size: 24px\"><a name=\"Product specification\"><\/a>Especificaci\u00f3n del producto<\/span><\/strong><\/h1>\n<p><strong><span style=\"letter-spacing: 0px;font-family: arial, helvetica, sans-serif;font-size: 24px\"><br \/><\/span><\/strong><\/p>\n<p><strong><span style=\"letter-spacing: 0px;font-family: arial, helvetica, sans-serif;font-size: 24px\"><img decoding=\"async\" src=\"https:\/\/www.hommy.com\/wp-content\/uploads\/16097213592257.png\" alt=\"producto-Hommy-img\" title=\"\"><\/span><\/strong><\/p>\n<h1><span style=\"font-family: arial, helvetica, sans-serif;font-size: 24px\"><strong><span style=\"font-family: arial, helvetica, sans-serif;letter-spacing: 0px\"><a name=\"Product Advantage\"><\/a><\/span><\/strong><\/span><br \/><\/h1>\n<h1><span style=\"font-family: arial, helvetica, sans-serif;font-size: 24px\"><strong><span style=\"font-family: arial, helvetica, sans-serif;letter-spacing: 0px\"><a name=\"Product Advantage\"><\/a>Ventajas del producto<\/span><\/strong><\/span><\/h1>\n<div class=\"d-tem01-graphic tem01-graphic mockup\" data-detail=\"wrap\">\n<div class=\"cont-section clearfix d-clearfix\">\n<div class=\"col-md-6 col-sm-6 col-xs-6\">\n<div class=\"right-p\">\n<div class=\"h2 heading\">\n<p style=\"margin-top:0;margin-right:0;margin-bottom:0;margin-left:0;text-indent:0;text-align:justify\"><span style=\"font-family:Calibri;font-size:21px\">1.&nbsp;&nbsp;<\/span><span style=\"font-family:Calibri;font-size:21px\">21.5<\/span><span style=\"font-family:Calibri;font-size:21px\">\"<\/span><span style=\"font-family:Calibri;font-size:21px\">&nbsp;pantalla de funcionamiento .<\/span><\/p>\n<p style=\"margin-top:0;margin-right:0;margin-bottom:0;margin-left:0;text-indent:0;text-align:justify\"><span style=\"font-family:Calibri;font-size:21px\"><br \/><\/span><\/p>\n<\/div>\n<\/div>\n<div class=\"graphic_pic animated wow bounceIn\" data-wow-delay=\".7s\">\n<p style=\"text-align:center\"><img loading=\"lazy\" decoding=\"async\" src=\"https:\/\/www.hommy.com\/wp-content\/uploads\/16097215947160.jpg\" alt=\"product-PA-C7A pizza M\u00e1quina expendedora-Hommy-img\" title=\"\" width=\"350\" height=\"551\" border=\"0\" vspace=\"0\" style=\"width: 350px;height: 551px\"><\/p>\n<\/div>\n<\/div>\n<div class=\"col-md-6 col-sm-6 col-xs-6\">\n<div class=\"right-p\">\n<div class=\"h2 heading\">\n<p style=\"margin-top:0;margin-right:0;margin-bottom:0;margin-left:0;text-indent:0;text-align:justify\"><span style=\"font-family: arial, helvetica, sans-serif;font-size: 18px\"><span style=\"font-family: arial, helvetica, sans-serif;letter-spacing: 0px\">2. 30 juegos de pizza mantener en la caja de papel que almacena dentro de la m\u00e1quina, mantener la temperatura <\/span><span style=\"font-family: arial, helvetica, sans-serif\">de -8\u2103 a 10\u2103.<\/span><\/span><\/p>\n<p style=\"margin-top:0;margin-right:0;margin-bottom:0;margin-left:0;text-indent:0;text-align:justify\"><span style=\"font-family: arial, helvetica, sans-serif;font-size: 18px\"><span style=\"font-family: arial, helvetica, sans-serif\"><br \/><\/span><\/span><\/p>\n<\/div>\n<\/div>\n<div class=\"graphic_pic animated wow bounceIn\" data-wow-delay=\".7s\">\n<p style=\"text-align:center\"><img loading=\"lazy\" decoding=\"async\" src=\"https:\/\/www.hommy.com\/wp-content\/uploads\/16097216543041.jpg\" alt=\"producto-Hommy-img\" title=\"\" width=\"300\" height=\"350\" border=\"0\" vspace=\"0\" style=\"width: 300px;height: 350px\"><\/p>\n<\/div>\n<\/div>\n<\/div>\n<\/div>\n<div class=\"d-tem01-graphic tem01-graphic mockup\" data-detail=\"wrap\">\n<div class=\"cont-section clearfix d-clearfix\">\n<div class=\"col-md-6 col-sm-6 col-xs-6\">\n<div class=\"right-p\">\n<div class=\"h2 heading\">\n<p><span style=\"font-family: arial, helvetica, sans-serif;font-size: 18px\"><span style=\"font-family: arial, helvetica, sans-serif;letter-spacing: 0px\">3.&nbsp;<\/span><span style=\"font-family: arial, helvetica, sans-serif\">El sistema de pago puede aceptar: moneda, billete, moneda de cambio, interfaz de tarjeta de cr\u00e9dito.<\/span><\/span><\/p>\n<p><span style=\"font-family: arial, helvetica, sans-serif;font-size: 18px\"><span style=\"font-family: arial, helvetica, sans-serif\"><br \/><\/span><\/span><\/p>\n<\/div>\n<\/div>\n<div class=\"graphic_pic animated wow bounceIn\" data-wow-delay=\".7s\">\n<p style=\"text-align:center\"><img loading=\"lazy\" decoding=\"async\" src=\"https:\/\/www.hommy.com\/wp-content\/uploads\/16097217475490.jpg\" alt=\"producto-Hommy-img\" title=\"\" width=\"350\" height=\"551\" border=\"0\" vspace=\"0\" style=\"width: 350px;height: 551px\"><\/p>\n<p><\/p>\n<p><\/p>\n<p><\/p>\n<h2 style=\"font-family: sans-serif\">\u00bfQu\u00e9 pa\u00edses tienen m\u00e1quinas expendedoras de pizza?<\/h2>\n<p style=\"margin-top: 5px;margin-bottom: 5px;font-family: sans-serif;font-size: 16px\">Las m\u00e1quinas expendedoras pueden ser muy eficaces si llegan a las masas.<\/p>\n<p style=\"margin-top: 5px;margin-bottom: 5px;font-family: sans-serif;font-size: 16px\">Muchos pa\u00edses tienen alg\u00fan tipo de m\u00e1quina expendedora que ofrece comida local e internacional, desde pizza hasta d\u00f6ner kebab. Muchos pa\u00edses tienen m\u00e1quinas expendedoras de pizza que es capaz de hacer tanto pizza de masa fina como gruesa. Estas m\u00e1quinas expendedoras pueden ser muy buenas si no est\u00e1n demasiado abarrotadas, aunque puede que no sean de f\u00e1cil acceso si la ubicaci\u00f3n es de dif\u00edcil acceso. Adem\u00e1s, la m\u00e1quina debe ser capaz de hacer la comida en un corto per\u00edodo de tiempo, ya que la m\u00e1quina son a menudo utilizados por los ni\u00f1os en edad escolar y, a menudo requiere comida r\u00e1pida.&nbsp;<\/p>\n<p style=\"margin-top: 5px;margin-bottom: 5px;font-family: sans-serif;font-size: 16px\"><\/p>\n<h2 style=\"font-family: sans-serif\">\u00bfSe puede ganar dinero con las m\u00e1quinas expendedoras?<\/h2>\n<p style=\"margin-top: 5px;margin-bottom: 5px;font-family: sans-serif;font-size: 16px\">Una m\u00e1quina expendedora es un equipo de venta al por menor que dispensa productos. Una m\u00e1quina expendedora contiene muchos tipos diferentes de productos, como aperitivos, bebidas, comidas y mucho m\u00e1s. Son una forma eficaz de hacer llegar productos a la gente de forma r\u00e1pida y c\u00f3moda. Lo m\u00e1s habitual es que se utilicen en establecimientos minoristas y escuelas para art\u00edculos como aperitivos, bebidas y otros productos similares que se pueden consumir en el momento.La historia de las m\u00e1quinas expendedoras es bastante interesante, empezando a finales del siglo XIX y principios del XX. En la d\u00e9cada de 1930 se utilizaban para vender refrescos y helados, lo que supuso un gran paso en la industria minorista. A finales de los sesenta y principios de los setenta, las m\u00e1quinas expendedoras se convirtieron en algo habitual en Estados Unidos, y se han extendido por todo el mundo.<\/p>\n<p style=\"margin-top: 5px;margin-bottom: 5px;font-family: sans-serif;font-size: 16px\"><\/p>\n<h2 style=\"font-family: sans-serif\">\u00bfQui\u00e9n fabrica las m\u00e1quinas expendedoras de pizza?<\/h2>\n<p style=\"margin-top: 5px;margin-bottom: 5px;font-family: sans-serif;font-size: 16px\">Existen dos tipos principales de m\u00e1quinas expendedoras. Una es la m\u00e1quina expendedora original, que vende cigarrillos, refrescos, cerveza, caramelos y, a veces, alimentos. El otro tipo de m\u00e1quina expendedora, y el m\u00e1s com\u00fan, es la m\u00e1quina expendedora de pizzas. Desde hace m\u00e1s de 15 a\u00f1os, las m\u00e1quinas expendedoras de pizza son una opci\u00f3n muy popular para los peque\u00f1os negocios e incluso para peque\u00f1as y grandes cadenas. Las m\u00e1quinas expendedoras de pizza, y su \u00e9xito, han sido un tema candente en la \u00faltima d\u00e9cada y muchas de las principales cadenas de pizzer\u00edas, e incluso algunas cadenas de pizzer\u00edas de cadenas m\u00e1s peque\u00f1as o regionales, han comprado y desplegado m\u00e1quinas expendedoras para su men\u00fa.<\/p>\n<\/div>\n<\/div>\n<div class=\"col-md-6 col-sm-6 col-xs-6\">\n<div class=\"right-p\">\n<div class=\"h2 heading\">\n<p><span style=\"font-family: arial, helvetica, sans-serif;font-size: 18px\">4. 4. Sistema de gesti\u00f3n remota por ordenador: consulta de detalles de ventas, recordatorios de escasez, recordatorio de aver\u00eda de la m\u00e1quina.<\/span><\/p>\n<p><span style=\"font-family: arial, helvetica, sans-serif;font-size: 18px\"><br \/><\/span><\/p>\n<\/div>\n<\/div>\n<div class=\"graphic_pic animated wow bounceIn\" data-wow-delay=\".7s\">\n<p style=\"text-align:center\"><img loading=\"lazy\" decoding=\"async\" src=\"https:\/\/www.hommy.com\/wp-content\/uploads\/16097217804233.png\" alt=\"producto-Hommy-img\" title=\"\" width=\"350\" height=\"551\" border=\"0\" vspace=\"0\" style=\"width: 350px;height: 551px\"><\/p>\n<\/div>\n<\/div>\n<\/div>\n<\/div><\/div>","protected":false},"excerpt":{"rendered":"<p>Frozen Pizza Vending Machine&nbsp; Frozen Pizza Vending Machine|Product specification|Product Features|Product Advantage &nbsp;&nbsp;&nbsp;&nbsp; We are a prominent name in this domain, holding a strong position among our competitors in the industry. The offered Pizza Vending Machine is highly appreciated for its quality, durability, low maintenance cost and reliability. This Pizza Vending Machine can be availed from [&hellip;]<\/p>\n","protected":false},"featured_media":199,"comment_status":"open","ping_status":"open","template":"","meta":{"_swt_meta_header_display":false,"_swt_meta_footer_display":false,"_swt_meta_site_title_display":false,"_swt_meta_sticky_header":false,"_swt_meta_transparent_header":false},"product_brand":[],"product_cat":[70,68],"product_tag":[],"class_list":{"0":"post-205","1":"product","2":"type-product","3":"status-publish","4":"has-post-thumbnail","6":"product_cat-pizza-vending-machine","7":"product_cat-vending-machine","9":"first","10":"instock","11":"shipping-taxable","12":"product-type-simple"},"_links":{"self":[{"href":"https:\/\/www.hommy.com\/es\/wp-json\/wp\/v2\/product\/205","targetHints":{"allow":["GET"]}}],"collection":[{"href":"https:\/\/www.hommy.com\/es\/wp-json\/wp\/v2\/product"}],"about":[{"href":"https:\/\/www.hommy.com\/es\/wp-json\/wp\/v2\/types\/product"}],"replies":[{"embeddable":true,"href":"https:\/\/www.hommy.com\/es\/wp-json\/wp\/v2\/comments?post=205"}],"wp:featuredmedia":[{"embeddable":true,"href":"https:\/\/www.hommy.com\/es\/wp-json\/wp\/v2\/media\/199"}],"wp:attachment":[{"href":"https:\/\/www.hommy.com\/es\/wp-json\/wp\/v2\/media?parent=205"}],"wp:term":[{"taxonomy":"product_brand","embeddable":true,"href":"https:\/\/www.hommy.com\/es\/wp-json\/wp\/v2\/product_brand?post=205"},{"taxonomy":"product_cat","embeddable":true,"href":"https:\/\/www.hommy.com\/es\/wp-json\/wp\/v2\/product_cat?post=205"},{"taxonomy":"product_tag","embeddable":true,"href":"https:\/\/www.hommy.com\/es\/wp-json\/wp\/v2\/product_tag?post=205"}],"curies":[{"name":"wp","href":"https:\/\/api.w.org\/{rel}","templated":true}]}}