{"id":198,"date":"2024-07-02T12:09:24","date_gmt":"2024-07-02T12:09:24","guid":{"rendered":"http:\/\/localhost\/hommywp\/pa-c6-touch-screen-automatic-pizza-vending-machine-for-college\/"},"modified":"2025-08-01T09:57:28","modified_gmt":"2025-08-01T09:57:28","slug":"pa-c6-maquina-expendedora-automatica-de-pizza","status":"publish","type":"product","link":"https:\/\/www.hommy.com\/es\/p\/pa-c6-maquina-expendedora-automatica-de-pizza\/","title":{"rendered":"Pa-C6 M\u00e1quina expendedora autom\u00e1tica de pizza con pantalla t\u00e1ctil para universidades"},"content":{"rendered":"<div>\n<p><\/p>\n<h1 style=\"text-align: center\"><span style=\"font-family: arial, helvetica, sans-serif\"><strong><span style=\"letter-spacing: 0px;font-size: 29px\"><a name=\"Automatic Infrared Heating Vending Pizza Machine\"><\/a>M\u00e1quina expendedora autom\u00e1tica de pizza por infrarrojos<\/span><\/strong><\/span><\/h1>\n<p style=\"text-align: center\"><span style=\"letter-spacing: 0px;font-family: arial, helvetica, sans-serif;font-size: 18px\"><a href=\"#Automatic Infrared Heating Vending Pizza Machine\" target=\"_self\" data-lv=\"0\" rel=\"noopener\">M\u00e1quina expendedora autom\u00e1tica de pizza por infrarrojos<\/a>|<a href=\"#Product Features\" target=\"_self\" data-lv=\"0\" rel=\"noopener\">Caracter\u00edsticas del producto<\/a>|<a href=\"#Product specification\" target=\"_self\" data-lv=\"0\" rel=\"noopener\">Especificaci\u00f3n del producto<\/a>|<a href=\"#Product Advantage\" target=\"_self\" data-lv=\"0\" rel=\"noopener\">Ventajas del producto<\/a><\/span><\/p>\n<p><\/p>\n<p style=\"text-align: center\">&nbsp;&nbsp;&nbsp;&nbsp;<\/p>\n<p>Contamos con un equipo cualificado de profesionales que fabrican estas m\u00e1quinas expendedoras de pizza con pantalla t\u00e1ctil en estricto cumplimiento de las normas industriales. Nos comprometemos a entregar estas m\u00e1quinas a los clientes a precios l\u00edderes en la industria. Los productos ofrecidos por nosotros son ampliamente reconocidos por su alta durabilidad, fiabilidad, facilidad de operaci\u00f3n y caracter\u00edsticas de alta seguridad. Los clientes pueden hacer uso de nosotros los productos que pueden ser operados automatizado en cualquiera de sus puntos de venta. Adem\u00e1s de esto, tambi\u00e9n ofrecemos soluciones personalizadas en forma de pantalla t\u00e1ctil modular m\u00e1quina expendedora de pizza.<\/p>\n<div class=\"d-tem01-graphic tem01-graphic mockup\" data-detail=\"wrap\">\n<div class=\"cont-section clearfix d-clearfix\">\n<div class=\"col-md-6 col-sm-6 col-xs-6\"><\/p>\n<div class=\"graphic_pic animated wow bounceIn\" data-wow-delay=\".7s\"><img decoding=\"async\" src=\"https:\/\/www.hommy.com\/wp-content\/uploads\/16064612268625.png\" alt=\"producto-Hommy-img\" title=\"\"><br \/>\n &nbsp; &nbsp; &nbsp; &nbsp; &nbsp; &nbsp;<\/div>\n<\/div>\n<div class=\"col-md-6 col-sm-6 col-xs-6\">\n<div class=\"right-p\">\n<div class=\"h2 heading\">\n<h1><strong><span style=\"letter-spacing: 0px;font-family: arial, helvetica, sans-serif;font-size: 24px\"><a name=\"Product Features\"><\/a>Caracter\u00edsticas del producto<\/span><\/strong><\/h1>\n<\/div>\n<div class=\"description\">\n<p><span style=\"font-size: 18px;font-family: arial, helvetica, sans-serif\">1. Pantalla de 55\" para promoci\u00f3n y funcionamiento de la pantalla de 15\" .<\/span><\/p>\n<p><span style=\"font-size: 18px;font-family: arial, helvetica, sans-serif\">2. El sistema de pago puede aceptar: moneda, billete, moneda Exchang, interfaz de tarjeta de cr\u00e9dito.<\/span><\/p>\n<p><span style=\"font-size: 18px;font-family: arial, helvetica, sans-serif\">3. El congelador interior puede mantener 48pcs 10 \"pizza y mantener la temperatura de -8\u2103 a 10\u2103. <\/span><\/p>\n<p><span style=\"font-size: 18px;font-family: arial, helvetica, sans-serif\">4. La m\u00e1quina dentro de mantener 48 cajas de papel conjunto .<\/span><\/p>\n<p><span style=\"font-size: 18px;font-family: arial, helvetica, sans-serif\">5. Placa de control avanzada de la PC, funci\u00f3n bien programada y funcionamiento estable.<\/span><\/p>\n<p><span style=\"font-size: 18px;font-family: arial, helvetica, sans-serif\">6. El congelador interior tiene pantalla de publicidad de mayor tama\u00f1o y funci\u00f3n de pasteurizaci\u00f3n. <\/span><\/p>\n<p style=\"margin-left:0;text-indent:0\"><span style=\"font-size: 18px;font-family: arial, helvetica, sans-serif\">7. La temperatura del congelador se puede configurar en base a diferentes productos, con la funci\u00f3n de descongelaci\u00f3n autom\u00e1tica, para asegurar que la m\u00e1quina en alta temperatura y alta humedad tiempo en condiciones normales de funcionamiento;<\/span><\/p>\n<p style=\"margin-left:0;text-indent:0\"><span style=\"letter-spacing: 0px;font-size: 18px;font-family: arial, helvetica, sans-serif\">8. Temperatura de calentamiento por infrarrojos <span style=\"letter-spacing: 0px;font-size: 18px;font-family: \u5b8b\u4f53\">\uff1a<\/span>60-300\u2103 necesitan 45-55 segundos para hornear una pizza.<\/span><\/p>\n<p style=\"margin-left:0;text-indent:0\"><span style=\"letter-spacing: 0px;font-size: 18px;font-family: arial, helvetica, sans-serif\">9.  Tama\u00f1o de la casa de infrarrojos :400X400X300mm y potencia :3000W . <\/span><\/p>\n<p style=\"margin-left:0;text-indent:0\"><span style=\"font-size: 18px;font-family: arial, helvetica, sans-serif\">10. Hay una funci\u00f3n de protecci\u00f3n contra fallos de alimentaci\u00f3n, la m\u00e1quina sigue mostrando el poder de estado, tiene la funci\u00f3n de memoria, la funci\u00f3n de protecci\u00f3n contra fugas de sobrecarga, garantizar el funcionamiento seguro de la m\u00e1quina. <\/span><\/p>\n<p style=\"margin-top:0;margin-right:0;margin-bottom:0;margin-left:0;text-indent:0;text-align:justify\"><span style=\"letter-spacing: 0px;font-size: 18px;font-family: arial, helvetica, sans-serif\">11. El lenguaje puede basarse en diferentes pa\u00edses para ajustarlo. <\/span><\/p>\n<p style=\"margin-top:0;margin-right:0;margin-bottom:0;margin-left:0;text-indent:0;text-align:justify\"><span style=\"letter-spacing: 0px;font-size: 18px;font-family: arial, helvetica, sans-serif\">12. Dentro de la m\u00e1quina se almacenan 48 juegos de pizza.<\/span><\/p>\n<p style=\"margin-left:0;text-indent:0\"><span style=\"font-size: 18px;font-family: arial, helvetica, sans-serif\">13. 13. Sistema de gesti\u00f3n remota por ordenador: consulta de detalles de ventas, recordatorio de falta de existencias, recordatorio de aver\u00eda de la m\u00e1quina.<\/span><\/p>\n<\/div>\n<\/div>\n<p>&nbsp; &nbsp; &nbsp; &nbsp; &nbsp; &nbsp;&nbsp;<\/p><\/div>\n<\/div>\n<\/div>\n<h1><span style=\"font-size: 24px\"><strong><span style=\"letter-spacing: 0px;font-family: arial, helvetica, sans-serif\"><a name=\"Product specification\"><\/a>Especificaci\u00f3n del producto<\/span><\/strong><\/span><\/h1>\n<p><strong><span style=\"letter-spacing: 0px;font-size: 29px;font-family: arial, helvetica, sans-serif\"><br \/><\/span><\/strong><\/p>\n<p><strong><span style=\"letter-spacing: 0px;font-size: 29px;font-family: arial, helvetica, sans-serif\"><img loading=\"lazy\" decoding=\"async\" src=\"https:\/\/www.hommy.com\/wp-content\/uploads\/16064598714551.png\" title=\"\" alt=\"producto-Hommy-img\" width=\"1000\" height=\"462\" border=\"0\" vspace=\"0\" style=\"width: 1000px;height: 462px\"><\/span><\/strong><\/p>\n<p><strong><span style=\"letter-spacing: 0px;font-size: 29px;font-family: arial, helvetica, sans-serif\"><br \/><\/span><\/strong><\/p>\n<p><strong><span style=\"letter-spacing: 0px;font-size: 29px;font-family: arial, helvetica, sans-serif\"><\/span><\/strong><\/p>\n<h1><span style=\"font-size: 24px\"><strong><span style=\"letter-spacing: 0px;font-family: arial, helvetica, sans-serif\">Ventajas del producto<\/span><\/strong><\/span><\/h1>\n<p><span style=\"font-family:\u5b8b\u4f53;letter-spacing:0;font-size:29px\"><\/span><\/p>\n<div class=\"d-tem01-graphic tem01-graphic mockup\" data-detail=\"wrap\">\n<div class=\"cont-section clearfix d-clearfix\">\n<div class=\"col-md-6 col-sm-6 col-xs-6\">\n<div class=\"right-p\">\n<div class=\"h2 heading\">\n<p><span style=\"font-size: 18px;font-family: arial, helvetica, sans-serif\">Pantalla de 1,55\" para promoci\u00f3n y funcionamiento con pantalla de 15\".<\/span><\/p>\n<p><span style=\"font-size: 18px;font-family: arial, helvetica, sans-serif\"><br \/><\/span><\/p>\n<p><span style=\"font-family:Calibri;font-size:21px\"><br \/><\/span><\/p>\n<\/div>\n<\/div>\n<div class=\"graphic_pic animated wow bounceIn\" data-wow-delay=\".7s\" style=\"text-align: center\"><img loading=\"lazy\" decoding=\"async\" src=\"https:\/\/www.hommy.com\/wp-content\/uploads\/16064607889486.jpg\" alt=\"producto-Hommy-img\" title=\"\" width=\"300\" height=\"583\" border=\"0\" vspace=\"0\" style=\"width: 300px;height: 583px\"><br \/>\n &nbsp; &nbsp; &nbsp; &nbsp; &nbsp; &nbsp;<\/div>\n<\/div>\n<div class=\"col-md-6 col-sm-6 col-xs-6\">\n<div class=\"right-p\">\n<p><span style=\"font-family: arial, helvetica, sans-serif;font-size: 18px\">2.<span style=\"font-family: arial, helvetica, sans-serif;letter-spacing: 0px\">Infrarrojos temperatura de calentamiento \uff1a60-300\u2103 necesidad de 45-55 segundos para hornear una pizza y el tama\u00f1o de la casa de infrarrojos: 400X400X300mm y potencia: 3000W .<\/span><\/span><\/p>\n<p><span style=\"font-family: arial, helvetica, sans-serif;font-size: 18px\"><span style=\"font-family: arial, helvetica, sans-serif;letter-spacing: 0px\"><br \/><\/span><\/span><\/p>\n<\/div>\n<div class=\"graphic_pic animated wow bounceIn\" data-wow-delay=\".7s\" style=\"text-align: center\"><img loading=\"lazy\" decoding=\"async\" src=\"https:\/\/www.hommy.com\/wp-content\/uploads\/16064607973919.jpg\" alt=\"producto-Hommy-img\" title=\"\" width=\"300\" height=\"583\" border=\"0\" vspace=\"0\" style=\"width: 300px;height: 583px\">&nbsp; &nbsp; &nbsp; &nbsp; &nbsp; &nbsp; &nbsp;<\/div>\n<\/div>\n<\/div>\n<\/div>\n<div class=\"d-tem01-graphic tem01-graphic mockup\" data-detail=\"wrap\">\n<div class=\"cont-section clearfix d-clearfix\">\n<div class=\"col-md-6 col-sm-6 col-xs-6\">\n<div class=\"right-p\">\n<p><span style=\"font-family: arial, helvetica, sans-serif;font-size: 18px\">3.<span style=\"font-family: arial, helvetica, sans-serif;text-align: justify;letter-spacing: 0px\">48 conjuntos de pizza se almacenan dentro de la m\u00e1quina, mantener la temperatura <\/span><span style=\"font-family: arial, helvetica, sans-serif;text-align: justify\">de -8\u2103 a 10\u2103.<\/span><\/span><\/p>\n<p><span style=\"text-align: justify;font-family: Calibri;font-size: 21px\"><br \/><\/span><\/p>\n<\/div>\n<div class=\"graphic_pic animated wow bounceIn\" data-wow-delay=\".7s\" style=\"text-align: center\"><img loading=\"lazy\" decoding=\"async\" src=\"https:\/\/www.hommy.com\/wp-content\/uploads\/16064608154132.png\" alt=\"product-PA-C6 M\u00e1quina expendedora autom\u00e1tica de pizza-Hommy-img\" title=\"\" width=\"300\" height=\"583\" border=\"0\" vspace=\"0\" style=\"width: 300px;height: 583px\"><br \/>\n &nbsp; &nbsp; &nbsp; &nbsp; &nbsp; &nbsp;<\/div>\n<\/div>\n<div class=\"col-md-6 col-sm-6 col-xs-6\">\n<div class=\"right-p\">\n<div class=\"h2 heading\">\n<p><span style=\"font-family: arial, helvetica, sans-serif;font-size: 18px\">4.The m\u00e1quina dentro de mantener 48 cajas de papel conjunto .<\/span><\/p>\n<p><span style=\"font-family:Calibri;font-size:21px\"><br \/><\/span><\/p>\n<\/div>\n<\/div>\n<div class=\"graphic_pic animated wow bounceIn\" data-wow-delay=\".7s\" style=\"text-align: center\"><img loading=\"lazy\" decoding=\"async\" src=\"https:\/\/www.hommy.com\/wp-content\/uploads\/16064608329874.png\" alt=\"product-Hommy-PA-C6 M\u00e1quina expendedora autom\u00e1tica de pizza-img\" title=\"\" width=\"300\" height=\"583\" border=\"0\" vspace=\"0\" style=\"width: 300px;height: 583px\">&nbsp; &nbsp; &nbsp; &nbsp; &nbsp; &nbsp; &nbsp;<\/div>\n<\/div>\n<\/div>\n<\/div>\n<div class=\"d-tem01-graphic tem01-graphic mockup\" data-detail=\"wrap\">\n<div class=\"cont-section clearfix d-clearfix\">\n<div class=\"col-md-6 col-sm-6 col-xs-6\">\n<div class=\"right-p\">\n<div class=\"h2 heading\">\n<p><span style=\"font-family: arial, helvetica, sans-serif;font-size: 18px\">5.El sistema de pago puede aceptar: moneda, billete, moneda Exchang, interfaz de tarjeta de cr\u00e9dito.<\/span><\/p>\n<p><span style=\"font-family:Calibri;font-size:21px\"><br \/><\/span><\/p>\n<\/div>\n<\/div>\n<p style=\"text-align: center\"><img loading=\"lazy\" decoding=\"async\" src=\"https:\/\/www.hommy.com\/wp-content\/uploads\/16064608579105.png\" alt=\"producto-Hommy-img-1\" title=\"\" width=\"300\" height=\"350\" border=\"0\" vspace=\"0\" style=\"width: 300px;height: 350px\">&nbsp; &nbsp; &nbsp; &nbsp; &nbsp; &nbsp; &nbsp;<\/p>\n<\/div>\n<div class=\"col-md-6 col-sm-6 col-xs-6\">\n<div class=\"right-p\">\n<div class=\"h2 heading\">\n<p><span style=\"font-family: arial, helvetica, sans-serif;font-size: 18px\">6. 6. Sistema de gesti\u00f3n remota por ordenador: consulta de detalles de ventas, recordatorio de faltas, recordatorio de aver\u00edas de la m\u00e1quina.<\/span><\/p>\n<p><span style=\"font-family:Calibri;font-size:21px\"><br \/><\/span><\/p>\n<\/div>\n<\/div>\n<p style=\"text-align: center\"><img loading=\"lazy\" decoding=\"async\" src=\"https:\/\/www.hommy.com\/wp-content\/uploads\/16064608773586.jpg\" alt=\"producto-Hommy-img-1\" title=\"\" width=\"400\" height=\"437\" border=\"0\" vspace=\"0\" style=\"width: 400px;height: 437px\">&nbsp; &nbsp; &nbsp; &nbsp; &nbsp; &nbsp; &nbsp;<\/p>\n<\/div>\n<\/div>\n<\/div>\n<p>Documento\uff1a<img decoding=\"async\" src=\"https:\/\/www.hommy.com\/wp-content\/uploads\/icon_pdf.gif\" style=\"margin-right: 2px\" alt=\"producto-Hommy-img-1\" title=\"\"><a href=\"https:\/\/img80002414.weyesimg.com\/uploads\/www.hommy.com\/addon\/16064611261775.pdf\" title=\"16064611261775.pdf\" style=\"font-size: 12px\">16064611261775.pdf<\/a><\/p>\n<h2>\u00bfQui\u00e9n fabrica las m\u00e1quinas expendedoras de pizza?<\/h2>\n<p style=\"margin-top: 5px;margin-bottom: 5px\">Hablaba con uno de mis socios, propietario de una de las mayores empresas de m\u00e1quinas expendedoras. Trabaja con empresas que tienen m\u00e1quinas que suministran las bebidas a diversos eventos y a menudo tienen m\u00e1quinas en el entorno corporativo para proporcionar a los empleados las bebidas que necesitan.<\/p>\n<p style=\"margin-top: 5px;margin-bottom: 5px\"><\/p>\n<h2>\u00bfDebo invertir en pizza Piestro?<\/h2>\n<p style=\"margin-top: 5px;margin-bottom: 5px\">Me pregunto si deber\u00eda comprar Piestro Pizza para invertir en ella. Despu\u00e9s de hablar con varios inversores creo que todos me dir\u00e1n que me lleve mi negocio a otra parte. \u00bfAlguien tiene alg\u00fan consejo que deber\u00eda mirar antes de decidir si debo invertir o no.La mejor manera es aprender a hacer dinero. Si puedes ganarte la vida con ello, entonces no hace falta invertir. Te sugiero que te informes en Internet sobre los fundamentos de la pizza (y otros negocios) y luego busques oportunidades de franquicia (lo mejor es buscarlas antes que nada). Hay tantas franquicias que deber\u00edas tener suerte. Llevo tres a\u00f1os dirigiendo una franquicia de Pizza Hut en California y hasta ahora me ha ido bastante bien, pero como todo en la vida, hay que dedicarle tiempo, aprender lo necesario y estar preparado para el \u00e9xito.<\/p>\n<p style=\"margin-top: 5px;margin-bottom: 5px\"><\/p>\n<h2>\u00bfCu\u00e1nto cuesta un horno de pizza comercial?<\/h2>\n<p style=\"margin-top: 5px;margin-bottom: 5px\">Un horno de pizza comercial puede costar entre $5.000 y $15.000, dependiendo de si el horno de pizza es lo suficientemente grande como para que quepa una de sus pizzas, hasta el tipo de horno de pizza que est\u00e9 buscando. Los hornos de pizza comerciales pueden utilizarse para muchos tipos de alimentos, no s\u00f3lo pizzas.Dependiendo del tama\u00f1o del horno de pizza que desee, puede ser desde un peque\u00f1o horno de sobremesa hasta grandes hornos de pizza comerciales. Los hornos de pizza comerciales m\u00e1s grandes disponibles en la actualidad son capaces de tomar una de sus pizzas, hornearla y colocarla sobre una superficie plana con facilidad. Algunos hornos de pizza comerciales tambi\u00e9n tienen la capacidad de calentar su comida mientras se est\u00e1 horneando.<\/p>\n<\/p><\/div>","protected":false},"excerpt":{"rendered":"<p>Automatic Infrared Heating Vending Pizza Machine Automatic Infrared Heating Vending Pizza Machine|Product Features|Product specification|Product Advantage &nbsp;&nbsp;&nbsp;&nbsp; We have a skilled team of professionals that manufacture these Touch Screen Pizza Vending Machines in strict adherence to industrial standards. We promise to deliver these machines to clients at industry leading prices. The products offered by us are [&hellip;]<\/p>\n","protected":false},"featured_media":189,"comment_status":"open","ping_status":"open","template":"","meta":{"_swt_meta_header_display":false,"_swt_meta_footer_display":false,"_swt_meta_site_title_display":false,"_swt_meta_sticky_header":false,"_swt_meta_transparent_header":false},"product_brand":[],"product_cat":[70,68],"product_tag":[],"class_list":{"0":"post-198","1":"product","2":"type-product","3":"status-publish","4":"has-post-thumbnail","6":"product_cat-pizza-vending-machine","7":"product_cat-vending-machine","9":"first","10":"instock","11":"shipping-taxable","12":"product-type-simple"},"_links":{"self":[{"href":"https:\/\/www.hommy.com\/es\/wp-json\/wp\/v2\/product\/198","targetHints":{"allow":["GET"]}}],"collection":[{"href":"https:\/\/www.hommy.com\/es\/wp-json\/wp\/v2\/product"}],"about":[{"href":"https:\/\/www.hommy.com\/es\/wp-json\/wp\/v2\/types\/product"}],"replies":[{"embeddable":true,"href":"https:\/\/www.hommy.com\/es\/wp-json\/wp\/v2\/comments?post=198"}],"wp:featuredmedia":[{"embeddable":true,"href":"https:\/\/www.hommy.com\/es\/wp-json\/wp\/v2\/media\/189"}],"wp:attachment":[{"href":"https:\/\/www.hommy.com\/es\/wp-json\/wp\/v2\/media?parent=198"}],"wp:term":[{"taxonomy":"product_brand","embeddable":true,"href":"https:\/\/www.hommy.com\/es\/wp-json\/wp\/v2\/product_brand?post=198"},{"taxonomy":"product_cat","embeddable":true,"href":"https:\/\/www.hommy.com\/es\/wp-json\/wp\/v2\/product_cat?post=198"},{"taxonomy":"product_tag","embeddable":true,"href":"https:\/\/www.hommy.com\/es\/wp-json\/wp\/v2\/product_tag?post=198"}],"curies":[{"name":"wp","href":"https:\/\/api.w.org\/{rel}","templated":true}]}}