{"id":188,"date":"2024-07-02T12:09:20","date_gmt":"2024-07-02T12:09:20","guid":{"rendered":"http:\/\/localhost\/hommywp\/pa-c6-b-with-roof-fully-automatic-pizza-vending-machine-price\/"},"modified":"2025-08-01T09:57:28","modified_gmt":"2025-08-01T09:57:28","slug":"pa-c6-b-con-techo-maquina-expendedora-automatica-de-pizza-precio","status":"publish","type":"product","link":"https:\/\/www.hommy.com\/es\/p\/pa-c6-b-con-techo-maquina-expendedora-automatica-de-pizza-precio\/","title":{"rendered":"Pa-C6-B Con Techo M\u00e1quina Expendedora de Pizza Autom\u00e1tica Precio"},"content":{"rendered":"<p style=\"text-align: center;\"><strong><span style=\"font-family: Calibri; font-size: 29px;\">negocio de m\u00e1quinas expendedoras de pizza<\/span><\/strong><\/p>\n<div class=\"epyt-video-wrapper\">\n<div  style=\"display: block; margin: 0px auto;\"  id=\"_ytid_18426\"  width=\"800\" height=\"450\"  data-origwidth=\"800\" data-origheight=\"450\"  data-relstop=\"1\" data-facadesrc=\"https:\/\/www.youtube.com\/embed\/uVsIe_11_mE?enablejsapi=1&#038;autoplay=0&#038;cc_load_policy=0&#038;cc_lang_pref=&#038;iv_load_policy=1&#038;loop=0&#038;rel=0&#038;fs=1&#038;playsinline=0&#038;autohide=2&#038;theme=dark&#038;color=red&#038;controls=1&#038;disablekb=0&#038;\" class=\"__youtube_prefs__ epyt-facade epyt-is-override  no-lazyload\" data-epautoplay=\"1\" ><img decoding=\"async\" data-spai-excluded=\"true\" class=\"epyt-facade-poster skip-lazy\" loading=\"lazy\" alt=\"Reproductor de YouTube\" src=\"https:\/\/i.ytimg.com\/vi\/uVsIe_11_mE\/maxresdefault.jpg\" title=\"\"><button class=\"epyt-facade-play\" aria-label=\"Jugar\"><svg data-no-lazy=\"1\" height=\"100%\" version=\"1.1\" viewbox=\"0 0 68 48\" width=\"100%\"><path class=\"ytp-large-play-button-bg\" d=\"M66.52,7.74c-0.78-2.93-2.49-5.41-5.42-6.19C55.79,.13,34,0,34,0S12.21,.13,6.9,1.55 C3.97,2.33,2.27,4.81,1.48,7.74C0.06,13.05,0,24,0,24s0.06,10.95,1.48,16.26c0.78,2.93,2.49,5.41,5.42,6.19 C12.21,47.87,34,48,34,48s21.79-0.13,27.1-1.55c2.93-0.78,4.64-3.26,5.42-6.19C67.94,34.95,68,24,68,24S67.94,13.05,66.52,7.74z\" fill=\"#f00\"><\/path><path d=\"M 45,24 27,14 27,34\" fill=\"#fff\"><\/path><\/svg><\/button><\/div>\n<\/div>\n<p>Estos se fabrican con calidad comprobada materia prima utilizando tecnolog\u00eda de primera calidad. Con nosotros, usted puede hacer uso de prima Pizza expendedoras Precio de la m\u00e1quina. Adem\u00e1s, nuestra gama ofrecida de m\u00e1quinas est\u00e1 disponible en diferentes especificaciones, usted puede comprar las m\u00e1quinas mejores y asequibles para su negocio.<\/p>\n<p><strong><span style=\"font-family: \u5b8b\u4f53; font-size: 29px;\">Producto <\/span><span style=\"font-family: \u5b8b\u4f53; font-size: 29px;\">especificaci\u00f3n\uff1a<\/span><\/strong><\/p>\n<p><strong><span style=\"font-family: \u5b8b\u4f53; font-size: 29px;\"><img loading=\"lazy\" decoding=\"async\" style=\"height: 961px; width: 800px;\" title=\"\" src=\"https:\/\/www.hommy.com\/wp-content\/uploads\/16428200333753-4.jpg\" alt=\"product-Hommy-PA-C6-B con techo m\u00e1quina expendedora autom\u00e1tica de pizza price-img\" width=\"800\" height=\"961\" border=\"0\" vspace=\"0\"><\/span><\/strong><\/p>\n<p>&nbsp;<\/p>\n<p><img decoding=\"async\" src=\"https:\/\/www.hommy.com\/wp-content\/uploads\/16428201553858-4.jpg\" alt=\"producto-Hommy-img\" title=\"\"><\/p>\n<p><img loading=\"lazy\" decoding=\"async\" style=\"width: 800px; height: 890px;\" title=\"\" src=\"https:\/\/www.hommy.com\/wp-content\/uploads\/16428200313238-4.jpg\" alt=\"producto-Hommy-img\" width=\"800\" height=\"890\" border=\"0\" vspace=\"0\"><\/p>\n<p><img decoding=\"async\" src=\"https:\/\/www.hommy.com\/wp-content\/uploads\/16428201485643-4.jpg\" alt=\"producto-Hommy-img\" title=\"\"><\/p>\n<p>&nbsp;<\/p>\n<p>&nbsp;<\/p>\n<p><img decoding=\"async\" src=\"https:\/\/www.hommy.com\/wp-content\/uploads\/16427514456587.jpg\" alt=\"producto-Hommy-img\" title=\"\"><\/p>\n<p style=\"margin-bottom: 0; text-align: justify;\"><strong><span style=\"font-family: \u5b8b\u4f53; font-size: 29px;\">Caracter\u00edsticas del producto:<\/span><\/strong><\/p>\n<p><span style=\"font-family: Calibri; font-size: 21px;\">1.\u00a0<\/span><span style=\"font-family: Calibri; font-size: 21px;\">Pantalla de 32\" para la promoci\u00f3n y funcionamiento de la pantalla de 10,5\" .<\/span><\/p>\n<p><span style=\"font-family: Calibri; font-size: 21px;\">2.\u00a0<\/span><span style=\"font-family: Calibri; font-size: 21px;\">El sistema de pago puede aceptar: moneda, billete, moneda de cambio, interfaz de tarjeta de cr\u00e9dito.<\/span><\/p>\n<p><span style=\"font-family: Calibri; font-size: 21px;\">3.\u00a0<\/span><span style=\"font-family: Calibri; font-size: 21px;\">El congelador de la m\u00e1quina expendedora de pizza en el interior puede mantener 88pcs 12 \"pizza y mantener la temperatura de 10<\/span><span style=\"font-family: Calibri; font-size: 21px;\">\u2103<\/span><span style=\"font-family: Calibri; font-size: 21px;\">\u00a0a -18<\/span><span style=\"font-family: Calibri; font-size: 21px;\">\u2103<\/span><span style=\"font-family: Calibri; font-size: 21px;\">. <\/span><\/p>\n<p><span style=\"font-family: Calibri; font-size: 21px;\">4.\u00a0<\/span><span style=\"font-family: Calibri; font-size: 21px;\">La m\u00e1quina en el interior mantener 88 cajas de papel conjunto .<\/span><\/p>\n<p><span style=\"font-family: Calibri; font-size: 21px;\">5.\u00a0<\/span><span style=\"font-family: Calibri; font-size: 21px;\">Tarjeta de control avanzada, funci\u00f3n bien programada y funcionamiento estable.<\/span><\/p>\n<p><span style=\"font-family: Calibri; font-size: 21px;\">6.\u00a0<\/span><span style=\"font-family: Calibri; font-size: 21px;\">Almacenamos autom\u00e1ticamente los datos de los productos en el almac\u00e9n mediante el escaneado de c\u00f3digos QR. Para cada producto, establecemos un c\u00f3digo QR. Puede conocer claramente el tiempo de producci\u00f3n y la fecha de caducidad del producto, por lo que puede rastrear el paradero del producto. Cuando al producto le falten dos d\u00edas para la fecha de caducidad, nuestro sistema le ayudar\u00e1 autom\u00e1ticamente a vender hasta la venta. Cuando el producto haya superado la fecha de caducidad, el sistema dejar\u00e1 de venderlo autom\u00e1ticamente para garantizar la calidad y la seguridad. <\/span><\/p>\n<p><span style=\"font-family: Calibri; font-size: 21px;\">7.\u00a0<\/span><span style=\"font-family: Calibri; font-size: 21px;\">La temperatura del congelador se puede configurar en base a diferentes productos, con funci\u00f3n de descongelaci\u00f3n autom\u00e1tica, para asegurar que la m\u00e1quina en alta temperatura y alta humedad tiempo en condiciones normales de funcionamiento;<\/span><\/p>\n<p><span style=\"font-family: Calibri; font-size: 21px;\">8.\u00a0<\/span><span style=\"font-family: Calibri; font-size: 21px;\">Temperatura de calentamiento por infrarrojos <span style=\"font-family: \u5b8b\u4f53;\">\uff1a<\/span><span style=\"font-family: Calibri;\">60-300\u2103 necesita 3-5 minutos para hornear una pizza.<\/span><\/span><\/p>\n<p><span style=\"font-family: Calibri; font-size: 21px;\">9.\u00a0<\/span><span style=\"font-family: Calibri; font-size: 21px;\">\u00a0Tama\u00f1o de la casa de infrarrojos :400X400X300mm y potencia :3000W . <\/span><\/p>\n<p><span style=\"font-family: Calibri; font-size: 21px;\">10.\u00a0<\/span><span style=\"font-family: Calibri; font-size: 21px;\">Hay una funci\u00f3n de protecci\u00f3n contra fallos de alimentaci\u00f3n, la m\u00e1quina sigue mostrando el poder de estado, tiene la funci\u00f3n de memoria, la funci\u00f3n de protecci\u00f3n contra fugas de sobrecarga, garantizar el funcionamiento seguro de la m\u00e1quina. <\/span><\/p>\n<p style=\"margin-bottom: 0; text-align: justify;\"><span style=\"font-family: Calibri; font-size: 21px;\">11.\u00a0<\/span><span style=\"font-family: Calibri; font-size: 21px;\">El idioma puede adaptarse a los distintos pa\u00edses. <\/span><\/p>\n<p><span style=\"font-family: Calibri; font-size: 21px;\">12.\u00a0<\/span><span style=\"font-family: Calibri; font-size: 21px;\">Se ha a\u00f1adido una funci\u00f3n autom\u00e1tica de ahorro de energ\u00eda. La m\u00e1quina a\u00f1ade dos periodos de tiempo para el almuerzo y la cena. La m\u00e1quina se precalentar\u00e1 autom\u00e1ticamente a la temperatura que usted establezca entre 80 y 100 grados. Cuando el cliente pague, la m\u00e1quina se calentar\u00e1 autom\u00e1ticamente, con lo que se reduce el tiempo de horneado, se acelera la velocidad de venta y no es necesario precalentar todo el d\u00eda. reducir costes.<\/span><\/p>\n<p><span style=\"font-family: Calibri; font-size: 21px;\">13.\u00a0<\/span><span style=\"font-family: Calibri; font-size: 21px;\">Sistema de gesti\u00f3n remota por ordenador: consulta de detalles de ventas, recordatorios de escasez, recordatorio de fallo de la m\u00e1quina, que puede ahorrar m\u00e1s costes de mano de obra, la m\u00e1quina expendedora de pizza hommy a\u00f1ade m\u00e1s funci\u00f3n humanizada.<\/span><\/p>\n<p><span style=\"font-family: Calibri; font-size: 21px;\">14.\u00a0<\/span><span style=\"font-family: Calibri; font-size: 21px;\">los infrarrojos en el interior tienen arriba y abajo de la temperatura para que usted pueda ajustar la base en diferentes sabores de pizza para la temperatura y el tiempo de cocci\u00f3n .<\/span><\/p>\n<p><span style=\"font-family: Calibri; font-size: 21px;\">15.\u00a0<\/span><span style=\"font-family: Calibri; font-size: 21px;\">La m\u00e1quina realiza un seguimiento de la temperatura del congelador durante 24 horas. Cuando la temperatura no alcanza el est\u00e1ndar establecido, se lo recuerda autom\u00e1ticamente para garantizar que la pizza no se deteriore y cumpla las normas de seguridad e higiene del producto.<\/span><\/p>\n<p><span style=\"font-family: Calibri; font-size: 21px;\">\u00a0<\/span><\/p>\n<p style=\"margin-bottom: 0; text-align: justify;\"><strong><span style=\"font-family: \u5b8b\u4f53; font-size: 29px;\">\u00a0<\/span><\/strong><\/p>\n<p><strong><span style=\"font-family: \u5b8b\u4f53; font-size: 29px;\">Ventaja del producto:<\/span><\/strong><\/p>\n<p><span style=\"font-family: Calibri; font-size: 21px;\">1.\u00a0<\/span><span style=\"font-family: Calibri; font-size: 21px;\">Temperatura de calentamiento por infrarrojos <span style=\"font-family: \u5b8b\u4f53;\">\uff1a<\/span><span style=\"font-family: Calibri;\">60-300\u2103 necesita 3-5 minutos para hornear una pizza<\/span><\/span><span style=\"font-family: \u5b8b\u4f53; font-size: 21px;\">\u00a0y <\/span><span style=\"font-family: Calibri; font-size: 21px;\">Tama\u00f1o de la casa de infrarrojos :400X400X300mm y potencia :3000W . <\/span><\/p>\n<p><img loading=\"lazy\" decoding=\"async\" style=\"width: 350px; height: 1440px;\" title=\"\" src=\"https:\/\/www.hommy.com\/wp-content\/uploads\/16427515605998.jpg\" alt=\"product-PA-C6-B con techo m\u00e1quina expendedora autom\u00e1tica de pizza price-Hommy-img\" width=\"350\" height=\"1440\" border=\"0\" vspace=\"0\"><\/p>\n<p style=\"margin-bottom: 0; text-align: justify;\"><span style=\"font-family: Calibri; font-size: 21px;\">2.\u00a0<\/span><span style=\"font-family: Calibri; font-size: 21px;\">Si utilizas una sart\u00e9n de aluminio para cocinar, puedes calentar el fondo de la pizza de forma m\u00e1s uniforme, y la pizza que sale es m\u00e1s deliciosa.<\/span><\/p>\n<p style=\"margin-bottom: 0; text-align: justify;\"><img decoding=\"async\" src=\"https:\/\/www.hommy.com\/wp-content\/uploads\/16427516009268.jpg\" alt=\"product-Hommy-PA-C6-B con techo m\u00e1quina expendedora autom\u00e1tica de pizza price-img-1\" title=\"\"><\/p>\n<p><span style=\"font-family: Calibri; font-size: 21px;\">4.<\/span><span style=\"font-family: Calibri; font-size: 16px;\">\u00a0<\/span><span style=\"font-family: Calibri; font-size: 21px;\">Almacenamos autom\u00e1ticamente los datos de los productos en el almac\u00e9n mediante el escaneado de c\u00f3digos QR. Para cada producto, establecemos un c\u00f3digo QR. Puede conocer claramente el tiempo de producci\u00f3n y la fecha de caducidad del producto, por lo que puede rastrear el paradero del producto. Cuando al producto le falten dos d\u00edas para la fecha de caducidad, nuestro sistema le ayudar\u00e1 autom\u00e1ticamente a vender hasta la venta. Cuando el producto haya superado la fecha de caducidad, el sistema dejar\u00e1 de venderlo autom\u00e1ticamente para garantizar la calidad y la seguridad.<\/span><\/p>\n<p style=\"vertical-align: baseline;\"><img decoding=\"async\" src=\"https:\/\/www.hommy.com\/wp-content\/uploads\/16427516171266.png\" alt=\"producto-Hommy-img-1\" title=\"\"><\/p>\n<p><span style=\"font-family: \u5b8b\u4f53; font-size: 20px;\">5.<\/span><span style=\"font-family: Calibri; font-size: 21px;\">El sistema de pago puede aceptar: moneda, billete, moneda de cambio, interfaz de tarjeta de cr\u00e9dito.<\/span><\/p>\n<p style=\"vertical-align: baseline;\"><img loading=\"lazy\" decoding=\"async\" style=\"width: 350px; height: 546px;\" title=\"\" src=\"https:\/\/www.hommy.com\/wp-content\/uploads\/16427516657622.png\" alt=\"producto-Hommy-img-1\" width=\"350\" height=\"546\" border=\"0\" vspace=\"0\"><\/p>\n<p><span style=\"font-family: Calibri; font-size: 21px;\">6.\u00a0<\/span><span style=\"font-family: Calibri; font-size: 21px;\">Sistema inform\u00e1tico de gesti\u00f3n a distancia: consulta de detalles de ventas, recordatorio de faltas, recordatorio de aver\u00edas de m\u00e1quinas.<\/span><\/p>\n<p style=\"vertical-align: baseline;\"><img decoding=\"async\" src=\"https:\/\/www.hommy.com\/wp-content\/uploads\/16427517237781.jpg\" alt=\"producto-Hommy-img-1\" title=\"\"><\/p>\n<p style=\"vertical-align: baseline;\"><span style=\"font-family: Calibri; font-size: 20px;\">7.\u00a0<\/span><span style=\"font-family: Calibri; font-size: 20px;\">\u00a0Horno dentro del calentador que es el control independiente para el tiempo y la temperatura . que puede basarse en diferentes <\/span><\/p>\n<p style=\"vertical-align: baseline;\"><span style=\"font-family: Calibri; font-size: 20px;\">Sabor ajustarlo . <\/span><\/p>\n<p style=\"vertical-align: baseline;\"><img loading=\"lazy\" decoding=\"async\" style=\"width: 350px; height: 254px;\" title=\"\" src=\"https:\/\/www.hommy.com\/wp-content\/uploads\/16427517719866.png\" alt=\"producto-Hommy-img-1\" width=\"350\" height=\"254\" border=\"0\" vspace=\"0\"><\/p>\n<p style=\"vertical-align: baseline;\"><span style=\"font-family: \u5b8b\u4f53; font-size: 20px;\">8.<\/span><span style=\"font-family: Calibri; font-size: 20px;\">M\u00e1quina expendedora de pizza en el interior uso caja de pizza base en la m\u00e1quina para el dise\u00f1o y se puede mantener en el congelador -18C .we uso material de baja resistencia a la temperatura . <\/span><\/p>\n<p style=\"vertical-align: baseline;\"><img loading=\"lazy\" decoding=\"async\" style=\"width: 350px; height: 328px;\" title=\"\" src=\"https:\/\/www.hommy.com\/wp-content\/uploads\/16427517943140.png\" alt=\"product-PA-C6-B con techo m\u00e1quina expendedora autom\u00e1tica de pizza price-Hommy-img-1\" width=\"350\" height=\"328\" border=\"0\" vspace=\"0\"><\/p>\n<p style=\"vertical-align: baseline;\"><span style=\"font-family: Calibri; font-size: 20px;\">9.\u00a0<\/span><span style=\"font-family: Calibri; font-size: 20px;\">\u00a0Tiene dos tipos de techo para que usted elija A y B, este techo puede bloquear el viento, la lluvia, la nieve.<\/span><\/p>\n<p style=\"vertical-align: baseline;\"><img loading=\"lazy\" decoding=\"async\" style=\"width: 650px; height: 353px;\" title=\"\" src=\"https:\/\/www.hommy.com\/wp-content\/uploads\/16427518398896.png\" alt=\"product-Hommy-PA-C6-B con techo m\u00e1quina expendedora autom\u00e1tica de pizza price-img-2\" width=\"650\" height=\"353\" border=\"0\" vspace=\"0\"><\/p>\n<p style=\"vertical-align: baseline;\"><span style=\"font-family: Calibri; font-size: 20px;\">10.\u00a0<\/span><span style=\"font-family: Calibri; font-size: 20px;\">Estamos OEM bienvenida para su logotipo <\/span><\/p>\n<p style=\"vertical-align: baseline;\"><img decoding=\"async\" src=\"https:\/\/www.hommy.com\/wp-content\/uploads\/16427519343463.png\" alt=\"producto-Hommy-img-2\" title=\"\"><\/p>\n<p><span style=\"font-family: \u5b8b\u4f53; font-size: 29px;\">\u00a0<\/span><\/p>\n<h2>\u00bfCu\u00e1ntas pizzas se pueden hacer en una hora?<\/h2>\n<p style=\"margin-top: 5px; margin-bottom: 5px;\">\n<p style=\"margin-top: 5px; margin-bottom: 5px;\">Durante toda la semana y a lo largo del verano, puedes preparar hasta 6 pizzas en 30 minutos por el precio de unos minutos de ver c\u00f3mo se seca la pintura. Usamos ingredientes variados y hemos preparado men\u00fas para una semana.<\/p>\n<p style=\"margin-top: 5px; margin-bottom: 5px;\">\n<p style=\"margin-top: 5px; margin-bottom: 5px;\">\n<h2>\u00bfCu\u00e1nta electricidad consume un horno de pizza?<\/h2>\n<p style=\"margin-top: 5px; margin-bottom: 5px;\">\n<p style=\"margin-top: 5px; margin-bottom: 5px;\">La pizza es una de las comidas m\u00e1s populares de Estados Unidos, pero cuando se trata de hornos para pizza, la gente no siempre sabe lo que est\u00e1 buscando. Por eso he elaborado esta Gu\u00eda de compra de hornos de pizza para principiantes. Empecemos por la pregunta b\u00e1sica de cu\u00e1nta electricidad consume un horno para pizzas.<\/p>\n<p style=\"margin-top: 5px; margin-bottom: 5px;\">\n<h2>\u00bfQu\u00e9 tipo de horno de pizza utiliza Dominos?<\/h2>\n<p style=\"margin-top: 5px; margin-bottom: 5px;\">\n<p style=\"margin-top: 5px; margin-bottom: 5px;\">A:<\/p>\n<p style=\"margin-top: 5px; margin-bottom: 5px;\">\n<p style=\"margin-top: 5px; margin-bottom: 5px;\">Este horno es muy parecido al de esta foto.  Se trata de un horno de pizza de pie fabricado por una empresa llamada Leitz &amp; Kluge.<\/p>\n<p style=\"margin-top: 5px; margin-bottom: 5px;\">Este horno se ha utilizado en el pasado para hacer pizzas para Pizza Hut.<\/p>\n<p style=\"margin-top: 5px; margin-bottom: 5px;\">\n<p style=\"margin-top: 5px; margin-bottom: 5px;\">Un ejecutivo de Pizza Hut me ha dicho que llevan a\u00f1os haciendo pizzas en este horno.  Tambi\u00e9n he o\u00eddo que la masa de la pizza en este horno es mucho m\u00e1s fina que la t\u00edpica masa fina.<\/p>","protected":false},"excerpt":{"rendered":"<p>pizza vending machine business These are fabricated using quality checked raw material using premium technology. With us, you can avail premium Pizza Vending Machine Price. Further, our offered range of machines is available in different specifications, you can buy the best and affordable machines for your business. Product specification\uff1a &nbsp; &nbsp; &nbsp; Product Features: 1.\u00a032\u201d [&hellip;]<\/p>\n","protected":false},"featured_media":1963,"comment_status":"closed","ping_status":"closed","template":"","meta":{"_swt_meta_header_display":false,"_swt_meta_footer_display":false,"_swt_meta_site_title_display":false,"_swt_meta_sticky_header":false,"_swt_meta_transparent_header":false},"product_brand":[],"product_cat":[70,68],"product_tag":[],"class_list":{"0":"post-188","1":"product","2":"type-product","3":"status-publish","4":"has-post-thumbnail","6":"product_cat-pizza-vending-machine","7":"product_cat-vending-machine","9":"first","10":"instock","11":"shipping-taxable","12":"product-type-simple"},"_links":{"self":[{"href":"https:\/\/www.hommy.com\/es\/wp-json\/wp\/v2\/product\/188","targetHints":{"allow":["GET"]}}],"collection":[{"href":"https:\/\/www.hommy.com\/es\/wp-json\/wp\/v2\/product"}],"about":[{"href":"https:\/\/www.hommy.com\/es\/wp-json\/wp\/v2\/types\/product"}],"replies":[{"embeddable":true,"href":"https:\/\/www.hommy.com\/es\/wp-json\/wp\/v2\/comments?post=188"}],"wp:featuredmedia":[{"embeddable":true,"href":"https:\/\/www.hommy.com\/es\/wp-json\/wp\/v2\/media\/1963"}],"wp:attachment":[{"href":"https:\/\/www.hommy.com\/es\/wp-json\/wp\/v2\/media?parent=188"}],"wp:term":[{"taxonomy":"product_brand","embeddable":true,"href":"https:\/\/www.hommy.com\/es\/wp-json\/wp\/v2\/product_brand?post=188"},{"taxonomy":"product_cat","embeddable":true,"href":"https:\/\/www.hommy.com\/es\/wp-json\/wp\/v2\/product_cat?post=188"},{"taxonomy":"product_tag","embeddable":true,"href":"https:\/\/www.hommy.com\/es\/wp-json\/wp\/v2\/product_tag?post=188"}],"curies":[{"name":"wp","href":"https:\/\/api.w.org\/{rel}","templated":true}]}}