{"id":134,"date":"2024-07-02T12:08:46","date_gmt":"2024-07-02T12:08:46","guid":{"rendered":"http:\/\/localhost\/hommywp\/pa-c6-a-pizza-vending-machine-with-roof-franchise-business\/"},"modified":"2025-08-01T09:57:26","modified_gmt":"2025-08-01T09:57:26","slug":"pa-c6-a-con-techo","status":"publish","type":"product","link":"https:\/\/www.hommy.com\/es\/p\/pa-c6-a-con-techo\/","title":{"rendered":"Pa-C6-A M\u00e1quina Expendedora de Pizza Con Techo Negocio de Franquicia"},"content":{"rendered":"<div>\n<p style=\"margin-bottom:0;text-align:justify\"><\/p>\n<p style=\"text-align: center\"><strong><span style=\"font-family:Calibri;font-size:29px\">let's pizza vending machine precio<\/span><\/strong><span style=\"font-family:Calibri;font-size:29px\"> <\/span><\/p>\n<p style=\"text-align: center\"><span style=\"font-family:Calibri;font-size:29px\"><a href=\"https:\/\/youtu.be\/uVsIe_11_mE\" rel=\"nofollow noopener\" target=\"_blank\">https:\/\/youtu.be\/uVsIe_11_mE<\/a> <\/span><\/p>\n<p>Nuestra m\u00e1quina expendedora de pizza es extremadamente duradera y est\u00e1 dise\u00f1ada para garantizar que la m\u00e1quina dure a\u00f1os. Se fabrica utilizando componentes de calidad y el dise\u00f1o es tal que es f\u00e1cil de usar y los vendedores de pizza son f\u00e1ciles de limpiar. Esta M\u00e1quina Expendedora de Pizza es conocida por su f\u00e1cil operaci\u00f3n, bajo mantenimiento y lo m\u00e1s importante, puede ser operada a un bajo costo.<\/p>\n<p><strong><span style=\"font-family: \u5b8b\u4f53;font-size: 29px\">Producto&nbsp;<\/span><span style=\"font-family: \u5b8b\u4f53;font-size: 29px\">especificaci\u00f3n\uff1a<\/span><\/strong><\/p>\n<p><strong><span style=\"font-family: \u5b8b\u4f53;font-size: 29px\"><img loading=\"lazy\" decoding=\"async\" src=\"https:\/\/www.hommy.com\/wp-content\/uploads\/16428200333753.jpg\" title=\"\" alt=\"producto-Hommy-img\" width=\"800\" height=\"961\" border=\"0\" vspace=\"0\" style=\"height: 961px;width: 800px\"><\/span><\/strong><\/p>\n<p><strong><span style=\"font-family: \u5b8b\u4f53;font-size: 29px\"><\/span><\/strong><\/p>\n<p><img decoding=\"async\" src=\"https:\/\/www.hommy.com\/wp-content\/uploads\/16428201553858.jpg\" alt=\"producto-Hommy-img\" title=\"\"><\/p>\n<p><img loading=\"lazy\" decoding=\"async\" src=\"https:\/\/www.hommy.com\/wp-content\/uploads\/16428200313238.jpg\" title=\"\" alt=\"product-PA-C6-A con techo-Hommy-img\" width=\"800\" height=\"890\" border=\"0\" vspace=\"0\" style=\"height: 890px;width: 800px\"><\/p>\n<p><img decoding=\"async\" src=\"https:\/\/www.hommy.com\/wp-content\/uploads\/16428201485643.jpg\" alt=\"product-Hommy-PA-C6-A con techo-img\" title=\"\"><\/p>\n<p><\/p>\n<p style=\"margin-bottom:0;text-align:justify\"><\/p>\n<p style=\"margin-bottom:0;text-align:justify\"><strong><span style=\"font-family:\u5b8b\u4f53;font-size:29px\"><img decoding=\"async\" src=\"https:\/\/www.hommy.com\/wp-content\/uploads\/16427494745284.jpg\" alt=\"product-Hommy-PA-C6-A con techo-img\" title=\"\"><\/span><\/strong><\/p>\n<p style=\"margin-bottom:0;text-align:justify\"><strong><span style=\"font-family:\u5b8b\u4f53;font-size:29px\">Caracter\u00edsticas del producto:<\/span><\/strong><span style=\"font-family:\u5b8b\u4f53;font-size:29px\"> <\/span><\/p>\n<p><span style=\"font-family:Calibri;font-size:21px\">1.&nbsp;<\/span><span style=\"font-family:Calibri;font-size:21px\">Pantalla de 32\" para la promoci\u00f3n y funcionamiento de la pantalla de 10,5\" .<\/span><\/p>\n<p><span style=\"font-family:Calibri;font-size:21px\">2.&nbsp;<\/span><span style=\"font-family:Calibri;font-size:21px\">El sistema de pago puede aceptar: moneda, billete, moneda de cambio, interfaz de tarjeta de cr\u00e9dito.<\/span><\/p>\n<p><span style=\"font-family:Calibri;font-size:21px\">3.&nbsp;<\/span><span style=\"font-family:Calibri;font-size:21px\">El congelador de la m\u00e1quina expendedora de pizza en el interior puede mantener 88pcs 12 \"pizza y mantener la temperatura de 10<\/span><span style=\"font-family:Calibri;font-size:21px\">\u2103<\/span><span style=\"font-family:Calibri;font-size:21px\">&nbsp;a -18<\/span><span style=\"font-family:Calibri;font-size:21px\">\u2103<\/span><span style=\"font-family:Calibri;font-size:21px\">. <\/span><\/p>\n<p><span style=\"font-family:Calibri;font-size:21px\">4.&nbsp;<\/span><span style=\"font-family:Calibri;font-size:21px\">La m\u00e1quina en el interior mantener 88 cajas de papel conjunto .<\/span><\/p>\n<p><span style=\"font-family:Calibri;font-size:21px\">5.&nbsp;<\/span><span style=\"font-family:Calibri;font-size:21px\">Tarjeta de control avanzada, funci\u00f3n bien programada y funcionamiento estable.<\/span><\/p>\n<p><span style=\"font-family:Calibri;font-size:21px\">6.&nbsp;<\/span><span style=\"font-family:Calibri;font-size:21px\">Almacenamos autom\u00e1ticamente los datos de los productos en el almac\u00e9n mediante el escaneado de c\u00f3digos QR. Para cada producto, establecemos un c\u00f3digo QR. Puede conocer claramente el tiempo de producci\u00f3n y la fecha de caducidad del producto, por lo que puede rastrear el paradero del producto. Cuando al producto le falten dos d\u00edas para la fecha de caducidad, nuestro sistema le ayudar\u00e1 autom\u00e1ticamente a vender hasta la venta. Cuando el producto haya superado la fecha de caducidad, el sistema dejar\u00e1 de venderlo autom\u00e1ticamente para garantizar la calidad y la seguridad. <\/span><\/p>\n<p><span style=\"font-family:Calibri;font-size:21px\">7.&nbsp;<\/span><span style=\"font-family:Calibri;font-size:21px\">La temperatura del congelador se puede configurar en base a diferentes productos, con funci\u00f3n de descongelaci\u00f3n autom\u00e1tica, para asegurar que la m\u00e1quina en alta temperatura y alta humedad tiempo en condiciones normales de funcionamiento;<\/span><\/p>\n<p><span style=\"font-family:Calibri;font-size:21px\">8.&nbsp;<\/span><span style=\"font-family:Calibri;font-size:21px\">Temperatura de calentamiento por infrarrojos <span style=\"font-family:\u5b8b\u4f53\">\uff1a<\/span><span style=\"font-family:Calibri\">60-300\u2103 necesita 3-5 minutos para hornear una pizza.<\/span><\/span><\/p>\n<p><span style=\"font-family:Calibri;font-size:21px\">9.&nbsp;<\/span><span style=\"font-family:Calibri;font-size:21px\">&nbsp;Tama\u00f1o de la casa de infrarrojos :400X400X300mm y potencia :3000W . <\/span><\/p>\n<p><span style=\"font-family:Calibri;font-size:21px\">10.&nbsp;<\/span><span style=\"font-family:Calibri;font-size:21px\">Hay una funci\u00f3n de protecci\u00f3n contra fallos de alimentaci\u00f3n, la m\u00e1quina sigue mostrando el poder de estado, tiene la funci\u00f3n de memoria, la funci\u00f3n de protecci\u00f3n contra fugas de sobrecarga, garantizar el funcionamiento seguro de la m\u00e1quina. <\/span><\/p>\n<p style=\"margin-bottom:0;text-align:justify\"><span style=\"font-family:Calibri;font-size:21px\">11.&nbsp;<\/span><span style=\"font-family:Calibri;font-size:21px\">El idioma puede adaptarse a los distintos pa\u00edses. <\/span><\/p>\n<p><span style=\"font-family:Calibri;font-size:21px\">12.&nbsp;<\/span><span style=\"font-family:Calibri;font-size:21px\">Se ha a\u00f1adido una funci\u00f3n autom\u00e1tica de ahorro de energ\u00eda. La m\u00e1quina a\u00f1ade dos periodos de tiempo para el almuerzo y la cena. La m\u00e1quina se precalentar\u00e1 autom\u00e1ticamente a la temperatura que usted establezca entre 80 y 100 grados. Cuando el cliente pague, la m\u00e1quina se calentar\u00e1 autom\u00e1ticamente, con lo que se reduce el tiempo de horneado, se acelera la velocidad de venta y no es necesario precalentar todo el d\u00eda. reducir costes.<\/span><\/p>\n<p><span style=\"font-family:Calibri;font-size:21px\">13.&nbsp;<\/span><span style=\"font-family:Calibri;font-size:21px\">Sistema de gesti\u00f3n remota por ordenador: consulta de detalles de ventas, recordatorios de escasez, recordatorio de fallo de la m\u00e1quina, que puede ahorrar m\u00e1s costes de mano de obra, la m\u00e1quina expendedora de pizza hommy a\u00f1ade m\u00e1s funci\u00f3n humanizada.<\/span><\/p>\n<p><span style=\"font-family:Calibri;font-size:21px\">14.&nbsp;<\/span><span style=\"font-family:Calibri;font-size:21px\">los infrarrojos en el interior tienen arriba y abajo de la temperatura para que usted pueda ajustar la base en diferentes sabores de pizza para la temperatura y el tiempo de cocci\u00f3n .<\/span><\/p>\n<p><span style=\"font-family:Calibri;font-size:21px\">15.&nbsp;<\/span><span style=\"font-family:Calibri;font-size:21px\">La m\u00e1quina realiza un seguimiento de la temperatura del congelador durante 24 horas. Cuando la temperatura no alcanza el est\u00e1ndar establecido, se lo recuerda autom\u00e1ticamente para garantizar que la pizza no se deteriore y cumpla las normas de seguridad e higiene del producto.<\/span><\/p>\n<p><span style=\"font-family:Calibri;font-size:21px\">&nbsp;<\/span><\/p>\n<p style=\"margin-bottom:0;text-align:justify\"><span style=\"font-family:\u5b8b\u4f53;font-size:29px\">&nbsp;<\/span><\/p>\n<p><strong><span style=\"font-family:\u5b8b\u4f53;font-size:29px\">Ventaja del producto:<\/span><\/strong><\/p>\n<p><span style=\"font-family:Calibri;font-size:21px\">1.&nbsp;<\/span><span style=\"font-family:Calibri;font-size:21px\">Temperatura de calentamiento por infrarrojos <span style=\"font-family:\u5b8b\u4f53\">\uff1a<\/span><span style=\"font-family:Calibri\">60-300\u2103 necesita 3-5 minutos para hornear una pizza<\/span><\/span><span style=\"font-family:\u5b8b\u4f53;font-size:21px\">&nbsp;y <\/span><span style=\"font-family:Calibri;font-size:21px\">Tama\u00f1o de la casa de infrarrojos :400X400X300mm y potencia :3000W . <\/span><\/p>\n<p><img loading=\"lazy\" decoding=\"async\" src=\"https:\/\/www.hommy.com\/wp-content\/uploads\/16427495332920.jpg\" title=\"\" alt=\"producto-Hommy-img\" width=\"350\" height=\"1440\" border=\"0\" vspace=\"0\" style=\"width: 350px;height: 1440px\"><\/p>\n<p style=\"margin-bottom:0;text-align:justify\"><span style=\"font-family:Calibri;font-size:21px\">2.&nbsp;<\/span><span style=\"font-family:Calibri;font-size:21px\">Si utilizas una sart\u00e9n de aluminio para cocinar, puedes calentar el fondo de la pizza de forma m\u00e1s uniforme, y la pizza que sale es m\u00e1s deliciosa.<\/span><\/p>\n<p style=\"margin-bottom:0;text-align:justify\"><img decoding=\"async\" src=\"https:\/\/www.hommy.com\/wp-content\/uploads\/16427496059145.jpg\" alt=\"producto-Hommy-img\" title=\"\"><\/p>\n<p><span style=\"font-family:Calibri;font-size:21px\">4.<\/span><span style=\"font-family:Calibri;font-size:16px\">&nbsp;<\/span><span style=\"font-family:Calibri;font-size:21px\">Almacenamos autom\u00e1ticamente los datos de los productos en el almac\u00e9n mediante el escaneado de c\u00f3digos QR. Para cada producto, establecemos un c\u00f3digo QR. Puede conocer claramente el tiempo de producci\u00f3n y la fecha de caducidad del producto, por lo que puede rastrear el paradero del producto. Cuando al producto le falten dos d\u00edas para la fecha de caducidad, nuestro sistema le ayudar\u00e1 autom\u00e1ticamente a vender hasta la venta. Cuando el producto haya superado la fecha de caducidad, el sistema dejar\u00e1 de venderlo autom\u00e1ticamente para garantizar la calidad y la seguridad.<\/span><\/p>\n<p style=\"vertical-align: baseline\"><img decoding=\"async\" src=\"https:\/\/www.hommy.com\/wp-content\/uploads\/16427496367551.png\" alt=\"product-PA-C6-A con techo-Hommy-img\" title=\"\"><\/p>\n<p><span style=\"font-family: \u5b8b\u4f53;font-size: 20px\">5.<\/span><span style=\"font-family:Calibri;font-size:21px\">El sistema de pago puede aceptar: moneda, billete, moneda de cambio, interfaz de tarjeta de cr\u00e9dito.<\/span><\/p>\n<p style=\"vertical-align: baseline\"><img loading=\"lazy\" decoding=\"async\" src=\"https:\/\/www.hommy.com\/wp-content\/uploads\/16427496683400.png\" title=\"\" alt=\"producto-Hommy-img\" width=\"350\" height=\"546\" border=\"0\" vspace=\"0\" style=\"width: 350px;height: 546px\"><\/p>\n<p><span style=\"font-family:Calibri;font-size:21px\">6.&nbsp;<\/span><span style=\"font-family:Calibri;font-size:21px\">Sistema inform\u00e1tico de gesti\u00f3n a distancia: consulta de detalles de ventas, recordatorio de faltas, recordatorio de aver\u00edas de m\u00e1quinas.<\/span><\/p>\n<p style=\"vertical-align: baseline\"><img decoding=\"async\" src=\"https:\/\/www.hommy.com\/wp-content\/uploads\/16427497104337.jpg\" alt=\"producto-Hommy-img\" title=\"\"><\/p>\n<p style=\"vertical-align: baseline\"><span style=\"font-family: Calibri;font-size: 20px\">7.&nbsp;<\/span><span style=\"font-family: Calibri;font-size: 20px\">Horno dentro del calentador que es el control independiente para el tiempo y la temperatura . que puede basarse en diferentes <\/span><\/p>\n<p style=\"vertical-align: baseline\"><span style=\"font-family: Calibri;font-size: 20px\">Sabor ajustarlo . <\/span><\/p>\n<p style=\"vertical-align: baseline\"><img loading=\"lazy\" decoding=\"async\" src=\"https:\/\/www.hommy.com\/wp-content\/uploads\/16427497502612.png\" title=\"\" alt=\"product-Hommy-PA-C6-A con roof-img-1\" width=\"350\" height=\"254\" border=\"0\" vspace=\"0\" style=\"width: 350px;height: 254px\"><\/p>\n<p style=\"vertical-align: baseline\"><span style=\"font-family: \u5b8b\u4f53;font-size: 20px\">8.<\/span><span style=\"font-family: Calibri;font-size: 20px\">M\u00e1quina expendedora de pizza en el interior uso caja de pizza base en la m\u00e1quina para el dise\u00f1o y se puede mantener en el congelador -18C .we uso material de baja resistencia a la temperatura . <\/span><\/p>\n<p style=\"vertical-align: baseline\"><img loading=\"lazy\" decoding=\"async\" src=\"https:\/\/www.hommy.com\/wp-content\/uploads\/16427497965147.png\" title=\"\" alt=\"producto-Hommy-img-1\" width=\"350\" height=\"328\" border=\"0\" vspace=\"0\" style=\"width: 350px;height: 328px\"><\/p>\n<p style=\"vertical-align: baseline\"><span style=\"font-family: Calibri;font-size: 20px\">9.&nbsp;<\/span><span style=\"font-family: Calibri;font-size: 20px\">Tiene dos tipos de techo para que usted elija A y B, este techo puede bloquear el viento, la lluvia, la nieve.<\/span><\/p>\n<p style=\"vertical-align: baseline\"><img loading=\"lazy\" decoding=\"async\" src=\"https:\/\/www.hommy.com\/wp-content\/uploads\/16427498619041.png\" title=\"\" alt=\"producto-Hommy-img-1\" width=\"650\" height=\"184\" border=\"0\" vspace=\"0\" style=\"width: 650px;height: 184px\"><\/p>\n<p style=\"vertical-align: baseline\"><span style=\"font-family: Calibri;font-size: 20px\">10.&nbsp;<\/span><span style=\"font-family: Calibri;font-size: 20px\">Estamos OEM bienvenida para su logotipo<\/span><\/p>\n<p style=\"vertical-align: baseline\"><span style=\"font-family: Calibri;font-size: 20px\"><img decoding=\"async\" src=\"https:\/\/www.hommy.com\/wp-content\/uploads\/16427503206473.png\" alt=\"producto-PA-C6-A con techo-Hommy-img-1\" title=\"\"><\/span><\/p>\n<h2>\u00bfQu\u00e9 tama\u00f1o tiene el sector de las m\u00e1quinas expendedoras en Estados Unidos?<\/h2>\n<p style=\"margin-top: 5px;margin-bottom: 5px\">El sector de las m\u00e1quinas expendedoras en Estados Unidos mueve unos 1.700 millones de euros, el mayor del mundo. La industria es diversa, ya que hay m\u00e1s de 1.000 tipos diferentes de m\u00e1quinas en Estados Unidos. La industria est\u00e1 en constante crecimiento, ya que los consumidores siguen pasando m\u00e1s tiempo en movimiento y las empresas de m\u00e1quinas expendedoras siguen encontrando maneras de ser m\u00e1s convenientes y eficientes.<\/p>\n<p style=\"margin-top: 5px;margin-bottom: 5px\"><\/p>\n<h2>\u00bfQui\u00e9n fabrica las cajas de pizza Hut?<\/h2>\n<p style=\"margin-top: 5px;margin-bottom: 5px\">El propietario de Pizza Hut es el Sr. Pizza Hut (por supuesto, no es un particular, sino una empresa). Las cajas las fabrica el fabricante de cajas de Pizza Hut.<\/p>\n<p style=\"margin-top: 5px;margin-bottom: 5px\"><\/p>\n<h2>\u00bfCu\u00e1nto cuesta una m\u00e1quina expendedora?<\/h2>\n<p style=\"margin-top: 5px;margin-bottom: 5px\">El \u00e9xito de las m\u00e1quinas expendedoras se refleja en el n\u00famero de personas que las utilizan. En muchas ocasiones nos han preguntado cu\u00e1nto cuesta mantener una m\u00e1quina expendedora. Es una pregunta dif\u00edcil de responder, ya que depende del tama\u00f1o y el tipo de m\u00e1quina, de su ubicaci\u00f3n y del mantenimiento que requiera.<\/p>\n<\/p><\/div>","protected":false},"excerpt":{"rendered":"<p>let&#039;s pizza vending machine price https:\/\/youtu.be\/uVsIe_11_mE Our Pizza Vending Machine is extremely durable and is designed to make sure that the machine lasts for years. It is fabricated using quality components and the design is such that it is simple to use and the pizza venders are easy to clean. This Pizza Vending Machine is [&hellip;]<\/p>\n","protected":false},"featured_media":1959,"comment_status":"open","ping_status":"open","template":"","meta":{"_swt_meta_header_display":false,"_swt_meta_footer_display":false,"_swt_meta_site_title_display":false,"_swt_meta_sticky_header":false,"_swt_meta_transparent_header":false},"product_brand":[],"product_cat":[70,68],"product_tag":[],"class_list":{"0":"post-134","1":"product","2":"type-product","3":"status-publish","4":"has-post-thumbnail","6":"product_cat-pizza-vending-machine","7":"product_cat-vending-machine","9":"first","10":"instock","11":"shipping-taxable","12":"product-type-simple"},"_links":{"self":[{"href":"https:\/\/www.hommy.com\/es\/wp-json\/wp\/v2\/product\/134","targetHints":{"allow":["GET"]}}],"collection":[{"href":"https:\/\/www.hommy.com\/es\/wp-json\/wp\/v2\/product"}],"about":[{"href":"https:\/\/www.hommy.com\/es\/wp-json\/wp\/v2\/types\/product"}],"replies":[{"embeddable":true,"href":"https:\/\/www.hommy.com\/es\/wp-json\/wp\/v2\/comments?post=134"}],"wp:featuredmedia":[{"embeddable":true,"href":"https:\/\/www.hommy.com\/es\/wp-json\/wp\/v2\/media\/1959"}],"wp:attachment":[{"href":"https:\/\/www.hommy.com\/es\/wp-json\/wp\/v2\/media?parent=134"}],"wp:term":[{"taxonomy":"product_brand","embeddable":true,"href":"https:\/\/www.hommy.com\/es\/wp-json\/wp\/v2\/product_brand?post=134"},{"taxonomy":"product_cat","embeddable":true,"href":"https:\/\/www.hommy.com\/es\/wp-json\/wp\/v2\/product_cat?post=134"},{"taxonomy":"product_tag","embeddable":true,"href":"https:\/\/www.hommy.com\/es\/wp-json\/wp\/v2\/product_tag?post=134"}],"curies":[{"name":"wp","href":"https:\/\/api.w.org\/{rel}","templated":true}]}}