{"id":119,"date":"2024-07-02T12:08:37","date_gmt":"2024-07-02T12:08:37","guid":{"rendered":"http:\/\/localhost\/hommywp\/pa-c6-a-buy-automatic-fresh-pizza-vending-machine-cost\/"},"modified":"2025-08-01T09:57:26","modified_gmt":"2025-08-01T09:57:26","slug":"pa-c6-a-maquina-expendedora-de-pizza-para-exteriores","status":"publish","type":"product","link":"https:\/\/www.hommy.com\/es\/p\/pa-c6-a-maquina-expendedora-de-pizza-para-exteriores\/","title":{"rendered":"Pa-C6-A Comprar m\u00e1quina expendedora autom\u00e1tica de pizza fresca Coste"},"content":{"rendered":"<div>\n<h1 style=\"text-align: center\"><strong><span style=\"letter-spacing: 0px;font-family: arial, helvetica, sans-serif;font-size: 24px\"><a name=\"Outdoor Automatic Infrared Heating Vending Pizza Machine\"><\/a>M\u00e1quina expendedora autom\u00e1tica de pizza por infrarrojos para exteriores<\/span><\/strong><\/h1>\n<p style=\"text-align: center\"><a href=\"#Outdoor Automatic Infrared Heating Vending Pizza Machine\" target=\"_self\" data-lv=\"0\" rel=\"noopener\"><span style=\"font-size: 18px\"><span style=\"letter-spacing: 0px;font-family: arial, helvetica, sans-serif\">M\u00e1quina expendedora autom\u00e1tica de pizza por infrarrojos para exteriores<\/span><\/span><\/a><span style=\"font-size: 18px\"><span style=\"letter-spacing: 0px;font-family: arial, helvetica, sans-serif\">|<a href=\"#Product Features\" target=\"_self\" data-lv=\"0\" rel=\"noopener\">Caracter\u00edsticas del producto<\/a>|<a href=\"#Product specification\" target=\"_self\" data-lv=\"0\" rel=\"noopener\">Especificaci\u00f3n del producto<\/a>|<a href=\"#Product Advantage\" target=\"_self\" data-lv=\"0\" rel=\"noopener\">Ventajas del producto<\/a><\/span><\/span><\/p>\n<p><strong><span style=\"letter-spacing: 0px;font-family: arial, helvetica, sans-serif;font-size: 24px\"><br \/><\/span><\/strong><\/p>\n<p><strong><span style=\"letter-spacing: 0px;font-family: arial, helvetica, sans-serif;font-size: 24px\"><br \/><\/span><\/strong><\/p>\n<p><\/p>\n<p style=\"text-align: center\">&nbsp;&nbsp;&nbsp;&nbsp;<\/p>\n<p>La m\u00e1quina expendedora autom\u00e1tica de pizza fresca es un sistema todo en uno que proporciona una pizza consistente y fresca a sus clientes. Desde la m\u00e1quina, elija su receta de masa favorita y los ingredientes perfectos. Despu\u00e9s de rellenar la pizza con los ingredientes de su elecci\u00f3n, coloque la pizza reci\u00e9n hecha en el horno de convecci\u00f3n. Elija entre un ajuste convencional para una pizza hecha con queso o corteza u opte por una pizza hecha totalmente con masa. Sus clientes estar\u00e1n encantados de encontrar una pizza asequible y de calidad para cualquier comida, e incluso a sus clientes no amantes de la pizza les encantar\u00e1 esta M\u00e1quina Expendedora Autom\u00e1tica de Pizza Fresca.<\/p>\n<p><\/p>\n<div class=\"d-tem01-graphic tem01-graphic mockup\" data-detail=\"wrap\">\n<div class=\"cont-section clearfix d-clearfix\">\n<div class=\"col-md-6 col-sm-6 col-xs-6\"><\/p>\n<div class=\"graphic_pic animated wow bounceIn\" data-wow-delay=\".7s\">\n<p style=\"text-align:center\"><img decoding=\"async\" src=\"https:\/\/www.hommy.com\/wp-content\/uploads\/16103355827843.jpg\" alt=\"producto-Hommy-img\" title=\"\"><\/p>\n<\/div>\n<\/div>\n<div class=\"col-md-6 col-sm-6 col-xs-6\">\n<div class=\"right-p\">\n<div class=\"h2 heading\">\n<h1 style=\"margin: 0px;text-indent: 0px;text-align: justify\"><span style=\"font-family: arial, helvetica, sans-serif\"><strong><span style=\"letter-spacing: 0px;font-family: arial, helvetica, sans-serif;font-size: 24px\"><a name=\"Product Features\"><\/a>Caracter\u00edsticas del producto<\/span><\/strong><\/span><\/h1>\n<p style=\"margin-top:0;margin-right:0;margin-bottom:0;margin-left:0;text-indent:0;text-align:justify\"><span style=\"letter-spacing: 0px;font-size: 18px;font-family: arial, helvetica, sans-serif\"><br \/><\/span><\/p>\n<p><span style=\"font-size: 18px;font-family: arial, helvetica, sans-serif\">1. Pantalla de 55\" para promoci\u00f3n y funcionamiento de la pantalla de 15\" .<\/span><\/p>\n<p><span style=\"font-size: 18px;font-family: arial, helvetica, sans-serif\">2. El sistema de pago puede aceptar: moneda, billete, moneda Exchang, interfaz de tarjeta de cr\u00e9dito.<\/span><\/p>\n<p><span style=\"font-size: 18px;font-family: arial, helvetica, sans-serif\">3. El congelador interior puede mantener 48pcs 10 \"pizza y mantener la temperatura de -8\u2103 a 10\u2103. <\/span><\/p>\n<p><span style=\"font-size: 18px;font-family: arial, helvetica, sans-serif\">4. La m\u00e1quina dentro de mantener 48 cajas de papel conjunto .<\/span><\/p>\n<p><span style=\"font-size: 18px;font-family: arial, helvetica, sans-serif\">5. Placa de control avanzada de la PC, funci\u00f3n bien programada y funcionamiento estable.<\/span><\/p>\n<p><span style=\"font-size: 18px;font-family: arial, helvetica, sans-serif\">6. El congelador interior tiene pantalla de publicidad de mayor tama\u00f1o y funci\u00f3n de pasteurizaci\u00f3n. <\/span><\/p>\n<p style=\"margin-left:0;text-indent:0\"><span style=\"font-size: 18px;font-family: arial, helvetica, sans-serif\">7. La temperatura del congelador se puede configurar en base a diferentes productos, con la funci\u00f3n de descongelaci\u00f3n autom\u00e1tica, para asegurar que la m\u00e1quina en alta temperatura y alta humedad tiempo en condiciones normales de funcionamiento;<\/span><\/p>\n<p style=\"margin-left:0;text-indent:0\"><span style=\"letter-spacing: 0px;font-size: 18px;font-family: arial, helvetica, sans-serif\">8. Temperatura de calentamiento por infrarrojos \uff1a60-300\u2103 necesita 45-55 segundos para hornear una pizza.<\/span><\/p>\n<p style=\"margin-left:0;text-indent:0\"><span style=\"letter-spacing: 0px;font-size: 18px;font-family: arial, helvetica, sans-serif\">9.  Tama\u00f1o de la casa de infrarrojos :400X400X300mm y potencia :3000W . <\/span><\/p>\n<p style=\"margin-left:0;text-indent:0\"><span style=\"font-size: 18px;font-family: arial, helvetica, sans-serif\">10. Hay una funci\u00f3n de protecci\u00f3n contra fallos de alimentaci\u00f3n, la m\u00e1quina sigue mostrando el poder de estado, tiene la funci\u00f3n de memoria, la funci\u00f3n de protecci\u00f3n contra fugas de sobrecarga, garantizar el funcionamiento seguro de la m\u00e1quina. <\/span><\/p>\n<p style=\"margin-top:0;margin-right:0;margin-bottom:0;margin-left:0;text-indent:0;text-align:justify\"><span style=\"letter-spacing: 0px;font-size: 18px;font-family: arial, helvetica, sans-serif\">11. El lenguaje puede basarse en diferentes pa\u00edses para ajustarlo. <\/span><\/p>\n<p style=\"margin-top:0;margin-right:0;margin-bottom:0;margin-left:0;text-indent:0;text-align:justify\"><span style=\"letter-spacing: 0px;font-size: 18px;font-family: arial, helvetica, sans-serif\">12. Dentro de la m\u00e1quina se almacenan 48 juegos de pizza.<\/span><\/p>\n<p style=\"margin-left:0;text-indent:0\"><span style=\"font-size: 18px;font-family: arial, helvetica, sans-serif\">13. 13. Sistema de gesti\u00f3n remota por ordenador: consulta de detalles de ventas, recordatorio de falta de existencias, recordatorio de aver\u00eda de la m\u00e1quina.<\/span><\/p>\n<p style=\"margin-left:0;text-indent:0\"><span style=\"font-family: arial, helvetica, sans-serif;font-size: 18px\">14. si usted quiere poner la m\u00e1quina fuera de centro comercial, usted puede agregar un tejado que pueda guardar hacia fuera viento y<\/span><span style=\"font-family: arial, helvetica, sans-serif;font-size: 21px\"> <\/span><\/p>\n<p><span style=\"font-size: 18px;font-family: arial, helvetica, sans-serif\">Lluvia, este techo hecho en metal y luego pintura en aerosol .&nbsp;&nbsp;<\/span><\/p>\n<\/div>\n<\/div>\n<\/div>\n<\/div>\n<\/div>\n<h1 style=\", Helvetica, Arial, sans-serif\"><strong><span style=\"letter-spacing: 0px;font-size: 24px;font-family: arial, helvetica, sans-serif\"><a name=\"Product specification\"><\/a>Especificaci\u00f3n del producto<\/span><\/strong><\/h1>\n<p><strong><span style=\"letter-spacing: 0px;font-size: 24px;font-family: arial, helvetica, sans-serif\"><br \/><\/span><\/strong><\/p>\n<p><strong><span style=\"letter-spacing: 0px;font-size: 24px;font-family: arial, helvetica, sans-serif\"><img decoding=\"async\" src=\"https:\/\/www.hommy.com\/wp-content\/uploads\/16103351124453.png\" title=\"\" alt=\"producto-Hommy-img\"><\/span><\/strong><\/p>\n<p><strong><span style=\"letter-spacing: 0px;font-size: 24px;font-family: arial, helvetica, sans-serif\"><br \/><\/span><\/strong><\/p>\n<p><\/p>\n<h1><strong><span style=\"letter-spacing: 0px;font-family: arial, helvetica, sans-serif;font-size: 24px\"><a name=\"Product Advantage\"><\/a>Ventajas del producto<\/span><\/strong><\/h1>\n<p><\/p>\n<div class=\"d-tem01-graphic tem01-graphic mockup\" data-detail=\"wrap\">\n<div class=\"cont-section clearfix d-clearfix\">\n<div class=\"col-md-6 col-sm-6 col-xs-6\" style=\"width: 581px\">\n<div class=\"right-p\">\n<div class=\"h2 heading\">\n<p><span style=\"font-family: arial, helvetica, sans-serif;font-size: 18px\">1. Pantalla de 55\" para promoci\u00f3n y funcionamiento de la pantalla de 15\" .<\/span><\/p>\n<p><span style=\"font-family: arial, helvetica, sans-serif;font-size: 18px\"><br \/><\/span><\/p>\n<\/div>\n<\/div>\n<div class=\"graphic_pic animated wow bounceIn\" data-wow-delay=\".7s\">\n<p style=\"text-align:center\"><img loading=\"lazy\" decoding=\"async\" src=\"https:\/\/www.hommy.com\/wp-content\/uploads\/16103353799035.jpg\" alt=\"product-PA-C6-A M\u00e1quina expendedora de pizza para exteriores-Hommy-img\" title=\"\" width=\"350\" height=\"500\" border=\"0\" vspace=\"0\" style=\"width: 350px;height: 500px\"><\/p>\n<\/div>\n<\/div>\n<div class=\"col-md-6 col-sm-6 col-xs-6\" style=\"width: 581px\">\n<div class=\"right-p\">\n<div class=\"h2 heading\">\n<p><span style=\"font-family: arial, helvetica, sans-serif;letter-spacing: 0px;font-size: 18px\">2.  Temperatura de calentamiento por infrarrojos \uff1a60-300\u2103 necesidad de 45-55 segundos para hornear una pizza y tama\u00f1o de la casa de infrarrojos: 400X400X300mm y potencia: 3000W.&nbsp;<\/span><\/p>\n<\/div>\n<\/div>\n<div class=\"graphic_pic animated wow bounceIn\" data-wow-delay=\".7s\">\n<p style=\"text-align:center\"><img loading=\"lazy\" decoding=\"async\" src=\"https:\/\/www.hommy.com\/wp-content\/uploads\/16103354149689.jpg\" alt=\"producto-Hommy-img\" title=\"\" width=\"350\" height=\"500\" border=\"0\" vspace=\"0\" style=\"width: 350px;height: 500px\"><\/p>\n<\/div>\n<\/div>\n<\/div>\n<\/div>\n<p><strong><span style=\"letter-spacing: 0px;font-family: arial, helvetica, sans-serif;font-size: 24px\"><\/span><\/strong><\/p>\n<div class=\"d-tem01-graphic tem01-graphic mockup\" data-detail=\"wrap\">\n<div class=\"cont-section clearfix d-clearfix\">\n<div class=\"col-md-6 col-sm-6 col-xs-6\" style=\"width: 581px\">\n<div class=\"right-p\">\n<div class=\"h2 heading\">\n<p style=\"margin-bottom: 0px;text-align: justify\"><span style=\"font-family: arial, helvetica, sans-serif;font-size: 18px\"><span style=\"font-family: arial, helvetica, sans-serif;letter-spacing: 0px\">3.  48 conjuntos de pizza se almacenan dentro de la m\u00e1quina, mantener la temperatura&nbsp;<\/span><span style=\"font-family: arial, helvetica, sans-serif\">de -8\u2103 a 10\u2103.<\/span><\/span><\/p>\n<p style=\"margin-bottom: 0px;text-align: justify\"><span style=\"font-family: arial, helvetica, sans-serif;font-size: 18px\"><span style=\"font-family: arial, helvetica, sans-serif\"><br \/><\/span><\/span><\/p>\n<\/div>\n<\/div>\n<div class=\"graphic_pic animated wow bounceIn\" data-wow-delay=\".7s\">\n<p style=\"text-align:center\"><img loading=\"lazy\" decoding=\"async\" src=\"https:\/\/www.hommy.com\/wp-content\/uploads\/16103354355062.png\" alt=\"producto-Hommy-img\" title=\"\" width=\"350\" height=\"500\" border=\"0\" vspace=\"0\" style=\"width: 350px;height: 500px\"><\/p>\n<\/div>\n<\/div>\n<div class=\"col-md-6 col-sm-6 col-xs-6\" style=\"width: 581px\">\n<div class=\"right-p\">\n<div class=\"h2 heading\">\n<p><span style=\"font-family: arial, helvetica, sans-serif;font-size: 18px\">4. La m\u00e1quina dentro de mantener 48 cajas de papel conjunto .<\/span><\/p>\n<p><span style=\"font-family: arial, helvetica, sans-serif;font-size: 18px\"><br \/><\/span><\/p>\n<\/div>\n<\/div>\n<p style=\"text-align:center\"><img loading=\"lazy\" decoding=\"async\" src=\"https:\/\/www.hommy.com\/wp-content\/uploads\/16103354577750.png\" alt=\"product-Hommy-PA-C6-A M\u00e1quina expendedora de pizza para exteriores-img\" title=\"\" width=\"350\" height=\"500\" border=\"0\" vspace=\"0\" style=\"width: 350px;height: 500px\"><\/p>\n<p>&nbsp;<\/p>\n<p>&nbsp; &nbsp; &nbsp; &nbsp; &nbsp; &nbsp;<\/p>\n<\/div>\n<\/div>\n<\/div>\n<p><strong><span style=\"letter-spacing: 0px;font-family: arial, helvetica, sans-serif;font-size: 24px\"><\/span><\/strong><\/p>\n<div class=\"d-tem01-graphic tem01-graphic mockup\" data-detail=\"wrap\">\n<div class=\"cont-section clearfix d-clearfix\">\n<div class=\"col-md-6 col-sm-6 col-xs-6\">\n<div class=\"right-p\">\n<div class=\"h2 heading\">\n<p><span style=\"font-family: arial, helvetica, sans-serif;font-size: 18px\">5.El sistema de pago puede aceptar: moneda, billete, moneda Exchang, interfaz de tarjeta de cr\u00e9dito.<\/span><\/p>\n<p><span style=\"font-family: arial, helvetica, sans-serif;font-size: 18px\"><br \/><\/span><\/p>\n<\/div>\n<\/div>\n<div class=\"graphic_pic animated wow bounceIn\" data-wow-delay=\".7s\">\n<p style=\"text-align:center\"><img loading=\"lazy\" decoding=\"async\" src=\"https:\/\/www.hommy.com\/wp-content\/uploads\/16103354823640.png\" alt=\"producto-Hommy-img-1\" title=\"\" width=\"350\" height=\"500\" border=\"0\" vspace=\"0\" style=\"width: 350px;height: 500px\"><\/p>\n<p><\/p>\n<h2 style=\"font-family: sans-serif\">\u00bfHay m\u00e1quinas expendedoras de pizza en EE.UU.?<\/h2>\n<p style=\"margin-top: 5px;margin-bottom: 5px;font-family: sans-serif;font-size: 16px\">Hace poco vol\u00e9 a Estados Unidos e hice un viaje por carretera hasta Ohio para visitar a mi primo. Por desgracia, me olvid\u00e9 de llevar comida. Mi vecina de al lado me hab\u00eda dicho que la pizza era un alimento b\u00e1sico en casi todos los restaurantes de comida r\u00e1pida, as\u00ed que estaba muy preocupada y no ve\u00eda la hora de llegar a casa de mi prima. Por suerte lo hice pero ella no estaba en casa as\u00ed que decid\u00ed intentar encontrar pizza, y no la encontr\u00e9 por ning\u00fan lado. Tampoco pude encontrar nada que se pareciera a la pizza, as\u00ed que pregunt\u00e9 en una pizzer\u00eda local qu\u00e9 ten\u00edan. Me dijeron que ten\u00edan pizza y la prob\u00e9. La calidad era regular. Para mi sorpresa, no ten\u00eda queso. Les pregunt\u00e9 si el queso estaba en mi plato y me dijeron que ten\u00edan la misma pizza con queso que yo. Tambi\u00e9n me dijeron que si quer\u00eda pizza ten\u00eda que ir a un sitio espec\u00edfico. Me pic\u00f3 la curiosidad, as\u00ed que<\/p>\n<p style=\"margin-top: 5px;margin-bottom: 5px;font-family: sans-serif;font-size: 16px\"><\/p>\n<h2 style=\"font-family: sans-serif\">\u00bfCu\u00e1nto cuesta una m\u00e1quina Pizza Forno?<\/h2>\n<p style=\"margin-top: 5px;margin-bottom: 5px;font-family: sans-serif;font-size: 16px\">Pizza Forno es la \u00fanica franquicia de pizza italiana que permite a sus franquiciados personalizar sus pizzer\u00edas individuales. Con Pizza Forno, cada franquicia es \u00fanica. No hay dos pizzer\u00edas exactamente iguales. Cuando se trata de averiguar cu\u00e1l es el precio de la franquicia Pizza Forno, la respuesta es \"var\u00eda\". Algunas franquicias se venden por menos de $50.000 mientras que otras se venden por m\u00e1s de $2 millones. Pero hay muchas variables que pueden afectar a un precio, como el tama\u00f1o de la zona que la franquicia va a comprar, el tama\u00f1o del edificio, la edad y la ubicaci\u00f3n del edificio, la ubicaci\u00f3n en la zona, la cantidad de tr\u00e1fico que una zona en particular recibe, y mucho m\u00e1s. Y es muy posible que una franquicia que hace un par de a\u00f1os ten\u00eda un precio superior a $2 millones, ahora tenga un precio mucho m\u00e1s bajo.<\/p>\n<p style=\"margin-top: 5px;margin-bottom: 5px;font-family: sans-serif;font-size: 16px\"><\/p>\n<h2 style=\"font-family: sans-serif\">\u00bfC\u00f3mo funciona una m\u00e1quina expendedora de pizzas?<\/h2>\n<p style=\"margin-top: 5px;margin-bottom: 5px;font-family: sans-serif;font-size: 16px\">Como muchos de los productos ahora populares en Jap\u00f3n, las m\u00e1quinas expendedoras de pizza no existen en Estados Unidos, pero s\u00ed en toda Europa y otros pa\u00edses, e incluso en China. Las m\u00e1quinas expendedoras de pizza suelen dispensar porciones individuales de pizza, en lugar de una pizza entera, y se pueden encontrar en lugares como restaurantes, tiendas de conveniencia, restaurantes de hotel e incluso en algunos restaurantes McDonald's. Muchas m\u00e1quinas expendedoras de pizza, como la de la imagen, pueden configurarse para dispensar tambi\u00e9n otros tipos de alimentos, como s\u00e1ndwiches, pasteles y otros dulces.<\/p>\n<\/div>\n<\/div>\n<div class=\"col-md-6 col-sm-6 col-xs-6\">\n<div class=\"right-p\">\n<p><span style=\"font-family: arial, helvetica, sans-serif;font-size: 18px\">6. 6. Sistema de gesti\u00f3n remota por ordenador: consulta de detalles de ventas, recordatorio de faltas, recordatorio de aver\u00edas de la m\u00e1quina.<\/span><\/p>\n<\/div>\n<div class=\"graphic_pic animated wow bounceIn\" data-wow-delay=\".7s\">\n<p style=\"text-align:center\"><img loading=\"lazy\" decoding=\"async\" src=\"https:\/\/www.hommy.com\/wp-content\/uploads\/16103355306953.jpg\" alt=\"producto-Hommy-img-1\" title=\"\" width=\"350\" height=\"500\" border=\"0\" vspace=\"0\" style=\"width: 350px;height: 500px\"><\/p>\n<\/div>\n<\/div>\n<\/div>\n<\/div><\/div>","protected":false},"excerpt":{"rendered":"<p>Outdoor Automatic Infrared Heating Vending Pizza Machine Outdoor Automatic Infrared Heating Vending Pizza Machine|Product Features|Product specification|Product Advantage &nbsp;&nbsp;&nbsp;&nbsp; The Automatic Fresh Pizza Vending Machine is an all-in-one system that provides a consistent, fresh pizza to your customers. From the machine, choose your favorite dough recipe and the perfect toppings. After topping your pizza with your [&hellip;]<\/p>\n","protected":false},"featured_media":111,"comment_status":"open","ping_status":"open","template":"","meta":{"_swt_meta_header_display":false,"_swt_meta_footer_display":false,"_swt_meta_site_title_display":false,"_swt_meta_sticky_header":false,"_swt_meta_transparent_header":false},"product_brand":[],"product_cat":[70,68],"product_tag":[],"class_list":{"0":"post-119","1":"product","2":"type-product","3":"status-publish","4":"has-post-thumbnail","6":"product_cat-pizza-vending-machine","7":"product_cat-vending-machine","9":"first","10":"instock","11":"shipping-taxable","12":"product-type-simple"},"_links":{"self":[{"href":"https:\/\/www.hommy.com\/es\/wp-json\/wp\/v2\/product\/119","targetHints":{"allow":["GET"]}}],"collection":[{"href":"https:\/\/www.hommy.com\/es\/wp-json\/wp\/v2\/product"}],"about":[{"href":"https:\/\/www.hommy.com\/es\/wp-json\/wp\/v2\/types\/product"}],"replies":[{"embeddable":true,"href":"https:\/\/www.hommy.com\/es\/wp-json\/wp\/v2\/comments?post=119"}],"wp:featuredmedia":[{"embeddable":true,"href":"https:\/\/www.hommy.com\/es\/wp-json\/wp\/v2\/media\/111"}],"wp:attachment":[{"href":"https:\/\/www.hommy.com\/es\/wp-json\/wp\/v2\/media?parent=119"}],"wp:term":[{"taxonomy":"product_brand","embeddable":true,"href":"https:\/\/www.hommy.com\/es\/wp-json\/wp\/v2\/product_brand?post=119"},{"taxonomy":"product_cat","embeddable":true,"href":"https:\/\/www.hommy.com\/es\/wp-json\/wp\/v2\/product_cat?post=119"},{"taxonomy":"product_tag","embeddable":true,"href":"https:\/\/www.hommy.com\/es\/wp-json\/wp\/v2\/product_tag?post=119"}],"curies":[{"name":"wp","href":"https:\/\/api.w.org\/{rel}","templated":true}]}}