{"id":110,"date":"2024-07-02T12:08:34","date_gmt":"2024-07-02T12:08:34","guid":{"rendered":"http:\/\/localhost\/hommywp\/pa-b1-12-pizza-box-for-vending-machine\/"},"modified":"2025-08-01T09:57:26","modified_gmt":"2025-08-01T09:57:26","slug":"pa-b1-12-caja-de-pizza","status":"publish","type":"product","link":"https:\/\/www.hommy.com\/es\/p\/pa-b1-12-caja-de-pizza\/","title":{"rendered":"Pa-B1-12\" Caja de pizza para m\u00e1quina expendedora"},"content":{"rendered":"<div>\n<p style=\"text-align: center\"><span style=\"font-family:Calibri;font-size:29px\">3 min m\u00e1quina expendedora de pizza<\/span><span style=\"font-family: Calibri;font-size: 29px\">&nbsp; &nbsp; &nbsp; &nbsp; &nbsp;&nbsp;<\/span><\/p>\n<p><span style=\"font-family: Calibri;font-size: 29px\">&nbsp; &nbsp; &nbsp; &nbsp; &nbsp;<\/span><span style=\"font-family: \u5b8b\u4f53;font-size: 29px\">&nbsp;&nbsp;&nbsp;&nbsp;&nbsp;&nbsp;&nbsp;&nbsp;&nbsp;&nbsp;&nbsp;&nbsp;&nbsp;&nbsp;<\/span><span style=\"font-family: Calibri;font-size: 29px\">&nbsp; &nbsp; <\/span><span style=\"font-family: \u5b8b\u4f53;font-size: 29px\">&nbsp; &nbsp; &nbsp; &nbsp; &nbsp; &nbsp; &nbsp; &nbsp; &nbsp; &nbsp;<\/span><\/p>\n<p style=\"margin-bottom:0;text-align:justify\"><span style=\"font-family:\u5b8b\u4f53;font-size:29px\"><\/span><\/p>\n<p>Hemos sido un fabricante, proveedor y exportador de Pizza Box para m\u00e1quina expendedora que viene en dise\u00f1os atractivos. Nuestra Pizza Cajas se fabrican con material b\u00e1sico de primera calidad. Esta caja de pizza es ampliamente demandado en la industria alimentaria para el almacenamiento de productos alimenticios como pizza, s\u00e1ndwiches, productos alimenticios, etc.<\/p>\n<p><\/p>\n<p>\u00bfQu\u00e9 es una caja de pizza?<\/p>\n<p><\/p>\n<p>Las cajas de pizza se utilizan para guardar alimentos y est\u00e1n hechas de cart\u00f3n. Se fabrican para guardarlas con una forma determinada que encaje en la m\u00e1quina expendedora. La raz\u00f3n por la que las cajas de pizza se llaman cajas de pizza se debe a la forma en que almacenan la pizza. Son diferentes de las cajas de pizza normales, ya que est\u00e1n dise\u00f1adas para contener pizzas mucho m\u00e1s grandes. Existen diferentes modelos de cajas para pizza en el mercado, como la caja redonda, la caja triangular, la caja cuadril\u00e1tera, etc. Las cajas de pizza que se utilizan para hacer pizzas suelen tener forma cuadrada o circular.<\/p>\n<p style=\"margin-bottom:0;text-align:justify\"><\/p>\n<p style=\"margin-bottom:0;text-align:justify\"><span style=\"font-size: 29px;font-family: Helvetica\">Caracter\u00edsticas del producto :<\/span><span style=\"font-family:\u5b8b\u4f53;font-size:29px\"> <\/span><\/p>\n<p><span style=\"font-family:Calibri;font-size:21px\">1.&nbsp;<\/span><span style=\"font-family:Calibri;font-size:21px\">12 \"caja de pizza, que tienen dos tipos de tama\u00f1o para que usted elija, 32x32x3cm y 32x32x3.5cm. nos basaremos en diferentes tama\u00f1os de caja de pizza para ajustar la cantidad dentro de la m\u00e1quina de pizza. <\/span><\/p>\n<p><span style=\"font-family:Calibri;font-size:21px\">2.&nbsp;<\/span><span style=\"font-family:Calibri;font-size:21px\">La caja de pizza la guardamos dentro del congelador, por lo que elegimos material que debe pasar el papel a prueba de humedad. <\/span><\/p>\n<p><span style=\"font-family:Calibri;font-size:21px\">3.&nbsp;<\/span><span style=\"font-family:Calibri;font-size:21px\">La caja de pizza es de dise\u00f1o especial para hommy m\u00e1quina expendedora de pizza . <\/span><\/p>\n<p><span style=\"font-family:Calibri;font-size:21px\">4.&nbsp;<\/span><span style=\"font-family:Calibri;font-size:21px\">La caja de pizza y el molde de pizza de aluminio son un conjunto para que la m\u00e1quina expendedora de pizza Hommy funcione.<\/span><\/p>\n<h2 style=\"font-family: sans-serif\">\u00bfCu\u00e1nto cuesta una m\u00e1quina Pizza Forno?<\/h2>\n<p style=\"margin-top: 5px;margin-bottom: 5px;font-family: sans-serif;font-size: 16px\"><\/p>\n<p style=\"margin-top: 5px;margin-bottom: 5px;font-family: sans-serif;font-size: 16px\">Pizza Forno es un negocio familiar, lo que significa que sabemos lo que significa llevar un negocio: tenemos familia y amigos que conocemos desde hace muchos a\u00f1os. No s\u00f3lo eso, sino que tambi\u00e9n hemos estado en el comercio de alimentos durante muchos a\u00f1os y eso significa que hemos tenido la oportunidad de aprender de los errores, las malas experiencias y las buenas experiencias y as\u00ed es como sabemos lo que obtendr\u00e1 de nosotros: una cara amable que le ayudar\u00e1 con su pedido y asesoramiento; una entrega amable que tratar\u00e1 de complacerle y ofrecerle el mejor servicio posible; una entrega r\u00e1pida y amable y una llamada telef\u00f3nica gratuita, honesta, amable y cort\u00e9s. En resumen, \u00a1ofrecemos el mejor servicio del sector! Por eso llevamos muchos a\u00f1os recomendando a todos nuestros socios repartidores; trabajamos con ellos porque se han ganado nuestra confianza y reputaci\u00f3n.<\/p>\n<p style=\"margin-top: 5px;margin-bottom: 5px;font-family: sans-serif;font-size: 16px\"><\/p>\n<h2 style=\"font-family: sans-serif\">\u00bfDebo invertir en pizza Piestro?<\/h2>\n<p style=\"margin-top: 5px;margin-bottom: 5px;font-family: sans-serif;font-size: 16px\"><\/p>\n<p style=\"margin-top: 5px;margin-bottom: 5px;font-family: sans-serif;font-size: 16px\">S\u00e9 que este es un hilo un tanto off-topic, pero se me ocurri\u00f3 preguntar. He estado pensando en invertir en Piestro. Llevan unos 7 a\u00f1os en el mercado. La \u00faltima vez que mir\u00e9, el precio estaba por debajo de $10. Son conocidos por su pizza hecha de masa congelada con ingredientes que permanecen en su lugar, pero son m\u00e1s de un conjunto de s\u00e1ndwich. Dicen ser m\u00e1s sanos que la mayor\u00eda de las pizzer\u00edas. Soy nuevo en la zona y me gusta su pizza \"casera\".<\/p>\n<p style=\"margin-top: 5px;margin-bottom: 5px;font-family: sans-serif;font-size: 16px\"><\/p>\n<h2 style=\"font-family: sans-serif\">\u00bfC\u00f3mo funciona el quiosco de pizzas?<\/h2>\n<p style=\"margin-top: 5px;margin-bottom: 5px;font-family: sans-serif;font-size: 16px\"><\/p>\n<p style=\"margin-top: 5px;margin-bottom: 5px;font-family: sans-serif;font-size: 16px\">Un quiosco de pizzas es un servicio de entrega de pizzas en el que la gente puede comer su pizza sobre la marcha desde una m\u00e1quina expendedora como una m\u00e1quina recreativa. Somos una m\u00e1quina expendedora de pizzas, una m\u00e1quina expendedora de pizzas es una m\u00e1quina dispensadora de alimentos generalmente dise\u00f1ada para vender alimentos y bebidas. Tambi\u00e9n suelen permitir el pago con efectivo, tarjeta de cr\u00e9dito y el tel\u00e9fono m\u00f3vil del usuario. Hay dos tipos de quioscos: un quiosco de autoservicio totalmente automatizado y un quiosco de servicio asistido por personas.<\/p>\n<\/p><\/div>","protected":false},"excerpt":{"rendered":"<p>3 min vending pizza machine&nbsp; &nbsp; &nbsp; &nbsp; &nbsp;&nbsp; &nbsp; &nbsp; &nbsp; &nbsp; &nbsp;&nbsp;&nbsp;&nbsp;&nbsp;&nbsp;&nbsp;&nbsp;&nbsp;&nbsp;&nbsp;&nbsp;&nbsp;&nbsp;&nbsp;&nbsp; &nbsp; &nbsp; &nbsp; &nbsp; &nbsp; &nbsp; &nbsp; &nbsp; &nbsp; &nbsp; &nbsp; We have been a manufacturer, supplier and exporter of Pizza Box for vending machine that comes in attractive designs. Our Pizza Boxes are manufactured using premium quality basic material. This [&hellip;]<\/p>\n","protected":false},"featured_media":1958,"comment_status":"open","ping_status":"open","template":"","meta":{"_swt_meta_header_display":false,"_swt_meta_footer_display":false,"_swt_meta_site_title_display":false,"_swt_meta_sticky_header":false,"_swt_meta_transparent_header":false},"product_brand":[],"product_cat":[70,68],"product_tag":[],"class_list":{"0":"post-110","1":"product","2":"type-product","3":"status-publish","4":"has-post-thumbnail","6":"product_cat-pizza-vending-machine","7":"product_cat-vending-machine","9":"first","10":"instock","11":"shipping-taxable","12":"product-type-simple"},"_links":{"self":[{"href":"https:\/\/www.hommy.com\/es\/wp-json\/wp\/v2\/product\/110","targetHints":{"allow":["GET"]}}],"collection":[{"href":"https:\/\/www.hommy.com\/es\/wp-json\/wp\/v2\/product"}],"about":[{"href":"https:\/\/www.hommy.com\/es\/wp-json\/wp\/v2\/types\/product"}],"replies":[{"embeddable":true,"href":"https:\/\/www.hommy.com\/es\/wp-json\/wp\/v2\/comments?post=110"}],"wp:featuredmedia":[{"embeddable":true,"href":"https:\/\/www.hommy.com\/es\/wp-json\/wp\/v2\/media\/1958"}],"wp:attachment":[{"href":"https:\/\/www.hommy.com\/es\/wp-json\/wp\/v2\/media?parent=110"}],"wp:term":[{"taxonomy":"product_brand","embeddable":true,"href":"https:\/\/www.hommy.com\/es\/wp-json\/wp\/v2\/product_brand?post=110"},{"taxonomy":"product_cat","embeddable":true,"href":"https:\/\/www.hommy.com\/es\/wp-json\/wp\/v2\/product_cat?post=110"},{"taxonomy":"product_tag","embeddable":true,"href":"https:\/\/www.hommy.com\/es\/wp-json\/wp\/v2\/product_tag?post=110"}],"curies":[{"name":"wp","href":"https:\/\/api.w.org\/{rel}","templated":true}]}}