{"id":109,"date":"2024-07-02T12:08:32","date_gmt":"2024-07-02T12:08:32","guid":{"rendered":"http:\/\/localhost\/hommywp\/pa-c6-c-outdoor-self-pizza-vending-machine-24-hours-a-day\/"},"modified":"2025-08-01T09:57:26","modified_gmt":"2025-08-01T09:57:26","slug":"pa-c6-c-maquina-expendedora-de-pizza-al-aire-libre-en-24-horas","status":"publish","type":"product","link":"https:\/\/www.hommy.com\/es\/p\/pa-c6-c-maquina-expendedora-de-pizza-al-aire-libre-en-24-horas\/","title":{"rendered":"Pa-C6-C M\u00e1quina expendedora de pizzas autom\u00e1tica para exteriores 24 horas al d\u00eda"},"content":{"rendered":"<div>\n<h1 style=\"text-align: center\"><span style=\"font-family: arial, helvetica, sans-serif\"><strong><span style=\"letter-spacing: 0px;font-size: 24px\"><a name=\"Outdoor Automatic Infrared Heating Vending Pizza Machine\"><\/a>M\u00e1quina expendedora autom\u00e1tica de pizza por infrarrojos para exteriores<\/span><\/strong><\/span><\/h1>\n<p style=\"text-align: center\"><a href=\"#Outdoor Automatic Infrared Heating Vending Pizza Machine\" target=\"_self\" data-lv=\"0\" rel=\"noopener\"><span style=\"letter-spacing: 0px;font-family: arial, helvetica, sans-serif;font-size: 18px\">M\u00e1quina expendedora autom\u00e1tica de pizza por infrarrojos para exteriores<\/span><\/a><span style=\"letter-spacing: 0px;font-family: arial, helvetica, sans-serif;font-size: 18px\">|<a href=\"#Product Features\" target=\"_self\" data-lv=\"0\" rel=\"noopener\">Caracter\u00edsticas del producto<\/a>|<a href=\"#Product specification\" target=\"_self\" data-lv=\"0\" rel=\"noopener\">Especificaci\u00f3n del producto<\/a>|<a href=\"#Product Advantage\" target=\"_self\" data-lv=\"0\" rel=\"noopener\">Ventajas del producto<\/a><\/span><\/p>\n<p style=\"text-align: center\"><span style=\"font-family: arial, helvetica, sans-serif\"><strong><span style=\"letter-spacing: 0px;font-size: 24px\"><br \/><\/span><\/strong><\/span><\/p>\n<p><\/p>\n<p style=\"text-align: center\">&nbsp;&nbsp;&nbsp;&nbsp;<\/p>\n<p>La m\u00e1quina auto expendedora de pizzas para exteriores es muy f\u00e1cil de manejar y est\u00e1 dise\u00f1ada para servirle pizzas de la mejor calidad.<\/p>\n<p><\/p>\n<p>Fabricamos y suministramos m\u00e1quinas auto expendedoras de pizza para exteriores que pueden ser manejadas por cualquier persona sin necesidad de conocimientos t\u00e9cnicos. La m\u00e1quina expendedora de pizza al aire libre se fabrica en nuestra unidad de producci\u00f3n bien equipada y es una soluci\u00f3n sencilla para pedir y entregar pizza en sus instalaciones.<\/p>\n<p><\/p>\n<p>Nuestra M\u00e1quina Auto Expendedora de Pizza para Exterior est\u00e1 dise\u00f1ada con la \u00faltima tecnolog\u00eda para garantizar que el producto sea seguro y adem\u00e1s proporcione la mejor pizza. Ofrecemos diferentes modelos de M\u00e1quina Auto Expendedora de Pizza para Exterior en el mercado.<\/p>\n<p><span style=\"font-family:\u5b8b\u4f53;letter-spacing:0;font-size:29px\"><\/span><\/p>\n<div class=\"d-tem01-graphic tem01-graphic mockup\" data-detail=\"wrap\">\n<div class=\"cont-section clearfix d-clearfix\">\n<div class=\"col-md-6 col-sm-6 col-xs-6\"><\/p>\n<div class=\"graphic_pic animated wow bounceIn\" data-wow-delay=\".7s\">\n<p style=\"text-align:center\"><img decoding=\"async\" src=\"https:\/\/www.hommy.com\/wp-content\/uploads\/16104204436504.png\" alt=\"product-Hommy-PA-C6-C M\u00e1quina expendedora de pizzas al aire libre en 24 horas-img\" title=\"\"><\/p>\n<\/div>\n<\/div>\n<div class=\"col-md-6 col-sm-6 col-xs-6\">\n<div class=\"right-p\">\n<div class=\"h2 heading\">\n<h1 style=\"margin: 0px;text-indent: 0px;text-align: justify\"><strong><span style=\"letter-spacing: 0px;font-family: arial, helvetica, sans-serif;font-size: 24px\"><a name=\"Product Features\"><\/a>Caracter\u00edsticas del producto<\/span><\/strong><\/h1>\n<p style=\"margin-top:0;margin-right:0;margin-bottom:0;margin-left:0;text-indent:0;text-align:justify\"><span style=\"font-family:\u5b8b\u4f53;letter-spacing:0;font-size:29px\"><br \/><\/span><\/p>\n<p><span style=\"font-family: arial, helvetica, sans-serif;font-size: 18px\">1. Pantalla de 55\" para promoci\u00f3n y funcionamiento de la pantalla de 15\" .<\/span><\/p>\n<p><span style=\"font-family: arial, helvetica, sans-serif;font-size: 18px\">2. El sistema de pago puede aceptar: moneda, billete, moneda Exchang, interfaz de tarjeta de cr\u00e9dito.<\/span><\/p>\n<p><span style=\"font-family: arial, helvetica, sans-serif;font-size: 18px\">3. El congelador interior puede mantener 48pcs 10 \"pizza y mantener la temperatura de -8\u2103 a 10\u2103. <\/span><\/p>\n<p><span style=\"font-family: arial, helvetica, sans-serif;font-size: 18px\">4. La m\u00e1quina dentro de mantener 48 cajas de papel conjunto .<\/span><\/p>\n<p><span style=\"font-family: arial, helvetica, sans-serif;font-size: 18px\">5. Placa de control avanzada de la PC, funci\u00f3n bien programada y funcionamiento estable.<\/span><\/p>\n<p><span style=\"font-family: arial, helvetica, sans-serif;font-size: 18px\">6. El congelador interior tiene pantalla de publicidad de mayor tama\u00f1o y funci\u00f3n de pasteurizaci\u00f3n. <\/span><\/p>\n<p style=\"margin-left:0;text-indent:0\"><span style=\"font-family: arial, helvetica, sans-serif;font-size: 18px\">7. La temperatura del congelador se puede configurar en base a diferentes productos, con la funci\u00f3n de descongelaci\u00f3n autom\u00e1tica, para asegurar que la m\u00e1quina en alta temperatura y alta humedad tiempo en condiciones normales de funcionamiento;<\/span><\/p>\n<p style=\"margin-left:0;text-indent:0\"><span style=\"letter-spacing: 0px;font-family: arial, helvetica, sans-serif;font-size: 18px\">8. Temperatura de calentamiento por infrarrojos <span style=\"letter-spacing: 0px;font-size: 21px;font-family: \u5b8b\u4f53\">\uff1a<\/span>60-300\u2103 necesitan 45-55 segundos para hornear una pizza.<\/span><\/p>\n<p style=\"margin-left:0;text-indent:0\"><span style=\"letter-spacing: 0px;font-family: arial, helvetica, sans-serif;font-size: 18px\">9.  Tama\u00f1o de la casa de infrarrojos :400X400X300mm y potencia :3000W . <\/span><\/p>\n<p style=\"margin-left:0;text-indent:0\"><span style=\"font-family: arial, helvetica, sans-serif;font-size: 18px\">10. Hay una funci\u00f3n de protecci\u00f3n contra fallos de alimentaci\u00f3n, la m\u00e1quina sigue mostrando el poder de estado, tiene la funci\u00f3n de memoria, la funci\u00f3n de protecci\u00f3n contra fugas de sobrecarga, garantizar el funcionamiento seguro de la m\u00e1quina. <\/span><\/p>\n<p style=\"margin-top:0;margin-right:0;margin-bottom:0;margin-left:0;text-indent:0;text-align:justify\"><span style=\"letter-spacing: 0px;font-family: arial, helvetica, sans-serif;font-size: 18px\">11. El lenguaje puede basarse en diferentes pa\u00edses para ajustarlo. <\/span><\/p>\n<p style=\"margin-top:0;margin-right:0;margin-bottom:0;margin-left:0;text-indent:0;text-align:justify\"><span style=\"letter-spacing: 0px;font-family: arial, helvetica, sans-serif;font-size: 18px\">12. Dentro de la m\u00e1quina se almacenan 48 juegos de pizza.<\/span><\/p>\n<p style=\"margin-left:0;text-indent:0\"><span style=\"font-family: arial, helvetica, sans-serif;font-size: 18px\">13. 13. Sistema de gesti\u00f3n remota por ordenador: consulta de detalles de ventas, recordatorio de falta de existencias, recordatorio de aver\u00eda de la m\u00e1quina.<\/span><\/p>\n<p style=\"margin-left:0;text-indent:0\"><span style=\"font-family: arial, helvetica, sans-serif;font-size: 18px\"><span style=\"font-family: Calibri;font-size: 21px\">14. si desea colocar la m\u00e1quina fuera del centro comercial, puede a\u00f1adir un techo que puede <\/span>mantener fuera <span style=\"font-family: Calibri;font-size: 21px\">Viento y <\/span><\/span><\/p>\n<p><span style=\"font-size: 18px;font-family: arial, helvetica, sans-serif\">Lluvia, este techo hecho en metal y el<\/span><span style=\"font-family: arial, helvetica, sans-serif;font-size: 18px\">n Pintura en spray .&nbsp;&nbsp;<\/span><\/p>\n<p><span>&nbsp; &nbsp;<\/span><\/div>\n<\/div>\n<\/div>\n<\/div>\n<\/div>\n<h1><span style=\"font-family: arial, helvetica, sans-serif;font-size: 24px\"><strong><span style=\"font-family: arial, helvetica, sans-serif;letter-spacing: 0px\"><a name=\"Product specification\"><\/a>Especificaci\u00f3n del producto<\/span><\/strong><\/span><\/h1>\n<p><img decoding=\"async\" src=\"https:\/\/www.hommy.com\/wp-content\/uploads\/16104204084083.png\" alt=\"producto-Hommy-img\" title=\"\"><\/p>\n<p><\/p>\n<p><span style=\"font-size: 24px;font-family: arial, helvetica, sans-serif\"><strong><span style=\"font-size: 24px;letter-spacing: 0px\"><a name=\"Product Advantage\"><\/a>Ventajas del producto<\/span><\/strong><\/span><\/p>\n<p><span style=\"font-size: 24px;font-family: arial, helvetica, sans-serif\"><strong><span style=\"font-size: 24px;letter-spacing: 0px\"><\/span><\/strong><\/span><\/p>\n<div class=\"d-tem01-graphic tem01-graphic mockup\" data-detail=\"wrap\">\n<div class=\"cont-section clearfix d-clearfix\">\n<div class=\"col-md-6 col-sm-6 col-xs-6\">\n<div class=\"right-p\">\n<p><span style=\"font-family: arial, helvetica, sans-serif;font-size: 18px\">1. Pantalla de 55\" para promoci\u00f3n y funcionamiento de la pantalla de 15\" .<\/span><\/p>\n<p><span style=\"font-family: Calibri;font-size: 21px\"><br \/><\/span><\/p>\n<p><span style=\"font-family: Calibri;font-size: 21px\"><br \/><\/span><\/p>\n<\/div>\n<div class=\"graphic_pic animated wow bounceIn\" data-wow-delay=\".7s\">\n<p style=\"text-align:center\"><img loading=\"lazy\" decoding=\"async\" src=\"https:\/\/www.hommy.com\/wp-content\/uploads\/16104196119247.jpg\" alt=\"producto-Hommy-img\" title=\"\" width=\"350\" height=\"500\" border=\"0\" vspace=\"0\" style=\"width: 350px;height: 500px\"><\/p>\n<\/div>\n<\/div>\n<div class=\"col-md-6 col-sm-6 col-xs-6\">\n<div class=\"right-p\">\n<div class=\"h2 heading\">\n<p style=\"margin-left:0;text-indent:0\"><span style=\"font-size: 18px;font-family: arial, helvetica, sans-serif\"><span style=\"font-size: 18px;letter-spacing: 0px\">2. Temperatura de calentamiento por infrarrojos <span style=\"font-size: 18px\">\uff1a<\/span><span style=\"font-size: 18px\">60-300\u2103 necesita 45-55 segundos para hornear una pizza<\/span><\/span><span style=\"font-size: 18px;letter-spacing: 0px\">&nbsp;y <\/span><span style=\"font-size: 18px;letter-spacing: 0px\">Tama\u00f1o de la casa de infrarrojos :400X400X300mm y potencia :3000W .&nbsp;<\/span><\/span><\/p>\n<\/div>\n<\/div>\n<div class=\"graphic_pic animated wow bounceIn\" data-wow-delay=\".7s\" style=\"text-align: center\"><img loading=\"lazy\" decoding=\"async\" src=\"https:\/\/www.hommy.com\/wp-content\/uploads\/16104196417509.jpg\" alt=\"producto-Hommy-img\" title=\"\" width=\"350\" height=\"500\" border=\"0\" vspace=\"0\" style=\"width: 350px;height: 500px\"><br \/>\n &nbsp; &nbsp; &nbsp; &nbsp; &nbsp; &nbsp;<\/div>\n<\/div>\n<\/div>\n<\/div>\n<p><span style=\"font-size: 24px;font-family: arial, helvetica, sans-serif\"><strong><span style=\"font-size: 24px;letter-spacing: 0px\"><\/span><\/strong><\/span><\/p>\n<div class=\"d-tem01-graphic tem01-graphic mockup\" data-detail=\"wrap\">\n<div class=\"cont-section clearfix d-clearfix\">\n<div class=\"col-md-6 col-sm-6 col-xs-6\">\n<div class=\"right-p\">\n<div class=\"h2 heading\">\n<p style=\"margin-top:0;margin-right:0;margin-bottom:0;margin-left:0;text-indent:0;text-align:justify\"><span style=\"font-family: arial, helvetica, sans-serif;font-size: 18px\"><span style=\"font-family: arial, helvetica, sans-serif;letter-spacing: 0px\">3. 48 conjuntos de pizza se almacenan dentro de la m\u00e1quina, mantener la temperatura <\/span><span style=\"font-family: arial, helvetica, sans-serif\">de -8\u2103 a 10\u2103.<\/span><\/span><\/p>\n<\/div>\n<\/div>\n<div class=\"graphic_pic animated wow bounceIn\" data-wow-delay=\".7s\">\n<p style=\"text-align:center\"><img loading=\"lazy\" decoding=\"async\" src=\"https:\/\/www.hommy.com\/wp-content\/uploads\/16104196714693.png\" alt=\"product-PA-C6-C M\u00e1quina expendedora de pizza al aire libre en 24 horas-Hommy-img\" title=\"\" width=\"350\" height=\"500\" border=\"0\" vspace=\"0\" style=\"width: 350px;height: 500px\"><\/p>\n<\/div>\n<\/div>\n<div class=\"col-md-6 col-sm-6 col-xs-6\">\n<div class=\"right-p\">\n<div class=\"h2 heading\">\n<p><span style=\"font-family: arial, helvetica, sans-serif;font-size: 18px\">4.The m\u00e1quina dentro de mantener 48 cajas de papel conjunto .<\/span><\/p>\n<p><span style=\"font-family:Calibri;font-size:21px\"><br \/><\/span><\/p>\n<\/div>\n<\/div>\n<div class=\"graphic_pic animated wow bounceIn\" data-wow-delay=\".7s\">\n<p style=\"text-align:center\"><img loading=\"lazy\" decoding=\"async\" src=\"https:\/\/www.hommy.com\/wp-content\/uploads\/16104198243763.png\" alt=\"producto-Hommy-img\" title=\"\" width=\"350\" height=\"500\" border=\"0\" vspace=\"0\" style=\"width: 350px;height: 500px\"><\/p>\n<\/div>\n<\/div>\n<\/div>\n<\/div>\n<p><span style=\"font-size: 24px;font-family: arial, helvetica, sans-serif\"><strong><span style=\"font-size: 24px;letter-spacing: 0px\"><\/span><\/strong><\/span><\/p>\n<div class=\"d-tem01-graphic tem01-graphic mockup\" data-detail=\"wrap\">\n<div class=\"cont-section clearfix d-clearfix\">\n<div class=\"col-md-6 col-sm-6 col-xs-6\">\n<div class=\"right-p\">\n<div class=\"h2 heading\">\n<p><span style=\"font-family: arial, helvetica, sans-serif;font-size: 18px\"><span style=\"font-family: arial, helvetica, sans-serif;letter-spacing: 0px\">5.<\/span><span style=\"font-family: arial, helvetica, sans-serif\">El sistema de pago puede aceptar: moneda, billete, moneda de cambio, interfaz de tarjeta de cr\u00e9dito.<\/span><\/span><\/p>\n<p><span style=\"font-family:Calibri;font-size:21px\"><br \/><\/span><\/p>\n<\/div>\n<\/div>\n<div class=\"graphic_pic animated wow bounceIn\" data-wow-delay=\".7s\">\n<p style=\"text-align:center\"><img loading=\"lazy\" decoding=\"async\" src=\"https:\/\/www.hommy.com\/wp-content\/uploads\/16104201591239.png\" alt=\"product-Hommy-PA-C6-C M\u00e1quina expendedora de pizzas al aire libre en 24 horas-img-1\" title=\"\" width=\"350\" height=\"500\" border=\"0\" vspace=\"0\" style=\"width: 350px;height: 500px\"><\/p>\n<\/div>\n<\/div>\n<div class=\"col-md-6 col-sm-6 col-xs-6\">\n<div class=\"right-p\">\n<div class=\"h2 heading\">\n<p><span style=\"font-family: arial, helvetica, sans-serif;font-size: 18px\">6. 6. Sistema de gesti\u00f3n remota por ordenador: consulta de detalles de ventas, recordatorio de faltas, recordatorio de aver\u00edas de la m\u00e1quina.<\/span><\/p>\n<\/div>\n<\/div>\n<div class=\"graphic_pic animated wow bounceIn\" data-wow-delay=\".7s\">\n<p style=\"text-align:center\"><img loading=\"lazy\" decoding=\"async\" src=\"https:\/\/www.hommy.com\/wp-content\/uploads\/16104201952697.jpg\" alt=\"producto-Hommy-img-1\" title=\"\" width=\"350\" height=\"500\" border=\"0\" vspace=\"0\" style=\"width: 350px;height: 500px\"><\/p>\n<\/div>\n<\/div>\n<\/div>\n<\/div>\n<p><span style=\"font-family:\u5b8b\u4f53;letter-spacing:0;font-size:29px\"><\/span><\/p>\n<h2>\u00bfC\u00f3mo se hace PizzaForno?<\/h2>\n<p style=\"margin-top: 5px;margin-bottom: 5px\"><\/p>\n<p style=\"margin-top: 5px;margin-bottom: 5px\">PizzaForno se elabora con los mejores ingredientes, un hermoso horno de le\u00f1a y mucho amor.<\/p>\n<p style=\"margin-top: 5px;margin-bottom: 5px\"><\/p>\n<p style=\"margin-top: 5px;margin-bottom: 5px\">Lo hacemos todo desde cero, con los mejores ingredientes que tenemos a mano. Nos encanta abastecernos de productos locales, as\u00ed que hacemos nuestras pizzas con harina ecol\u00f3gica no modificada gen\u00e9ticamente, huevos ecol\u00f3gicos de corral y productos l\u00e1cteos ecol\u00f3gicos. A\u00f1adimos nuestras propias hierbas frescas y lo hacemos todo desde cero.<\/p>\n<p style=\"margin-top: 5px;margin-bottom: 5px\"><\/p>\n<h2>\u00bfCu\u00e1nto cuesta una pizzer\u00eda robotizada?<\/h2>\n<p style=\"margin-top: 5px;margin-bottom: 5px\"><\/p>\n<p style=\"margin-top: 5px;margin-bottom: 5px\">Si es la primera vez que compra, puede leer nuestro art\u00edculo sobre cu\u00e1nto cuesta una pizzera robotizada aqu\u00ed. Si quieres comprar una de nuestras pizzeras recomendadas, puedes leer nuestro art\u00edculo sobre cu\u00e1nto cuestan aqu\u00ed.<\/p>\n<p style=\"margin-top: 5px;margin-bottom: 5px\"><\/p>\n<h2>\u00bf800 grados es una cadena?<\/h2>\n<p style=\"margin-top: 5px;margin-bottom: 5px\"><\/p>\n<p style=\"margin-top: 5px;margin-bottom: 5px\">A:<\/p>\n<p style=\"margin-top: 5px;margin-bottom: 5px\"><\/p>\n<p style=\"margin-top: 5px;margin-bottom: 5px\">La longitud de la cadena es la longitud real de la cadena, no el n\u00famero de eslabones.  Los eslabones son los enlaces reales entre los platos, normalmente de aluminio o acero.<\/p>\n<p style=\"margin-top: 5px;margin-bottom: 5px\">La cadena s\u00f3lo puede estirarse hasta cierto punto, y cuando lo hace se da\u00f1a.  Por tanto, la cadena debe sustituirse cuando se estira m\u00e1s de lo previsto.<\/p>\n<\/p><\/div>","protected":false},"excerpt":{"rendered":"<p>Outdoor Automatic Infrared Heating Vending Pizza Machine Outdoor Automatic Infrared Heating Vending Pizza Machine|Product Features|Product specification|Product Advantage &nbsp;&nbsp;&nbsp;&nbsp; Outdoor Self Pizza Vending Machine is very simple to operate and is designed to serve you with the best quality pizza. We manufacture and supply Outdoor Self Pizza Vending Machine that can be operated by anyone with [&hellip;]<\/p>\n","protected":false},"featured_media":101,"comment_status":"open","ping_status":"open","template":"","meta":{"_swt_meta_header_display":false,"_swt_meta_footer_display":false,"_swt_meta_site_title_display":false,"_swt_meta_sticky_header":false,"_swt_meta_transparent_header":false},"product_brand":[],"product_cat":[70,68],"product_tag":[],"class_list":{"0":"post-109","1":"product","2":"type-product","3":"status-publish","4":"has-post-thumbnail","6":"product_cat-pizza-vending-machine","7":"product_cat-vending-machine","9":"first","10":"instock","11":"shipping-taxable","12":"product-type-simple"},"_links":{"self":[{"href":"https:\/\/www.hommy.com\/es\/wp-json\/wp\/v2\/product\/109","targetHints":{"allow":["GET"]}}],"collection":[{"href":"https:\/\/www.hommy.com\/es\/wp-json\/wp\/v2\/product"}],"about":[{"href":"https:\/\/www.hommy.com\/es\/wp-json\/wp\/v2\/types\/product"}],"replies":[{"embeddable":true,"href":"https:\/\/www.hommy.com\/es\/wp-json\/wp\/v2\/comments?post=109"}],"wp:featuredmedia":[{"embeddable":true,"href":"https:\/\/www.hommy.com\/es\/wp-json\/wp\/v2\/media\/101"}],"wp:attachment":[{"href":"https:\/\/www.hommy.com\/es\/wp-json\/wp\/v2\/media?parent=109"}],"wp:term":[{"taxonomy":"product_brand","embeddable":true,"href":"https:\/\/www.hommy.com\/es\/wp-json\/wp\/v2\/product_brand?post=109"},{"taxonomy":"product_cat","embeddable":true,"href":"https:\/\/www.hommy.com\/es\/wp-json\/wp\/v2\/product_cat?post=109"},{"taxonomy":"product_tag","embeddable":true,"href":"https:\/\/www.hommy.com\/es\/wp-json\/wp\/v2\/product_tag?post=109"}],"curies":[{"name":"wp","href":"https:\/\/api.w.org\/{rel}","templated":true}]}}