{"id":1056,"date":"2024-07-02T17:44:56","date_gmt":"2024-07-02T17:44:56","guid":{"rendered":"http:\/\/localhost\/hommywp\/hm123-3-tanks-ice-slushie-maker-slushy-juice-dispenser-supplier\/"},"modified":"2025-08-01T09:57:50","modified_gmt":"2025-08-01T09:57:50","slug":"hm123-granizadora","status":"publish","type":"product","link":"https:\/\/www.hommy.com\/es\/p\/hm123-granizadora\/","title":{"rendered":"Hm123 3 tanques de hielo granizados, granizados, dispensador de jugo de proveedores"},"content":{"rendered":"<div>\n<p style=\"text-align: center;\">\n<p style=\"text-align: center;\"><strong style=\"color: inherit; font-family: inherit; font-size: 30px; text-align: center;\"><span style=\"letter-spacing: 0px; font-size: 29px; font-family: arial, helvetica, sans-serif;\"><a name=\"Slush ice machine\"><\/a>M\u00e1quina de hielo granizado<\/span><\/strong><\/p>\n<p style=\"text-align: center;\"><a href=\"#Slush ice machine\" target=\"_self\" rel=\"noopener\" data-lv=\"0\"><span style=\"font-family: arial, helvetica, sans-serif; font-size: 16px;\">M\u00e1quina de hielo granizado<\/span><\/a><span style=\"font-family: arial, helvetica, sans-serif; font-size: 16px;\">|<a href=\"#ProductFeatures\" target=\"_self\" rel=\"noopener\" data-lv=\"0\">Caracter\u00edsticas del producto<\/a>|<a href=\"#Product specification\" target=\"_self\" rel=\"noopener\" data-lv=\"0\">Especificaci\u00f3n del producto<\/a>|<a href=\"#Product Advantage\" target=\"_self\" rel=\"noopener\" data-lv=\"0\">Ventajas del producto<\/a><\/span><\/p>\n<h2><span style=\"letter-spacing: 0px; font-family: Helvetica; font-size: 16px;\">Estas m\u00e1quinas se fabrican utilizando las mejores materias primas de calidad en el cumplimiento de las normas industriales establecidas. Estos Slushie Makers son ampliamente utilizados en la industria l\u00e1ctea, procesamiento de alimentos, jugos y bebidas, cervecer\u00edas, panader\u00edas, helados, confiter\u00eda, panader\u00eda, helados y refrescos industrias manufactureras. La granizadora puede manejarse f\u00e1cilmente con ayuda de un modo manual o autom\u00e1tico. Esta m\u00e1quina est\u00e1 equipada con un recipiente de altura ajustable para dispensar la bebida granizada. Nuestra gama de granizadoras se utiliza tanto para bebidas fr\u00edas como calientes.<\/span><\/h2>\n<div class=\"d-tem01-graphic tem01-graphic mockup\" data-detail=\"wrap\">\n<div class=\"cont-section clearfix d-clearfix\">\n<div class=\"col-md-6 col-sm-6 col-xs-6\">\n<div class=\"right-p\">\n<div class=\"h2 heading\"><img decoding=\"async\" style=\"text-align: center; font-size: 14px;\" title=\"\" src=\"https:\/\/www.hommy.com\/wp-content\/uploads\/16030983848017.jpg\" alt=\"producto-Hommy-img\"><\/div>\n<\/div>\n<\/div>\n<div class=\"col-md-6 col-sm-6 col-xs-6\">\n<div class=\"right-p\">\n<div class=\"h2 heading\">\n<p style=\"text-indent: 0; text-align: justify; margin: 0;\"><span style=\"font-size: 24px;\"><strong><span style=\"letter-spacing: 0px; font-family: arial, helvetica, sans-serif;\"><a name=\"Product Features\"><\/a>Caracter\u00edsticas del producto<\/span><\/strong><\/span><\/p>\n<p style=\"text-indent: 0; text-align: justify; margin: 0;\"><span style=\"font-family: \u5b8b\u4f53; letter-spacing: 0; font-size: 29px;\">\u00a0<\/span><\/p>\n<p style=\"text-indent: 0; text-align: justify; margin: 0;\"><span style=\"font-family: arial, helvetica, sans-serif; font-size: 16px;\">1. Cada cuenco tiene temperatura de control independiente . <\/span><\/p>\n<p style=\"text-indent: 0; text-align: justify; margin: 0;\"><span style=\"font-family: arial, helvetica, sans-serif; font-size: 16px;\">2. Carcasa de acero inoxidable duradero<\/span><\/p>\n<p style=\"text-indent: 0; text-align: justify; margin: 0;\"><span style=\"font-family: arial, helvetica, sans-serif; font-size: 16px;\">3. F\u00e1cil de mantener y de manejar.<\/span><\/p>\n<p style=\"text-indent: 0; text-align: justify; margin: 0;\"><span style=\"font-family: arial, helvetica, sans-serif; font-size: 16px;\">4. Temperatura de trabajo :-1,1a -2,0drgree.Tiempo de enfriamiento : 25-60 minutos <\/span><\/p>\n<p style=\"text-indent: 0; text-align: justify; margin: 0;\"><span style=\"font-family: arial, helvetica, sans-serif; font-size: 16px;\">5. Cada cuenco tiene una capacidad de 15 litros.<\/span><\/p>\n<p style=\"text-indent: 0; text-align: justify; margin: 0;\"><span style=\"font-family: arial, helvetica, sans-serif; font-size: 16px;\">6. Alta eficiencia con agitaci\u00f3n horizontal y ahorro de energ\u00eda con un potente cilindro<\/span><\/p>\n<p style=\"text-indent: 0; text-align: justify; margin: 0;\"><span style=\"font-family: arial, helvetica, sans-serif; font-size: 16px;\">7. Bandeja de goteo extra\u00edble: c\u00f3moda de limpiar <\/span><\/p>\n<p style=\"text-indent: 0; text-align: justify; margin: 0;\"><span style=\"font-family: arial, helvetica, sans-serif; font-size: 16px;\">8. Esta m\u00e1quina puede hacer aguanieve y agua fr\u00eda para que usted elija .<\/span><\/p>\n<p style=\"text-indent: 0; text-align: justify; margin: 0;\"><span style=\"font-family: arial, helvetica, sans-serif; font-size: 16px;\">9. la cubierta tiene luz led, cuando se cierra la cubierta que se abrir\u00e1 autom\u00e1ticamente. <\/span><\/p>\n<p style=\"text-indent: 0; text-align: justify; margin: 0;\"><span style=\"font-family: arial, helvetica, sans-serif; font-size: 16px;\">10. Dispensa una gran variedad de bebidas, como granizados, c\u00f3cteles helados, zumos de frutas, batidos, caf\u00e9s, capuchinos y granizados de t\u00e9.<\/span><\/p>\n<\/div>\n<\/div>\n<\/div>\n<\/div>\n<\/div>\n<h2><span style=\"font-size: 24px;\"><strong><span style=\"letter-spacing: 0px; font-family: arial, helvetica, sans-serif;\"><a name=\"Product specification\"><\/a>Especificaci\u00f3n del producto<\/span><\/strong><\/span><\/h2>\n<p><img loading=\"lazy\" decoding=\"async\" style=\"width: 1000px; height: 466px;\" title=\"\" src=\"https:\/\/www.hommy.com\/wp-content\/uploads\/16030983347155.png\" alt=\"producto-Hommy-img\" width=\"1000\" height=\"466\" border=\"0\" vspace=\"0\"><\/p>\n<p><strong><span style=\"letter-spacing: 0px; font-family: arial, helvetica, sans-serif; font-size: 24px;\"><a name=\"Product Advantage\"><\/a>Ventajas del producto<\/span><\/strong><\/p>\n<div class=\"d-tem01-graphic tem01-graphic mockup\" data-detail=\"wrap\">\n<div class=\"cont-section clearfix d-clearfix\">\n<div class=\"col-md-6 col-sm-6 col-xs-6\">\n<div class=\"right-p\">\n<div class=\"h2 heading\">\n<p style=\"text-indent: 0; padding: 0; vertical-align: baseline;\"><span style=\"letter-spacing: 0px; font-size: 16px; font-family: arial, helvetica, sans-serif;\">1. La cubierta tiene luz LED, cuando se cierra la tapa del tanque que se abrir\u00e1 autom\u00e1ticamente, hemos a\u00f1adir un sensor en el interior de la parte inferior de la cubierta.<\/span><\/p>\n<p style=\"text-indent: 0; padding: 0; vertical-align: baseline;\"><span style=\"font-family: \u5b8b\u4f53; letter-spacing: 0; font-size: 20px;\">\u00a0<\/span><\/p>\n<p style=\"text-indent: 0; padding: 0; vertical-align: baseline;\"><span style=\"font-family: \u5b8b\u4f53; letter-spacing: 0; font-size: 20px;\">\u00a0<\/span><\/p>\n<\/div>\n<\/div>\n<div class=\"graphic_pic animated wow bounceIn\" data-wow-delay=\".7s\">\n<p style=\"text-align: center;\"><img loading=\"lazy\" decoding=\"async\" style=\"width: 350px; height: 500px;\" title=\"\" src=\"https:\/\/www.hommy.com\/wp-content\/uploads\/16030985995267.jpg\" alt=\"producto-Hommy-img\" width=\"350\" height=\"500\" border=\"0\" vspace=\"0\"><\/p>\n<\/div>\n<\/div>\n<div class=\"col-md-6 col-sm-6 col-xs-6\">\n<div class=\"right-p\">\n<div class=\"h2 heading\">\n<p style=\"text-indent: 0; padding: 0; vertical-align: baseline;\"><span style=\"letter-spacing: 0px; font-size: 16px; font-family: arial, helvetica, sans-serif;\">2. La m\u00e1quina puede hacer aguanieve y agua de refrigeraci\u00f3n para que usted elija . utilizamos la temperatura para controlarlo , el sensor de temperatura que es material t\u00e1ctil .<\/span><span style=\"font-family: \u5b8b\u4f53; letter-spacing: 0; font-size: 20px;\">\u00a0<\/span><\/p>\n<p style=\"text-indent: 0; padding: 0; vertical-align: baseline;\"><span style=\"font-family: \u5b8b\u4f53; letter-spacing: 0; font-size: 20px;\">\u00a0<\/span><\/p>\n<\/div>\n<\/div>\n<div class=\"graphic_pic animated wow bounceIn\" data-wow-delay=\".7s\">\n<p style=\"text-align: center;\"><img loading=\"lazy\" decoding=\"async\" style=\"width: 350px; height: 350px;\" title=\"\" src=\"https:\/\/www.hommy.com\/wp-content\/uploads\/16030986283305.jpg\" alt=\"producto-Hommy-HM123 granizadora-img\" width=\"350\" height=\"350\" border=\"0\" vspace=\"0\"><\/p>\n<\/div>\n<\/div>\n<\/div>\n<\/div>\n<div class=\"d-tem01-graphic tem01-graphic mockup\" data-detail=\"wrap\">\n<div class=\"cont-section clearfix d-clearfix\">\n<div class=\"col-md-6 col-sm-6 col-xs-6\">\n<div class=\"right-p\">\n<div class=\"h2 heading\">\n<p style=\"text-indent: 0; padding: 0; vertical-align: baseline;\"><span style=\"letter-spacing: 0px; font-family: arial, helvetica, sans-serif; font-size: 16px;\">3. El medio de la m\u00e1quina agrega una cacerola que se escapa, cuando el tanque deja el agua de enfriamiento, esta cacerola y la guarda fluye a la cacerola in\u00fatil.<\/span><span style=\"font-family: \u5b8b\u4f53; letter-spacing: 0; font-size: 20px;\">\u00a0<\/span><\/p>\n<\/div>\n<\/div>\n<div class=\"graphic_pic animated wow bounceIn\" data-wow-delay=\".7s\">\n<p style=\"text-align: center;\"><img loading=\"lazy\" decoding=\"async\" style=\"width: 350px; height: 500px;\" title=\"\" src=\"https:\/\/www.hommy.com\/wp-content\/uploads\/16030986689326.png\" alt=\"producto-Hommy-img\" width=\"350\" height=\"500\" border=\"0\" vspace=\"0\"><\/p>\n<\/div>\n<\/div>\n<div class=\"col-md-6 col-sm-6 col-xs-6\">\n<div class=\"right-p\">\n<div class=\"h2 heading\">\n<p style=\"text-indent: 0; padding: 0; vertical-align: baseline;\"><span style=\"letter-spacing: 0px; font-size: 16px; font-family: arial, helvetica, sans-serif;\">4. Cada tanque que utilizamos Control de temperatura individual, la m\u00e1quina inteligente convierte autom\u00e1ticamente la temperatura actual de cada tanque .<\/span><\/p>\n<\/div>\n<\/div>\n<div class=\"graphic_pic animated wow bounceIn\" data-wow-delay=\".7s\">\n<p style=\"text-align: center;\"><img loading=\"lazy\" decoding=\"async\" style=\"width: 350px; height: 500px;\" title=\"\" src=\"https:\/\/www.hommy.com\/wp-content\/uploads\/16030986943618.jpg\" alt=\"producto-HM123 granizadora-Hommy-img\" width=\"350\" height=\"500\" border=\"0\" vspace=\"0\"><\/p>\n<\/div>\n<\/div>\n<\/div>\n<\/div>\n<p>Documento:<img decoding=\"async\" style=\"margin-right: 2px;\" src=\"https:\/\/www.hommy.com\/wp-content\/uploads\/icon_pdf-85.gif\" alt=\"producto-Hommy-img-1\" title=\"\"><a style=\"font-size: 12px;\" title=\"16031724368516.pdf\" href=\"https:\/\/img80002414.weyesimg.com\/uploads\/www.hommy.com\/addon\/16031724368516.pdf\">16031724368516.pdf<\/a><\/p>\n<h2 style=\"font-family: sans-serif;\">\u00bfQu\u00e9 es el aguanieve?<\/h2>\n<p style=\"margin-top: 5px; margin-bottom: 5px; font-family: sans-serif; font-size: 16px;\">El aguanieve es una mezcla de agua, nieve y hielo. No es como la lluvia, que es agua que cae del cielo y se derrite, convirti\u00e9ndose en un charco. El aguanieve es una forma s\u00f3lida de agua, congelada en un s\u00f3lido, y es s\u00f3lida porque el agua est\u00e1 congelada, y el agua est\u00e1 congelada porque la temperatura del aire est\u00e1 por debajo del punto de congelaci\u00f3n. El aguanieve se produce cuando la nieve se derrite en un ambiente fr\u00edo y h\u00famedo.<\/p>\n<p style=\"margin-top: 5px; margin-bottom: 5px; font-family: sans-serif; font-size: 16px;\">\n<h2 style=\"font-family: sans-serif;\">\u00bfC\u00f3mo se hace un Slurpee de manzana?<\/h2>\n<p style=\"margin-top: 5px; margin-bottom: 5px; font-family: sans-serif; font-size: 16px;\">Primero empiezas haciendo una tarta de manzana, s\u00f3lo que en vez de canela le pones zumo de manzana. Luego la congelas toda la noche y al d\u00eda siguiente le echas Coca-Cola o Sprite. (Este paso es opcional.)Recuerdo estar sentada en mi habitaci\u00f3n de la Slurpee Factory la noche antes de mi cumplea\u00f1os. Estaba en mi cama, cubierta de masa pegajosa de tarta de manzana y sirope de Coca-Cola. Mi madre estaba de pie en el sal\u00f3n, paseando, con una camiseta, vaqueros y zapatillas de deporte. Llevaba el mismo peinado de siempre y las u\u00f1as limpias, pero parec\u00eda tensa e inquieta. \"Ser\u00e1 mejor que tengas cuidado\", repet\u00eda, \"hay mucho jarabe ah\u00ed fuera\". El olor a tarta de manzana era fuerte, tanto que pod\u00eda sentirlo incluso en mi habitaci\u00f3n.<\/p>\n<p style=\"margin-top: 5px; margin-bottom: 5px; font-family: sans-serif; font-size: 16px;\">\n<h2 style=\"font-family: sans-serif;\">\u00bfSe puede utilizar el sirope de los conos de nieve para hacer granizados?<\/h2>\n<p style=\"margin-top: 5px; margin-bottom: 5px; font-family: sans-serif; font-size: 16px;\">Respuesta: S\u00ed. Y adem\u00e1s sabe muy bien. Este sirope procede de la planta de la ca\u00f1a de az\u00facar y es muy popular en muchas partes del mundo. Se puede comprar jarabe de ca\u00f1a de az\u00facar en casi cualquier tienda de ultramarinos o asi\u00e1tica. Es una fuente natural de az\u00facar. Y tiene un dulzor natural que hace que los granizados sepan \u00a1muy bien!<\/p>\n<\/div>","protected":false},"excerpt":{"rendered":"<p>Slush ice machine Slush ice machine|ProductFeatures|Product specification|Product Advantage These machines are manufactured using the finest quality raw materials in compliance with set industry standards. These Slushie Makers are widely used in Dairy Industry, food processing, juice and beverage, breweries, bakeries, ice cream, confectionary, bakery, ice cream and soft drink manufacturing industries. Slushie Maker can be [&hellip;]<\/p>\n","protected":false},"featured_media":1049,"comment_status":"closed","ping_status":"closed","template":"","meta":{"_swt_meta_header_display":false,"_swt_meta_footer_display":false,"_swt_meta_site_title_display":false,"_swt_meta_sticky_header":false,"_swt_meta_transparent_header":false},"product_brand":[],"product_cat":[91],"product_tag":[],"class_list":{"0":"post-1056","1":"product","2":"type-product","3":"status-publish","4":"has-post-thumbnail","6":"product_cat-slush-machine","8":"first","9":"instock","10":"shipping-taxable","11":"product-type-simple"},"_links":{"self":[{"href":"https:\/\/www.hommy.com\/es\/wp-json\/wp\/v2\/product\/1056","targetHints":{"allow":["GET"]}}],"collection":[{"href":"https:\/\/www.hommy.com\/es\/wp-json\/wp\/v2\/product"}],"about":[{"href":"https:\/\/www.hommy.com\/es\/wp-json\/wp\/v2\/types\/product"}],"replies":[{"embeddable":true,"href":"https:\/\/www.hommy.com\/es\/wp-json\/wp\/v2\/comments?post=1056"}],"wp:featuredmedia":[{"embeddable":true,"href":"https:\/\/www.hommy.com\/es\/wp-json\/wp\/v2\/media\/1049"}],"wp:attachment":[{"href":"https:\/\/www.hommy.com\/es\/wp-json\/wp\/v2\/media?parent=1056"}],"wp:term":[{"taxonomy":"product_brand","embeddable":true,"href":"https:\/\/www.hommy.com\/es\/wp-json\/wp\/v2\/product_brand?post=1056"},{"taxonomy":"product_cat","embeddable":true,"href":"https:\/\/www.hommy.com\/es\/wp-json\/wp\/v2\/product_cat?post=1056"},{"taxonomy":"product_tag","embeddable":true,"href":"https:\/\/www.hommy.com\/es\/wp-json\/wp\/v2\/product_tag?post=1056"}],"curies":[{"name":"wp","href":"https:\/\/api.w.org\/{rel}","templated":true}]}}