{"id":1040,"date":"2024-07-02T17:42:05","date_gmt":"2024-07-02T17:42:05","guid":{"rendered":"http:\/\/localhost\/hommywp\/pa-d2-pizza-cone-warmer-promotional-display-showcase-price-list\/"},"modified":"2025-08-01T09:57:50","modified_gmt":"2025-08-01T09:57:50","slug":"armario-calienta-pizzas-conico-electrico","status":"publish","type":"product","link":"https:\/\/www.hommy.com\/es\/p\/armario-calienta-pizzas-conico-electrico\/","title":{"rendered":"Pa-D2 Calentador de cucuruchos de pizza Escaparate promocional Lista de precios"},"content":{"rendered":"<div>\n<p>&nbsp;<\/p>\n<h2 style=\"text-align: center\"><strong><span style=\"font-family: arial, helvetica, sans-serif;font-size: 24px\"><a name=\"Electric Cone Pizza Warmer Cabinet\/ Electronic cone pizza displayer\"><\/a>Mueble calienta pizzas cucurucho el\u00e9ctrico\/ Expositor electr\u00f3nico de pizzas cucurucho<\/span><\/strong><\/h2>\n<p style=\"text-align: center\"><a href=\"#Electric Cone Pizza Warmer Cabinet\" target=\"_self\" data-lv=\"0\" rel=\"noopener\"><span style=\"font-family: arial, helvetica, sans-serif;font-size: 16px\">Armario calienta pizzas c\u00f3nico el\u00e9ctrico<\/span><\/a><span style=\"font-family: arial, helvetica, sans-serif;font-size: 16px\">|<a href=\"#Pizza display warmer\" target=\"_self\" data-lv=\"0\" rel=\"noopener\">Calentador expositor de pizzas<\/a>|<a href=\"#PRODUCT SPECIFICATION\" target=\"_self\" data-lv=\"0\" rel=\"noopener\">ESPECIFICACI\u00d3N DEL PRODUCTO<\/a>|<a href=\"#PRODUCT DETAILS\" target=\"_self\" data-lv=\"0\" rel=\"noopener\">DETALLES DEL PRODUCTO<\/a>|<a href=\"#PRODUCT ADVANTAGE\" target=\"_self\" data-lv=\"0\" rel=\"noopener\">VENTAJA DEL PRODUCTO<\/a><\/span><\/p>\n<p style=\"text-align: center\">&nbsp;<\/p>\n<p><!-- Video start --><video poster=\"https:\/\/img80002414.weyesimg.com\/uploads\/wij2rdgc.allweyes.com\/video\/15553191989018.mp4?vframe\/jpg\/offset\/1\" id=\"video\" preload=\"auto\" controls=\"controls\" style=\"width:100%;height:510px\"><\/video><!-- Video end --><\/p>\n<p>Cada uno de los Pizza Cone Warmer Display ofrecido por nosotros tiene varias caracter\u00edsticas que permite el uso de una amplia variedad de aplicaciones. Por otra parte, entregamos el cono de pizza Display Warmer al cliente seg\u00fan sus requisitos especificados.<\/p>\n<p><\/p>\n<p>Nuestra Pizza Cono Calentador Display que se hace de los materiales de grado superior para garantizar el rendimiento \u00f3ptimo. Aparte de esto, nuestros ingenieros aseguran que ofrecen una resistencia \u00f3ptima contra cualquier clima extremo. Por otra parte, tambi\u00e9n hemos instalado el Pizza Cone Warmer Display en los lugares estrat\u00e9gicos para darles una mejor accesibilidad.&nbsp;<\/p>\n<div class=\"d-tem11-graphic tem11-graphic mockup\" data-detail=\"wrap\">\n<div class=\"tab_row\">\n<div class=\"img\" style=\"width:50%\">\n<p style=\"text-align:center\"><img loading=\"lazy\" decoding=\"async\" src=\"https:\/\/www.hommy.com\/wp-content\/uploads\/15795038361160.jpg\" alt=\"producto-Hommy-img\" title=\"\" width=\"400\" height=\"561\" border=\"0\" vspace=\"0\" style=\"width: 400px;height: 561px\"><\/p>\n<\/div>\n<div class=\"text_box\" style=\"width:50%\">\n<div class=\"txt\">\n<h2><span style=\"font-family: arial, helvetica, sans-serif;font-size: 24px\"><strong><span style=\"font-family: arial, helvetica, sans-serif\"><a name=\"Pizza display warmer\"><\/a>Calentador expositor de pizzas<\/span><\/strong><\/span><\/h2>\n<p><span style=\"font-size: 18px\"><br \/><\/span><\/p>\n<div class=\"description\">\n<p>Bonito escaparate de dise\u00f1o<\/p>\n<p>Estante giratorio<\/p>\n<p>2 calentadores, stam y seco<\/p>\n<p>Lata apta para todas las normas el\u00e9ctricas<\/p>\n<p>Control autom\u00e1tico de temperatura y humedad. Convecci\u00f3n forzada de aire con cristal en todos los lados.<\/p>\n<p>Lo mejor para exponer pizza y atraer clientes<\/p>\n<p><\/p>\n<\/div>\n<\/div>\n<\/div>\n<\/div>\n<\/div>\n<div class=\"text-left d-tem09-title d-interval\" data-detail=\"wrap\">\n<div class=\"title-header\">\n<h2><strong><span style=\"font-size: 24px;font-family: arial, helvetica, sans-serif\"><a name=\"PRODUCT SPECIFICATION\"><\/a>ESPECIFICACI\u00d3N DEL PRODUCTO<\/span><\/strong><\/h2>\n<div class=\"subtitle\"><span>La excelente experiencia del cliente es el punto de partida de Hommy.<\/span><\/div>\n<\/div>\n<\/div>\n<p>&nbsp;<\/p>\n<div class=\"table-responsive\">\n<table class=\"table table-bordered table-hover\">\n<tbody>\n<tr class=\"firstRow\">\n<td rowspan=\"2\" width=\"146\" valign=\"center\">\n<p style=\"text-align:center\">Producto<\/p>\n<\/td>\n<td rowspan=\"2\" width=\"89\" valign=\"center\">\n<p style=\"text-align:center\">Modelo<\/p>\n<\/td>\n<td colspan=\"2\" width=\"135\" valign=\"center\">\n<p style=\"text-align:center\">Alimentaci\u00f3n<\/p>\n<\/td>\n<td rowspan=\"2\" width=\"117\" valign=\"center\">\n<p style=\"text-align:center\">Capacidad<\/p>\n<\/td>\n<td colspan=\"3\" width=\"266\" valign=\"center\">\n<p style=\"text-align:center\">Neto Dimensiones (mm)<\/p>\n<\/td>\n<td rowspan=\"2\" width=\"124\" valign=\"center\">\n<p style=\"text-align:center\">Funci\u00f3n<\/p>\n<\/td>\n<\/tr>\n<tr>\n<td width=\"61\" valign=\"center\">\n<p style=\"text-align:center\">Tensi\u00f3n<\/p>\n<\/td>\n<td width=\"73\" valign=\"center\">\n<p style=\"text-align:center\">HZ<\/p>\n<\/td>\n<td width=\"86\" valign=\"center\">\n<p style=\"text-align:center\">Anchura<\/p>\n<\/td>\n<td width=\"93\" valign=\"center\">\n<p style=\"text-align:center\">Profundidad<\/p>\n<\/td>\n<td width=\"86\" valign=\"center\">\n<p style=\"text-align:center\">Altura<\/p>\n<\/td>\n<\/tr>\n<tr>\n<td width=\"146\" valign=\"center\">\n<p style=\"text-align:center\">Expositor de conos de pizza<\/p>\n<\/td>\n<td width=\"89\" valign=\"center\">\n<p style=\"text-align:center\">PA-D1<\/p>\n<\/td>\n<td width=\"61\" valign=\"center\">\n<p style=\"text-align:center\">220V<\/p>\n<\/td>\n<td width=\"73\" valign=\"center\">\n<p style=\"text-align:center\">50\/60HZ<\/p>\n<\/td>\n<td width=\"117\" valign=\"center\">\n<p style=\"text-align:center\">Una vez hacer 12 piezas de cono<\/p>\n<\/td>\n<td width=\"86\" valign=\"center\">\n<p style=\"text-align:center\">495<\/p>\n<\/td>\n<td width=\"93\" valign=\"center\">\n<p style=\"text-align:center\">495<\/p>\n<\/td>\n<td width=\"86\" valign=\"center\">\n<p style=\"text-align:center\">750<\/p>\n<\/td>\n<td width=\"124\" valign=\"center\">\n<p style=\"text-align:center\">Ajustar la velocidad, girar sobre s\u00ed mismo, mantener el calor<\/p>\n<\/td>\n<\/tr>\n<\/tbody>\n<\/table>\n<\/div>\n<p>&nbsp;<\/p>\n<div class=\"text-left d-tem09-title d-interval\" data-detail=\"wrap\">\n<div class=\"title-header\">\n<h2><strong><span style=\"font-size: 24px;font-family: arial, helvetica, sans-serif\"><a name=\"PRODUCT DETAILS\"><\/a>DETALLES DEL PRODUCTO<\/span><\/strong><\/h2>\n<div class=\"subtitle\"><span>Tras a\u00f1os de desarrollo, hemos establecido una red de distribuci\u00f3n a gran escala en varios pa\u00edses y recibimos buenos comentarios de nuestros clientes.<\/span><\/div>\n<\/div>\n<\/div>\n<p>&nbsp;<\/p>\n<div class=\"d-tem18-graphic d-clearfix d-interval mockup clearfix\" data-detail=\"wrap\">\n<div class=\"col-lg-4 col-md-4 col-sm-4 col-xs-6\">\n<div class=\"item\">\n<div class=\"images\"><img decoding=\"async\" title=\"\" alt=\"producto-Hommy-img\" src=\"https:\/\/www.hommy.com\/wp-content\/uploads\/15553182887769.jpg\"><\/div>\n<\/div>\n<\/div>\n<div class=\"col-lg-4 col-md-4 col-sm-4 col-xs-6\">\n<div class=\"item\">\n<div class=\"images\"><img decoding=\"async\" title=\"\" alt=\"producto-Hommy-img\" src=\"https:\/\/www.hommy.com\/wp-content\/uploads\/15553182987214.jpg\"><\/div>\n<\/div>\n<\/div>\n<div class=\"col-lg-4 col-md-4 col-sm-4 col-xs-6\">\n<div class=\"item\">\n<div class=\"images\"><img decoding=\"async\" title=\"\" alt=\"product-Hommy-Armario el\u00e9ctrico para calentar pizzas conosArmario el\u00e9ctrico para calentar pizzas conos-img\" src=\"https:\/\/www.hommy.com\/wp-content\/uploads\/15553183059375.jpg\"><\/div>\n<\/div>\n<\/div>\n<\/div>\n<p>&nbsp;<\/p>\n<div class=\"d-tem18-graphic d-clearfix d-interval mockup clearfix\" data-detail=\"wrap\">\n<div class=\"col-lg-4 col-md-4 col-sm-4 col-xs-6\">\n<div class=\"item\">\n<div class=\"images\"><img decoding=\"async\" title=\"\" alt=\"producto-Hommy-img\" src=\"https:\/\/www.hommy.com\/wp-content\/uploads\/15553183145692.jpg\"><\/div>\n<\/div>\n<\/div>\n<div class=\"col-lg-4 col-md-4 col-sm-4 col-xs-6\">\n<div class=\"item\">\n<div class=\"images\"><img decoding=\"async\" title=\"\" alt=\"product-Electric Cone Pizza Warmer CabinetCone Pizza Display Warmer-Hommy-img\" src=\"https:\/\/www.hommy.com\/wp-content\/uploads\/15553183237331.jpg\"><\/div>\n<\/div>\n<\/div>\n<div class=\"col-lg-4 col-md-4 col-sm-4 col-xs-6\">\n<div class=\"item\">\n<div class=\"images\"><img decoding=\"async\" title=\"\" alt=\"producto-Hommy-img-1\" src=\"https:\/\/www.hommy.com\/wp-content\/uploads\/15553183308205.jpg\"><\/div>\n<\/div>\n<\/div>\n<\/div>\n<p>&nbsp;<\/p>\n<div class=\"text-left d-tem09-title d-interval\" data-detail=\"wrap\">\n<div class=\"title-header\">\n<h2><strong><span style=\"font-size: 24px;font-family: arial, helvetica, sans-serif\"><a name=\"PRODUCT ADVANTAGE\"><\/a>VENTAJA DEL PRODUCTO<\/span><\/strong><\/h2>\n<p><span>Adem\u00e1s, los ingenieros m\u00e1s cualificados, los tecn\u00f3logos m\u00e1s h\u00e1biles y el personal con m\u00e1s conocimientos contribuyen en gran medida al desarrollo de la empresa.<\/span><\/p>\n<p><span><img loading=\"lazy\" decoding=\"async\" title=\"\" alt=\"producto-Hommy-img-1\" src=\"https:\/\/www.hommy.com\/wp-content\/uploads\/15553183434867.jpg\" style=\"font-size: 0px;width: 300px;height: 600px\" width=\"300\" height=\"600\" border=\"0\" vspace=\"0\"><\/span><\/p>\n<ol style=\"list-style-type: decimal\">\n<li>\n<p>El expositor giratorio de conos de pizza puede mantener toda la comida m\u00e1s caliente.&nbsp; &nbsp; &nbsp; &nbsp; &nbsp; &nbsp; &nbsp; &nbsp; &nbsp; &nbsp; &nbsp; &nbsp; &nbsp; &nbsp;<img loading=\"lazy\" decoding=\"async\" title=\"\" alt=\"producto-Hommy-img-1\" src=\"https:\/\/www.hommy.com\/wp-content\/uploads\/15553183498826.jpg\" style=\"font-size: 0px;width: 300px;height: 200px\" width=\"300\" height=\"200\" border=\"0\" vspace=\"0\"><\/p>\n<\/li>\n<\/ol>\n<p>&nbsp; &nbsp; &nbsp; &nbsp; 2.El tanque puede mantener la comida suave ina mucho tiempo.<\/p>\n<p><span><br \/><\/span><\/p>\n<\/div>\n<\/div>\n<p><\/p>\n<p>Documento\uff1a<img decoding=\"async\" src=\"https:\/\/www.hommy.com\/wp-content\/uploads\/icon_pdf-83.gif\" style=\"margin-right: 2px\" alt=\"product-Hommy-Cono Calentador El\u00e9ctrico de Pizzas Armario Calentador de Conos de Pizza-img-1\" title=\"\"><a href=\"https:\/\/img80002414.weyesimg.com\/uploads\/www.hommy.com\/addon\/16028167588950.pdf\" title=\"16028167588950.pdf\" style=\"font-size: 12px\">16028167588950.pdf<\/a>&nbsp; &nbsp; &nbsp; &nbsp; &nbsp; &nbsp; &nbsp; &nbsp; &nbsp; &nbsp; &nbsp; &nbsp; &nbsp; &nbsp; &nbsp; &nbsp; &nbsp; &nbsp; &nbsp; &nbsp; &nbsp; &nbsp; &nbsp; &nbsp; &nbsp; &nbsp; &nbsp;&nbsp;<\/p>\n<\/div><\/div>","protected":false},"excerpt":{"rendered":"<p>&nbsp; Electric Cone Pizza Warmer Cabinet\/&nbsp;Electronic cone pizza displayer Electric Cone Pizza Warmer Cabinet|Pizza display warmer|PRODUCT SPECIFICATION|PRODUCT DETAILS|PRODUCT ADVANTAGE &nbsp; Each of the Pizza Cone Warmer Display offered by us has various features that enables the use for a wide variety of applications. Moreover, we deliver the Pizza Cone Warmer Display to the client as [&hellip;]<\/p>\n","protected":false},"featured_media":1030,"comment_status":"open","ping_status":"open","template":"","meta":{"_swt_meta_header_display":false,"_swt_meta_footer_display":false,"_swt_meta_site_title_display":false,"_swt_meta_sticky_header":false,"_swt_meta_transparent_header":false},"product_brand":[],"product_cat":[90],"product_tag":[],"class_list":{"0":"post-1040","1":"product","2":"type-product","3":"status-publish","4":"has-post-thumbnail","6":"product_cat-pizza-cone-machine","8":"first","9":"instock","10":"shipping-taxable","11":"product-type-simple"},"_links":{"self":[{"href":"https:\/\/www.hommy.com\/es\/wp-json\/wp\/v2\/product\/1040","targetHints":{"allow":["GET"]}}],"collection":[{"href":"https:\/\/www.hommy.com\/es\/wp-json\/wp\/v2\/product"}],"about":[{"href":"https:\/\/www.hommy.com\/es\/wp-json\/wp\/v2\/types\/product"}],"replies":[{"embeddable":true,"href":"https:\/\/www.hommy.com\/es\/wp-json\/wp\/v2\/comments?post=1040"}],"wp:featuredmedia":[{"embeddable":true,"href":"https:\/\/www.hommy.com\/es\/wp-json\/wp\/v2\/media\/1030"}],"wp:attachment":[{"href":"https:\/\/www.hommy.com\/es\/wp-json\/wp\/v2\/media?parent=1040"}],"wp:term":[{"taxonomy":"product_brand","embeddable":true,"href":"https:\/\/www.hommy.com\/es\/wp-json\/wp\/v2\/product_brand?post=1040"},{"taxonomy":"product_cat","embeddable":true,"href":"https:\/\/www.hommy.com\/es\/wp-json\/wp\/v2\/product_cat?post=1040"},{"taxonomy":"product_tag","embeddable":true,"href":"https:\/\/www.hommy.com\/es\/wp-json\/wp\/v2\/product_tag?post=1040"}],"curies":[{"name":"wp","href":"https:\/\/api.w.org\/{rel}","templated":true}]}}