{"id":1029,"date":"2024-07-02T17:42:00","date_gmt":"2024-07-02T17:42:00","guid":{"rendered":"http:\/\/localhost\/hommywp\/3-heads-semi-automatic-pizza-cone-press-mould-forming-machine\/"},"modified":"2025-08-01T09:57:50","modified_gmt":"2025-08-01T09:57:50","slug":"maquina-de-prensado-de-conos-de-pizza","status":"publish","type":"product","link":"https:\/\/www.hommy.com\/es\/p\/maquina-de-prensado-de-conos-de-pizza\/","title":{"rendered":"M\u00e1quina formadora de moldes de cono de pizza semiautom\u00e1tica de 3 cabezales"},"content":{"rendered":"<div>\n<h2 style=\"text-align: center;\"><strong><span style=\"font-family: arial, helvetica, sans-serif; font-size: 24px;\"><a name=\"Pizza cone press machine\"><\/a>Prensa para conos de pizza<\/span><\/strong><\/h2>\n<p style=\"text-align: center;\"><span style=\"font-family: arial, helvetica, sans-serif; font-size: 16px;\"><a href=\"#Pizza cone press machine\" target=\"_self\" rel=\"noopener\" data-lv=\"0\">Prensa para conos de pizza<\/a>|<a href=\"#PRODUCT DETAILS\" target=\"_self\" rel=\"noopener\" data-lv=\"0\">DETALLES DEL PRODUCTO<\/a>|<a href=\"#Machine introduction of pizza production line\" target=\"_self\" rel=\"noopener\" data-lv=\"0\">Introducci\u00f3n de la l\u00ednea de producci\u00f3n de pizzas<\/a>|<a href=\"#PRODUCT SPECIFICATION\" target=\"_self\" rel=\"noopener\" data-lv=\"0\">ESPECIFICACI\u00d3N DEL PRODUCTO<\/a>|<a href=\"#PRODUCT ADVANTAGE\" target=\"_self\" rel=\"noopener\" data-lv=\"0\">VENTAJA DEL PRODUCTO<\/a><\/span><\/p>\n<p style=\"text-align: center;\">\n<p><!-- Video start --><video id=\"video\" style=\"width: 100%; height: 510px;\" poster=\"https:\/\/img80002414.weyesimg.com\/uploads\/wij2rdgc.allweyes.com\/video\/15553191989018.mp4?vframe\/jpg\/offset\/1\" preload=\"auto\" controls=\"controls\" width=\"300\" height=\"150\"><\/video><!-- Video end --><\/p>\n<p><!-- Video start --><video id=\"video\" style=\"width: 100%; height: 510px;\" poster=\"https:\/\/img80002414.weyesimg.com\/uploads\/wij2rdgc.allweyes.com\/video\/15553192576846.mp4?vframe\/jpg\/offset\/1\" preload=\"auto\" controls=\"controls\" width=\"300\" height=\"150\"><\/video><!-- Video end --><\/p>\n<p>Para la industria de procesamiento de alimentos de pizza este molde de pizza es de extrema utilidad, ya que ahorra tiempo y dinero en las industrias de procesamiento de alimentos. Le sorprender\u00e1 la calidad de este producto. En el mercado puede encontrar diferentes marcas de moldes de pizza, pero todas ofrecen el mismo producto. Lo bueno de este molde para conos de pizza es que le ahorrar\u00e1 mucho trabajo en la elaboraci\u00f3n de su producto. Obtendr\u00e1 conos de pizza de alta calidad con facilidad. El molde para conos de pizza es muy f\u00e1cil de usar. Puede ajustar el producto seg\u00fan sus necesidades. Es un producto muy duradero. Con mucha experiencia y conocimientos, los productos se fabrican artesanalmente para garantizar la m\u00e1xima calidad. Los productos se fabrican de acuerdo con las normas establecidas. Somos conocidos por la fabricaci\u00f3n de los productos de alta calidad que son muy duraderos y duran mucho tiempo. Usted puede hacer uso de las ventajas de nuestra empresa.<\/p>\n<div class=\"text-left d-tem09-title d-interval\" data-detail=\"wrap\">\n<div class=\"title-header\">\n<h2><strong><span style=\"font-size: 24px; font-family: arial, helvetica, sans-serif;\"><a name=\"PRODUCT DETAILS\"><\/a>DETALLES DEL PRODUCTO<\/span><\/strong><\/h2>\n<div class=\"subtitle\">Tras a\u00f1os de desarrollo, hemos establecido una red de distribuci\u00f3n a gran escala en varios pa\u00edses y recibimos buenos comentarios de nuestros clientes.<\/div>\n<\/div>\n<\/div>\n<div class=\"d-tem11-graphic tem11-graphic mockup\" data-detail=\"wrap\">\n<div class=\"tab_row\">\n<div class=\"img\" style=\"width: 50%;\"><img decoding=\"async\" title=\"\" src=\"https:\/\/www.hommy.com\/wp-content\/uploads\/15553196899069.jpg\" alt=\"producto-Hommy-img\"><\/div>\n<div class=\"text_box\" style=\"width: 50%;\">\n<div class=\"txt\">\n<h2><strong><span style=\"font-family: arial, helvetica, sans-serif; font-size: 24px;\"><a name=\"Machine introduction of pizza production line\"><\/a>Introducci\u00f3n de la l\u00ednea de producci\u00f3n de pizzas<\/span><\/strong><\/h2>\n<p style=\"line-height: 2em;\">Amasadora: mezclar la harina y los huevos con la pasta de harina.<br \/>\nM\u00e1quina para hacer bolas de masa de pizza: hacer piezas de masa redondas a partir de pasta de harina grande.<br \/>\nM\u00e1quina moldeadora de conos de pizza: convierte la masa redonda en forma de cono de pizza.<br \/>\nHorno de cono de pizza: asa el cono de pizza. Puede ajustar la temperatura en el horno y la velocidad de acuerdo con diferentes materiales de cono de pizza.<br \/>\nVitrina para conos de pizza: muestre el cono de pizza terminado.<br \/>\n\u00a1Pizza en un cono! PA-C4A es una m\u00e1quina autom\u00e1tica para hacer cucuruchos de pizza de tama\u00f1o peque\u00f1o, s\u00f3lo tiene que cargar la masa de pizza y dividirla con la divisora de masa de pizza PA-C4A, a continuaci\u00f3n, colocar la bola de masa en el m\u00f3dulo de cucurucho y pulsar un bot\u00f3n de inicio, esperar a que el cucurucho se hornee y, a continuaci\u00f3n, rellenar los cucuruchos horneados con cualquier variedad de ingredientes de pizza. Vuelva a colocar los conos rellenos en el horno o grill giratorio para conos de pizza PA-C4A y hornee hasta que la corteza del cono de pizza est\u00e9 dorada y los ingredientes burbujeantes . los conos de pizza son una nueva forma divertida y \u00fanica de hacer y servir pizzas personalizadas en casa, en una peque\u00f1a tienda o en un quiosco... deje que su haga su propio cono de pizza de forma m\u00e1s r\u00e1pida, igual y autom\u00e1tica.<\/p>\n<\/div>\n<\/div>\n<\/div>\n<\/div>\n<div class=\"text-left d-tem09-title d-interval\" data-detail=\"wrap\">\n<div class=\"title-header\">\n<h2><strong><span style=\"font-size: 24px; font-family: arial, helvetica, sans-serif;\"><a name=\"PRODUCT SPECIFICATION\"><\/a>ESPECIFICACI\u00d3N DEL PRODUCTO<\/span><\/strong><\/h2>\n<div class=\"subtitle\">La excelente experiencia del cliente es el punto de partida de Hommy.<\/div>\n<\/div>\n<\/div>\n<p style=\"line-height: 2em;\">El tama\u00f1o del molde a elecci\u00f3n del cliente<\/p>\n<p style=\"line-height: 2em;\">A: \u03a660mm (Di\u00e1metro) x 140mm (Altura) x 5mm (Grosor)<\/p>\n<p style=\"line-height: 2em;\">B: \u03a645mm (Di\u00e1metro) x 75mm (Altura) x 5mm (Grosor)<\/p>\n<p style=\"line-height: 2em;\">C:\u03a670mm (Di\u00e1metro) x 160mm (Altura) x 5-6mm (Grosor) +USD150<\/p>\n<p>Cuerpo de acero inoxidable f\u00e1cil de limpiar.<\/p>\n<p>El material del molde es aluminio apto para uso alimentario.<\/p>\n<p>Utilice el sistema de control de separaci\u00f3n para cada molde que puede basarse en el cliente elegir diferentes materiales para configurar diferentes temperaturas.<\/p>\n<p>El grosor del cono de pizza puede ajustarse en funci\u00f3n del cliente, de 4 mm a 8 mm.<\/p>\n<div class=\"table-responsive\">\n<table class=\"table table-bordered table-hover\">\n<tbody>\n<tr class=\"firstRow\">\n<td rowspan=\"2\" valign=\"center\" width=\"146\">\n<p style=\"text-align: center;\">Producto<\/p>\n<\/td>\n<td rowspan=\"2\" valign=\"center\" width=\"89\">\n<p style=\"text-align: center;\">Modelo<\/p>\n<\/td>\n<td colspan=\"2\" valign=\"center\" width=\"135\">\n<p style=\"text-align: center;\">Alimentaci\u00f3n<\/p>\n<\/td>\n<td rowspan=\"2\" valign=\"center\" width=\"117\">\n<p style=\"text-align: center;\">Producci\u00f3n horaria (pieses)<\/p>\n<\/td>\n<td colspan=\"3\" valign=\"center\" width=\"266\">\n<p style=\"text-align: center;\">Neto Dimensiones (mm)<\/p>\n<\/td>\n<td rowspan=\"2\" valign=\"center\" width=\"124\">\n<p style=\"text-align: center;\">Operaci\u00f3n<\/p>\n<\/td>\n<\/tr>\n<tr>\n<td valign=\"center\" width=\"63\">\n<p style=\"text-align: center;\">Tensi\u00f3n<\/p>\n<\/td>\n<td valign=\"center\" width=\"72\">\n<p style=\"text-align: center;\">HZ<\/p>\n<\/td>\n<td valign=\"center\" width=\"82\">\n<p style=\"text-align: center;\">Anchura<\/p>\n<\/td>\n<td valign=\"center\" width=\"91\">\n<p style=\"text-align: center;\">Profundidad<\/p>\n<\/td>\n<td valign=\"center\" width=\"93\">\n<p style=\"text-align: center;\">Altura<\/p>\n<\/td>\n<\/tr>\n<tr>\n<td valign=\"center\" width=\"146\">\n<p style=\"text-align: center;\"><a style=\"color: blue;\" href=\"https:\/\/www.hommy.com\/es\/maquina-de-conos-de-pizza\/\">M\u00e1quina de conos de pizza<\/a><\/p>\n<\/td>\n<td valign=\"center\" width=\"89\">\n<p style=\"text-align: center;\"><a name=\"OLE_LINK6\"><\/a>PA-C4A<\/p>\n<\/td>\n<td valign=\"center\" width=\"63\">\n<p style=\"text-align: center;\">220V<\/p>\n<\/td>\n<td valign=\"center\" width=\"72\">\n<p style=\"text-align: center;\">50\/60HZ<\/p>\n<\/td>\n<td valign=\"center\" width=\"117\">\n<p style=\"text-align: center;\">150-180 piezas\/hora<\/p>\n<\/td>\n<td valign=\"center\" width=\"82\">\n<p style=\"text-align: center;\">660<\/p>\n<\/td>\n<td valign=\"center\" width=\"91\">\n<p style=\"text-align: center;\">520<\/p>\n<\/td>\n<td valign=\"center\" width=\"93\">\n<p style=\"text-align: center;\">770<\/p>\n<\/td>\n<td valign=\"center\" width=\"124\">\n<p style=\"text-align: center;\">Semiautom\u00e1tico<\/p>\n<\/td>\n<\/tr>\n<\/tbody>\n<\/table>\n<\/div>\n<div class=\"text-left d-tem09-title d-interval\" data-detail=\"wrap\">\n<div class=\"title-header\">\n<h2><strong><span style=\"font-size: 24px; font-family: arial, helvetica, sans-serif;\"><a name=\"PRODUCT ADVANTAGE\"><\/a>VENTAJA DEL PRODUCTO<\/span><\/strong><\/h2>\n<div class=\"subtitle\">Adem\u00e1s, los ingenieros m\u00e1s cualificados, los tecn\u00f3logos m\u00e1s h\u00e1biles y el personal con m\u00e1s conocimientos contribuyen en gran medida al desarrollo de la empresa.<\/div>\n<\/div>\n<\/div>\n<p><img loading=\"lazy\" decoding=\"async\" style=\"font-size: 0px; width: 200px; height: 600px;\" title=\"\" src=\"https:\/\/www.hommy.com\/wp-content\/uploads\/15553199014187.jpg\" alt=\"producto-Hommy-img\" width=\"200\" height=\"600\" border=\"0\" vspace=\"0\"><\/p>\n<ol style=\"list-style-type: decimal;\">\n<li>Grupo de botones de control, f\u00e1cil de cocinar el cono de pizza.\n<p><img loading=\"lazy\" decoding=\"async\" style=\"font-size: 0px; width: 200px; height: 600px;\" title=\"\" src=\"https:\/\/www.hommy.com\/wp-content\/uploads\/15553199084905.jpg\" alt=\"producto-Hommy-img\" width=\"200\" height=\"600\" border=\"0\" vspace=\"0\"><\/li>\n<\/ol>\n<p>2.Ajuste el tama\u00f1o del cono de pizza.<\/p>\n<p>Documento\uff1a<img decoding=\"async\" style=\"margin-right: 2px;\" src=\"https:\/\/www.hommy.com\/wp-content\/uploads\/icon_pdf-82.gif\" alt=\"producto-M\u00e1quina de prensado de conos de pizzaM\u00e1quina de moldeado de conos de pizza-Hommy-img\" title=\"\"><a style=\"font-size: 12px;\" title=\"16028161916647.pdf\" href=\"https:\/\/img80002414.weyesimg.com\/uploads\/www.hommy.com\/addon\/16028161916647.pdf\">16028161916647.pdf<\/a><\/p>\n<\/div>","protected":false},"excerpt":{"rendered":"<p>Pizza cone press machine Pizza cone press machine|PRODUCT DETAILS|Machine introduction of pizza production line|PRODUCT SPECIFICATION|PRODUCT ADVANTAGE For the pizza food processing industry this pizza mould is of extreme use as it saves time and money on the food processing industries. You will be amazed with the product quality of this pizza cone mould product. In [&hellip;]<\/p>\n","protected":false},"featured_media":1025,"comment_status":"closed","ping_status":"closed","template":"","meta":{"_swt_meta_header_display":false,"_swt_meta_footer_display":false,"_swt_meta_site_title_display":false,"_swt_meta_sticky_header":false,"_swt_meta_transparent_header":false},"product_brand":[],"product_cat":[90],"product_tag":[],"class_list":{"0":"post-1029","1":"product","2":"type-product","3":"status-publish","4":"has-post-thumbnail","6":"product_cat-pizza-cone-machine","8":"first","9":"instock","10":"shipping-taxable","11":"product-type-simple"},"_links":{"self":[{"href":"https:\/\/www.hommy.com\/es\/wp-json\/wp\/v2\/product\/1029","targetHints":{"allow":["GET"]}}],"collection":[{"href":"https:\/\/www.hommy.com\/es\/wp-json\/wp\/v2\/product"}],"about":[{"href":"https:\/\/www.hommy.com\/es\/wp-json\/wp\/v2\/types\/product"}],"replies":[{"embeddable":true,"href":"https:\/\/www.hommy.com\/es\/wp-json\/wp\/v2\/comments?post=1029"}],"wp:featuredmedia":[{"embeddable":true,"href":"https:\/\/www.hommy.com\/es\/wp-json\/wp\/v2\/media\/1025"}],"wp:attachment":[{"href":"https:\/\/www.hommy.com\/es\/wp-json\/wp\/v2\/media?parent=1029"}],"wp:term":[{"taxonomy":"product_brand","embeddable":true,"href":"https:\/\/www.hommy.com\/es\/wp-json\/wp\/v2\/product_brand?post=1029"},{"taxonomy":"product_cat","embeddable":true,"href":"https:\/\/www.hommy.com\/es\/wp-json\/wp\/v2\/product_cat?post=1029"},{"taxonomy":"product_tag","embeddable":true,"href":"https:\/\/www.hommy.com\/es\/wp-json\/wp\/v2\/product_tag?post=1029"}],"curies":[{"name":"wp","href":"https:\/\/api.w.org\/{rel}","templated":true}]}}