{"id":1024,"date":"2024-07-02T17:41:57","date_gmt":"2024-07-02T17:41:57","guid":{"rendered":"http:\/\/localhost\/hommywp\/pa-1-electric-rotating-pizza-cone-oven-stainless-steel\/"},"modified":"2025-08-01T09:57:50","modified_gmt":"2025-08-01T09:57:50","slug":"horno-giratorio-para-conos-de-pizza-fabricante-de-conos-de-pizza","status":"publish","type":"product","link":"https:\/\/www.hommy.com\/es\/p\/horno-giratorio-para-conos-de-pizza-fabricante-de-conos-de-pizza\/","title":{"rendered":"Pa-1 Horno el\u00e9ctrico giratorio con cono para pizza Acero inoxidable"},"content":{"rendered":"<div>\n<p>&nbsp;<\/p>\n<h2 style=\"text-align: center\"><strong><span style=\"font-family: arial, helvetica, sans-serif;font-size: 24px\"><a name=\"Rotating pizza cone oven\"><\/a>Horno de pizza de cono giratorio<\/span><\/strong><\/h2>\n<p style=\"text-align: center\"><a href=\"#Rotating pizza cone oven\" target=\"_self\" data-lv=\"0\" rel=\"noopener\"><span style=\"font-size: 16px;font-family: arial, helvetica, sans-serif\">Horno de pizza de cono giratorio<\/span><\/a><span style=\"font-size: 16px;font-family: arial, helvetica, sans-serif\">|<a href=\"#PRODUCT FEATURES\" target=\"_self\" data-lv=\"0\" rel=\"noopener\">CARACTER\u00cdSTICAS DEL PRODUCTO<\/a>|<a href=\"#PRODUCT SPECIFICATION\" target=\"_self\" data-lv=\"0\" rel=\"noopener\">ESPECIFICACI\u00d3N DEL PRODUCTO<\/a>|<a href=\"#PRODUCT ADVANTAGE\" target=\"_self\" data-lv=\"0\" rel=\"noopener\">VENTAJA DEL PRODUCTO<\/a><\/span><\/p>\n<p><strong><span style=\"font-family: arial, helvetica, sans-serif;font-size: 24px\"><br \/><\/span><\/strong><\/p>\n<p style=\"text-align: center\">&nbsp;<\/p>\n<p><!-- Video start --><video poster=\"https:\/\/img80002414.weyesimg.com\/uploads\/wij2rdgc.allweyes.com\/video\/15553202093041.mp4?vframe\/jpg\/offset\/1\" id=\"video\" preload=\"auto\" controls=\"controls\" style=\"width:100%;height:510px\"><\/video><!-- Video end --><\/p>\n<p><!-- Video start --><video poster=\"https:\/\/img80002414.weyesimg.com\/uploads\/wij2rdgc.allweyes.com\/video\/15553202911904.mp4?vframe\/jpg\/offset\/1\" id=\"video\" preload=\"auto\" controls=\"controls\" style=\"width:100%;height:510px\"><\/video><!-- Video end --><\/p>\n<p>&nbsp;<\/p>\n<p>El horno de pizza cono giratorio est\u00e1 dise\u00f1ado por nuestros profesionales utilizando la tecnolog\u00eda avanzada y de conformidad con las normas internacionales. Los clientes pueden hacer uso de este horno giratorio cono de pizza de nosotros en varios tama\u00f1os y acabados para satisfacer sus necesidades espec\u00edficas.<\/p>\n<p><\/p>\n<p>Debido a nuestra competencia, este horno de pizza de cono giratorio es ampliamente demandado en varios hoteles, restaurantes, hogares, etc.<\/p>\n<div class=\"text-left d-tem09-title d-interval\" data-detail=\"wrap\">\n<div class=\"title-header\">\n<h2><strong><span style=\"font-size: 24px;font-family: arial, helvetica, sans-serif\"><a name=\"PRODUCT FEATURES\"><\/a>CARACTER\u00cdSTICAS DEL PRODUCTO<\/span><\/strong><\/h2>\n<div class=\"subtitle\"><span>La planta de Hommy ocupa una superficie de 30.500 metros cuadrados en la ciudad de Xinhui Jiangmen, y consta de l\u00edneas de producci\u00f3n flexibles, laboratorio de I+D, centro de aprendizaje y taller equipado con equipos de vanguardia.<\/span><\/div>\n<\/div>\n<\/div>\n<p>&nbsp;<\/p>\n<div class=\"d-tem11-graphic tem11-graphic mockup\" data-detail=\"wrap\">\n<div class=\"tab_row\">\n<div class=\"img\" style=\"width: 50%\"><img decoding=\"async\" title=\"\" alt=\"producto-Hommy-img\" src=\"https:\/\/www.hommy.com\/wp-content\/uploads\/15553211873727.jpg\"><\/div>\n<div class=\"text_box\" style=\"width: 50%\">\n<div class=\"txt\">\n<p>&nbsp;<\/p>\n<div class=\"title\">Horno de pizza de cono giratorio<\/div>\n<p>&nbsp;<\/p>\n<p style=\"line-height: 2em\">Cuerpo de acero inoxidable de f\u00e1cil limpieza y paso de alimentos.&nbsp;<br \/>La temperatura y la velocidad se pueden ajustar en funci\u00f3n del material.<br \/>El calentador es un tubo de luz que penetra en el interior de los alimentos.&nbsp;<br \/>Horno de cono de pizza giratorio puede mantener la ecualizaci\u00f3n caliente.<br \/>El cono de pizza camina, el cliente se siente fresco.<\/p>\n<p>&nbsp;<\/p>\n<\/div>\n<\/div>\n<\/div>\n<\/div>\n<p>&nbsp;<\/p>\n<div class=\"text-left d-tem09-title d-interval\" data-detail=\"wrap\">\n<div class=\"title-header\">\n<h2><strong><span style=\"font-size: 24px;font-family: arial, helvetica, sans-serif\"><a name=\"PRODUCT SPECIFICATION\"><\/a>ESPECIFICACI\u00d3N DEL PRODUCTO<\/span><\/strong><\/h2>\n<div class=\"subtitle\"><span>La excelente experiencia del cliente es el punto de partida de Hommy.<\/span><\/div>\n<\/div>\n<\/div>\n<p>&nbsp;<\/p>\n<div class=\"table-responsive\">\n<table class=\"table table-bordered table-hover\">\n<tbody>\n<tr class=\"firstRow\">\n<td rowspan=\"2\" width=\"119\" valign=\"center\">\n<p style=\"text-align:center\">Producto<\/p>\n<\/td>\n<td rowspan=\"2\" width=\"59\" valign=\"center\">\n<p style=\"text-align:center\">Modelo<\/p>\n<\/td>\n<td colspan=\"2\" width=\"139\" valign=\"center\">\n<p style=\"text-align:center\">Alimentaci\u00f3n<\/p>\n<\/td>\n<td rowspan=\"2\" width=\"184\" valign=\"center\">\n<p style=\"text-align:center\">Capacidad<\/p>\n<\/td>\n<td colspan=\"3\" width=\"210\" valign=\"center\">\n<p style=\"text-align:center\">Neto Dimensiones (mm)<\/p>\n<\/td>\n<td rowspan=\"2\" width=\"167\" valign=\"center\">\n<p style=\"text-align:center\">Funci\u00f3n<\/p>\n<\/td>\n<\/tr>\n<tr>\n<td width=\"63\" valign=\"center\">\n<p style=\"text-align:center\">Tensi\u00f3n<\/p>\n<\/td>\n<td width=\"76\" valign=\"center\">\n<p style=\"text-align:center\">HZ<\/p>\n<\/td>\n<td width=\"68\" valign=\"center\">\n<p style=\"text-align:center\">Anchura<\/p>\n<\/td>\n<td width=\"74\" valign=\"center\">\n<p style=\"text-align:center\">Profundidad<\/p>\n<\/td>\n<td width=\"68\" valign=\"center\">\n<p style=\"text-align:center\">Altura<\/p>\n<\/td>\n<\/tr>\n<tr>\n<td width=\"119\" valign=\"center\">\n<p style=\"text-align:center\">Horno para conos de pizza<\/p>\n<\/td>\n<td width=\"59\" valign=\"center\">\n<p style=\"text-align:center\">PA-1<\/p>\n<\/td>\n<td width=\"63\" valign=\"center\">\n<p style=\"text-align:center\">220V<\/p>\n<\/td>\n<td width=\"76\" valign=\"center\">\n<p style=\"text-align:center\">50\/60HZ<\/p>\n<\/td>\n<td width=\"184\" valign=\"center\">\n<p style=\"text-align:center\">Una vez hacer 12 piezas de cono<\/p>\n<\/td>\n<td width=\"68\" valign=\"center\">\n<p style=\"text-align:center\">660<\/p>\n<\/td>\n<td width=\"74\" valign=\"center\">\n<p style=\"text-align:center\">520<\/p>\n<\/td>\n<td width=\"68\" valign=\"center\">\n<p style=\"text-align:center\">770<\/p>\n<\/td>\n<td width=\"167\" valign=\"center\">\n<p style=\"text-align:center\">Ajustar la velocidad, girar sobre s\u00ed mismo, mantener el calor<\/p>\n<\/td>\n<\/tr>\n<tr>\n<td width=\"119\" valign=\"center\">\n<p style=\"text-align:center\">Horno para conos de pizza<\/p>\n<\/td>\n<td width=\"59\" valign=\"center\">\n<p style=\"text-align:center\">PA-3<\/p>\n<\/td>\n<td width=\"63\" valign=\"center\">\n<p style=\"text-align:center\">220V<\/p>\n<\/td>\n<td width=\"76\" valign=\"center\">\n<p style=\"text-align:center\">50\/60HZ<\/p>\n<\/td>\n<td width=\"184\" valign=\"center\">\n<p style=\"text-align:center\">Una vez hacer 12 piezas de cono<\/p>\n<\/td>\n<td width=\"68\" valign=\"center\">\n<p style=\"text-align:center\">650<\/p>\n<\/td>\n<td width=\"74\" valign=\"center\">\n<p style=\"text-align:center\">620<\/p>\n<\/td>\n<td width=\"68\" valign=\"center\">\n<p style=\"text-align:center\">600<\/p>\n<\/td>\n<td width=\"167\" valign=\"center\">\n<p style=\"text-align:center\">Ajustar la velocidad, girar sobre s\u00ed mismo, mantener el calor<\/p>\n<\/td>\n<\/tr>\n<\/tbody>\n<\/table>\n<\/div>\n<p>&nbsp;<\/p>\n<div class=\"text-left d-tem09-title d-interval\" data-detail=\"wrap\">\n<div class=\"title-header\">\n<h2><span style=\"font-family: arial, helvetica, sans-serif\"><strong><span style=\"font-size: 24px\"><a name=\"PRODUCT ADVANTAGE\"><\/a>VENTAJA DEL PRODUCTO<\/span><\/strong><\/span><\/h2>\n<p><span>Adem\u00e1s, los ingenieros m\u00e1s cualificados, los tecn\u00f3logos m\u00e1s h\u00e1biles y el personal con m\u00e1s conocimientos contribuyen en gran medida al desarrollo de la empresa.<\/span><\/p>\n<p><span><\/span><\/p>\n<p><span><img loading=\"lazy\" decoding=\"async\" src=\"https:\/\/www.hommy.com\/wp-content\/uploads\/15553200629141.jpg\" title=\"\" alt=\"producto-Hommy-img\" width=\"300\" height=\"800\" border=\"0\" vspace=\"0\" style=\"width: 300px;height: 800px\"><\/span><\/p>\n<p><span><\/span><\/p>\n<p>1.Adjust la base de la velocidad de rotaci\u00f3n en su cono de pizza dentro de elegir el material .<\/p>\n<p><\/p>\n<p><img decoding=\"async\" src=\"https:\/\/www.hommy.com\/wp-content\/uploads\/15795053819851.jpg\" alt=\"producto-Hommy-img\" title=\"\"><\/p>\n<p>2.Adjust base de temperatura en el cono de pizza dentro de elegir el material .<\/p>\n<p><img loading=\"lazy\" decoding=\"async\" src=\"https:\/\/www.hommy.com\/wp-content\/uploads\/15795053272563.png\" title=\"\" alt=\"producto-Hommy-img\" width=\"200\" height=\"750\" border=\"0\" vspace=\"0\" style=\"width: 200px;height: 750px\"><\/p>\n<p><\/p>\n<p>3.Cuando la m\u00e1quina gira para atraer el apetito de los transe\u00fantes<\/p>\n<p><img loading=\"lazy\" decoding=\"async\" src=\"https:\/\/www.hommy.com\/wp-content\/uploads\/15553200627014.jpg\" title=\"\" alt=\"product-Horno giratorio para cucuruchos de pizzaHorno el\u00e9ctrico para cucuruchos de pizza de acero inoxidable-Hommy-img\" width=\"200\" height=\"800\" border=\"0\" vspace=\"0\" style=\"width: 200px;height: 800px\">&nbsp;.<\/p>\n<p><\/p>\n<p>4.F\u00e1cil de limpiar .<\/p>\n<p><span><br \/><\/span><\/p>\n<p><span><br \/><\/span><\/p>\n<\/div>\n<\/div>\n<p>Documento\uff1a<img decoding=\"async\" src=\"https:\/\/www.hommy.com\/wp-content\/uploads\/icon_pdf-81.gif\" style=\"margin-right: 2px\" alt=\"product-Hommy-Horno giratorio para conos de pizzaHorno el\u00e9ctrico de acero inoxidable para calentar conos de pizza-img\" title=\"\"><a href=\"https:\/\/img80002414.weyesimg.com\/uploads\/www.hommy.com\/addon\/16028164619911.pdf\" title=\"16028164619911.pdf\" style=\"font-size: 12px\">16028164619911.pdf<\/a><\/p>\n<p><\/p>\n<\/div><\/div>","protected":false},"excerpt":{"rendered":"<p>&nbsp; Rotating pizza cone oven Rotating pizza cone oven|PRODUCT FEATURES|PRODUCT SPECIFICATION|PRODUCT ADVANTAGE &nbsp; &nbsp; The rotating pizza cone oven is designed by our professionals using the advanced technology and in compliance with international standards. The customers can avail this rotating pizza cone oven from us in several sizes and finishes to meet their specific needs. [&hellip;]<\/p>\n","protected":false},"featured_media":1018,"comment_status":"open","ping_status":"open","template":"","meta":{"_swt_meta_header_display":false,"_swt_meta_footer_display":false,"_swt_meta_site_title_display":false,"_swt_meta_sticky_header":false,"_swt_meta_transparent_header":false},"product_brand":[],"product_cat":[90],"product_tag":[],"class_list":{"0":"post-1024","1":"product","2":"type-product","3":"status-publish","4":"has-post-thumbnail","6":"product_cat-pizza-cone-machine","8":"first","9":"instock","10":"shipping-taxable","11":"product-type-simple"},"_links":{"self":[{"href":"https:\/\/www.hommy.com\/es\/wp-json\/wp\/v2\/product\/1024","targetHints":{"allow":["GET"]}}],"collection":[{"href":"https:\/\/www.hommy.com\/es\/wp-json\/wp\/v2\/product"}],"about":[{"href":"https:\/\/www.hommy.com\/es\/wp-json\/wp\/v2\/types\/product"}],"replies":[{"embeddable":true,"href":"https:\/\/www.hommy.com\/es\/wp-json\/wp\/v2\/comments?post=1024"}],"wp:featuredmedia":[{"embeddable":true,"href":"https:\/\/www.hommy.com\/es\/wp-json\/wp\/v2\/media\/1018"}],"wp:attachment":[{"href":"https:\/\/www.hommy.com\/es\/wp-json\/wp\/v2\/media?parent=1024"}],"wp:term":[{"taxonomy":"product_brand","embeddable":true,"href":"https:\/\/www.hommy.com\/es\/wp-json\/wp\/v2\/product_brand?post=1024"},{"taxonomy":"product_cat","embeddable":true,"href":"https:\/\/www.hommy.com\/es\/wp-json\/wp\/v2\/product_cat?post=1024"},{"taxonomy":"product_tag","embeddable":true,"href":"https:\/\/www.hommy.com\/es\/wp-json\/wp\/v2\/product_tag?post=1024"}],"curies":[{"name":"wp","href":"https:\/\/api.w.org\/{rel}","templated":true}]}}