{"id":1017,"date":"2024-07-02T17:41:51","date_gmt":"2024-07-02T17:41:51","guid":{"rendered":"http:\/\/localhost\/hommywp\/pa-3-stainless-steel-commercial-pizza-cone-oven-factory-cost\/"},"modified":"2025-08-01T09:57:49","modified_gmt":"2025-08-01T09:57:49","slug":"horno-de-pizza-de-cono-pa-3","status":"publish","type":"product","link":"https:\/\/www.hommy.com\/es\/p\/horno-de-pizza-de-cono-pa-3\/","title":{"rendered":"Pa-3 de acero inoxidable comercial pizza cono costo de f\u00e1brica del horno"},"content":{"rendered":"<div>\n<p><\/p>\n<h2 style=\"text-align: center\"><strong><span style=\"font-size: 29px;font-family: arial, helvetica, sans-serif\"><a name=\"Cone Pizza Oven\"><\/a>Horno de pizza c\u00f3nico<\/span><\/strong><\/h2>\n<p style=\"text-align: center\"><a href=\"#Cone Pizza Oven\" target=\"_self\" data-lv=\"0\" rel=\"noopener\"><span style=\"font-family: arial, helvetica, sans-serif;font-size: 16px\">Horno de pizza c\u00f3nico<\/span><\/a><span style=\"font-family: arial, helvetica, sans-serif;font-size: 16px\">|<a href=\"#Product Features\" target=\"_self\" data-lv=\"0\" rel=\"noopener\">Caracter\u00edsticas del producto<\/a>|<a href=\"#Product specification\" target=\"_self\" data-lv=\"0\" rel=\"noopener\">Especificaci\u00f3n del producto<\/a><\/span><\/p>\n<p><\/p>\n<p style=\"text-align: center\">&nbsp;&nbsp;&nbsp;&nbsp;<\/p>\n<p>Nuestros clientes est\u00e1n satisfechos con la gama de horno de pizza que les ofrecemos. Podemos asegurarle la mejor calidad en nuestra gama. El horno est\u00e1 dise\u00f1ado y fabricado por nuestros profesionales con experiencia. Seguimos est\u00e1ndar de la industria para la comprobaci\u00f3n de la calidad de nuestro producto.<\/p>\n<p>Nuestro producto se utiliza en restaurantes, hoteles, bares y pubs para ofrecer sabrosas pizzas a sus clientes. Nuestro producto se ofrece en varios tama\u00f1os, dise\u00f1os y capacidades. Tambi\u00e9n fabricamos gamas personalizadas seg\u00fan el requisito de los clientes.<\/p>\n<p><\/p>\n<div class=\"d-tem01-graphic tem01-graphic mockup\" data-detail=\"wrap\">\n<div class=\"cont-section clearfix d-clearfix\">\n<div class=\"col-md-6 col-sm-6 col-xs-6\"><\/p>\n<div class=\"graphic_pic animated wow bounceIn\" data-wow-delay=\".7s\">\n<p style=\"text-align:center\"><img loading=\"lazy\" decoding=\"async\" src=\"https:\/\/www.hommy.com\/wp-content\/uploads\/16031720176609.png\" alt=\"producto-Hommy-img\" title=\"\" width=\"400\" height=\"500\" border=\"0\" vspace=\"0\" style=\"width: 400px;height: 500px\"><\/p>\n<\/div>\n<\/div>\n<div class=\"col-md-6 col-sm-6 col-xs-6\">\n<div class=\"right-p\">\n<div class=\"h2 heading\">\n<h2><span style=\"font-family: arial, helvetica, sans-serif;font-size: 24px\"><strong><span style=\"font-family: arial, helvetica, sans-serif;letter-spacing: 0px\"><br \/><\/span><\/strong><\/span><\/h2>\n<h2><span style=\"font-family: arial, helvetica, sans-serif;font-size: 24px\"><strong><span style=\"font-family: arial, helvetica, sans-serif;letter-spacing: 0px\"><a name=\"Product Features\"><\/a>Producto <\/span><span style=\"font-family: arial, helvetica, sans-serif\">Caracter\u00edsticas<\/span><\/strong><\/span><\/h2>\n<p><span style=\"font-family:Calibri;font-size:32px\"><br \/><\/span><\/p>\n<p><span style=\"font-size: 16px;font-family: arial, helvetica, sans-serif\">Cuerpo de acero inoxidable de f\u00e1cil limpieza y paso de alimentos. <\/span><\/p>\n<p><span style=\"font-size: 16px;font-family: arial, helvetica, sans-serif\">La temperatura y la velocidad se pueden ajustar en funci\u00f3n del material.<\/span><\/p>\n<p><span style=\"font-size: 16px;font-family: arial, helvetica, sans-serif\">El calentador es un tubo de luz que penetra en el interior de los alimentos. <\/span><\/p>\n<p><span style=\"font-family: arial, helvetica, sans-serif\"><span style=\"font-family: Calibri;font-size: 16px\">Rota<\/span><span style=\"font-family: \u5b8b\u4f53;font-size: 16px\">t<\/span><span style=\"font-family: Calibri;font-size: 16px\">ing Horno Cono Pizza puede mantener la ecualizaci\u00f3n caliente.<\/span><\/span><\/p>\n<p><span style=\"font-family: arial, helvetica, sans-serif\"><span style=\"font-family: Calibri;font-size: 16px\">El cono de pizza est\u00e1 caminando, el cliente se siente fresco y<\/span><span style=\"font-family: \u5b8b\u4f53;font-size: 16px\">&nbsp;or\u00e9ctico<\/span><span style=\"font-family: Calibri;font-size: 16px\">.<\/span><\/span><\/p>\n<p><span> &nbsp; &nbsp;<\/span><\/div>\n<\/div>\n<\/div>\n<\/div>\n<\/div>\n<h2><strong><span style=\"letter-spacing: 0px;font-family: arial, helvetica, sans-serif;font-size: 24px\"><a name=\"Product specification\"><\/a>Especificaci\u00f3n del producto<\/span><\/strong><\/h2>\n<p><strong><span style=\"letter-spacing: 0px;font-family: arial, helvetica, sans-serif;font-size: 24px\"><img decoding=\"async\" src=\"https:\/\/www.hommy.com\/wp-content\/uploads\/16031719827174.png\" alt=\"product-PA-3 pizza cono horno-Hommy-img\" title=\"\"><\/span><\/strong><\/p>\n<p><strong><span style=\"letter-spacing: 0px;font-family: arial, helvetica, sans-serif;font-size: 24px\"><br \/><\/span><\/strong><\/p>\n<p><span style=\"font-family: arial, helvetica, sans-serif;font-size: 16px\">Documento\uff1a<\/span><img decoding=\"async\" src=\"https:\/\/www.hommy.com\/wp-content\/uploads\/icon_pdf-80.gif\" style=\"margin-right: 2px\" alt=\"producto-Hommy-img\" title=\"\"><a href=\"https:\/\/img80002414.weyesimg.com\/uploads\/www.hommy.com\/addon\/16031723351787.pdf\" title=\"16031723351787.pdf\" style=\"font-size: 12px\">16031723351787.pd<\/a><\/p>\n<p><\/p>\n<\/div><\/div>","protected":false},"excerpt":{"rendered":"<p>Cone Pizza Oven Cone Pizza Oven|Product Features|Product specification &nbsp;&nbsp;&nbsp;&nbsp; Our clients are happy with the range of pizza oven we are offering to them. We can assure you the best quality in our range. The oven is designed and fabricated by our well-experienced professionals. We follow industry standard for quality checking of our product. Our [&hellip;]<\/p>\n","protected":false},"featured_media":1014,"comment_status":"open","ping_status":"open","template":"","meta":{"_swt_meta_header_display":false,"_swt_meta_footer_display":false,"_swt_meta_site_title_display":false,"_swt_meta_sticky_header":false,"_swt_meta_transparent_header":false},"product_brand":[],"product_cat":[90],"product_tag":[],"class_list":{"0":"post-1017","1":"product","2":"type-product","3":"status-publish","4":"has-post-thumbnail","6":"product_cat-pizza-cone-machine","8":"first","9":"instock","10":"shipping-taxable","11":"product-type-simple"},"_links":{"self":[{"href":"https:\/\/www.hommy.com\/es\/wp-json\/wp\/v2\/product\/1017","targetHints":{"allow":["GET"]}}],"collection":[{"href":"https:\/\/www.hommy.com\/es\/wp-json\/wp\/v2\/product"}],"about":[{"href":"https:\/\/www.hommy.com\/es\/wp-json\/wp\/v2\/types\/product"}],"replies":[{"embeddable":true,"href":"https:\/\/www.hommy.com\/es\/wp-json\/wp\/v2\/comments?post=1017"}],"wp:featuredmedia":[{"embeddable":true,"href":"https:\/\/www.hommy.com\/es\/wp-json\/wp\/v2\/media\/1014"}],"wp:attachment":[{"href":"https:\/\/www.hommy.com\/es\/wp-json\/wp\/v2\/media?parent=1017"}],"wp:term":[{"taxonomy":"product_brand","embeddable":true,"href":"https:\/\/www.hommy.com\/es\/wp-json\/wp\/v2\/product_brand?post=1017"},{"taxonomy":"product_cat","embeddable":true,"href":"https:\/\/www.hommy.com\/es\/wp-json\/wp\/v2\/product_cat?post=1017"},{"taxonomy":"product_tag","embeddable":true,"href":"https:\/\/www.hommy.com\/es\/wp-json\/wp\/v2\/product_tag?post=1017"}],"curies":[{"name":"wp","href":"https:\/\/api.w.org\/{rel}","templated":true}]}}