{"id":1013,"date":"2024-07-02T17:41:48","date_gmt":"2024-07-02T17:41:48","guid":{"rendered":"http:\/\/localhost\/hommywp\/d30-industrial-pizza-dough-mixer-depositor-and-roller-for-sale\/"},"modified":"2025-08-01T09:57:49","modified_gmt":"2025-08-01T09:57:49","slug":"d30-depositadora-de-masa-y-rodillo","status":"publish","type":"product","link":"https:\/\/www.hommy.com\/es\/p\/d30-depositadora-de-masa-y-rodillo\/","title":{"rendered":"D30 Industrial Pizza masa mezclador, depositante y rodillo para la venta"},"content":{"rendered":"<div>\n<p><\/p>\n<h2 style=\"text-align: center\"><strong><span style=\"letter-spacing: 0px;font-size: 29px;font-family: arial, helvetica, sans-serif\"><a name=\"Dough Depositor and Roller\"><\/a>Depositadora de masa y rodillo<\/span><\/strong><\/h2>\n<p style=\"text-align: center\"><a href=\"#Dough Depositor and Roller\" target=\"_self\" data-lv=\"0\" rel=\"noopener\"><span style=\"font-family: arial, helvetica, sans-serif;font-size: 16px\">Depositadora de masa y rodillo<\/span><\/a><span style=\"font-family: arial, helvetica, sans-serif;font-size: 16px\">|<a href=\"#Product Features\" target=\"_self\" data-lv=\"0\" rel=\"noopener\">Caracter\u00edsticas del producto<\/a>|<a href=\"#Product specification\" target=\"_self\" data-lv=\"0\" rel=\"noopener\">Especificaci\u00f3n del producto<\/a><\/span><\/p>\n<p><\/p>\n<p><\/p>\n<p style=\"text-align: center\">&nbsp;&nbsp;&nbsp;&nbsp;<\/p>\n<p>Si est\u00e1 buscando una amasadora de pizza fiable y asequible, no busque m\u00e1s, le ofrecemos una gran selecci\u00f3n. Con una gran variedad de modelos para elegir, seguro que tenemos la amasadora adecuada para sus necesidades. Tanto si se trata de una peque\u00f1a pizzer\u00eda como de un gran restaurante, tenemos un modelo que se adaptar\u00e1 a sus necesidades. Y, al ser directo de f\u00e1brica, puede estar seguro de que est\u00e1 obteniendo el mejor precio posible en su compra.<\/p>\n<p><\/p>\n<div class=\"d-tem01-graphic tem01-graphic mockup\" data-detail=\"wrap\">\n<div class=\"cont-section clearfix d-clearfix\">\n<div class=\"col-md-6 col-sm-6 col-xs-6\"><\/p>\n<div class=\"graphic_pic animated wow bounceIn\" data-wow-delay=\".7s\">\n<p style=\"text-align:center\"><img loading=\"lazy\" decoding=\"async\" src=\"https:\/\/www.hommy.com\/wp-content\/uploads\/16031729678005.png\" alt=\"producto-Hommy-img\" title=\"\" width=\"350\" height=\"500\" border=\"0\" vspace=\"0\" style=\"width: 350px;height: 500px\"><\/p>\n<\/div>\n<\/div>\n<div class=\"col-md-6 col-sm-6 col-xs-6\">\n<div class=\"right-p\">\n<div class=\"h2 heading\">\n<h2><strong><span style=\"font-family: arial, helvetica, sans-serif;font-size: 24px\"><span style=\"font-family: arial, helvetica, sans-serif;letter-spacing: 0px\"><a name=\"Product Features\"><\/a>Producto <\/span><span style=\"font-family: arial, helvetica, sans-serif\">Caracter\u00edsticas<\/span><\/span><\/strong><\/h2>\n<p><span style=\"font-family:Tahoma;font-size:14px\">Esta m\u00e1quina de dise\u00f1o racional, outlook limpio art\u00edstico. <\/span><\/p>\n<p><span style=\"font-family:Tahoma;font-size:14px\">El ruido es peque\u00f1o. <\/span><\/p>\n<p><span style=\"font-family:Tahoma;font-size:14px\">La eficacia es alta<\/span><span style=\"font-family:Tahoma;font-size:14px\">.<\/span><\/p>\n<p><span style=\"font-family:Tahoma;font-size:14px\">La sencillez del operador.<\/span><\/p>\n<p><span style=\"font-family:Tahoma;font-size:14px\">La limpieza es conveniente, la salud limpia, es bueno despu\u00e9s de la reflexi\u00f3n de uso del usuario.<\/span><\/p>\n<\/div>\n<\/div>\n<p>&nbsp; &nbsp; &nbsp; &nbsp; &nbsp; &nbsp;<\/p><\/div>\n<\/div>\n<\/div>\n<h2 style=\", Helvetica, Arial, sans-serif\"><strong><span style=\"letter-spacing: 0px;font-family: arial, helvetica, sans-serif;font-size: 24px\"><a name=\"Product specification\"><\/a>Especificaci\u00f3n del producto<\/span><\/strong><\/h2>\n<p><strong><span style=\"letter-spacing: 0px;font-family: arial, helvetica, sans-serif;font-size: 24px\"><img loading=\"lazy\" decoding=\"async\" src=\"https:\/\/www.hommy.com\/wp-content\/uploads\/16031729262985.png\" title=\"\" alt=\"producto-Hommy-img\" width=\"1000\" height=\"272\" border=\"0\" vspace=\"0\" style=\"width: 1000px;height: 272px\"><\/span><\/strong><\/p>\n<p><\/p>\n<p>Documento\uff1a<img decoding=\"async\" src=\"https:\/\/www.hommy.com\/wp-content\/uploads\/icon_pdf-79.gif\" style=\"margin-right: 2px\" alt=\"product-D30 Depositadora de masa y rodillo-Hommy-img\" title=\"\"><a href=\"https:\/\/img80002414.weyesimg.com\/uploads\/www.hommy.com\/addon\/16031739586662.pdf\" title=\"16031739586662.pdf\" style=\"font-size: 12px\">16031739586662.pdf<\/a><\/p>\n<p><\/p>\n<\/div><\/div>","protected":false},"excerpt":{"rendered":"<p>Dough Depositor and Roller Dough Depositor and Roller|Product Features|Product specification &nbsp;&nbsp;&nbsp;&nbsp; If you&#039;re in the market for a reliable and affordable pizza dough mixer, look no further than the selection at us. With a variety of models to choose from, we&#039;re sure to have the right mixer for your needs. Whether you&#039;re a small pizzeria [&hellip;]<\/p>\n","protected":false},"featured_media":1010,"comment_status":"open","ping_status":"open","template":"","meta":{"_swt_meta_header_display":false,"_swt_meta_footer_display":false,"_swt_meta_site_title_display":false,"_swt_meta_sticky_header":false,"_swt_meta_transparent_header":false},"product_brand":[],"product_cat":[90],"product_tag":[],"class_list":{"0":"post-1013","1":"product","2":"type-product","3":"status-publish","4":"has-post-thumbnail","6":"product_cat-pizza-cone-machine","8":"first","9":"instock","10":"shipping-taxable","11":"product-type-simple"},"_links":{"self":[{"href":"https:\/\/www.hommy.com\/es\/wp-json\/wp\/v2\/product\/1013","targetHints":{"allow":["GET"]}}],"collection":[{"href":"https:\/\/www.hommy.com\/es\/wp-json\/wp\/v2\/product"}],"about":[{"href":"https:\/\/www.hommy.com\/es\/wp-json\/wp\/v2\/types\/product"}],"replies":[{"embeddable":true,"href":"https:\/\/www.hommy.com\/es\/wp-json\/wp\/v2\/comments?post=1013"}],"wp:featuredmedia":[{"embeddable":true,"href":"https:\/\/www.hommy.com\/es\/wp-json\/wp\/v2\/media\/1010"}],"wp:attachment":[{"href":"https:\/\/www.hommy.com\/es\/wp-json\/wp\/v2\/media?parent=1013"}],"wp:term":[{"taxonomy":"product_brand","embeddable":true,"href":"https:\/\/www.hommy.com\/es\/wp-json\/wp\/v2\/product_brand?post=1013"},{"taxonomy":"product_cat","embeddable":true,"href":"https:\/\/www.hommy.com\/es\/wp-json\/wp\/v2\/product_cat?post=1013"},{"taxonomy":"product_tag","embeddable":true,"href":"https:\/\/www.hommy.com\/es\/wp-json\/wp\/v2\/product_tag?post=1013"}],"curies":[{"name":"wp","href":"https:\/\/api.w.org\/{rel}","templated":true}]}}