{"id":1009,"date":"2024-07-02T17:36:46","date_gmt":"2024-07-02T17:36:46","guid":{"rendered":"http:\/\/localhost\/hommywp\/standing-huge-fake-ice-cream-point-of-sale-display-promotional-model\/"},"modified":"2025-08-01T09:57:49","modified_gmt":"2025-08-01T09:57:49","slug":"molde-para-conos-de-helado","status":"publish","type":"product","link":"https:\/\/www.hommy.com\/es\/p\/molde-para-conos-de-helado\/","title":{"rendered":"Modelo promocional de helado falso de pie para punto de venta"},"content":{"rendered":"<div>\n<p style=\"margin-top:0;margin-right:0;margin-bottom:0;margin-left:0;text-indent:0;text-align:justify\"><\/p>\n<p style=\"margin-top:0;margin-right:0;margin-bottom:0;margin-left:0;text-indent:0;text-align:justify\"><\/p>\n<h2 style=\"margin: 0px;text-indent: 0px;text-align: center\"><strong><span style=\"letter-spacing: 0px;font-size: 29px;font-family: arial, helvetica, sans-serif\"><a name=\"Gelato cone mould\"><\/a>Molde para conos de helado<\/span><\/strong><\/h2>\n<p style=\"margin: 0px;text-indent: 0px;text-align: center\"><span style=\"letter-spacing: 0px;font-family: arial, helvetica, sans-serif;font-size: 14px\"><a href=\"#Gelato cone mould\" target=\"_self\" data-lv=\"0\" rel=\"noopener\">Molde para conos de helado<\/a>|<a href=\"#Product specification\" target=\"_self\" data-lv=\"0\" rel=\"noopener\">Especificaci\u00f3n del producto<\/a>|<a href=\"#Product Features\" target=\"_self\" data-lv=\"0\" rel=\"noopener\">Caracter\u00edsticas del producto<\/a>|<a href=\"#Product Advantage\" target=\"_self\" data-lv=\"0\" rel=\"noopener\">Ventajas del producto<\/a><\/span><\/p>\n<p><strong><span style=\"letter-spacing: 0px;font-size: 24px;font-family: arial, helvetica, sans-serif\"><\/span><\/strong><\/p>\n<p>Se trata de un helado promocional innovador y de alta calidad para clientes minoristas. Un modelo de helado promocional puede hacer maravillas en su tienda. Es una forma ideal de hacerse notar.<\/p>\n<p>Tenemos todos los <a style=\"color:blue\" href=\"https:\/\/www.hommy.com\/es\/modelo-de-helado\/\">modelo de helado promocional<\/a>s disponibles en nuestro inventario, por favor pida m\u00e1s detalles sobre el modelo promocional. Nuestro modelo promocional no s\u00f3lo es \u00fanico en apariencia, sino tambi\u00e9n en funcionalidad y somos uno de los principales fabricantes y exportadores en este dominio.<\/p>\n<p><strong><span style=\"letter-spacing: 0px;font-size: 24px;font-family: arial, helvetica, sans-serif\"><a name=\"Product specification\"><\/a>Especificaciones del producto\uff1a<\/span><\/strong><\/p>\n<h2><span style=\"font-size: 24px\"><strong><span style=\"font-family: \u5b8b\u4f53;letter-spacing: 0px\"><br \/><\/span><\/strong><\/span><\/h2>\n<p style=\"text-align:center\"><span style=\"font-family:\u5b8b\u4f53;letter-spacing:0;font-size:29px\"><img decoding=\"async\" src=\"https:\/\/www.hommy.com\/wp-content\/uploads\/16014274909173.png\" alt=\"producto-Hommy-img\" title=\"\"><\/span><\/p>\n<p><span style=\"font-family:\u5b8b\u4f53;letter-spacing:0;font-size:29px\"><br \/><\/span><\/p>\n<p><span style=\"font-family:\u5b8b\u4f53;letter-spacing:0;font-size:29px\"><\/span><\/p>\n<div class=\"d-tem01-graphic tem01-graphic mockup\" data-detail=\"wrap\">\n<div class=\"cont-section clearfix d-clearfix\">\n<div class=\"col-md-6 col-sm-6 col-xs-6\"><\/p>\n<div class=\"graphic_pic animated wow bounceIn\" data-wow-delay=\".7s\">\n<p style=\"text-align:center\"><img loading=\"lazy\" decoding=\"async\" src=\"https:\/\/www.hommy.com\/wp-content\/uploads\/16014276873099.jpg\" alt=\"producto-Hommy-img\" title=\"\" width=\"300\" height=\"256\" border=\"0\" vspace=\"0\" style=\"width: 300px;height: 256px\"><\/p>\n<\/div>\n<\/div>\n<div class=\"col-md-6 col-sm-6 col-xs-6\">\n<div class=\"right-p\">\n<div class=\"h2 heading\">\n<p style=\"margin-top:0;margin-right:0;margin-bottom:0;margin-left:0;text-indent:0;text-align:justify\"><span style=\"font-family:\u5b8b\u4f53;letter-spacing:0;font-size:29px\"><br \/><\/span><\/p>\n<p style=\"margin-top:0;margin-right:0;margin-bottom:0;margin-left:0;text-indent:0;text-align:justify\"><span style=\"font-family:\u5b8b\u4f53;letter-spacing:0;font-size:29px\"><br \/><\/span><\/p>\n<h2 style=\"margin: 0px;text-indent: 0px;text-align: justify\"><span style=\"font-size: 24px\"><strong><span style=\"letter-spacing: 0px;font-family: arial, helvetica, sans-serif\"><a name=\"Product Features\"><\/a>Caracter\u00edsticas del producto:<\/span><\/strong><\/span><span style=\"font-family:\u5b8b\u4f53;letter-spacing:0;font-size:29px\"> <\/span><\/h2>\n<h2 style=\"margin: 0px;text-indent: 0px;text-align: justify\"><span style=\"font-family:\u5b8b\u4f53;letter-spacing:0;font-size:29px\"><br \/><\/span><\/h2>\n<p style=\"text-align:justify\"><span style=\"font-family: Calibri;letter-spacing: 0;font-size: 19px\">\u25c6 100% Alto grado de simulaci\u00f3n<\/span><span style=\"letter-spacing: 0px;font-size: 19px;font-family: \u5b8b\u4f53\">&nbsp;<\/span><span style=\"font-family: Calibri;letter-spacing: 0;font-size: 19px\">y alta calidad<\/span><\/p>\n<p style=\"text-align:justify\"><span style=\"font-family: Calibri;letter-spacing: 0;font-size: 19px\"><br \/><\/span><\/p>\n<p style=\"text-align:justify\"><span style=\"font-family: Calibri;letter-spacing: 0;font-size: 19px\"><span style=\"font-family: Calibri;font-size: 19px;text-align: justify\">\u25c6&nbsp;<\/span>Fabricado con materias primas de alta calidad<\/span><\/p>\n<p style=\"text-align:justify\"><span style=\"font-family: Calibri;letter-spacing: 0;font-size: 19px\"><br \/><\/span><\/p>\n<p style=\"text-align:justify\"><span style=\"font-family: Calibri;letter-spacing: 0;font-size: 19px\"><span style=\"font-family: Calibri;font-size: 19px;text-align: justify\">\u25c6&nbsp;<\/span>Reutilizable, antiadherente; f\u00e1cil de usar y limpiar<\/span><\/p>\n<p style=\"text-align:justify\"><span style=\"font-family: Calibri;letter-spacing: 0;font-size: 19px\"><br \/><\/span><\/p>\n<p style=\"text-align:justify\"><span style=\"font-family: Calibri;letter-spacing: 0;font-size: 19px\"><span style=\"font-family: Calibri;font-size: 19px;text-align: justify\">\u25c6&nbsp;<\/span>Poco aceite y olor peculiar del moho<\/span><\/p>\n<p style=\"text-align:justify\"><span style=\"font-family: Calibri;letter-spacing: 0;font-size: 19px\"><br \/><\/span><\/p>\n<p style=\"text-align:justify\"><span style=\"font-family: Calibri;letter-spacing: 0;font-size: 19px\"><span style=\"font-family: Calibri;font-size: 19px;text-align: justify\">\u25c6&nbsp;<\/span>No se deforma f\u00e1cilmente y tiene una larga vida \u00fatil<\/span><\/p>\n<\/div>\n<\/div>\n<p>&nbsp; &nbsp; &nbsp; &nbsp; &nbsp; &nbsp;<\/p><\/div>\n<\/div>\n<\/div>\n<h2><strong><span style=\"letter-spacing: 0px;font-family: arial, helvetica, sans-serif;font-size: 24px\"><a name=\"Product Advantage\"><\/a>Ventaja del producto:<\/span><\/strong><\/h2>\n<h2><span style=\"font-family:\u5b8b\u4f53;letter-spacing:0;font-size:29px\"><\/span><\/h2>\n<div class=\"d-tem01-graphic tem01-graphic mockup\" data-detail=\"wrap\">\n<div class=\"cont-section clearfix d-clearfix\">\n<div class=\"col-md-6 col-sm-6 col-xs-6\">\n<div class=\"right-p\">\n<div class=\"h2 heading\">\n<h2 style=\"text-align: justify\"><span style=\"letter-spacing: 0px;font-family: arial, helvetica, sans-serif;font-size: 16px\">1. El aspecto alto atrae la curiosidad de los clientes, lo que puede aumentar las ventas de helados.<\/span><\/h2>\n<p style=\"text-align:justify\"><span style=\"letter-spacing: 0px;font-family: arial, helvetica, sans-serif;font-size: 16px\"><br \/><\/span><\/p>\n<p style=\"text-align:justify\"><span style=\"letter-spacing: 0px;font-family: arial, helvetica, sans-serif;font-size: 16px\"><br \/><\/span><\/p>\n<\/div>\n<\/div>\n<div class=\"graphic_pic animated wow bounceIn\" data-wow-delay=\".7s\">\n<p style=\"text-align:center\"><img loading=\"lazy\" decoding=\"async\" src=\"https:\/\/www.hommy.com\/wp-content\/uploads\/16014277297216.jpg\" alt=\"producto-gelato cono molde-Hommy-img\" title=\"\" width=\"300\" height=\"256\" border=\"0\" vspace=\"0\" style=\"width: 300px;height: 256px\"><\/p>\n<\/div>\n<\/div>\n<div class=\"col-md-6 col-sm-6 col-xs-6\">\n<div class=\"right-p\">\n<div class=\"h2 heading\">\n<p><span style=\"letter-spacing: 0px;font-size: 16px;font-family: arial, helvetica, sans-serif\">2. Puedes hacer decoraciones en el exterior y decirle a la otra parte que hay venta de helados en la tienda para atraer clientes.<\/span><span style=\"font-family: \u5b8b\u4f53;letter-spacing: 0;font-size: 19px\">&nbsp;<\/span><\/p>\n<p><span style=\"font-family: \u5b8b\u4f53;letter-spacing: 0;font-size: 19px\"><br \/><\/span><\/p>\n<p><span style=\"font-family: \u5b8b\u4f53;letter-spacing: 0;font-size: 19px\"><br \/><\/span><\/p>\n<\/div>\n<\/div>\n<div class=\"graphic_pic animated wow bounceIn\" data-wow-delay=\".7s\">\n<p style=\"text-align:center\"><img loading=\"lazy\" decoding=\"async\" src=\"https:\/\/www.hommy.com\/wp-content\/uploads\/16014277532840.png\" alt=\"producto-Hommy-img\" title=\"\" width=\"300\" height=\"500\" border=\"0\" vspace=\"0\" style=\"width: 300px;height: 500px\"><\/p>\n<\/div>\n<\/div>\n<\/div>\n<\/div>\n<p><span style=\"font-family:Calibri;font-size:14px\"><\/span><\/p>\n<p><span style=\"font-family:Calibri;font-size:14px\">Documento<\/span><span style=\"font-family: Calibri\">:<\/span><img decoding=\"async\" src=\"https:\/\/www.hommy.com\/wp-content\/uploads\/icon_pdf-78.gif\" style=\"margin-right: 2px\" alt=\"producto-Hommy-img\" title=\"\"><a href=\"https:\/\/img80002414.weyesimg.com\/uploads\/www.hommy.com\/addon\/16025750768669.pdf\" title=\"16025750768669.pdf\" style=\"font-size: 12px\">16025750768669.pdf<\/a><\/p>\n<p><span style=\"font-family:Calibri;font-size:14px\"><\/span><\/p>\n<\/div><\/div>","protected":false},"excerpt":{"rendered":"<p>Gelato cone mould Gelato cone mould|Product specification|Product Features|Product Advantage This is a high quality and innovative promotional ice cream for retail customers. An ice cream promotion model can work wonders for your store. This is an ideal way to get noticed. We have all the promotional ice cream models available in our inventory, please ask [&hellip;]<\/p>\n","protected":false},"featured_media":1946,"comment_status":"open","ping_status":"open","template":"","meta":{"_swt_meta_header_display":false,"_swt_meta_footer_display":false,"_swt_meta_site_title_display":false,"_swt_meta_sticky_header":false,"_swt_meta_transparent_header":false},"product_brand":[],"product_cat":[89],"product_tag":[],"class_list":{"0":"post-1009","1":"product","2":"type-product","3":"status-publish","4":"has-post-thumbnail","6":"product_cat-ice-cream-model","8":"first","9":"instock","10":"shipping-taxable","11":"product-type-simple"},"_links":{"self":[{"href":"https:\/\/www.hommy.com\/es\/wp-json\/wp\/v2\/product\/1009","targetHints":{"allow":["GET"]}}],"collection":[{"href":"https:\/\/www.hommy.com\/es\/wp-json\/wp\/v2\/product"}],"about":[{"href":"https:\/\/www.hommy.com\/es\/wp-json\/wp\/v2\/types\/product"}],"replies":[{"embeddable":true,"href":"https:\/\/www.hommy.com\/es\/wp-json\/wp\/v2\/comments?post=1009"}],"wp:featuredmedia":[{"embeddable":true,"href":"https:\/\/www.hommy.com\/es\/wp-json\/wp\/v2\/media\/1946"}],"wp:attachment":[{"href":"https:\/\/www.hommy.com\/es\/wp-json\/wp\/v2\/media?parent=1009"}],"wp:term":[{"taxonomy":"product_brand","embeddable":true,"href":"https:\/\/www.hommy.com\/es\/wp-json\/wp\/v2\/product_brand?post=1009"},{"taxonomy":"product_cat","embeddable":true,"href":"https:\/\/www.hommy.com\/es\/wp-json\/wp\/v2\/product_cat?post=1009"},{"taxonomy":"product_tag","embeddable":true,"href":"https:\/\/www.hommy.com\/es\/wp-json\/wp\/v2\/product_tag?post=1009"}],"curies":[{"name":"wp","href":"https:\/\/api.w.org\/{rel}","templated":true}]}}