{"id":1003,"date":"2024-07-02T17:36:42","date_gmt":"2024-07-02T17:36:42","guid":{"rendered":"http:\/\/localhost\/hommywp\/plastic-giant-replica-large-ice-cream-cone-advertise-3d-model\/"},"modified":"2025-08-01T09:57:49","modified_gmt":"2025-08-01T09:57:49","slug":"molde-para-cucuruchos-de-helado-maquina-para-hacer-polos","status":"publish","type":"product","link":"https:\/\/www.hommy.com\/es\/p\/molde-para-cucuruchos-de-helado-maquina-para-hacer-polos\/","title":{"rendered":"R\u00e9plica de pl\u00e1stico gigante de gran cono de helado Publicidad Modelo 3d"},"content":{"rendered":"<div>\n<p style=\"text-align: center\">&nbsp;<\/p>\n<h2 style=\"text-align: center\"><strong><span style=\"font-size: 30px;text-align: center;font-family: arial, helvetica, sans-serif\"><a name=\"Ice cream cone mould\"><\/a>Molde para cucurucho de helado<\/span><\/strong><\/h2>\n<p style=\"text-align: center\"><a href=\"#Ice cream cone mould\" target=\"_self\" data-lv=\"0\" rel=\"noopener\"><span style=\"text-align: center;font-size: 16px\">Molde para cucurucho de helado<\/span><\/a><span style=\"text-align: center;font-size: 16px\">|<a href=\"#Product specification\" target=\"_self\" data-lv=\"0\" rel=\"noopener\">Especificaci\u00f3n del producto<\/a>|<a href=\"#Product Features\" target=\"_self\" data-lv=\"0\" rel=\"noopener\">Caracter\u00edsticas del producto<\/a>|<a href=\"#Product Advantage\" target=\"_self\" data-lv=\"0\" rel=\"noopener\">Ventajas del producto<\/a><\/span><\/p>\n<p><span style=\"font-size: 30px;text-align: center\"><\/span><\/p>\n<p>Si est\u00e1 buscando un modelo publicitario de cono de helado de alta calidad que parezca realista, entonces ha venido al lugar correcto. Como fabricante profesional de modelos publicitarios de conos de helado, estamos comprometidos a ofrecer a nuestros clientes productos y servicios de la m\u00e1s alta calidad posible. Nuestros conos de helado est\u00e1n hechos de materias primas de la m\u00e1s alta calidad y son 100% realistas. Son reutilizables, antiadherentes, f\u00e1ciles de usar y limpiar, y tienen una larga vida \u00fatil.<\/p>\n<p>Si est\u00e1 listo para llevar su publicidad de cucuruchos de helado al siguiente nivel, p\u00f3ngase en contacto con nosotros hoy mismo para empezar. Estamos deseando ayudarle a hacer crecer su negocio.<\/p>\n<p><\/p>\n<p><span style=\"font-size: 30px;text-align: center\"><\/span><\/p>\n<h2 style=\"margin: 0px;text-indent: 0px;text-align: justify\"><strong><span style=\"letter-spacing: 0px;font-size: 24px;font-family: arial, helvetica, sans-serif\"><a name=\"Product specification\"><\/a>Especificaciones del producto\uff1a<\/span><\/strong><\/h2>\n<h2 style=\"margin: 0px;text-indent: 0px;text-align: justify\"><strong><span style=\"letter-spacing: 0px;font-size: 24px;font-family: arial, helvetica, sans-serif\"><br \/><\/span><\/strong><\/h2>\n<p style=\"margin-top:0;margin-right:0;margin-bottom:0;margin-left:0;text-indent:0;text-align:justify\"><strong><span style=\"letter-spacing: 0px;font-size: 24px;font-family: arial, helvetica, sans-serif\"><br \/><\/span><\/strong><\/p>\n<p><span style=\"font-size: 30px;text-align: center\"><\/span><\/p>\n<p style=\"text-align:center\"><img decoding=\"async\" src=\"https:\/\/www.hommy.com\/wp-content\/uploads\/16014267297115.png\" alt=\"producto-Hommy-img\" title=\"\"><\/p>\n<p><\/p>\n<p>&nbsp;<\/p>\n<div class=\"d-tem11-graphic tem11-graphic mockup\" data-detail=\"wrap\">\n<div class=\"tab_row\">\n<div class=\"img\" style=\"width: 50%\">\n<p style=\"text-align:center\"><img loading=\"lazy\" decoding=\"async\" title=\"\" alt=\"producto-Hommy-img\" src=\"https:\/\/www.hommy.com\/wp-content\/uploads\/15553223371322.jpg\" width=\"500\" height=\"593\" border=\"0\" vspace=\"0\" style=\"width: 500px;height: 593px\"><\/p>\n<\/div>\n<div class=\"text_box\" style=\"width: 50%\">\n<div class=\"txt\">\n<div class=\"title\">\n<h2><span style=\"font-family: arial, helvetica, sans-serif;font-size: 24px\"><a name=\"Product Features\"><\/a>&nbsp;<span style=\"font-family: arial, helvetica, sans-serif;letter-spacing: 0px;text-align: justify\">Caracter\u00edsticas del producto\uff1a<\/span><\/span><\/h2>\n<h2><span style=\"font-family: arial, helvetica, sans-serif;font-size: 24px\"><span style=\"font-family: arial, helvetica, sans-serif;letter-spacing: 0px;text-align: justify\"><br \/><\/span><\/span><\/h2>\n<p style=\"text-align:justify\"><span style=\"font-family: Calibri;letter-spacing: 0;font-size: 19px\">\u25c6&nbsp;<\/span><span style=\"font-family: Calibri;letter-spacing: 0;font-size: 19px\">100% <\/span><span style=\"font-family: Calibri;letter-spacing: 0;font-size: 19px\">Alto grado de simulaci\u00f3n&nbsp;<\/span><span style=\"font-family: Calibri;letter-spacing: 0;font-size: 19px\">y alta calidad<\/span><\/p>\n<p style=\"text-align:justify\"><span style=\"font-family: Calibri;letter-spacing: 0;font-size: 19px\"><br \/><\/span><\/p>\n<p style=\"text-align:justify\"><span style=\"font-family: Calibri;letter-spacing: 0;font-size: 19px\"><span style=\"font-family: Calibri;font-size: 19px;font-weight: 700;text-align: justify\">\u25c6&nbsp;<\/span><\/span><span style=\"font-family: Calibri;letter-spacing: 0;font-size: 19px\">Fabricado con materias primas de alta calidad<\/span><\/p>\n<p style=\"text-align:justify\"><span style=\"font-family: Calibri;letter-spacing: 0;font-size: 19px\"><br \/><\/span><\/p>\n<p style=\"text-align:justify\"><span style=\"font-family: Calibri;letter-spacing: 0;font-size: 19px\"><span style=\"font-family: Calibri;font-size: 19px;font-weight: 700;text-align: justify\">\u25c6&nbsp;<\/span><\/span><span style=\"font-family: Calibri;letter-spacing: 0;font-size: 19px\">Reutilizable, antiadherente; f\u00e1cil de usar y limpiar<\/span><\/p>\n<p style=\"text-align:justify\"><span style=\"font-family: Calibri;letter-spacing: 0;font-size: 19px\"><br \/><\/span><\/p>\n<p style=\"text-align:justify\"><span style=\"font-family: Calibri;letter-spacing: 0;font-size: 19px\"><span style=\"font-family: Calibri;font-size: 19px;font-weight: 700;text-align: justify\">\u25c6&nbsp;<\/span><\/span><span style=\"font-family: Calibri;letter-spacing: 0;font-size: 19px\">Poco aceite y olor peculiar del moho<\/span><\/p>\n<p style=\"text-align:justify\"><span style=\"font-family: Calibri;letter-spacing: 0;font-size: 19px\"><br \/><\/span><\/p>\n<p style=\"text-align:justify\"><span style=\"font-family: Calibri;letter-spacing: 0;font-size: 19px\"><span style=\"font-family: Calibri;font-size: 19px;font-weight: 700;text-align: justify\">\u25c6&nbsp;<\/span><\/span><span style=\"font-family: Calibri;letter-spacing: 0;font-size: 19px\">No se deforma f\u00e1cilmente y tiene una larga vida \u00fatil<\/span><\/p>\n<p>&nbsp; &nbsp; &nbsp;<br \/>\n &nbsp; &nbsp; &nbsp; &nbsp; &nbsp; &nbsp; &nbsp; &nbsp;<\/div>\n<p>&nbsp;<\/p>\n<\/div>\n<\/div>\n<\/div>\n<\/div>\n<p>&nbsp;<\/p>\n<p><strong style=\"font-size: 24px\"><span style=\"letter-spacing: 0px;font-family: arial, helvetica, sans-serif\"><br \/><\/span><\/strong><\/p>\n<h2><strong style=\"font-size: 24px\"><span style=\"letter-spacing: 0px;font-family: arial, helvetica, sans-serif\"><a name=\"Product Advantage\"><\/a>Ventaja del producto:<\/span><\/strong><\/h2>\n<div class=\"d-tem01-graphic tem01-graphic mockup\" data-detail=\"wrap\">\n<div class=\"cont-section clearfix d-clearfix\">\n<div class=\"col-md-6 col-sm-6 col-xs-6\">\n<div class=\"right-p\">\n<div class=\"h2 heading\">\n<h2 style=\"text-align: justify\"><span style=\"letter-spacing: 0px;font-family: arial, helvetica, sans-serif;font-size: 16px\">1. El aspecto alto atrae la curiosidad de los clientes, lo que puede aumentar las ventas de helados.<\/span><\/h2>\n<p style=\"text-align:justify\"><span style=\"letter-spacing: 0px;font-family: arial, helvetica, sans-serif;font-size: 16px\"><br \/><\/span><\/p>\n<p style=\"text-align:justify\"><span style=\"letter-spacing: 0px;font-family: arial, helvetica, sans-serif;font-size: 16px\"><br \/><\/span><\/p>\n<\/div>\n<\/div>\n<div class=\"graphic_pic animated wow bounceIn\" data-wow-delay=\".7s\">\n<p style=\"text-align:center\"><img loading=\"lazy\" decoding=\"async\" src=\"https:\/\/www.hommy.com\/wp-content\/uploads\/16014270517328.png\" alt=\"producto-Hommy-img\" title=\"\" width=\"150\" height=\"464\" border=\"0\" vspace=\"0\" style=\"width: 150px;height: 464px\"><\/p>\n<\/div>\n<\/div>\n<div class=\"col-md-6 col-sm-6 col-xs-6\">\n<div class=\"right-p\">\n<div class=\"h2 heading\">\n<p><span style=\"letter-spacing: 0px;font-size: 16px;font-family: arial, helvetica, sans-serif\">2. Puedes hacer decoraciones en el exterior y decirle a la otra parte que hay venta de helados en la tienda para atraer clientes.&nbsp;<\/span><span style=\"font-family: \u5b8b\u4f53;letter-spacing: 0;font-size: 19px\">&nbsp;<\/span><\/p>\n<p><span style=\"font-family: \u5b8b\u4f53;letter-spacing: 0;font-size: 19px\"><br \/><\/span><\/p>\n<p><span style=\"font-family: \u5b8b\u4f53;letter-spacing: 0;font-size: 19px\"><br \/><\/span><\/p>\n<\/div>\n<\/div>\n<div class=\"graphic_pic animated wow bounceIn\" data-wow-delay=\".7s\">\n<p style=\"text-align:center\"><img loading=\"lazy\" decoding=\"async\" src=\"https:\/\/www.hommy.com\/wp-content\/uploads\/16014270759514.png\" alt=\"producto-molde de cucurucho de helado-Hommy-img\" title=\"\" width=\"350\" height=\"300\" border=\"0\" vspace=\"0\" style=\"width: 350px;height: 300px\"><\/p>\n<\/div>\n<\/div>\n<\/div>\n<\/div>\n<p>Documento:<img decoding=\"async\" src=\"https:\/\/www.hommy.com\/wp-content\/uploads\/icon_pdf-77.gif\" style=\"margin-right: 2px\" alt=\"producto-Hommy-img\" title=\"\"><a href=\"https:\/\/img80002414.weyesimg.com\/uploads\/www.hommy.com\/addon\/16025752979141.pdf\" title=\"16025752979141.pdf\" style=\"font-size: 12px\">16025752979141.pdf<\/a><\/p>\n<\/div><\/div>","protected":false},"excerpt":{"rendered":"<p>&nbsp; Ice cream cone mould Ice cream cone mould|Product specification|Product Features|Product Advantage If you&#039;re looking for a high quality ice cream cone advertising model that looks realistic, then you&#039;ve come to the right place. As a professional ice cream cone advertise model manufacturer, we are committed to providing our customers with the highest quality products [&hellip;]<\/p>\n","protected":false},"featured_media":1945,"comment_status":"open","ping_status":"open","template":"","meta":{"_swt_meta_header_display":false,"_swt_meta_footer_display":false,"_swt_meta_site_title_display":false,"_swt_meta_sticky_header":false,"_swt_meta_transparent_header":false},"product_brand":[],"product_cat":[89],"product_tag":[],"class_list":{"0":"post-1003","1":"product","2":"type-product","3":"status-publish","4":"has-post-thumbnail","6":"product_cat-ice-cream-model","8":"first","9":"instock","10":"shipping-taxable","11":"product-type-simple"},"_links":{"self":[{"href":"https:\/\/www.hommy.com\/es\/wp-json\/wp\/v2\/product\/1003","targetHints":{"allow":["GET"]}}],"collection":[{"href":"https:\/\/www.hommy.com\/es\/wp-json\/wp\/v2\/product"}],"about":[{"href":"https:\/\/www.hommy.com\/es\/wp-json\/wp\/v2\/types\/product"}],"replies":[{"embeddable":true,"href":"https:\/\/www.hommy.com\/es\/wp-json\/wp\/v2\/comments?post=1003"}],"wp:featuredmedia":[{"embeddable":true,"href":"https:\/\/www.hommy.com\/es\/wp-json\/wp\/v2\/media\/1945"}],"wp:attachment":[{"href":"https:\/\/www.hommy.com\/es\/wp-json\/wp\/v2\/media?parent=1003"}],"wp:term":[{"taxonomy":"product_brand","embeddable":true,"href":"https:\/\/www.hommy.com\/es\/wp-json\/wp\/v2\/product_brand?post=1003"},{"taxonomy":"product_cat","embeddable":true,"href":"https:\/\/www.hommy.com\/es\/wp-json\/wp\/v2\/product_cat?post=1003"},{"taxonomy":"product_tag","embeddable":true,"href":"https:\/\/www.hommy.com\/es\/wp-json\/wp\/v2\/product_tag?post=1003"}],"curies":[{"name":"wp","href":"https:\/\/api.w.org\/{rel}","templated":true}]}}