{"id":100,"date":"2024-07-02T12:08:31","date_gmt":"2024-07-02T12:08:31","guid":{"rendered":"http:\/\/localhost\/hommywp\/pa-al-12-aluminum-pizza-pan-vending-machine-parts\/"},"modified":"2025-08-01T09:57:26","modified_gmt":"2025-08-01T09:57:26","slug":"pa-al-12-molde-de-aluminio-para-pizza","status":"publish","type":"product","link":"https:\/\/www.hommy.com\/es\/p\/pa-al-12-molde-de-aluminio-para-pizza\/","title":{"rendered":"Pa-Al-12\" Bandeja de aluminio para pizza Piezas de m\u00e1quinas expendedoras"},"content":{"rendered":"<div>\n<p style=\"text-align: center\"><span style=\"font-family:Calibri;font-size:29px\">M\u00e1quina expendedora de pizza Italia <\/span><\/p>\n<p><\/p>\n<p style=\"margin-bottom:0;text-align:justify\"><span style=\"font-family:\u5b8b\u4f53;font-size:29px\">Caracter\u00edsticas del producto : <\/span><\/p>\n<p><span style=\"font-family:Calibri;font-size:21px\">1.&nbsp;<\/span><span style=\"font-family:Calibri;font-size:21px\">12 \"sart\u00e9n de aluminio para pizza elegir el material que han pasado de grado alimenticio . &nbsp;<\/span><\/p>\n<p><span style=\"font-family:Calibri;font-size:21px\">2.&nbsp;<\/span><span style=\"font-family:Calibri;font-size:21px\">La base de aluminio sart\u00e9n de pizza en la caja de pizza hommy para hacer el dise\u00f1o que es de 30 cm de di\u00e1metro .<\/span><\/p>\n<p><span style=\"font-family:Calibri;font-size:21px\">3.&nbsp;<\/span><span style=\"font-family:Calibri;font-size:21px\">Hay agujeros y hoyos adicionales en el interior de la bandeja para drenar el vapor de agua, lo que hace que la pizza sea m\u00e1s deliciosa. <\/span><\/p>\n<p><span style=\"font-family:Calibri;font-size:21px\">4.&nbsp;<\/span><span style=\"font-family:Calibri;font-size:21px\">La caja de aluminio de la pizza es dise\u00f1o especial para la m\u00e1quina expendedora de pizza hommy . <\/span><\/p>\n<p><span style=\"font-family:Calibri;font-size:21px\">5.&nbsp;<\/span><span style=\"font-family:Calibri;font-size:21px\">La caja de pizza y el molde de pizza de aluminio son un conjunto para que la m\u00e1quina expendedora de pizza Hommy funcione.<\/span><\/p>\n<p><span style=\"font-family:Calibri;font-size:21px\">Sellado con componentes de alta calidad aptos para uso alimentario, el molde para pizza de aluminio es un producto duradero y adecuado para aplicaciones alimentarias.<\/span><\/p>\n<p><span style=\"font-family:Calibri;font-size:21px\"><\/span><\/p>\n<h2>\u00bfQu\u00e9 tama\u00f1o tiene el sector de las m\u00e1quinas expendedoras en Estados Unidos?<\/h2>\n<p style=\"margin-top: 5px;margin-bottom: 5px\">La industria de las m\u00e1quinas expendedoras en EE.UU. est\u00e1 valorada en unos $22,4 mil millones en 2017. Se prev\u00e9 que crezca a un CAGR de alrededor de 2,6% durante los pr\u00f3ximos cinco a\u00f1os.En 2017, la industria de m\u00e1quinas expendedoras de EE.UU. estuvo dominada por el segmento de alimentos y bebidas que contribuy\u00f3 a m\u00e1s de la mitad de los ingresos del mercado. El segundo segmento m\u00e1s grande fue el de aperitivos y confiter\u00eda. Se prev\u00e9 que el mercado crezca a un CAGR de alrededor de 2,6% durante los pr\u00f3ximos cinco a\u00f1os.<\/p>\n<p style=\"margin-top: 5px;margin-bottom: 5px\"><\/p>\n<h2>\u00bfC\u00f3mo se hace una m\u00e1quina expendedora saludable?<\/h2>\n<p style=\"margin-top: 5px;margin-bottom: 5px\">Esta es la teor\u00eda de la Iniciativa de M\u00e1quinas Expendedoras Saludables, una coalici\u00f3n de funcionarios de salud p\u00fablica, administradores escolares y otras personas que intentan cambiar la forma en que se venden y utilizan las m\u00e1quinas expendedoras. En los \u00faltimos a\u00f1os, las m\u00e1quinas expendedoras se han convertido en un elemento b\u00e1sico en muchos lugares de trabajo. Si est\u00e1 pensando en crear una m\u00e1quina expendedora saludable para su lugar de trabajo, aqu\u00ed tiene algunos consejos que le ayudar\u00e1n a crearla.<\/p>\n<p style=\"margin-top: 5px;margin-bottom: 5px\"><\/p>\n<h2>\u00bfGanan dinero las m\u00e1quinas expendedoras en Canad\u00e1?<\/h2>\n<p style=\"margin-top: 5px;margin-bottom: 5px\">En cualquier parte del mundo hay una m\u00e1quina expendedora. A menudo son lo primero que se ve al entrar en un edificio. En Canad\u00e1 hay muchos tipos diferentes de m\u00e1quinas expendedoras. Algunas venden caramelos, otras agua, otras cerveza.&nbsp;<\/p>\n<p style=\"margin-top: 5px;margin-bottom: 5px\"><br style=\"font-family: sans-serif;font-size: 16px\" \/><\/p>\n<p><span style=\"font-family:Calibri;font-size:21px\"><br \/><\/span><\/p>\n<\/p><\/div>","protected":false},"excerpt":{"rendered":"<p>Pizza vending machine Italy Product Features : 1.&nbsp;12\u201d aluminum pizza pan choose material that have pass food grade . &nbsp; 2.&nbsp;The aluminum pizza pan base on &nbsp;hommy pizza box to do the design that is diameter 30cm . 3.&nbsp;There are additional holes and pits inside the pan to drain away water vapor, making the pizza [&hellip;]<\/p>\n","protected":false},"featured_media":1957,"comment_status":"open","ping_status":"open","template":"","meta":{"_swt_meta_header_display":false,"_swt_meta_footer_display":false,"_swt_meta_site_title_display":false,"_swt_meta_sticky_header":false,"_swt_meta_transparent_header":false},"product_brand":[],"product_cat":[70,68],"product_tag":[],"class_list":{"0":"post-100","1":"product","2":"type-product","3":"status-publish","4":"has-post-thumbnail","6":"product_cat-pizza-vending-machine","7":"product_cat-vending-machine","9":"first","10":"instock","11":"shipping-taxable","12":"product-type-simple"},"_links":{"self":[{"href":"https:\/\/www.hommy.com\/es\/wp-json\/wp\/v2\/product\/100","targetHints":{"allow":["GET"]}}],"collection":[{"href":"https:\/\/www.hommy.com\/es\/wp-json\/wp\/v2\/product"}],"about":[{"href":"https:\/\/www.hommy.com\/es\/wp-json\/wp\/v2\/types\/product"}],"replies":[{"embeddable":true,"href":"https:\/\/www.hommy.com\/es\/wp-json\/wp\/v2\/comments?post=100"}],"wp:featuredmedia":[{"embeddable":true,"href":"https:\/\/www.hommy.com\/es\/wp-json\/wp\/v2\/media\/1957"}],"wp:attachment":[{"href":"https:\/\/www.hommy.com\/es\/wp-json\/wp\/v2\/media?parent=100"}],"wp:term":[{"taxonomy":"product_brand","embeddable":true,"href":"https:\/\/www.hommy.com\/es\/wp-json\/wp\/v2\/product_brand?post=100"},{"taxonomy":"product_cat","embeddable":true,"href":"https:\/\/www.hommy.com\/es\/wp-json\/wp\/v2\/product_cat?post=100"},{"taxonomy":"product_tag","embeddable":true,"href":"https:\/\/www.hommy.com\/es\/wp-json\/wp\/v2\/product_tag?post=100"}],"curies":[{"name":"wp","href":"https:\/\/api.w.org\/{rel}","templated":true}]}}