{"id":2790,"date":"2025-10-25T10:14:30","date_gmt":"2025-10-25T10:14:30","guid":{"rendered":"https:\/\/www.hommy.com\/?page_id=2790"},"modified":"2025-10-25T11:44:46","modified_gmt":"2025-10-25T11:44:46","slug":"blog","status":"publish","type":"page","link":"https:\/\/www.hommy.com\/es\/blog\/","title":{"rendered":"blog"},"content":{"rendered":"<div class=\"wp-block-query is-layout-flow wp-block-query-is-layout-flow\"><ul class=\"columns-3 wp-block-post-template is-layout-grid wp-container-core-post-template-is-layout-572542b5 wp-block-post-template-is-layout-grid\"><li class=\"wp-block-post post-2964 post type-post status-publish format-standard hentry category-news\">\n<a href=\"https:\/\/www.hommy.com\/es\/como-las-maquinas-expendedoras-de-aguanieve-en-las-tiendas-de-conveniencia-de-cu-de-corea-estan-rompiendo-barreras-estacionales\/\"><figure class=\"wp-block-image is-placeholder\" style=\"height:400px;\"><svg width=\"30\" height=\"30\" viewbox=\"0 0 40 40\" fill=\"currentColor\" xmlns=\"http:\/\/www.w3.org\/2000\/svg\" role=\"img\" aria-labelledby=\"icon-69f4037e20809\" data-icon=\"placeholder\" class=\"wp-block-image__placeholder-icon\"><title id=\"icon-69f4037e20809\">Icono de marcador de posici\u00f3n<\/title>\n<g opacity=\"0.2\" clip-path=\"url(#clip0_601_10810)\" id=\"mask0_601_10810\" style=\"mask-type:luminance\" maskunits=\"userSpaceOnUse\" x=\"0\" y=\"0\" width=\"40\" height=\"40\"><path d=\"M40 0H0V40H40V0Z\" fill=\"var(--wp--preset--color--surface)\"><\/path><g mask=\"url(#mask0_601_10810)\"><path fill-rule=\"evenodd\" clip-rule=\"evenodd\" d=\"M20 40C31.0458 40 40 31.0458 40 20C40 8.95429 31.0458 0 20 0C8.95429 0 0 8.95429 0 20C0 31.0458 8.95429 40 20 40ZM26.1503 25.86C27.3066 25.129 28 23.9059 28 22.5969C28 20.778 26.672 19.1962 24.7885 18.7717L19.1451 17.371C18.6131 17.2511 18.4856 16.5951 18.9383 16.3065L23.3349 13.5021C25.3814 12.1967 25.9135 9.58069 24.5234 7.65898C24.3496 7.41874 24.0014 7.35629 23.7455 7.51949L13.8134 14.2191C12.6791 14.9426 12 16.1466 12 17.4341C12 19.2314 13.312 20.794 15.1731 21.2135L20.9084 22.635C21.4416 22.7552 21.568 23.4134 21.1131 23.7009L16.6841 26.5007C14.6319 27.7981 14.0883 30.4121 15.4699 32.3393C15.6426 32.5801 15.9906 32.644 16.2471 32.4817L26.1503 25.86Z\" fill=\"var(--wp--preset--color--heading)\"><\/path><\/g><\/g><defs><clippath id=\"clip0_601_10810\"><rect width=\"40\" height=\"40\" fill=\"white\"><\/rect><\/clippath><\/defs><\/svg><\/figure><\/a>\n\n\n<h2 class=\"wp-block-post-title has-large-font-size\"><a href=\"https:\/\/www.hommy.com\/es\/como-las-maquinas-expendedoras-de-aguanieve-en-las-tiendas-de-conveniencia-de-cu-de-corea-estan-rompiendo-barreras-estacionales\/\" target=\"_self\" >\u00bfC\u00f3mo las m\u00e1quinas expendedoras de aguanieve en las tiendas de conveniencia de CU de Corea est\u00e1n rompiendo barreras estacionales?<\/a><\/h2>\n<\/li><li class=\"wp-block-post post-2962 post type-post status-publish format-standard hentry category-news\">\n<a href=\"https:\/\/www.hommy.com\/es\/como-las-maquinas-expendedoras-hommy-se-convirtieron-en-el-secreto-de-aumento-de-ingresos-para-los-cafes-cu-gs25-y-no-tripulados-de-corea\/\"><figure class=\"wp-block-image is-placeholder\" style=\"height:400px;\"><svg width=\"30\" height=\"30\" viewbox=\"0 0 40 40\" fill=\"currentColor\" xmlns=\"http:\/\/www.w3.org\/2000\/svg\" role=\"img\" aria-labelledby=\"icon-69f4037e212e6\" data-icon=\"placeholder\" class=\"wp-block-image__placeholder-icon\"><title id=\"icon-69f4037e212e6\">Icono de marcador de posici\u00f3n<\/title>\n<g opacity=\"0.2\" clip-path=\"url(#clip0_601_10810)\" id=\"mask0_601_10810\" style=\"mask-type:luminance\" maskunits=\"userSpaceOnUse\" x=\"0\" y=\"0\" width=\"40\" height=\"40\"><path d=\"M40 0H0V40H40V0Z\" fill=\"var(--wp--preset--color--surface)\"><\/path><g mask=\"url(#mask0_601_10810)\"><path fill-rule=\"evenodd\" clip-rule=\"evenodd\" d=\"M20 40C31.0458 40 40 31.0458 40 20C40 8.95429 31.0458 0 20 0C8.95429 0 0 8.95429 0 20C0 31.0458 8.95429 40 20 40ZM26.1503 25.86C27.3066 25.129 28 23.9059 28 22.5969C28 20.778 26.672 19.1962 24.7885 18.7717L19.1451 17.371C18.6131 17.2511 18.4856 16.5951 18.9383 16.3065L23.3349 13.5021C25.3814 12.1967 25.9135 9.58069 24.5234 7.65898C24.3496 7.41874 24.0014 7.35629 23.7455 7.51949L13.8134 14.2191C12.6791 14.9426 12 16.1466 12 17.4341C12 19.2314 13.312 20.794 15.1731 21.2135L20.9084 22.635C21.4416 22.7552 21.568 23.4134 21.1131 23.7009L16.6841 26.5007C14.6319 27.7981 14.0883 30.4121 15.4699 32.3393C15.6426 32.5801 15.9906 32.644 16.2471 32.4817L26.1503 25.86Z\" fill=\"var(--wp--preset--color--heading)\"><\/path><\/g><\/g><defs><clippath id=\"clip0_601_10810\"><rect width=\"40\" height=\"40\" fill=\"white\"><\/rect><\/clippath><\/defs><\/svg><\/figure><\/a>\n\n\n<h2 class=\"wp-block-post-title has-large-font-size\"><a href=\"https:\/\/www.hommy.com\/es\/como-las-maquinas-expendedoras-hommy-se-convirtieron-en-el-secreto-de-aumento-de-ingresos-para-los-cafes-cu-gs25-y-no-tripulados-de-corea\/\" target=\"_self\" >C\u00f3mo las m\u00e1quinas expendedoras hommy se convirtieron en el \u201csecreto de aumento de ingresos\u201d para los caf\u00e9s CU, GS25 y no tripulados de Corea<\/a><\/h2>\n<\/li><li class=\"wp-block-post post-2960 post type-post status-publish format-standard hentry category-news\">\n<a href=\"https:\/\/www.hommy.com\/es\/la-tienda-de-conveniencia-de-cu-corea-del-sur-ingresa-al-mercado-hawaiano-con-una-explosion-de-ventas\/\"><figure class=\"wp-block-image is-placeholder\" style=\"height:400px;\"><svg width=\"30\" height=\"30\" viewbox=\"0 0 40 40\" fill=\"currentColor\" xmlns=\"http:\/\/www.w3.org\/2000\/svg\" role=\"img\" aria-labelledby=\"icon-69f4037e21b8f\" data-icon=\"placeholder\" class=\"wp-block-image__placeholder-icon\"><title id=\"icon-69f4037e21b8f\">Icono de marcador de posici\u00f3n<\/title>\n<g opacity=\"0.2\" clip-path=\"url(#clip0_601_10810)\" id=\"mask0_601_10810\" style=\"mask-type:luminance\" maskunits=\"userSpaceOnUse\" x=\"0\" y=\"0\" width=\"40\" height=\"40\"><path d=\"M40 0H0V40H40V0Z\" fill=\"var(--wp--preset--color--surface)\"><\/path><g mask=\"url(#mask0_601_10810)\"><path fill-rule=\"evenodd\" clip-rule=\"evenodd\" d=\"M20 40C31.0458 40 40 31.0458 40 20C40 8.95429 31.0458 0 20 0C8.95429 0 0 8.95429 0 20C0 31.0458 8.95429 40 20 40ZM26.1503 25.86C27.3066 25.129 28 23.9059 28 22.5969C28 20.778 26.672 19.1962 24.7885 18.7717L19.1451 17.371C18.6131 17.2511 18.4856 16.5951 18.9383 16.3065L23.3349 13.5021C25.3814 12.1967 25.9135 9.58069 24.5234 7.65898C24.3496 7.41874 24.0014 7.35629 23.7455 7.51949L13.8134 14.2191C12.6791 14.9426 12 16.1466 12 17.4341C12 19.2314 13.312 20.794 15.1731 21.2135L20.9084 22.635C21.4416 22.7552 21.568 23.4134 21.1131 23.7009L16.6841 26.5007C14.6319 27.7981 14.0883 30.4121 15.4699 32.3393C15.6426 32.5801 15.9906 32.644 16.2471 32.4817L26.1503 25.86Z\" fill=\"var(--wp--preset--color--heading)\"><\/path><\/g><\/g><defs><clippath id=\"clip0_601_10810\"><rect width=\"40\" height=\"40\" fill=\"white\"><\/rect><\/clippath><\/defs><\/svg><\/figure><\/a>\n\n\n<h2 class=\"wp-block-post-title has-large-font-size\"><a href=\"https:\/\/www.hommy.com\/es\/la-tienda-de-conveniencia-de-cu-corea-del-sur-ingresa-al-mercado-hawaiano-con-una-explosion-de-ventas\/\" target=\"_self\" >La tienda de conveniencia de CU Corea del Sur ingresa al mercado hawaiano con una explosi\u00f3n de ventas<\/a><\/h2>\n<\/li><li class=\"wp-block-post post-2958 post type-post status-publish format-standard hentry category-news\">\n<a href=\"https:\/\/www.hommy.com\/es\/7-eleven-vietnam-esta-en-auge-asi-que-que-tiene-de-atractivo-la-maquina-expendedora-de-batidos\/\"><figure class=\"wp-block-image is-placeholder\" style=\"height:400px;\"><svg width=\"30\" height=\"30\" viewbox=\"0 0 40 40\" fill=\"currentColor\" xmlns=\"http:\/\/www.w3.org\/2000\/svg\" role=\"img\" aria-labelledby=\"icon-69f4037e223ab\" data-icon=\"placeholder\" class=\"wp-block-image__placeholder-icon\"><title id=\"icon-69f4037e223ab\">Icono de marcador de posici\u00f3n<\/title>\n<g opacity=\"0.2\" clip-path=\"url(#clip0_601_10810)\" id=\"mask0_601_10810\" style=\"mask-type:luminance\" maskunits=\"userSpaceOnUse\" x=\"0\" y=\"0\" width=\"40\" height=\"40\"><path d=\"M40 0H0V40H40V0Z\" fill=\"var(--wp--preset--color--surface)\"><\/path><g mask=\"url(#mask0_601_10810)\"><path fill-rule=\"evenodd\" clip-rule=\"evenodd\" d=\"M20 40C31.0458 40 40 31.0458 40 20C40 8.95429 31.0458 0 20 0C8.95429 0 0 8.95429 0 20C0 31.0458 8.95429 40 20 40ZM26.1503 25.86C27.3066 25.129 28 23.9059 28 22.5969C28 20.778 26.672 19.1962 24.7885 18.7717L19.1451 17.371C18.6131 17.2511 18.4856 16.5951 18.9383 16.3065L23.3349 13.5021C25.3814 12.1967 25.9135 9.58069 24.5234 7.65898C24.3496 7.41874 24.0014 7.35629 23.7455 7.51949L13.8134 14.2191C12.6791 14.9426 12 16.1466 12 17.4341C12 19.2314 13.312 20.794 15.1731 21.2135L20.9084 22.635C21.4416 22.7552 21.568 23.4134 21.1131 23.7009L16.6841 26.5007C14.6319 27.7981 14.0883 30.4121 15.4699 32.3393C15.6426 32.5801 15.9906 32.644 16.2471 32.4817L26.1503 25.86Z\" fill=\"var(--wp--preset--color--heading)\"><\/path><\/g><\/g><defs><clippath id=\"clip0_601_10810\"><rect width=\"40\" height=\"40\" fill=\"white\"><\/rect><\/clippath><\/defs><\/svg><\/figure><\/a>\n\n\n<h2 class=\"wp-block-post-title has-large-font-size\"><a href=\"https:\/\/www.hommy.com\/es\/7-eleven-vietnam-esta-en-auge-asi-que-que-tiene-de-atractivo-la-maquina-expendedora-de-batidos\/\" target=\"_self\" >7\u2011Eleven Vietnam est\u00e1 en auge! Entonces, \u00bfqu\u00e9 tiene de atractivo la m\u00e1quina expendedora de batidos?<\/a><\/h2>\n<\/li><li class=\"wp-block-post post-2956 post type-post status-publish format-standard hentry category-news\">\n<a href=\"https:\/\/www.hommy.com\/es\/las-maquinas-expendedoras-de-batidos-hommy-son-una-realidad-en-el-minorista-gigante-de-malasia-aeon\/\"><figure class=\"wp-block-image is-placeholder\" style=\"height:400px;\"><svg width=\"30\" height=\"30\" viewbox=\"0 0 40 40\" fill=\"currentColor\" xmlns=\"http:\/\/www.w3.org\/2000\/svg\" role=\"img\" aria-labelledby=\"icon-69f4037e22bdb\" data-icon=\"placeholder\" class=\"wp-block-image__placeholder-icon\"><title id=\"icon-69f4037e22bdb\">Icono de marcador de posici\u00f3n<\/title>\n<g opacity=\"0.2\" clip-path=\"url(#clip0_601_10810)\" id=\"mask0_601_10810\" style=\"mask-type:luminance\" maskunits=\"userSpaceOnUse\" x=\"0\" y=\"0\" width=\"40\" height=\"40\"><path d=\"M40 0H0V40H40V0Z\" fill=\"var(--wp--preset--color--surface)\"><\/path><g mask=\"url(#mask0_601_10810)\"><path fill-rule=\"evenodd\" clip-rule=\"evenodd\" d=\"M20 40C31.0458 40 40 31.0458 40 20C40 8.95429 31.0458 0 20 0C8.95429 0 0 8.95429 0 20C0 31.0458 8.95429 40 20 40ZM26.1503 25.86C27.3066 25.129 28 23.9059 28 22.5969C28 20.778 26.672 19.1962 24.7885 18.7717L19.1451 17.371C18.6131 17.2511 18.4856 16.5951 18.9383 16.3065L23.3349 13.5021C25.3814 12.1967 25.9135 9.58069 24.5234 7.65898C24.3496 7.41874 24.0014 7.35629 23.7455 7.51949L13.8134 14.2191C12.6791 14.9426 12 16.1466 12 17.4341C12 19.2314 13.312 20.794 15.1731 21.2135L20.9084 22.635C21.4416 22.7552 21.568 23.4134 21.1131 23.7009L16.6841 26.5007C14.6319 27.7981 14.0883 30.4121 15.4699 32.3393C15.6426 32.5801 15.9906 32.644 16.2471 32.4817L26.1503 25.86Z\" fill=\"var(--wp--preset--color--heading)\"><\/path><\/g><\/g><defs><clippath id=\"clip0_601_10810\"><rect width=\"40\" height=\"40\" fill=\"white\"><\/rect><\/clippath><\/defs><\/svg><\/figure><\/a>\n\n\n<h2 class=\"wp-block-post-title has-large-font-size\"><a href=\"https:\/\/www.hommy.com\/es\/las-maquinas-expendedoras-de-batidos-hommy-son-una-realidad-en-el-minorista-gigante-de-malasia-aeon\/\" target=\"_self\" >Las m\u00e1quinas expendedoras de batidos hommy son una realidad en el minorista gigante de Malasia Aeon<\/a><\/h2>\n<\/li><li class=\"wp-block-post post-2954 post type-post status-publish format-standard hentry category-news\">\n<a href=\"https:\/\/www.hommy.com\/es\/la-maquina-expendedora-de-batidos-ha-integrado-la-caracteristica-del-agua-caliente-por-lo-que-se-puede-usar-durante-todo-el-ano\/\"><figure class=\"wp-block-image is-placeholder\" style=\"height:400px;\"><svg width=\"30\" height=\"30\" viewbox=\"0 0 40 40\" fill=\"currentColor\" xmlns=\"http:\/\/www.w3.org\/2000\/svg\" role=\"img\" aria-labelledby=\"icon-69f4037e23440\" data-icon=\"placeholder\" class=\"wp-block-image__placeholder-icon\"><title id=\"icon-69f4037e23440\">Icono de marcador de posici\u00f3n<\/title>\n<g opacity=\"0.2\" clip-path=\"url(#clip0_601_10810)\" id=\"mask0_601_10810\" style=\"mask-type:luminance\" maskunits=\"userSpaceOnUse\" x=\"0\" y=\"0\" width=\"40\" height=\"40\"><path d=\"M40 0H0V40H40V0Z\" fill=\"var(--wp--preset--color--surface)\"><\/path><g mask=\"url(#mask0_601_10810)\"><path fill-rule=\"evenodd\" clip-rule=\"evenodd\" d=\"M20 40C31.0458 40 40 31.0458 40 20C40 8.95429 31.0458 0 20 0C8.95429 0 0 8.95429 0 20C0 31.0458 8.95429 40 20 40ZM26.1503 25.86C27.3066 25.129 28 23.9059 28 22.5969C28 20.778 26.672 19.1962 24.7885 18.7717L19.1451 17.371C18.6131 17.2511 18.4856 16.5951 18.9383 16.3065L23.3349 13.5021C25.3814 12.1967 25.9135 9.58069 24.5234 7.65898C24.3496 7.41874 24.0014 7.35629 23.7455 7.51949L13.8134 14.2191C12.6791 14.9426 12 16.1466 12 17.4341C12 19.2314 13.312 20.794 15.1731 21.2135L20.9084 22.635C21.4416 22.7552 21.568 23.4134 21.1131 23.7009L16.6841 26.5007C14.6319 27.7981 14.0883 30.4121 15.4699 32.3393C15.6426 32.5801 15.9906 32.644 16.2471 32.4817L26.1503 25.86Z\" fill=\"var(--wp--preset--color--heading)\"><\/path><\/g><\/g><defs><clippath id=\"clip0_601_10810\"><rect width=\"40\" height=\"40\" fill=\"white\"><\/rect><\/clippath><\/defs><\/svg><\/figure><\/a>\n\n\n<h2 class=\"wp-block-post-title has-large-font-size\"><a href=\"https:\/\/www.hommy.com\/es\/la-maquina-expendedora-de-batidos-ha-integrado-la-caracteristica-del-agua-caliente-por-lo-que-se-puede-usar-durante-todo-el-ano\/\" target=\"_self\" >La m\u00e1quina expendedora de batidos ha integrado la caracter\u00edstica del agua caliente, por lo que se puede usar durante todo el a\u00f1o.<\/a><\/h2>\n<\/li><li class=\"wp-block-post post-2951 post type-post status-publish format-standard hentry category-news\">\n<a href=\"https:\/\/www.hommy.com\/es\/este-batido-de-frutas-se-vende-en-hong-kong-beef-bang-hot-pot-y-se-vende-mas-de-300-tazas-por-dia\/\"><figure class=\"wp-block-image is-placeholder\" style=\"height:400px;\"><svg width=\"30\" height=\"30\" viewbox=\"0 0 40 40\" fill=\"currentColor\" xmlns=\"http:\/\/www.w3.org\/2000\/svg\" role=\"img\" aria-labelledby=\"icon-69f4037e23c42\" data-icon=\"placeholder\" class=\"wp-block-image__placeholder-icon\"><title id=\"icon-69f4037e23c42\">Icono de marcador de posici\u00f3n<\/title>\n<g opacity=\"0.2\" clip-path=\"url(#clip0_601_10810)\" id=\"mask0_601_10810\" style=\"mask-type:luminance\" maskunits=\"userSpaceOnUse\" x=\"0\" y=\"0\" width=\"40\" height=\"40\"><path d=\"M40 0H0V40H40V0Z\" fill=\"var(--wp--preset--color--surface)\"><\/path><g mask=\"url(#mask0_601_10810)\"><path fill-rule=\"evenodd\" clip-rule=\"evenodd\" d=\"M20 40C31.0458 40 40 31.0458 40 20C40 8.95429 31.0458 0 20 0C8.95429 0 0 8.95429 0 20C0 31.0458 8.95429 40 20 40ZM26.1503 25.86C27.3066 25.129 28 23.9059 28 22.5969C28 20.778 26.672 19.1962 24.7885 18.7717L19.1451 17.371C18.6131 17.2511 18.4856 16.5951 18.9383 16.3065L23.3349 13.5021C25.3814 12.1967 25.9135 9.58069 24.5234 7.65898C24.3496 7.41874 24.0014 7.35629 23.7455 7.51949L13.8134 14.2191C12.6791 14.9426 12 16.1466 12 17.4341C12 19.2314 13.312 20.794 15.1731 21.2135L20.9084 22.635C21.4416 22.7552 21.568 23.4134 21.1131 23.7009L16.6841 26.5007C14.6319 27.7981 14.0883 30.4121 15.4699 32.3393C15.6426 32.5801 15.9906 32.644 16.2471 32.4817L26.1503 25.86Z\" fill=\"var(--wp--preset--color--heading)\"><\/path><\/g><\/g><defs><clippath id=\"clip0_601_10810\"><rect width=\"40\" height=\"40\" fill=\"white\"><\/rect><\/clippath><\/defs><\/svg><\/figure><\/a>\n\n\n<h2 class=\"wp-block-post-title has-large-font-size\"><a href=\"https:\/\/www.hommy.com\/es\/este-batido-de-frutas-se-vende-en-hong-kong-beef-bang-hot-pot-y-se-vende-mas-de-300-tazas-por-dia\/\" target=\"_self\" >Este batido de frutas se vende en Hong Kong Beef Bang Hot Pot y se vende m\u00e1s de 300 tazas por d\u00eda<\/a><\/h2>\n<\/li><li class=\"wp-block-post post-2949 post type-post status-publish format-standard hentry category-news\">\n<a href=\"https:\/\/www.hommy.com\/es\/un-nuevo-colaborador-de-las-cocinas-centrales-agrega-comidas-ligeras-y-batidos-frescos-a-tu-menu\/\"><figure class=\"wp-block-image is-placeholder\" style=\"height:400px;\"><svg width=\"30\" height=\"30\" viewbox=\"0 0 40 40\" fill=\"currentColor\" xmlns=\"http:\/\/www.w3.org\/2000\/svg\" role=\"img\" aria-labelledby=\"icon-69f4037e2444d\" data-icon=\"placeholder\" class=\"wp-block-image__placeholder-icon\"><title id=\"icon-69f4037e2444d\">Icono de marcador de posici\u00f3n<\/title>\n<g opacity=\"0.2\" clip-path=\"url(#clip0_601_10810)\" id=\"mask0_601_10810\" style=\"mask-type:luminance\" maskunits=\"userSpaceOnUse\" x=\"0\" y=\"0\" width=\"40\" height=\"40\"><path d=\"M40 0H0V40H40V0Z\" fill=\"var(--wp--preset--color--surface)\"><\/path><g mask=\"url(#mask0_601_10810)\"><path fill-rule=\"evenodd\" clip-rule=\"evenodd\" d=\"M20 40C31.0458 40 40 31.0458 40 20C40 8.95429 31.0458 0 20 0C8.95429 0 0 8.95429 0 20C0 31.0458 8.95429 40 20 40ZM26.1503 25.86C27.3066 25.129 28 23.9059 28 22.5969C28 20.778 26.672 19.1962 24.7885 18.7717L19.1451 17.371C18.6131 17.2511 18.4856 16.5951 18.9383 16.3065L23.3349 13.5021C25.3814 12.1967 25.9135 9.58069 24.5234 7.65898C24.3496 7.41874 24.0014 7.35629 23.7455 7.51949L13.8134 14.2191C12.6791 14.9426 12 16.1466 12 17.4341C12 19.2314 13.312 20.794 15.1731 21.2135L20.9084 22.635C21.4416 22.7552 21.568 23.4134 21.1131 23.7009L16.6841 26.5007C14.6319 27.7981 14.0883 30.4121 15.4699 32.3393C15.6426 32.5801 15.9906 32.644 16.2471 32.4817L26.1503 25.86Z\" fill=\"var(--wp--preset--color--heading)\"><\/path><\/g><\/g><defs><clippath id=\"clip0_601_10810\"><rect width=\"40\" height=\"40\" fill=\"white\"><\/rect><\/clippath><\/defs><\/svg><\/figure><\/a>\n\n\n<h2 class=\"wp-block-post-title has-large-font-size\"><a href=\"https:\/\/www.hommy.com\/es\/un-nuevo-colaborador-de-las-cocinas-centrales-agrega-comidas-ligeras-y-batidos-frescos-a-tu-menu\/\" target=\"_self\" >Un nuevo colaborador de las cocinas centrales: agregue comidas ligeras y batidos frescos a su men\u00fa<\/a><\/h2>\n<\/li><li class=\"wp-block-post post-2947 post type-post status-publish format-standard hentry category-news\">\n<a href=\"https:\/\/www.hommy.com\/es\/maquinas-expendedoras-de-hommy-experiencias-de-servicio-inteligentes-a-un-nivel-diferente-al-desbloquear-nuevas-experiencias-en-hoteles-de-alta-gama\/\"><figure class=\"wp-block-image is-placeholder\" style=\"height:400px;\"><svg width=\"30\" height=\"30\" viewbox=\"0 0 40 40\" fill=\"currentColor\" xmlns=\"http:\/\/www.w3.org\/2000\/svg\" role=\"img\" aria-labelledby=\"icon-69f4037e24c50\" data-icon=\"placeholder\" class=\"wp-block-image__placeholder-icon\"><title id=\"icon-69f4037e24c50\">Icono de marcador de posici\u00f3n<\/title>\n<g opacity=\"0.2\" clip-path=\"url(#clip0_601_10810)\" id=\"mask0_601_10810\" style=\"mask-type:luminance\" maskunits=\"userSpaceOnUse\" x=\"0\" y=\"0\" width=\"40\" height=\"40\"><path d=\"M40 0H0V40H40V0Z\" fill=\"var(--wp--preset--color--surface)\"><\/path><g mask=\"url(#mask0_601_10810)\"><path fill-rule=\"evenodd\" clip-rule=\"evenodd\" d=\"M20 40C31.0458 40 40 31.0458 40 20C40 8.95429 31.0458 0 20 0C8.95429 0 0 8.95429 0 20C0 31.0458 8.95429 40 20 40ZM26.1503 25.86C27.3066 25.129 28 23.9059 28 22.5969C28 20.778 26.672 19.1962 24.7885 18.7717L19.1451 17.371C18.6131 17.2511 18.4856 16.5951 18.9383 16.3065L23.3349 13.5021C25.3814 12.1967 25.9135 9.58069 24.5234 7.65898C24.3496 7.41874 24.0014 7.35629 23.7455 7.51949L13.8134 14.2191C12.6791 14.9426 12 16.1466 12 17.4341C12 19.2314 13.312 20.794 15.1731 21.2135L20.9084 22.635C21.4416 22.7552 21.568 23.4134 21.1131 23.7009L16.6841 26.5007C14.6319 27.7981 14.0883 30.4121 15.4699 32.3393C15.6426 32.5801 15.9906 32.644 16.2471 32.4817L26.1503 25.86Z\" fill=\"var(--wp--preset--color--heading)\"><\/path><\/g><\/g><defs><clippath id=\"clip0_601_10810\"><rect width=\"40\" height=\"40\" fill=\"white\"><\/rect><\/clippath><\/defs><\/svg><\/figure><\/a>\n\n\n<h2 class=\"wp-block-post-title has-large-font-size\"><a href=\"https:\/\/www.hommy.com\/es\/maquinas-expendedoras-de-hommy-experiencias-de-servicio-inteligentes-a-un-nivel-diferente-al-desbloquear-nuevas-experiencias-en-hoteles-de-alta-gama\/\" target=\"_self\" >M\u00e1quinas expendedoras de hommy: experiencias de servicio inteligente a un nivel diferente al desbloquear nuevas experiencias en hoteles de alta gama<\/a><\/h2>\n<\/li><li class=\"wp-block-post post-2939 post type-post status-publish format-standard has-post-thumbnail hentry category-news category-company-news\">\n<figure style=\"aspect-ratio:auto;height:400px;\" class=\"wp-block-post-featured-image\"><a href=\"https:\/\/www.hommy.com\/es\/lanzamiento-de-maquinas-expendedoras-de-batidos-hommy-en-chile-en-las-tiendas-copec\/\" target=\"_self\"  style=\"height:400px\"><img loading=\"lazy\" decoding=\"async\" width=\"800\" height=\"422\" src=\"https:\/\/www.hommy.com\/wp-content\/uploads\/Hommy_x_COPEC_smoothie_vending_machine-8952377401.jpg\" class=\"attachment-full size-full wp-post-image\" alt=\"Lanzamiento de m\u00e1quinas expendedoras de batidos Hommy en Chile en las tiendas Copec\" style=\"width:100%;height:100%;object-fit:contain;\" srcset=\"https:\/\/www.hommy.com\/wp-content\/uploads\/Hommy_x_COPEC_smoothie_vending_machine-8952377401.jpg 800w, https:\/\/www.hommy.com\/wp-content\/uploads\/Hommy_x_COPEC_smoothie_vending_machine-8952377401-300x158.jpg 300w, https:\/\/www.hommy.com\/wp-content\/uploads\/Hommy_x_COPEC_smoothie_vending_machine-8952377401-768x405.jpg 768w, https:\/\/www.hommy.com\/wp-content\/uploads\/Hommy_x_COPEC_smoothie_vending_machine-8952377401-18x9.jpg 18w, https:\/\/www.hommy.com\/wp-content\/uploads\/Hommy_x_COPEC_smoothie_vending_machine-8952377401-600x317.jpg 600w\" sizes=\"auto, (max-width: 800px) 100vw, 800px\" title=\"\"><\/a><\/figure>\n\n<h2 class=\"wp-block-post-title has-large-font-size\"><a href=\"https:\/\/www.hommy.com\/es\/lanzamiento-de-maquinas-expendedoras-de-batidos-hommy-en-chile-en-las-tiendas-copec\/\" target=\"_self\" >Lanzamiento de m\u00e1quinas expendedoras de batidos Hommy en Chile en las tiendas Copec<\/a><\/h2>\n<\/li><li class=\"wp-block-post post-2899 post type-post status-publish format-standard has-post-thumbnail hentry category-news\">\n<figure style=\"aspect-ratio:auto;height:400px;\" class=\"wp-block-post-featured-image\"><a href=\"https:\/\/www.hommy.com\/es\/maquina-expendedora-de-pizza-de-restaurante-hommy\/\" target=\"_self\"  style=\"height:400px\"><img loading=\"lazy\" decoding=\"async\" width=\"600\" height=\"600\" src=\"https:\/\/www.hommy.com\/wp-content\/uploads\/16427462972540.png\" class=\"attachment-full size-full wp-post-image\" alt=\"Comience su negocio de pizza 24\/7 | Soluci\u00f3n de pizzer\u00eda sin tripulaci\u00f3n Hommy\" style=\"width:100%;height:100%;object-fit:contain;\" srcset=\"https:\/\/www.hommy.com\/wp-content\/uploads\/16427462972540.png 600w, https:\/\/www.hommy.com\/wp-content\/uploads\/16427462972540-300x300.png 300w, https:\/\/www.hommy.com\/wp-content\/uploads\/16427462972540-100x100.png 100w, https:\/\/www.hommy.com\/wp-content\/uploads\/16427462972540-150x150.png 150w\" sizes=\"auto, (max-width: 600px) 100vw, 600px\" title=\"\"><\/a><\/figure>\n\n<h2 class=\"wp-block-post-title has-large-font-size\"><a href=\"https:\/\/www.hommy.com\/es\/maquina-expendedora-de-pizza-de-restaurante-hommy\/\" target=\"_self\" >Comience su negocio de pizza 24\/7 | Soluci\u00f3n de pizzer\u00eda sin tripulaci\u00f3n Hommy<\/a><\/h2>\n<\/li><li class=\"wp-block-post post-2781 post type-post status-publish format-standard has-post-thumbnail hentry category-case category-education-sector\">\n<figure style=\"aspect-ratio:auto;height:400px;\" class=\"wp-block-post-featured-image\"><a href=\"https:\/\/www.hommy.com\/es\/hommy-revoluciona-el-refresco-del-campus-en-las-principales-universidades-brasilenas-con-maquinas-expendedoras-de-batidos-inteligentes\/\" target=\"_self\"  style=\"height:400px\"><img loading=\"lazy\" decoding=\"async\" width=\"431\" height=\"515\" src=\"https:\/\/www.hommy.com\/wp-content\/uploads\/smoothie-vending-machine-Brazil-Universities-h1.jpg\" class=\"attachment-full size-full wp-post-image\" alt=\"Hommy revoluciona el refresco del campus en las principales universidades brasile\u00f1as con m\u00e1quinas expendedoras de batidos inteligentes\" style=\"width:100%;height:100%;object-fit:contain;\" srcset=\"https:\/\/www.hommy.com\/wp-content\/uploads\/smoothie-vending-machine-Brazil-Universities-h1.jpg 431w, https:\/\/www.hommy.com\/wp-content\/uploads\/smoothie-vending-machine-Brazil-Universities-h1-251x300.jpg 251w, https:\/\/www.hommy.com\/wp-content\/uploads\/smoothie-vending-machine-Brazil-Universities-h1-10x12.jpg 10w\" sizes=\"auto, (max-width: 431px) 100vw, 431px\" title=\"\"><\/a><\/figure>\n\n<h2 class=\"wp-block-post-title has-large-font-size\"><a href=\"https:\/\/www.hommy.com\/es\/hommy-revoluciona-el-refresco-del-campus-en-las-principales-universidades-brasilenas-con-maquinas-expendedoras-de-batidos-inteligentes\/\" target=\"_self\" >Hommy revoluciona el refresco del campus en las principales universidades brasile\u00f1as con m\u00e1quinas expendedoras de batidos inteligentes<\/a><\/h2>\n<\/li><\/ul>\n\n<nav class=\"wp-block-query-pagination is-layout-flex wp-block-query-pagination-is-layout-flex\" aria-label=\"paginaci\u00f3n\">\n\n\n<div class=\"wp-block-query-pagination-numbers\"><span aria-label=\"P\u00e1gina 1\" aria-current=\"page\" class=\"page-numbers current\" data-no-translation-aria-label=\"\">1<\/span>\n<a aria-label=\"P\u00e1gina 2\" class=\"page-numbers\" href=\"?query-17-page=2\" data-no-translation-aria-label=\"\">2<\/a>\n<a aria-label=\"P\u00e1gina 3\" class=\"page-numbers\" href=\"?query-17-page=3\" data-no-translation-aria-label=\"\">3<\/a>\n<span class=\"page-numbers dots\">...<\/span>\n<a aria-label=\"P\u00e1gina 13\" class=\"page-numbers\" href=\"?query-17-page=13\" data-no-translation-aria-label=\"\">13<\/a><\/div>\n\n<a href=\"\/es\/wp-json\/wp\/v2\/pages\/2790?query-17-page=2\" class=\"wp-block-query-pagination-next\">P\u00e1gina Siguiente<\/a>\n<\/nav>\n\n<\/div>","protected":false},"excerpt":{"rendered":"","protected":false},"author":1,"featured_media":0,"parent":0,"menu_order":0,"comment_status":"closed","ping_status":"closed","template":"","meta":{"_swt_meta_header_display":false,"_swt_meta_footer_display":false,"_swt_meta_site_title_display":false,"_swt_meta_sticky_header":false,"_swt_meta_transparent_header":false,"footnotes":""},"class_list":["post-2790","page","type-page","status-publish","hentry"],"_links":{"self":[{"href":"https:\/\/www.hommy.com\/es\/wp-json\/wp\/v2\/pages\/2790","targetHints":{"allow":["GET"]}}],"collection":[{"href":"https:\/\/www.hommy.com\/es\/wp-json\/wp\/v2\/pages"}],"about":[{"href":"https:\/\/www.hommy.com\/es\/wp-json\/wp\/v2\/types\/page"}],"author":[{"embeddable":true,"href":"https:\/\/www.hommy.com\/es\/wp-json\/wp\/v2\/users\/1"}],"replies":[{"embeddable":true,"href":"https:\/\/www.hommy.com\/es\/wp-json\/wp\/v2\/comments?post=2790"}],"version-history":[{"count":21,"href":"https:\/\/www.hommy.com\/es\/wp-json\/wp\/v2\/pages\/2790\/revisions"}],"predecessor-version":[{"id":2841,"href":"https:\/\/www.hommy.com\/es\/wp-json\/wp\/v2\/pages\/2790\/revisions\/2841"}],"wp:attachment":[{"href":"https:\/\/www.hommy.com\/es\/wp-json\/wp\/v2\/media?parent=2790"}],"curies":[{"name":"wp","href":"https:\/\/api.w.org\/{rel}","templated":true}]}}