{"id":2075,"date":"2024-07-06T17:05:20","date_gmt":"2024-07-06T17:05:20","guid":{"rendered":"https:\/\/www.hommy.com\/?page_id=2075"},"modified":"2025-10-28T05:18:38","modified_gmt":"2025-10-28T05:18:38","slug":"producto","status":"publish","type":"page","link":"https:\/\/www.hommy.com\/es\/producto\/","title":{"rendered":"Producto"},"content":{"rendered":"<h1 class=\"wp-block-heading\">M\u00e1quina expendedora, m\u00e1quina de helados y otros productos<\/h1>\n\n\n\n<div class=\"container px-4 py-8 mx-auto wp-block-ska-element\">\n<h2 class=\"my-8 text-2xl font-bold text-center wp-block-ska-element\">\n<a href=\"https:\/\/www.hommy.com\/es\/c\/maquina-expendedora\/\" class=\"text-blue-600 hover:text-blue-800 wp-block-ska-text ska-text\">M\u00e1quina expendedora<\/a>\n<\/h2>\n\n\n\n<div class=\"grid grid-cols-1 md:grid-cols-2 lg:grid-cols-3 gap-6 wp-block-ska-element\">\n<div class=\"flex flex-col p-4 bg-white rounded-lg shadow-md wp-block-ska-element\">\n<div class=\"flex justify-center items-center mb-4 wp-block-ska-element\">\n<a href=\"https:\/\/www.hommy.com\/es\/c\/maquina-expendedora-de-batidos\/\" class=\"product-image wp-block-ska-image image\"><img decoding=\"async\" src=\"https:\/\/www.hommy.com\/wp-content\/uploads\/17105143854028-600x599.jpg\" alt=\"M\u00e1quina expendedora de batidos\" height=\"350\" loading=\"lazy\" title=\"\"><\/a>\n<\/div>\n\n\n\n<div class=\"mt-auto text-center wp-block-ska-element\">\n<a href=\"https:\/\/www.hommy.com\/es\/c\/maquina-expendedora-de-batidos\/\" class=\"inline-block px-4 py-2 font-bold text-white bg-blue-500 hover:bg-blue-700 rounded wp-block-ska-text ska-text\">M\u00e1quina expendedora de batidos<\/a>\n<\/div>\n<\/div>\n\n\n\n<div class=\"flex flex-col p-4 bg-white rounded-lg shadow-md wp-block-ska-element\">\n<div class=\"flex justify-center items-center mb-4 wp-block-ska-element\">\n<a href=\"https:\/\/www.hommy.com\/es\/c\/maquina-expendedora-de-pizzas\/\" class=\"product-image wp-block-ska-image image\"><img decoding=\"async\" src=\"https:\/\/www.hommy.com\/wp-content\/uploads\/16103355827843.jpg\" alt=\"M\u00e1quina expendedora de pizzas\" height=\"350\" loading=\"lazy\" title=\"\"><\/a>\n<\/div>\n\n\n\n<div class=\"mt-auto text-center wp-block-ska-element\">\n<a href=\"https:\/\/www.hommy.com\/es\/c\/maquina-expendedora-de-pizzas\/\" class=\"inline-block px-4 py-2 font-bold text-white bg-blue-500 hover:bg-blue-700 rounded wp-block-ska-text ska-text\">M\u00e1quina expendedora de pizzas<\/a>\n<\/div>\n<\/div>\n\n\n\n<div class=\"flex flex-col p-4 bg-white rounded-lg shadow-md wp-block-ska-element\">\n<div class=\"flex justify-center items-center mb-4 wp-block-ska-element\">\n<a href=\"https:\/\/www.hommy.com\/es\/c\/maquina-expendedora-de-patatas-fritas\/\" class=\"product-image wp-block-ska-image image\"><img decoding=\"async\" src=\"https:\/\/www.hommy.com\/wp-content\/uploads\/16841138152247.png\" alt=\"M\u00e1quina expendedora de patatas fritas\" height=\"350\" loading=\"lazy\" title=\"\"><\/a>\n<\/div>\n\n\n\n<div class=\"mt-auto text-center wp-block-ska-element\">\n<a href=\"https:\/\/www.hommy.com\/es\/c\/maquina-expendedora-de-patatas-fritas\/\" class=\"inline-block px-4 py-2 font-bold text-white bg-blue-500 hover:bg-blue-700 rounded wp-block-ska-text ska-text\">M\u00e1quina expendedora de patatas fritas<\/a>\n<\/div>\n<\/div>\n\n\n\n<div class=\"flex flex-col p-4 bg-white rounded-lg shadow-md wp-block-ska-element\">\n<div class=\"flex justify-center items-center mb-4 wp-block-ska-element\">\n<a href=\"https:\/\/www.hommy.com\/es\/c\/maquina-expendedora-de-helados\/\" class=\"product-image wp-block-ska-image image\"><img decoding=\"async\" src=\"https:\/\/www.hommy.com\/wp-content\/uploads\/15865900183784-600x755.jpg\" alt=\"M\u00e1quina expendedora de helados\" height=\"350\" loading=\"lazy\" title=\"\"><\/a>\n<\/div>\n\n\n\n<div class=\"mt-auto text-center wp-block-ska-element\">\n<a href=\"https:\/\/www.hommy.com\/es\/c\/maquina-expendedora-de-helados\/\" class=\"inline-block px-4 py-2 font-bold text-white bg-blue-500 hover:bg-blue-700 rounded wp-block-ska-text ska-text\">M\u00e1quina expendedora de helados<\/a>\n<\/div>\n<\/div>\n\n\n\n<div class=\"flex flex-col p-4 bg-white rounded-lg shadow-md wp-block-ska-element\">\n<div class=\"flex justify-center items-center mb-4 wp-block-ska-element\">\n<a href=\"https:\/\/www.hommy.com\/es\/c\/maquina-expendedora-de-refrescos-3\/\" class=\"product-image wp-block-ska-image image\"><img decoding=\"async\" src=\"https:\/\/www.hommy.com\/wp-content\/uploads\/16431825339515.png\" alt=\"M\u00e1quina expendedora de refrescos\" height=\"350\" loading=\"lazy\" title=\"\"><\/a>\n<\/div>\n\n\n\n<div class=\"mt-auto text-center wp-block-ska-element\">\n<a href=\"https:\/\/www.hommy.com\/es\/c\/maquina-expendedora-de-refrescos-3\/\" class=\"inline-block px-4 py-2 font-bold text-white bg-blue-500 hover:bg-blue-700 rounded wp-block-ska-text ska-text\">M\u00e1quina expendedora de refrescos<\/a>\n<\/div>\n<\/div>\n\n\n\n<div class=\"flex flex-col p-4 bg-white rounded-lg shadow-md wp-block-ska-element\">\n<div class=\"flex justify-center items-center mb-4 wp-block-ska-element\">\n<a href=\"https:\/\/www.hommy.com\/es\/c\/maquina-expendedora-de-comida-caliente\/\" class=\"product-image wp-block-ska-image image\"><img decoding=\"async\" src=\"https:\/\/www.hommy.com\/wp-content\/uploads\/16429862153434.jpg\" alt=\"M\u00e1quina expendedora de comida caliente\" height=\"350\" loading=\"lazy\" title=\"\"><\/a>\n<\/div>\n\n\n\n<div class=\"mt-auto text-center wp-block-ska-element\">\n<a href=\"https:\/\/www.hommy.com\/es\/c\/maquina-expendedora-de-comida-caliente\/\" class=\"inline-block px-4 py-2 font-bold text-white bg-blue-500 hover:bg-blue-700 rounded wp-block-ska-text ska-text\">M\u00e1quina expendedora de comida caliente<\/a>\n<\/div>\n<\/div>\n\n\n\n<div class=\"flex flex-col p-4 bg-white rounded-lg shadow-md wp-block-ska-element\">\n<div class=\"flex justify-center items-center mb-4 wp-block-ska-element\">\n<a href=\"https:\/\/www.hommy.com\/es\/c\/maquina-expendedora-de-palomitas-2\/\" class=\"product-image wp-block-ska-image image\"><img decoding=\"async\" src=\"https:\/\/www.hommy.com\/wp-content\/uploads\/16431842559211.jpg\" alt=\"M\u00e1quina expendedora de palomitas\" height=\"350\" loading=\"lazy\" title=\"\"><\/a>\n<\/div>\n\n\n\n<div class=\"mt-auto text-center wp-block-ska-element\">\n<a href=\"https:\/\/www.hommy.com\/es\/c\/maquina-expendedora-de-palomitas-2\/\" class=\"inline-block px-4 py-2 font-bold text-white bg-blue-500 hover:bg-blue-700 rounded wp-block-ska-text ska-text\">M\u00e1quina expendedora de palomitas<\/a>\n<\/div>\n<\/div>\n\n\n\n<div class=\"flex flex-col p-4 bg-white rounded-lg shadow-md wp-block-ska-element\">\n<div class=\"flex justify-center items-center mb-4 wp-block-ska-element\">\n<a href=\"https:\/\/www.hommy.com\/es\/c\/heladeria-robotizada\/\" class=\"product-image wp-block-ska-image image\"><img decoding=\"async\" src=\"https:\/\/www.hommy.com\/wp-content\/uploads\/16431785365397.jpg\" alt=\"Helader\u00eda Robot\" height=\"350\" loading=\"lazy\" title=\"\"><\/a>\n<\/div>\n\n\n\n<div class=\"mt-auto text-center wp-block-ska-element\">\n<a href=\"https:\/\/www.hommy.com\/es\/c\/heladeria-robotizada\/\" class=\"inline-block px-4 py-2 font-bold text-white bg-blue-500 hover:bg-blue-700 rounded wp-block-ska-text ska-text\">Helader\u00eda Robot<\/a>\n<\/div>\n<\/div>\n<\/div>\n\n\n\n<h2 class=\"my-8 mt-12 text-2xl font-bold text-center wp-block-ska-element\">\n<a href=\"https:\/\/www.hommy.com\/es\/c\/maquina-de-helados\/\" class=\"text-blue-600 hover:text-blue-800 wp-block-ska-text ska-text\">M\u00e1quina de helados<\/a>\n<\/h2>\n\n\n\n<div class=\"grid grid-cols-1 md:grid-cols-2 lg:grid-cols-3 gap-6 wp-block-ska-element\">\n<div class=\"flex flex-col p-4 bg-white rounded-lg shadow-md wp-block-ska-element\">\n<div class=\"flex justify-center items-center mb-4 wp-block-ska-element\">\n<a href=\"https:\/\/www.hommy.com\/es\/c\/maquina-de-helados-blandos\/\" class=\"product-image wp-block-ska-image image\"><img decoding=\"async\" src=\"https:\/\/www.hommy.com\/wp-content\/uploads\/16002442948830.jpg\" alt=\"M\u00e1quina de helados blandos\" height=\"350\" loading=\"lazy\" title=\"\"><\/a>\n<\/div>\n\n\n\n<div class=\"mt-auto text-center wp-block-ska-element\">\n<a href=\"https:\/\/www.hommy.com\/es\/c\/maquina-de-helados-blandos\/\" class=\"inline-block px-4 py-2 font-bold text-white bg-blue-500 hover:bg-blue-700 rounded wp-block-ska-text ska-text\">M\u00e1quina de helados blandos<\/a>\n<\/div>\n<\/div>\n\n\n\n<div class=\"flex flex-col p-4 bg-white rounded-lg shadow-md wp-block-ska-element\">\n<div class=\"flex justify-center items-center mb-4 wp-block-ska-element\">\n<a href=\"https:\/\/www.hommy.com\/es\/c\/maquina-de-yogur-helado\/\" class=\"product-image wp-block-ska-image image\"><img decoding=\"async\" src=\"https:\/\/www.hommy.com\/wp-content\/uploads\/15585131824789-600x600.jpg\" alt=\"M\u00e1quina de yogur helado\" height=\"350\" loading=\"lazy\" title=\"\"><\/a>\n<\/div>\n\n\n\n<div class=\"mt-auto text-center wp-block-ska-element\">\n<a href=\"https:\/\/www.hommy.com\/es\/c\/maquina-de-yogur-helado\/\" class=\"inline-block px-4 py-2 font-bold text-white bg-blue-500 hover:bg-blue-700 rounded wp-block-ska-text ska-text\">M\u00e1quina de yogur helado<\/a>\n<\/div>\n<\/div>\n\n\n\n<div class=\"flex flex-col p-4 bg-white rounded-lg shadow-md wp-block-ska-element\">\n<div class=\"flex justify-center items-center mb-4 wp-block-ska-element\">\n<a href=\"https:\/\/www.hommy.com\/es\/c\/maquina-de-helados-de-cobre\/\" class=\"product-image wp-block-ska-image image\"><img decoding=\"async\" src=\"https:\/\/www.hommy.com\/wp-content\/uploads\/16005038721205.jpg\" alt=\"M\u00e1quina de helados de cobre\" height=\"350\" loading=\"lazy\" title=\"\"><\/a>\n<\/div>\n\n\n\n<div class=\"mt-auto text-center wp-block-ska-element\">\n<a href=\"https:\/\/www.hommy.com\/es\/c\/maquina-de-helados-de-cobre\/\" class=\"inline-block px-4 py-2 font-bold text-white bg-blue-500 hover:bg-blue-700 rounded wp-block-ska-text ska-text\">M\u00e1quina de helados de cobre<\/a>\n<\/div>\n<\/div>\n\n\n\n<div class=\"flex flex-col p-4 bg-white rounded-lg shadow-md wp-block-ska-element\">\n<div class=\"flex justify-center items-center mb-4 wp-block-ska-element\">\n<a href=\"https:\/\/www.hommy.com\/es\/c\/maquina-de-helados-fritos\/\" class=\"product-image wp-block-ska-image image\"><img decoding=\"async\" src=\"https:\/\/www.hommy.com\/wp-content\/uploads\/15553218255331-600x600.jpg\" alt=\"M\u00e1quina de helados fritos\" height=\"350\" loading=\"lazy\" title=\"\"><\/a>\n<\/div>\n\n\n\n<div class=\"mt-auto text-center wp-block-ska-element\">\n<a href=\"https:\/\/www.hommy.com\/es\/c\/maquina-de-helados-fritos\/\" class=\"inline-block px-4 py-2 font-bold text-white bg-blue-500 hover:bg-blue-700 rounded wp-block-ska-text ska-text\">M\u00e1quina de helados fritos<\/a>\n<\/div>\n<\/div>\n\n\n\n<div class=\"flex flex-col p-4 bg-white rounded-lg shadow-md wp-block-ska-element\">\n<div class=\"flex justify-center items-center mb-4 wp-block-ska-element\">\n<a href=\"https:\/\/www.hommy.com\/es\/c\/maquina-de-helados-duros\/\" class=\"product-image wp-block-ska-image image\"><img decoding=\"async\" src=\"https:\/\/www.hommy.com\/wp-content\/uploads\/15553985425937-600x600.jpg\" alt=\"M\u00e1quina de helados duros\" height=\"349\" loading=\"lazy\" title=\"\"><\/a>\n<\/div>\n\n\n\n<div class=\"mt-auto text-center wp-block-ska-element\">\n<a href=\"https:\/\/www.hommy.com\/es\/c\/maquina-de-helados-duros\/\" class=\"inline-block px-4 py-2 font-bold text-white bg-blue-500 hover:bg-blue-700 rounded wp-block-ska-text ska-text\">M\u00e1quina de helados duros<\/a>\n<\/div>\n<\/div>\n<\/div>\n\n\n\n<h2 class=\"my-8 mt-12 text-2xl font-bold text-center wp-block-heading\">Otros productos<\/h2>\n\n\n\n<div class=\"grid grid-cols-1 md:grid-cols-2 lg:grid-cols-3 gap-6 wp-block-ska-element\">\n<div class=\"flex flex-col p-4 bg-white rounded-lg shadow-md wp-block-ska-element\">\n<div class=\"flex justify-center items-center mb-4 wp-block-ska-element\">\n<a href=\"https:\/\/www.hommy.com\/es\/c\/escaparate\/\" class=\"product-image wp-block-ska-image image\"><img decoding=\"async\" src=\"https:\/\/www.hommy.com\/wp-content\/uploads\/16010844204694.png\" alt=\"Escaparate\" height=\"350\" loading=\"lazy\" title=\"\"><\/a>\n<\/div>\n\n\n\n<div class=\"mt-auto text-center wp-block-ska-element\">\n<a href=\"https:\/\/www.hommy.com\/es\/c\/escaparate\/\" class=\"inline-block px-4 py-2 font-bold text-white bg-blue-500 hover:bg-blue-700 rounded wp-block-ska-text ska-text\">Escaparate<\/a>\n<\/div>\n<\/div>\n\n\n\n<div class=\"flex flex-col p-4 bg-white rounded-lg shadow-md wp-block-ska-element\">\n<div class=\"flex justify-center items-center mb-4 wp-block-ska-element\">\n<a href=\"https:\/\/www.hommy.com\/es\/c\/maquina-one-shot\/\" class=\"product-image wp-block-ska-image image\"><img decoding=\"async\" src=\"https:\/\/www.hommy.com\/wp-content\/uploads\/15583394853064.png\" alt=\"M\u00e1quina One Shot\" height=\"350\" loading=\"lazy\" title=\"\"><\/a>\n<\/div>\n\n\n\n<div class=\"mt-auto text-center wp-block-ska-element\">\n<a href=\"https:\/\/www.hommy.com\/es\/c\/maquina-one-shot\/\" class=\"inline-block px-4 py-2 font-bold text-white bg-blue-500 hover:bg-blue-700 rounded wp-block-ska-text ska-text\">M\u00e1quina One Shot<\/a>\n<\/div>\n<\/div>\n\n\n\n<div class=\"flex flex-col p-4 bg-white rounded-lg shadow-md wp-block-ska-element\">\n<div class=\"flex justify-center items-center mb-4 wp-block-ska-element\">\n<a href=\"https:\/\/www.hommy.com\/es\/c\/maquina-de-polos\/\" class=\"product-image wp-block-ska-image image\"><img decoding=\"async\" src=\"https:\/\/www.hommy.com\/wp-content\/uploads\/16034159106362.png\" alt=\"M\u00e1quina de paletas\" height=\"350\" loading=\"lazy\" title=\"\"><\/a>\n<\/div>\n\n\n\n<div class=\"mt-auto text-center wp-block-ska-element\">\n<a href=\"https:\/\/www.hommy.com\/es\/c\/maquina-de-polos\/\" class=\"inline-block px-4 py-2 font-bold text-white bg-blue-500 hover:bg-blue-700 rounded wp-block-ska-text ska-text\">M\u00e1quina de paletas<\/a>\n<\/div>\n<\/div>\n\n\n\n<div class=\"flex flex-col p-4 bg-white rounded-lg shadow-md wp-block-ska-element\">\n<div class=\"flex justify-center items-center mb-4 wp-block-ska-element\">\n<a href=\"https:\/\/www.hommy.com\/es\/c\/maquina-de-bloques-de-hielo\/\" class=\"product-image wp-block-ska-image image\"><img decoding=\"async\" src=\"https:\/\/www.hommy.com\/wp-content\/uploads\/16030737187486-600x381.jpg\" alt=\"M\u00e1quina de bloques de hielo\" height=\"350\" loading=\"lazy\" title=\"\"><\/a>\n<\/div>\n\n\n\n<div class=\"mt-auto text-center wp-block-ska-element\">\n<a href=\"https:\/\/www.hommy.com\/es\/c\/maquina-de-bloques-de-hielo\/\" class=\"inline-block px-4 py-2 font-bold text-white bg-blue-500 hover:bg-blue-700 rounded wp-block-ska-text ska-text\">M\u00e1quina de bloques de hielo<\/a>\n<\/div>\n<\/div>\n\n\n\n<div class=\"flex flex-col p-4 bg-white rounded-lg shadow-md wp-block-ska-element\">\n<div class=\"flex justify-center items-center mb-4 wp-block-ska-element\">\n<a href=\"https:\/\/www.hommy.com\/es\/c\/maquina-de-cucuruchos-de-helado\/\" class=\"product-image wp-block-ska-image image\"><img decoding=\"async\" src=\"https:\/\/www.hommy.com\/wp-content\/uploads\/15795124372418.png\" alt=\"M\u00e1quina de conos de helado\" height=\"350\" loading=\"lazy\" title=\"\"><\/a>\n<\/div>\n\n\n\n<div class=\"mt-auto text-center wp-block-ska-element\">\n<a href=\"https:\/\/www.hommy.com\/es\/c\/maquina-de-cucuruchos-de-helado\/\" class=\"inline-block px-4 py-2 font-bold text-white bg-blue-500 hover:bg-blue-700 rounded wp-block-ska-text ska-text\">M\u00e1quina de conos de helado<\/a>\n<\/div>\n<\/div>\n\n\n\n<div class=\"flex flex-col p-4 bg-white rounded-lg shadow-md wp-block-ska-element\">\n<div class=\"flex justify-center items-center mb-4 wp-block-ska-element\">\n<a href=\"https:\/\/www.hommy.com\/es\/c\/modelo-de-helado\/\" class=\"product-image wp-block-ska-image image\"><img decoding=\"async\" src=\"https:\/\/www.hommy.com\/wp-content\/uploads\/15553219996264-600x600.jpg\" alt=\"Modelo de helado\" height=\"350\" loading=\"lazy\" title=\"\"><\/a>\n<\/div>\n\n\n\n<div class=\"mt-auto text-center wp-block-ska-element\">\n<a href=\"https:\/\/www.hommy.com\/es\/c\/modelo-de-helado\/\" class=\"inline-block px-4 py-2 font-bold text-white bg-blue-500 hover:bg-blue-700 rounded wp-block-ska-text ska-text\">Modelo de helado<\/a>\n<\/div>\n<\/div>\n\n\n\n<div class=\"flex flex-col p-4 bg-white rounded-lg shadow-md wp-block-ska-element\">\n<div class=\"flex justify-center items-center mb-4 wp-block-ska-element\">\n<a href=\"https:\/\/www.hommy.com\/es\/c\/maquina-de-conos-de-pizza\/\" class=\"product-image wp-block-ska-image image\"><img decoding=\"async\" src=\"https:\/\/www.hommy.com\/wp-content\/uploads\/15553196899069-600x600.jpg\" alt=\"M\u00e1quina de conos de pizza\" height=\"350\" loading=\"lazy\" title=\"\"><\/a>\n<\/div>\n\n\n\n<div class=\"mt-auto text-center wp-block-ska-element\">\n<a href=\"https:\/\/www.hommy.com\/es\/c\/maquina-de-conos-de-pizza\/\" class=\"inline-block px-4 py-2 font-bold text-white bg-blue-500 hover:bg-blue-700 rounded wp-block-ska-text ska-text\">M\u00e1quina de conos de pizza<\/a>\n<\/div>\n<\/div>\n\n\n\n<div class=\"flex flex-col p-4 bg-white rounded-lg shadow-md wp-block-ska-element\">\n<div class=\"flex justify-center items-center mb-4 wp-block-ska-element\">\n<a href=\"https:\/\/www.hommy.com\/es\/c\/granizadora\/\" class=\"product-image wp-block-ska-image image\"><img decoding=\"async\" src=\"https:\/\/www.hommy.com\/wp-content\/uploads\/16030924215415.png\" alt=\"Granizadora\" height=\"350\" loading=\"lazy\" title=\"\"><\/a>\n<\/div>\n\n\n\n<div class=\"mt-auto text-center wp-block-ska-element\">\n<a href=\"https:\/\/www.hommy.com\/es\/c\/granizadora\/\" class=\"inline-block px-4 py-2 font-bold text-white bg-blue-500 hover:bg-blue-700 rounded wp-block-ska-text ska-text\">Granizadora<\/a>\n<\/div>\n<\/div>\n<\/div>\n<\/div>\n\n\n\n<p>Enterprise (Xinhui) Co., LTD. Es una empresa moderna de m\u00e1quinas comerciales de helados. Nos dedicamos principalmente al negocio de la m\u00e1quina comercial para hacer helados. La m\u00e1quina es uno de los principales productos de Hommy. Buenos materiales, tecnolog\u00eda de producci\u00f3n avanzada y t\u00e9cnicas de fabricaci\u00f3n finas se utilizan en la producci\u00f3n de la m\u00e1quina de helado. Adem\u00e1s, nuestras m\u00e1quinas est\u00e1n equipadas con equipos de alta calidad que pueden ser f\u00e1cilmente instalados en sus locales y tambi\u00e9n le proporcionar\u00e1 el mejor servicio posible.<\/p>\n\n\n\n<p>Le mostraremos la serie de equipos comerciales de fabricaci\u00f3n de helados m\u00e1s popular entre los clientes. La m\u00e1quina comercial de helados, fabricada en base a la pericia y experiencia de nuestra empresa, le ofrece los mejores servicios a precios asequibles. Es un producto de confianza que recibe reconocimiento y apoyo en el mercado.Hommy cuenta con un excelente equipo de \u00e9lite de I + D. Adem\u00e1s, contamos con avanzados equipos de producci\u00f3n y procesos t\u00e9cnicos. Podemos ofrecer a los clientes servicios OEM\/ODM profesionales y de alta calidad.<\/p>","protected":false},"excerpt":{"rendered":"<p>Vending Machine, Ice Cream Machine And Other Products Enterprise (Xinhui) Co., LTD. Is a modern commercial ice cream machine enterprise. We are mainly dedicated to the business of commercial ice cream making machine. The machine is one of the main products of Hommy. Good materials, advanced production technology, and fine manufacturing techniques are used in [&hellip;]<\/p>\n","protected":false},"author":1,"featured_media":0,"parent":0,"menu_order":0,"comment_status":"closed","ping_status":"closed","template":"","meta":{"_swt_meta_header_display":false,"_swt_meta_footer_display":false,"_swt_meta_site_title_display":true,"_swt_meta_sticky_header":false,"_swt_meta_transparent_header":false,"footnotes":""},"class_list":["post-2075","page","type-page","status-publish","hentry"],"_links":{"self":[{"href":"https:\/\/www.hommy.com\/es\/wp-json\/wp\/v2\/pages\/2075","targetHints":{"allow":["GET"]}}],"collection":[{"href":"https:\/\/www.hommy.com\/es\/wp-json\/wp\/v2\/pages"}],"about":[{"href":"https:\/\/www.hommy.com\/es\/wp-json\/wp\/v2\/types\/page"}],"author":[{"embeddable":true,"href":"https:\/\/www.hommy.com\/es\/wp-json\/wp\/v2\/users\/1"}],"replies":[{"embeddable":true,"href":"https:\/\/www.hommy.com\/es\/wp-json\/wp\/v2\/comments?post=2075"}],"version-history":[{"count":2,"href":"https:\/\/www.hommy.com\/es\/wp-json\/wp\/v2\/pages\/2075\/revisions"}],"predecessor-version":[{"id":2861,"href":"https:\/\/www.hommy.com\/es\/wp-json\/wp\/v2\/pages\/2075\/revisions\/2861"}],"wp:attachment":[{"href":"https:\/\/www.hommy.com\/es\/wp-json\/wp\/v2\/media?parent=2075"}],"curies":[{"name":"wp","href":"https:\/\/api.w.org\/{rel}","templated":true}]}}