{"id":1539,"date":"2024-07-03T13:05:16","date_gmt":"2024-07-03T13:05:16","guid":{"rendered":"http:\/\/localhost\/hommywp\/?page_id=1539"},"modified":"2024-11-15T15:13:46","modified_gmt":"2024-11-15T15:13:46","slug":"solucion","status":"publish","type":"page","link":"https:\/\/www.hommy.com\/es\/solucion\/","title":{"rendered":"Soluci\u00f3n"},"content":{"rendered":"<p><strong>1. Helader\u00eda Bango<\/strong><\/p>\n\n\n\n<p>Con 20 a\u00f1os en la fabricaci\u00f3n de m\u00e1quinas de helados, Hommy Enterprise (Xinhui) Co., LTD. sabe bien c\u00f3mo hacer helados de buena calidad (m\u00e1quina profesional de fabricaci\u00f3n de helados y m\u00e1quina de procesamiento de alimentos). Bas\u00e1ndose en esta rica experiencia, el fundador de Hommy, el Sr. Daniel Lai cre\u00f3 Bango International Catering Management Co., Ltd. en 2011.<\/p>\n\n\n\n<p>Como uno de los grandes grupos de restauraci\u00f3n, Bango explota cadenas de helader\u00edas y se convierte en el proveedor de franquicias de helados de m\u00e1s r\u00e1pido desarrollo.<\/p>\n\n\n\n<p>Bango ofrece un servicio integral de cadenas de helader\u00edas a los clientes seg\u00fan sus requisitos y presupuestos, que incluye el dise\u00f1o de las tiendas, las instalaciones de alimentaci\u00f3n, la formaci\u00f3n para el funcionamiento de las tiendas, etc.<\/p>\n\n\n\n<figure class=\"wp-block-gallery has-nested-images columns-default is-cropped columns-3 wp-block-gallery-1 is-layout-flex wp-block-gallery-is-layout-flex\">\n<figure class=\"wp-block-image size-medium\"><img loading=\"lazy\" decoding=\"async\" width=\"480\" height=\"390\" data-id=\"1541\" src=\"https:\/\/www.hommy.com\/wp-content\/uploads\/image-3.webp\" alt=\"Vista interior de la helader\u00eda Bango\" class=\"wp-image-1541\" title=\"Vista interior de la helader\u00eda Bango\" srcset=\"https:\/\/www.hommy.com\/wp-content\/uploads\/image-3.webp 480w, https:\/\/www.hommy.com\/wp-content\/uploads\/image-3-300x244.webp 300w\" sizes=\"auto, (max-width: 480px) 100vw, 480px\" \/><\/figure>\n\n\n\n<figure class=\"wp-block-image size-medium\"><img loading=\"lazy\" decoding=\"async\" width=\"800\" height=\"650\" data-id=\"1559\" src=\"https:\/\/www.hommy.com\/wp-content\/uploads\/image-35.png\" alt=\"Helader\u00eda Bango exterior\" class=\"wp-image-1559\" title=\"Helader\u00eda Bango exterior\" srcset=\"https:\/\/www.hommy.com\/wp-content\/uploads\/image-35.png 800w, https:\/\/www.hommy.com\/wp-content\/uploads\/image-35-600x488.png 600w, https:\/\/www.hommy.com\/wp-content\/uploads\/image-35-300x244.png 300w, https:\/\/www.hommy.com\/wp-content\/uploads\/image-35-768x624.png 768w\" sizes=\"auto, (max-width: 800px) 100vw, 800px\" \/><\/figure>\n\n\n\n<figure class=\"wp-block-image size-medium\"><img loading=\"lazy\" decoding=\"async\" width=\"480\" height=\"390\" data-id=\"1544\" src=\"https:\/\/www.hommy.com\/wp-content\/uploads\/image-6.webp\" alt=\"Clientes disfrutando de un helado en Bango\" class=\"wp-image-1544\" title=\"Clientes disfrutando de un helado en Bango\" srcset=\"https:\/\/www.hommy.com\/wp-content\/uploads\/image-6.webp 480w, https:\/\/www.hommy.com\/wp-content\/uploads\/image-6-300x244.webp 300w\" sizes=\"auto, (max-width: 480px) 100vw, 480px\" \/><\/figure>\n<\/figure>\n\n\n\n<p><strong>PROCESO DE APERTURA DE LA TIENDA<\/strong><\/p>\n\n\n\n<p>Los principales productos son: m\u00e1quina de helados suaves, m\u00e1quina de helados, m\u00e1quina de bebidas fr\u00edas, exprimidor de ca\u00f1a de az\u00facar, m\u00e1quina de hielo, etc.<\/p>\n\n\n\n<p>OEM y ODM tambi\u00e9n son bienvenidos.<\/p>\n\n\n\n<figure class=\"wp-block-gallery has-nested-images columns-default is-cropped columns-3 wp-block-gallery-2 is-layout-flex wp-block-gallery-is-layout-flex\">\n<figure class=\"wp-block-image size-medium\"><img loading=\"lazy\" decoding=\"async\" width=\"800\" height=\"650\" data-id=\"1545\" src=\"https:\/\/www.hommy.com\/wp-content\/uploads\/image-7.webp\" alt=\"Aprenda la pol\u00edtica de cooperaci\u00f3n y conozca la cultura de marca de &quot;Bango&quot;.\" class=\"wp-image-1545\" title=\"Aprenda la pol\u00edtica de cooperaci\u00f3n y conozca la cultura de marca de &quot;Bango&quot;.\" srcset=\"https:\/\/www.hommy.com\/wp-content\/uploads\/image-7.webp 800w, https:\/\/www.hommy.com\/wp-content\/uploads\/image-7-600x488.webp 600w, https:\/\/www.hommy.com\/wp-content\/uploads\/image-7-300x244.webp 300w, https:\/\/www.hommy.com\/wp-content\/uploads\/image-7-768x624.webp 768w\" sizes=\"auto, (max-width: 800px) 100vw, 800px\" \/><figcaption class=\"wp-element-caption\">1. Aprender la pol\u00edtica de cooperaci\u00f3n y conocer la cultura de marca de \"Bango\".<\/figcaption><\/figure>\n\n\n\n<figure class=\"wp-block-image size-medium\"><img loading=\"lazy\" decoding=\"async\" width=\"800\" height=\"650\" data-id=\"1546\" src=\"https:\/\/www.hommy.com\/wp-content\/uploads\/image-8.webp\" alt=\"Rellene y env\u00ede el formulario de solicitud\" class=\"wp-image-1546\" title=\"Rellene y env\u00ede el formulario de solicitud\" srcset=\"https:\/\/www.hommy.com\/wp-content\/uploads\/image-8.webp 800w, https:\/\/www.hommy.com\/wp-content\/uploads\/image-8-600x488.webp 600w, https:\/\/www.hommy.com\/wp-content\/uploads\/image-8-300x244.webp 300w, https:\/\/www.hommy.com\/wp-content\/uploads\/image-8-768x624.webp 768w\" sizes=\"auto, (max-width: 800px) 100vw, 800px\" \/><figcaption class=\"wp-element-caption\">2. Rellene y env\u00ede el formulario de solicitud<\/figcaption><\/figure>\n\n\n\n<figure class=\"wp-block-image size-medium\"><img loading=\"lazy\" decoding=\"async\" width=\"800\" height=\"650\" data-id=\"1547\" src=\"https:\/\/www.hommy.com\/wp-content\/uploads\/image-9.webp\" alt=\"Esperar la evaluaci\u00f3n de cualificaci\u00f3n de Bango\" class=\"wp-image-1547\" title=\"Esperar la evaluaci\u00f3n de cualificaci\u00f3n de Bango\" srcset=\"https:\/\/www.hommy.com\/wp-content\/uploads\/image-9.webp 800w, https:\/\/www.hommy.com\/wp-content\/uploads\/image-9-600x488.webp 600w, https:\/\/www.hommy.com\/wp-content\/uploads\/image-9-300x244.webp 300w, https:\/\/www.hommy.com\/wp-content\/uploads\/image-9-768x624.webp 768w\" sizes=\"auto, (max-width: 800px) 100vw, 800px\" \/><figcaption class=\"wp-element-caption\">3. Esperar la evaluaci\u00f3n de cualificaci\u00f3n de Bango<\/figcaption><\/figure>\n<\/figure>\n\n\n\n<figure class=\"wp-block-gallery has-nested-images columns-default is-cropped columns-3 wp-block-gallery-3 is-layout-flex wp-block-gallery-is-layout-flex\">\n<figure class=\"wp-block-image size-medium\"><img loading=\"lazy\" decoding=\"async\" width=\"800\" height=\"650\" data-id=\"1548\" src=\"https:\/\/www.hommy.com\/wp-content\/uploads\/image-10.webp\" alt=\"Comunicar detalladamente a Bango las normas de cooperaci\u00f3n\" class=\"wp-image-1548\" title=\"Comunicar detalladamente a Bango las normas de cooperaci\u00f3n\" srcset=\"https:\/\/www.hommy.com\/wp-content\/uploads\/image-10.webp 800w, https:\/\/www.hommy.com\/wp-content\/uploads\/image-10-600x488.webp 600w, https:\/\/www.hommy.com\/wp-content\/uploads\/image-10-300x244.webp 300w, https:\/\/www.hommy.com\/wp-content\/uploads\/image-10-768x624.webp 768w\" sizes=\"auto, (max-width: 800px) 100vw, 800px\" \/><figcaption class=\"wp-element-caption\">4. Comunicar detalladamente las normas de cooperaci\u00f3n a Bango.<\/figcaption><\/figure>\n\n\n\n<figure class=\"wp-block-image size-medium\"><img loading=\"lazy\" decoding=\"async\" width=\"800\" height=\"650\" data-id=\"1549\" src=\"https:\/\/www.hommy.com\/wp-content\/uploads\/image-11.webp\" alt=\"Comprensi\u00f3n total de la marca Bango y del concepto de negocio\" class=\"wp-image-1549\" title=\"Comprensi\u00f3n total de la marca Bango y del concepto de negocio\" srcset=\"https:\/\/www.hommy.com\/wp-content\/uploads\/image-11.webp 800w, https:\/\/www.hommy.com\/wp-content\/uploads\/image-11-600x488.webp 600w, https:\/\/www.hommy.com\/wp-content\/uploads\/image-11-300x244.webp 300w, https:\/\/www.hommy.com\/wp-content\/uploads\/image-11-768x624.webp 768w\" sizes=\"auto, (max-width: 800px) 100vw, 800px\" \/><figcaption class=\"wp-element-caption\">5. Comprensi\u00f3n total de la marca Bango y del concepto de negocio<\/figcaption><\/figure>\n\n\n\n<figure class=\"wp-block-image size-medium\"><img loading=\"lazy\" decoding=\"async\" width=\"800\" height=\"650\" data-id=\"1550\" src=\"https:\/\/www.hommy.com\/wp-content\/uploads\/image-12.webp\" alt=\"Visitar y seleccionar la direcci\u00f3n de la empresa, evaluar el proyecto y confirmar el modo de negocio\" class=\"wp-image-1550\" title=\"Visitar y seleccionar la direcci\u00f3n de la empresa, evaluar el proyecto y confirmar el modo de negocio\" srcset=\"https:\/\/www.hommy.com\/wp-content\/uploads\/image-12.webp 800w, https:\/\/www.hommy.com\/wp-content\/uploads\/image-12-600x488.webp 600w, https:\/\/www.hommy.com\/wp-content\/uploads\/image-12-300x244.webp 300w, https:\/\/www.hommy.com\/wp-content\/uploads\/image-12-768x624.webp 768w\" sizes=\"auto, (max-width: 800px) 100vw, 800px\" \/><figcaption class=\"wp-element-caption\">6. Visitar y seleccionar la direcci\u00f3n de la empresa, evaluar el proyecto y confirmar el modo de negocio.<\/figcaption><\/figure>\n<\/figure>\n\n\n\n<figure class=\"wp-block-gallery has-nested-images columns-default is-cropped columns-3 wp-block-gallery-4 is-layout-flex wp-block-gallery-is-layout-flex\">\n<figure class=\"wp-block-image size-medium\"><img loading=\"lazy\" decoding=\"async\" width=\"800\" height=\"650\" data-id=\"1551\" src=\"https:\/\/www.hommy.com\/wp-content\/uploads\/image-13.webp\" alt=\"Firmar el contrato comercial\" class=\"wp-image-1551\" title=\"Firmar el contrato comercial\" srcset=\"https:\/\/www.hommy.com\/wp-content\/uploads\/image-13.webp 800w, https:\/\/www.hommy.com\/wp-content\/uploads\/image-13-600x488.webp 600w, https:\/\/www.hommy.com\/wp-content\/uploads\/image-13-300x244.webp 300w, https:\/\/www.hommy.com\/wp-content\/uploads\/image-13-768x624.webp 768w\" sizes=\"auto, (max-width: 800px) 100vw, 800px\" \/><figcaption class=\"wp-element-caption\">7. Firmar el contrato comercial<\/figcaption><\/figure>\n\n\n\n<figure class=\"wp-block-image size-medium\"><img loading=\"lazy\" decoding=\"async\" width=\"800\" height=\"650\" data-id=\"1554\" src=\"https:\/\/www.hommy.com\/wp-content\/uploads\/image-16.webp\" alt=\"Dise\u00f1ar y decorar la tienda Bango, contratar personal y preparar los materiales y el certificado comercial.\" class=\"wp-image-1554\" title=\"Dise\u00f1ar y decorar la tienda Bango, contratar personal y preparar los materiales y el certificado comercial.\" srcset=\"https:\/\/www.hommy.com\/wp-content\/uploads\/image-16.webp 800w, https:\/\/www.hommy.com\/wp-content\/uploads\/image-16-600x488.webp 600w, https:\/\/www.hommy.com\/wp-content\/uploads\/image-16-300x244.webp 300w, https:\/\/www.hommy.com\/wp-content\/uploads\/image-16-768x624.webp 768w\" sizes=\"auto, (max-width: 800px) 100vw, 800px\" \/><figcaption class=\"wp-element-caption\">8. Dise\u00f1ar y decorar la tienda Bango, contratar personal y preparar los materiales y el certificado comercial.<\/figcaption><\/figure>\n\n\n\n<figure class=\"wp-block-image size-medium\"><img loading=\"lazy\" decoding=\"async\" width=\"800\" height=\"650\" data-id=\"1552\" src=\"https:\/\/www.hommy.com\/wp-content\/uploads\/image-14.webp\" alt=\"Formar al personal, iniciar la publicidad y la promoci\u00f3n de ventas\" class=\"wp-image-1552\" title=\"Formar al personal, iniciar la publicidad y la promoci\u00f3n de ventas\" srcset=\"https:\/\/www.hommy.com\/wp-content\/uploads\/image-14.webp 800w, https:\/\/www.hommy.com\/wp-content\/uploads\/image-14-600x488.webp 600w, https:\/\/www.hommy.com\/wp-content\/uploads\/image-14-300x244.webp 300w, https:\/\/www.hommy.com\/wp-content\/uploads\/image-14-768x624.webp 768w\" sizes=\"auto, (max-width: 800px) 100vw, 800px\" \/><figcaption class=\"wp-element-caption\">9. Formar al personal, iniciar la publicidad y la promoci\u00f3n de ventas.<\/figcaption><\/figure>\n<\/figure>\n\n\n\n<figure class=\"wp-block-gallery has-nested-images columns-default is-cropped columns-3 wp-block-gallery-5 is-layout-flex wp-block-gallery-is-layout-flex\">\n<figure class=\"wp-block-image size-medium\"><img loading=\"lazy\" decoding=\"async\" width=\"800\" height=\"650\" data-id=\"1553\" src=\"https:\/\/www.hommy.com\/wp-content\/uploads\/image-15.webp\" alt=\"Apertura del juicio y mejora de todas las normas de la tienda durante el juicio\" class=\"wp-image-1553\" title=\"Apertura del juicio y mejora de todas las normas de la tienda durante el juicio\" srcset=\"https:\/\/www.hommy.com\/wp-content\/uploads\/image-15.webp 800w, https:\/\/www.hommy.com\/wp-content\/uploads\/image-15-600x488.webp 600w, https:\/\/www.hommy.com\/wp-content\/uploads\/image-15-300x244.webp 300w, https:\/\/www.hommy.com\/wp-content\/uploads\/image-15-768x624.webp 768w\" sizes=\"auto, (max-width: 800px) 100vw, 800px\" \/><figcaption class=\"wp-element-caption\">10. Prueba de apertura y mejora de todas las normas de la tienda durante la prueba<\/figcaption><\/figure>\n\n\n\n<figure class=\"wp-block-image size-medium\"><img loading=\"lazy\" decoding=\"async\" width=\"800\" height=\"650\" data-id=\"1555\" src=\"https:\/\/www.hommy.com\/wp-content\/uploads\/image-17.webp\" alt=\"Inauguraci\u00f3n oficial de la tienda Bango\" class=\"wp-image-1555\" title=\"Inauguraci\u00f3n oficial de la tienda Bango\" srcset=\"https:\/\/www.hommy.com\/wp-content\/uploads\/image-17.webp 800w, https:\/\/www.hommy.com\/wp-content\/uploads\/image-17-600x488.webp 600w, https:\/\/www.hommy.com\/wp-content\/uploads\/image-17-300x244.webp 300w, https:\/\/www.hommy.com\/wp-content\/uploads\/image-17-768x624.webp 768w\" sizes=\"auto, (max-width: 800px) 100vw, 800px\" \/><figcaption class=\"wp-element-caption\">11. Inauguraci\u00f3n oficial de la tienda Bango<\/figcaption><\/figure>\n\n\n\n<figure class=\"wp-block-image size-medium\"><img loading=\"lazy\" decoding=\"async\" width=\"800\" height=\"650\" data-id=\"1557\" src=\"https:\/\/www.hommy.com\/wp-content\/uploads\/image-19.webp\" alt=\"Supervisar y guiar al inversor en la gesti\u00f3n de la tienda\" class=\"wp-image-1557\" title=\"Supervisar y guiar al inversor en la gesti\u00f3n de la tienda\" srcset=\"https:\/\/www.hommy.com\/wp-content\/uploads\/image-19.webp 800w, https:\/\/www.hommy.com\/wp-content\/uploads\/image-19-600x488.webp 600w, https:\/\/www.hommy.com\/wp-content\/uploads\/image-19-300x244.webp 300w, https:\/\/www.hommy.com\/wp-content\/uploads\/image-19-768x624.webp 768w\" sizes=\"auto, (max-width: 800px) 100vw, 800px\" \/><figcaption class=\"wp-element-caption\">12. Supervisar y guiar al inversor en la gesti\u00f3n de la tienda.<\/figcaption><\/figure>\n<\/figure>\n\n\n\n<p><strong>2. M\u00e1quina expendedora de helados<\/strong><\/p>\n\n\n\n<figure class=\"wp-block-image size-large\"><img loading=\"lazy\" decoding=\"async\" width=\"929\" height=\"568\" src=\"https:\/\/www.hommy.com\/wp-content\/uploads\/image-18.webp\" alt=\"M\u00e1quina expendedora de helados\" class=\"wp-image-1556\" title=\"M\u00e1quina expendedora de helados\" srcset=\"https:\/\/www.hommy.com\/wp-content\/uploads\/image-18.webp 929w, https:\/\/www.hommy.com\/wp-content\/uploads\/image-18-600x367.webp 600w, https:\/\/www.hommy.com\/wp-content\/uploads\/image-18-300x183.webp 300w, https:\/\/www.hommy.com\/wp-content\/uploads\/image-18-768x470.webp 768w\" sizes=\"auto, (max-width: 929px) 100vw, 929px\" \/><\/figure>\n\n\n\n<p>En la helader\u00eda Bango, puede ver que algunas m\u00e1quinas de helados son artesanales, pero tambi\u00e9n puede encontrar algunas que son autom\u00e1ticas. Las m\u00e1quinas expendedoras autom\u00e1ticas de helados son desarrolladas y fabricadas por Hommy tambi\u00e9n.<\/p>\n\n\n\n<p>Para ayudar a los clientes a hacer un buen negocio en la industria del helado, aparte del negocio de la tienda de helados, tambi\u00e9n recomendamos invertir en m\u00e1quinas expendedoras de helados alrededor de su tienda. Especialmente despu\u00e9s de tener su propia tienda Bango y un equipo de servicio maduro, puede enviar a su equipo a gestionar la m\u00e1quina expendedora localmente para hacer un mayor desarrollo de su negocio de helados.<\/p>\n\n\n\n<p>Las m\u00e1quinas expendedoras de helados son f\u00e1cilmente desmontables y pueden colocarse en diversos lugares de forma flexible para el negocio, como cines, universidades, restaurantes, centros comerciales, lugares pintorescos, etc. Esta forma de negocio \"helader\u00eda artesanal + m\u00e1quina expendedora autom\u00e1tica de helados\" se denomina \"Ecosistema de negocio de helados\".<\/p>\n\n\n\n<p><strong>Lugar de aplicaci\u00f3n de la m\u00e1quina expendedora autom\u00e1tica de helados<\/strong><\/p>\n\n\n\n<figure class=\"wp-block-image size-large\"><img loading=\"lazy\" decoding=\"async\" width=\"1400\" height=\"696\" src=\"https:\/\/www.hommy.com\/wp-content\/uploads\/image-7.jpeg\" alt=\"M\u00e1quina expendedora autom\u00e1tica de helados en diferentes ubicaciones\" class=\"wp-image-1558\" title=\"M\u00e1quina expendedora autom\u00e1tica de helados en diferentes ubicaciones\" srcset=\"https:\/\/www.hommy.com\/wp-content\/uploads\/image-7.jpeg 1400w, https:\/\/www.hommy.com\/wp-content\/uploads\/image-7-600x298.jpeg 600w, https:\/\/www.hommy.com\/wp-content\/uploads\/image-7-300x149.jpeg 300w, https:\/\/www.hommy.com\/wp-content\/uploads\/image-7-1024x509.jpeg 1024w, https:\/\/www.hommy.com\/wp-content\/uploads\/image-7-768x382.jpeg 768w\" sizes=\"auto, (max-width: 1400px) 100vw, 1400px\" \/><\/figure>","protected":false},"excerpt":{"rendered":"<p>1. Bango Ice Cream Store With 20 years in manufacturing ice cream machines, Hommy Enterprise (Xinhui) Co., LTD. knows well how to make ice cream in good quality (Professional Ice cream maker machine &amp; food processing machine). Based on this rich experience, the founder of Hommy, Mr. Daniel Lai set up Bango International Catering Management [&hellip;]<\/p>\n","protected":false},"author":1,"featured_media":0,"parent":0,"menu_order":0,"comment_status":"closed","ping_status":"closed","template":"","meta":{"_swt_meta_header_display":false,"_swt_meta_footer_display":false,"_swt_meta_site_title_display":false,"_swt_meta_sticky_header":false,"_swt_meta_transparent_header":false,"footnotes":""},"class_list":["post-1539","page","type-page","status-publish","hentry"],"_links":{"self":[{"href":"https:\/\/www.hommy.com\/es\/wp-json\/wp\/v2\/pages\/1539","targetHints":{"allow":["GET"]}}],"collection":[{"href":"https:\/\/www.hommy.com\/es\/wp-json\/wp\/v2\/pages"}],"about":[{"href":"https:\/\/www.hommy.com\/es\/wp-json\/wp\/v2\/types\/page"}],"author":[{"embeddable":true,"href":"https:\/\/www.hommy.com\/es\/wp-json\/wp\/v2\/users\/1"}],"replies":[{"embeddable":true,"href":"https:\/\/www.hommy.com\/es\/wp-json\/wp\/v2\/comments?post=1539"}],"version-history":[{"count":0,"href":"https:\/\/www.hommy.com\/es\/wp-json\/wp\/v2\/pages\/1539\/revisions"}],"wp:attachment":[{"href":"https:\/\/www.hommy.com\/es\/wp-json\/wp\/v2\/media?parent=1539"}],"curies":[{"name":"wp","href":"https:\/\/api.w.org\/{rel}","templated":true}]}}