{"id":1512,"date":"2024-07-03T11:24:20","date_gmt":"2024-07-03T11:24:20","guid":{"rendered":"http:\/\/localhost\/hommywp\/?page_id=1512"},"modified":"2024-07-23T09:38:54","modified_gmt":"2024-07-23T09:38:54","slug":"historia-del-fundador","status":"publish","type":"page","link":"https:\/\/www.hommy.com\/es\/historia-del-fundador\/","title":{"rendered":"Historia del fundador"},"content":{"rendered":"<figure class=\"wp-block-image aligncenter size-full\"><a href=\"javascript:;\"><img loading=\"lazy\" decoding=\"async\" width=\"480\" height=\"301\" src=\"https:\/\/www.hommy.com\/wp-content\/uploads\/image.webp\" alt=\"\" class=\"wp-image-1513\" title=\"\" srcset=\"https:\/\/www.hommy.com\/wp-content\/uploads\/image.webp 480w, https:\/\/www.hommy.com\/wp-content\/uploads\/image-300x188.webp 300w\" sizes=\"auto, (max-width: 480px) 100vw, 480px\" \/><\/a><\/figure>\n\n\n\n<p class=\"has-text-align-center\">Sr. Daniel, fundador de Hommy Enterprise (Xinhui) Co.<\/p>\n\n\n\n<p>El Sr. Daniel Lai se gradu\u00f3 de la universidad en 1988, se especializ\u00f3 en Fabricaci\u00f3n Mec\u00e1nica. Despu\u00e9s de graduarse, trabaj\u00f3 en Xinhui Machinery Company para dedicarse a la producci\u00f3n e investigaci\u00f3n de m\u00e1quinas de helados, y aprendi\u00f3 mucha informaci\u00f3n y tecnolog\u00eda sobre m\u00e1quinas de helados en todo el mundo. En 1999, el Sr. Daniel estableci\u00f3 Hommy Enterprise (Xinhui) Co., LTD, que se especializa en la fabricaci\u00f3n de todo tipo de productos de refrigeraci\u00f3n y m\u00e1quinas de procesamiento de alimentos, incluyendo la m\u00e1quina de helado suave, m\u00e1quina expendedora de helado, etc. Hasta ahora, el Sr. Daniel se ha dedicado a la industria de m\u00e1quinas de helados durante m\u00e1s de 30 a\u00f1os.<a href=\"javascript:;\"><\/a><\/p>","protected":false},"excerpt":{"rendered":"<p>Mr. Daniel, Founder of Hommy Enterprise (Xinhui) Co., Ltd. Mr. Daniel Lai was graduated from university in 1988, he majored in Mechanical Manufacturing. After his graduation, he worked in Xinhui Machinery Company to go in for ice cream machine producing and researching, and learn much information and technology about ice cream machine all over the [&hellip;]<\/p>\n","protected":false},"author":1,"featured_media":0,"parent":0,"menu_order":0,"comment_status":"closed","ping_status":"closed","template":"","meta":{"_swt_meta_header_display":false,"_swt_meta_footer_display":false,"_swt_meta_site_title_display":false,"_swt_meta_sticky_header":false,"_swt_meta_transparent_header":false,"footnotes":""},"class_list":["post-1512","page","type-page","status-publish","hentry"],"_links":{"self":[{"href":"https:\/\/www.hommy.com\/es\/wp-json\/wp\/v2\/pages\/1512","targetHints":{"allow":["GET"]}}],"collection":[{"href":"https:\/\/www.hommy.com\/es\/wp-json\/wp\/v2\/pages"}],"about":[{"href":"https:\/\/www.hommy.com\/es\/wp-json\/wp\/v2\/types\/page"}],"author":[{"embeddable":true,"href":"https:\/\/www.hommy.com\/es\/wp-json\/wp\/v2\/users\/1"}],"replies":[{"embeddable":true,"href":"https:\/\/www.hommy.com\/es\/wp-json\/wp\/v2\/comments?post=1512"}],"version-history":[{"count":0,"href":"https:\/\/www.hommy.com\/es\/wp-json\/wp\/v2\/pages\/1512\/revisions"}],"wp:attachment":[{"href":"https:\/\/www.hommy.com\/es\/wp-json\/wp\/v2\/media?parent=1512"}],"curies":[{"name":"wp","href":"https:\/\/api.w.org\/{rel}","templated":true}]}}