{"id":1473,"date":"2024-07-03T10:27:16","date_gmt":"2024-07-03T10:27:16","guid":{"rendered":"http:\/\/localhost\/hommywp\/?page_id=1473"},"modified":"2024-11-15T11:40:14","modified_gmt":"2024-11-15T11:40:14","slug":"calidad","status":"publish","type":"page","link":"https:\/\/www.hommy.com\/es\/calidad\/","title":{"rendered":"Calidad"},"content":{"rendered":"<p><strong>1. Compra de materias primas&nbsp;<\/strong><\/p>\n\n\n\n<p>Cuando todas las materias primas llegan al almac\u00e9n, la cantidad debe ser confirmada por el almac\u00e9n en primer lugar, y luego QC puede entrar en el almac\u00e9n de acuerdo con la calificaci\u00f3n de inspecci\u00f3n.<\/p>\n\n\n\n<p>Si hay problemas de calidad, se devolver\u00e1n al fabricante una vez confirmados con la tecnolog\u00eda.<\/p>\n\n\n\n<figure class=\"wp-block-image size-full\"><img loading=\"lazy\" decoding=\"async\" width=\"750\" height=\"372\" src=\"https:\/\/www.hommy.com\/wp-content\/uploads\/image-1.webp\" alt=\"\" class=\"wp-image-1477\" title=\"\" srcset=\"https:\/\/www.hommy.com\/wp-content\/uploads\/image-1.webp 750w, https:\/\/www.hommy.com\/wp-content\/uploads\/image-1-600x298.webp 600w, https:\/\/www.hommy.com\/wp-content\/uploads\/image-1-300x149.webp 300w\" sizes=\"auto, (max-width: 750px) 100vw, 750px\" \/><\/figure>\n\n\n\n<p><strong>2.Control de calidad de las piezas de recambio&nbsp;<\/strong><\/p>\n\n\n\n<p>Los accesorios se dividen en dos tipos: la producci\u00f3n en f\u00e1brica y la producci\u00f3n de procesamiento subcontratado. La f\u00e1brica produce por s\u00ed misma. En el proceso de producci\u00f3n, el personal de control de calidad comprueba continuamente la calidad del producto.&nbsp;<\/p>\n\n\n\n<p>Proporcionar los planos y los requisitos del producto a la f\u00e1brica de la otra parte durante el proceso de subcontrataci\u00f3n y, a continuaci\u00f3n, el control de calidad de la f\u00e1brica copiar\u00e1 o inspeccionar\u00e1 completamente los productos de acuerdo con los planos y el proceso.<\/p>\n\n\n\n<p><strong>3.Inspecci\u00f3n en la l\u00ednea de producci\u00f3n<\/strong><\/p>\n\n\n\n<p>Cada m\u00e1quina tiene un c\u00f3digo \u00fanico de la m\u00e1quina. En la cadena de producci\u00f3n y montaje, cada m\u00e1quina tiene un formulario para rellenar la situaci\u00f3n de instalaci\u00f3n de cada pieza.&nbsp;<\/p>\n\n\n\n<p>QC comprobar\u00e1 los problemas encontrados en lo anterior y pedir al personal pertinente para manejar y guardar la instalaci\u00f3n de toda la m\u00e1quina sin problemas y luego transferir a toda la m\u00e1quina para la prueba<\/p>\n\n\n\n<p><strong>4.Prueba de la m\u00e1quina completa<\/strong><\/p>\n\n\n\n<p>Cuando la m\u00e1quina est\u00e9 montada, el personal de control de calidad utilizar\u00e1 materias primas para probar la m\u00e1quina. Se tarda alrededor de 5-8 horas para toda la m\u00e1quina para probar cada m\u00e1quina. Las materias primas se pondr\u00e1n en la m\u00e1quina para probar cada funci\u00f3n y si la m\u00e1quina tiene problemas durante el funcionamiento sin parar.<\/p>\n\n\n\n<p>Cuando se detecta un problema, se registra en el formulario del libro siguiente y es tratado por el personal competente.<\/p>\n\n\n\n<p><strong>5. Limpieza y embalaje<\/strong><\/p>\n\n\n\n<p>Una vez comprobada toda la m\u00e1quina, se limpia y se seca al aire. Antes del embalaje, QC conectar\u00e1 la alimentaci\u00f3n de nuevo para comprobar si la m\u00e1quina puede funcionar correctamente sin ning\u00fan material.&nbsp;<\/p>\n\n\n\n<p>Al mismo tiempo, el personal de embalaje comprobar\u00e1 si los accesorios pertinentes y los accesorios de seguimiento se colocan en la m\u00e1quina de acuerdo con los requisitos del pedido del cliente, de modo que toda la m\u00e1quina pueda enviarse fuera de la f\u00e1brica despu\u00e9s de la prueba.<\/p>","protected":false},"excerpt":{"rendered":"<p>1. Purchase of raw materials&nbsp; When all raw materials arrive at the warehouse, the quantity shall be confirmed by the warehouse first, and then QC can enter the warehouse according to the inspection qualification. If there are quality problems, they shall be returned to the manufacturer after confirmed with the technology. 2.Spare part qualtity control&nbsp; [&hellip;]<\/p>\n","protected":false},"author":1,"featured_media":0,"parent":0,"menu_order":0,"comment_status":"closed","ping_status":"closed","template":"","meta":{"_swt_meta_header_display":false,"_swt_meta_footer_display":false,"_swt_meta_site_title_display":false,"_swt_meta_sticky_header":false,"_swt_meta_transparent_header":false,"footnotes":""},"class_list":["post-1473","page","type-page","status-publish","hentry"],"_links":{"self":[{"href":"https:\/\/www.hommy.com\/es\/wp-json\/wp\/v2\/pages\/1473","targetHints":{"allow":["GET"]}}],"collection":[{"href":"https:\/\/www.hommy.com\/es\/wp-json\/wp\/v2\/pages"}],"about":[{"href":"https:\/\/www.hommy.com\/es\/wp-json\/wp\/v2\/types\/page"}],"author":[{"embeddable":true,"href":"https:\/\/www.hommy.com\/es\/wp-json\/wp\/v2\/users\/1"}],"replies":[{"embeddable":true,"href":"https:\/\/www.hommy.com\/es\/wp-json\/wp\/v2\/comments?post=1473"}],"version-history":[{"count":0,"href":"https:\/\/www.hommy.com\/es\/wp-json\/wp\/v2\/pages\/1473\/revisions"}],"wp:attachment":[{"href":"https:\/\/www.hommy.com\/es\/wp-json\/wp\/v2\/media?parent=1473"}],"curies":[{"name":"wp","href":"https:\/\/api.w.org\/{rel}","templated":true}]}}