{"id":1455,"date":"2024-07-03T10:08:49","date_gmt":"2024-07-03T10:08:49","guid":{"rendered":"http:\/\/localhost\/hommywp\/?page_id=1455"},"modified":"2024-11-15T11:38:30","modified_gmt":"2024-11-15T11:38:30","slug":"hito","status":"publish","type":"page","link":"https:\/\/www.hommy.com\/es\/hito\/","title":{"rendered":"Hito"},"content":{"rendered":"<div class=\"wp-block-group alignwide has-background has-global-padding is-layout-constrained wp-container-core-group-is-layout-3a02abfb wp-block-group-is-layout-constrained\" style=\"background-color:#f4f4f9;padding-top:20px;padding-right:20px;padding-bottom:20px;padding-left:20px\">\n<h1 class=\"wp-block-heading has-text-align-center has-text-color\" style=\"color:#0073aa\">Cronolog\u00eda de la empresa<\/h1>\n\n\n\n<ol class=\"wp-block-list timeline\">\n<li class=\"timeline-item\">\n<div class=\"wp-block-group has-background is-layout-flow wp-block-group-is-layout-flow\" style=\"border-radius:6px;background-color:#ffffff;padding-top:20px;padding-right:30px;padding-bottom:20px;padding-left:30px\">\n<p class=\"year has-large-font-size\"><strong>2010<\/strong><\/p>\n\n\n\n<p class=\"description\">Obtenci\u00f3n del certificado de empresa cient\u00edfica privada reconocida de la provincia de Guangdong.<\/p>\n\n\n\n<p class=\"description\">Invertimos 1 mill\u00f3n de RMB en la compra de punzonadoras CNC para mejorar la precisi\u00f3n de nuestros productos.<\/p>\n<\/div>\n<\/li>\n\n\n\n<li class=\"timeline-item\">\n<div class=\"wp-block-group has-background is-layout-flow wp-block-group-is-layout-flow\" style=\"border-radius:6px;background-color:#ffffff;padding-top:20px;padding-right:30px;padding-bottom:20px;padding-left:30px\">\n<p class=\"year has-large-font-size\"><strong>2012<\/strong><\/p>\n\n\n\n<p class=\"description\">Galardonado como el proveedor m\u00e1s popular de m\u00e1quinas de helados en la industria de suministros para hoteles.<\/p>\n<\/div>\n<\/li>\n\n\n\n<li class=\"timeline-item\">\n<div class=\"wp-block-group has-background is-layout-flow wp-block-group-is-layout-flow\" style=\"border-radius:6px;background-color:#ffffff;padding-top:20px;padding-right:30px;padding-bottom:20px;padding-left:30px\">\n<p class=\"year has-large-font-size\"><strong>2013<\/strong><\/p>\n\n\n\n<p class=\"description\">M\u00e1quina expendedora de helados producida.<\/p>\n\n\n\n<p class=\"description\">Se funda Bango International catering management Co. Ltd. Crea una sucursal en Pek\u00edn y abre m\u00e1s de 50 cadenas de tiendas para desarrollar el mercado chino.<\/p>\n\n\n\n<p class=\"description\">Cooperamos con KFC en China para producir la batidora de helados HM24.<\/p>\n<\/div>\n<\/li>\n\n\n\n<li class=\"timeline-item\">\n<div class=\"wp-block-group has-background is-layout-flow wp-block-group-is-layout-flow\" style=\"border-radius:6px;background-color:#ffffff;padding-top:20px;padding-right:30px;padding-bottom:20px;padding-left:30px\">\n<p class=\"year has-large-font-size\"><strong>2014<\/strong><\/p>\n\n\n\n<p class=\"description\">Desarrollada m\u00e1quina autom\u00e1tica de helados expendedora de monedas HM766.<\/p>\n<\/div>\n<\/li>\n\n\n\n<li class=\"timeline-item\">\n<div class=\"wp-block-group has-background is-layout-flow wp-block-group-is-layout-flow\" style=\"border-radius:6px;background-color:#ffffff;padding-top:20px;padding-right:30px;padding-bottom:20px;padding-left:30px\">\n<p class=\"year has-large-font-size\"><strong>2015<\/strong><\/p>\n\n\n\n<p class=\"description\">Desarrollado HM 931, HM116T, HM736 basado en HM766 y la tecnolog\u00eda de Internet +.<\/p>\n<\/div>\n<\/li>\n\n\n\n<li class=\"timeline-item\">\n<div class=\"wp-block-group has-background is-layout-flow wp-block-group-is-layout-flow\" style=\"border-radius:6px;background-color:#ffffff;padding-top:20px;padding-right:30px;padding-bottom:20px;padding-left:30px\">\n<p class=\"year has-large-font-size\"><strong>2016<\/strong><\/p>\n\n\n\n<p class=\"description\">M\u00e1quina expendedora de helados exportados a Malasia y Arabia Saudita, tambi\u00e9n ten\u00eda agente ahora.<\/p>\n\n\n\n<p class=\"description\">Cooperamos con Carrefour China para fabricar la m\u00e1quina de helado HM726, tambi\u00e9n cooperamos con la compa\u00f1\u00eda de marca famosa para entrar en la tienda conveniente china.<\/p>\n<\/div>\n<\/li>\n\n\n\n<li class=\"timeline-item\">\n<div class=\"wp-block-group has-background is-layout-flow wp-block-group-is-layout-flow\" style=\"border-radius:6px;background-color:#ffffff;padding-top:20px;padding-right:30px;padding-bottom:20px;padding-left:30px\">\n<p class=\"year has-large-font-size\"><strong>2017<\/strong><\/p>\n\n\n\n<p class=\"description\">Abrimos la tienda Bango en el extranjero, como Bahrein y Singapur, tambi\u00e9n hemos desarrollado nuevas m\u00e1quinas autom\u00e1ticas de paletas y mejorado la m\u00e1quina de helados fritos.<\/p>\n<\/div>\n<\/li>\n<\/ol>\n<\/div>","protected":false},"excerpt":{"rendered":"<p>Cronolog\u00eda de la empresa<\/p>","protected":false},"author":1,"featured_media":0,"parent":0,"menu_order":0,"comment_status":"closed","ping_status":"closed","template":"","meta":{"_swt_meta_header_display":false,"_swt_meta_footer_display":false,"_swt_meta_site_title_display":false,"_swt_meta_sticky_header":false,"_swt_meta_transparent_header":false,"footnotes":""},"class_list":["post-1455","page","type-page","status-publish","hentry"],"_links":{"self":[{"href":"https:\/\/www.hommy.com\/es\/wp-json\/wp\/v2\/pages\/1455","targetHints":{"allow":["GET"]}}],"collection":[{"href":"https:\/\/www.hommy.com\/es\/wp-json\/wp\/v2\/pages"}],"about":[{"href":"https:\/\/www.hommy.com\/es\/wp-json\/wp\/v2\/types\/page"}],"author":[{"embeddable":true,"href":"https:\/\/www.hommy.com\/es\/wp-json\/wp\/v2\/users\/1"}],"replies":[{"embeddable":true,"href":"https:\/\/www.hommy.com\/es\/wp-json\/wp\/v2\/comments?post=1455"}],"version-history":[{"count":0,"href":"https:\/\/www.hommy.com\/es\/wp-json\/wp\/v2\/pages\/1455\/revisions"}],"wp:attachment":[{"href":"https:\/\/www.hommy.com\/es\/wp-json\/wp\/v2\/media?parent=1455"}],"curies":[{"name":"wp","href":"https:\/\/api.w.org\/{rel}","templated":true}]}}