{"id":1453,"date":"2024-07-03T10:07:44","date_gmt":"2024-07-03T10:07:44","guid":{"rendered":"http:\/\/localhost\/hommywp\/?page_id=1453"},"modified":"2024-07-23T11:09:38","modified_gmt":"2024-07-23T11:09:38","slug":"acerca-de-nosotros","status":"publish","type":"page","link":"https:\/\/www.hommy.com\/es\/acerca-de-nosotros\/","title":{"rendered":"Qui\u00e9nes somos"},"content":{"rendered":"<p>Fundada en 1999, Hommy Enterprise (Xinhui) Co., LTD. es una empresa profesional de alta tecnolog\u00eda especializada en la fabricaci\u00f3n de&nbsp;<strong>m\u00e1quinas expendedoras<\/strong>&nbsp;(helados, pizza, palomitas de ma\u00edz, bebidas gaseosas, patatas fritas, comida caliente y congelada), m\u00e1quina de yogur helado congelado, m\u00e1quina de zumo de ca\u00f1a de az\u00facar, m\u00e1quina de palomitas de ma\u00edz, m\u00e1quina de polos, m\u00e1quina de bloques de hielo, m\u00e1quina de conos de pizza, m\u00e1quina de granizados y mucho m\u00e1s. Tambi\u00e9n somos bienvenidos&nbsp;<strong>OEM<\/strong>&nbsp;y&nbsp;<strong>ODM<\/strong>.<\/p>\n\n\n\n<p>La planta de Hommy ocupa una superficie de&nbsp;<strong>30500<\/strong>&nbsp;metros cuadrados en la ciudad de Xinhui Jiangmen, que comprende l\u00edneas de producci\u00f3n flexibles, laboratorio de I+D, centro de aprendizaje y taller equipado con equipos de vanguardia. Adem\u00e1s, los ingenieros m\u00e1s cualificados, los tecn\u00f3logos m\u00e1s h\u00e1biles y el personal m\u00e1s experto contribuyen en gran medida al desarrollo de la empresa.<\/p>\n\n\n\n<p>La excelente experiencia del cliente es el punto de partida de Hommy. Tras a\u00f1os de desarrollo, hemos establecido una red de distribuci\u00f3n a gran escala en varios pa\u00edses y recibimos buenos comentarios de nuestros clientes. Mantenemos una estrecha cooperaci\u00f3n con famosas empresas e institutos y somos honrados universalmente como un socio fiable, procediendo de alta calidad y circunspecci\u00f3n en el servicio.<\/p>\n\n\n\n<div class=\"wp-block-buttons is-content-justification-center is-layout-flex wp-container-core-buttons-is-layout-a89b3969 wp-block-buttons-is-layout-flex\">\n<div class=\"wp-block-button\"><a class=\"wp-block-button__link has-vivid-cyan-blue-background-color has-background wp-element-button\" href=\"https:\/\/www.hommy.com\/es\/contacto\/\">Contacte con nosotros<\/a><\/div>\n<\/div>\n\n\n\n<figure class=\"wp-block-video\"><video controls poster=\"https:\/\/img80002414.weyesimg.com\/uploads\/wij2rdgc.allweyes.com\/images\/15535020757231.jpg?imageView2\/2\/w\/1920\/q\/70\/format\/webp\" preload=\"none\" src=\"https:\/\/img80002414.weyesimg.com\/uploads\/wij2rdgc.allweyes.com\/video\/15535044898255.mp4\"><\/video><\/figure>","protected":false},"excerpt":{"rendered":"<p>Established in&nbsp;1999, Hommy Enterprise (Xinhui) Co., LTD. is a professional high-tech enterprise specialized in manufacturing&nbsp;vending machines&nbsp;series(ice cream, pizza, popcorn, soda drinks, french fries, hot and frozen food), ice cream frozen yogurt machine, sugarcane juice machine, popcorn machine, popsicle machine, ice block machine, pizza cone machine, slush machine and more.&nbsp;Also we are welcome&nbsp;OEM&nbsp;and&nbsp;ODM. Hommy\u2019s plant is [&hellip;]<\/p>\n","protected":false},"author":1,"featured_media":0,"parent":0,"menu_order":0,"comment_status":"closed","ping_status":"closed","template":"","meta":{"_swt_meta_header_display":false,"_swt_meta_footer_display":false,"_swt_meta_site_title_display":false,"_swt_meta_sticky_header":false,"_swt_meta_transparent_header":false,"footnotes":""},"class_list":["post-1453","page","type-page","status-publish","hentry"],"_links":{"self":[{"href":"https:\/\/www.hommy.com\/es\/wp-json\/wp\/v2\/pages\/1453","targetHints":{"allow":["GET"]}}],"collection":[{"href":"https:\/\/www.hommy.com\/es\/wp-json\/wp\/v2\/pages"}],"about":[{"href":"https:\/\/www.hommy.com\/es\/wp-json\/wp\/v2\/types\/page"}],"author":[{"embeddable":true,"href":"https:\/\/www.hommy.com\/es\/wp-json\/wp\/v2\/users\/1"}],"replies":[{"embeddable":true,"href":"https:\/\/www.hommy.com\/es\/wp-json\/wp\/v2\/comments?post=1453"}],"version-history":[{"count":0,"href":"https:\/\/www.hommy.com\/es\/wp-json\/wp\/v2\/pages\/1453\/revisions"}],"wp:attachment":[{"href":"https:\/\/www.hommy.com\/es\/wp-json\/wp\/v2\/media?parent=1453"}],"curies":[{"name":"wp","href":"https:\/\/api.w.org\/{rel}","templated":true}]}}