{"id":997,"date":"2024-07-02T17:33:09","date_gmt":"2024-07-02T17:33:09","guid":{"rendered":"http:\/\/localhost\/hommywp\/commercial-auto-ice-cream-vending-machine-with-robot-arm-price\/"},"modified":"2025-08-01T09:57:49","modified_gmt":"2025-08-01T09:57:49","slug":"eiscreme-automat-mit-roboter","status":"publish","type":"product","link":"https:\/\/www.hommy.com\/de\/p\/eiscreme-automat-mit-roboter\/","title":{"rendered":"Kommerzieller Auto-Eiscreme-Automat mit Roboterarm Preis"},"content":{"rendered":"<div>\n<p style=\"text-align: center\"><span style=\"font-family:Calibri;font-size:29px\"><a style=\"color:blue\" href=\"\/de\/\">Speiseeismaschine<\/a> Roboter <\/span><\/p>\n<p style=\"text-align: center\"><a href=\"https:\/\/youtu.be\/JgNQ3w-MsYQ\" rel=\"nofollow noopener\" target=\"_blank\"><span style=\"font-family:Calibri;font-size:29px\">https:\/\/youtu.be\/JgNQ3w-MsYQ<\/span><\/a><span style=\"font-family:Calibri;font-size:29px\">&nbsp;<\/span><\/p>\n<p><span style=\"font-family:Calibri;font-size:29px\">&nbsp;Wir bieten <a style=\"color:blue\" href=\"https:\/\/www.hommy.com\/de\/verkaufsautomat\/\">Eiscreme-Automat<\/a> Mit Roboterarm in verschiedenen Spezifikationen wie pro die Anforderungen unserer Kunden. Diese sind in verschiedenen Gr\u00f6\u00dfen, Designs und Farben erh\u00e4ltlich.<\/span><\/p>\n<p><span style=\"font-family:\u5b8b\u4f53;font-size:29px\">Produktspezifikation:<\/span><\/p>\n<p><span style=\"font-family:\u5b8b\u4f53;font-size:29px\"><\/span><\/p>\n<p><img decoding=\"async\" src=\"https:\/\/www.hommy.com\/wp-content\/uploads\/16431787687218.png\" alt=\"Produkt-Eiscremeautomat mit Roboter-Hommy-img\" title=\"\"><\/p>\n<p><img decoding=\"async\" src=\"https:\/\/www.hommy.com\/wp-content\/uploads\/16431787709998.png\" alt=\"product-Hommy-img\" title=\"\"><\/p>\n<p><span style=\"font-family:\u5b8b\u4f53;font-size:14px\">Die Eismaschine<\/span><span style=\"font-family:Calibri;font-size:14px\">&nbsp;<\/span><span style=\"font-family:\u5b8b\u4f53;font-size:14px\">Funktion :&nbsp;&nbsp;<\/span><\/p>\n<p><\/p>\n<p style=\"margin-bottom:0;text-align:justify\"><span style=\"font-family:\u5b8b\u4f53;font-size:14px\">\u25cf<\/span><span style=\"font-family:Calibri;font-size:14px\">P f\u00fcr Pre-cooling: Halten Sie die Trichtertemperatur von 2-5 <\/span><span style=\"font-family:\u5b8b\u4f53;font-size:14px\">\u2103<\/span><span style=\"font-family:Calibri;font-size:14px\">um das Material im Trichter w\u00e4hrend des Auto- und Standby-Modus frisch zu halten. Niedrige Temperatur kann frombacteria verhindern. Bakterien &nbsp;&nbsp;&nbsp;<\/span><\/p>\n<p style=\"margin-bottom:0;text-align:justify\"><span style=\"font-family:\u5b8b\u4f53;font-size:14px\">\u25cf<\/span><span style=\"font-family:Calibri;font-size:14px\">&nbsp;M f\u00fcr Mixer: Gleichm\u00e4\u00dfig mischen. Der Hochgeschwindigkeitsmischer im Trichter sorgt daf\u00fcr, dass das Material im Trichter flie\u00dft, wenn es zu Eis wird. Das Eis wird glatter, nachdem es vollst\u00e4ndig mit Luft vermischt wurde. &nbsp;&nbsp;&nbsp;&nbsp;&nbsp;&nbsp;&nbsp;&nbsp;&nbsp;&nbsp;<\/span><\/p>\n<p style=\"margin-bottom:0;text-align:justify\"><span style=\"font-family:\u5b8b\u4f53;font-size:14px\">\u25cf<\/span><span style=\"font-family:Calibri;font-size:14px\">C f\u00fcr Z\u00e4hler: Hier kann der Bediener die Anzahl der ausgegebenen Portionen ablesen.<\/span><\/p>\n<p style=\"margin-bottom:0\"><span style=\"font-family:\u5b8b\u4f53;font-size:14px\">\u25cf<\/span><span style=\"font-family:\u5b8b\u4f53;font-size:14px\">D f\u00fcr Abtauen: Diese Funktion kann das Eis im Gefrierzylinder schnell zu Fl\u00fcssigkeit schmelzen, was die Reste vor dem Waschen erheblich reduziert. Au\u00dferdem,&nbsp;<\/span><\/p>\n<p style=\"margin-bottom:0\"><span style=\"font-family:\u5b8b\u4f53;font-size:14px\">Wenn die Maschine l\u00e4ngere Zeit nicht arbeitet, schaltet sie in den Produktionsmodus, um das Eis im Zylinder zu reproduzieren, damit es weich und glatt wird.<\/span><\/p>\n<p style=\"margin-bottom:0\"><span style=\"font-family:\u5b8b\u4f53;font-size:14px\">\u25cf<\/span><span style=\"font-family:\u5b8b\u4f53;font-size:14px\">D f\u00fcr Desinfektion: Gie\u00dfen Sie Wasser in den Trichter, es steigt auf 30<\/span><span style=\"font-family:\u5b8b\u4f53;font-size:14px\">\u2103<\/span><span style=\"font-family:\u5b8b\u4f53;font-size:14px\">&nbsp;um die Maschine zu reinigen. Es ist nicht notwendig, den Hals bei der Reinigung der Maschine abzunehmen.<\/span><\/p>\n<p style=\"margin-bottom:0\"><span style=\"font-family:\u5b8b\u4f53;font-size:14px\">\u25cf<\/span><span style=\"font-family:\u5b8b\u4f53;font-size:14px\">Steuerung des Sperrbildschirms: Nach der Einstellung aller Informationen, wie Sie wollen, kann es nicht leicht von anderen ge\u00e4ndert werden.<\/span><\/p>\n<p style=\"margin-bottom:0;text-align:justify\"><span style=\"font-family:\u5b8b\u4f53;font-size:14px\">\u25cf<\/span><span style=\"font-family:\u5b8b\u4f53;font-size:14px\">Audio-Alarm: Wenn das Material niedriger als der F\u00fcllstandssensor, wird es Alarm zu bemerken Sie Material hinzuf\u00fcgen<\/span><\/p>\n<p><span style=\"font-family:\u5b8b\u4f53;font-size:14px\">\u25cf<\/span><span style=\"font-family:\u5b8b\u4f53;font-size:14px\">&nbsp;Schl\u00e4ger aus rostfreiem Stahl<\/span><\/p>\n<p><span style=\"font-family:\u5b8b\u4f53;font-size:14px\">\u25cf<\/span><span style=\"font-family:\u5b8b\u4f53;font-size:14px\">&nbsp;Edelstahlblech f\u00fcr die \u00e4u\u00dfere Abdeckung. &nbsp;&nbsp;&nbsp;&nbsp;&nbsp;&nbsp;&nbsp;&nbsp;&nbsp;&nbsp;&nbsp;&nbsp;&nbsp;&nbsp;&nbsp;<\/span><\/p>\n<p><span style=\"font-family:\u5b8b\u4f53;font-size:14px\">\u25cf<\/span><span style=\"font-family:\u5b8b\u4f53;font-size:14px\">&nbsp;Materialbeh\u00e4lter: 13L *2&nbsp;&nbsp;<\/span><\/p>\n<p><span style=\"font-family:\u5b8b\u4f53;font-size:14px\">\u25cf<\/span><span style=\"font-family:\u5b8b\u4f53;font-size:14px\">&nbsp;Bildschirm-Touch-Controller&nbsp;<\/span><\/p>\n<p><span style=\"font-family:\u5b8b\u4f53;font-size:14px\">\u25cf<\/span><span style=\"font-family:\u5b8b\u4f53;font-size:14px\">&nbsp;Druckschutzsensor&nbsp;<\/span><\/p>\n<p><span style=\"font-family:\u5b8b\u4f53;font-size:14px\"><br \/><\/span><\/p>\n<p><span style=\"font-family:\u5b8b\u4f53;font-size:14px\"><\/span><\/p>\n<p><span style=\"font-family:\u5b8b\u4f53;font-size:29px\">Produktvorteil:<\/span><\/p>\n<p><span style=\"font-family:Calibri;font-size:16px\">1.&nbsp;<\/span><span style=\"font-family:Calibri;font-size:16px\">Entfrosten<\/span><span style=\"font-family:\u5b8b\u4f53;font-size:16px\">&nbsp;Wenn die Maschine arbeiten 2 Stunden nicht verkaufen Eis, Zylinder einige Zeit blockiert werden, richten wir das System automtic Abtauen, so dass die Maschine noch arbeiten und auftauen innen Eis und machte gute Qualit\u00e4t Eis oder gefrorenen Joghurt. <\/span><\/p>\n<p><img loading=\"lazy\" decoding=\"async\" src=\"https:\/\/www.hommy.com\/wp-content\/uploads\/16431791126320.png\" title=\"\" alt=\"product-Hommy-img\" width=\"350\" height=\"206\" border=\"0\" vspace=\"0\" style=\"width: 350px;height: 206px\"><\/p>\n<p><span style=\"font-family:\u5b8b\u4f53;font-size:16px\">2.&nbsp;<\/span><span style=\"font-family:\u5b8b\u4f53;font-size:16px\">Expandiertes Rohr: einstellbarer \u00dcberlauf von 20% bis 40%, reduziert die Bildung von Eiskristallen, macht gefrorenen Joghurt (Eiscreme) geschmeidig und sieht wei\u00df aus; reduziert den Einsatz von Rohstoffen, erh\u00f6ht den Gewinn. <\/span><\/p>\n<p><img loading=\"lazy\" decoding=\"async\" src=\"https:\/\/www.hommy.com\/wp-content\/uploads\/16431791336579.jpg\" title=\"\" alt=\"product-Hommy-img\" width=\"350\" height=\"1000\" border=\"0\" vspace=\"0\" style=\"width: 350px;height: 1000px\"><\/p>\n<p><span style=\"font-family:\u5b8b\u4f53;font-size:16px\">3.&nbsp;<\/span><span style=\"font-family:\u5b8b\u4f53;font-size:16px\">Wenn Sie Eis in der Nacht verkaufen, wird das System automatisch eingestellt Pasteurisierung : Kann t\u00f6ten <\/span><span style=\"font-family:Calibri;font-size:16px\">die Bakterien <\/span><span style=\"font-family:\u5b8b\u4f53;font-size:16px\">dass <\/span><span style=\"font-family:Calibri;font-size:16px\">produzieren<\/span><span style=\"font-family:\u5b8b\u4f53;font-size:16px\">&nbsp;<\/span><span style=\"font-family:Calibri;font-size:16px\">innerhalb der Maschine<\/span><span style=\"font-family:\u5b8b\u4f53;font-size:16px\">&nbsp;von -5<\/span><span style=\"font-family:\u5b8b\u4f53;font-size:16px\">\u2103<\/span><span style=\"font-family:\u5b8b\u4f53;font-size:16px\">&nbsp;<\/span><span style=\"font-family:Arial;font-size:16px\">\u2192<\/span><span style=\"font-family:\u5b8b\u4f53;font-size:16px\">&nbsp;<\/span><span style=\"font-family:\u5b8b\u4f53;font-size:16px\">65<\/span><span style=\"font-family:\u5b8b\u4f53;font-size:16px\">\u2103<\/span><span style=\"font-family:Arial;font-size:16px\">\u2192<\/span><span style=\"font-family:\u5b8b\u4f53;font-size:16px\">&nbsp;-5<\/span><span style=\"font-family:\u5b8b\u4f53;font-size:16px\">\u2103<\/span><span style=\"font-family:Calibri;font-size:16px\">Prozess<\/span><span style=\"font-family:\u5b8b\u4f53;font-size:16px\">&nbsp;( Desinfizieren Sie den Ladezylinder und das Rohmaterial im Inneren, dann k\u00fchlen Sie den Buchungsstatus ). so k\u00f6nnen Sie die Maschine alle 14 Tage ein Mal aufbewahren. <\/span><\/p>\n<p><img loading=\"lazy\" decoding=\"async\" src=\"https:\/\/www.hommy.com\/wp-content\/uploads\/16431792047204.png\" title=\"\" alt=\"produkt-Hommy-Eiscremeautomat mit Roboter-img\" width=\"350\" height=\"289\" border=\"0\" vspace=\"0\" style=\"width: 350px;height: 289px\"><\/p>\n<p><span style=\"font-family:\u5b8b\u4f53;font-size:16px\">4.<\/span><span style=\"font-family:\u5b8b\u4f53;font-size:16px\">Lassen Sie R\u00e4uchergef\u00e4\u00df haben <\/span><span style=\"font-family:Calibri;font-size:16px\">Zweite Stufe, die erste Stufe der fehlenden Materialebene Alarm, die zweite Stufe der automatischen Abschaltung.<\/span><span style=\"font-family:\u5b8b\u4f53;font-size:16px\">&nbsp;Wenn Sie die erste Nachricht erhalten, haben Sie einige Zeit f\u00fcr Sie, um Material hinzuzuf\u00fcgen keine Notwendigkeit, die Maschine zu stoppen, um es zu arbeiten.<\/span><\/p>\n<p><span style=\"font-family:\u5b8b\u4f53;font-size:16px\"><img loading=\"lazy\" decoding=\"async\" src=\"https:\/\/www.hommy.com\/wp-content\/uploads\/16431792398959.jpg\" title=\"\" alt=\"product-Hommy-img\" width=\"350\" height=\"1920\" border=\"0\" vspace=\"0\" style=\"width: 350px;height: 1920px\"><\/span><\/p>\n<p><span style=\"font-family:\u5b8b\u4f53;font-size:16px\">5.<\/span><span style=\"font-family:\u5b8b\u4f53;font-size:16px\">Die Maschine im Inneren haben Promotion-Funktion, Sie Einrichtung von Montag bis Freitag in 10:00 bis 12:00 kaufen Eis mit einigen Rabatt <\/span><\/p>\n<p><span style=\"font-family:\u5b8b\u4f53;font-size:16px\">&nbsp;Das kann Ihnen helfen, die Ausverkaufsmenge zu erh\u00f6hen. <\/span><\/p>\n<p><img loading=\"lazy\" decoding=\"async\" src=\"https:\/\/www.hommy.com\/wp-content\/uploads\/16431793222540.png\" title=\"\" alt=\"Produkt-Eiscremeautomat mit Roboter-Hommy-img-1\" width=\"350\" height=\"263\" border=\"0\" vspace=\"0\" style=\"width: 350px;height: 263px\"><\/p>\n<p><span style=\"font-family:\u5b8b\u4f53;font-size:16px\">6.<\/span><span style=\"font-family:\u5b8b\u4f53;font-size:16px\">Die Maschine im Inneren hat mehrere Sprachen f\u00fcr Sie zu w\u00e4hlen: Chinesisch, Englisch, Polen, Saudi-Arabien, Malaysia, Thailand, Spanien.<\/span><\/p>\n<p><img loading=\"lazy\" decoding=\"async\" src=\"https:\/\/www.hommy.com\/wp-content\/uploads\/16431793651126.png\" title=\"\" alt=\"produkt-Hommy-img-1\" width=\"350\" height=\"421\" border=\"0\" vspace=\"0\" style=\"width: 350px;height: 421px\"><\/p>\n<h2>Wie viel kostet die Anschaffung eines Eisverkaufsautomaten?<\/h2>\n<p style=\"margin-top: 5px;margin-bottom: 5px\">Als f\u00fchrender Hersteller von Eisautomaten bieten wir unseren gesch\u00e4tzten Kunden eine Vielzahl von Optionen zur Auswahl an. Bei der Auswahl eines Eisautomaten sind einige wichtige Faktoren zu ber\u00fccksichtigen, wie z. B. das gew\u00fcnschte Volumen der Produktausgabe, die Energieeffizienz und die Gesamtkosten.<\/p>\n<p style=\"margin-top: 5px;margin-bottom: 5px\"><\/p>\n<h2>Wie dickt man Speiseeis ein?<\/h2>\n<p style=\"margin-top: 5px;margin-bottom: 5px\">Wenn Sie Sahne oder Milch verwenden, k\u00f6nnen Sie die einfache Methode eines P\u00fcrierstabs anwenden. Wenn du Milch oder andere milchfreie Zutaten verwendest, kannst du Agar-Agar, eine Algenart, benutzen.<\/p>\n<p style=\"margin-top: 5px;margin-bottom: 5px\"><\/p>\n<h2>Wie bringe ich die Leute dazu, an meinem Automaten zu kaufen?<\/h2>\n<p style=\"margin-top: 5px;margin-bottom: 5px\">Das ist eine Frage, die mir oft gestellt wird. Die Antwort ist, dass es davon abh\u00e4ngt, welche Art von Automaten Sie haben und wie Sie vermarkten. Wenn Sie zum Beispiel in einer Universit\u00e4tsstadt einen Getr\u00e4nkeautomaten haben, m\u00fcssen Sie herausfinden, was die Studenten gerne trinken, und dann diesen Markt anvisieren. Wenn Sie einen Erfrischungsgetr\u00e4nkeautomaten haben, m\u00fcssen Sie in einen Wettbewerb mit dem \u00f6rtlichen Pepsi- oder Cola-Unternehmen treten und sehen, was Sie tun k\u00f6nnen, um sie zu schlagen. Als Erstes m\u00fcssen Sie sicherstellen, dass sich Ihr Automat verkauft. Sie m\u00fcssen ihn testen und sehen, ob er das tut.<\/p>\n<\/p><\/div>","protected":false},"excerpt":{"rendered":"<p>Ice cream machine robot https:\/\/youtu.be\/JgNQ3w-MsYQ&nbsp; &nbsp;We are offering Ice Cream Vending Machine With Robot Arm in different specifications as per the requirements of our clients. These are available in different sizes, designs and colors. Product specificatio: The ice cream machine&nbsp;function :&nbsp;&nbsp; \u25cfP for &nbsp;Pre-cooling : Keep hopper temperature from 2-5 \u2103to make the material in [&hellip;]<\/p>\n","protected":false},"featured_media":1969,"comment_status":"open","ping_status":"open","template":"","meta":{"_swt_meta_header_display":false,"_swt_meta_footer_display":false,"_swt_meta_site_title_display":false,"_swt_meta_sticky_header":false,"_swt_meta_transparent_header":false},"product_brand":[],"product_cat":[88,68],"product_tag":[],"class_list":{"0":"post-997","1":"product","2":"type-product","3":"status-publish","4":"has-post-thumbnail","6":"product_cat-robot-ice-cream-shop","7":"product_cat-vending-machine","9":"first","10":"instock","11":"shipping-taxable","12":"product-type-simple"},"_links":{"self":[{"href":"https:\/\/www.hommy.com\/de\/wp-json\/wp\/v2\/product\/997","targetHints":{"allow":["GET"]}}],"collection":[{"href":"https:\/\/www.hommy.com\/de\/wp-json\/wp\/v2\/product"}],"about":[{"href":"https:\/\/www.hommy.com\/de\/wp-json\/wp\/v2\/types\/product"}],"replies":[{"embeddable":true,"href":"https:\/\/www.hommy.com\/de\/wp-json\/wp\/v2\/comments?post=997"}],"wp:featuredmedia":[{"embeddable":true,"href":"https:\/\/www.hommy.com\/de\/wp-json\/wp\/v2\/media\/1969"}],"wp:attachment":[{"href":"https:\/\/www.hommy.com\/de\/wp-json\/wp\/v2\/media?parent=997"}],"wp:term":[{"taxonomy":"product_brand","embeddable":true,"href":"https:\/\/www.hommy.com\/de\/wp-json\/wp\/v2\/product_brand?post=997"},{"taxonomy":"product_cat","embeddable":true,"href":"https:\/\/www.hommy.com\/de\/wp-json\/wp\/v2\/product_cat?post=997"},{"taxonomy":"product_tag","embeddable":true,"href":"https:\/\/www.hommy.com\/de\/wp-json\/wp\/v2\/product_tag?post=997"}],"curies":[{"name":"wp","href":"https:\/\/api.w.org\/{rel}","templated":true}]}}