{"id":99,"date":"2024-07-02T12:08:28","date_gmt":"2024-07-02T12:08:28","guid":{"rendered":"http:\/\/localhost\/hommywp\/pa-c6-b-24-7-pizza-vending-machine-with-infrared-for-school\/"},"modified":"2025-08-01T09:57:26","modified_gmt":"2025-08-01T09:57:26","slug":"pa-c6-b-pizza-automat-mit-infrarot-im-freien","status":"publish","type":"product","link":"https:\/\/www.hommy.com\/de\/p\/pa-c6-b-pizza-automat-mit-infrarot-im-freien\/","title":{"rendered":"Pa-C6-B 24\/7 Pizza-Automat mit Infrarot f\u00fcr die Schule"},"content":{"rendered":"<div>\n<p style=\"margin: 0px;text-align: center\"><strong><span style=\"letter-spacing: 0px;font-size: 24px;font-family: arial, helvetica, sans-serif\"><br \/><\/span><\/strong><\/p>\n<p style=\"margin: 0px;text-align: center\"><strong><span style=\"letter-spacing: 0px;font-size: 24px;font-family: arial, helvetica, sans-serif\"><a name=\"Outdoor Automatic Infrared Heating Vending Pizza Machine\"><\/a>Automatischer Infrarot-Heizungspizza-Automat f\u00fcr den Au\u00dfenbereich<\/span><\/strong><\/p>\n<p style=\"margin: 0px;text-align: center\"><a href=\"#Outdoor Automatic Infrared Heating Vending Pizza Machine\" target=\"_self\" data-lv=\"0\" rel=\"noopener\"><span style=\"letter-spacing: 0px;font-size: 18px;font-family: arial, helvetica, sans-serif\">Automatischer Infrarot-Heizungspizza-Automat f\u00fcr den Au\u00dfenbereich<\/span><\/a><span style=\"letter-spacing: 0px;font-size: 18px;font-family: arial, helvetica, sans-serif\">|<a href=\"#Product Features\" target=\"_self\" data-lv=\"0\" rel=\"noopener\">Produktmerkmale<\/a>|<a href=\"#Product specification\" target=\"_self\" data-lv=\"0\" rel=\"noopener\">Produktspezifikation<\/a>|<a href=\"#Product Advantage\" target=\"_self\" data-lv=\"0\" rel=\"noopener\">Produktvorteil<\/a><\/span><\/p>\n<p style=\"margin: 0px\"><span style=\"font-family:\u5b8b\u4f53;letter-spacing:0;font-size:29px\"><br \/><\/span><\/p>\n<p><\/p>\n<p style=\"text-align: center\">&nbsp;&nbsp;&nbsp;&nbsp;<\/p>\n<p>24\/7 Pizzaautomaten erm\u00f6glichen es den Kunden, einfach auf einen Knopf zu dr\u00fccken und innerhalb weniger Minuten frische, hei\u00dfe Pizzen zu erhalten, die noch aus dem Pizzab\u00e4cker dampfen. Wir helfen Pizzafirmen, mit unseren Automaten Pizza zu verkaufen, so dass sie jederzeit und \u00fcberall Pizza verkaufen k\u00f6nnen. Dies ist ein gro\u00dfartiger Weg, um ihre Pizzen zu f\u00f6rdern.<\/p>\n<p><\/p>\n<p>Diese Maschine wurde mit einem ausgekl\u00fcgelten Steuersystem entworfen und entwickelt, das die neueste Technologie nutzt, um die ordnungsgem\u00e4\u00dfe Ausf\u00fchrung und Verwaltung der Vorg\u00e4nge zu gew\u00e4hrleisten. Alle Komponenten der Maschinen werden vor der Auslieferung auf ihre Funktionst\u00fcchtigkeit gepr\u00fcft und die Produktion wird im Feld getestet.<\/p>\n<p><\/p>\n<p>Pizza-Automaten von uns angeboten werden mit hochwertigen Kunststoffen und Edelstahl-Materialien, die Gew\u00e4hrleistung hoher Leistung und lange Lebensdauer gemacht. Diese Maschinen werden von unseren Experten der Qualit\u00e4tskontrolle getestet, um sicherzustellen, dass sie die strengen Qualit\u00e4ts- und Haltbarkeitsstandards der Industrie erf\u00fcllen.<\/p>\n<p><\/p>\n<p>Unser Unternehmen hat sich der Kundenzufriedenheit verschrieben und daher bieten wir Ihnen Pizzaautomaten zu den wettbewerbsf\u00e4higsten Preisen der Branche an. Wir verstehen ihre Bedeutung und wir sind sicher, dass wir Ihre Anforderungen erf\u00fcllen und sie in der fristgerechten Weise liefern k\u00f6nnen. Unsere Fachleute verf\u00fcgen \u00fcber langj\u00e4hrige Erfahrung auf dem Gebiet der Pizza-Automaten, und sie entwerfen die Maschinen, um Ihre spezifischen Bed\u00fcrfnisse zu erf\u00fcllen. Wenn Sie mehr \u00fcber unser Angebot an Pizzaautomaten erfahren m\u00f6chten, wenden Sie sich bitte an unseren Kundenbetreuer.  Sie werden Sie durch den Kaufprozess f\u00fchren und alle Ihre Fragen beantworten.<\/p>\n<p><span style=\"font-family:\u5b8b\u4f53;letter-spacing:0;font-size:29px\"><\/span><\/p>\n<div class=\"d-tem01-graphic tem01-graphic mockup\" data-detail=\"wrap\">\n<div class=\"cont-section clearfix d-clearfix\">\n<div class=\"col-md-6 col-sm-6 col-xs-6\"><\/p>\n<p><\/p>\n<p><img decoding=\"async\" src=\"https:\/\/www.hommy.com\/wp-content\/uploads\/16104175807471.jpg\" alt=\"product-PA-C6-B Pizza-Automat mit Infrarot im Au\u00dfenbereich-Hommy-img\" title=\"\"><br \/>\n &nbsp; &nbsp; &nbsp; &nbsp; &nbsp; &nbsp;<\/p>\n<\/div>\n<div class=\"col-md-6 col-sm-6 col-xs-6\">\n<div class=\"right-p\">\n<div class=\"h2 heading\">\n<h1 style=\"margin: 0px;text-indent: 0px;text-align: justify\"><strong><span style=\"letter-spacing: 0px;font-family: arial, helvetica, sans-serif;font-size: 24px\"><a name=\"Product Features\"><\/a>Produktmerkmale<\/span><\/strong><\/h1>\n<p style=\"margin-top:0;margin-right:0;margin-bottom:0;margin-left:0;text-indent:0;text-align:justify\"><span style=\"letter-spacing: 0px;font-family: arial, helvetica, sans-serif;font-size: 18px\"><br \/><\/span><\/p>\n<p><span style=\"font-size: 18px;font-family: arial, helvetica, sans-serif\">1. 55\"-Bildschirm f\u00fcr die Werbung und 15\"-Bildschirmbetrieb .<\/span><\/p>\n<p><span style=\"font-size: 18px;font-family: arial, helvetica, sans-serif\">2. Das Zahlungssystem kann annehmen: M\u00fcnze, Rechnung, Exchang-M\u00fcnze, Kreditkarte Schnittstelle.<\/span><\/p>\n<p><span style=\"font-size: 18px;font-family: arial, helvetica, sans-serif\">3. Der Gefrierschrank im Inneren kann 48pcs 10 \"Pizza halten und halten die Temperatur von -8\u2103 bis 10\u2103. <\/span><\/p>\n<p><span style=\"font-size: 18px;font-family: arial, helvetica, sans-serif\">4. Die Maschine im Inneren halten 48 Satz Papier-Boxen.<\/span><\/p>\n<p><span style=\"font-size: 18px;font-family: arial, helvetica, sans-serif\">5. Erweiterte PC-Steuerplatine, gut programmierte Funktion und stabiles Arbeiten.<\/span><\/p>\n<p><span style=\"font-size: 18px;font-family: arial, helvetica, sans-serif\">6. Der Gefrierschrank im Inneren haben gr\u00f6\u00dfere Gr\u00f6\u00dfe Werbung Bildschirm und Pasteurisierung Funktion. <\/span><\/p>\n<p style=\"margin-left:0;text-indent:0\"><span style=\"font-size: 18px;font-family: arial, helvetica, sans-serif\">7. Die Gefriertemperatur kann auf Basis verschiedener Produkte eingestellt werden, mit automatischer Abtaufunktion, um sicherzustellen, dass die Maschine bei hoher Temperatur und hoher Luftfeuchtigkeit Wetter unter normalen Betrieb;<\/span><\/p>\n<p style=\"margin-left:0;text-indent:0\"><span style=\"letter-spacing: 0px;font-size: 18px;font-family: arial, helvetica, sans-serif\">8. Temperatur der Infrarotheizung <span style=\"letter-spacing: 0px;font-size: 18px;font-family: \u5b8b\u4f53\">\uff1a<\/span>60-300\u2103 ben\u00f6tigen 45-55 Sekunden zum Backen einer Pizza.<\/span><\/p>\n<p style=\"margin-left:0;text-indent:0\"><span style=\"letter-spacing: 0px;font-size: 18px;font-family: arial, helvetica, sans-serif\">9.  Infrarot-Haus Gr\u00f6\u00dfe: 400X400X300mm und Leistung: 3000W. <\/span><\/p>\n<p style=\"margin-left:0;text-indent:0\"><span style=\"font-size: 18px;font-family: arial, helvetica, sans-serif\">10. Es gibt eine Stromausfallschutzfunktion, die Maschine zeigt immer noch die Macht des Staates, hat die Speicherfunktion, die Funktion der \u00dcberlast Leckage-Schutz, sorgen f\u00fcr einen sicheren Betrieb der Maschine.<\/span><span style=\"font-family: Calibri;font-size: 18px\"> <\/span><\/p>\n<p style=\"margin-top:0;margin-right:0;margin-bottom:0;margin-left:0;text-indent:0;text-align:justify\"><span style=\"letter-spacing: 0px;font-size: 18px;font-family: arial, helvetica, sans-serif\">11. Die Sprache kann auf verschiedenen L\u00e4ndern basieren, um sie anzupassen. <\/span><\/p>\n<p style=\"margin-top:0;margin-right:0;margin-bottom:0;margin-left:0;text-indent:0;text-align:justify\"><span style=\"letter-spacing: 0px;font-size: 18px;font-family: arial, helvetica, sans-serif\">12. 48 Pizzas\u00e4tze werden im Inneren der Maschine gelagert.<\/span><\/p>\n<p style=\"margin-left:0;text-indent:0\"><span style=\"font-size: 18px;font-family: arial, helvetica, sans-serif\">13. Computer-Fernverwaltungssystem: Abfrage von Verkaufsdetails, Mangelerinnerungen, Maschinenausfallerinnerung.<\/span><\/p>\n<p style=\"margin-left:0;text-indent:0\"><span style=\"font-family: arial, helvetica, sans-serif;font-size: 18px\">14. Wenn Sie die Maschine au\u00dferhalb des Einkaufszentrums aufstellen m\u00f6chten, k\u00f6nnen Sie ein Dach hinzuf\u00fcgen, das Wind und Wetter abh\u00e4lt. <\/span><\/p>\n<p><span style=\"font-family: arial, helvetica, sans-serif;font-size: 18px\">Regen, dieses Dach in Metall und dann Spray Farbe gemacht.&nbsp;<\/span><span style=\"font-size: 18px;font-family: arial, helvetica, sans-serif\">&nbsp;<\/span><\/p>\n<p><span>&nbsp; &nbsp; &nbsp; &nbsp;<\/span><\/div>\n<\/div>\n<\/div>\n<\/div>\n<\/div>\n<h1><strong><span style=\"letter-spacing: 0px;font-family: arial, helvetica, sans-serif;font-size: 24px\"><a name=\"Product specification\"><\/a>Produktspezifikation<\/span><\/strong><\/h1>\n<p><strong><span style=\"letter-spacing: 0px;font-family: arial, helvetica, sans-serif;font-size: 24px\"><br \/><\/span><\/strong><\/p>\n<p><img decoding=\"async\" src=\"https:\/\/www.hommy.com\/wp-content\/uploads\/16104184705197.png\" alt=\"product-Hommy-img\" title=\"\"><\/p>\n<p><\/p>\n<h1><span style=\"font-family: arial, helvetica, sans-serif;font-size: 24px\"><strong><span style=\"font-family: arial, helvetica, sans-serif;letter-spacing: 0px\"><a name=\"Product Advantage\"><\/a>Produktvorteil<\/span><\/strong><\/span><\/h1>\n<p><span style=\"font-family: arial, helvetica, sans-serif;font-size: 24px\"><strong><span style=\"font-family: arial, helvetica, sans-serif;letter-spacing: 0px\"><\/span><\/strong><\/span><\/p>\n<div class=\"d-tem01-graphic tem01-graphic mockup\" data-detail=\"wrap\">\n<div class=\"cont-section clearfix d-clearfix\">\n<div class=\"col-md-6 col-sm-6 col-xs-6\">\n<div class=\"right-p\">\n<div class=\"h2 heading\">\n<p><span style=\"font-family: arial, helvetica, sans-serif;font-size: 18px\">1. 55\"-Bildschirm f\u00fcr die Werbung und 15\"-Bildschirmbetrieb .<\/span><\/p>\n<p><span style=\"font-family: arial, helvetica, sans-serif;font-size: 18px\"><br \/><\/span><\/p>\n<p><span style=\"font-family: arial, helvetica, sans-serif;font-size: 18px\"><br \/><\/span><\/p>\n<\/div>\n<\/div>\n<div class=\"graphic_pic animated wow bounceIn\" data-wow-delay=\".7s\">\n<p style=\"text-align:center\"><img loading=\"lazy\" decoding=\"async\" src=\"https:\/\/www.hommy.com\/wp-content\/uploads\/16104181619234.jpg\" alt=\"product-Hommy-img\" title=\"\" width=\"350\" height=\"350\" border=\"0\" vspace=\"0\" style=\"width: 350px;height: 350px\"><\/p>\n<\/div>\n<\/div>\n<div class=\"col-md-6 col-sm-6 col-xs-6\">\n<div class=\"right-p\">\n<div class=\"h2 heading\">\n<p style=\"margin-left:0;text-indent:0\"><span style=\"font-family: arial, helvetica, sans-serif;letter-spacing: 0px;font-size: 18px\">2. Infrarot-Heizung Temperatur \uff1a60-300\u2103 m\u00fcssen 45-55 Sekunde f\u00fcr backen eine Pizza und Infrarot-Haus Gr\u00f6\u00dfe: 400X400X300mm und Leistung: 3000W.&nbsp;<\/span><\/p>\n<\/div>\n<\/div>\n<div class=\"graphic_pic animated wow bounceIn\" data-wow-delay=\".7s\">\n<p style=\"text-align:center\"><img loading=\"lazy\" decoding=\"async\" src=\"https:\/\/www.hommy.com\/wp-content\/uploads\/16104182663582.jpg\" alt=\"product-Hommy-img\" title=\"\" width=\"350\" height=\"500\" border=\"0\" vspace=\"0\" style=\"width: 350px;height: 500px\"><\/p>\n<\/div>\n<\/div>\n<\/div>\n<\/div>\n<p><span style=\"font-family: arial, helvetica, sans-serif;font-size: 24px\"><strong><span style=\"font-family: arial, helvetica, sans-serif;letter-spacing: 0px\"><\/span><\/strong><\/span><\/p>\n<div class=\"d-tem01-graphic tem01-graphic mockup\" data-detail=\"wrap\">\n<div class=\"cont-section clearfix d-clearfix\">\n<div class=\"col-md-6 col-sm-6 col-xs-6\">\n<div class=\"right-p\">\n<div class=\"h2 heading\">\n<p style=\"margin-top:0;margin-right:0;margin-bottom:0;margin-left:0;text-indent:0;text-align:justify\"><span style=\"font-family: arial, helvetica, sans-serif;font-size: 18px\"><span style=\"font-family: arial, helvetica, sans-serif;letter-spacing: 0px\">3. 48 Pizzas\u00e4tze werden in der Maschine gelagert, halten die Temperatur <\/span><span style=\"font-family: arial, helvetica, sans-serif\">von -8\u2103 bis 10\u2103.<\/span><\/span><\/p>\n<p style=\"margin-top:0;margin-right:0;margin-bottom:0;margin-left:0;text-indent:0;text-align:justify\"><span style=\"font-family: arial, helvetica, sans-serif;font-size: 18px\"><span style=\"font-family: arial, helvetica, sans-serif\"><br \/><\/span><\/span><\/p>\n<\/div>\n<\/div>\n<div class=\"graphic_pic animated wow bounceIn\" data-wow-delay=\".7s\">\n<p style=\"text-align:center\"><img loading=\"lazy\" decoding=\"async\" src=\"https:\/\/www.hommy.com\/wp-content\/uploads\/16104183055640.png\" alt=\"product-Hommy-PA-C6-B Pizza-Automat mit Infrarot im Au\u00dfenbereich-img\" title=\"\" width=\"350\" height=\"500\" border=\"0\" vspace=\"0\" style=\"width: 350px;height: 500px\"><\/p>\n<\/div>\n<\/div>\n<div class=\"col-md-6 col-sm-6 col-xs-6\">\n<div class=\"right-p\">\n<div class=\"h2 heading\">\n<p><span style=\"font-family: arial, helvetica, sans-serif;font-size: 18px\">4. Die Maschine im Inneren halten 48 Satz Papier-Boxen.<\/span><\/p>\n<p><\/p>\n<\/div>\n<\/div>\n<div class=\"graphic_pic animated wow bounceIn\" data-wow-delay=\".7s\">\n<p style=\"text-align:center\"><img loading=\"lazy\" decoding=\"async\" src=\"https:\/\/www.hommy.com\/wp-content\/uploads\/16104183403363.png\" alt=\"product-Hommy-img\" title=\"\" width=\"350\" height=\"500\" border=\"0\" vspace=\"0\" style=\"width: 350px;height: 500px\"><\/p>\n<\/div>\n<\/div>\n<\/div>\n<\/div>\n<p><span style=\"font-family: arial, helvetica, sans-serif;font-size: 24px\"><strong><span style=\"font-family: arial, helvetica, sans-serif;letter-spacing: 0px\"><\/span><\/strong><\/span><\/p>\n<div class=\"d-tem01-graphic tem01-graphic mockup\" data-detail=\"wrap\">\n<div class=\"cont-section clearfix d-clearfix\">\n<div class=\"col-md-6 col-sm-6 col-xs-6\">\n<div class=\"right-p\">\n<div class=\"h2 heading\">\n<p><span style=\"font-family: arial, helvetica, sans-serif;font-size: 18px\"><span style=\"font-family: arial, helvetica, sans-serif;letter-spacing: 0px\">5.&nbsp;<\/span><span style=\"font-family: arial, helvetica, sans-serif\">Das Zahlungssystem kann M\u00fcnzen, Scheine, Exchang-M\u00fcnzen und Kreditkarten akzeptieren.<\/span><\/span><\/p>\n<p><span style=\"font-family: arial, helvetica, sans-serif;font-size: 18px\"><span style=\"font-family: arial, helvetica, sans-serif\"><br \/><\/span><\/span><\/p>\n<\/div>\n<\/div>\n<div class=\"graphic_pic animated wow bounceIn\" data-wow-delay=\".7s\">\n<p style=\"text-align:center\"><img loading=\"lazy\" decoding=\"async\" src=\"https:\/\/www.hommy.com\/wp-content\/uploads\/16104183868145.png\" alt=\"product-PA-C6-B Pizza-Automat mit Infrarot im Au\u00dfenbereich-Hommy-img-1\" title=\"\" width=\"350\" height=\"500\" border=\"0\" vspace=\"0\" style=\"width: 350px;height: 500px\"><\/p>\n<\/div>\n<\/div>\n<div class=\"col-md-6 col-sm-6 col-xs-6\">\n<div class=\"right-p\">\n<div class=\"h2 heading\">\n<p><span style=\"font-family: arial, helvetica, sans-serif;font-size: 18px\">6. Computer-Fernverwaltungssystem: Abfrage von Verkaufsdetails, Mangelerinnerungen, Maschinenausfallerinnerung.<\/span><\/p>\n<\/div>\n<\/div>\n<div class=\"graphic_pic animated wow bounceIn\" data-wow-delay=\".7s\">\n<p style=\"text-align:center\"><img loading=\"lazy\" decoding=\"async\" src=\"https:\/\/www.hommy.com\/wp-content\/uploads\/16104184304129.jpg\" alt=\"produkt-Hommy-img-1\" title=\"\" width=\"350\" height=\"500\" border=\"0\" vspace=\"0\" style=\"width: 350px;height: 500px\"><\/p>\n<\/div>\n<\/div>\n<\/div>\n<\/div>\n<p><strong><span style=\"letter-spacing: 0px;font-family: arial, helvetica, sans-serif;font-size: 24px\"><\/span><\/strong><\/p>\n<h2 style=\"font-family: sans-serif\">Wer stellt Pizza-Automaten her?<\/h2>\n<p style=\"margin-top: 5px;margin-bottom: 5px;font-family: sans-serif;font-size: 16px\">Was macht Automaten attraktiver als andere M\u00f6glichkeiten f\u00fcr einen Snack? Die Wahrheit ist: Es ist die Pizza! Und genau das verkaufen die Pizza-Automaten seit vielen Jahren: Pizzast\u00fccke.<\/p>\n<p style=\"margin-top: 5px;margin-bottom: 5px;font-family: sans-serif;font-size: 16px\"><\/p>\n<h2 style=\"font-family: sans-serif\">Welche Art von Pizzaofen wird bei Dominos verwendet?<\/h2>\n<p style=\"margin-top: 5px;margin-bottom: 5px;font-family: sans-serif;font-size: 16px\">Es mag Sie \u00fcberraschen, dass es verschiedene Arten von Pizza\u00f6fen gibt, die wir in unseren Pizzerien verwenden. Ich werde Ihnen die verschiedenen Arten und die Vor- und Nachteile jeder von ihnen vorstellen. Dann werde ich Ihnen sagen, welcher Pizzaofen am besten f\u00fcr eine Dominostein-Pizzeria geeignet ist. Aber zuerst muss ich den Typ des Pizzaofens erkl\u00e4ren, den Dominos verwendet: Wir verwenden zwei Arten von Pizza\u00f6fen. Beide werden von der gleichen Firma hergestellt. Der eine ist ein Erdgas-Pizzaofen und der andere ist ein kohlebefeuerter Pizzaofen. Aber sie sind nicht dasselbe. Ich m\u00f6chte Ihnen sagen, warum das so ist.<\/p>\n<p style=\"margin-top: 5px;margin-bottom: 5px;font-family: sans-serif;font-size: 16px\"><\/p>\n<p style=\"margin-top: 5px;margin-bottom: 5px;font-family: sans-serif;font-size: 16px\"><\/p>\n<h2 style=\"font-family: sans-serif\">Wie viel Strom verbraucht ein Pizzaofen?<\/h2>\n<p style=\"margin-top: 5px;margin-bottom: 5px;font-family: sans-serif;font-size: 16px\">Laut dem j\u00e4hrlichen Energiebericht der EPA verbraucht ein durchschnittlicher amerikanischer Haushalt etwa 1.000 Kilowattstunden (kWh) Strom pro Jahr. Das entspricht fast einer halben Gallone Benzin. Ein mittelgro\u00dfer Pizzaofen von Amazon kann jedoch bis zu 4.000 kWh Strom pro Jahr verbrauchen. Wenn Sie sich fragen, wie viel Energie das ist, k\u00f6nnen Sie mit diesem Rechner genau herausfinden, wie viel der Ofen, den Sie ins Auge fassen, verbraucht.<\/p>\n<\/p><\/div>","protected":false},"excerpt":{"rendered":"<p>Outdoor Automatic Infrared Heating Vending Pizza Machine Outdoor Automatic Infrared Heating Vending Pizza Machine|Product Features|Product specification|Product Advantage &nbsp;&nbsp;&nbsp;&nbsp; 24\/7 Pizza Vending Machines enable customers to simply press a button and within a few minutes, have fresh hot pizzas, still steaming from the pizza maker.The pizza vending machine can be used in restaurants, hotels, pubs, bars, [&hellip;]<\/p>\n","protected":false},"featured_media":89,"comment_status":"open","ping_status":"open","template":"","meta":{"_swt_meta_header_display":false,"_swt_meta_footer_display":false,"_swt_meta_site_title_display":false,"_swt_meta_sticky_header":false,"_swt_meta_transparent_header":false},"product_brand":[],"product_cat":[70,68],"product_tag":[],"class_list":{"0":"post-99","1":"product","2":"type-product","3":"status-publish","4":"has-post-thumbnail","6":"product_cat-pizza-vending-machine","7":"product_cat-vending-machine","9":"first","10":"instock","11":"shipping-taxable","12":"product-type-simple"},"_links":{"self":[{"href":"https:\/\/www.hommy.com\/de\/wp-json\/wp\/v2\/product\/99","targetHints":{"allow":["GET"]}}],"collection":[{"href":"https:\/\/www.hommy.com\/de\/wp-json\/wp\/v2\/product"}],"about":[{"href":"https:\/\/www.hommy.com\/de\/wp-json\/wp\/v2\/types\/product"}],"replies":[{"embeddable":true,"href":"https:\/\/www.hommy.com\/de\/wp-json\/wp\/v2\/comments?post=99"}],"wp:featuredmedia":[{"embeddable":true,"href":"https:\/\/www.hommy.com\/de\/wp-json\/wp\/v2\/media\/89"}],"wp:attachment":[{"href":"https:\/\/www.hommy.com\/de\/wp-json\/wp\/v2\/media?parent=99"}],"wp:term":[{"taxonomy":"product_brand","embeddable":true,"href":"https:\/\/www.hommy.com\/de\/wp-json\/wp\/v2\/product_brand?post=99"},{"taxonomy":"product_cat","embeddable":true,"href":"https:\/\/www.hommy.com\/de\/wp-json\/wp\/v2\/product_cat?post=99"},{"taxonomy":"product_tag","embeddable":true,"href":"https:\/\/www.hommy.com\/de\/wp-json\/wp\/v2\/product_tag?post=99"}],"curies":[{"name":"wp","href":"https:\/\/api.w.org\/{rel}","templated":true}]}}