{"id":988,"date":"2024-07-02T17:33:02","date_gmt":"2024-07-02T17:33:02","guid":{"rendered":"http:\/\/localhost\/hommywp\/intelligent-robotic-arm-ice-cream-self-vending-machine-cost\/"},"modified":"2025-08-01T09:57:48","modified_gmt":"2025-08-01T09:57:48","slug":"roboter-eiscreme-automat","status":"publish","type":"product","link":"https:\/\/www.hommy.com\/de\/p\/roboter-eiscreme-automat\/","title":{"rendered":"Intelligenter Roboterarm Eiscreme-Selbstverkaufsautomat Kosten"},"content":{"rendered":"<div>\n<p style=\"text-align: center\"><span style=\"font-family:Calibri;font-size:29px\"><a style=\"color:blue\" href=\"\/de\/\">Speiseeismaschine<\/a> Roboter <\/span><\/p>\n<p style=\"text-align: center\"><a href=\"https:\/\/youtu.be\/Xqo74RBQzXE\" rel=\"nofollow noopener\" target=\"_blank\"><span style=\"font-family:Calibri;font-size:29px\">https:\/\/youtu.be\/Xqo74RBQzXE<\/span><\/a><span style=\"font-family:Calibri;font-size:29px\">&nbsp;<\/span><\/p>\n<p><span style=\"font-family:Calibri;font-size:29px\">&nbsp;<\/span><\/p>\n<p><span style=\"font-family:\u7b49\u7ebf;font-size:29px\">&nbsp;Diese Maschinen werden in gro\u00dfem Umfang f\u00fcr die Automatisierung des Eiscreme-Ausgabeprozesses eingesetzt. Roboterarm <a style=\"color:blue\" href=\"https:\/\/www.hommy.com\/de\/verkaufsautomat\/\">Eiscreme-Automat<\/a>s werden verwendet, um das Eis kontrolliert abzugeben und eine gleichm\u00e4\u00dfige Verteilung des Eises zu gew\u00e4hrleisten. Sie sind ideal f\u00fcr kleine bis mittlere Unternehmen, die ein Qualit\u00e4tsprodukt zu einem vern\u00fcnftigen Preis anbieten m\u00fcssen. Diese Eiscremeautomaten mit Roboterarm sind in verschiedenen Gr\u00f6\u00dfen und Ausf\u00fchrungen erh\u00e4ltlich.<\/span><\/p>\n<p><span style=\"font-family:\u5b8b\u4f53;font-size:29px\">Produktspezifikation:<\/span><\/p>\n<p><img decoding=\"async\" src=\"https:\/\/www.hommy.com\/wp-content\/uploads\/16431773625701.png\" alt=\"product-Hommy-img\" title=\"\"><\/p>\n<p style=\"margin-bottom:0;text-align:justify\"><span style=\"font-family:\u5b8b\u4f53;font-size:29px\">Produktmerkmale: <\/span><\/p>\n<p style=\"margin-bottom:0;text-align:justify\"><em><span style=\"font-family: Calibri;font-size: 16px\">10,1-Zoll-Touchscreen-Tablet-\u00e4hnliche Steuerung<\/span><\/em><span style=\"font-family:Calibri;font-size:16px\">er mit<\/span><span style=\"font-family:\u5b8b\u4f53;font-size:16px\">&nbsp;<\/span><span style=\"font-family:Calibri;font-size:16px\">Android-System<\/span><\/p>\n<p style=\"margin-bottom:0;text-align:justify\"><span style=\"font-family:\u7b49\u7ebf;font-size:16px\">2<\/span><span style=\"font-family:Calibri;font-size:16px\">7\" Bildschirm f\u00fcr Werbung . <\/span><\/p>\n<p style=\"margin-bottom:0;text-align:justify\"><span style=\"font-family:\u7b49\u7ebf;font-size:16px\">1<\/span><span style=\"font-family:Calibri;font-size:16px\">. 4-Achsen-Arm . <\/span><\/p>\n<p style=\"margin-bottom:0;text-align:justify\"><span style=\"font-family:Calibri;font-size:16px\">2<\/span><span style=\"font-family:\u5b8b\u4f53;font-size:16px\">.<\/span><span style=\"font-family:Calibri;font-size:16px\">&nbsp;3 Geschmacksrichtungen Eismaschine HM706 .<\/span><\/p>\n<p style=\"margin-bottom:0;text-align:justify\"><span style=\"font-family:Calibri;font-size:16px\">3<\/span><span style=\"font-family:\u5b8b\u4f53;font-size:16px\">. <\/span><span style=\"font-family:Calibri;font-size:16px\">3 Toppings und 3 So\u00dfen . <\/span><\/p>\n<p style=\"margin-bottom:0;text-align:justify\"><span style=\"font-family:Calibri;font-size:16px\">4. Eiscremebecher mit L\u00f6ffel 300 St\u00fcck <\/span><\/p>\n<p style=\"margin-bottom:0;text-align:justify\"><span style=\"font-family:Calibri;font-size:16px\">5<\/span><span style=\"font-family:\u5b8b\u4f53;font-size:16px\">. Zahlungssystem: <\/span><span style=\"font-family:Calibri;font-size:16px\">Rechnung , M\u00fcnzwechsel M\u00fcnze , Kreditkarte mit Schnittstelle . <\/span><\/p>\n<p style=\"margin-bottom:0;text-align:justify\"><span style=\"font-family:Calibri;font-size:16px\">6<\/span><span style=\"font-family:\u5b8b\u4f53;font-size:16px\">Wir k\u00f6nnen OEM-Geh\u00e4use nach Ihren W\u00fcnschen herstellen.<\/span><\/p>\n<p style=\"margin-bottom:0;text-align:justify\"><span style=\"font-family: \u5b8b\u4f53;font-size: 16px\">7.<\/span><span style=\"font-family: Calibri;font-size: 16px\">&nbsp;mit einer anderen Sprache.<\/span><\/p>\n<p style=\"margin-bottom:0;text-align:justify\"><span style=\"font-family: Calibri;font-size: 16px\"><\/span><\/p>\n<p style=\"margin-bottom:0;text-align:justify\"><span style=\"font-family:\u5b8b\u4f53;font-size:14px\">Die Eismaschine<\/span><span style=\"font-family:Calibri;font-size:14px\">&nbsp;<\/span><span style=\"font-family:\u5b8b\u4f53;font-size:14px\">Funktion : &nbsp;<\/span><\/p>\n<p style=\"margin-bottom:0;text-align:justify\"><span style=\"font-family:\u5b8b\u4f53;font-size:14px\">\u25cf<\/span><span style=\"font-family:Calibri;font-size:14px\">P f\u00fcr Pre-cooling: Halten Sie die Trichtertemperatur von 2-5 <\/span><span style=\"font-family:\u5b8b\u4f53;font-size:14px\">\u2103<\/span><span style=\"font-family:Calibri;font-size:14px\">um das Material im Trichter w\u00e4hrend des Auto- und Standby-Modus frisch zu halten. Niedrige Temperatur kann Bakterien verhindern. &nbsp;&nbsp;&nbsp;&nbsp;&nbsp;&nbsp;&nbsp;&nbsp;&nbsp;&nbsp;&nbsp;&nbsp;&nbsp;&nbsp;&nbsp;&nbsp;&nbsp;&nbsp;&nbsp;&nbsp;&nbsp;&nbsp;&nbsp;&nbsp;&nbsp;&nbsp;&nbsp;&nbsp;&nbsp;&nbsp;&nbsp;&nbsp;&nbsp;&nbsp;&nbsp;&nbsp;&nbsp;&nbsp;&nbsp;&nbsp;&nbsp;&nbsp;&nbsp;&nbsp;&nbsp;&nbsp;&nbsp;&nbsp;&nbsp;&nbsp;&nbsp;&nbsp;&nbsp;&nbsp;&nbsp;&nbsp;&nbsp;&nbsp;&nbsp;&nbsp;&nbsp;&nbsp;&nbsp;&nbsp;&nbsp;&nbsp;&nbsp;&nbsp;&nbsp;&nbsp;&nbsp;&nbsp;&nbsp;&nbsp;&nbsp;&nbsp;&nbsp;&nbsp;&nbsp;&nbsp;&nbsp;&nbsp;&nbsp;&nbsp;&nbsp;&nbsp;&nbsp;&nbsp;&nbsp;&nbsp;&nbsp;&nbsp;&nbsp;&nbsp;&nbsp;&nbsp;&nbsp;&nbsp;&nbsp;&nbsp;&nbsp;&nbsp;&nbsp;&nbsp;&nbsp;&nbsp;&nbsp;&nbsp;&nbsp;&nbsp;&nbsp;&nbsp;&nbsp;&nbsp;&nbsp;&nbsp;&nbsp;&nbsp;&nbsp;&nbsp;&nbsp;&nbsp;&nbsp;&nbsp;&nbsp;&nbsp;&nbsp;&nbsp;<\/span><\/p>\n<p style=\"margin-bottom:0;text-align:justify\"><span style=\"font-family:Calibri;font-size:14px\">&nbsp;<\/span><span style=\"font-family:\u5b8b\u4f53;font-size:14px\">\u25cf<\/span><span style=\"font-family:Calibri;font-size:14px\">M f\u00fcr Mixer: Gleichm\u00e4\u00dfig mischen. Der Hochgeschwindigkeitsmischer im Trichter sorgt daf\u00fcr, dass das Material im Trichter flie\u00dft, wenn es zu Eis wird. Das Eis wird glatter, nachdem es vollst\u00e4ndig mit Luft vermischt wurde. &nbsp;&nbsp;&nbsp;&nbsp;&nbsp;&nbsp;&nbsp;&nbsp;&nbsp;&nbsp;<\/span><\/p>\n<p style=\"margin-bottom:0;text-align:justify\"><span style=\"font-family:\u5b8b\u4f53;font-size:14px\">\u25cf<\/span><span style=\"font-family:Calibri;font-size:14px\">C f\u00fcr Z\u00e4hler: Hier kann der Bediener die Anzahl der ausgegebenen Portionen ablesen.<\/span><\/p>\n<p style=\"margin-bottom:0;text-align:justify\"><span style=\"font-family:\u5b8b\u4f53;font-size:14px\">\u25cf<\/span><span style=\"font-family:Calibri;font-size:14px\">P f\u00fcr Pre-cooling: Halten Sie die Trichtertemperatur von 2-5 <\/span><span style=\"font-family:\u5b8b\u4f53;font-size:14px\">\u2103<\/span><span style=\"font-family:Calibri;font-size:14px\">um das Material im Trichter w\u00e4hrend des Auto- und Standby-Modus frisch zu halten. Niedrige Temperatur kann Bakterien verhindern. &nbsp;&nbsp;&nbsp;&nbsp;&nbsp;&nbsp;&nbsp;&nbsp;&nbsp;&nbsp;&nbsp;&nbsp;&nbsp;&nbsp;&nbsp;&nbsp;&nbsp;&nbsp;&nbsp;&nbsp;&nbsp;&nbsp;&nbsp;&nbsp;&nbsp;&nbsp;&nbsp;&nbsp;&nbsp;&nbsp;&nbsp;&nbsp;&nbsp;&nbsp;&nbsp;&nbsp;&nbsp;&nbsp;&nbsp;&nbsp;&nbsp;&nbsp;&nbsp;&nbsp;&nbsp;&nbsp;&nbsp;&nbsp;&nbsp;&nbsp;&nbsp;&nbsp;&nbsp;&nbsp;&nbsp;&nbsp;&nbsp;&nbsp;&nbsp;&nbsp;&nbsp;&nbsp;&nbsp;&nbsp;&nbsp;&nbsp;&nbsp;&nbsp;&nbsp;&nbsp;&nbsp;&nbsp;&nbsp;&nbsp;&nbsp;&nbsp;&nbsp;&nbsp;&nbsp;&nbsp;&nbsp;&nbsp;&nbsp;&nbsp;&nbsp;&nbsp;&nbsp;&nbsp;&nbsp;&nbsp;&nbsp;&nbsp;&nbsp;&nbsp;&nbsp;&nbsp;&nbsp;&nbsp;&nbsp;&nbsp;&nbsp;&nbsp;&nbsp;&nbsp;&nbsp;&nbsp;&nbsp;&nbsp;&nbsp;&nbsp;&nbsp;&nbsp;&nbsp;&nbsp;&nbsp;&nbsp;&nbsp;&nbsp;&nbsp;&nbsp;&nbsp;&nbsp;&nbsp;&nbsp;&nbsp;&nbsp;&nbsp;&nbsp;&nbsp;&nbsp;&nbsp;<\/span><\/p>\n<p style=\"margin-bottom:0;text-align:justify\"><span style=\"font-family:Calibri;font-size:14px\">&nbsp;<\/span><span style=\"font-family:\u5b8b\u4f53;font-size:14px\">\u25cf<\/span><span style=\"font-family:Calibri;font-size:14px\">&nbsp;M f\u00fcr Mixer: Gleichm\u00e4\u00dfig mischen. Der Hochgeschwindigkeitsmischer im Trichter sorgt daf\u00fcr, dass das Material im Trichter flie\u00dft, wenn es zu Eis wird. Das Eis wird glatter, nachdem es vollst\u00e4ndig mit Luft vermischt wurde. &nbsp;&nbsp;&nbsp;&nbsp;&nbsp;&nbsp;&nbsp;&nbsp;&nbsp;&nbsp;<\/span><\/p>\n<p style=\"margin-bottom:0;text-align:justify\"><span style=\"font-family:\u5b8b\u4f53;font-size:14px\">\u25cf<\/span><span style=\"font-family:Calibri;font-size:14px\">C f\u00fcr Z\u00e4hler: Hier kann der Bediener die Anzahl der ausgegebenen Portionen ablesen.<\/span><\/p>\n<p style=\"margin-bottom:0\"><span style=\"font-family:\u5b8b\u4f53;font-size:14px\">\u25cf<\/span><span style=\"font-family:\u5b8b\u4f53;font-size:14px\">D f\u00fcr Abtauen: Diese Funktion kann das Eis im Gefrierzylinder schnell zu Fl\u00fcssigkeit schmelzen, was die Reste vor dem Waschen erheblich reduziert. Au\u00dferdem,&nbsp;<\/span><\/p>\n<p style=\"margin-bottom:0\"><span style=\"font-family:\u5b8b\u4f53;font-size:14px\">Wenn die Maschine l\u00e4ngere Zeit nicht arbeitet, schaltet sie in den Produktionsmodus, um das Eis im Zylinder zu reproduzieren, damit es weich und glatt wird.<\/span><\/p>\n<p style=\"margin-bottom:0\"><span style=\"font-family:\u5b8b\u4f53;font-size:14px\">\u25cf<\/span><span style=\"font-family:\u5b8b\u4f53;font-size:14px\">D f\u00fcr Desinfektion: Gie\u00dfen Sie Wasser in den Trichter, es steigt auf 30<\/span><span style=\"font-family:\u5b8b\u4f53;font-size:14px\">\u2103<\/span><span style=\"font-family:\u5b8b\u4f53;font-size:14px\">&nbsp;um die Maschine zu reinigen. Es ist nicht notwendig, den Hals bei der Reinigung der Maschine abzunehmen.<\/span><\/p>\n<p style=\"margin-bottom:0\"><span style=\"font-family:\u5b8b\u4f53;font-size:14px\">\u25cf<\/span><span style=\"font-family:\u5b8b\u4f53;font-size:14px\">Steuerung des Sperrbildschirms: Nach der Einstellung aller Informationen, wie Sie wollen, kann es nicht leicht von anderen ge\u00e4ndert werden.<\/span><\/p>\n<p style=\"margin-bottom:0;text-align:justify\"><span style=\"font-family:\u5b8b\u4f53;font-size:14px\">\u25cf<\/span><span style=\"font-family:\u5b8b\u4f53;font-size:14px\">Audio-Alarm: Wenn das Material niedriger als der F\u00fcllstandssensor, wird es Alarm zu bemerken Sie Material hinzuf\u00fcgen<\/span><\/p>\n<p><span style=\"font-family:\u5b8b\u4f53;font-size:14px\">\u25cf<\/span><span style=\"font-family:\u5b8b\u4f53;font-size:14px\">&nbsp;Schl\u00e4ger aus rostfreiem Stahl&nbsp;<\/span><\/p>\n<p><span style=\"font-family:\u5b8b\u4f53;font-size:14px\">\u25cf<\/span><span style=\"font-family:\u5b8b\u4f53;font-size:14px\">&nbsp;Edelstahlblech f\u00fcr die \u00e4u\u00dfere Abdeckung.&nbsp; &nbsp; &nbsp; &nbsp; &nbsp; &nbsp; &nbsp; &nbsp; &nbsp; &nbsp; &nbsp; &nbsp; &nbsp; &nbsp; &nbsp; &nbsp; &nbsp; &nbsp; &nbsp; &nbsp; &nbsp; &nbsp; &nbsp; &nbsp; &nbsp; &nbsp; &nbsp; &nbsp; &nbsp; &nbsp; &nbsp; &nbsp; &nbsp; &nbsp; &nbsp; &nbsp; &nbsp; &nbsp; &nbsp; &nbsp; &nbsp; &nbsp; &nbsp; &nbsp; &nbsp; &nbsp; &nbsp; &nbsp; &nbsp; &nbsp; &nbsp; &nbsp; &nbsp; &nbsp; &nbsp;<\/span><\/p>\n<p><span style=\"font-family:\u5b8b\u4f53;font-size:14px\">\u25cf<\/span><span style=\"font-family:\u5b8b\u4f53;font-size:14px\">&nbsp;Material Tank:13L * 2<\/span><\/p>\n<p><span style=\"font-family:\u5b8b\u4f53;font-size:14px\">\u25cf<\/span><span style=\"font-family:\u5b8b\u4f53;font-size:14px\">&nbsp;Bildschirm-Touch-Controller&nbsp;<\/span><\/p>\n<p><span style=\"font-family:\u5b8b\u4f53;font-size:14px\">\u25cf<\/span><span style=\"font-family:\u5b8b\u4f53;font-size:14px\">&nbsp;Druckschutzsensor&nbsp; &nbsp;&nbsp;<\/span><\/p>\n<p><span style=\"font-family:\u5b8b\u4f53;font-size:14px\">\u25cf<\/span><span style=\"font-family:\u5b8b\u4f53;font-size:14px\">&nbsp;F\u00fcllstandsanzeige f\u00fcr die Mischung&nbsp; &nbsp;&nbsp;<\/span><\/p>\n<p><span style=\"font-family:\u5b8b\u4f53;font-size:14px\">\u25cf<\/span><span style=\"font-family:\u5b8b\u4f53;font-size:14px\">&nbsp;Hauptkompressor in Frankreich hergestellt &nbsp;<\/span><span style=\"font-family:\u5b8b\u4f53;font-size:14px\">\uff08<\/span><span style=\"font-family:\u5b8b\u4f53;font-size:14px\">&nbsp;die Maschine hat 3 Kompressoren, die f\u00fcr jeden Zylinder getrennt gesteuert werden k\u00f6nnen)<\/span><\/p>\n<p style=\"margin-bottom:0;text-align:justify\"><span style=\"font-family: Calibri;font-size: 16px\"><br \/><\/span><\/p>\n<p style=\"margin-bottom:0;text-align:justify\"><span style=\"font-family:\u5b8b\u4f53;font-size:16px\"><\/span><\/p>\n<p style=\"margin-bottom:0;text-align:justify\"><\/p>\n<p style=\"margin-bottom:0;text-align:justify\"><\/p>\n<p><span style=\"font-family:\u5b8b\u4f53;font-size:29px\">Produktvorteil:<\/span><\/p>\n<p><span style=\"font-family:Calibri;font-size:16px\">1.&nbsp;<\/span><span style=\"font-family:Calibri;font-size:16px\">Entfrosten<\/span><span style=\"font-family:\u5b8b\u4f53;font-size:16px\">Wenn die Maschine arbeiten 2 Stunden nicht verkaufen Eis, Zylinder einige Zeit blockiert werden, richten wir das System automtic Abtauen, so dass die Maschine noch arbeiten und auftauen innen Eis und machte gute Qualit\u00e4t Eis oder gefrorenen Joghurt. <\/span><\/p>\n<p><img loading=\"lazy\" decoding=\"async\" src=\"https:\/\/www.hommy.com\/wp-content\/uploads\/16431775403625.png\" title=\"\" alt=\"product-Hommy-img\" width=\"350\" height=\"206\" border=\"0\" vspace=\"0\" style=\"width: 350px;height: 206px\"><\/p>\n<p><span style=\"font-family:\u5b8b\u4f53;font-size:16px\">2.<\/span><span style=\"font-family:\u5b8b\u4f53;font-size:16px\">Expandiertes Rohr: einstellbarer \u00dcberlauf von 20% bis 40%, reduziert die Bildung von Eiskristallen, macht gefrorenen Joghurt (Eiscreme) geschmeidig und sieht wei\u00df aus; reduziert den Einsatz von Rohstoffen, erh\u00f6ht den Gewinn.<\/span><\/p>\n<p><span style=\"font-family:\u5b8b\u4f53;font-size:16px\"><img loading=\"lazy\" decoding=\"async\" src=\"https:\/\/www.hommy.com\/wp-content\/uploads\/16431775659016.jpg\" title=\"\" alt=\"product-Hommy-img\" width=\"350\" height=\"1000\" border=\"0\" vspace=\"0\" style=\"width: 350px;height: 1000px\"><\/span><\/p>\n<p><span style=\"font-family:\u5b8b\u4f53;font-size:16px\">3.<\/span><span style=\"font-family:\u5b8b\u4f53;font-size:16px\">Wenn Sie nachts Eiscreme verkaufen, wird das System automatisch auf Pasteurisierung eingestellt: Kann t\u00f6ten <\/span><span style=\"font-family:Calibri;font-size:16px\">die Bakterien <\/span><span style=\"font-family:\u5b8b\u4f53;font-size:16px\">dass <\/span><span style=\"font-family:Calibri;font-size:16px\">produzieren<\/span><span style=\"font-family:\u5b8b\u4f53;font-size:16px\">&nbsp;<\/span><span style=\"font-family:Calibri;font-size:16px\">innerhalb der Maschine<\/span><span style=\"font-family:\u5b8b\u4f53;font-size:16px\">&nbsp;von -5<\/span><span style=\"font-family:\u5b8b\u4f53;font-size:16px\">\u2103<\/span><span style=\"font-family:\u5b8b\u4f53;font-size:16px\">&nbsp;<\/span><span style=\"font-family:Arial;font-size:16px\">\u2192<\/span><span style=\"font-family:\u5b8b\u4f53;font-size:16px\">&nbsp;<\/span><span style=\"font-family:\u5b8b\u4f53;font-size:16px\">65<\/span><span style=\"font-family:\u5b8b\u4f53;font-size:16px\">\u2103<\/span><span style=\"font-family:Arial;font-size:16px\">\u2192<\/span><span style=\"font-family:\u5b8b\u4f53;font-size:16px\">&nbsp;-5<\/span><span style=\"font-family:\u5b8b\u4f53;font-size:16px\">\u2103<\/span><span style=\"font-family:Calibri;font-size:16px\">Prozess<\/span><span style=\"font-family:\u5b8b\u4f53;font-size:16px\">&nbsp;( Desinfizieren Sie den Ladezylinder und das Rohmaterial im Inneren, dann k\u00fchlen Sie den Buchungsstatus ). so k\u00f6nnen Sie die Maschine alle 14 Tage ein Mal aufbewahren. <\/span><\/p>\n<p><img loading=\"lazy\" decoding=\"async\" src=\"https:\/\/www.hommy.com\/wp-content\/uploads\/16431776004768.png\" title=\"\" alt=\"Produkt-Roboter-Eisverkaufsautomat-Hommy-img\" width=\"350\" height=\"289\" border=\"0\" vspace=\"0\" style=\"width: 350px;height: 289px\"><\/p>\n<p><span style=\"font-family:\u5b8b\u4f53;font-size:16px\">4.<\/span><span style=\"font-family:\u5b8b\u4f53;font-size:16px\">Lassen Sie R\u00e4uchergef\u00e4\u00df haben <\/span><span style=\"font-family:Calibri;font-size:16px\">Zweite Stufe, die erste Stufe der fehlenden Materialebene Alarm, die zweite Stufe der automatischen Abschaltung.<\/span><span style=\"font-family:\u5b8b\u4f53;font-size:16px\">&nbsp;Wenn Sie die erste Nachricht erhalten, haben Sie einige Zeit f\u00fcr Sie, um Material hinzuzuf\u00fcgen keine Notwendigkeit, die Maschine zu stoppen, um es zu arbeiten.<\/span><\/p>\n<p><span style=\"font-family:\u5b8b\u4f53;font-size:16px\"><img loading=\"lazy\" decoding=\"async\" src=\"https:\/\/www.hommy.com\/wp-content\/uploads\/16431776407939.jpg\" title=\"\" alt=\"product-Hommy-img\" width=\"350\" height=\"1920\" border=\"0\" vspace=\"0\" style=\"width: 350px;height: 1920px\"><\/span><\/p>\n<p><span style=\"font-family:\u5b8b\u4f53;font-size:16px\">5.<\/span><span style=\"font-family:\u5b8b\u4f53;font-size:16px\">Die Maschine im Inneren haben Promotion-Funktion, Sie Einrichtung von Montag bis Freitag in 10:00 bis 12:00 kaufen Eis mit einigen Rabatt <\/span><\/p>\n<p><span style=\"font-family:\u5b8b\u4f53;font-size:16px\">Das kann Ihnen helfen, die Ausverkaufsmenge zu erh\u00f6hen. <\/span><\/p>\n<p><img loading=\"lazy\" decoding=\"async\" src=\"https:\/\/www.hommy.com\/wp-content\/uploads\/16431776807330.png\" title=\"\" alt=\"Produkt-Hommy-Robot Eiscreme-Automat-img\" width=\"350\" height=\"263\" border=\"0\" vspace=\"0\" style=\"width: 350px;height: 263px\"><\/p>\n<p><span style=\"font-family:\u5b8b\u4f53;font-size:16px\">6.<\/span><span style=\"font-family:\u5b8b\u4f53;font-size:16px\">Die Maschine im Inneren haben mehr Sprache f\u00fcr Sie zu w\u00e4hlen: Chinesisch, Englisch, Polen, Saudi-Arabien, Malaysia, Thailand, Spanien.<\/span><\/p>\n<p><img loading=\"lazy\" decoding=\"async\" src=\"https:\/\/www.hommy.com\/wp-content\/uploads\/16431777088028.png\" title=\"\" alt=\"produkt-Hommy-img-1\" width=\"350\" height=\"421\" border=\"0\" vspace=\"0\" style=\"width: 350px;height: 421px\"><\/p>\n<\/p><\/div>","protected":false},"excerpt":{"rendered":"<p>Ice cream machine robot https:\/\/youtu.be\/Xqo74RBQzXE&nbsp; &nbsp; &nbsp;These machines are widely used for the automation of the ice cream dispensing process. Robotic arm ice cream vending machines are used to dispense the ice cream in a controlled manner, ensuring a uniform distribution of the ice cream. They are ideal for small to medium-sized business that need [&hellip;]<\/p>\n","protected":false},"featured_media":1968,"comment_status":"open","ping_status":"open","template":"","meta":{"_swt_meta_header_display":false,"_swt_meta_footer_display":false,"_swt_meta_site_title_display":false,"_swt_meta_sticky_header":false,"_swt_meta_transparent_header":false},"product_brand":[],"product_cat":[88,68],"product_tag":[],"class_list":{"0":"post-988","1":"product","2":"type-product","3":"status-publish","4":"has-post-thumbnail","6":"product_cat-robot-ice-cream-shop","7":"product_cat-vending-machine","9":"first","10":"instock","11":"shipping-taxable","12":"product-type-simple"},"_links":{"self":[{"href":"https:\/\/www.hommy.com\/de\/wp-json\/wp\/v2\/product\/988","targetHints":{"allow":["GET"]}}],"collection":[{"href":"https:\/\/www.hommy.com\/de\/wp-json\/wp\/v2\/product"}],"about":[{"href":"https:\/\/www.hommy.com\/de\/wp-json\/wp\/v2\/types\/product"}],"replies":[{"embeddable":true,"href":"https:\/\/www.hommy.com\/de\/wp-json\/wp\/v2\/comments?post=988"}],"wp:featuredmedia":[{"embeddable":true,"href":"https:\/\/www.hommy.com\/de\/wp-json\/wp\/v2\/media\/1968"}],"wp:attachment":[{"href":"https:\/\/www.hommy.com\/de\/wp-json\/wp\/v2\/media?parent=988"}],"wp:term":[{"taxonomy":"product_brand","embeddable":true,"href":"https:\/\/www.hommy.com\/de\/wp-json\/wp\/v2\/product_brand?post=988"},{"taxonomy":"product_cat","embeddable":true,"href":"https:\/\/www.hommy.com\/de\/wp-json\/wp\/v2\/product_cat?post=988"},{"taxonomy":"product_tag","embeddable":true,"href":"https:\/\/www.hommy.com\/de\/wp-json\/wp\/v2\/product_tag?post=988"}],"curies":[{"name":"wp","href":"https:\/\/api.w.org\/{rel}","templated":true}]}}