{"id":980,"date":"2024-07-02T17:29:32","date_gmt":"2024-07-02T17:29:32","guid":{"rendered":"http:\/\/localhost\/hommywp\/bdpop-b-4-heads-mould-baking-ice-cream-cone-machinery-price-list\/"},"modified":"2025-08-01T09:57:48","modified_gmt":"2025-08-01T09:57:48","slug":"bdpop-b-eiswaffelmaschine","status":"publish","type":"product","link":"https:\/\/www.hommy.com\/de\/p\/bdpop-b-eiswaffelmaschine\/","title":{"rendered":"Bdpop-B 4 K\u00f6pfe Mould Backen Eiscreme Kegel Maschinen Preisliste"},"content":{"rendered":"<div>\n<p><\/p>\n<h2 style=\"text-align: center\"><strong><span style=\"font-family: arial, helvetica, sans-serif;font-size: 24px\"><span style=\"font-family: arial, helvetica, sans-serif\"><a name=\"Ice Cream Cone Maker\"><\/a>I<\/span><span style=\"font-family: arial, helvetica, sans-serif;letter-spacing: 0px\">CE-Creme-Ton-Maker<\/span><\/span><\/strong><\/h2>\n<p style=\"text-align: center\"><a href=\"#Ice Cream Cone Maker\" target=\"_self\" data-lv=\"0\" rel=\"noopener\"><span style=\"font-size: 16px\">Eist\u00fcte<\/span><\/a><span style=\"font-size: 16px\">|<a href=\"#Ice Cream Cone Machine\" target=\"_self\" data-lv=\"0\" rel=\"noopener\">Eiscreme-Kegelmaschine<\/a>|<a href=\"#Product specification\" target=\"_self\" data-lv=\"0\" rel=\"noopener\">Produktspezifikation<\/a>|<a href=\"#Product making\" target=\"_self\" data-lv=\"0\" rel=\"noopener\">Produktherstellung<\/a><\/span><\/p>\n<p><\/p>\n<p><\/p>\n<p style=\"text-align: center\">&nbsp;&nbsp;&nbsp;&nbsp;<\/p>\n<p>Unser Hauptziel ist es, unseren wertvollen Kunden die beste Qualit\u00e4t der Eist\u00fcte anzubieten. Unsere Fabrik ist mit modernster Technologie und Maschinen ausgestattet, um die Eiskegelform kosteng\u00fcnstig herzustellen. Die angebotene Maschine wird unter der Anleitung erfahrener Fachleute aus hochwertigem Rohmaterial und modernen Techniken hergestellt. Diese Maschine ist in verschiedenen Gr\u00f6\u00dfen und Ausf\u00fchrungen nach den Anforderungen unserer Kunden erh\u00e4ltlich.<\/p>\n<p><\/p>\n<p>Die angebotene Maschine wird unter Verwendung von hochwertigem Material und modernen Techniken gem\u00e4\u00df den internationalen Qualit\u00e4tsnormen hergestellt.<\/p>\n<p><\/p>\n<div class=\"d-tem01-graphic tem01-graphic mockup\" data-detail=\"wrap\">\n<div class=\"cont-section clearfix d-clearfix\">\n<div class=\"col-md-6 col-sm-6 col-xs-6\"><\/p>\n<div class=\"graphic_pic animated wow bounceIn\" data-wow-delay=\".7s\">\n<p style=\"text-align:center\"><img loading=\"lazy\" decoding=\"async\" src=\"https:\/\/www.hommy.com\/wp-content\/uploads\/16034196664709.png\" alt=\"Produkt-BDPOP-B Eist\u00fcte-Hersteller-Hommy-img\" title=\"\" width=\"500\" height=\"450\" border=\"0\" vspace=\"0\" style=\"width: 500px;height: 450px\"><\/p>\n<\/div>\n<\/div>\n<div class=\"col-md-6 col-sm-6 col-xs-6\">\n<div class=\"right-p\">\n<div class=\"h2 heading\">\n<p><span style=\"font-family: arial, helvetica, sans-serif;font-size: 24px\"><strong><a name=\"Ice Cream Cone Machine\"><\/a>Eis <\/strong><strong>Sahne-T\u00fcte-Masch<\/strong><\/span><\/p>\n<p><span style=\"font-family: arial, helvetica, sans-serif;font-size: 24px\"><strong><br \/><\/strong><\/span><\/p>\n<p style=\"margin-left:32px\"><span style=\"font-family: Calibri;font-size: 16px\">\u2022 Halbautomatische Maschine wird zum Backen von Eist\u00fcten, Zuckerkegeln und Tassen verwendet.<\/span><\/p>\n<p style=\"margin-left:32px\"><span style=\"font-family: Calibri;font-size: 16px\">\u2022 Eine Matrize kann nur einen Kegel- \/ Bechertyp backen und produzieren.<\/span><\/p>\n<p><span style=\"font-family: arial, helvetica, sans-serif;font-size: 16px\"><span style=\"font-family: Calibri;font-size: 16px\">&nbsp;Diese Maschine einfache Bedienung, es kann leicht sein <\/span><span style=\"font-family: \u5b8b\u4f53;font-size: 16px\">zu <\/span><span style=\"font-family: Calibri;font-size: 16px\">Wird von ungelernten Bedienern durch einige einfache Aufgaben betrieben.<\/span><\/span><\/p>\n<p style=\"margin-left:32px\"><span style=\"font-family: Calibri;font-size: 16px\">\u2022 Wir k\u00f6nnen auf der Kegelform, dem Logo und der Gr\u00f6\u00dfe des Kunden basieren, um es zu schaffen. Wir begr\u00fc\u00dfen OEM.<\/span><\/p>\n<p style=\"margin-left:32px\"><span style=\"font-family: Calibri;font-size: 16px\">\u2022 Sie k\u00f6nnen eine Maschine mit unterschiedlicher Formform bestellen. Die oberen und unteren Formen sind austauschbar. In zwei bis drei Stunden k\u00f6nnen Sie die gesamte D\u00fcseneinheit wechseln und mit einer anderen Art von Kegel produzieren.<\/span><\/p>\n<p style=\"margin-left:32px\"><span style=\"font-family: Calibri;font-size: 16px\">\u2022 Die Heizung erfolgt \u00fcber elektrische Heizungen, die zur Optimierung des Energieverbrauchs und der thermischen Verteilung ausgelegt sind. Sie ist flexibel genug f\u00fcr eine hohe Produktion auf ununterbrochener Basis f\u00fcr 24 Stunden.<\/span><\/p>\n<p style=\"margin-left:32px\"><span style=\"font-family: Calibri;font-size: 16px\">\u2022 Langlebige, unsch\u00e4dliche Kegelform gem\u00e4\u00df Hygienestandard, der in Aluminium hergestellt wird.<\/span><\/p>\n<p style=\"margin-left:32px\"><span style=\"font-family: arial, helvetica, sans-serif;font-size: 16px\"><span style=\"font-family: Calibri;font-size: 16px\">\u2022 Basieren Sie auf der Kegelform, um die Temperatur einzustellen und das Timing f\u00fcr die Steuerung des Kegels einzurichten<\/span><span style=\"font-family: \u5b8b\u4f53;font-size: 16px\">&nbsp;<\/span><span style=\"font-family: Calibri;font-size: 16px\">Form und H\u00e4rte.<\/span><\/span><\/p>\n<\/div>\n<\/div>\n<p>&nbsp; &nbsp; &nbsp; &nbsp; &nbsp; &nbsp;<\/p><\/div>\n<\/div>\n<\/div>\n<p><span style=\"font-family: arial, helvetica, sans-serif;font-size: 24px\"><strong><span style=\"font-family: arial, helvetica, sans-serif;letter-spacing: 0px\"><a name=\"Product specification\"><\/a>Produktspezifikation<\/span><\/strong><\/span><\/p>\n<p><span style=\"font-family: arial, helvetica, sans-serif;font-size: 24px\"><strong><span style=\"font-family: arial, helvetica, sans-serif;letter-spacing: 0px\"><br \/><\/span><\/strong><\/span><\/p>\n<p><span style=\"font-family: arial, helvetica, sans-serif;font-size: 24px\"><strong><span style=\"font-family: arial, helvetica, sans-serif;letter-spacing: 0px\"><img loading=\"lazy\" decoding=\"async\" src=\"https:\/\/www.hommy.com\/wp-content\/uploads\/16034194719148.png\" title=\"\" alt=\"product-Hommy-img\" width=\"1000\" height=\"494\" border=\"0\" vspace=\"0\" style=\"width: 1000px;height: 494px\"><\/span><\/strong><\/span><\/p>\n<p><span style=\"font-family: arial, helvetica, sans-serif;font-size: 24px\"><strong><span style=\"font-family: arial, helvetica, sans-serif;letter-spacing: 0px\"><br \/><\/span><\/strong><\/span><\/p>\n<p><span style=\"font-family: arial, helvetica, sans-serif;font-size: 24px\"><strong><span style=\"font-family: arial, helvetica, sans-serif;letter-spacing: 0px\"><\/span><\/strong><\/span><\/p>\n<p style=\"margin-top:0;margin-right:0;margin-bottom:0;margin-left:0;text-indent:0;text-align:justify\"><span style=\"font-family: arial, helvetica, sans-serif;font-size: 24px\"><strong><span style=\"font-family: arial, helvetica, sans-serif;letter-spacing: 0px\"><a name=\"Product making\"><\/a>Produktherstellung<\/span><\/strong><\/span><\/p>\n<p style=\"margin-top:0;margin-right:0;margin-bottom:0;margin-left:0;text-indent:0;text-align:justify\"><span style=\"font-family: arial, helvetica, sans-serif;font-size: 24px\"><strong><span style=\"font-family: arial, helvetica, sans-serif;letter-spacing: 0px\"><br \/><\/span><\/strong><\/span><\/p>\n<p style=\"text-indent: 0;padding: 0;line-height: 30px\"><span style=\"font-family: arial, helvetica, sans-serif;font-size: 16px\"><strong><span style=\"font-family: Arial;letter-spacing: 0px\">Au\u00dferdem tragen hochqualifizierte Ingenieure, f\u00e4hige Technologen und sachkundiges Personal viel zur Entwicklung des Unternehmens bei.<\/span><\/strong><\/span><\/p>\n<p style=\"margin-top:0;margin-right:0;margin-bottom:0;margin-left:0;line-height:28px\"><span style=\"font-family: arial, helvetica, sans-serif;font-size: 16px\"><strong><span style=\"font-family: Arial;letter-spacing: 0px;font-size: 14px\">Kurze Einf\u00fchrung in den Betrieb von Cone Maker<\/span><\/strong><\/span><\/p>\n<p style=\"margin-top:0;margin-right:0;margin-bottom:0;margin-left:0;line-height:28px\"><span style=\"font-family: arial, helvetica, sans-serif;font-size: 16px\"><strong><span style=\"font-family: Arial;letter-spacing: 0px;font-size: 14px\"><br \/><\/span><\/strong><\/span><\/p>\n<p style=\"margin-top:0;margin-right:0;margin-bottom:0;margin-left:0\"><span style=\"letter-spacing: 0px;font-family: arial, helvetica, sans-serif;font-size: 16px\">1.Verbinden Sie die Stromversorgung und den Beh\u00e4lter auf der R\u00fcckseite der Maschine. \u00d6ffnen Sie dann die Form und schmieren Sie die Kegelformen mit Pflanzen\u00f6l.<\/span><\/p>\n<p style=\"margin-top:0;margin-right:0;margin-bottom:0;margin-left:0\"><span style=\"font-family: arial, helvetica, sans-serif;font-size: 16px\">&nbsp;<\/span><\/p>\n<p style=\"margin-top:0;margin-right:0;margin-bottom:0;margin-left:0\"><span style=\"letter-spacing: 0px;font-family: arial, helvetica, sans-serif;font-size: 16px\">2.Schlie\u00dfen Sie die Formen und lassen Sie die Maschine 15-20 Minuten vorheizen.<\/span><\/p>\n<p style=\"margin-top:0;margin-right:0;margin-bottom:0;margin-left:0\"><span style=\"font-family: arial, helvetica, sans-serif;font-size: 16px\">&nbsp;<\/span><\/p>\n<p style=\"margin-top:0;margin-right:0;margin-bottom:0;margin-left:0\"><span style=\"letter-spacing: 0px;font-family: arial, helvetica, sans-serif;font-size: 16px\">3.\u00d6ffnen Sie die obere Form<\/span><\/p>\n<p style=\"margin-top:0;margin-right:0;margin-bottom:0;margin-left:0\"><span style=\"font-family: arial, helvetica, sans-serif;font-size: 16px\">&nbsp;<\/span><\/p>\n<p style=\"margin-top:0;margin-right:0;margin-bottom:0;margin-left:0\"><span style=\"letter-spacing: 0px;font-family: arial, helvetica, sans-serif;font-size: 16px\">4. F\u00fcllen Sie die Mischung in die Feader und gie\u00dfen Sie sie in die untere Form<\/span><\/p>\n<p style=\"margin-top:0;margin-right:0;margin-bottom:0;margin-left:0\"><span style=\"font-family: arial, helvetica, sans-serif;font-size: 16px\">&nbsp;<\/span><\/p>\n<p style=\"margin-top:0;margin-right:0;margin-bottom:0;margin-left:0\"><span style=\"letter-spacing: 0px;font-family: arial, helvetica, sans-serif;font-size: 16px\">5.Schlie\u00dfen Sie die obere Form und lassen Sie die Maschine etwa zwei Minuten lang backen.<\/span><\/p>\n<p style=\"margin-top:0;margin-right:0;margin-bottom:0;margin-left:0\"><span style=\"font-family: arial, helvetica, sans-serif;font-size: 16px\">&nbsp;<\/span><\/p>\n<p style=\"margin-top:0;margin-right:0;margin-bottom:0;margin-left:0\"><span style=\"letter-spacing: 0px;font-family: arial, helvetica, sans-serif;font-size: 16px\">6.Zwei Minuten sp\u00e4ter summt der Summer und die Warnleuchte leuchtet auf, dass Sie die Zapfen bereit sind. \u00d6ffnen Sie die obere Form und die untere Form.<\/span><\/p>\n<p style=\"margin-top:0;margin-right:0;margin-bottom:0;margin-left:0\"><span style=\"font-family: arial, helvetica, sans-serif;font-size: 16px\">&nbsp;<\/span><\/p>\n<p style=\"margin-top:0;margin-right:0;margin-bottom:0;margin-left:0\"><span style=\"letter-spacing: 0px;font-family: arial, helvetica, sans-serif;font-size: 16px\">7.Kegel fallen auf den Gleitweg und gleiten in den Beh\u00e4lter.<\/span><\/p>\n<p style=\"margin-top:0;margin-right:0;margin-bottom:0;margin-left:0\"><span style=\"letter-spacing: 0px;font-family: arial, helvetica, sans-serif;font-size: 16px\"><br \/><\/span><\/p>\n<p style=\"margin-top:0;margin-right:0;margin-bottom:0;margin-left:0\"><span style=\"letter-spacing: 0px;font-family: arial, helvetica, sans-serif;font-size: 16px\"><br \/><\/span><\/p>\n<p><span style=\"letter-spacing: 0px;font-family: arial, helvetica, sans-serif;font-size: 16px\">Dokument\uff1a<\/span><img decoding=\"async\" src=\"https:\/\/www.hommy.com\/wp-content\/uploads\/icon_pdf-76.gif\" style=\"margin-right: 2px\" alt=\"product-Hommy-img\" title=\"\"><a href=\"https:\/\/img80002414.weyesimg.com\/uploads\/www.hommy.com\/addon\/16034196021442.pdf\" title=\"16034196021442.pdf\" style=\"font-size: 12px\">16034196021442.pdf<\/a><\/p>\n<p><span style=\"letter-spacing: 0px;font-family: arial, helvetica, sans-serif;font-size: 16px\"><\/span><\/p>\n<h2>Warum solltest du kein Eis essen?<\/h2>\n<p style=\"margin-top: 5px;margin-bottom: 5px\"><\/p>\n<p style=\"margin-top: 5px;margin-bottom: 5px\">Zun\u00e4chst ist Eis sehr kalorisch. Eine Kugel Eis ist fast 700 Kalorien und ein Pint hat rund 1000 Kalorien. Es ist voller Zucker, Salz und Fett. Es hat auch eine lange Liste von Zutaten, von denen Sie wahrscheinlich noch nie geh\u00f6rt haben.<\/p>\n<p style=\"margin-top: 5px;margin-bottom: 5px\"><\/p>\n<p style=\"margin-top: 5px;margin-bottom: 5px\">Der Hauptgrund, warum Sie kein Eis essen sollten, ist, dass es voller Zusatzstoffe ist, die Ihre Gesundheit sehr gesundheitssch\u00e4dlich sein k\u00f6nnen.<\/p>\n<p style=\"margin-top: 5px;margin-bottom: 5px\"><\/p>\n<p style=\"margin-top: 5px;margin-bottom: 5px\">Die Wahrheit ist, dass das Eis, das wir in den L\u00e4den kaufen, oft mit ungesunden Zutaten gef\u00fcllt ist.<\/p>\n<p style=\"margin-top: 5px;margin-bottom: 5px\"><\/p>\n<p style=\"margin-top: 5px;margin-bottom: 5px\"><\/p>\n<h2>Wie viel Geld wird ben\u00f6tigt, um eine Eisfabrik einzurichten?<\/h2>\n<p style=\"margin-top: 5px;margin-bottom: 5px\"><\/p>\n<p style=\"margin-top: 5px;margin-bottom: 5px\">Wir wissen, dass die Kosten f\u00fcr die Einrichtung einer Fabrik von vielen Faktoren abh\u00e4ngen, wie z. B. der Art des Produkts, das Sie produzieren m\u00f6chten, der Art der Fertigungsanlage, der Gr\u00f6\u00dfe der Fabrik und der Anzahl der ben\u00f6tigten Mitarbeiter. Der Preis f\u00fcr die Einrichtung einer Eisfabrik ist abh\u00e4ngig von der Anzahl der Mitarbeiter und dem Produktionsvolumen. Die Kosten f\u00fcr eine kleine Fabrik betragen normalerweise etwa 1 tp4t1 Mio., w\u00e4hrend eine gro\u00dfe Fabrik wahrscheinlich 1 tp4t 10 Mio. oder mehr kosten wird.<\/p>\n<p style=\"margin-top: 5px;margin-bottom: 5px\"><\/p>\n<p style=\"margin-top: 5px;margin-bottom: 5px\">Ist ges\u00e4ttigtes Eis ges\u00fcnder als normales Eis? Mit einem Wort: Ja. Eis wird mit Milch oder Sahne oder einer Kombination aus beiden hergestellt und dann eingefroren. Der Hauptbestandteil in Eiscreme ist Milch oder Sahne, nicht Zucker, daher hat das Hinzuf\u00fcgen des nat\u00fcrlichen Zuckers aus Obst oder Sirup eine vernachl\u00e4ssigbare Wirkung auf den Kaloriengehalt. Zucker ist jedoch der Hauptgrund, warum Eis so lecker ist.<\/p>\n<\/div><\/div>","protected":false},"excerpt":{"rendered":"<p>Ice Cream Cone Maker Ice Cream Cone Maker|Ice Cream Cone Machine|Product specification|Product making &nbsp;&nbsp;&nbsp;&nbsp; Our main objective is to offer best quality of ice cream cone mould to our valuable customers. Our factory is well equipped with latest technology and machinery to manufacture ice cream cone mould in a cost effective manner. The offered machine [&hellip;]<\/p>\n","protected":false},"featured_media":977,"comment_status":"open","ping_status":"open","template":"","meta":{"_swt_meta_header_display":false,"_swt_meta_footer_display":false,"_swt_meta_site_title_display":false,"_swt_meta_sticky_header":false,"_swt_meta_transparent_header":false},"product_brand":[],"product_cat":[87],"product_tag":[],"class_list":{"0":"post-980","1":"product","2":"type-product","3":"status-publish","4":"has-post-thumbnail","6":"product_cat-ice-cream-cone-machine","8":"first","9":"instock","10":"shipping-taxable","11":"product-type-simple"},"_links":{"self":[{"href":"https:\/\/www.hommy.com\/de\/wp-json\/wp\/v2\/product\/980","targetHints":{"allow":["GET"]}}],"collection":[{"href":"https:\/\/www.hommy.com\/de\/wp-json\/wp\/v2\/product"}],"about":[{"href":"https:\/\/www.hommy.com\/de\/wp-json\/wp\/v2\/types\/product"}],"replies":[{"embeddable":true,"href":"https:\/\/www.hommy.com\/de\/wp-json\/wp\/v2\/comments?post=980"}],"wp:featuredmedia":[{"embeddable":true,"href":"https:\/\/www.hommy.com\/de\/wp-json\/wp\/v2\/media\/977"}],"wp:attachment":[{"href":"https:\/\/www.hommy.com\/de\/wp-json\/wp\/v2\/media?parent=980"}],"wp:term":[{"taxonomy":"product_brand","embeddable":true,"href":"https:\/\/www.hommy.com\/de\/wp-json\/wp\/v2\/product_brand?post=980"},{"taxonomy":"product_cat","embeddable":true,"href":"https:\/\/www.hommy.com\/de\/wp-json\/wp\/v2\/product_cat?post=980"},{"taxonomy":"product_tag","embeddable":true,"href":"https:\/\/www.hommy.com\/de\/wp-json\/wp\/v2\/product_tag?post=980"}],"curies":[{"name":"wp","href":"https:\/\/api.w.org\/{rel}","templated":true}]}}