{"id":976,"date":"2024-07-02T17:29:28","date_gmt":"2024-07-02T17:29:28","guid":{"rendered":"http:\/\/localhost\/hommywp\/bdpop-c-10-heads-commercial-ice-cream-sugar-cone-maker\/"},"modified":"2025-08-01T09:57:48","modified_gmt":"2025-08-01T09:57:48","slug":"bdpop-c-eiswaffelmaschine","status":"publish","type":"product","link":"https:\/\/www.hommy.com\/de\/p\/bdpop-c-eiswaffelmaschine\/","title":{"rendered":"Bdpop-C 10 K\u00f6pfe Gewerblicher Eiscreme-Zuckert\u00fcten-Hersteller"},"content":{"rendered":"<div>\n<p><\/p>\n<p><\/p>\n<p style=\"text-align: center\"><strong><span style=\"font-family: arial, helvetica, sans-serif;font-size: 24px\"><span style=\"font-family: arial, helvetica, sans-serif\"><a name=\"Ice Cream Cone Maker\"><\/a>I<\/span><span style=\"font-family: arial, helvetica, sans-serif;letter-spacing: 0px\">CE-Creme-Ton-Maker<\/span><\/span><\/strong><\/p>\n<p style=\"text-align: center\"><a href=\"#Ice Cream Cone Maker\" target=\"_self\" data-lv=\"0\" rel=\"noopener\"><span style=\"font-family: arial, helvetica, sans-serif;font-size: 16px\">Eist\u00fcte<\/span><\/a><span style=\"font-family: arial, helvetica, sans-serif;font-size: 16px\">|<a href=\"#Ice Cream Cone Machine\" target=\"_self\" data-lv=\"0\" rel=\"noopener\">Eiscreme-Kegelmaschine<\/a>|<a href=\"#Product specification\" target=\"_self\" data-lv=\"0\" rel=\"noopener\">Produktspezifikation<\/a>|<a href=\"#Product making\" target=\"_self\" data-lv=\"0\" rel=\"noopener\">Produktherstellung<\/a><\/span><\/p>\n<p><\/p>\n<p style=\"text-align: center\">&nbsp;&nbsp;&nbsp;&nbsp;<\/p>\n<p>Wenn Sie auf dem Markt f\u00fcr einen Eiszucker-Maken sind, sind Sie hier genau richtig. Unsere Auswahl an Kegelherstellern ist un\u00fcbertroffen und wir sind zuversichtlich, dass wir das richtige Modell f\u00fcr Ihre Bed\u00fcrfnisse haben.<\/p>\n<p>Wir wissen, dass die Wahl der richtigen <a style=\"color:blue\" href=\"https:\/\/www.hommy.com\/de\/eishornchenmaschine\/\">Eist\u00fcte<\/a> Kann eine entmutigende Aufgabe sein, aber wir sind hier, um zu helfen. Unser kompetentes Personal steht Ihnen jederzeit zur Verf\u00fcgung, um Ihre Fragen zu beantworten. Wir sorgen daf\u00fcr, dass Sie den perfekten Kegelhersteller f\u00fcr Ihr Unternehmen finden.<\/p>\n<p>Also worauf warten Sie noch? Kommen Sie in unseren Laden und \u00fcberzeugen Sie sich selbst, warum wir der beste Ort sind, um eine Eist\u00fctemaschine zu kaufen. Wir garantieren, dass Sie nicht entt\u00e4uscht werden.<\/p>\n<p><\/p>\n<div class=\"d-tem01-graphic tem01-graphic mockup\" data-detail=\"wrap\">\n<div class=\"cont-section clearfix d-clearfix\">\n<div class=\"col-md-6 col-sm-6 col-xs-6\">\n<div class=\"right-p\">\n<div class=\"h2 heading\"><img decoding=\"async\" src=\"https:\/\/www.hommy.com\/wp-content\/uploads\/16034204435477.jpg\" alt=\"Produkt-BDPOP-C Eist\u00fcte-Hersteller-Hommy-img\" style=\"font-size: 14px\" title=\"\"><span style=\"font-size: 14px\">&nbsp; &nbsp; &nbsp; &nbsp; &nbsp; &nbsp; &nbsp;<\/span><\/div>\n<\/div>\n<\/div>\n<div class=\"col-md-6 col-sm-6 col-xs-6\">\n<div class=\"right-p\">\n<div class=\"h2 heading\">\n<p><span style=\"font-family: arial, helvetica, sans-serif;font-size: 24px\"><strong><span style=\"font-family: arial, helvetica, sans-serif\"><a name=\"Ice Cream Cone Machine\"><\/a><\/span><\/strong><\/span><\/p>\n<p><span style=\"font-family: arial, helvetica, sans-serif;font-size: 24px\"><strong><span style=\"font-family: arial, helvetica, sans-serif\"><br \/><\/span><\/strong><\/span><\/p>\n<p><span style=\"font-family: arial, helvetica, sans-serif;font-size: 24px\"><strong><span style=\"font-family: arial, helvetica, sans-serif\">Eiscreme-Kegelmaschine<\/span><\/strong><\/span><\/p>\n<p><strong><span style=\"font-family: Calibri;font-size: 19px\"><br \/><\/span><\/strong><\/p>\n<p style=\"margin-left:32px\"><span style=\"font-family:Calibri;font-size:16px\">\u2022 Halbautomatische Maschine wird zum Backen von Eist\u00fcten, Zuckerkegeln und Tassen verwendet.<\/span><\/p>\n<p style=\"margin-left:32px\"><span style=\"font-family:Calibri;font-size:16px\">\u2022 Eine Matrize kann nur einen Kegel- \/ Bechertyp backen und produzieren.<\/span><\/p>\n<p><span style=\"font-family:Calibri;font-size:16px\">&nbsp;Diese Maschine einfache Bedienung, es kann leicht sein <\/span><span style=\"font-family:\u5b8b\u4f53;font-size:16px\">zu <\/span><span style=\"font-family:Calibri;font-size:16px\">Wird von ungelernten Bedienern durch einige einfache Aufgaben betrieben.<\/span><\/p>\n<p style=\"margin-left:32px\"><span style=\"font-family:Calibri;font-size:16px\">\u2022 Wir k\u00f6nnen auf der Kegelform, dem Logo und der Gr\u00f6\u00dfe des Kunden basieren, um es zu schaffen. Wir begr\u00fc\u00dfen OEM.<\/span><\/p>\n<p style=\"margin-left:32px\"><span style=\"font-family:Calibri;font-size:16px\">\u2022 Sie k\u00f6nnen eine Maschine mit unterschiedlicher Formform bestellen. Die oberen und unteren Formen sind austauschbar. In zwei bis drei Stunden k\u00f6nnen Sie die gesamte D\u00fcseneinheit wechseln und mit einer anderen Art von Kegel produzieren.<\/span><\/p>\n<p style=\"margin-left:32px\"><span style=\"font-family:Calibri;font-size:16px\">\u2022 Die Heizung erfolgt \u00fcber elektrische Heizungen, die zur Optimierung des Energieverbrauchs und der thermischen Verteilung ausgelegt sind. Sie ist flexibel genug f\u00fcr eine hohe Produktion auf ununterbrochener Basis f\u00fcr 24 Stunden.<\/span><\/p>\n<p style=\"margin-left:32px\"><span style=\"font-family:Calibri;font-size:16px\">\u2022 Langlebige, unsch\u00e4dliche Kegelform gem\u00e4\u00df Hygienestandard, der in Aluminium hergestellt wird.<\/span><\/p>\n<p style=\"margin-left:32px\"><span style=\"font-family:Calibri;font-size:16px\">\u2022 Basieren Sie auf der Kegelform, um die Temperatur einzustellen und das Timing f\u00fcr die Steuerung des Kegels einzurichten<\/span><span style=\"font-size: 16px\"><span style=\"font-family:\u5b8b\u4f53\">&nbsp;<\/span><\/span><span style=\"font-family:Calibri;font-size:16px\">Form und H\u00e4rte.<\/span><\/p>\n<\/div>\n<\/div>\n<p>&nbsp; &nbsp; &nbsp; &nbsp; &nbsp; &nbsp;<\/p><\/div>\n<\/div>\n<\/div>\n<h2><strong><span style=\"letter-spacing: 0px;font-family: arial, helvetica, sans-serif;font-size: 24px\"><a name=\"Product specification\"><\/a>Produktspezifikation<\/span><\/strong><\/h2>\n<p><strong><span style=\"letter-spacing: 0px;font-family: arial, helvetica, sans-serif;font-size: 24px\"><img loading=\"lazy\" decoding=\"async\" src=\"https:\/\/www.hommy.com\/wp-content\/uploads\/16034204943236.png\" title=\"\" alt=\"product-Hommy-img\" width=\"1000\" height=\"69\" border=\"0\" vspace=\"0\" style=\"width: 1000px;height: 69px\"><\/span><\/strong><\/p>\n<p><strong><span style=\"letter-spacing: 0px;font-family: arial, helvetica, sans-serif;font-size: 24px\"><br \/><\/span><\/strong><\/p>\n<p><\/p>\n<p style=\"margin-top:0;margin-right:0;margin-bottom:0;margin-left:0;text-indent:0;text-align:justify\"><span style=\"font-size: 24px\"><strong><span style=\"letter-spacing: 0px;font-family: arial, helvetica, sans-serif\"><a name=\"Product making\"><\/a>Produktherstellung<\/span><\/strong><\/span><\/p>\n<p style=\"margin-top:0;margin-right:0;margin-bottom:0;margin-left:0;text-indent:0;text-align:justify\"><strong><span style=\"letter-spacing: 0px;font-family: arial, helvetica, sans-serif;font-size: 16px\"><br \/><\/span><\/strong><\/p>\n<p style=\"text-indent: 0;padding: 0;line-height: 30px\"><strong><span style=\"letter-spacing: 0px;font-family: arial, helvetica, sans-serif;font-size: 16px\">Au\u00dferdem tragen hochqualifizierte Ingenieure, f\u00e4hige Technologen und sachkundiges Personal viel zur Entwicklung des Unternehmens bei.<\/span><\/strong><\/p>\n<p style=\"margin-top:0;margin-right:0;margin-bottom:0;margin-left:0;line-height:28px\"><strong><span style=\"letter-spacing: 0px;font-family: arial, helvetica, sans-serif;font-size: 16px\">Kurze Einf\u00fchrung in den Betrieb von Cone Maker<\/span><\/strong><\/p>\n<p style=\"margin-top:0;margin-right:0;margin-bottom:0;margin-left:0;line-height:28px\"><span style=\"letter-spacing: 0px;font-family: arial, helvetica, sans-serif;font-size: 16px\"><br \/><\/span><\/p>\n<p style=\"margin-top:0;margin-right:0;margin-bottom:0;margin-left:0\"><span style=\"letter-spacing: 0px;font-family: arial, helvetica, sans-serif;font-size: 16px\">1.Verbinden Sie die Stromversorgung und den Beh\u00e4lter auf der R\u00fcckseite der Maschine. \u00d6ffnen Sie dann die Form und schmieren Sie die Kegelformen mit Pflanzen\u00f6l.<\/span><\/p>\n<p style=\"margin-top:0;margin-right:0;margin-bottom:0;margin-left:0\"><span style=\"font-family: arial, helvetica, sans-serif;font-size: 16px\">&nbsp;<\/span><\/p>\n<p style=\"margin-top:0;margin-right:0;margin-bottom:0;margin-left:0\"><span style=\"letter-spacing: 0px;font-family: arial, helvetica, sans-serif;font-size: 16px\">2.Schlie\u00dfen Sie die Formen und lassen Sie die Maschine 15-20 Minuten vorheizen.<\/span><\/p>\n<p style=\"margin-top:0;margin-right:0;margin-bottom:0;margin-left:0\"><span style=\"font-family: arial, helvetica, sans-serif;font-size: 16px\">&nbsp;<\/span><\/p>\n<p style=\"margin-top:0;margin-right:0;margin-bottom:0;margin-left:0\"><span style=\"letter-spacing: 0px;font-family: arial, helvetica, sans-serif;font-size: 16px\">3.\u00d6ffnen Sie die obere Form<\/span><\/p>\n<p style=\"margin-top:0;margin-right:0;margin-bottom:0;margin-left:0\"><span style=\"font-family: arial, helvetica, sans-serif;font-size: 16px\">&nbsp;<\/span><\/p>\n<p style=\"margin-top:0;margin-right:0;margin-bottom:0;margin-left:0\"><span style=\"letter-spacing: 0px;font-family: arial, helvetica, sans-serif;font-size: 16px\">4. F\u00fcllen Sie die Mischung in die Feader und gie\u00dfen Sie sie in die untere Form<\/span><\/p>\n<p style=\"margin-top:0;margin-right:0;margin-bottom:0;margin-left:0\"><span style=\"font-family: arial, helvetica, sans-serif;font-size: 16px\">&nbsp;<\/span><\/p>\n<p style=\"margin-top:0;margin-right:0;margin-bottom:0;margin-left:0\"><span style=\"letter-spacing: 0px;font-family: arial, helvetica, sans-serif;font-size: 16px\">5.Schlie\u00dfen Sie die obere Form und lassen Sie die Maschine etwa zwei Minuten lang backen.<\/span><\/p>\n<p style=\"margin-top:0;margin-right:0;margin-bottom:0;margin-left:0\"><span style=\"font-family: arial, helvetica, sans-serif;font-size: 16px\">&nbsp;<\/span><\/p>\n<p style=\"margin-top:0;margin-right:0;margin-bottom:0;margin-left:0\"><span style=\"letter-spacing: 0px;font-family: arial, helvetica, sans-serif;font-size: 16px\">6.Zwei Minuten sp\u00e4ter summt der Summer und die Warnleuchte leuchtet auf, dass Sie die Zapfen bereit sind. \u00d6ffnen Sie die obere Form und die untere Form.<\/span><\/p>\n<p style=\"margin-top:0;margin-right:0;margin-bottom:0;margin-left:0\"><span style=\"font-family: arial, helvetica, sans-serif;font-size: 16px\">&nbsp;<\/span><\/p>\n<p style=\"margin-top:0;margin-right:0;margin-bottom:0;margin-left:0\"><span style=\"letter-spacing: 0px;font-family: arial, helvetica, sans-serif;font-size: 16px\">7.Kegel fallen auf den Gleitweg und gleiten in den Beh\u00e4lter.<\/span><\/p>\n<p><span style=\"font-family: arial, helvetica, sans-serif;font-size: 16px\"><strong><span style=\"letter-spacing: 0px;font-family: arial, helvetica, sans-serif;font-size: 24px\"><br \/><\/span><\/strong>Dokument\uff1a<\/span><img decoding=\"async\" src=\"https:\/\/www.hommy.com\/wp-content\/uploads\/icon_pdf-75.gif\" style=\"margin-right: 2px\" alt=\"product-Hommy-img\" title=\"\"><a href=\"https:\/\/img80002414.weyesimg.com\/uploads\/www.hommy.com\/addon\/16034205911000.pdf\" title=\"16034205911000.pdf\" style=\"font-size: 12px\">16034205911000.pdf<\/a><\/p>\n<p><span style=\"font-family: arial, helvetica, sans-serif;font-size: 16px\"><\/span><\/p>\n<h2>K\u00f6nnen Sie einen Waffeleisen verwenden, um Zapfen herzustellen?<\/h2>\n<p style=\"margin-top: 5px;margin-bottom: 5px\">Ich habe einen Waffeleisen, mit dem ich Waffeln herstellen kann. Es ist ein anst\u00e4ndiger mit zwei Brunnen und einem federbelasteten Griff. Kann ich es verwenden, um Zapfen herzustellen? Ich m\u00f6chte den Waffeleisen nicht zum Kochen verwenden. Ich spreche davon, den Teig in den Kegeln zu halten. Ich werde sie zu Hause auf meinem Herd backen. Ich habe dar\u00fcber nachgedacht, ein Waffeleisen zu verwenden, um die Zapfen herzustellen, aber ich m\u00f6chte sie zu Hause backen k\u00f6nnen.<\/p>\n<p style=\"margin-top: 5px;margin-bottom: 5px\"><\/p>\n<h2>Wie riecht eine Eist\u00fcte?<\/h2>\n<p style=\"margin-top: 5px;margin-bottom: 5px\">Es h\u00e4ngt von der Art von Eis ab, die Sie darin haben. Vanilleeis, wie weicher Aufschlag, hat normalerweise einen leichten Vanille-Duft. Chunky Eiscreme hat wie Eissandwiches einen ausgepr\u00e4gten Schokoladengeruch. Aber stellen Sie sich vor, Sie k\u00f6nnten den Geruch eines bestimmten Eisgeschmacks einatmen - beispielsweise eine cremige Vanille, die gerade hergestellt wurde.<\/p>\n<p style=\"margin-top: 5px;margin-bottom: 5px\"><\/p>\n<h2>Wie bleiben Eiswaffeln knusprig?&nbsp;<\/h2>\n<p style=\"margin-top: 5px;margin-bottom: 5px\">Mit einem kleinen Geheimnis: Backpulver. Oder ist es ein kleines Geheimnis? Es ist definitiv das erste, was Sie h\u00f6ren, wenn Sie zum Telefon abheben und eine \u00f6rtliche Eisdiele anrufen, und die Frage ist eine konstante. Sie sehen es \u00fcberall im Internet. Aber ist es wahr? H\u00e4lt es wirklich knusprig Eist\u00fcten? Die Antwort ist\u2026 ja. Und nein. Es h\u00e4lt Eist\u00fcten knusprig. Aber\u2026 es hat eine Nebenwirkung. Was ist\u2026 es verhindert nicht, dass das Eis schmilzt.<\/p>\n<\/div><\/div>","protected":false},"excerpt":{"rendered":"<p>Ice Cream Cone Maker Ice Cream Cone Maker|Ice Cream Cone Machine|Product specification|Product making &nbsp;&nbsp;&nbsp;&nbsp; If you&#039;re in the market for an ice cream sugar cone maker, you&#039;ve come to the right place. Our selection of cone makers is second to none, and we&#039;re confident that we have the right model for your needs. We know [&hellip;]<\/p>\n","protected":false},"featured_media":973,"comment_status":"open","ping_status":"open","template":"","meta":{"_swt_meta_header_display":false,"_swt_meta_footer_display":false,"_swt_meta_site_title_display":false,"_swt_meta_sticky_header":false,"_swt_meta_transparent_header":false},"product_brand":[],"product_cat":[87],"product_tag":[],"class_list":{"0":"post-976","1":"product","2":"type-product","3":"status-publish","4":"has-post-thumbnail","6":"product_cat-ice-cream-cone-machine","8":"first","9":"instock","10":"shipping-taxable","11":"product-type-simple"},"_links":{"self":[{"href":"https:\/\/www.hommy.com\/de\/wp-json\/wp\/v2\/product\/976","targetHints":{"allow":["GET"]}}],"collection":[{"href":"https:\/\/www.hommy.com\/de\/wp-json\/wp\/v2\/product"}],"about":[{"href":"https:\/\/www.hommy.com\/de\/wp-json\/wp\/v2\/types\/product"}],"replies":[{"embeddable":true,"href":"https:\/\/www.hommy.com\/de\/wp-json\/wp\/v2\/comments?post=976"}],"wp:featuredmedia":[{"embeddable":true,"href":"https:\/\/www.hommy.com\/de\/wp-json\/wp\/v2\/media\/973"}],"wp:attachment":[{"href":"https:\/\/www.hommy.com\/de\/wp-json\/wp\/v2\/media?parent=976"}],"wp:term":[{"taxonomy":"product_brand","embeddable":true,"href":"https:\/\/www.hommy.com\/de\/wp-json\/wp\/v2\/product_brand?post=976"},{"taxonomy":"product_cat","embeddable":true,"href":"https:\/\/www.hommy.com\/de\/wp-json\/wp\/v2\/product_cat?post=976"},{"taxonomy":"product_tag","embeddable":true,"href":"https:\/\/www.hommy.com\/de\/wp-json\/wp\/v2\/product_tag?post=976"}],"curies":[{"name":"wp","href":"https:\/\/api.w.org\/{rel}","templated":true}]}}