{"id":972,"date":"2024-07-02T17:29:24","date_gmt":"2024-07-02T17:29:24","guid":{"rendered":"http:\/\/localhost\/hommywp\/bdpop-a-32-heads-ice-cream-waffle-cone-moulding-machine-cost\/"},"modified":"2025-08-01T09:57:48","modified_gmt":"2025-08-01T09:57:48","slug":"eistute-die-maschine-oem-odm-macht","status":"publish","type":"product","link":"https:\/\/www.hommy.com\/de\/p\/eistute-die-maschine-oem-odm-macht\/","title":{"rendered":"Bdpop-A 32 K\u00f6pfe Eiscreme Waffel Kegel Formmaschine Kosten"},"content":{"rendered":"<div>\n<p>&nbsp;<\/p>\n<h2 style=\"text-align: center\"><strong><span style=\"font-family: arial, helvetica, sans-serif;font-size: 24px\"><a name=\"Ice cream cone machine\"><\/a>Eish\u00f6rnchen-Maschine<\/span><\/strong><\/h2>\n<p style=\"text-align: center\"><a href=\"#Ice cream cone machine\" target=\"_self\" data-lv=\"0\" rel=\"noopener\"><span style=\"font-size: 16px;font-family: arial, helvetica, sans-serif\">Eish\u00f6rnchen-Maschine<\/span><\/a><span style=\"font-size: 16px;font-family: arial, helvetica, sans-serif\">|<a href=\"#Ice Cream Cone Machine\" target=\"_self\" data-lv=\"0\" rel=\"noopener\">Eiscreme-Kegelmaschine<\/a>|<a href=\"#PRODUCT SPECIFICATION\" target=\"_self\" data-lv=\"0\" rel=\"noopener\">PRODUKTSPEZIFIKATION<\/a>|<a href=\"#Product making\" target=\"_self\" data-lv=\"0\" rel=\"noopener\">Produktherstellung<\/a><\/span><\/p>\n<p style=\"text-align: center\"><video src=\"https:\/\/img80002414.weyesimg.com\/uploads\/wij2rdgc.allweyes.com\/video\/15554038518346.mp4\" preload=\"none\" controls=\"\" poster=\"https:\/\/img80002414.weyesimg.com\/uploads\/wij2rdgc.allweyes.com\/images\/15554038317994.jpg\" data-setup=\"{}\" width=\"900\" height=\"640\"><\/video><\/p>\n<p>Wir sind ein f\u00fchrender Hersteller von Eist\u00fcten-Formmaschinen. Unsere halbautomatischen Maschinen werden zum Backen von Eist\u00fcten, Zuckert\u00fcten und Tassen eingesetzt. Wir haben eine breite Palette an Maschinen, die Ihren Bed\u00fcrfnissen entsprechen, und unser Expertenteam ber\u00e4t Sie immer bei der besten Maschine f\u00fcr Ihre Anforderungen. Unsere Maschinen sind einfach zu bedienen und haben eine einj\u00e4hrige Garantie. Bestellen Sie noch heute Ihre Maschine und machen Sie mit der Herstellung k\u00f6stlicher Eist\u00fcten!<\/p>\n<p><\/p>\n<div class=\"d-tem11-graphic tem11-graphic mockup\" data-detail=\"wrap\">\n<div class=\"tab_row\">\n<div class=\"img\" style=\"width: 50%\">\n<p style=\"text-align:center\"><img loading=\"lazy\" decoding=\"async\" title=\"\" alt=\"Produkt-BDPOP-A Eist\u00fcte Machine-Hommy-img\" src=\"https:\/\/www.hommy.com\/wp-content\/uploads\/15795124372418.png\" width=\"350\" height=\"751\" border=\"0\" vspace=\"0\" style=\"width: 350px;height: 751px\"><\/p>\n<\/div>\n<div class=\"text_box\" style=\"width: 50%\">\n<div class=\"txt\">\n<p>&nbsp;<\/p>\n<h2><strong><span style=\"font-family: arial, helvetica, sans-serif;font-size: 24px\"><a name=\"Ice Cream Cone Machine\"><\/a>Eiscreme-Kegelmaschine<\/span><\/strong><\/h2>\n<p>&nbsp;<\/p>\n<p style=\"line-height: 2em\">Halbautomatische Maschine wird zum Backen von Eist\u00fcten, Zuckerkegeln und Tassen verwendet.<br \/>Eine D\u00fcseneinheit kann nur einen Kegel\/Tassentyp backen und produzieren.<br \/>Diese Maschine ist einfach zu bedienen, sie kann durch unqualifizierte Bediener einfach durch einige einfache Aufgaben bedient werden.<br \/>Wir k\u00f6nnen uns auf die Kegelform, das Logo und die Gr\u00f6\u00dfe des Kunden st\u00fctzen, um es zu schaffen. Wir begr\u00fc\u00dfen OEM.<br \/>Sie k\u00f6nnen eine Maschine mit unterschiedlicher Formform bestellen, die Ober- und Unterformen sind austauschbar. In zwei bis drei Stunden k\u00f6nnen Sie die gesamte D\u00fcseneinheit wechseln und mit einer anderen Art von Kegel produzieren.<br \/>Die Heizung erfolgt \u00fcber elektrische Heizungen, die zur Optimierung des Energieverbrauchs und der thermischen Verteilung ausgelegt sind. Sie ist flexibel genug f\u00fcr eine hohe Produktion auf ununterbrochener Basis f\u00fcr 24 Stunden.<br \/>Langlebige, unsch\u00e4dliche Kegelform gem\u00e4\u00df Hygienestandard, die aus Aluminium hergestellt wird.<br \/>Basieren Sie auf der Kegelform, um die Temperatur einzustellen und das Timing zur Steuerung der Kegelform und der H\u00e4rte einzustellen.<\/p>\n<p>&nbsp;<\/p>\n<\/div>\n<\/div>\n<\/div>\n<\/div>\n<p>&nbsp;<\/p>\n<div class=\"text-left d-tem09-title d-interval\" data-detail=\"wrap\">\n<div class=\"title-header\">\n<h2><strong><span style=\"font-size: 24px;font-family: arial, helvetica, sans-serif\"><a name=\"PRODUCT SPECIFICATION\"><\/a>PRODUKTSPEZIFIKATION<\/span><\/strong><\/h2>\n<p><img loading=\"lazy\" decoding=\"async\" src=\"https:\/\/www.hommy.com\/wp-content\/uploads\/16034186879364.png\" title=\"\" alt=\"product-Hommy-img\" width=\"1000\" height=\"494\" border=\"0\" vspace=\"0\" style=\"width: 1000px;height: 494px\"><\/p>\n<\/div>\n<\/div>\n<p><\/p>\n<p style=\"margin-top:0;margin-right:0;margin-bottom:0;margin-left:0;text-indent:0;text-align:justify\"><strong><span style=\"letter-spacing: 0px;font-family: arial, helvetica, sans-serif;font-size: 24px\"><a name=\"Product making\"><\/a>Produktherstellung<\/span><\/strong><\/p>\n<p style=\"margin-top:0;margin-right:0;margin-bottom:0;margin-left:0;text-indent:0;text-align:justify\"><strong><span style=\"letter-spacing: 0px;font-family: arial, helvetica, sans-serif;font-size: 24px\"><br \/><\/span><\/strong><\/p>\n<p style=\"text-indent: 0;padding: 0;line-height: 30px\"><strong><span style=\"letter-spacing: 0px;font-family: arial, helvetica, sans-serif;font-size: 16px\">Au\u00dferdem tragen hochqualifizierte Ingenieure, f\u00e4hige Technologen und sachkundiges Personal viel zur Entwicklung des Unternehmens bei.<\/span><\/strong><\/p>\n<p style=\"margin-top:0;margin-right:0;margin-bottom:0;margin-left:0;line-height:28px\"><strong><span style=\"letter-spacing: 0px;font-family: arial, helvetica, sans-serif;font-size: 16px\">Kurze Einf\u00fchrung in den Betrieb von Cone Maker<\/span><\/strong><\/p>\n<p style=\"margin-top:0;margin-right:0;margin-bottom:0;margin-left:0;line-height:28px\"><span style=\"letter-spacing: 0px;font-family: arial, helvetica, sans-serif;font-size: 16px\"><br \/><\/span><\/p>\n<p style=\"margin-top:0;margin-right:0;margin-bottom:0;margin-left:0\"><span style=\"letter-spacing: 0px;font-family: arial, helvetica, sans-serif;font-size: 16px\">1.Verbinden Sie die Stromversorgung und den Beh\u00e4lter auf der R\u00fcckseite der Maschine. \u00d6ffnen Sie dann die Form und schmieren Sie die Kegelformen mit Pflanzen\u00f6l.<\/span><\/p>\n<p style=\"margin-top:0;margin-right:0;margin-bottom:0;margin-left:0\"><span style=\"font-family: arial, helvetica, sans-serif;font-size: 16px\">&nbsp;<\/span><\/p>\n<p style=\"margin-top:0;margin-right:0;margin-bottom:0;margin-left:0\"><span style=\"letter-spacing: 0px;font-family: arial, helvetica, sans-serif;font-size: 16px\">2.Schlie\u00dfen Sie die Formen und lassen Sie die Maschine 15-20 Minuten vorheizen.<\/span><\/p>\n<p style=\"margin-top:0;margin-right:0;margin-bottom:0;margin-left:0\"><span style=\"font-family: arial, helvetica, sans-serif;font-size: 16px\">&nbsp;<\/span><\/p>\n<p style=\"margin-top:0;margin-right:0;margin-bottom:0;margin-left:0\"><span style=\"letter-spacing: 0px;font-family: arial, helvetica, sans-serif;font-size: 16px\">3.\u00d6ffnen Sie die obere Form<\/span><\/p>\n<p style=\"margin-top:0;margin-right:0;margin-bottom:0;margin-left:0\"><span style=\"font-family: arial, helvetica, sans-serif;font-size: 16px\">&nbsp;<\/span><\/p>\n<p style=\"margin-top:0;margin-right:0;margin-bottom:0;margin-left:0\"><span style=\"letter-spacing: 0px;font-family: arial, helvetica, sans-serif;font-size: 16px\">4. F\u00fcllen Sie die Mischung in die Feader und gie\u00dfen Sie sie in die untere Form<\/span><\/p>\n<p style=\"margin-top:0;margin-right:0;margin-bottom:0;margin-left:0\"><span style=\"font-family:Calibri;font-size:16px\">&nbsp;<\/span><\/p>\n<p style=\"margin-top:0;margin-right:0;margin-bottom:0;margin-left:0\"><span style=\"font-family: Arial;letter-spacing: 0;font-size: 14px\">5.Schlie\u00dfen Sie die obere Form und lassen Sie die Maschine etwa zwei Minuten lang backen.<\/span><\/p>\n<p style=\"margin-top:0;margin-right:0;margin-bottom:0;margin-left:0\"><span style=\"font-family:Calibri;font-size:16px\">&nbsp;<\/span><\/p>\n<p style=\"margin-top:0;margin-right:0;margin-bottom:0;margin-left:0\"><span style=\"font-family: Arial;letter-spacing: 0;font-size: 14px\">6.Zwei Minuten sp\u00e4ter summt der Summer und die Warnleuchte leuchtet auf, dass Sie die Zapfen bereit sind. \u00d6ffnen Sie die obere Form und die untere Form.<\/span><\/p>\n<p style=\"margin-top:0;margin-right:0;margin-bottom:0;margin-left:0\"><span style=\"font-family:Calibri;font-size:16px\">&nbsp;<\/span><\/p>\n<p style=\"margin-top:0;margin-right:0;margin-bottom:0;margin-left:0\"><span style=\"font-family: Arial;letter-spacing: 0;font-size: 14px\">7.Kegel fallen auf den Gleitweg und gleiten in den Beh\u00e4lter.<\/span><\/p>\n<p style=\"margin-top:0;margin-right:0;margin-bottom:0;margin-left:0\"><span style=\"font-family: Arial;letter-spacing: 0;font-size: 14px\"><br \/><\/span><\/p>\n<p><\/p>\n<p>Dokument\uff1a<img decoding=\"async\" src=\"https:\/\/www.hommy.com\/wp-content\/uploads\/icon_pdf-74.gif\" style=\"margin-right: 2px\" alt=\"product-Hommy-img\" title=\"\"><a href=\"https:\/\/img80002414.weyesimg.com\/uploads\/www.hommy.com\/addon\/16028150818760.pdf\" title=\"16028150818760.pdf\" style=\"font-size: 12px\">16028150818760.pdf<\/a><\/p>\n<h2 style=\"font-family: sans-serif\">Wie funktionieren die japanischen Lebensmittelautomaten?<\/h2>\n<p style=\"margin-top: 5px;margin-bottom: 5px;font-family: sans-serif;font-size: 16px\">Sie wissen, wie Verkaufsautomaten funktionieren, oder? Sie erhalten einen Gutschein, geben Ihr Geld ein und Sie bekommen einen Snack, ein Getr\u00e4nk oder einen Kaffee. Aber in Japan ist es ein bisschen anders. Sie erhalten keinen Gutschein und verwenden ihn auf einem Automaten. Stattdessen erhalten Sie eine Prepaid- oder IC-Karte, die Sie f\u00fcr ein Point-of-Sale-System verwenden. Das Point-of-Sale-System ist Teil eines Systems, das als bargeldlose Gesellschaft bekannt ist und bei dem es nicht erforderlich ist, Bargeld f\u00fcr Zahlungen zu \u00fcbergeben. Stattdessen nutzen Sie das Zahlungssystem f\u00fcr Verkaufsautomaten, Superm\u00e4rkte und Convenience-Stores, um Bargeld in Ihrer Prepaid-Karte auszutauschen.<\/p>\n<p style=\"margin-top: 5px;margin-bottom: 5px;font-family: sans-serif;font-size: 16px\"><\/p>\n<h2 style=\"font-family: sans-serif\">Lohnen sich Eisverkaufsautomaten?<\/h2>\n<p style=\"margin-top: 5px;margin-bottom: 5px;font-family: sans-serif;font-size: 16px\">An der Oberfl\u00e4che scheint es, dass ich die letzte Person bin, die jemals \u00fcber die Machbarkeit von Eisautomaten nachdenken w\u00fcrde. Aber nach den letzten drei Tagen werde ich froh sein, dass ich diesen Artikel gelesen habe: Wie Eisautomaten der perfekte Weg sind, um Ihre Getr\u00e4nke abzuk\u00fchlen. Ich mag den Geschmack von Eisw\u00fcrfeln nicht und trinke nicht aus einem gro\u00dfen Getr\u00e4nk, also w\u00fcrde ich keinen kaufen, wenn ich nicht im Kino w\u00e4re. Der Artikel beginnt damit, zu sagen, dass Eisautomaten der letzte Schrei sind, wenn der Sommer vor uns geht. Warum? Weil es hei\u00df ist und man mit gefrorenem Zeug vorbereitet sein muss. Naja, das ist nur dumm!<\/p>\n<p style=\"margin-top: 5px;margin-bottom: 5px;font-family: sans-serif;font-size: 16px\"><\/p>\n<h2 style=\"font-family: sans-serif\">Warum hat mir ein Automat mehr berechnet?<\/h2>\n<p style=\"margin-top: 5px;margin-bottom: 5px;font-family: sans-serif;font-size: 16px\">Als ich zum Beispiel in der High School war, hatte ich mein eigenes Fahrrad. Leider hatte die Fahrradreparaturwerkstatt der Schule keinen funktionierenden \"Reparatur\" -Computer, also riefen sie einfach meinen Vater an, der einen hatte, und sagte ihm, er solle ihn mitbringen. Als mein Vater in der Schule ankam, bekamen die Mitarbeiter der Reparaturwerkstatt eine Nachricht, dass ich dort war, und dann riefen sie Papa an, um ihm zu sagen, dass es bereit war. Leider riefen sie manchmal Papa bei der Arbeit an, was je nach Schicht eine 5-st\u00fcndige Hin- und R\u00fcckfahrt f\u00fcr ihn sein k\u00f6nnte. Er begann sich ein bisschen \u00fcber all die Anrufe zu \u00e4rgern und sagte der Reparaturwerkstatt, dass er nur die Aufgabe \u00fcbernehmen w\u00fcrde, das Fahrrad zu ihnen zu bringen, wenn er kostenlose Telefonzeit h\u00e4tte. Der Laden stimmte dem zu, und Papa erhielt jeden Tag um 11:00 Uhr, 12:00 Uhr, 1:00 Uhr und so weiter Anrufe aus dem Laden, bis er ihnen sagte, sie sollten aufh\u00f6ren.<\/p>\n<\/div><\/div>","protected":false},"excerpt":{"rendered":"<p>&nbsp; Ice cream cone machine Ice cream cone machine|Ice Cream Cone Machine|PRODUCT SPECIFICATION|Product making We are a leading manufacturer of Ice Cream Cone moulding machines. Our semi-automatic machines are used for baking ice cream cones, sugar cones and cups. We have a wide range of machines to suit your needs and our team of experts [&hellip;]<\/p>\n","protected":false},"featured_media":969,"comment_status":"open","ping_status":"open","template":"","meta":{"_swt_meta_header_display":false,"_swt_meta_footer_display":false,"_swt_meta_site_title_display":false,"_swt_meta_sticky_header":false,"_swt_meta_transparent_header":false},"product_brand":[],"product_cat":[87],"product_tag":[],"class_list":{"0":"post-972","1":"product","2":"type-product","3":"status-publish","4":"has-post-thumbnail","6":"product_cat-ice-cream-cone-machine","8":"first","9":"instock","10":"shipping-taxable","11":"product-type-simple"},"_links":{"self":[{"href":"https:\/\/www.hommy.com\/de\/wp-json\/wp\/v2\/product\/972","targetHints":{"allow":["GET"]}}],"collection":[{"href":"https:\/\/www.hommy.com\/de\/wp-json\/wp\/v2\/product"}],"about":[{"href":"https:\/\/www.hommy.com\/de\/wp-json\/wp\/v2\/types\/product"}],"replies":[{"embeddable":true,"href":"https:\/\/www.hommy.com\/de\/wp-json\/wp\/v2\/comments?post=972"}],"wp:featuredmedia":[{"embeddable":true,"href":"https:\/\/www.hommy.com\/de\/wp-json\/wp\/v2\/media\/969"}],"wp:attachment":[{"href":"https:\/\/www.hommy.com\/de\/wp-json\/wp\/v2\/media?parent=972"}],"wp:term":[{"taxonomy":"product_brand","embeddable":true,"href":"https:\/\/www.hommy.com\/de\/wp-json\/wp\/v2\/product_brand?post=972"},{"taxonomy":"product_cat","embeddable":true,"href":"https:\/\/www.hommy.com\/de\/wp-json\/wp\/v2\/product_cat?post=972"},{"taxonomy":"product_tag","embeddable":true,"href":"https:\/\/www.hommy.com\/de\/wp-json\/wp\/v2\/product_tag?post=972"}],"curies":[{"name":"wp","href":"https:\/\/api.w.org\/{rel}","templated":true}]}}