{"id":968,"date":"2024-07-02T17:29:21","date_gmt":"2024-07-02T17:29:21","guid":{"rendered":"http:\/\/localhost\/hommywp\/bdpop-d-60-heads-automatic-ice-cream-cone-machine-for-sale\/"},"modified":"2025-08-01T09:57:48","modified_gmt":"2025-08-01T09:57:48","slug":"bdpop-d-automatische-eiswaffelmaschine","status":"publish","type":"product","link":"https:\/\/www.hommy.com\/de\/p\/bdpop-d-automatische-eiswaffelmaschine\/","title":{"rendered":"Bdpop-D 60 K\u00f6pfe Automatische Eiscreme Kegel Maschine zu verkaufen"},"content":{"rendered":"<div>\n<p><\/p>\n<p style=\"text-align: center\"><strong><span style=\"font-family: arial, helvetica, sans-serif;font-size: 24px\"><span style=\"font-family: arial, helvetica, sans-serif\"><a name=\"Automatic Ice Cream Cone Machine\"><\/a>A<\/span><span style=\"font-family: arial, helvetica, sans-serif;letter-spacing: 0px\">Utomatic Eist\u00fcte Maschine<\/span><\/span><\/strong><\/p>\n<p style=\"text-align: center\"><a href=\"#Automatic Ice Cream Cone Machine\" target=\"_self\" data-lv=\"0\" rel=\"noopener\"><span style=\"font-family: arial, helvetica, sans-serif;font-size: 16px\">Automatische Eist\u00fctemaschine<\/span><\/a><span style=\"font-family: arial, helvetica, sans-serif;font-size: 16px\">|<a href=\"#Ice Cream Cone Machine\" target=\"_self\" data-lv=\"0\" rel=\"noopener\">Eiscreme-Kegelmaschine<\/a>|<a href=\"#Product specification\" target=\"_self\" data-lv=\"0\" rel=\"noopener\">Produktspezifikation<\/a>|<a href=\"#Product making\" target=\"_self\" data-lv=\"0\" rel=\"noopener\">Produktherstellung<\/a><\/span><\/p>\n<p><\/p>\n<p><\/p>\n<p style=\"text-align: center\">&nbsp;&nbsp;&nbsp;&nbsp;<\/p>\n<p>Diese Maschinen werden unter Verwendung von hochwertigen Rohstoffen und modernster Technologie gem\u00e4\u00df den Industrienormen hergestellt. Aufgrund der \u00fcberlegenen Qualit\u00e4t und Ausstattung ist unsere angebotene Auswahl an Eist\u00fctenmaschinen auf dem Markt sehr gefragt. Die angebotenen Maschinen werden von unseren Qualit\u00e4tsreglern auf mehrere Parameter \u00fcberpr\u00fcft.<\/p>\n<p><\/p>\n<div class=\"d-tem01-graphic tem01-graphic mockup\" data-detail=\"wrap\">\n<div class=\"cont-section clearfix d-clearfix\">\n<div class=\"col-md-6 col-sm-6 col-xs-6\">\n<div class=\"right-p\">\n<h2><img loading=\"lazy\" decoding=\"async\" src=\"https:\/\/www.hommy.com\/wp-content\/uploads\/16034215628478.jpg\" alt=\"Produkt-BDPOP-D Automatik-Eiskegel-Maschine-Hommy-img\" style=\"font-size: 14px;width: 500px;height: 326px\" title=\"\" width=\"500\" height=\"326\" border=\"0\" vspace=\"0\"><span style=\"font-size: 14px\">&nbsp; &nbsp; &nbsp; <span style=\"font-size: 14px;font-family: arial, helvetica, sans-serif\"><strong><span style=\"font-size: 24px\"><a name=\"        Ice Cream Cone Machine\"><\/a>&nbsp; &nbsp; &nbsp; &nbsp;<\/span><\/strong><\/span><\/span><\/h2>\n<\/div>\n<\/div>\n<div class=\"col-md-6 col-sm-6 col-xs-6\">\n<div class=\"right-p\">\n<div class=\"h2 heading\">\n<h2><span style=\"font-family: arial, helvetica, sans-serif;font-size: 24px\"><strong><span style=\"font-family: arial, helvetica, sans-serif\"><a name=\"Ice Cream Cone Machine\"><\/a>Eiscreme-Kegelmaschine<\/span><\/strong><strong><span style=\"font-family: arial, helvetica, sans-serif\"><\/span><\/strong><\/span><\/h2>\n<p><strong><span style=\"font-family: Calibri;font-size: 19px\"><br \/><\/span><\/strong><\/p>\n<p style=\"margin-left:32px\"><span style=\"font-family:Calibri;font-size:16px\">\u2022 Halbautomatische Maschine wird zum Backen von Eist\u00fcten, Zuckerkegeln und Tassen verwendet.<\/span><\/p>\n<p style=\"margin-left:32px\"><span style=\"font-family:Calibri;font-size:16px\">\u2022 Eine Matrize kann nur einen Kegel- \/ Bechertyp backen und produzieren.<\/span><\/p>\n<p><span style=\"font-family:Calibri;font-size:16px\">&nbsp;Diese Maschine einfache Bedienung, es kann leicht sein <\/span><span style=\"font-family:\u5b8b\u4f53;font-size:16px\">zu <\/span><span style=\"font-family:Calibri;font-size:16px\">Wird von ungelernten Bedienern durch einige einfache Aufgaben betrieben.<\/span><\/p>\n<p style=\"margin-left:32px\"><span style=\"font-family:Calibri;font-size:16px\">\u2022 Wir k\u00f6nnen auf der Kegelform, dem Logo und der Gr\u00f6\u00dfe des Kunden basieren, um es zu schaffen. Wir begr\u00fc\u00dfen OEM.<\/span><\/p>\n<p style=\"margin-left:32px\"><span style=\"font-family:Calibri;font-size:16px\">\u2022 Sie k\u00f6nnen eine Maschine mit unterschiedlicher Formform bestellen. Die oberen und unteren Formen sind austauschbar. In zwei bis drei Stunden k\u00f6nnen Sie die gesamte D\u00fcseneinheit wechseln und mit einer anderen Art von Kegel produzieren.<\/span><\/p>\n<p style=\"margin-left:32px\"><span style=\"font-family:Calibri;font-size:16px\">\u2022 Die Heizung erfolgt \u00fcber elektrische Heizungen, die zur Optimierung des Energieverbrauchs und der thermischen Verteilung ausgelegt sind. Sie ist flexibel genug f\u00fcr eine hohe Produktion auf ununterbrochener Basis f\u00fcr 24 Stunden.<\/span><\/p>\n<p style=\"margin-left:32px\"><span style=\"font-family:Calibri;font-size:16px\">\u2022 Langlebige, unsch\u00e4dliche Kegelform gem\u00e4\u00df Hygienestandard, der in Aluminium hergestellt wird.<\/span><\/p>\n<p style=\"margin-left:32px\"><span style=\"font-family:Calibri;font-size:16px\">\u2022 Basieren Sie auf der Kegelform, um die Temperatur einzustellen und das Timing f\u00fcr die Steuerung des Kegels einzurichten<\/span><span style=\"font-family:\u5b8b\u4f53;font-size:16px\">&nbsp;<\/span><span style=\"font-family:Calibri;font-size:16px\">Form und H\u00e4rte.<\/span><\/p>\n<p><span><\/span><\/div>\n<\/div>\n<\/div>\n<\/div>\n<\/div>\n<p><strong><span style=\"letter-spacing: 0px;font-family: arial, helvetica, sans-serif;font-size: 24px\"><a name=\"Product specification\"><\/a>Produktspezifikation<\/span><\/strong><\/p>\n<p><strong><span style=\"letter-spacing: 0px;font-family: arial, helvetica, sans-serif;font-size: 24px\"><img loading=\"lazy\" decoding=\"async\" src=\"https:\/\/www.hommy.com\/wp-content\/uploads\/16034212553308.png\" title=\"\" alt=\"product-Hommy-img\" width=\"1000\" height=\"494\" border=\"0\" vspace=\"0\" style=\"width: 1000px;height: 494px\"><\/span><\/strong><\/p>\n<p><strong><span style=\"letter-spacing: 0px;font-family: arial, helvetica, sans-serif;font-size: 24px\"><br \/><\/span><\/strong><\/p>\n<p><\/p>\n<p style=\"margin-top:0;margin-right:0;margin-bottom:0;margin-left:0;text-indent:0;text-align:justify\"><span style=\"font-size: 24px\"><strong><span style=\"letter-spacing: 0px;font-family: arial, helvetica, sans-serif\"><a name=\"Product making\"><\/a>Produktherstellung<\/span><\/strong><\/span><\/p>\n<p style=\"margin-top:0;margin-right:0;margin-bottom:0;margin-left:0;text-indent:0;text-align:justify\"><span style=\"letter-spacing: 0px;font-family: arial, helvetica, sans-serif;font-size: 16px\"><br \/><\/span><\/p>\n<p style=\"text-indent: 0;padding: 0;line-height: 30px\"><span style=\"letter-spacing: 0px;font-family: arial, helvetica, sans-serif;font-size: 16px\">Au\u00dferdem tragen hochqualifizierte Ingenieure, f\u00e4hige Technologen und sachkundiges Personal viel zur Entwicklung des Unternehmens bei.<\/span><\/p>\n<p style=\"margin-top:0;margin-right:0;margin-bottom:0;margin-left:0;line-height:28px\"><span style=\"letter-spacing: 0px;font-family: arial, helvetica, sans-serif;font-size: 16px\">Kurze Einf\u00fchrung in den Betrieb von Cone Maker<\/span><\/p>\n<p style=\"margin-top:0;margin-right:0;margin-bottom:0;margin-left:0;line-height:28px\"><span style=\"letter-spacing: 0px;font-family: arial, helvetica, sans-serif;font-size: 16px\"><br \/><\/span><\/p>\n<p style=\"margin-top:0;margin-right:0;margin-bottom:0;margin-left:0\"><span style=\"letter-spacing: 0px;font-family: arial, helvetica, sans-serif;font-size: 16px\">1.Verbinden Sie die Stromversorgung und den Beh\u00e4lter auf der R\u00fcckseite der Maschine. \u00d6ffnen Sie dann die Form und schmieren Sie die Kegelformen mit Pflanzen\u00f6l.<\/span><\/p>\n<p style=\"margin-top:0;margin-right:0;margin-bottom:0;margin-left:0\"><span style=\"font-family: arial, helvetica, sans-serif;font-size: 16px\">&nbsp;<\/span><\/p>\n<p style=\"margin-top:0;margin-right:0;margin-bottom:0;margin-left:0\"><span style=\"letter-spacing: 0px;font-family: arial, helvetica, sans-serif;font-size: 16px\">2.Schlie\u00dfen Sie die Formen und lassen Sie die Maschine 15-20 Minuten vorheizen.<\/span><\/p>\n<p style=\"margin-top:0;margin-right:0;margin-bottom:0;margin-left:0\"><span style=\"font-family: arial, helvetica, sans-serif;font-size: 16px\">&nbsp;<\/span><\/p>\n<p style=\"margin-top:0;margin-right:0;margin-bottom:0;margin-left:0\"><span style=\"letter-spacing: 0px;font-family: arial, helvetica, sans-serif;font-size: 16px\">3.\u00d6ffnen Sie die obere Form<\/span><\/p>\n<p style=\"margin-top:0;margin-right:0;margin-bottom:0;margin-left:0\"><span style=\"font-family: arial, helvetica, sans-serif;font-size: 16px\">&nbsp;<\/span><\/p>\n<p style=\"margin-top:0;margin-right:0;margin-bottom:0;margin-left:0\"><span style=\"letter-spacing: 0px;font-family: arial, helvetica, sans-serif;font-size: 16px\">4. F\u00fcllen Sie die Mischung in die Feader und gie\u00dfen Sie sie in die untere Form<\/span><\/p>\n<p style=\"margin-top:0;margin-right:0;margin-bottom:0;margin-left:0\"><span style=\"font-family: arial, helvetica, sans-serif;font-size: 16px\">&nbsp;<\/span><\/p>\n<p style=\"margin-top:0;margin-right:0;margin-bottom:0;margin-left:0\"><span style=\"letter-spacing: 0px;font-family: arial, helvetica, sans-serif;font-size: 16px\">5.Schlie\u00dfen Sie die obere Form und lassen Sie die Maschine etwa zwei Minuten lang backen.<\/span><\/p>\n<p style=\"margin-top:0;margin-right:0;margin-bottom:0;margin-left:0\"><span style=\"font-family: arial, helvetica, sans-serif;font-size: 16px\">&nbsp;<\/span><\/p>\n<p style=\"margin-top:0;margin-right:0;margin-bottom:0;margin-left:0\"><span style=\"letter-spacing: 0px;font-family: arial, helvetica, sans-serif;font-size: 16px\">6.Zwei Minuten sp\u00e4ter summt der Summer und die Warnleuchte leuchtet auf, dass Sie die Zapfen bereit sind. \u00d6ffnen Sie die obere Form und die untere Form.<\/span><\/p>\n<p style=\"margin-top:0;margin-right:0;margin-bottom:0;margin-left:0\"><span style=\"font-family: arial, helvetica, sans-serif;font-size: 16px\">&nbsp;<\/span><\/p>\n<p style=\"margin-top:0;margin-right:0;margin-bottom:0;margin-left:0\"><span style=\"letter-spacing: 0px;font-family: arial, helvetica, sans-serif;font-size: 16px\">7.Kegel fallen auf den Gleitweg und gleiten in den Beh\u00e4lter.<\/span><\/p>\n<p><span style=\"font-family: arial, helvetica, sans-serif;font-size: 16px\"><strong><span style=\"letter-spacing: 0px;font-family: arial, helvetica, sans-serif;font-size: 24px\"><br \/><\/span><\/strong>Dokument:<\/span><img decoding=\"async\" src=\"https:\/\/www.hommy.com\/wp-content\/uploads\/icon_pdf-73.gif\" style=\"margin-right: 2px\" alt=\"product-Hommy-img\" title=\"\"><a href=\"https:\/\/img80002414.weyesimg.com\/uploads\/www.hommy.com\/addon\/16034215175307.pdf\" title=\"16034215175307.pdf\" style=\"font-size: 12px\">16034215175307.pdf<\/a><\/p>\n<p><span style=\"font-family: arial, helvetica, sans-serif;font-size: 16px\"><\/span><\/p>\n<h2>Wie h\u00e4lt man das Eis nach dem Einfrieren weich?<\/h2>\n<p style=\"margin-top: 5px;margin-bottom: 5px\"><\/p>\n<p style=\"margin-top: 5px;margin-bottom: 5px\">Ich habe heute Eis gemacht (siehe meine andere Eiscremepost) und nachdem ich es eingefroren habe, habe ich es wieder in den Gefrierschrank gestellt, um es weich zu halten. Es hat nicht funktioniert! Das Eis wurde hart. Wie h\u00e4lt man das Eis nach dem Einfrieren weich?<\/p>\n<p style=\"margin-top: 5px;margin-bottom: 5px\"><\/p>\n<p style=\"margin-top: 5px;margin-bottom: 5px\">Ich stelle meine ungef\u00e4hr eine Stunde lang in den Gefrierschrank, dann ungef\u00e4hr 3 Stunden in den K\u00fchlschrank und dann wieder 3-4 Stunden in den Gefrierschrank. Ich fand, dass das Eis ein bisschen k\u00f6rnig wird, wenn ich es zu lange in den Gefrierschrank stelle.<\/p>\n<p style=\"margin-top: 5px;margin-bottom: 5px\"><\/p>\n<h2>Wie verdickt man Eis? <a style=\"color:blue\" href=\"\/de\/\">Eismaschine<\/a>?<\/h2>\n<p style=\"margin-top: 5px;margin-bottom: 5px\"><\/p>\n<p style=\"margin-top: 5px;margin-bottom: 5px\">Hallo allerseits! Ich mache dieses Wochenende zum ersten Mal Eis. Ich habe nur ein paar Fragen zum Einfrieren von Eis. Ich habe dieses Rezept verwendet: http:\/\/www.thekitchn.com\/a-simple-homemade-vanilla-ice-cream-recipe-151473.<\/p>\n<p style=\"margin-top: 5px;margin-bottom: 5px\"><\/p>\n<p style=\"margin-top: 5px;margin-bottom: 5px\">1) Muss ich der Eismaschine etwas extra hinzuf\u00fcgen? Ich benutze nur eine Eismaschine, die ich habe.<\/p>\n<p style=\"margin-top: 5px;margin-bottom: 5px\"><\/p>\n<p style=\"margin-top: 5px;margin-bottom: 5px\">2) F\u00fcgen Sie der Eismischung etwas mehr hinzu, sobald sie hergestellt ist? Ich habe eine sehr gro\u00dfe Charge (8 Tassen) Vanilleeis<\/p>\n<p style=\"margin-top: 5px;margin-bottom: 5px\"><\/p>\n<h2>Ben\u00f6tigen Sie Steinsalz f\u00fcr die Eismaschine?<\/h2>\n<p style=\"margin-top: 5px;margin-bottom: 5px\"><\/p>\n<p style=\"margin-top: 5px;margin-bottom: 5px\">Dies ist eine Fortsetzung meines vorherigen Beitrags dar\u00fcber, wie ich mit meiner Eismaschine erfolgreich Eis gemacht habe. Ich habe einige Fragen zu dem Salz erhalten, das ich in meiner Eismaschine verwendet habe. Ich erkl\u00e4re den Prozess ein wenig mehr, um Ihnen zu helfen, ihn ein wenig besser zu verstehen.<\/p>\n<\/div><\/div>","protected":false},"excerpt":{"rendered":"<p>Automatic Ice Cream Cone Machine Automatic Ice Cream Cone Machine|Ice Cream Cone Machine|Product specification|Product making &nbsp;&nbsp;&nbsp;&nbsp; These machines are manufactured using premium quality raw materials and latest technology in accordance with the industry norms. Owing to the superior quality and features, our offered range of Ice Cream Cone Machines is highly demanded in the market. [&hellip;]<\/p>\n","protected":false},"featured_media":965,"comment_status":"open","ping_status":"open","template":"","meta":{"_swt_meta_header_display":false,"_swt_meta_footer_display":false,"_swt_meta_site_title_display":false,"_swt_meta_sticky_header":false,"_swt_meta_transparent_header":false},"product_brand":[],"product_cat":[87],"product_tag":[],"class_list":{"0":"post-968","1":"product","2":"type-product","3":"status-publish","4":"has-post-thumbnail","6":"product_cat-ice-cream-cone-machine","8":"first","9":"instock","10":"shipping-taxable","11":"product-type-simple"},"_links":{"self":[{"href":"https:\/\/www.hommy.com\/de\/wp-json\/wp\/v2\/product\/968","targetHints":{"allow":["GET"]}}],"collection":[{"href":"https:\/\/www.hommy.com\/de\/wp-json\/wp\/v2\/product"}],"about":[{"href":"https:\/\/www.hommy.com\/de\/wp-json\/wp\/v2\/types\/product"}],"replies":[{"embeddable":true,"href":"https:\/\/www.hommy.com\/de\/wp-json\/wp\/v2\/comments?post=968"}],"wp:featuredmedia":[{"embeddable":true,"href":"https:\/\/www.hommy.com\/de\/wp-json\/wp\/v2\/media\/965"}],"wp:attachment":[{"href":"https:\/\/www.hommy.com\/de\/wp-json\/wp\/v2\/media?parent=968"}],"wp:term":[{"taxonomy":"product_brand","embeddable":true,"href":"https:\/\/www.hommy.com\/de\/wp-json\/wp\/v2\/product_brand?post=968"},{"taxonomy":"product_cat","embeddable":true,"href":"https:\/\/www.hommy.com\/de\/wp-json\/wp\/v2\/product_cat?post=968"},{"taxonomy":"product_tag","embeddable":true,"href":"https:\/\/www.hommy.com\/de\/wp-json\/wp\/v2\/product_tag?post=968"}],"curies":[{"name":"wp","href":"https:\/\/api.w.org\/{rel}","templated":true}]}}