{"id":964,"date":"2024-07-02T17:25:13","date_gmt":"2024-07-02T17:25:13","guid":{"rendered":"http:\/\/localhost\/hommywp\/hm22-smoothie-blender-ice-cream-mixer-machine-gelato-milkshake\/"},"modified":"2025-08-01T09:57:48","modified_gmt":"2025-08-01T09:57:48","slug":"groshandel-eiscreme-mixer-gelato-mixer","status":"publish","type":"product","link":"https:\/\/www.hommy.com\/de\/p\/groshandel-eiscreme-mixer-gelato-mixer\/","title":{"rendered":"Hm22 Smoothie-Mixer, Eiscreme-Maschine, Gelato-Milchshake"},"content":{"rendered":"<div>\n<h2 style=\"text-align: center;\"><strong><span style=\"font-size: 24px; font-family: arial, helvetica, sans-serif;\">Smoothie-Maker<\/span><\/strong><\/h2>\n<p style=\"text-align: center;\"><a href=\"#Smoothie Maker\" target=\"_self\" rel=\"noopener\" data-lv=\"0\">Smoothie-Maker<\/a>|<a href=\"#Product specification\" target=\"_self\" rel=\"noopener\" data-lv=\"0\">Produktspezifikation<\/a>|<a href=\"#Product Features\" target=\"_self\" rel=\"noopener\" data-lv=\"0\">Produktmerkmale<\/a>|<a href=\"#Product Advantage\" target=\"_self\" rel=\"noopener\" data-lv=\"0\">Produktvorteil<\/a><\/p>\n<p>&nbsp;<\/p>\n<p>Wir verf\u00fcgen \u00fcber eine vollst\u00e4ndige Dokumentation dieser Hersteller, um sicherzustellen, dass unsere Kunden das Beste von unseren Herstellern erhalten.<\/p>\n<p>&nbsp;<\/p>\n<p>Wir bieten Ihnen diesen Smoothie-Mixer an, mit dem Sie die dicksten und schmackhaftesten Smoothies herstellen k\u00f6nnen. Er ist ideal f\u00fcr den Einsatz in Caf\u00e9s, Hotels, Restaurants, in der Gastronomie oder an anderen Orten, an denen Smoothie-Getr\u00e4nke serviert werden. Sie sind auch bekannt daf\u00fcr, dass sie sehr n\u00fctzlich f\u00fcr Smoothie-Liebhaber sind, die immer Smoothies brauchen, um ihren K\u00f6rper zu hydrieren.<\/p>\n<p>Die neue Generation professioneller Mixer unterscheidet sich stark von den alten. So hat der Smoothie-Mixer viele neue Funktionen und ist f\u00fcr unterschiedliche Bed\u00fcrfnisse sinnvoller.<\/p>\n<p>&nbsp;<\/p>\n<h2>&nbsp;<\/h2>\n<p>&nbsp;<\/p>\n<div class=\"text-left d-tem09-title d-interval\" data-detail=\"wrap\">\n<div class=\"title-header\">\n<div class=\"title\">\n<h2><span style=\"letter-spacing: 0px; font-size: 24px; font-family: arial, helvetica, sans-serif;\"><a name=\"Product specification\"><\/a>Produktspezifikation<\/span><\/h2>\n<p>&nbsp;<\/p>\n<\/div>\n<div class=\"subtitle\">\n<p style=\"text-indent: 0; padding: 0; line-height: 30px;\">&nbsp;<\/p>\n<figure><img decoding=\"async\" src=\"https:\/\/www.hommy.com\/wp-content\/uploads\/16013494393409.png\" alt=\"Produkt-HM22 Smoothie-Mixer-Hommy-img\" title=\"\"><\/figure><p style=\"text-align: center;\"><span style=\"letter-spacing: 0px; font-family: arial, helvetica, sans-serif; font-size: 16px;\"><\/span><\/p>\n<p style=\"text-indent: 0;\"><span style=\"font-family: Arial; letter-spacing: 0; font-size: 14px;\">&nbsp;<\/span><\/p>\n<p>&nbsp;<\/p>\n<\/div>\n<\/div>\n<\/div>\n<p>&nbsp;<\/p>\n<div class=\"d-tem11-graphic tem11-graphic mockup\" data-detail=\"wrap\">\n<div class=\"tab_row\">\n<div class=\"img\" style=\"width: 50%;\">\n<figure><img loading=\"lazy\" decoding=\"async\" style=\"width: 350px; height: 533px;\" title=\"\" src=\"https:\/\/www.hommy.com\/wp-content\/uploads\/16013494779858.jpg\" alt=\"product-Hommy-img\" width=\"350\" height=\"533\" border=\"0\" vspace=\"0\"><\/figure><p style=\"text-align: center;\"><\/p>\n<\/div>\n<div class=\"text_box\" style=\"width: 50%;\">\n<div class=\"txt\">\n<div class=\"title\">\n<h2><strong style=\"font-size: 24px; text-align: justify;\"><span style=\"letter-spacing: 0px; font-family: arial, helvetica, sans-serif;\"><a name=\"Product Features\"><\/a>Produktmerkmale:<\/span><\/strong><\/h2>\n<p><span style=\"font-family: Tahoma; font-size: 16px;\">Produktangebot: Ideal f\u00fcr die Zubereitung der gew\u00fcnschten Mix-Ins aus verschiedenen Zutaten.<\/span><\/p>\n<p style=\"text-indent: 0; text-align: justify; margin: 0;\"><span style=\"font-family: Calibri; letter-spacing: 0; font-size: 16px;\">\"Einfach zu bedienen. <\/span><\/p>\n<p style=\"text-indent: 0; text-align: justify; margin: 0;\"><span style=\"font-family: Calibri; letter-spacing: 0; font-size: 16px;\">\u00a2Einfach zu reinigen. <\/span><\/p>\n<p style=\"text-indent: 0; text-align: justify; margin: 0;\"><span style=\"font-family: Calibri; letter-spacing: 0; font-size: 16px;\">*Sicher f\u00fcr den Benutzer.<\/span><\/p>\n<p style=\"text-indent: 0; text-align: justify; margin: 0;\"><span style=\"font-family: Calibri; letter-spacing: 0; font-size: 16px;\">Permanentes R\u00fchrwerk:<\/span><\/p>\n<p style=\"text-indent: 0; text-align: justify; margin: 0;\"><span style=\"font-family: Calibri; letter-spacing: 0; font-size: 16px;\">Mischen von Zutaten wie Hartkaramellen, Keksen in gefrorenem Joghurt, Softeis oder Harteis mit einem st\u00e4ndigen R\u00fchrwerk, um die gew\u00fcnschten Mix-Ins herzustellen.<\/span><\/p>\n<p style=\"text-indent: 0; text-align: justify; margin: 0;\"><span style=\"font-family: Calibri; letter-spacing: 0; font-size: 16px;\">Aufwiegler:<\/span><\/p>\n<p style=\"text-indent: 0; text-align: justify; margin: 0;\"><span style=\"font-family: Calibri; letter-spacing: 0; font-size: 16px;\">Es gibt drei verschiedene Klingen f\u00fcr unterschiedliche Zutaten. <\/span><\/p>\n<p style=\"text-indent: 0; text-align: justify; margin: 0;\"><span style=\"font-family: Calibri; letter-spacing: 0; font-size: 16px;\">*Spezial f\u00fcr Milchshake.<\/span><\/p>\n<p style=\"text-indent: 0; text-align: justify; margin: 0;\"><span style=\"font-family: Calibri; letter-spacing: 0; font-size: 16px;\">*Spezial f\u00fcr Harteis.<\/span><\/p>\n<p style=\"text-indent: 0; text-align: justify; margin: 0;\"><span style=\"font-family: Calibri; letter-spacing: 0; font-size: 16px;\">*Spezial f\u00fcr Softeiscreme.<\/span><\/p>\n<\/div>\n<\/div>\n<\/div>\n<\/div>\n<\/div>\n<p>&nbsp;<\/p>\n<div class=\"text-left d-tem09-title d-interval\" data-detail=\"wrap\">\n<div class=\"title-header\">\n<div class=\"title\">\n<h2><span style=\"font-family: arial, helvetica, sans-serif; font-size: 24px;\"><a name=\"Product Advantage\"><\/a><a name=\"Product Advantage\"><\/a>Produktvorteil<\/span><\/h2>\n<p>&nbsp;<\/p>\n<\/div>\n<\/div>\n<\/div>\n<div class=\"d-tem01-graphic tem01-graphic mockup\" data-detail=\"wrap\">\n<div class=\"cont-section clearfix d-clearfix\">\n<div class=\"col-md-6 col-sm-6 col-xs-6\">\n<div class=\"right-p\">\n<div class=\"h2 heading\">\n<p><span style=\"letter-spacing: 0px; font-size: 16px; font-family: arial, helvetica, sans-serif;\">Verwenden Sie eine Maschine kann mehr produzieren, Sie nur \u00e4ndern Mixer und w\u00e4hlen Sie verschiedene Material, das Milchshake &amp; Smoothie gemacht werden kann.&nbsp;<\/span><\/p>\n<p><span style=\"font-family: \u5b8b\u4f53; letter-spacing: 0; font-size: 16px;\">&nbsp;<\/span><\/p>\n<p>&nbsp;<\/p>\n<p>&nbsp;<\/p>\n<p>&nbsp;<\/p>\n<p><span style=\"font-family: \u5b8b\u4f53; letter-spacing: 0; font-size: 16px;\">&nbsp;<\/span><\/p>\n<\/div>\n<\/div>\n<div class=\"graphic_pic animated wow bounceIn\" data-wow-delay=\".7s\">\n<figure><img loading=\"lazy\" decoding=\"async\" style=\"width: 500px; height: 264px;\" title=\"\" src=\"https:\/\/www.hommy.com\/wp-content\/uploads\/16013496037383.png\" alt=\"product-Hommy-img\" width=\"500\" height=\"264\" border=\"0\" vspace=\"0\"><\/figure><p style=\"text-align: center;\"><\/p>\n<\/div>\n<\/div>\n<div class=\"col-md-6 col-sm-6 col-xs-6\">\n<div class=\"right-p\">\n<div class=\"h2 heading\">\n<p><span style=\"font-family: arial, helvetica, sans-serif;\"><span style=\"letter-spacing: 0px; font-size: 16px;\">HM22 mit <a style=\"color: blue;\" href=\"\/de\/\">Speiseeismaschine<\/a> Zu einem Milchshake oder Smoothie verr\u00fchren. <\/span><span style=\"letter-spacing: 0px; font-size: 16px;\">Smoothie's Hauptzutaten sind Obst und Gem\u00fcse (frisch, gefroren, Fruchtsaft), mit einer kleinen Menge von Sirup oder Joghurt Milch, auch Erdnussbutter Schokolade aromatisiert Milkshake's Hauptzutaten sind Milch, Joghurt oder Eis (alle Milchprodukte), und dann auch In Bezug auf die Geschmacksstoffe wie Sirup und Fruchtsaft, Smoothie ist vor allem Kohlenhydrate (Zucker, Ballaststoffe), und Milkshake ist vor allem aus Fett und Eiwei\u00df aus Milchprodukten.<\/span><\/span><\/p>\n<p><span style=\"font-family: Calibri; letter-spacing: 0; font-size: 16px;\">&nbsp;<\/span><\/p>\n<\/div>\n<\/div>\n<div class=\"graphic_pic animated wow bounceIn\" data-wow-delay=\".7s\">\n<figure><img loading=\"lazy\" decoding=\"async\" style=\"width: 400px; height: 505px;\" title=\"\" src=\"https:\/\/www.hommy.com\/wp-content\/uploads\/16013497935430.png\" alt=\"product-Hommy-img\" width=\"400\" height=\"505\" border=\"0\" vspace=\"0\"><\/figure><p style=\"text-align: center;\"><\/p>\n<\/div>\n<\/div>\n<\/div>\n<\/div>\n<p><span style=\"font-family: Calibri; font-size: 14px;\">Dokument:<\/span><img decoding=\"async\" style=\"margin-right: 2px;\" src=\"https:\/\/www.hommy.com\/wp-content\/uploads\/icon_pdf-72.gif\" alt=\"product-Hommy-img\" title=\"\"><a style=\"font-size: 12px;\" title=\"16025790539753.pdf\" href=\"https:\/\/img80002414.weyesimg.com\/uploads\/www.hommy.com\/addon\/16025790539753.pdf\">16025790539753.pdf<\/a><\/p>\n<p>&nbsp;<\/p>\n<h2>Was kann ich anstelle eines <a style=\"color: blue;\" href=\"\/de\/\">Eismaschine<\/a>?<\/h2>\n<p>&nbsp;<\/p>\n<p>Dies ist eine sehr h\u00e4ufig gestellte Frage. Die meisten Eismaschinen bestehen aus einem Gefrierfach, das unter dem Gefrierpunkt gehalten wird, und einem Eisbeh\u00e4lter, der sich \u00fcber dem Gefrierfach befindet. Das Gefrierfach ist mit Eis gef\u00fcllt, und die Mischung wird st\u00e4ndig umger\u00fchrt, so dass sich Eiskristalle in der Mischung bilden. Wenn sich die Eiskristalle gebildet haben, wird die Eismaschine abgeschaltet. Dann wird die Mischung in einen Beh\u00e4lter umgef\u00fcllt und serviert.<\/p>\n<p>&nbsp;<\/p>\n<h2>Wie macht man Eish\u00f6rnchen im Mixer?<\/h2>\n<p>&nbsp;<\/p>\n<p>1. Mischen Sie Ihre Eiscreme<\/p>\n<p>&nbsp;<\/p>\n<p>2. Mixen Sie Ihre Mischung im Mixer<\/p>\n<p>&nbsp;<\/p>\n<p>3. Alle Kegel hinzuf\u00fcgen<\/p>\n<p>&nbsp;<\/p>\n<p>4. Im Mixer mischen<\/p>\n<p>&nbsp;<\/p>\n<p>5. Lebensmittelfarbe hinzugeben<\/p>\n<p>&nbsp;<\/p>\n<p>6. Blend<\/p>\n<p>&nbsp;<\/p>\n<p>7. Den Teig ausrollen und ausschneiden<\/p>\n<p>&nbsp;<\/p>\n<p>8. Backen<\/p>\n<p>&nbsp;<\/p>\n<h2>Wie macht man aus Milch in einem Mixer Sahne?<\/h2>\n<p>&nbsp;<\/p>\n<p>&nbsp;Diese Frage taucht von Zeit zu Zeit in meinen Social Media Feeds auf. Sie ist nicht ungew\u00f6hnlich, und ich bin mir sicher, dass es wahrscheinlich eine Reihe von M\u00f6glichkeiten gibt, dies zu erreichen.<\/p>\n<p>&nbsp;<\/p>\n<p>Es gibt verschiedene Methoden, die ich ausprobiert habe, aber die beiden, die ich f\u00fcr am einfachsten halte, sind die Methode, die Milch zuerst einzufrieren und dann die Sahne hinzuzuf\u00fcgen. Und dann gibt es noch die Methode, den Rahm aus Milchpulver herzustellen. Diese Methoden finde ich auch am einfachsten, zumindest f\u00fcr mich.<\/p>\n<p>&nbsp;<\/p>\n<p>Bei der ersten Methode friere ich die Milch ein. Dann lasse ich die Milch in einer Sch\u00fcssel abtropfen und gebe sie zur\u00fcck in den Mixer. Ich f\u00fcge meine Sahne hinzu und mixe beides zusammen, bis die perfekte Konsistenz erreicht ist.<\/p>\n<p>&nbsp;<\/p>\n<\/div>","protected":false},"excerpt":{"rendered":"<p>Smoothie Maker Smoothie Maker|Product specification|Product Features|Product Advantage &nbsp; We hold a complete documentation of this manufacturer to ensure that our customers receive the best from our manufacturers. &nbsp; We are offering this smoothie blender which is capable of making the thickest and most tasty of smoothies. This is ideal for use in cafes, hotels, restaurants, [&hellip;]<\/p>\n","protected":false},"featured_media":1952,"comment_status":"closed","ping_status":"closed","template":"","meta":{"_swt_meta_header_display":false,"_swt_meta_footer_display":false,"_swt_meta_site_title_display":false,"_swt_meta_sticky_header":false,"_swt_meta_transparent_header":false},"product_brand":[],"product_cat":[86],"product_tag":[],"class_list":{"0":"post-964","1":"product","2":"type-product","3":"status-publish","4":"has-post-thumbnail","6":"product_cat-one-shot-machine","8":"first","9":"instock","10":"shipping-taxable","11":"product-type-simple"},"_links":{"self":[{"href":"https:\/\/www.hommy.com\/de\/wp-json\/wp\/v2\/product\/964","targetHints":{"allow":["GET"]}}],"collection":[{"href":"https:\/\/www.hommy.com\/de\/wp-json\/wp\/v2\/product"}],"about":[{"href":"https:\/\/www.hommy.com\/de\/wp-json\/wp\/v2\/types\/product"}],"replies":[{"embeddable":true,"href":"https:\/\/www.hommy.com\/de\/wp-json\/wp\/v2\/comments?post=964"}],"wp:featuredmedia":[{"embeddable":true,"href":"https:\/\/www.hommy.com\/de\/wp-json\/wp\/v2\/media\/1952"}],"wp:attachment":[{"href":"https:\/\/www.hommy.com\/de\/wp-json\/wp\/v2\/media?parent=964"}],"wp:term":[{"taxonomy":"product_brand","embeddable":true,"href":"https:\/\/www.hommy.com\/de\/wp-json\/wp\/v2\/product_brand?post=964"},{"taxonomy":"product_cat","embeddable":true,"href":"https:\/\/www.hommy.com\/de\/wp-json\/wp\/v2\/product_cat?post=964"},{"taxonomy":"product_tag","embeddable":true,"href":"https:\/\/www.hommy.com\/de\/wp-json\/wp\/v2\/product_tag?post=964"}],"curies":[{"name":"wp","href":"https:\/\/api.w.org\/{rel}","templated":true}]}}