{"id":958,"date":"2024-07-02T17:25:08","date_gmt":"2024-07-02T17:25:08","guid":{"rendered":"http:\/\/localhost\/hommywp\/hm23-diy-ice-cream-razzle-blender-for-sale-mixer-price\/"},"modified":"2025-08-01T09:57:47","modified_gmt":"2025-08-01T09:57:47","slug":"razzle-gewerbliche-eismixer","status":"publish","type":"product","link":"https:\/\/www.hommy.com\/de\/p\/razzle-gewerbliche-eismixer\/","title":{"rendered":"Hm23 Diy Eiscreme Razzle Blender Zu Verkaufen Mixer Preis"},"content":{"rendered":"<div>\n<p style=\"text-align: center\"><\/p>\n<h2 style=\"text-align: center\"><span style=\"text-indent: 264px;font-family: arial, helvetica, sans-serif;font-size: 24px\"><strong><a name=\"Razzle Commercial Blenders\"><\/a>Razzle Gewerbliche Mixer<\/strong><\/span><\/h2>\n<p style=\"text-align: center\"><a href=\"http:\/\/\" target=\"_self\" data-lv=\"0\" rel=\"noopener\"><span style=\"text-indent: 264px;font-family: arial, helvetica, sans-serif;font-size: 16px\">Razzle Gewerbliche Mixer<\/span><\/a><span style=\"text-indent: 264px;font-family: arial, helvetica, sans-serif;font-size: 16px\">|<a href=\"#Product specification\" target=\"_self\" data-lv=\"0\" rel=\"noopener\">Produktspezifikation<\/a>|<a href=\"#Product Features\" target=\"_self\" data-lv=\"0\" rel=\"noopener\">Produktmerkmale<\/a>|<a href=\"#Product Advantage\" target=\"_self\" data-lv=\"0\" rel=\"noopener\">Produktvorteil<\/a><\/span><\/p>\n<p><span style=\"font-size: 18px\"><\/span><\/p>\n<p><span style=\"font-family: \u5b8b\u4f53;letter-spacing: 0px;font-size: 18px\"><\/span><\/p>\n<p style=\"text-align: center\"><span style=\"font-size: 24px\"><\/span><\/p>\n<p style=\"margin-top:0;margin-right:0;margin-bottom:0;margin-left:0;text-indent:264px\"><\/p>\n<p style=\"text-align: center\"><span style=\"font-size: 24px\">&nbsp;<\/span><\/p>\n<p><!-- Video start --><video poster=\"https:\/\/img80002414.weyesimg.com\/uploads\/www.hommy.com\/video\/15794850915361.mp4?vframe\/jpg\/offset\/1\" id=\"video\" preload=\"auto\" controls=\"controls\" style=\"width:100%;height:510px\"><\/video><!-- Video end --><\/p>\n<div class=\"text-left d-tem09-title d-interval\" data-detail=\"wrap\">\n<div class=\"title-header\">\n<div class=\"title\">\n<p><span style=\"font-size: 16px\"><span style=\"letter-spacing: 0px;font-family: arial, helvetica, sans-serif\">Wenn Sie einen Mixer suchen, mit dem Sie einzigartige und k\u00f6stliche Eissorten herstellen k\u00f6nnen, ist der Razzle Blender die perfekte Wahl. Mit der M\u00f6glichkeit, verschiedene Zutaten auszuw\u00e4hlen und sie zusammen zu mischen, k\u00f6nnen Sie jeden Geschmack kreieren, den Sie sich vorstellen k\u00f6nnen. Ganz gleich, ob Sie einen traditionellen Geschmack oder etwas Einzigartiges suchen, mit dem Razzle Blender k\u00f6nnen Sie die perfekte Leckerei kreieren. Ob Sie Anf\u00e4nger oder Profi sind, der Razzle Blender ist einfach zu bedienen und liefert hochwertige Ergebnisse. Warum probieren Sie ihn also nicht einmal aus? Sie werden \u00fcberrascht sein, wie viel Spa\u00df es Ihnen macht, Ihr eigenes Eis herzustellen.<\/span><\/span><\/p>\n<h2><strong><span style=\"letter-spacing: 0px;font-family: arial, helvetica, sans-serif;font-size: 24px\">Produktspezifikation:<\/span><span style=\"font-family:\u5b8b\u4f53;letter-spacing:0;font-size:29px\">&nbsp;<\/span><\/strong><\/h2>\n<p style=\"text-align:center\"><span style=\"font-family:\u5b8b\u4f53;letter-spacing:0;font-size:29px\"><img loading=\"lazy\" decoding=\"async\" src=\"https:\/\/www.hommy.com\/wp-content\/uploads\/16012547528885.png\" title=\"\" alt=\"product-Hommy-img\" width=\"700\" height=\"381\" border=\"0\" vspace=\"0\" style=\"width: 700px;height: 381px\"><\/span><\/p>\n<\/div>\n<\/div>\n<\/div>\n<p>&nbsp;<\/p>\n<div class=\"d-tem11-graphic tem11-graphic mockup\" data-detail=\"wrap\">\n<div class=\"tab_row\">\n<div class=\"img\" style=\"width: 50%\"><img loading=\"lazy\" decoding=\"async\" title=\"\" alt=\"product-Hommy-img\" src=\"https:\/\/www.hommy.com\/wp-content\/uploads\/15584256689390.jpg\" width=\"700\" height=\"593\" border=\"0\" vspace=\"0\" style=\"width: 700px;height: 593px\"><\/div>\n<div class=\"text_box\" style=\"width: 50%\">\n<div class=\"txt\">\n<div class=\"title\">\n<h2><strong><span style=\"letter-spacing: 0px;text-align: justify;font-family: arial, helvetica, sans-serif;font-size: 24px\"><a name=\"Product Features\"><\/a>Produktmerkmale:<\/span><\/strong><\/h2>\n<p><span style=\"font-family: arial, helvetica, sans-serif;font-size: 16px\"><\/span><\/p>\n<p><span style=\"font-family:Tahoma;font-size:16px\">Produktangebot: Ideal f\u00fcr die Zubereitung der gew\u00fcnschten Mix-Ins aus verschiedenen Zutaten.<\/span><\/p>\n<p><span style=\"font-family:Tahoma;font-size:16px\">Permanentes R\u00fchrwerk: <\/span><\/p>\n<p><span style=\"font-family:Tahoma;font-size:16px\">Mischen von Zutaten wie Hartkaramellen, Keksen in gefrorenen Joghurt, Softeis oder Harteis mit permanenter<\/span><span style=\"font-family:Tahoma;font-size:16px\">&nbsp;<\/span><span style=\"font-family:Tahoma;font-size:16px\">R\u00fchrwerk, um die gew\u00fcnschten Mischungen herzustellen.<\/span><\/p>\n<p><span style=\"font-family:Tahoma;font-size:16px\">DIY-Eiscreme: <\/span><\/p>\n<p><span style=\"font-family:Tahoma;font-size:16px\">Basierend auf Ihrer pers\u00f6nlichen Vorliebe, verschiedene Zutaten zu w\u00e4hlen, mischen zusammen mit dieser Maschine zu besonderen und einzigartigen Geschmack zu machen<\/span><span style=\"font-family:Tahoma;font-size:16px\">&nbsp;<\/span><span style=\"font-family:Tahoma;font-size:16px\">Eiscreme. <\/span><\/p>\n<p><span style=\"font-family:Tahoma;font-size:16px\">Betrieb:<\/span><\/p>\n<p><span style=\"font-family:Tahoma;font-size:16px\">Geben Sie das Eis direkt in den Servierbecher. Die gew\u00fcnschten Zutaten hinzuf\u00fcgen, den Deckel auf dem Becher befestigen, mixen und servieren.<\/span><\/p>\n<p><span style=\"font-family:Tahoma;font-size:16px\">Optional<\/span><\/p>\n<p><span style=\"font-family:Tahoma;font-size:16px\">Bonbonrahmen<\/span><span style=\"font-family:Tahoma;font-size:16px\">&nbsp;, <\/span><span style=\"font-family:Tahoma;font-size:16px\">Pappbecher<\/span><\/p>\n<p><span style=\"font-family:Tahoma;font-size:16px\">Edelstahl-Sicherheitshalterung BM-01<\/span><\/p>\n<p><span style=\"font-family:Tahoma;font-size:16px\">L\u00f6ffel mit Massage-Punkt BM-02<\/span><\/p>\n<\/div>\n<p>&nbsp;<\/p>\n<\/div>\n<\/div>\n<\/div>\n<\/div>\n<p>&nbsp;<\/p>\n<div class=\"text-left d-tem09-title d-interval\" data-detail=\"wrap\">\n<div class=\"title-header\">\n<div class=\"title\"><span style=\"font-size: 24px\"><\/span><\/p>\n<h2><strong><span style=\"letter-spacing: 0px;font-family: arial, helvetica, sans-serif;font-size: 24px\"><a name=\"Product Advantage\"><\/a>Produktvorteil:<\/span><\/strong><\/h2>\n<p style=\"margin-top:0;margin-right:0;margin-bottom:0;margin-left:0\"><span style=\"font-size: 16px;font-family: arial, helvetica, sans-serif\">Au\u00dferdem tragen hochqualifizierte Ingenieure, f\u00e4hige Technologen und sachkundiges Personal viel zur Entwicklung des Unternehmens bei.<\/span><\/p>\n<p><span><\/span><\/div>\n<\/div>\n<\/div>\n<p>&nbsp;<\/p>\n<div class=\"d-tem01-graphic tem01-graphic mockup\" data-detail=\"wrap\">\n<div class=\"cont-section clearfix d-clearfix\">\n<div class=\"col-md-6 col-sm-6 col-xs-6\">\n<div class=\"right-p\">\n<div class=\"h2 heading\">\n<p style=\"margin-top:0;margin-right:0;margin-bottom:0\"><span style=\"font-size: 16px\"><span style=\"font-family: Arial;letter-spacing: 0px\">1. W\u00e4hlen Sie die spezifischen Geschwindigkeiten je nach den gew\u00fcnschten Mischungen aus verschiedenen Zutaten. Neben der M\u00f6glichkeit, Kekse, Schokolade und Eiscreme miteinander zu verr\u00fchren, kann der p<\/span><span style=\"font-family: Arial;letter-spacing: 0px\">ermanentes R\u00fchrwerk<\/span><span style=\"font-family: Arial;letter-spacing: 0px\">&nbsp;k\u00f6nnen auch harte N\u00fcsse brechen.<\/span><\/span><\/p>\n<p style=\"margin-top:0;margin-right:0;margin-bottom:0\"><span style=\"font-size: 16px\"><span style=\"font-family: Arial;letter-spacing: 0px\"><br \/><\/span><\/span><\/p>\n<p style=\"margin-top:0;margin-right:0;margin-bottom:0\"><span style=\"font-size: 16px\"><span style=\"font-family: Arial;letter-spacing: 0px\"><br \/><\/span><\/span><\/p>\n<\/div>\n<\/div>\n<div class=\"graphic_pic animated wow bounceIn\" data-wow-delay=\".7s\">\n<p style=\"text-align:center\"><img decoding=\"async\" src=\"https:\/\/www.hommy.com\/wp-content\/uploads\/16012551006942.png\" alt=\"Produkt-HM23 Razzle Blender-Hommy-img\" title=\"\"><\/p>\n<\/div>\n<\/div>\n<div class=\"col-md-6 col-sm-6 col-xs-6\">\n<div class=\"right-p\">\n<div class=\"h2 heading\">\n<p style=\"margin-top:0;margin-right:0;margin-bottom:0;margin-left:0;text-indent:0\"><span style=\"font-family: Arial;letter-spacing: 0px;font-size: 14px\">2. DIY-Eis: Basierend auf Ihrer pers\u00f6nlichen Vorliebe, um verschiedene Zutaten zu w\u00e4hlen, mischen zusammen mit dieser Maschine, um spezielle &amp; einzigartigen Geschmack Eiscreme zu machen.<\/span><\/p>\n<p style=\"margin-top:0;margin-right:0;margin-bottom:0;margin-left:0;text-indent:0\"><span style=\"font-family: Arial;letter-spacing: 0px;font-size: 14px\"><br \/><\/span><\/p>\n<p style=\"margin-top:0;margin-right:0;margin-bottom:0;margin-left:0;text-indent:0\"><span style=\"font-family: Arial;letter-spacing: 0px;font-size: 14px\"><br \/><\/span><\/p>\n<p style=\"margin-top:0;margin-right:0;margin-bottom:0;margin-left:0;text-indent:0\"><span style=\"font-family: Arial;letter-spacing: 0px;font-size: 14px\"><br \/><\/span><\/p>\n<\/div>\n<\/div>\n<div class=\"graphic_pic animated wow bounceIn\" data-wow-delay=\".7s\">\n<p style=\"text-align:center\"><img loading=\"lazy\" decoding=\"async\" src=\"https:\/\/www.hommy.com\/wp-content\/uploads\/16012551193278.jpg\" alt=\"product-Hommy-img\" title=\"\" width=\"350\" height=\"502\" border=\"0\" vspace=\"0\" style=\"width: 350px;height: 502px\"><\/p>\n<\/div>\n<\/div>\n<\/div>\n<\/div>\n<p>Dokument\uff1a<img decoding=\"async\" src=\"https:\/\/www.hommy.com\/wp-content\/uploads\/icon_pdf-71.gif\" style=\"margin-right: 2px\" alt=\"product-Hommy-img\" title=\"\"><a href=\"https:\/\/img80002414.weyesimg.com\/uploads\/www.hommy.com\/addon\/16026423309154.pdf\" title=\"16026423309154.pdf\" style=\"font-size: 12px\">16026423309154.pdf<\/a><\/p>\n<div>\n<div>\n<h2 class=\"otl-heading\" style=\"text-indent: 0em;padding-left: 0em\">Wir bieten unseren Kunden Razzle Blender an.<\/h2>\n<p><span style=\"font-size:13px\">Wir sind der einzige Hersteller eines Blenders, der tats\u00e4chlich Leistung bringen kann. Er hat eine variable Geschwindigkeitsregelung f\u00fcr hohe\/niedrige Geschwindigkeiten und ist vollst\u00e4ndig programmierbar. Er ist f\u00fcr eine Vielzahl von Aufgaben wie Mahlen, Mischen, Hacken, Zerkleinern, Mischen, Zerkleinern, Waschen, Dehydrieren und Trocknen ausgelegt. Er hat ein Fassungsverm\u00f6gen von 5 Gallonen. Er ist f\u00fcr Geschwindigkeiten bis zu 4000 U\/min ausgelegt. Mit Hilfe dieser Maschine k\u00f6nnen Sie jederzeit k\u00f6stliche Getr\u00e4nke f\u00fcr Ihre Kunden zubereiten. So haben Sie die M\u00f6glichkeit, Ihre Kunden zu beeindrucken. Es handelt sich um eine fortschrittliche Maschine mit einem Fassungsverm\u00f6gen von 300 ml. Sie k\u00f6nnen mit dieser Maschine verschiedene Arten von Getr\u00e4nken wie Limonade, Saft und Tee zubereiten. Es ist eine kompakte Maschine, die leicht in Ihre K\u00fcche passt.<\/span><\/p>\n<p><\/p>\n<h2 class=\"otl-heading\" style=\"text-indent: 0em;padding-left: 0em\">Kann ein Ninja-Mixer Eis zerkleinern?<\/h2>\n<p><span style=\"font-size:13px\">Die Antwort lautet: Ja! Dieser Ninja Ice Crush Mixer verf\u00fcgt \u00fcber einen leistungsstarken Motor und einen hocheffizienten Eiscrusher. Die Klinge dreht sich mit hoher Geschwindigkeit und zerkleinert bis zu 15 Pfund Eis pro Minute. Der leistungsstarke Motor mit automatischer Umkehrfunktion sorgt daf\u00fcr, dass das Ger\u00e4t auch dann mit dem Crushen von Eis beginnt, wenn Sie den Becher- oder Glasaufsatz nicht verwenden.<\/span><\/p>\n<p><\/p>\n<h2 class=\"otl-heading\" style=\"text-indent: 0em;padding-left: 0em\">Kann ich meine KitchenAid zur Herstellung von Speiseeis verwenden?<\/h2>\n<p><span style=\"font-size:13px\">Ja, Sie k\u00f6nnen Ihre KitchenAid verwenden <a style=\"color:blue\" href=\"\/de\/\">Eismaschine<\/a> zur Herstellung von Speiseeis. Bei der Zubereitung von Speiseeis mit der KitchenAid gibt es einige Dinge zu beachten. Erstens sollten Sie keine Zutaten hinzuf\u00fcgen, die das Eis schmelzen w\u00fcrden. Dazu geh\u00f6ren Salz, Zucker, Gew\u00fcrze und einige Arten von Alkohol. Manche Leute empfehlen, die KitchenAid-Eismaschine nur f\u00fcr die Herstellung von Softeis zu verwenden, da Sie alle gew\u00fcnschten Zutaten in das Eis geben k\u00f6nnen.<\/span><\/p>\n<p><\/p>\n<\/div>\n<\/div>\n<p><\/p>\n<\/div><\/div>","protected":false},"excerpt":{"rendered":"<p>Razzle Commercial Blenders Razzle Commercial Blenders|Product specification|Product Features|Product Advantage &nbsp; If you&#039;re looking for a blender that can create unique and delicious flavors of ice cream, the Razzle Blender is the perfect choice. With the ability to choose different ingredients and blending them together, you can create any flavor you can imagine. Whether you&#039;re looking [&hellip;]<\/p>\n","protected":false},"featured_media":1951,"comment_status":"open","ping_status":"open","template":"","meta":{"_swt_meta_header_display":false,"_swt_meta_footer_display":false,"_swt_meta_site_title_display":false,"_swt_meta_sticky_header":false,"_swt_meta_transparent_header":false},"product_brand":[],"product_cat":[86],"product_tag":[],"class_list":{"0":"post-958","1":"product","2":"type-product","3":"status-publish","4":"has-post-thumbnail","6":"product_cat-one-shot-machine","8":"first","9":"instock","10":"shipping-taxable","11":"product-type-simple"},"_links":{"self":[{"href":"https:\/\/www.hommy.com\/de\/wp-json\/wp\/v2\/product\/958","targetHints":{"allow":["GET"]}}],"collection":[{"href":"https:\/\/www.hommy.com\/de\/wp-json\/wp\/v2\/product"}],"about":[{"href":"https:\/\/www.hommy.com\/de\/wp-json\/wp\/v2\/types\/product"}],"replies":[{"embeddable":true,"href":"https:\/\/www.hommy.com\/de\/wp-json\/wp\/v2\/comments?post=958"}],"wp:featuredmedia":[{"embeddable":true,"href":"https:\/\/www.hommy.com\/de\/wp-json\/wp\/v2\/media\/1951"}],"wp:attachment":[{"href":"https:\/\/www.hommy.com\/de\/wp-json\/wp\/v2\/media?parent=958"}],"wp:term":[{"taxonomy":"product_brand","embeddable":true,"href":"https:\/\/www.hommy.com\/de\/wp-json\/wp\/v2\/product_brand?post=958"},{"taxonomy":"product_cat","embeddable":true,"href":"https:\/\/www.hommy.com\/de\/wp-json\/wp\/v2\/product_cat?post=958"},{"taxonomy":"product_tag","embeddable":true,"href":"https:\/\/www.hommy.com\/de\/wp-json\/wp\/v2\/product_tag?post=958"}],"curies":[{"name":"wp","href":"https:\/\/api.w.org\/{rel}","templated":true}]}}