{"id":952,"date":"2024-07-02T17:25:02","date_gmt":"2024-07-02T17:25:02","guid":{"rendered":"http:\/\/localhost\/hommywp\/sjiii-k100-capsule-injection-machine-ice-cream-filling\/"},"modified":"2025-08-01T09:57:47","modified_gmt":"2025-08-01T09:57:47","slug":"sjiii-k100-kapsel-injektionsmaschine","status":"publish","type":"product","link":"https:\/\/www.hommy.com\/de\/p\/sjiii-k100-kapsel-injektionsmaschine\/","title":{"rendered":"Sjiii-K100 Kapsel-Injektionsmaschine Eiscreme-Abf\u00fcllung"},"content":{"rendered":"<div>\n<p>&nbsp; &nbsp;&nbsp;<a name=\"Capsule Injection Machine\"><\/a><\/p>\n<h2 style=\"text-align: center\"><span style=\"font-family: arial, helvetica, sans-serif\"><strong><span style=\"letter-spacing: 0px;font-size: 29px\"><a name=\"Capsule Injection Machine\"><\/a>Kapsel-Injektionsmaschine<\/span><\/strong><\/span><\/h2>\n<p style=\"text-align: center\"><span style=\"font-family: arial, helvetica, sans-serif;font-size: 16px\"><span style=\"font-family: arial, helvetica, sans-serif;letter-spacing: 0px\"><a href=\"#Capsule Injection Machine\" target=\"_self\" data-lv=\"0\" rel=\"noopener\">Kapsel-Injektionsmaschine<\/a>|<a href=\"#Product specification\" target=\"_self\" data-lv=\"0\" rel=\"noopener\">Produktspezifikation<\/a>|<\/span><a href=\"#Product Features\" target=\"_self\" data-lv=\"0\" rel=\"noopener\"><span style=\"font-family: arial, helvetica, sans-serif;letter-spacing: 0px\">Produktmerkmale<\/span><span style=\"font-family: arial, helvetica, sans-serif;letter-spacing: 0px\"><\/span><\/a><\/span><\/p>\n<p><\/p>\n<p style=\"text-align: center\">\n<p>Wenn Sie ein Gesch\u00e4ft haben, das Eiscreme verkauft, dann brauchen Sie eine Maschine, die Ihre T\u00fcten mit der perfekten Menge an Eiscreme f\u00fcllen kann. Mit unseren Maschinen k\u00f6nnen Sie Ihre T\u00fcten m\u00fchelos und ohne Unordnung bef\u00fcllen. Au\u00dferdem sind unsere Maschinen f\u00fcr alle Eissorten geeignet, so dass Sie immer die perfekte F\u00fcllung erhalten, ganz gleich, welche Geschmacksrichtung Sie bevorzugen. Wir bieten eine Vielzahl von Maschinen an, die Ihren Bed\u00fcrfnissen entsprechen, und unsere fachkundigen Mitarbeiter stehen Ihnen jederzeit zur Verf\u00fcgung, um Ihre Fragen zu beantworten. Setzen Sie sich noch heute mit uns in Verbindung, um mehr \u00fcber unsere Speiseeisabf\u00fcllmaschinen zu erfahren und dar\u00fcber, wie sie Ihrem Unternehmen zum Erfolg verhelfen k\u00f6nnen.<\/p>\n<h2 style=\"margin: 0px;text-indent: 0px;text-align: justify\"><strong><span style=\"letter-spacing: 0px;font-family: arial, helvetica, sans-serif;font-size: 24px\"><br \/><\/span><\/strong><\/h2>\n<h2 style=\"margin: 0px;text-indent: 0px;text-align: justify\"><strong><span style=\"letter-spacing: 0px;font-family: arial, helvetica, sans-serif;font-size: 24px\"><a name=\"Product specification\"><\/a>Produktspezifikation:<\/span><\/strong><\/h2>\n<p style=\"margin-top:0;margin-right:0;margin-bottom:0;margin-left:0;text-indent:0;text-align:justify\"><span style=\"letter-spacing: 0px;font-family: arial, helvetica, sans-serif;font-size: 16px\">Die Abf\u00fcllmaschine ist ein Produkt von Hommy, das unter Bezugnahme auf die fortschrittliche ausl\u00e4ndische Abf\u00fcllmaschinentechnologie umgewandelt und erneuert wurde. Seine Struktur ist einfacher und vern\u00fcnftiger, mit hoher Genauigkeit und einfacher Bedienung. Ideale Ausr\u00fcstung f\u00fcr die Abf\u00fcllung von hohen Fl\u00fcssigkeiten.<\/span><\/p>\n<p style=\"margin-top:0;margin-right:0;margin-bottom:0;margin-left:0;text-indent:0;text-align:justify\"><span style=\"letter-spacing: 0px;font-family: arial, helvetica, sans-serif;font-size: 16px\"><br \/><\/span><\/p>\n<p><\/p>\n<p style=\"text-align: center\"><img decoding=\"async\" src=\"https:\/\/www.hommy.com\/wp-content\/uploads\/16012721392846.png\" alt=\"product-Hommy-img\" title=\"\"><\/p>\n<p><\/p>\n<p style=\"text-align: center\">&nbsp;<img decoding=\"async\" src=\"https:\/\/www.hommy.com\/wp-content\/uploads\/16012721818160.png\" alt=\"product-Hommy-img\" title=\"\"><\/p>\n<p><\/p>\n<p><\/p>\n<p><\/p>\n<div class=\"d-tem01-graphic tem01-graphic mockup\" data-detail=\"wrap\">\n<div class=\"cont-section clearfix d-clearfix\">\n<div class=\"col-md-6 col-sm-6 col-xs-6\">\n<div class=\"right-p\">\n<div class=\"h2 heading\">\n<p style=\"text-align:center\"><img decoding=\"async\" src=\"https:\/\/www.hommy.com\/wp-content\/uploads\/16012727922896.png\" alt=\"Produkt-SJIII-K100 Kapsel-Injektionsmaschine-Hommy-img\" style=\"font-size: 14px\" title=\"\"><\/p>\n<p><span style=\"font-size: 14px\">&nbsp; &nbsp; &nbsp; &nbsp; &nbsp; &nbsp; &nbsp;<\/span><\/div>\n<\/div>\n<\/div>\n<div class=\"col-md-6 col-sm-6 col-xs-6\">\n<div class=\"right-p\">\n<div class=\"h2 heading\">\n<h2 style=\"margin: 0px;text-indent: 0px;text-align: justify\"><strong><span style=\"letter-spacing: 0px;font-family: arial, helvetica, sans-serif;font-size: 24px\"><a name=\"Product Features\"><\/a>Produktmerkmale:<\/span><\/strong><\/h2>\n<p style=\"text-indent: 0\"><span style=\"letter-spacing: 0px;font-family: arial, helvetica, sans-serif;font-size: 16px\">Au\u00dferdem tragen hochqualifizierte Ingenieure, f\u00e4hige Technologen und sachkundiges Personal viel zur Entwicklung des Unternehmens bei.<\/span><\/p>\n<p style=\"text-indent: 0\"><span style=\"letter-spacing: 0px;font-family: arial, helvetica, sans-serif;font-size: 16px\">1. Die Abf\u00fcllmaschine zum Abf\u00fcllen hochkonzentrierter Fl\u00fcssigkeiten verwendet das Prinzip eines Kolbens, der von einem Zylinder angetrieben wird, um hochkonzentrierte Materialien zu extrahieren und auszusto\u00dfen, und steuert den Hub des Zylinders mit einem Reed-Schalter, um das F\u00fcllvolumen einzustellen. Die Maschine kann ohne Strom betrieben werden, ist sicherer und ihr humanisiertes Design entspricht eher den Anforderungen moderner Unternehmen.<\/span><\/p>\n<p style=\"text-indent: 0\"><span style=\"letter-spacing: 0px;font-family: arial, helvetica, sans-serif;font-size: 16px\">2. Stahl: Das Geh\u00e4use ist aus rostfreiem Stahl, und die Materialkontaktteile sind aus rostfreiem Stahl 304, der die GMP- und QS-Sicherheitsanforderungen erf\u00fcllt.<\/span><\/p>\n<p style=\"text-indent: 0\"><span style=\"letter-spacing: 0px;font-family: arial, helvetica, sans-serif;font-size: 16px\">3. F\u00fcllen Dosis: Das F\u00fcllvolumen und die F\u00fcllgeschwindigkeit k\u00f6nnen beliebig eingestellt werden, und die F\u00fcllgenauigkeit ist hoch.<\/span><\/p>\n<p style=\"text-indent: 0\"><span style=\"letter-spacing: 0px;font-family: arial, helvetica, sans-serif;font-size: 16px\">4. Die F\u00fcllung Schott nimmt Anti-Tropfen, Anti-Drawing F\u00fcllung Ger\u00e4t und Heben F\u00fcllung Ger\u00e4t.<\/span><\/p>\n<p style=\"text-indent: 0\"><span style=\"letter-spacing: 0px;font-family: arial, helvetica, sans-serif;font-size: 16px\">5. Mit R\u00fchren, ist es besser geeignet f\u00fcr Produkte mit hoher Viskosit\u00e4t und schlechte Flie\u00dff\u00e4higkeit.<\/span><\/p>\n<p style=\"text-indent: 0\"><span style=\"letter-spacing: 0px;font-family: arial, helvetica, sans-serif;font-size: 16px\">6. Da die Teile der Maschine, die mit den Materialien in Ber\u00fchrung kommen, alle aus rostfreiem Stahl bestehen, ist sie stickfest und korrosionsbest\u00e4ndig.<\/span><\/p>\n<p style=\"text-indent: 0\"><span style=\"letter-spacing: 0px;font-family: arial, helvetica, sans-serif;font-size: 16px\">7. Diese Maschine wird vollst\u00e4ndig durch Druckluft gesteuert, es ist keine Stromversorgung erforderlich, und sie wird insbesondere in explosionsgesch\u00fctzten Umgebungen mit hoher Sicherheit eingesetzt;<\/span><\/p>\n<p style=\"text-indent: 0\"><span style=\"letter-spacing: 0px;font-family: arial, helvetica, sans-serif;font-size: 16px\">8. Dank der pneumatischen Steuerung und der mechanischen Positionierung ist die F\u00fcllgenauigkeit hoch und wird innerhalb von 0,5 \u2030 kontrolliert;<\/span><\/p>\n<p style=\"text-indent: 0\"><span style=\"letter-spacing: 0px;font-family: arial, helvetica, sans-serif;font-size: 16px\">9. Die Bedienung ist einfach und leicht zu handhaben; die Fehlerquote ist gering.<\/span><\/p>\n<\/div>\n<\/div>\n<p>&nbsp; &nbsp; &nbsp; &nbsp; &nbsp; &nbsp;<\/p><\/div>\n<\/div>\n<\/div>\n<p><\/p>\n<h2>Wie lange dauert ein <a style=\"color:blue\" href=\"\/de\/\">Eismaschine<\/a> einfrieren m\u00fcssen?<\/h2>\n<p style=\"margin-top: 5px;margin-bottom: 5px\"><\/p>\n<p style=\"margin-top: 5px;margin-bottom: 5px\">Unsere Eismaschine ist eine Prestige-Eismaschine mit einer Haltbarkeit von 3-4 Jahren. Wenn Sie die Maschine nach Juni 2009 gekauft haben, wird sie bis zu 3 Jahre alt sein, wenn Sie sie erhalten.<\/p>\n<p style=\"margin-top: 5px;margin-bottom: 5px\"><\/p>\n<p style=\"margin-top: 5px;margin-bottom: 5px\">Wenn Sie eine Prestige-Eiscrememaschine mit einer Haltbarkeit von weniger als 3 Jahren haben, betr\u00e4gt die Haltbarkeit 1-2 Jahre.<\/p>\n<p style=\"margin-top: 5px;margin-bottom: 5px\"><\/p>\n<p style=\"margin-top: 5px;margin-bottom: 5px\"><\/p>\n<h2>Wie lange dauert es, Eiscreme in einer Eismaschine zuzubereiten?<\/h2>\n<p style=\"margin-top: 5px;margin-bottom: 5px\"><\/p>\n<p style=\"margin-top: 5px;margin-bottom: 5px\">A:<\/p>\n<p style=\"margin-top: 5px;margin-bottom: 5px\"><\/p>\n<p style=\"margin-top: 5px;margin-bottom: 5px\">Ich habe Eismaschinen benutzt, die Eis in weniger als einer Stunde herstellen k\u00f6nnen.  Ich habe aber auch schon Eismaschinen benutzt, die drei bis vier Stunden f\u00fcr eine Ladung Eis brauchen k\u00f6nnen.  Es h\u00e4ngt wirklich von der Gr\u00f6\u00dfe Ihrer Eismaschine ab.&nbsp;&nbsp;<\/p>\n<p style=\"margin-top: 5px;margin-bottom: 5px\">Die Eismaschine, die ich jetzt habe, ist ein bisschen gr\u00f6\u00dfer als die meisten Eismaschinen.  Ich habe gesehen, dass gr\u00f6\u00dfere Eismaschinen bis zu acht Stunden brauchen, um das Eis zuzubereiten.<\/p>\n<p style=\"margin-top: 5px;margin-bottom: 5px\"><\/p>\n<h2>Wie viel Salz gebe ich in meine Eismaschine?<\/h2>\n<p style=\"margin-top: 5px;margin-bottom: 5px\"><\/p>\n<p style=\"margin-top: 5px;margin-bottom: 5px\">Ich bin auf der Suche nach der besten Salzmenge f\u00fcr die Herstellung von Speiseeis. Ich habe eine Breville-Maschine. Sie macht ein Pfund Eiscreme auf einmal. Ich m\u00f6chte Schokoladeneis, Keksteig und Bananeneis machen.<\/p>\n<p style=\"margin-top: 5px;margin-bottom: 5px\"><\/p>\n<p style=\"margin-top: 5px;margin-bottom: 5px\">Ich bin mir nicht sicher, wie viel Salz ich verwenden soll. Ich habe ein Rezept ausprobiert und es ist sehr salzig. Das andere Rezept ist f\u00fcr mich ein wenig zu s\u00fc\u00df.<\/p>\n<\/div><\/div>","protected":false},"excerpt":{"rendered":"<p>&nbsp; &nbsp;&nbsp; Capsule Injection Machine Capsule Injection Machine|Product specification|Product Features If you have a business that sells ice cream, then you need a machine that can fill your cones with the perfect amount of ice cream. With our machines, you&#039;ll be able to fill your cones with ease, and without any mess. Plus, our machines [&hellip;]<\/p>\n","protected":false},"featured_media":1950,"comment_status":"open","ping_status":"open","template":"","meta":{"_swt_meta_header_display":false,"_swt_meta_footer_display":false,"_swt_meta_site_title_display":false,"_swt_meta_sticky_header":false,"_swt_meta_transparent_header":false},"product_brand":[],"product_cat":[86],"product_tag":[],"class_list":{"0":"post-952","1":"product","2":"type-product","3":"status-publish","4":"has-post-thumbnail","6":"product_cat-one-shot-machine","8":"first","9":"instock","10":"shipping-taxable","11":"product-type-simple"},"_links":{"self":[{"href":"https:\/\/www.hommy.com\/de\/wp-json\/wp\/v2\/product\/952","targetHints":{"allow":["GET"]}}],"collection":[{"href":"https:\/\/www.hommy.com\/de\/wp-json\/wp\/v2\/product"}],"about":[{"href":"https:\/\/www.hommy.com\/de\/wp-json\/wp\/v2\/types\/product"}],"replies":[{"embeddable":true,"href":"https:\/\/www.hommy.com\/de\/wp-json\/wp\/v2\/comments?post=952"}],"wp:featuredmedia":[{"embeddable":true,"href":"https:\/\/www.hommy.com\/de\/wp-json\/wp\/v2\/media\/1950"}],"wp:attachment":[{"href":"https:\/\/www.hommy.com\/de\/wp-json\/wp\/v2\/media?parent=952"}],"wp:term":[{"taxonomy":"product_brand","embeddable":true,"href":"https:\/\/www.hommy.com\/de\/wp-json\/wp\/v2\/product_brand?post=952"},{"taxonomy":"product_cat","embeddable":true,"href":"https:\/\/www.hommy.com\/de\/wp-json\/wp\/v2\/product_cat?post=952"},{"taxonomy":"product_tag","embeddable":true,"href":"https:\/\/www.hommy.com\/de\/wp-json\/wp\/v2\/product_tag?post=952"}],"curies":[{"name":"wp","href":"https:\/\/api.w.org\/{rel}","templated":true}]}}