{"id":948,"date":"2024-07-02T17:24:59","date_gmt":"2024-07-02T17:24:59","guid":{"rendered":"http:\/\/localhost\/hommywp\/hm24-commercial-one-shot-ice-cream-uk-mcflurry-machine\/"},"modified":"2025-08-01T09:57:47","modified_gmt":"2025-08-01T09:57:47","slug":"sehr-effizienter-mcflurry-mixer-milchshakemaschine-mcflurry-maker-mit-einem-off-loffel","status":"publish","type":"product","link":"https:\/\/www.hommy.com\/de\/p\/sehr-effizienter-mcflurry-mixer-milchshakemaschine-mcflurry-maker-mit-einem-off-loffel\/","title":{"rendered":"Hm24 Kommerzielle Ein-Schuss-Eiscreme-Maschine, Mcflurry-Maschine"},"content":{"rendered":"<div>\n<p>&nbsp;<\/p>\n<h2 style=\"text-align: center\"><strong><span style=\"font-family: arial, helvetica, sans-serif\"><span style=\"letter-spacing: 0px;font-size: 29px\"><a name=\"Mcflurry Maker\"><\/a>M<\/span><span style=\"letter-spacing: 0px;font-size: 29px\">cflurry <\/span><span style=\"letter-spacing: 0px;font-size: 29px\">M<\/span><span style=\"letter-spacing: 0px;font-size: 29px\">aker<\/span><\/span><\/strong><\/h2>\n<p style=\"text-align: center\"><a href=\"#Mcflurry Maker\" target=\"_self\" data-lv=\"0\" rel=\"noopener\">McFlurry-Macher<\/a><span style=\"text-align: center\">&nbsp;|&nbsp;<\/span><a href=\"#Product Features\" target=\"_self\" data-lv=\"0\" rel=\"noopener\">Produktmerkmale<\/a><span style=\"text-align: center\">&nbsp;|&nbsp;<\/span><a href=\"#Product specification\" target=\"_self\" data-lv=\"0\" rel=\"noopener\">Produktspezifikation<\/a><span style=\"text-align: center\">&nbsp;|&nbsp;<\/span><a href=\"#Product Advantage\" target=\"_self\" data-lv=\"0\" rel=\"noopener\">Produktvorteil<\/a><\/p>\n<p><\/p>\n<p><!-- Video start --><video poster=\"https:\/\/img80002414.weyesimg.com\/uploads\/wij2rdgc.allweyes.com\/video\/15554009561193.mp4?vframe\/jpg\/offset\/1\" id=\"video\" preload=\"auto\" controls=\"controls\" style=\"width:100%;height:510px\"><\/video><!-- Video end --><\/p>\n<p><!-- Video start --><video poster=\"https:\/\/img80002414.weyesimg.com\/uploads\/wij2rdgc.allweyes.com\/video\/15554010357001.mp4?vframe\/jpg\/offset\/1\" id=\"video\" preload=\"auto\" controls=\"controls\" style=\"width:100%;height:510px\"><\/video><!-- Video end --><\/p>\n<p>&nbsp;Unsere Mcflurry-Maschinen sind in verschiedenen Kapazit\u00e4ten erh\u00e4ltlich und k\u00f6nnen je nach Anforderung des Kunden konfiguriert werden. Die Maschinen k\u00f6nnen leicht installiert und von den Technikern gewartet werden, um sicherzustellen, dass sie effektiv funktionieren. Unsere angebotenen Maschinen werden unter Verwendung von Rohstoffen bester Qualit\u00e4t hergestellt und sind f\u00fcr ihre Haltbarkeit und Qualit\u00e4t bekannt. Wir sind ein renommierter Hersteller von Mcflurry Maschine, und daher werden von den Kunden f\u00fcr ihre zuverl\u00e4ssige Funktion bevorzugt.<\/p>\n<div class=\"text-left d-tem09-title d-interval\" data-detail=\"wrap\">\n<div class=\"title-header\">\n<div class=\"title\"><span style=\"font-size: 24px\"><\/span><\/p>\n<h2 style=\"margin: 0px;text-indent: 0px;text-align: justify\"><strong><span style=\"letter-spacing: 0px;font-family: arial, helvetica, sans-serif;font-size: 24px\"><a name=\"Product specification\"><\/a>Produktspezifikation:<\/span><\/strong><\/h2>\n<p style=\"margin: 0px;text-indent: 0px;text-align: justify\"><span style=\"letter-spacing: 0px;font-family: arial, helvetica, sans-serif;font-size: 16px\">Die HOMMY McFlurry-Maschine ist der In<span style=\"font-family: arial, helvetica, sans-serif;letter-spacing: 0px\">dem f\u00fchrenden Mixer f\u00fcr Tiefk\u00fchlkost. Er kann Bonbons, Kekse und andere schwer zu mischende Zutaten in Hart- oder Softeis oder gefrorenen Joghurt mischen und so hochprofitable Tiefk\u00fchlkost herstellen.<\/span><\/span><\/p>\n<p style=\"margin: 0px;text-indent: 0px;text-align: justify\"><span style=\"letter-spacing: 0px;font-family: arial, helvetica, sans-serif;font-size: 16px\"><span style=\"font-family: arial, helvetica, sans-serif;letter-spacing: 0px\"><br \/><\/span><\/span><\/p>\n<p style=\"margin-top:0;margin-right:0;margin-bottom:0;margin-left:0;text-indent:0;text-align:justify\"><span style=\"letter-spacing: 0px;font-family: arial, helvetica, sans-serif;font-size: 16px\"><span style=\"font-family: arial, helvetica, sans-serif;letter-spacing: 0px\"><br \/><\/span><\/span><\/p>\n<p style=\"margin: 0px;text-indent: 0px;text-align: center\"><span style=\"letter-spacing: 0px;font-family: arial, helvetica, sans-serif;font-size: 16px\"><span style=\"font-family: arial, helvetica, sans-serif;letter-spacing: 0px\"><img decoding=\"async\" src=\"https:\/\/www.hommy.com\/wp-content\/uploads\/16012564379295.png\" alt=\"product-Hommy-img\" title=\"\"><\/span><\/span><\/p>\n<p><span><\/span><\/div>\n<\/div>\n<\/div>\n<p>&nbsp;<\/p>\n<div class=\"d-tem11-graphic tem11-graphic mockup\" data-detail=\"wrap\">\n<div class=\"tab_row\">\n<div class=\"img\" style=\"width: 50%\">\n<p style=\"text-align:center\"><img loading=\"lazy\" decoding=\"async\" title=\"\" alt=\"product-Hommy-img\" src=\"https:\/\/www.hommy.com\/wp-content\/uploads\/16012565281773.png\" width=\"380\" height=\"765\" border=\"0\" vspace=\"0\" style=\"width: 380px;height: 765px\"><\/p>\n<\/div>\n<div class=\"text_box\" style=\"width: 50%\">\n<div class=\"txt\">\n<div class=\"title\">\n<h2><span style=\"letter-spacing: 0px;text-align: justify;font-family: arial, helvetica, sans-serif;font-size: 24px\"><a name=\"Product Features\"><\/a><strong>Produktmerkmale:<\/strong><\/span><\/h2>\n<h2><strong><span style=\"font-size: 16px;font-family: arial, helvetica, sans-serif\">*Einfache Anwendung.<\/span><\/strong><\/h2>\n<p><span style=\"font-size: 16px;font-family: arial, helvetica, sans-serif\">*Einfach zu reinigen.<\/span><\/p>\n<p><span style=\"font-size: 16px;font-family: arial, helvetica, sans-serif\">*Sicher f\u00fcr den Benutzer.<\/span><\/p>\n<p><span style=\"font-size: 16px;font-family: arial, helvetica, sans-serif\">Spezielles Design L\u00f6ffel ist abnehmbar, um die Produkte mehr hygienisch und bequem zu dienen.<\/span><\/p>\n<p><span style=\"font-size: 16px;font-family: arial, helvetica, sans-serif\">Permanentes R\u00fchrwerk, Speziall\u00f6ffel als Klinge:<\/span><\/p>\n<p><span style=\"font-size: 16px;font-family: arial, helvetica, sans-serif\">*Mischt die Zutaten mit anderen Zutaten.<\/span><\/p>\n<p><span style=\"font-size: 16px;font-family: arial, helvetica, sans-serif\">Nimmt einen speziellen L\u00f6ffel als Mixerklinge an, um hygienische Produkte bequemer zu servieren. Keine Notwendigkeit, die Klinge zu reinigen, wenn verschiedene Geschmacksrichtungen kontinuierlich serviert werden.<\/span><\/p>\n<p><span style=\"font-family: arial, helvetica, sans-serif\"><span style=\"font-family: Calibri;font-size: 16px\">Sneed Control:<\/span><span style=\"font-family: \u5b8b\u4f53;font-size: 16px\">&nbsp;<\/span><span style=\"font-family: Calibri;font-size: 16px\">Gehen Sie von verschiedenen Zutaten aus, um die Geschwindigkeit des Mixens anzupassen.<\/span><\/span><\/p>\n<p><span style=\"font-size: 16px;font-family: arial, helvetica, sans-serif\">Optimale Leistung ist gew\u00e4hrleistet.<\/span><\/p>\n<p><span style=\"font-size: 16px;font-family: arial, helvetica, sans-serif\">Leistungsstark und langlebig:<\/span><\/p>\n<p><span style=\"font-size: 16px;font-family: arial, helvetica, sans-serif\">Sorgt f\u00fcr eine vollst\u00e4ndige Durchmischung.<\/span><\/p>\n<p><span style=\"font-size: 16px;font-family: arial, helvetica, sans-serif\">Der Hochleistungsmotor und die Maschinenkonstruktion aus rostfreiem Stahl wurden speziell f\u00fcr anspruchsvolle Eisdielen, Smoothie-Shops und Gastst\u00e4tten entwickelt.<\/span><\/p>\n<p><span style=\"font-family: arial, helvetica, sans-serif\"><span style=\"font-family: Calibri;font-size: 16px\">DIY-Eiscreme:<\/span><span style=\"font-family: \u5b8b\u4f53;font-size: 16px\">&nbsp;<\/span><span style=\"font-family: Calibri;font-size: 16px\">Je nach pers\u00f6nlicher Vorliebe w\u00e4hlen Sie verschiedene<\/span><span style=\"font-family: \u5b8b\u4f53;font-size: 16px\">&nbsp;<\/span><span style=\"font-family: Calibri;font-size: 16px\">Zutaten, die mit dieser Maschine gemischt werden, um sie zu<\/span><span style=\"font-family: \u5b8b\u4f53;font-size: 16px\">&nbsp;<\/span><span style=\"font-family: Calibri;font-size: 16px\">Eis mit besonderen und einzigartigen Geschmacksrichtungen.<\/span><\/span><\/p>\n<p><span style=\"font-family: arial, helvetica, sans-serif\"><span style=\"font-family: Calibri;font-size: 16px\">Bedienung:Geben Sie das Eis direkt in den Servierbecher. F\u00fcgen Sie die<\/span><span style=\"font-family: \u5b8b\u4f53;font-size: 16px\">&nbsp;<\/span><span style=\"font-family: Calibri;font-size: 16px\">Die gew\u00fcnschten Zutaten hinzuf\u00fcgen, den L\u00f6ffel am Adapter der Maschine befestigen, mixen und servieren.<\/span><\/span><\/p>\n<\/div>\n<\/div>\n<\/div>\n<\/div>\n<\/div>\n<p>&nbsp;<\/p>\n<div class=\"text-left d-tem09-title d-interval\" data-detail=\"wrap\">\n<div class=\"title-header\">\n<h2><span style=\"letter-spacing: 0px;font-family: arial, helvetica, sans-serif;font-size: 24px\"><a name=\"Product Advantage\"><\/a><strong>Produktvorteil:<\/strong><\/span><\/h2>\n<h2><span style=\"font-size: 24px\"><\/span><\/h2>\n<\/div>\n<\/div>\n<div class=\"d-tem01-graphic tem01-graphic mockup\" data-detail=\"wrap\">\n<div class=\"cont-section clearfix d-clearfix\">\n<div class=\"col-md-6 col-sm-6 col-xs-6\">\n<div class=\"right-p\">\n<div class=\"h2 heading\">\n<h2 style=\"margin: 0px;text-indent: 0px;padding: 0px;vertical-align: baseline\"><span style=\"font-family: arial, helvetica, sans-serif;letter-spacing: 0px;font-size: 16px\">1. die Geschwindigkeitskontrolle:<\/span><\/h2>\n<p style=\"margin-top:0;margin-right:0;margin-bottom:0;margin-left:0;text-indent:0;padding:0 0 0 0;vertical-align:baseline\"><span style=\"font-family: arial, helvetica, sans-serif;font-size: 16px;letter-spacing: 0px\">Wir stellen eine Geschwindigkeit ein, um jedes Mal, wenn wir Eis machen, die gleiche Qualit\u00e4t zu kontrollieren.&nbsp;<\/span><\/p>\n<p style=\"margin-top:0;margin-right:0;margin-bottom:0;margin-left:0;text-indent:0;padding:0 0 0 0;vertical-align:baseline\"><span style=\"font-family: arial, helvetica, sans-serif;font-size: 16px;letter-spacing: 0px\"><br \/><\/span><\/p>\n<p style=\"margin-top:0;margin-right:0;margin-bottom:0;margin-left:0;text-indent:0;padding:0 0 0 0;vertical-align:baseline\"><\/p>\n<p style=\"margin-top:0;margin-right:0;margin-bottom:0;margin-left:0;text-indent:0;padding:0 0 0 0;vertical-align:baseline\"><span style=\"font-family: arial, helvetica, sans-serif;font-size: 16px;letter-spacing: 0px\"><br \/><\/span><\/p>\n<p style=\"margin-top:0;margin-right:0;margin-bottom:0;margin-left:0;text-indent:0;padding:0 0 0 0;vertical-align:baseline\"><span style=\"font-family: arial, helvetica, sans-serif;font-size: 16px;letter-spacing: 0px\"><br \/><\/span><\/p>\n<\/div>\n<\/div>\n<div class=\"graphic_pic animated wow bounceIn\" data-wow-delay=\".7s\">\n<p style=\"text-align:center\"><img loading=\"lazy\" decoding=\"async\" src=\"https:\/\/www.hommy.com\/wp-content\/uploads\/16013491719869.png\" alt=\"product-Hommy-HM24 one shot Eiscreme uk-img\" title=\"\" width=\"350\" height=\"437\" border=\"0\" vspace=\"0\" style=\"width: 350px;height: 437px\"><\/p>\n<\/div>\n<\/div>\n<div class=\"col-md-6 col-sm-6 col-xs-6\">\n<div class=\"right-p\">\n<p style=\"margin-top:0;margin-right:0;margin-bottom:0;padding:0 0 0 0;vertical-align:baseline\"><span style=\"font-size: 16px;font-family: arial, helvetica, sans-serif\"><span style=\"font-size: 16px;letter-spacing: 0px\">2.<\/span><span style=\"font-size: 16px;letter-spacing: 0px\">Spezielles Design L\u00f6ffel ist abnehmbar, um die Produkte mehr hygienisch und bequem zu dienen.<\/span><span style=\"font-size: 16px;letter-spacing: 0px\">&nbsp;<\/span><span style=\"font-size: 16px;letter-spacing: 0px\">Mischt die Mix-Ins mit verschiedenen Zutaten.<\/span><\/span><\/p>\n<p style=\"margin-top:0;margin-right:0;margin-bottom:0;padding:0 0 0 0;vertical-align:baseline\"><span style=\"letter-spacing: 0px;font-size: 16px;font-family: arial, helvetica, sans-serif\">Nimmt einen speziellen L\u00f6ffel als Mixerklinge an, um hygienische Produkte bequemer zu servieren. Keine Notwendigkeit, die Klinge zu reinigen, wenn verschiedene Geschmacksrichtungen kontinuierlich serviert werden.<\/span><\/p>\n<p style=\"margin-top:0;margin-right:0;margin-bottom:0;padding:0 0 0 0;vertical-align:baseline\"><span style=\"letter-spacing: 0px;font-size: 16px;font-family: arial, helvetica, sans-serif\"><br \/><\/span><\/p>\n<p style=\"margin-top:0;margin-right:0;margin-bottom:0;padding:0 0 0 0;vertical-align:baseline\"><\/p>\n<p style=\"margin-top:0;margin-right:0;margin-bottom:0;padding:0 0 0 0;vertical-align:baseline\"><span style=\"letter-spacing: 0px;font-size: 16px;font-family: arial, helvetica, sans-serif\"><br \/><\/span><\/p>\n<p style=\"text-align:center\"><img loading=\"lazy\" decoding=\"async\" src=\"https:\/\/www.hommy.com\/wp-content\/uploads\/16012568365845.png\" alt=\"product-Hommy-img\" title=\"\" width=\"350\" height=\"144\" border=\"0\" vspace=\"0\" style=\"width: 350px;height: 144px\"><\/p>\n<\/div>\n<\/div>\n<\/div>\n<\/div>\n<div class=\"d-tem01-graphic tem01-graphic mockup\" data-detail=\"wrap\">\n<div class=\"cont-section clearfix d-clearfix\">\n<div class=\"col-md-6 col-sm-6 col-xs-6\">\n<div class=\"right-p\">\n<div class=\"h2 heading\">\n<p style=\"margin-top:0;margin-right:0;margin-bottom:0;margin-left:0;text-indent:0;padding:0 0 0 0;vertical-align:baseline\"><span style=\"font-family: \u5b8b\u4f53;letter-spacing: 0;font-size: 19px\">3.<\/span><span style=\"font-family: Calibri;letter-spacing: 0;font-size: 19px\">DIY-Eiscreme:<\/span><\/p>\n<p style=\"margin-top:0;margin-right:0;margin-bottom:0;margin-left:0;text-indent:0;padding:0 0 0 0;vertical-align:baseline\"><span style=\"font-family: Calibri;letter-spacing: 0;font-size: 19px\">Auf der Grundlage Ihrer pers\u00f6nlichen <\/span><span style=\"font-family: \u5b8b\u4f53;letter-spacing: 0;font-size: 19px\">Pr\u00e4ferenz<\/span><span style=\"font-family: Calibri;letter-spacing: 0;font-size: 19px\">&nbsp;um verschiedene Zutaten zu w\u00e4hlen, die mit dieser Maschine gemischt werden, um spezielles und einzigartiges Geschmackseis herzustellen.<\/span><\/p>\n<p style=\"margin-top:0;margin-right:0;margin-bottom:0;margin-left:0;text-indent:0;padding:0 0 0 0;vertical-align:baseline\"><span style=\"font-family: Calibri;letter-spacing: 0;font-size: 19px\"><br \/><\/span><\/p>\n<p style=\"margin-top:0;margin-right:0;margin-bottom:0;margin-left:0;text-indent:0;padding:0 0 0 0;vertical-align:baseline\"><span style=\"font-family: Calibri;letter-spacing: 0;font-size: 19px\"><br \/><\/span><\/p>\n<\/div>\n<\/div>\n<div class=\"graphic_pic animated wow bounceIn\" data-wow-delay=\".7s\">\n<p style=\"text-align:center\"><img loading=\"lazy\" decoding=\"async\" src=\"https:\/\/www.hommy.com\/wp-content\/uploads\/16012568747281.jpg\" alt=\"product-Hommy-img\" title=\"\" width=\"350\" height=\"437\" border=\"0\" vspace=\"0\" style=\"width: 350px;height: 437px\"><\/p>\n<\/div>\n<\/div>\n<p>&nbsp; &nbsp; &nbsp; &nbsp; &nbsp; &nbsp;<\/div>\n<\/div>\n<p>Dokument\uff1a<img decoding=\"async\" src=\"https:\/\/www.hommy.com\/wp-content\/uploads\/icon_jpg-1.gif\" style=\"margin-right: 2px\" alt=\"Produkt-HM24 One-Shot-Eiscreme uk-Hommy-img\" title=\"\"><a href=\"https:\/\/img80002414.weyesimg.com\/uploads\/www.hommy.com\/images\/16025740166936.jpg\" title=\"16025740166936.jpg\" style=\"font-size: 12px\">16025740166936.jpg<\/a><\/p>\n<h2>Wie kann ich schwere Sahne zu Hause herstellen?<\/h2>\n<p style=\"margin-top: 5px;margin-bottom: 5px\">Bei der Herstellung von Sahne wird gerade so viel Wasser entzogen, dass die Sahne die richtige Konsistenz erh\u00e4lt. Meistens verwendet man einen Schneebesen, um die Sahne durch ein feines Sieb zu streichen, um einen glatten, reichhaltigen Geschmack zu erzielen.Eine gute Technik ist es, die Sahne und den K\u00e4se zu mischen, bis sie glatt sind. Um Klumpen zu vermeiden, r\u00fchren Sie dann vorsichtig, bis die richtige Konsistenz erreicht ist.<\/p>\n<p style=\"margin-top: 5px;margin-bottom: 5px\"><\/p>\n<h2>Was ist besser: Ninja oder Vitamix?<\/h2>\n<p style=\"margin-top: 5px;margin-bottom: 5px\">Ich benutze seit einigen Jahren einen Ninja-Mixer und habe ihn f\u00fcr alles M\u00f6gliche verwendet, von Smoothies \u00fcber Suppen und So\u00dfen bis hin zu Brot und so weiter. Ich wollte nur wissen, ob jemand einen Vitamix ausprobiert hat oder ob jemand beide Mixer benutzt hat... Wenn Sie beide benutzt haben und der Vitamix besser ist, dann nennen Sie bitte Ihre Vor- und Nachteile.<\/p>\n<p style=\"margin-top: 5px;margin-bottom: 5px\"><\/p>\n<h2>In welchem Land wird am meisten Eis gegessen?<\/h2>\n<p style=\"margin-top: 5px;margin-bottom: 5px\">&nbsp;Laut dem World Ice Cream Report (der j\u00e4hrlich von der Ice Cream Association of America ver\u00f6ffentlicht wird) hat Japan den h\u00f6chsten Pro-Kopf-Verbrauch an Speiseeis (fast 20 Pfund pro Person und Jahr). Die USA liegen mit fast 19 Pfund an zweiter Stelle, gefolgt von Italien, Frankreich und Deutschland.<\/p>\n<\/div><\/div>","protected":false},"excerpt":{"rendered":"<p>&nbsp; Mcflurry Maker Mcflurry Maker&nbsp;|&nbsp;Product Features&nbsp;|&nbsp;Product specification&nbsp;|&nbsp;Product Advantage &nbsp;Our Mcflurry machines are available in various different capacities and can be configured as per the requirement of the customer. The machines can be installed easily and maintained by the technicians to ensure that they function effectively. Our offered machines are manufactured using the finest quality raw [&hellip;]<\/p>\n","protected":false},"featured_media":1949,"comment_status":"open","ping_status":"open","template":"","meta":{"_swt_meta_header_display":false,"_swt_meta_footer_display":false,"_swt_meta_site_title_display":false,"_swt_meta_sticky_header":false,"_swt_meta_transparent_header":false},"product_brand":[],"product_cat":[86],"product_tag":[],"class_list":{"0":"post-948","1":"product","2":"type-product","3":"status-publish","4":"has-post-thumbnail","6":"product_cat-one-shot-machine","8":"first","9":"instock","10":"shipping-taxable","11":"product-type-simple"},"_links":{"self":[{"href":"https:\/\/www.hommy.com\/de\/wp-json\/wp\/v2\/product\/948","targetHints":{"allow":["GET"]}}],"collection":[{"href":"https:\/\/www.hommy.com\/de\/wp-json\/wp\/v2\/product"}],"about":[{"href":"https:\/\/www.hommy.com\/de\/wp-json\/wp\/v2\/types\/product"}],"replies":[{"embeddable":true,"href":"https:\/\/www.hommy.com\/de\/wp-json\/wp\/v2\/comments?post=948"}],"wp:featuredmedia":[{"embeddable":true,"href":"https:\/\/www.hommy.com\/de\/wp-json\/wp\/v2\/media\/1949"}],"wp:attachment":[{"href":"https:\/\/www.hommy.com\/de\/wp-json\/wp\/v2\/media?parent=948"}],"wp:term":[{"taxonomy":"product_brand","embeddable":true,"href":"https:\/\/www.hommy.com\/de\/wp-json\/wp\/v2\/product_brand?post=948"},{"taxonomy":"product_cat","embeddable":true,"href":"https:\/\/www.hommy.com\/de\/wp-json\/wp\/v2\/product_cat?post=948"},{"taxonomy":"product_tag","embeddable":true,"href":"https:\/\/www.hommy.com\/de\/wp-json\/wp\/v2\/product_tag?post=948"}],"curies":[{"name":"wp","href":"https:\/\/api.w.org\/{rel}","templated":true}]}}