{"id":941,"date":"2024-07-02T17:24:54","date_gmt":"2024-07-02T17:24:54","guid":{"rendered":"http:\/\/localhost\/hommywp\/hm25apl-automatic-capsule-filling-production-line-for-one-shot\/"},"modified":"2025-08-01T09:57:47","modified_gmt":"2025-08-01T09:57:47","slug":"hm25apl-automatische-abfullanlage-fur-einen-schuss","status":"publish","type":"product","link":"https:\/\/www.hommy.com\/de\/p\/hm25apl-automatische-abfullanlage-fur-einen-schuss\/","title":{"rendered":"Hm25apl Automatische Kapselabf\u00fcllanlage f\u00fcr One-Shot-Produktion"},"content":{"rendered":"<div>\n<p>&nbsp;&nbsp;&nbsp;&nbsp;<\/p>\n<h2 style=\"text-align: center\"><strong><span style=\"letter-spacing: 0px;font-size: 29px;font-family: arial, helvetica, sans-serif\"><a name=\"Capsule Automatic Filling Production Line\"><\/a>Automatisch abf\u00fcllende Produktionslinie f\u00fcr Kapseln<\/span><\/strong><span style=\"font-family:\u5b8b\u4f53;letter-spacing:0;font-size:29px\">&nbsp;<\/span><\/h2>\n<p style=\"text-align: center\"><a href=\"#Capsule Automatic Filling Production Line\" target=\"_self\" data-lv=\"0\" rel=\"noopener\"><span style=\"font-family: \u5b8b\u4f53;letter-spacing: 0px;font-size: 16px\">Automatisch abf\u00fcllende Produktionslinie f\u00fcr Kapseln<\/span><\/a><span style=\"font-family: \u5b8b\u4f53;letter-spacing: 0px;font-size: 16px\">|<a href=\"#Product specification\" target=\"_self\" data-lv=\"0\" rel=\"noopener\">Produktspezifikation<\/a>|<a href=\"#Product Features\" target=\"_self\" data-lv=\"0\" rel=\"noopener\">Produktmerkmale<\/a><\/span><\/p>\n<p><\/p>\n<p style=\"text-align: center\">\n<p style=\"text-align: center\">&nbsp;&nbsp;&nbsp;&nbsp;<\/p>\n<p>Wir bieten unsere Kapsel F\u00fcllung Produktionslinie f\u00fcr One-Shot in der besten Qualit\u00e4t zu wettbewerbsf\u00e4higen Preisen. Die angebotene Produktionslinie wird aus qualit\u00e4tsgepr\u00fcften Materialien hergestellt, um das reibungslose und effiziente Funktionieren der Produktionslinie zu gew\u00e4hrleisten. Dar\u00fcber hinaus ist die Produktionslinie nach den internationalen Standards entwickelt, um die einwandfreie Funktion der Maschine zu gew\u00e4hrleisten.&nbsp;<\/p>\n<h2 style=\"margin: 0px;text-indent: 0px;text-align: justify\"><span style=\"letter-spacing: 0px;font-family: arial, helvetica, sans-serif;font-size: 24px\"><a name=\"Product specification\"><\/a>Produktspezifikation:<\/span><\/h2>\n<p style=\"margin-top:0;margin-right:0;margin-bottom:0;margin-left:0;text-indent:0;text-align:justify\"><span style=\"letter-spacing: 0px;font-family: arial, helvetica, sans-serif;font-size: 16px\">Die One-Shot-Maschine hat alle Regeln f\u00fcr die Ausgabe von gefrorenen Desserts, einschlie\u00dflich Speiseeis und gefrorenem Joghurt, ge\u00e4ndert. ...... Die One-Shot-Maschine ist ein echter Game Changer. Sie sind nicht mehr an die veraltete Softeis-Technologie gebunden, und Sie k\u00f6nnen auch die Komplikationen in der Eiscremefabrik reduzieren. Der damit verbundene Alptraum der Desinfektion, die steigenden Energiekosten, die schwankende Qualit\u00e4t und Produktintegrit\u00e4t und der erhebliche Abfall sind kein Thema mehr.<\/span><\/p>\n<p style=\"margin-top:0;margin-right:0;margin-bottom:0;margin-left:0;text-indent:0;text-align:justify\"><span style=\"letter-spacing: 0px;font-family: arial, helvetica, sans-serif;font-size: 16px\"><br \/><\/span><\/p>\n<p style=\"margin-top:0;margin-right:0;margin-bottom:0;margin-left:0;text-indent:0;text-align:justify\"><span style=\"letter-spacing: 0px;font-family: arial, helvetica, sans-serif;font-size: 16px\"><br \/><\/span><\/p>\n<p style=\"text-align:center\"><span style=\"letter-spacing: 0px;font-family: arial, helvetica, sans-serif;font-size: 16px\"><img decoding=\"async\" src=\"https:\/\/www.hommy.com\/wp-content\/uploads\/16013395079190.png\" alt=\"product-Hommy-img\" title=\"\"><\/span><\/p>\n<p style=\"text-align: left\"><span style=\"letter-spacing: 0px;font-family: arial, helvetica, sans-serif;font-size: 16px\"><br \/><\/span><\/p>\n<p style=\"text-align: left\"><span style=\"letter-spacing: 0px;font-family: arial, helvetica, sans-serif;font-size: 16px\"><\/span><\/p>\n<div class=\"d-tem01-graphic tem01-graphic mockup\" data-detail=\"wrap\">\n<div class=\"cont-section clearfix d-clearfix\">\n<div class=\"col-md-6 col-sm-6 col-xs-6\"><\/p>\n<div class=\"graphic_pic animated wow bounceIn\" data-wow-delay=\".7s\">\n<p style=\"text-align:center\"><img decoding=\"async\" src=\"https:\/\/www.hommy.com\/wp-content\/uploads\/16013395291695.jpg\" alt=\"Produkt-HM25APL Automatische Abf\u00fcllanlage mit einem Schuss - Hommy-img\" title=\"\"><\/p>\n<\/div>\n<\/div>\n<div class=\"col-md-6 col-sm-6 col-xs-6\">\n<div class=\"right-p\">\n<div class=\"h2 heading\">\n<h2 style=\"margin: 0px;text-indent: 0px;text-align: justify\"><strong><span style=\"letter-spacing: 0px;font-family: arial, helvetica, sans-serif;font-size: 24px\"><a name=\"Product Features\"><\/a>Produktmerkmale:<\/span><\/strong><\/h2>\n<p style=\"margin-top:0;margin-right:0;margin-bottom:0;margin-left:0;text-indent:0;text-align:justify\"><span style=\"letter-spacing: 0px;font-size: 16px;font-family: arial, helvetica, sans-serif\"><br \/><\/span><\/p>\n<p style=\"margin-top:0;margin-right:0;margin-bottom:0;margin-left:0;text-indent:0;text-align:justify\"><span style=\"letter-spacing: 0px;font-size: 16px;font-family: arial, helvetica, sans-serif\">A: automatische Kapself\u00fcllmaschine <\/span><\/p>\n<p><span style=\"font-size: 16px;font-family: arial, helvetica, sans-serif\">1. Diese Linie produzieren wir Design Basis auf 3000-4000pcs jeden Tag Basis auf 8-10 Stunden Arbeitszeit, <\/span><\/p>\n<p><span style=\"font-size: 16px;font-family: arial, helvetica, sans-serif\">&nbsp;&nbsp;Verwenden Sie einen Mann, um es zu arbeiten. produzieren eine Tasse etwa 6 Sekunden. <\/span><\/p>\n<p style=\"margin-left:0;text-indent:0\"><span style=\"font-size: 16px;font-family: arial, helvetica, sans-serif\">2. Cup Volumen jedes Mal kann 72pcs halten ( 9pcs X 8 Linie ) <\/span><\/p>\n<p style=\"margin-left:0;text-indent:0\"><span style=\"font-size: 16px;font-family: arial, helvetica, sans-serif\">3. Produzieren Sie Linie, die 18pcs Becherhalter halten. <\/span><\/p>\n<p style=\"margin-left:0;text-indent:0\"><span style=\"font-size: 16px;font-family: arial, helvetica, sans-serif\">4. Einspritzmaschine verbinden mit <a style=\"color:blue\" href=\"https:\/\/www.hommy.com\/de\/softeismaschine\/\">Softeismaschine<\/a> direkte Injektion Eis in den Becher und machte Eis nicht leicht schmelzen. <\/span><\/p>\n<p style=\"margin-left:0;text-indent:0\"><span style=\"font-family: arial, helvetica, sans-serif;font-size: 16px\">5. Dichtungspapier jede Walze ca. 1500 Stck.<\/span><span style=\"font-family: arial, helvetica, sans-serif;font-size: 13px\"> <\/span><\/p>\n<p style=\"margin-left:0;text-indent:0\"><span style=\"font-size: 16px;font-family: arial, helvetica, sans-serif\">6. F\u00fcgen Sie eine Marke produzieren Tag.<\/span><\/p>\n<p><span style=\"letter-spacing: 0px;font-size: 16px;font-family: arial, helvetica, sans-serif\">B: Softeismaschine &amp; <a style=\"color:blue\" href=\"https:\/\/www.hommy.com\/de\/harteiscreme-maschine\/\">Harteiscreme-Maschine<\/a> <\/span><\/p>\n<p><span style=\"font-size: 16px;font-family: arial, helvetica, sans-serif\">Wir haben uns f\u00fcr 2 HM726-Maschinen entschieden, weil wir die Produktionslinie nicht anhalten k\u00f6nnen, um Eis zu produzieren, so dass wir eine Maschine ben\u00f6tigen, um<\/span><\/p>\n<p><span style=\"font-size: 16px;font-family: arial, helvetica, sans-serif\">&nbsp;Charge produzieren, um auf die n\u00e4chste Injektion zu warten. <\/span><\/p>\n<p><span style=\"font-family: arial, helvetica, sans-serif;font-size: 16px\"><span style=\"font-family: arial, helvetica, sans-serif\">C:&nbsp;<\/span><span style=\"font-family: arial, helvetica, sans-serif\">F<\/span><span style=\"font-family: arial, helvetica, sans-serif\">ast kalter Tunnelfluss<\/span><\/span><\/p>\n<p><span style=\"font-family: arial, helvetica, sans-serif;font-size: 16px\"><span style=\"font-family: arial, helvetica, sans-serif\">1.&nbsp;&nbsp;<\/span><span style=\"font-family: arial, helvetica, sans-serif\">Die Maschine im Inneren w\u00e4hlen Edelstahl-F\u00f6rderer, die sekund\u00e4re Transport ist, die erste senden Eis in K\u00fchler, zweite Einfrieren w\u00e4hrend der Bef\u00f6rderung von Eis.<\/span><\/span><span style=\"font-family: arial, helvetica, sans-serif;font-size: 13px\"> <\/span><\/p>\n<p style=\"margin-left:0;text-indent:0\"><span style=\"font-size: 16px;font-family: arial, helvetica, sans-serif\">2. Der Kompressor ist 5 ph gr\u00f6\u00dferes Unternehmen, es kann Temperatur \u00fcber -18C f\u00fchren. <\/span><\/p>\n<p style=\"margin-left:0;text-indent:0\"><span style=\"font-size: 16px;font-family: arial, helvetica, sans-serif\">3. F\u00fcgen Sie zwei Fenster hinzu, um zu beobachten, ob der interne Betrieb der Maschine normal ist. <\/span><\/p>\n<p style=\"margin-left:0;text-indent:0\"><span style=\"font-size: 16px;font-family: arial, helvetica, sans-serif\">4. Die F\u00f6rdergeschwindigkeit kann es justieren, kann einen Kreis in 5-20 Minuten, Basis auf Ihrer Quantit\u00e4t justieren es durchf\u00fchren. <\/span><\/p>\n<p style=\"margin-left:0;text-indent:0\"><span style=\"font-size: 16px;font-family: arial, helvetica, sans-serif\">5. Maschine Gr\u00f6\u00dfe: 1.3 X1.6X0.8m&nbsp;<\/span><\/p>\n<\/div>\n<\/div>\n<p>&nbsp; &nbsp; &nbsp; &nbsp; &nbsp; &nbsp;<\/p><\/div>\n<\/div>\n<\/div>\n<p>Dokument\uff1a<img decoding=\"async\" src=\"https:\/\/www.hommy.com\/wp-content\/uploads\/icon_pdf-70.gif\" style=\"margin-right: 2px\" alt=\"product-Hommy-img\" title=\"\"><a href=\"https:\/\/img80002414.weyesimg.com\/uploads\/www.hommy.com\/addon\/16025788495560.pdf\" title=\"16025788495560.pdf\" style=\"font-size: 12px\">16025788495560.pdf<\/a><\/p>\n<h2>Wie kann man in 5 Minuten selbstgemachtes Eis herstellen?<\/h2>\n<p style=\"margin-top: 5px;margin-bottom: 5px\">Dieses Eisrezept besteht aus frischen Zutaten und kann in weniger als 5 Minuten zubereitet werden. Es ist sehr reichhaltig und cremig und hat eine glatte, weiche Textur. Fr\u00fcher habe ich f\u00fcr dieses Rezept einfach alle Zutaten in eine K\u00fcchenmaschine gegeben und gemixt, aber in letzter Zeit verwende ich einen Mixer. <a style=\"color:blue\" href=\"\/de\/\">Speiseeismaschine<\/a>.<\/p>\n<p style=\"margin-top: 5px;margin-bottom: 5px\"><\/p>\n<h2>Wie lange brauche ich, um Eiscreme zuzubereiten?<\/h2>\n<p style=\"margin-top: 5px;margin-bottom: 5px\">Die Eismaschine ist das wichtigste Ger\u00e4t in Ihrer K\u00fcche. Es ist das Ger\u00e4t, das die rohen Zutaten in eine cremige, k\u00f6stliche Leckerei verwandelt.churn Eis ist, wenn Sie langsam Luft in die Eiscreme mischen, um eine glatte Textur zu schaffen. Wenn Sie keinen Standmixer oder ein Handr\u00fchrger\u00e4t haben, k\u00f6nnen Sie Ihr Eis auch ganz einfach mit einem L\u00f6ffel und einer Sch\u00fcssel r\u00fchren. Wenn Sie einen Standmixer, ein Handr\u00fchrger\u00e4t oder einen Standmixer mit Handr\u00fchreraufsatz haben, sollten Sie etwa 8-10 Minuten r\u00fchren, bis das Eis glatt und cremig ist.<\/p>\n<p style=\"margin-top: 5px;margin-bottom: 5px\"><\/p>\n<h2>Warum ist meine Sahne so dickfl\u00fcssig?<\/h2>\n<p style=\"margin-top: 5px;margin-bottom: 5px\">Ich mache meine Sahne schon seit Jahren selbst und habe immer die Anweisungen in diesem Rezept von King Arthur Flour befolgt. Seit kurzem mache ich sie in einem Glaskrug, und sie ist nie zu dick, selbst bei etwas mehr als einer Tasse Sahne. Ich habe gelesen, dass sich das Wasser in der Sahne abl\u00f6st, wenn man sie abk\u00fchlen l\u00e4sst, und die Sahne dicker wird. Das habe ich getan, und es hat sie nicht wirklich eingedickt, nur dicker gemacht.<\/p>\n<\/div><\/div>","protected":false},"excerpt":{"rendered":"<p>&nbsp;&nbsp;&nbsp;&nbsp; Capsule Automatic Filling Production Line&nbsp; Capsule Automatic Filling Production Line|Product specification|Product Features &nbsp;&nbsp;&nbsp;&nbsp; We are offering our Capsule Filling Production Line for One-Shot in the best quality at most competitive prices. The offered production line is made of quality tested materials to ensure the smooth and efficient functioning of the production line. Furthermore, the [&hellip;]<\/p>\n","protected":false},"featured_media":1948,"comment_status":"open","ping_status":"open","template":"","meta":{"_swt_meta_header_display":false,"_swt_meta_footer_display":false,"_swt_meta_site_title_display":false,"_swt_meta_sticky_header":false,"_swt_meta_transparent_header":false},"product_brand":[],"product_cat":[86],"product_tag":[],"class_list":{"0":"post-941","1":"product","2":"type-product","3":"status-publish","4":"has-post-thumbnail","6":"product_cat-one-shot-machine","8":"first","9":"instock","10":"shipping-taxable","11":"product-type-simple"},"_links":{"self":[{"href":"https:\/\/www.hommy.com\/de\/wp-json\/wp\/v2\/product\/941","targetHints":{"allow":["GET"]}}],"collection":[{"href":"https:\/\/www.hommy.com\/de\/wp-json\/wp\/v2\/product"}],"about":[{"href":"https:\/\/www.hommy.com\/de\/wp-json\/wp\/v2\/types\/product"}],"replies":[{"embeddable":true,"href":"https:\/\/www.hommy.com\/de\/wp-json\/wp\/v2\/comments?post=941"}],"wp:featuredmedia":[{"embeddable":true,"href":"https:\/\/www.hommy.com\/de\/wp-json\/wp\/v2\/media\/1948"}],"wp:attachment":[{"href":"https:\/\/www.hommy.com\/de\/wp-json\/wp\/v2\/media?parent=941"}],"wp:term":[{"taxonomy":"product_brand","embeddable":true,"href":"https:\/\/www.hommy.com\/de\/wp-json\/wp\/v2\/product_brand?post=941"},{"taxonomy":"product_cat","embeddable":true,"href":"https:\/\/www.hommy.com\/de\/wp-json\/wp\/v2\/product_cat?post=941"},{"taxonomy":"product_tag","embeddable":true,"href":"https:\/\/www.hommy.com\/de\/wp-json\/wp\/v2\/product_tag?post=941"}],"curies":[{"name":"wp","href":"https:\/\/api.w.org\/{rel}","templated":true}]}}