{"id":937,"date":"2024-07-02T17:24:50","date_gmt":"2024-07-02T17:24:50","guid":{"rendered":"http:\/\/localhost\/hommywp\/hm25-one-shot-machine-for-ice-cream-frozen-yogurt-manufacturer\/"},"modified":"2025-09-14T00:52:22","modified_gmt":"2025-09-14T00:52:22","slug":"spender-fur-gefrorene-desserts-mit-einem-schuss-eismaschine","status":"publish","type":"product","link":"https:\/\/www.hommy.com\/de\/p\/spender-fur-gefrorene-desserts-mit-einem-schuss-eismaschine\/","title":{"rendered":"Hm25 One-Shot-Maschine f\u00fcr Speiseeis, Frozen Yogurt Hersteller"},"content":{"rendered":"<h2 class=\"wp-block-heading has-text-align-center has-arial-helvetica-sans-serif-font-family\" id=\"One shot ice cream machine\" style=\"font-size:29px;font-style:normal;font-weight:700;letter-spacing:0px\">Eiscrememaschine mit einem Schuss<\/h2>\n\n\n\n<p class=\"has-text-align-center\" style=\"font-size:16px\"><a href=\"#One shot ice cream machine\" target=\"_self\" rel=\"noopener\" data-lv=\"0\">Eiscrememaschine mit einem Schuss<\/a>|<a href=\"#Product specification\" target=\"_self\" rel=\"noopener\" data-lv=\"0\">Produktspezifikation<\/a>|<a href=\"#Product Features\" target=\"_self\" rel=\"noopener\" data-lv=\"0\">Produktmerkmale<\/a>|<a href=\"#Product Advantage\" target=\"_self\" rel=\"noopener\" data-lv=\"0\">Produktvorteil<\/a><\/p>\n\n\n\n<p class=\"has-text-align-center\">Die auf dem Markt erh\u00e4ltlichen One-Shot-Eiscremes werden mit \u00e4u\u00dferster Sorgfalt verarbeitet, um die gew\u00fcnschte Menge an Aromen hinzuzuf\u00fcgen. One-Shot-Eiscreme enth\u00e4lt keine Konservierungsstoffe. Es ist lediglich eine Kombination aus Fr\u00fcchten und anderen nat\u00fcrlichen Aromen. F\u00fcr die Herstellung von One-Shot-Eiscreme werden Milchprodukte von bester Qualit\u00e4t verwendet, um Frische und Geschmack zu gew\u00e4hrleisten.<\/p>\n\n\n\n<h2 class=\"wp-block-heading has-arial-helvetica-sans-serif-font-family\" id=\"Product specification\" style=\"font-size:24px;font-style:normal;font-weight:700\">Produktspezifikation :<\/h2>\n\n\n\n<p class=\"has-arial-helvetica-sans-serif-font-family\" style=\"font-size:16px\">Die One-Shot-Maschine hat alle Regeln f\u00fcr die Ausgabe von gefrorenen Desserts, einschlie\u00dflich Eis, gefrorenen Joghurt ...... One-Shot-Maschine ist der echte Game Changer. Es gibt keine Notwendigkeit, in das Erbe der Soft-Serve-Technologie gesperrt werden, und Sie k\u00f6nnen auch die Komplikationen der Eiscreme-Fabrik zu reduzieren. Der damit verbundene Desinfektionsalptraum, die steigenden Energiekosten, die schwankende Qualit\u00e4t und Produktintegrit\u00e4t und der erhebliche Abfall sind kein Thema mehr.<\/p>\n\n\n\n<figure class=\"wp-block-image aligncenter size-full\"><img loading=\"lazy\" decoding=\"async\" width=\"590\" height=\"800\" src=\"https:\/\/www.hommy.com\/wp-content\/uploads\/HM25op-6.jpg\" alt=\"\" class=\"wp-image-2604\" title=\"\" srcset=\"https:\/\/www.hommy.com\/wp-content\/uploads\/HM25op-6.jpg 590w, https:\/\/www.hommy.com\/wp-content\/uploads\/HM25op-6-221x300.jpg 221w, https:\/\/www.hommy.com\/wp-content\/uploads\/HM25op-6-9x12.jpg 9w\" sizes=\"auto, (max-width: 590px) 100vw, 590px\" \/><\/figure>\n\n\n\n<div style=\"height:100px\" aria-hidden=\"true\" class=\"wp-block-spacer\"><\/div>\n\n\n\n<div class=\"wp-block-columns is-layout-flex wp-container-core-columns-is-layout-28f84493 wp-block-columns-is-layout-flex\">\n<div class=\"wp-block-column is-layout-flow wp-block-column-is-layout-flow\">\n<figure class=\"wp-block-image aligncenter size-full\"><img loading=\"lazy\" decoding=\"async\" width=\"600\" height=\"645\" src=\"https:\/\/www.hommy.com\/wp-content\/uploads\/HM25_new_mainpic.jpg\" alt=\"\" class=\"wp-image-2598\" title=\"\" srcset=\"https:\/\/www.hommy.com\/wp-content\/uploads\/HM25_new_mainpic.jpg 600w, https:\/\/www.hommy.com\/wp-content\/uploads\/HM25_new_mainpic-279x300.jpg 279w, https:\/\/www.hommy.com\/wp-content\/uploads\/HM25_new_mainpic-11x12.jpg 11w\" sizes=\"auto, (max-width: 600px) 100vw, 600px\" \/><\/figure>\n<\/div>\n\n\n\n<div class=\"wp-block-column is-layout-flow wp-block-column-is-layout-flow\">\n<h2 class=\"wp-block-heading has-arial-helvetica-sans-serif-font-family\" id=\"Product Features\" style=\"font-size:24px;font-style:normal;font-weight:700\">Produktmerkmale\uff1a<\/h2>\n\n\n\n<ul style=\"font-size:19px\" class=\"wp-block-list has-arial-helvetica-sans-serif-font-family\">\n<li>Preiswerte Ausr\u00fcstung.<\/li>\n\n\n\n<li>Benutzerfreundlich.<\/li>\n\n\n\n<li>Keine Unordnung, keine Reinigung, kein Abfall.<\/li>\n\n\n\n<li>Sicher f\u00fcr den Benutzer.<\/li>\n\n\n\n<li>Schnelle Amortisation der Investitionen in die Ausr\u00fcstung.<\/li>\n\n\n\n<li>Verwenden Sie nur 24V Strom.&nbsp;<\/li>\n<\/ul>\n<\/div>\n<\/div>\n\n\n\n<p class=\"has-arial-helvetica-sans-serif-font-family\" style=\"font-size:16px\">Die neue Welt der One-Shot-Maschine kann Ihnen helfen, den Gewinn mit der Produktintegrit\u00e4t zu verbinden.<\/p>\n\n\n\n<h2 class=\"wp-block-heading has-arial-helvetica-sans-serif-font-family\" id=\"Product Advantage\" style=\"font-size:24px;font-style:normal;font-weight:700\">Produktvorteil:<\/h2>\n\n\n\n<p class=\"has-arial-helvetica-sans-serif-font-family\">1. Spezielle Tasse, die in Lebensmittelqualit\u00e4t PE-Kunststoff gemacht. Wir haben zwei Art von Tasse f\u00fcr Sie zu w\u00e4hlen HM25-C und HM26-C. HM25-C kann nur einmal verwendet werden, HM26-C kann 2-3 mal verwendet werden.<\/p>\n\n\n\n<figure class=\"wp-block-image aligncenter size-large\"><img decoding=\"async\" src=\"https:\/\/www.hommy.com\/wp-content\/uploads\/16012590642288.png\" alt=\"product-Hommy-one-shot Eiscreme-Spender zum Verkauf-img\" style=\"object-fit:cover\" title=\"\"><\/figure>\n\n\n\n<p class=\"has-arial-helvetica-sans-serif-font-family\">2. Diese Maschine verwenden Macht ist 24V, wir verwenden elektrische Adapter zu 110V, 220V, 240V.<\/p>\n\n\n\n<figure class=\"wp-block-image aligncenter size-full\"><img loading=\"lazy\" decoding=\"async\" width=\"360\" height=\"800\" src=\"https:\/\/www.hommy.com\/wp-content\/uploads\/HM25op-4.jpg\" alt=\"\" class=\"wp-image-2602\" title=\"\" srcset=\"https:\/\/www.hommy.com\/wp-content\/uploads\/HM25op-4.jpg 360w, https:\/\/www.hommy.com\/wp-content\/uploads\/HM25op-4-135x300.jpg 135w, https:\/\/www.hommy.com\/wp-content\/uploads\/HM25op-4-5x12.jpg 5w\" sizes=\"auto, (max-width: 360px) 100vw, 360px\" \/><\/figure>\n\n\n\n<p style=\"font-size:19px\">3. . Die Kapseln werden werkseitig direkt in die Maschine produziert und ausgepresst. Die Hand des Bedieners hat das Eis nicht ber\u00fchrt, daher gibt es keine spezifische Anforderung f\u00fcr die Platzierung.<\/p>\n\n\n\n<figure class=\"wp-block-image aligncenter size-full\"><img loading=\"lazy\" decoding=\"async\" width=\"360\" height=\"800\" src=\"https:\/\/www.hommy.com\/wp-content\/uploads\/HM25op-3.jpg\" alt=\"\" class=\"wp-image-2601\" style=\"object-fit:cover\" title=\"\" srcset=\"https:\/\/www.hommy.com\/wp-content\/uploads\/HM25op-3.jpg 360w, https:\/\/www.hommy.com\/wp-content\/uploads\/HM25op-3-135x300.jpg 135w, https:\/\/www.hommy.com\/wp-content\/uploads\/HM25op-3-5x12.jpg 5w\" sizes=\"auto, (max-width: 360px) 100vw, 360px\" \/><\/figure>\n\n\n\n<figure class=\"wp-block-gallery has-nested-images columns-default is-cropped wp-block-gallery-1 is-layout-flex wp-block-gallery-is-layout-flex\">\n<figure class=\"wp-block-image size-large\"><img loading=\"lazy\" decoding=\"async\" width=\"360\" height=\"800\" data-id=\"2600\" src=\"https:\/\/www.hommy.com\/wp-content\/uploads\/HM25op-2.jpg\" alt=\"\" class=\"wp-image-2600\" title=\"\" srcset=\"https:\/\/www.hommy.com\/wp-content\/uploads\/HM25op-2.jpg 360w, https:\/\/www.hommy.com\/wp-content\/uploads\/HM25op-2-135x300.jpg 135w, https:\/\/www.hommy.com\/wp-content\/uploads\/HM25op-2-5x12.jpg 5w\" sizes=\"auto, (max-width: 360px) 100vw, 360px\" \/><\/figure>\n\n\n\n<figure class=\"wp-block-image size-large\"><img loading=\"lazy\" decoding=\"async\" width=\"600\" height=\"800\" data-id=\"2603\" src=\"https:\/\/www.hommy.com\/wp-content\/uploads\/HM25op-5.jpg\" alt=\"\" class=\"wp-image-2603\" title=\"\" srcset=\"https:\/\/www.hommy.com\/wp-content\/uploads\/HM25op-5.jpg 600w, https:\/\/www.hommy.com\/wp-content\/uploads\/HM25op-5-225x300.jpg 225w, https:\/\/www.hommy.com\/wp-content\/uploads\/HM25op-5-9x12.jpg 9w\" sizes=\"auto, (max-width: 600px) 100vw, 600px\" \/><\/figure>\n\n\n\n<figure class=\"wp-block-image size-large\"><img loading=\"lazy\" decoding=\"async\" width=\"800\" height=\"520\" data-id=\"2599\" src=\"https:\/\/www.hommy.com\/wp-content\/uploads\/HM25op-1.jpg\" alt=\"\" class=\"wp-image-2599\" title=\"\" srcset=\"https:\/\/www.hommy.com\/wp-content\/uploads\/HM25op-1.jpg 800w, https:\/\/www.hommy.com\/wp-content\/uploads\/HM25op-1-300x195.jpg 300w, https:\/\/www.hommy.com\/wp-content\/uploads\/HM25op-1-768x499.jpg 768w, https:\/\/www.hommy.com\/wp-content\/uploads\/HM25op-1-18x12.jpg 18w, https:\/\/www.hommy.com\/wp-content\/uploads\/HM25op-1-600x390.jpg 600w\" sizes=\"auto, (max-width: 800px) 100vw, 800px\" \/><\/figure>\n<\/figure>\n\n\n\n<figure class=\"wp-block-image aligncenter size-large\"><img decoding=\"async\" src=\"https:\/\/www.hommy.com\/wp-content\/uploads\/16012592586627.png\" alt=\"product-Hommy-img\" title=\"\"><\/figure>\n\n\n\n<div class=\"wp-block-file\"><a id=\"wp-block-file--pdf-1\" href=\"https:\/\/img80002414.weyesimg.com\/uploads\/www.hommy.com\/addon\/16026420112105.pdf\">16026420112105.pdf<\/a><a href=\"https:\/\/img80002414.weyesimg.com\/uploads\/www.hommy.com\/addon\/16026420112105.pdf\" class=\"wp-block-file__button wp-element-button\" download aria-describedby=\"wp-block-file--pdf-1\">\u4e0b\u8f09<\/a><\/div>\n\n\n<div id=\"rank-math-faq\" class=\"rank-math-block\">\n<div class=\"rank-math-list\">\n<div id=\"faq-question-166851911\" class=\"rank-math-list-item\">\n<h3 class=\"rank-math-question\">Was passiert, wenn man Buttermilch aufschl\u00e4gt?<\/h3>\n<div class=\"rank-math-answer\">\n\n<p>Der grundlegende Unterschied zwischen Milch- und Nicht-Milch-Creamer besteht darin, dass das Butterfett in Milch-Creamer einen Schmelzpunkt von etwa 56 Grad hat, der h\u00f6her ist als der des Wassers in Buttermilch oder Joghurt. Das bedeutet, dass das Butterfett beim Aufschlagen der Sahne aufgeschlagen wird und sich nicht entmischt, solange man es nur ein paar Minuten lang schl\u00e4gt.<\/p>\n\n<\/div>\n<\/div>\n<div id=\"faq-question-166851912\" class=\"rank-math-list-item\">\n<h3 class=\"rank-math-question\">Wie mischt man Eis in einem Mixer?<\/h3>\n<div class=\"rank-math-answer\">\n\n<p>Ich habe mehrere Methoden ausprobiert, aber keine von ihnen funktioniert ganz richtig. Ich habe versucht, Eis im Gefrierschrank zu mischen und es wird nur zu Matsch. Ich habe versucht, Eis zu mischen und es dann \u00fcber Nacht im Gefrierschrank zu lassen, aber dann muss ich es am n\u00e4chsten Tag rauskratzen und es ist zu kalt. Ich habe versucht, Eis zu mischen und es dann in einen Mixer zu geben, um es kalt zu machen, aber ich muss dem Mixer Wasser hinzuf\u00fcgen, damit es funktioniert.<\/p>\n\n<\/div>\n<\/div>\n<div id=\"faq-question-166851913\" class=\"rank-math-list-item\">\n<h3 class=\"rank-math-question\">Welche Zutat macht Eis cremiger?<\/h3>\n<div class=\"rank-math-answer\">\n\n<p>Die Basis von Speiseeis oder gefrorenem Pudding besteht aus emulgiertem Fett oder Sahne (entweder durch Mischen mit Wasser oder Milch), die dann gefroren wird. Je nach Fettgehalt und der Menge an Luft, die w\u00e4hrend des Gefriervorgangs eingearbeitet wird, kann das Eis unterschiedliche Konsistenzen aufweisen, von weich bis fest.<\/p>\n\n<\/div>\n<\/div>\n<\/div>\n<\/div>","protected":false},"excerpt":{"rendered":"<p>One shot ice cream machine One shot ice cream machine|Product specification|Product Features|Product Advantage The One shot ice creams available in the market are being processed with the utmost care to add the desired amount of flavours. One shot ice creams do not contain any preservatives. It is only a combination of fruit and other natural [&hellip;]<\/p>\n","protected":false},"featured_media":2598,"comment_status":"open","ping_status":"open","template":"","meta":{"_swt_meta_header_display":false,"_swt_meta_footer_display":false,"_swt_meta_site_title_display":false,"_swt_meta_sticky_header":false,"_swt_meta_transparent_header":false},"product_brand":[],"product_cat":[86],"product_tag":[],"class_list":{"0":"post-937","1":"product","2":"type-product","3":"status-publish","4":"has-post-thumbnail","6":"product_cat-one-shot-machine","8":"first","9":"instock","10":"shipping-taxable","11":"product-type-simple"},"_links":{"self":[{"href":"https:\/\/www.hommy.com\/de\/wp-json\/wp\/v2\/product\/937","targetHints":{"allow":["GET"]}}],"collection":[{"href":"https:\/\/www.hommy.com\/de\/wp-json\/wp\/v2\/product"}],"about":[{"href":"https:\/\/www.hommy.com\/de\/wp-json\/wp\/v2\/types\/product"}],"replies":[{"embeddable":true,"href":"https:\/\/www.hommy.com\/de\/wp-json\/wp\/v2\/comments?post=937"}],"wp:featuredmedia":[{"embeddable":true,"href":"https:\/\/www.hommy.com\/de\/wp-json\/wp\/v2\/media\/2598"}],"wp:attachment":[{"href":"https:\/\/www.hommy.com\/de\/wp-json\/wp\/v2\/media?parent=937"}],"wp:term":[{"taxonomy":"product_brand","embeddable":true,"href":"https:\/\/www.hommy.com\/de\/wp-json\/wp\/v2\/product_brand?post=937"},{"taxonomy":"product_cat","embeddable":true,"href":"https:\/\/www.hommy.com\/de\/wp-json\/wp\/v2\/product_cat?post=937"},{"taxonomy":"product_tag","embeddable":true,"href":"https:\/\/www.hommy.com\/de\/wp-json\/wp\/v2\/product_tag?post=937"}],"curies":[{"name":"wp","href":"https:\/\/api.w.org\/{rel}","templated":true}]}}