{"id":929,"date":"2024-07-02T17:24:45","date_gmt":"2024-07-02T17:24:45","guid":{"rendered":"http:\/\/localhost\/hommywp\/sd-216-hot-sale-display-showcase-freezer-for-one-shot-machine\/"},"modified":"2025-08-01T09:57:46","modified_gmt":"2025-08-01T09:57:46","slug":"kommerzieller-eiscreme-gefrierschrank-kommerzielle-gebogene-glas-tur-eiscreme-gefrierschrank-display","status":"publish","type":"product","link":"https:\/\/www.hommy.com\/de\/p\/kommerzieller-eiscreme-gefrierschrank-kommerzielle-gebogene-glas-tur-eiscreme-gefrierschrank-display\/","title":{"rendered":"Sd 216 Hei\u00dfer Verkauf Vitrine Gefrierschrank f\u00fcr One-Shot-Maschine"},"content":{"rendered":"<div>\n<p style=\"text-align: center\"><\/p>\n<p style=\"text-align: center\"><\/p>\n<h2 style=\"text-align: center\"><strong><span style=\"font-family: arial, helvetica, sans-serif;font-size: 29px;letter-spacing: 0px\"><a name=\"One-shot display showcase freezer\"><\/a>One-Shot-Vitrine Gefrierschrank<\/span><\/strong><br \/><\/h2>\n<p style=\"text-align: center\"><a href=\"#One-shot display showcase freezer\" target=\"_self\" data-lv=\"0\" rel=\"noopener\"><span style=\"font-size: 16px\">One-Shot-Vitrine Gefrierschrank<\/span><\/a><span style=\"font-size: 16px\">|<a href=\"#Product specification\" target=\"_self\" data-lv=\"0\" rel=\"noopener\">Produktspezifikation<\/a>|<a href=\"#Product Features\" target=\"_self\" data-lv=\"0\" rel=\"noopener\">Produktmerkmale<\/a>|<a href=\"#PRODUCT ADVANTAGE\" target=\"_self\" data-lv=\"0\" rel=\"noopener\">PRODUKTVORTEIL<\/a>|<a href=\"#Suitable size|Classification basin\" target=\"_self\" data-lv=\"0\" rel=\"noopener\">Geeignete Gr\u00f6\u00dfe|Klassifizierungsbecken<\/a><\/span><\/p>\n<p style=\"text-align: left\"><\/p>\n<p style=\"text-align: center\"><span style=\"font-size: 24px;text-align: left\">&nbsp;<\/span><\/p>\n<p><span style=\"font-size: 24px;text-align: left\"><\/span><\/p>\n<p style=\"margin-top:0;margin-right:0;margin-bottom:0;margin-left:0;text-indent:0;text-align:justify\"><span style=\"font-size: 24px\"><strong><span style=\"letter-spacing: 0px;font-family: arial, helvetica, sans-serif\"><\/span><\/strong><\/span><\/p>\n<p>Die angebotene Vitrine Gefrierschrank ist mit feinster Qualit\u00e4t Material, das eine hohe Lebensdauer gew\u00e4hrleistet entwickelt. Dar\u00fcber hinaus ist diese Vitrine Gefrierschrank von unseren Fachleuten mit Blick auf die es zu wettbewerbsf\u00e4higen Preis bieten konzipiert. Dar\u00fcber hinaus ist diese Vitrine Gefrierschrank in verschiedenen Gr\u00f6\u00dfen und Designs wie pro die Anforderung der Kunden zur Verf\u00fcgung.<\/p>\n<p style=\"margin-top:0;margin-right:0;margin-bottom:0;margin-left:0;text-indent:0;text-align:justify\"><span style=\"font-size: 24px\"><strong><span style=\"letter-spacing: 0px;font-family: arial, helvetica, sans-serif\"><\/span><\/strong><\/span><\/p>\n<h2 style=\"margin: 0px;text-indent: 0px;text-align: justify\"><span style=\"font-size: 24px\"><strong><span style=\"letter-spacing: 0px;font-family: arial, helvetica, sans-serif\"><a name=\"Product specification\"><\/a>Produktspezifikation\uff1a<\/span><\/strong><\/span><span style=\"letter-spacing: 0px;font-size: 16px;font-family: arial, helvetica, sans-serif\"> <\/span><\/h2>\n<p style=\"margin-top:0;margin-right:0;margin-bottom:0;margin-left:0;text-indent:0;text-align:justify\"><span style=\"letter-spacing: 0px;font-size: 16px;font-family: arial, helvetica, sans-serif\">Diese kommerzielle Eiscreme Gefrierschrank kann die Fabrik notwendige Ausr\u00fcstung und Small Shop notwendige Ausr\u00fcstung sein.<\/span><\/p>\n<p style=\"margin-top:0;margin-right:0;margin-bottom:0;margin-left:0;text-indent:0;text-align:justify\"><span style=\"letter-spacing: 0px;font-size: 16px;font-family: arial, helvetica, sans-serif\">Nachdem die Eisproduktion abgeschlossen und das Eis in den Becher abgef\u00fcllt ist, kann der Verk\u00e4ufer den Becher in die kleine Eisdiele schicken.<\/span><\/p>\n<p style=\"margin-top:0;margin-right:0;margin-bottom:0;margin-left:0;text-indent:0;text-align:justify\"><span style=\"letter-spacing: 0px;font-size: 16px;font-family: arial, helvetica, sans-serif\">Gefrierschr\u00e4nke an verschiedenen Orten anzeigen.<\/span><\/p>\n<p style=\"margin-top:0;margin-right:0;margin-bottom:0;margin-left:0;text-indent:0;text-align:justify\"><span style=\"letter-spacing: 0px;font-size: 16px;font-family: arial, helvetica, sans-serif\"><br \/><\/span><\/p>\n<p><span style=\"font-size: 24px;text-align: left\"><\/span><\/p>\n<table class=\"table table-bordered table-hover\" width=\"747\">\n<tbody>\n<tr class=\"firstRow\">\n<td width=\"80\" valign=\"center\" style=\"line-height: 1.42857\">\n<p style=\"text-align: center\">Modell<\/p>\n<\/td>\n<td width=\"128\" valign=\"center\" style=\"line-height: 1.42857\">\n<p style=\"text-align: center\">Abmessungen (mm)<\/p>\n<\/td>\n<td width=\"73\" valign=\"center\" style=\"line-height: 1.42857\">\n<p style=\"text-align: center\">Fassungsverm\u00f6gen des Gefrierschranks<\/p>\n<\/td>\n<td width=\"195\" valign=\"center\" style=\"line-height: 1.42857\">\n<p style=\"text-align: center\">Stromverbrauch&nbsp;<br \/>&nbsp; &nbsp; &nbsp;(kw.h\/24h)<\/p>\n<\/td>\n<td width=\"197\" valign=\"center\" style=\"line-height: 1.42857\">\n<p style=\"text-align: center\">Stromverbrauch&nbsp;<br \/>&nbsp; &nbsp; &nbsp;(kw.h\/24h)<\/p>\n<\/td>\n<td width=\"109\" valign=\"center\" style=\"line-height: 1.42857\">\n<p style=\"text-align: center\">Temperatur<\/p>\n<\/td>\n<td width=\"96\" valign=\"center\" style=\"line-height: 1.42857\">\n<p style=\"text-align: center\">K\u00e4ltemittel<\/p>\n<\/td>\n<\/tr>\n<tr>\n<td width=\"80\" valign=\"center\" style=\"line-height: 1.42857\">\n<p style=\"text-align: center\">SD-216<\/p>\n<\/td>\n<td width=\"128\" valign=\"center\" style=\"line-height: 1.42857\">\n<p style=\"text-align: center\">625*755*1100<\/p>\n<\/td>\n<td width=\"73\" valign=\"center\" style=\"line-height: 1.42857\">\n<p style=\"text-align: center\">163L<\/p>\n<\/td>\n<td width=\"195\" valign=\"center\" style=\"line-height: 1.42857\">\n<p style=\"text-align: center\">1.50<\/p>\n<\/td>\n<td width=\"197\" valign=\"center\" style=\"line-height: 1.42857\">\n<p style=\"text-align: center\">55<\/p>\n<\/td>\n<td width=\"109\" valign=\"center\" style=\"line-height: 1.42857\">\n<p style=\"text-align: center\">-18\u22640\u226410<\/p>\n<\/td>\n<td width=\"96\" valign=\"center\" style=\"line-height: 1.42857\">\n<p style=\"text-align: center\">134a<\/p>\n<\/td>\n<\/tr>\n<\/tbody>\n<\/table>\n<p><span style=\"font-size: 24px\">&nbsp;<\/span><\/p>\n<div class=\"d-tem11-graphic tem11-graphic mockup\" data-detail=\"wrap\">\n<div class=\"tab_row\">\n<div class=\"img\" style=\"width: 50%\">\n<p style=\"text-align:center\"><\/p>\n<p style=\"text-align:center\"><img loading=\"lazy\" decoding=\"async\" title=\"\" alt=\"product-Hommy-img\" src=\"https:\/\/www.hommy.com\/wp-content\/uploads\/16012694865063.jpg\" width=\"500\" height=\"300\" border=\"0\" vspace=\"0\" style=\"width: 500px;height: 300px\"><\/p>\n<\/div>\n<div class=\"text_box\" style=\"width: 50%\">\n<div class=\"txt\">\n<div class=\"title\">\n<h2><span style=\"font-family: arial, helvetica, sans-serif\"><strong><span style=\"font-size: 29px;letter-spacing: 0px\"><a name=\"Product Features\"><\/a>Produktmerkmale\uff1a<\/span><\/strong><\/span><\/h2>\n<\/div>\n<p>&nbsp;<\/p>\n<p style=\"text-indent: 0\"><span style=\"font-family: Arial;letter-spacing: 0;font-size: 14px\">Au\u00dferdem tragen hochqualifizierte Ingenieure, f\u00e4hige Technologen und sachkundiges Personal viel zur Entwicklung des Unternehmens bei.<\/span><\/p>\n<p style=\"text-indent: 0\"><span style=\"font-family: Arial;letter-spacing: 0;font-size: 14px\"><\/span><\/p>\n<p style=\"text-indent: 0\"><span style=\"font-family: Arial;letter-spacing: 0;font-size: 14px\">1. Integrales Sch\u00e4umen einer gleichm\u00e4\u00dfigeren und kompakteren Schaumschicht f\u00fcr eine bessere Isolierwirkung.&nbsp;<\/span><\/p>\n<p style=\"text-indent: 0\"><span style=\"font-family: Arial;letter-spacing: 0;font-size: 14px\">2. Rohrwicklung f\u00fcr das gesamte Geh\u00e4use, sehr dicht und kompakt zwischen jeder Schicht.&nbsp;<\/span><\/p>\n<p style=\"text-indent: 0\"><span style=\"font-family: Arial;letter-spacing: 0;font-size: 14px\">3. Vern\u00fcnftige und wissenschaftliche K\u00fchlsystem bietet starke Leistung und niedrigen Energieverbrauch.&nbsp;<\/span><\/p>\n<p style=\"text-indent: 0\"><span style=\"font-family: Arial;letter-spacing: 0;font-size: 14px\">4. Beschichtete T\u00fcr aus geh\u00e4rtetem Glas f\u00fcr eine bessere Anzeige und Isolierung Wirkung bei gleichzeitiger Gew\u00e4hrleistung der sicheren Touch zur gleichen Zeit.&nbsp;<\/span><\/p>\n<p style=\"text-indent: 0\"><span style=\"font-family: Arial;letter-spacing: 0;font-size: 14px\">5. Glatte T\u00fcrschiene f\u00fcr leichtes \u00d6ffnen und Schlie\u00dfen.&nbsp;<\/span><\/p>\n<p style=\"text-indent: 0\"><span style=\"font-family: Arial;letter-spacing: 0;font-size: 14px\">6. Markenkompressor mit starker Leistung und hohem Wirkungsgrad.&nbsp;<\/span><\/p>\n<p style=\"text-indent: 0\"><span style=\"font-family: Arial;letter-spacing: 0;font-size: 14px\">7. Ausgestattet mit verstellbaren K\u00f6rben, um den Platz optimal zu nutzen.&nbsp;<\/span><\/p>\n<p><span style=\"font-family:\u5b8b\u4f53;font-size:16px\">8.<\/span><span style=\"font-family:Calibri;font-size:16px\">Temperaturregelung optional, sehr bequem f\u00fcr den Einsatz;<\/span><span style=\"font-family:Calibri;font-size:16px\"><br \/><\/span><span style=\"font-family:\u5b8b\u4f53;font-size:16px\">9.<\/span><span style=\"font-family:Calibri;font-size:16px\">Ganzer K\u00f6rper mit Werbegrafiken nach Ihren W\u00fcnschen.<\/span><span style=\"font-family:Calibri;font-size:16px\"><br \/><\/span><span style=\"font-family:\u5b8b\u4f53;font-size:16px\">10. <\/span><span style=\"font-family:Calibri;font-size:16px\">Leichtg\u00e4ngige R\u00e4der;<\/span><\/p>\n<\/div>\n<\/div>\n<\/div>\n<\/div>\n<p>&nbsp;<\/p>\n<h2><strong><span style=\"font-size: 24px\"><a name=\"PRODUCT ADVANTAGE\"><\/a>PRODUKTVORTEIL<\/span><\/strong><\/h2>\n<p><span style=\"font-size: 16px;font-family: arial, helvetica, sans-serif\">Au\u00dferdem tragen hochqualifizierte Ingenieure, f\u00e4hige Technologen und sachkundiges Personal viel zur Entwicklung des Unternehmens bei.<\/span><\/p>\n<p><span style=\"font-size: 24px\"><\/span><\/p>\n<p>&nbsp; &nbsp; &nbsp; &nbsp; &nbsp; &nbsp;<\/p>\n<div class=\"d-tem01-graphic tem01-graphic mockup\" data-detail=\"wrap\">\n<div class=\"cont-section clearfix d-clearfix\">\n<div class=\"col-md-6 col-sm-6 col-xs-6\">\n<div class=\"right-p\">\n<h2><strong><span style=\"font-size: 24px;font-family: arial, helvetica, sans-serif\"><a name=\"Suitable size\"><\/a>Geeignete Gr\u00f6\u00dfe<\/span><\/strong><\/h2>\n<p><\/p>\n<p style=\"margin-top:0;margin-right:0;margin-bottom:0;margin-left:0\"><span style=\"font-size: 16px\"><span style=\"font-family: Arial;letter-spacing: 0px\">Die Struktur des Schaukastens ist einfach und vern\u00fcnftig, der Bel\u00fcftungseffekt ist sehr gut,<\/span><span style=\"font-family: Arial;letter-spacing: 0px\">die Gr\u00f6\u00dfe des Schaukastens ist klein.<\/span><\/span><\/p>\n<p><\/p>\n<p><\/p>\n<p><\/p>\n<p><\/p>\n<\/div>\n<div class=\"graphic_pic animated wow bounceIn\" data-wow-delay=\".7s\">\n<p style=\"text-align:center\"><img loading=\"lazy\" decoding=\"async\" src=\"https:\/\/www.hommy.com\/wp-content\/uploads\/16012694322123.jpg\" alt=\"Produkt-SD 216 One-Shot-Vitrine Gefrierschrank-Hommy-img\" title=\"\" width=\"350\" height=\"637\" border=\"0\" vspace=\"0\" style=\"width: 350px;height: 637px\"><\/p>\n<\/div>\n<\/div>\n<div class=\"col-md-6 col-sm-6 col-xs-6\">\n<div class=\"right-p\">\n<h2><strong><span style=\"font-size: 24px;font-family: arial, helvetica, sans-serif\"><a name=\"Classification basin\"><\/a>Klassifizierungsbecken<\/span><\/strong><\/h2>\n<p><\/p>\n<p style=\"margin-top:0;margin-right:0;margin-bottom:0;margin-left:0\"><span style=\"font-size: 16px;font-family: arial, helvetica, sans-serif\">Display im Inneren haben 2 Klassifizierung Becken zu trennen verschiedene Produkte, die leicht zu verkaufen f\u00fcr den Kunden.<\/span><\/p>\n<p style=\"margin-top:0;margin-right:0;margin-bottom:0;margin-left:0\"><span style=\"font-family:Calibri;font-size:16px\"><br \/><\/span><\/p>\n<p><\/p>\n<p><\/p>\n<p><\/p>\n<p style=\"text-align:center\"><\/p>\n<p style=\"text-align:center\"><img loading=\"lazy\" decoding=\"async\" src=\"https:\/\/www.hommy.com\/wp-content\/uploads\/15794966926267.jpg\" alt=\"product-Hommy-img\" title=\"\" width=\"350\" height=\"458\" border=\"0\" vspace=\"0\" style=\"width: 350px;height: 458px\"><\/p>\n<p><span>&nbsp; &nbsp; &nbsp; &nbsp; &nbsp; &nbsp; &nbsp;<\/span><\/p>\n<\/div>\n<\/div>\n<\/div>\n<\/div>\n<p>Dokument\uff1a<img decoding=\"async\" src=\"https:\/\/www.hommy.com\/wp-content\/uploads\/icon_pdf-68.gif\" style=\"margin-right: 2px\" alt=\"product-Hommy-img\" title=\"\"><a href=\"https:\/\/img80002414.weyesimg.com\/uploads\/www.hommy.com\/addon\/16026409838814.pdf\" title=\"16026409838814.pdf\" style=\"font-size: 12px\">16026409838814.pdf<\/a>&nbsp; &nbsp; &nbsp; &nbsp;&nbsp;<\/p>\n<h2>Ist der Verkauf von Wasser rentabel?<\/h2>\n<p style=\"margin-top: 5px;margin-bottom: 5px\"><\/p>\n<p style=\"margin-top: 5px;margin-bottom: 5px\">Wasserverkauf ist eine gute Idee, wenn man wei\u00df, wie man es macht. Es gibt viele M\u00f6glichkeiten, damit Geld zu verdienen, und es gibt noch mehr M\u00f6glichkeiten, Geld zu verlieren.<\/p>\n<p style=\"margin-top: 5px;margin-bottom: 5px\"><\/p>\n<p style=\"margin-top: 5px;margin-bottom: 5px\">In diesem Artikel zeigen wir Ihnen, wie Sie mit dem Wasserverkauf Geld verdienen k\u00f6nnen, und wir erkl\u00e4ren Ihnen, welche Strategien f\u00fcr den Wasserverkauf am rentabelsten sind.<\/p>\n<p style=\"margin-top: 5px;margin-bottom: 5px\"><\/p>\n<p style=\"margin-top: 5px;margin-bottom: 5px\">Wenn Sie bereits im Gesch\u00e4ft sind, wurden Sie vielleicht mit einer Idee f\u00fcr Wasserautomaten angesprochen und m\u00f6chten wissen, ob Sie damit Geld verdienen k\u00f6nnen.<\/p>\n<p style=\"margin-top: 5px;margin-bottom: 5px\"><\/p>\n<p style=\"margin-top: 5px;margin-bottom: 5px\"><\/p>\n<h2>Kann man mit Wasserautomaten Geld verdienen?<\/h2>\n<p style=\"margin-top: 5px;margin-bottom: 5px\"><\/p>\n<p style=\"margin-top: 5px;margin-bottom: 5px\">Ein Wasserautomat k\u00f6nnte das n\u00e4chste gro\u00dfe Ding im Verkaufsgesch\u00e4ft sein.<\/p>\n<p style=\"margin-top: 5px;margin-bottom: 5px\"><\/p>\n<p style=\"margin-top: 5px;margin-bottom: 5px\">Wasser ist ein wertvolles Gut, vor allem in den Vereinigten Staaten, wo die Einwohner h\u00e4ufig gezwungen sind, exorbitante Preise f\u00fcr dieses Produkt zu zahlen.<\/p>\n<p style=\"margin-top: 5px;margin-bottom: 5px\"><\/p>\n<p style=\"margin-top: 5px;margin-bottom: 5px\">Die American Medical Association (AMA) sch\u00e4tzt, dass der Durchschnittshaushalt j\u00e4hrlich $1.000 f\u00fcr abgef\u00fclltes Wasser ausgibt.<\/p>\n<p style=\"margin-top: 5px;margin-bottom: 5px\"><\/p>\n<p style=\"margin-top: 5px;margin-bottom: 5px\">Das ist eine Menge Geld, vor allem wenn man bedenkt, dass man die gleiche Menge Wasser f\u00fcr $0,11 pro Gallone an einer Tankstelle bekommen kann.<\/p>\n<p style=\"margin-top: 5px;margin-bottom: 5px\"><\/p>\n<p style=\"margin-top: 5px;margin-bottom: 5px\">Gibt es eine Eismaschine, die Eis wie Sonic macht? Ich meine keinen 3-Tonic, keinen freistehenden oder gar einen kompakten. Ich meine eine richtige Eismaschine, die Art, die man in den Gefrierschrank stellt.<\/p>\n<p style=\"margin-top: 5px;margin-bottom: 5px\"><\/p>\n<p style=\"margin-top: 5px;margin-bottom: 5px\">Jahrelang habe ich meine eigenen Eisw\u00fcrfel in einem Plastikbeutel hergestellt. Ich stand mitten in der Nacht auf, um Eis zu machen, wenn ich Eis wollte, und dann hatte ich Eis, wenn ich Eis wollte. Im Sommer packte ich das Eis in den Gefrierschrank, um Eiscreme zu machen. Im Winter packte ich das Eis in den Gefrierschrank, um kalte Limonade zu machen.&nbsp; &nbsp; &nbsp; &nbsp; &nbsp; &nbsp; &nbsp; &nbsp; &nbsp; &nbsp; &nbsp; &nbsp; &nbsp; &nbsp; &nbsp; &nbsp; &nbsp; &nbsp; &nbsp; &nbsp; &nbsp; &nbsp; &nbsp; &nbsp;<\/p>\n<\/div><\/div>","protected":false},"excerpt":{"rendered":"<p>One-shot display showcase freezer One-shot display showcase freezer|Product specification|Product Features|PRODUCT ADVANTAGE|Suitable size|Classification basin &nbsp; The offered showcase freezer is developed using finest quality material that assures high durability. Moreover, this showcase freezer is designed by our professionals with a view to provide it at competitive price. Moreover, this showcase freezer is available in different sizes [&hellip;]<\/p>\n","protected":false},"featured_media":925,"comment_status":"open","ping_status":"open","template":"","meta":{"_swt_meta_header_display":false,"_swt_meta_footer_display":false,"_swt_meta_site_title_display":false,"_swt_meta_sticky_header":false,"_swt_meta_transparent_header":false},"product_brand":[],"product_cat":[86],"product_tag":[],"class_list":{"0":"post-929","1":"product","2":"type-product","3":"status-publish","4":"has-post-thumbnail","6":"product_cat-one-shot-machine","8":"first","9":"instock","10":"shipping-taxable","11":"product-type-simple"},"_links":{"self":[{"href":"https:\/\/www.hommy.com\/de\/wp-json\/wp\/v2\/product\/929","targetHints":{"allow":["GET"]}}],"collection":[{"href":"https:\/\/www.hommy.com\/de\/wp-json\/wp\/v2\/product"}],"about":[{"href":"https:\/\/www.hommy.com\/de\/wp-json\/wp\/v2\/types\/product"}],"replies":[{"embeddable":true,"href":"https:\/\/www.hommy.com\/de\/wp-json\/wp\/v2\/comments?post=929"}],"wp:featuredmedia":[{"embeddable":true,"href":"https:\/\/www.hommy.com\/de\/wp-json\/wp\/v2\/media\/925"}],"wp:attachment":[{"href":"https:\/\/www.hommy.com\/de\/wp-json\/wp\/v2\/media?parent=929"}],"wp:term":[{"taxonomy":"product_brand","embeddable":true,"href":"https:\/\/www.hommy.com\/de\/wp-json\/wp\/v2\/product_brand?post=929"},{"taxonomy":"product_cat","embeddable":true,"href":"https:\/\/www.hommy.com\/de\/wp-json\/wp\/v2\/product_cat?post=929"},{"taxonomy":"product_tag","embeddable":true,"href":"https:\/\/www.hommy.com\/de\/wp-json\/wp\/v2\/product_tag?post=929"}],"curies":[{"name":"wp","href":"https:\/\/api.w.org\/{rel}","templated":true}]}}