{"id":924,"date":"2024-07-02T17:24:40","date_gmt":"2024-07-02T17:24:40","guid":{"rendered":"http:\/\/localhost\/hommywp\/hm26-one-shot-ice-cream-uk-dispenser-machine-factory-cost\/"},"modified":"2025-08-01T09:57:46","modified_gmt":"2025-08-01T09:57:46","slug":"ein-schuss-eismaschine-eiscreme-spender","status":"publish","type":"product","link":"https:\/\/www.hommy.com\/de\/p\/ein-schuss-eismaschine-eiscreme-spender\/","title":{"rendered":"Hm26 One Shot Eiscreme Uk Dispenser Maschine Fabrik Kosten"},"content":{"rendered":"<div>\n<p>&nbsp;&nbsp;&nbsp;&nbsp;<\/p>\n<h2 style=\"text-align: center\"><span style=\"letter-spacing: 0px;font-size: 29px;font-family: arial, helvetica, sans-serif\"><a name=\"One shot ice cream machine UK\"><\/a>Ein-Schuss-Eismaschine UK<\/span><\/h2>\n<p style=\"text-align: center\"><a href=\"#One shot ice cream machine UK\" target=\"_self\" data-lv=\"0\" rel=\"noopener\"><span style=\"letter-spacing: 0px;font-family: arial, helvetica, sans-serif;font-size: 16px\">Ein-Schuss-Eismaschine UK<\/span><\/a><span style=\"letter-spacing: 0px;font-family: arial, helvetica, sans-serif;font-size: 16px\">|<a href=\"#Product specification\" target=\"_self\" data-lv=\"0\" rel=\"noopener\">Produktspezifikation<\/a>|<a href=\"#Product Features\" target=\"_self\" data-lv=\"0\" rel=\"noopener\">Produktmerkmale<\/a>|<a href=\"#Product Advantage\" target=\"_self\" data-lv=\"0\" rel=\"noopener\">Produktvorteil<\/a><\/span><\/p>\n<p>Unser Schuss <a style=\"color:blue\" href=\"\/de\/\">Speiseeismaschine<\/a>s sind weithin von unseren Kunden f\u00fcr ihre Qualit\u00e4t gesch\u00e4tzt, in verschiedenen Geschmacksrichtungen angeboten, bieten wir eine gro\u00dfe Auswahl an One-Shot-Eismaschine in Gro\u00dfbritannien. Diese sind weithin auf dem Markt f\u00fcr ihre h\u00f6chste Qualit\u00e4t und niedrige Preise gefragt. Angeboten in verschiedenen Gr\u00f6\u00dfen, bieten wir die beste Qualit\u00e4t der Produkte f\u00fcr unsere Kunden.<\/p>\n<p style=\"text-align: center\">\n<p><\/p>\n<p style=\"margin-top:0;margin-right:0;margin-bottom:0;margin-left:0;text-indent:0;text-align:justify\"><span style=\"font-size: 24px\"><strong><span style=\"letter-spacing: 0px;font-family: arial, helvetica, sans-serif\"><a name=\"Product specification\"><\/a><br \/><\/span><\/strong><\/span><\/p>\n<h2 style=\"margin: 0px;text-indent: 0px;text-align: justify\"><span style=\"font-size: 24px\"><strong><span style=\"letter-spacing: 0px;font-family: arial, helvetica, sans-serif\"><a name=\"Product specification\"><\/a>Produktspezifikation:<\/span><\/strong><\/span><\/h2>\n<p style=\"margin-top:0;margin-right:0;margin-bottom:0;margin-left:0;text-indent:0;text-align:justify\"><span style=\"letter-spacing: 0px;font-family: arial, helvetica, sans-serif;font-size: 16px\">Die One-Shot-Maschine hat alle Regeln f\u00fcr die Ausgabe von gefrorenen Desserts, einschlie\u00dflich Eis, gefrorenen Joghurt ...... One-Shot-Maschine ist der echte Game Changer. Es gibt keine Notwendigkeit, in das Erbe der Soft-Serve-Technologie gesperrt werden, und Sie k\u00f6nnen auch die Komplikationen der Eiscreme-Fabrik zu reduzieren. Der damit verbundene Desinfektionsalptraum, die steigenden Energiekosten, die schwankende Qualit\u00e4t und Produktintegrit\u00e4t und der erhebliche Abfall sind kein Thema mehr.<\/span><\/p>\n<p style=\"margin-top:0;margin-right:0;margin-bottom:0;margin-left:0;text-indent:0;text-align:justify\"><span style=\"letter-spacing: 0px;font-family: arial, helvetica, sans-serif;font-size: 16px\"><br \/><\/span><\/p>\n<p style=\"text-align: center\"><\/p>\n<p style=\"text-align: center\"><img decoding=\"async\" src=\"https:\/\/www.hommy.com\/wp-content\/uploads\/16012600217515.png\" alt=\"product-Hommy-img\" title=\"\"><\/p>\n<p><\/p>\n<p><\/p>\n<p><span style=\"letter-spacing: 0px;font-size: 24px;font-family: arial, helvetica, sans-serif\"><\/span><\/p>\n<div class=\"d-tem01-graphic tem01-graphic mockup\" data-detail=\"wrap\">\n<div class=\"cont-section clearfix d-clearfix\">\n<div class=\"col-md-6 col-sm-6 col-xs-6\">\n<div class=\"right-p\">\n<p style=\"text-align:center\"><img loading=\"lazy\" decoding=\"async\" src=\"https:\/\/www.hommy.com\/wp-content\/uploads\/16012603409210.png\" alt=\"product-Hommy-img\" title=\"\" width=\"350\" height=\"500\" border=\"0\" vspace=\"0\" style=\"width: 350px;height: 500px\"><\/p>\n<p><\/p>\n<p><\/p>\n<div class=\"description\">\n<p style=\"margin-top:0;margin-right:0;margin-bottom:0;margin-left:0;text-indent:0;text-align:justify\"><span style=\"letter-spacing: 0px;font-size: 16px;font-family: arial, helvetica, sans-serif\">Die neue Welt der One-Shot-Maschine kann Ihnen helfen, den Gewinn mit der Produktintegrit\u00e4t zu verbinden.<\/span><\/p>\n<\/div>\n<\/div>\n<p>&nbsp; &nbsp; &nbsp; &nbsp; &nbsp; &nbsp; &nbsp;<\/p><\/div>\n<div class=\"col-md-6 col-sm-6 col-xs-6\">\n<div class=\"right-p\">\n<div class=\"h2 heading\">\n<h2 style=\"margin: 0px;text-indent: 0px;text-align: justify\"><span style=\"font-size: 24px\"><strong><span style=\"letter-spacing: 0px;font-family: arial, helvetica, sans-serif\"><a name=\"Product Features\"><\/a>Produktmerkmale:<\/span><\/strong><\/span><\/h2>\n<p style=\"margin-top:0;margin-right:0;margin-bottom:0;margin-left:0;text-indent:0;text-align:justify\"><strong><span style=\"letter-spacing: 0px;font-size: 16px;font-family: arial, helvetica, sans-serif\"><br \/><\/span><\/strong><\/p>\n<p style=\"margin-top:0;margin-right:0;margin-bottom:0;margin-left:0;text-indent:0;text-align:justify\"><span style=\"letter-spacing: 0px;font-size: 16px;font-family: arial, helvetica, sans-serif\">Demonstration der Produktionslinie:<\/span><\/p>\n<p style=\"margin-top:0;margin-right:0;margin-bottom:0;margin-left:0;text-indent:0;text-align:justify\"><span style=\"font-size: 16px;font-family: Symbol\">\u00a8&nbsp;<\/span><span style=\"font-size: 16px;font-family: Calibri\">Benutzerfreundlich.<\/span><\/p>\n<p style=\"margin-top:0;margin-right:0;margin-bottom:0;margin-left:0;text-indent:0;text-align:justify\"><span style=\"font-size: 16px;font-family: Symbol\">\u00a8&nbsp;<\/span><span style=\"font-size: 16px;font-family: Calibri\">Keine Unordnung, keine Reinigung, kein Abfall.<\/span><\/p>\n<p style=\"margin-top:0;margin-right:0;margin-bottom:0;margin-left:0;text-indent:0;text-align:justify\"><span style=\"font-size: 16px;font-family: Symbol\">\u00a8&nbsp;<\/span><span style=\"font-size: 16px;font-family: Calibri\">Sicher f\u00fcr den Benutzer.<\/span><\/p>\n<p style=\"margin-top:0;margin-right:0;margin-bottom:0;margin-left:0;text-indent:0;text-align:justify\"><span style=\"font-size: 16px;font-family: Symbol\">\u00a8&nbsp;<\/span><span style=\"font-size: 16px;font-family: Calibri\">W\u00e4hlen Sie ein schmackhaftes gefrorenes Dessert aus dem Gefrierschrank.<\/span><\/p>\n<p style=\"margin-left:0;text-indent:0\"><span style=\"font-size: 16px;font-family: arial, helvetica, sans-serif\"><span style=\"font-family: Symbol;font-size: 16px\">\u00a8&nbsp;<\/span><span style=\"font-family: Calibri;font-size: 16px\">Entfernen Sie die Schutzlasche und legen Sie sie in den Spender.<\/span><\/span><\/p>\n<p style=\"margin-left:0;text-indent:0\"><span style=\"font-size: 16px;font-family: arial, helvetica, sans-serif\"><span style=\"font-family: Symbol;font-size: 16px\">\u00a8&nbsp;<\/span><span style=\"font-family: Calibri;font-size: 16px\">Dr\u00fccken Sie die Ausgabetaste, und das k\u00f6stliche gefrorene Dessert ist in wenigen Sekunden fertig.<\/span><\/span><\/p>\n<p style=\"margin-left:0;text-indent:0\"><span style=\"font-size: 16px;font-family: Symbol\">\u00a8&nbsp;<\/span><span style=\"font-size: 16px;font-family: Calibri\">Der Becher ist aus speziellem Material gefertigt, das die Festigkeit gew\u00e4hrleistet.<\/span><\/p>\n<p style=\"margin-left:0;text-indent:0\"><span style=\"font-size: 16px;font-family: Symbol\">\u00a8&nbsp;<\/span><span style=\"font-size: 16px;font-family: Calibri\">Mit abnehmbarer Schutzlasche an der Oberseite.<\/span><\/p>\n<p style=\"margin-left:0;text-indent:0\"><span style=\"font-size: 16px;font-family: Symbol\">\u00a8&nbsp;<\/span><span style=\"font-size: 16px;font-family: Calibri\">Spezielles Design: Das gefrorene Dessert wird vom Becher bis zur Waffelt\u00fcte serviert. Keine Masse und kein Abfall.<\/span><\/p>\n<p style=\"margin-left:0;text-indent:0\"><span style=\"font-size: 16px;font-family: Symbol\">\u00a8&nbsp;<\/span><span style=\"font-size: 16px;font-family: Calibri\">\u00c4u\u00dferes: 250 x 200 x 630 mm<\/span><\/p>\n<p style=\"margin-left:0;text-indent:0\"><span style=\"font-size: 16px;font-family: Symbol\">\u00a8&nbsp;<\/span><span style=\"font-size: 16px;font-family: \u5b8b\u4f53\">Macht\uff1a<\/span><span style=\"font-size: 16px;font-family: Calibri\">220~240V 50Hz.<\/span><span style=\"font-size: 16px;font-family: \u5b8b\u4f53\">&nbsp;,<\/span><span style=\"font-size: 16px;font-family: Calibri\">208~230V 60Hz.<\/span><\/p>\n<p><span>&nbsp; &nbsp; &nbsp; &nbsp;<\/span><\/div>\n<\/div>\n<\/div>\n<\/div>\n<\/div>\n<h2><strong><span style=\"letter-spacing: 0px;font-size: 24px;font-family: arial, helvetica, sans-serif\"><a name=\"Product Advantage\"><\/a>Produktvorteil:<\/span><\/strong><\/h2>\n<p><span style=\"letter-spacing: 0px;font-size: 24px;font-family: arial, helvetica, sans-serif\"><\/span><\/p>\n<div class=\"d-tem01-graphic tem01-graphic mockup\" data-detail=\"wrap\">\n<div class=\"cont-section clearfix d-clearfix\">\n<div class=\"col-md-6 col-sm-6 col-xs-6\">\n<div class=\"right-p\">\n<div class=\"h2 heading\">\n<p><span style=\"font-family: arial, helvetica, sans-serif;font-size: 16px\">1. Spezieller Becher aus lebensmittelechtem PE-Kunststoff. Wir haben zwei Arten von Bechern f\u00fcr Sie zur Auswahl: HM25-C und HM26-C. HM25-C kann nur einmal verwendet werden, HM26-C kann 2-3 Mal verwendet werden.<\/span><\/p>\n<p><span style=\"font-family: arial, helvetica, sans-serif;font-size: 16px\"><br \/><\/span><\/p>\n<p><span style=\"font-family: arial, helvetica, sans-serif;font-size: 16px\"><br \/><\/span><\/p>\n<p><span style=\"font-family: arial, helvetica, sans-serif;font-size: 16px\"><br \/><\/span><\/p>\n<\/div>\n<\/div>\n<div class=\"graphic_pic animated wow bounceIn\" data-wow-delay=\".7s\">\n<p style=\"text-align:center\"><img loading=\"lazy\" decoding=\"async\" src=\"https:\/\/www.hommy.com\/wp-content\/uploads\/16012607085625.png\" alt=\"produkt-Hommy-HM26 ein Schuss Eiscreme uk-img\" title=\"\" width=\"350\" height=\"377\" border=\"0\" vspace=\"0\" style=\"width: 350px;height: 377px\"><\/p>\n<\/div>\n<\/div>\n<div class=\"col-md-6 col-sm-6 col-xs-6\">\n<div class=\"right-p\">\n<div class=\"h2 heading\">\n<p style=\"margin-top:12px;margin-bottom:12px;margin-left:0;text-indent:0\"><span style=\"font-size: 16px\"><span style=\"font-family: Calibri\">2. die Kapseln werden in der Fabrik direkt in der Maschine hergestellt und ausgepresst. Die Hand des Bedieners hat das Eis nicht ber\u00fchrt, daher gibt es keine besonderen Anforderungen an die Platzierung<\/span><span style=\"font-family:\u5b8b\u4f53\">.<\/span><\/span><\/p>\n<p style=\"margin-top:12px;margin-bottom:12px;margin-left:0;text-indent:0\"><\/p>\n<p style=\"margin-top:12px;margin-bottom:12px;margin-left:0;text-indent:0\"><\/p>\n<p style=\"margin-top:12px;margin-bottom:12px;margin-left:0;text-indent:0\"><\/p>\n<p style=\"margin-top:12px;margin-bottom:12px;margin-left:0;text-indent:0\"><img decoding=\"async\" src=\"https:\/\/www.hommy.com\/wp-content\/uploads\/16012607454594.png\" alt=\"product-Hommy-img\" style=\"font-size: 14px\" title=\"\"><span style=\"font-size: 14px\">&nbsp; &nbsp; &nbsp; &nbsp; &nbsp; &nbsp; &nbsp;<\/span><\/p>\n<\/div>\n<\/div>\n<\/div>\n<\/div>\n<\/div>\n<p><span style=\"font-family: inherit\"><\/span><\/p>\n<p><img loading=\"lazy\" decoding=\"async\" src=\"https:\/\/www.hommy.com\/wp-content\/uploads\/16012606001125.jpg\" style=\"width: 1200px;height: 503px\" title=\"\" alt=\"Produkt-HM26 One-Shot-Eiscreme de-Hommy-img\" width=\"1200\" height=\"503\" border=\"0\" vspace=\"0\"><\/p>\n<p><img loading=\"lazy\" decoding=\"async\" src=\"https:\/\/www.hommy.com\/wp-content\/uploads\/16012606023506.jpg\" style=\"width: 1200px;height: 413px\" title=\"\" alt=\"product-Hommy-img\" width=\"1200\" height=\"413\" border=\"0\" vspace=\"0\"><\/p>\n<p><\/p>\n<p>Dokument\uff1a<img decoding=\"async\" src=\"https:\/\/www.hommy.com\/wp-content\/uploads\/icon_pdf-67.gif\" style=\"margin-right: 2px\" alt=\"produkt-Hommy-img-1\" title=\"\"><a href=\"https:\/\/img80002414.weyesimg.com\/uploads\/www.hommy.com\/addon\/16026391409903.pdf\" title=\"16026391409903.pdf\" style=\"font-size: 12px\">16026391409903.pdf<\/a><\/p>\n<p><span style=\"font-family: inherit\">&nbsp; &nbsp; &nbsp; &nbsp; &nbsp; &nbsp; &nbsp;<\/span><\/p>\n<p style=\"margin-top: 12px;margin-bottom: 12px\"><span style=\"font-size: 14px\">&nbsp; &nbsp; &nbsp; &nbsp; &nbsp; &nbsp; &nbsp;<\/span><\/p>\n<h2>Wie oft reinigt McDonalds seine Eismaschine?<\/h2>\n<p style=\"margin-top: 5px;margin-bottom: 5px\">Die Eismaschine von McDonald's wird einmal pro Woche gereinigt. McDonald's hat ein umfangreiches Reinigungs- und Desinfektionsprogramm, das einen w\u00f6chentlichen Zyklus f\u00fcr alle Restaurants vorsieht. Dies umfasst alle K\u00fcchenoberfl\u00e4chen sowie alle Toiletten und Toilettenarmaturen. Das Verfahren umfasst die Anwendung eines firmeneigenen Reinigungsprodukts und eine gr\u00fcndliche Hand- und Maschinenw\u00e4sche sowie die Reinigung aller Oberfl\u00e4chen auf Wasser-\/Eisbasis, wozu auch die <a style=\"color:blue\" href=\"https:\/\/www.hommy.com\/de\/schaufenster\/\">Eiscreme-Gefrierschrank<\/a>s. Der Desinfektionsprozess umfasst auch die Anwendung eines Desinfektionsmittels auf Wasserbasis, das auf allen Innen- und Au\u00dfenfl\u00e4chen des Restaurants angewendet wird.<\/p>\n<p style=\"margin-top: 5px;margin-bottom: 5px\"><\/p>\n<h2>Wie funktioniert eine KitchenAid <a style=\"color:blue\" href=\"\/de\/\">Eismaschine<\/a> arbeiten?<\/h2>\n<p style=\"margin-top: 5px;margin-bottom: 5px\">KitchenAid-Eiscrememaschinen sind die perfekten Party-Eiscrememaschinen, sie sind einfach zu bedienen und sehen wundersch\u00f6n aus! Die KitchenAid-Eismaschine, wie oben zu sehen, verf\u00fcgt \u00fcber eine innere Kupfersch\u00fcssel, die mit einer leistungsstarken K\u00fchleinheit verbunden ist, die einen Wirbeleffekt erzeugt. Die KitchenAid-Eismaschine ist in einer Reihe von Formen erh\u00e4ltlich. Unsere KitchenAid-Eismaschine ist die Perfect Serve-Eismaschine, sie ist entweder in runder oder quadratischer Form erh\u00e4ltlich. Die runde KitchenAid-Eismaschine ist nur in schwarzer Ausf\u00fchrung erh\u00e4ltlich, w\u00e4hrend die quadratische KitchenAid-Eismaschine entweder in schwarzer oder wei\u00dfer Ausf\u00fchrung erh\u00e4ltlich ist. Die KitchenAid-Eismaschine, wie oben zu sehen, verf\u00fcgt \u00fcber vier Zwei-Liter-Eisschalen, die bis zu acht individuelle Desserts zubereiten k\u00f6nnen.<\/p>\n<p style=\"margin-top: 5px;margin-bottom: 5px\"><\/p>\n<h2>Ist Kondensmilch dasselbe wie schwere Sahne?<\/h2>\n<p style=\"margin-top: 5px;margin-bottom: 5px\">Kondensmilch ist die dicke, ges\u00fc\u00dfte Milch, die \u00fcbrig bleibt, nachdem dem Rahm das Butterfett entzogen wurde. Sie wird im Allgemeinen als Kondensmilch bezeichnet, obwohl sie je nach Hersteller auch als Kondensmilch, Sahne oder s\u00fc\u00dfe Milch bezeichnet werden kann. Es handelt sich um ein s\u00fc\u00dfes, dickfl\u00fcssiges, cremiges Lebensmittel, das als S\u00fc\u00dfungsmittel oder zum Backen verwendet wird. Sie wird hergestellt, indem man Milch bis zum Siedepunkt erhitzt und dann das Wasser durch einen Filter abzieht, so dass nur das Fett und die festen Bestandteile der Milch \u00fcbrig bleiben. Die festen Bestandteile werden dann in einer Kanne oder einem Glas aufgefangen, und die restliche Milch wird f\u00fcr die Herstellung anderer Produkte verwendet.<\/p>\n<p>&nbsp; &nbsp; &nbsp; &nbsp; &nbsp; &nbsp; &nbsp;<\/p>\n<p><\/p>\n<\/div><\/div>","protected":false},"excerpt":{"rendered":"<p>&nbsp;&nbsp;&nbsp;&nbsp; One shot ice cream machine UK One shot ice cream machine UK|Product specification|Product Features|Product Advantage Our shot ice cream machines are widely appreciated by our consumers for their quality, Offered in various flavors, we offer a large range of one shot ice cream machine in UK. These are widely demanded in the market for [&hellip;]<\/p>\n","protected":false},"featured_media":917,"comment_status":"open","ping_status":"open","template":"","meta":{"_swt_meta_header_display":false,"_swt_meta_footer_display":false,"_swt_meta_site_title_display":false,"_swt_meta_sticky_header":false,"_swt_meta_transparent_header":false},"product_brand":[],"product_cat":[86],"product_tag":[],"class_list":{"0":"post-924","1":"product","2":"type-product","3":"status-publish","4":"has-post-thumbnail","6":"product_cat-one-shot-machine","8":"first","9":"instock","10":"shipping-taxable","11":"product-type-simple"},"_links":{"self":[{"href":"https:\/\/www.hommy.com\/de\/wp-json\/wp\/v2\/product\/924","targetHints":{"allow":["GET"]}}],"collection":[{"href":"https:\/\/www.hommy.com\/de\/wp-json\/wp\/v2\/product"}],"about":[{"href":"https:\/\/www.hommy.com\/de\/wp-json\/wp\/v2\/types\/product"}],"replies":[{"embeddable":true,"href":"https:\/\/www.hommy.com\/de\/wp-json\/wp\/v2\/comments?post=924"}],"wp:featuredmedia":[{"embeddable":true,"href":"https:\/\/www.hommy.com\/de\/wp-json\/wp\/v2\/media\/917"}],"wp:attachment":[{"href":"https:\/\/www.hommy.com\/de\/wp-json\/wp\/v2\/media?parent=924"}],"wp:term":[{"taxonomy":"product_brand","embeddable":true,"href":"https:\/\/www.hommy.com\/de\/wp-json\/wp\/v2\/product_brand?post=924"},{"taxonomy":"product_cat","embeddable":true,"href":"https:\/\/www.hommy.com\/de\/wp-json\/wp\/v2\/product_cat?post=924"},{"taxonomy":"product_tag","embeddable":true,"href":"https:\/\/www.hommy.com\/de\/wp-json\/wp\/v2\/product_tag?post=924"}],"curies":[{"name":"wp","href":"https:\/\/api.w.org\/{rel}","templated":true}]}}