{"id":92,"date":"2024-07-02T12:08:27","date_gmt":"2024-07-02T12:08:27","guid":{"rendered":"http:\/\/localhost\/hommywp\/pa-c7b-automatic-frozen-self-service-pizza-vending-machine-factory\/"},"modified":"2025-08-01T09:57:26","modified_gmt":"2025-08-01T09:57:26","slug":"pa-c7b-automatischer-tiefkuhlpizza-verkaufsautomat-1","status":"publish","type":"product","link":"https:\/\/www.hommy.com\/de\/p\/pa-c7b-automatischer-tiefkuhlpizza-verkaufsautomat-1\/","title":{"rendered":"Pa-C7b Automatischer gefrorener Selbstbedienungs-Pizza-Automat Fabrik"},"content":{"rendered":"<div>\n<h1 style=\"text-align: center\"><strong><span style=\"letter-spacing: 0px;font-size: 24px;font-family: arial, helvetica, sans-serif\"><a name=\"Americal Frozen Pizza Vending Machine\"><\/a>Americal Tiefk\u00fchlpizza-Automat<\/span><\/strong><\/h1>\n<p style=\"text-align: center\"><a href=\"#Americal Frozen Pizza Vending Machine\" target=\"_self\" data-lv=\"0\" rel=\"noopener\"><span style=\"font-size: 18px\"><span style=\"letter-spacing: 0px;font-family: arial, helvetica, sans-serif\">Americal Tiefk\u00fchlpizza-Automat<\/span><\/span><\/a><span style=\"font-size: 18px\"><span style=\"letter-spacing: 0px;font-family: arial, helvetica, sans-serif\">|<a href=\"#Product Features\" target=\"_self\" data-lv=\"0\" rel=\"noopener\">Produktmerkmale<\/a>|<a href=\"#Product specification\" target=\"_self\" data-lv=\"0\" rel=\"noopener\">Produktspezifikation<\/a>|<a href=\"#Product Advantage\" target=\"_self\" data-lv=\"0\" rel=\"noopener\">Produktvorteil<\/a><\/span><\/span><\/p>\n<p><\/p>\n<p style=\"text-align: center\">&nbsp;&nbsp;&nbsp;&nbsp;<\/p>\n<p>Unser angebotener Selbstbedienungs-Pizza-Automat ist einfach zu installieren und wird weithin f\u00fcr seine Langlebigkeit gelobt. Das Ger\u00e4t kommt mit Funktionen, die benutzerfreundlich sind und sind aus hochwertigen Materialien, die korrosionsbest\u00e4ndig sind gemacht. Ferner ist der angebotene Selbstbedienungs-Pizza-Automat leicht zu warten, zuverl\u00e4ssig und auch sehr langlebig.<\/p>\n<div class=\"d-tem01-graphic tem01-graphic mockup\" data-detail=\"wrap\">\n<div class=\"cont-section clearfix d-clearfix\">\n<div class=\"col-md-6 col-sm-6 col-xs-6\">\n<p><\/p>\n<p><\/p>\n<p><\/p>\n<h1><img decoding=\"async\" src=\"https:\/\/www.hommy.com\/wp-content\/uploads\/16097230975676.jpg\" alt=\"product-Hommy-img\" title=\"\"> <strong><span style=\"font-family: arial, helvetica, sans-serif;font-size: 24px\">&nbsp; &nbsp; &nbsp; &nbsp; &nbsp; &nbsp;<\/span><\/strong><\/h1>\n<\/div>\n<div class=\"col-md-6 col-sm-6 col-xs-6\">\n<div class=\"right-p\">\n<div class=\"h2 heading\">\n<h1><strong><span style=\"letter-spacing: 0px;font-family: arial, helvetica, sans-serif;font-size: 24px\"><a name=\"Product Features\"><\/a>Produktmerkmale<\/span><\/strong><\/h1>\n<\/div>\n<div class=\"description\">\n<p><span style=\"font-family: arial, helvetica, sans-serif;font-size: 18px\">1. 43\" Bildschirm f\u00fcr Werbung und Betrieb .<\/span><\/p>\n<p><span style=\"font-family: arial, helvetica, sans-serif;font-size: 18px\"><span style=\"font-family: \u5b8b\u4f53;letter-spacing: 0px;font-size: 21px\">2.<\/span><span style=\"font-family: Calibri;font-size: 21px\">&nbsp;Das Zahlungssystem kann M\u00fcnzen, Scheine, Exchang-M\u00fcnzen und Kreditkarten akzeptieren.<\/span><\/span><\/p>\n<p><span style=\"font-family: arial, helvetica, sans-serif;font-size: 18px\"><span style=\"font-family: Calibri;font-size: 21px\">3. Der Gefrierschrank im Inneren kann 30pcs Pizza halten \uff08das ist amerikanischer Stil Pizza Verpackung Box: 41X41X4.5cm), wenn Ihre Pizza Verpackung Box Gr\u00f6\u00dfe klein ist, dass mehr Menge sein wird und halten Sie die Temperatur von -8<\/span><span style=\"font-family: \u5b8b\u4f53;font-size: 21px\">\u2103<\/span><span style=\"font-family: Calibri;font-size: 21px\">&nbsp;bis 10<\/span><span style=\"font-family: \u5b8b\u4f53;font-size: 21px\">\u2103<\/span><span style=\"font-family: Calibri;font-size: 21px\">. <\/span><\/span><\/p>\n<p><span style=\"font-family: arial, helvetica, sans-serif;font-size: 18px\">4. Erweiterte PC-Steuerplatine, gut programmierte Funktion und stabiles Arbeiten.<\/span><\/p>\n<p><span style=\"font-family: arial, helvetica, sans-serif;font-size: 18px\">5. Die Gefrierschrank-Temperatur kann auf Basis verschiedener Produkte eingestellt werden, mit automatischer Abtaufunktion, um sicherzustellen, dass die Maschine bei hoher Temperatur und hoher Luftfeuchtigkeit Wetter unter normalen Betrieb und Pasteurisierung Funktion;<\/span><\/p>\n<p><span style=\"font-family: arial, helvetica, sans-serif;font-size: 18px\">6. Es gibt eine Stromausfall-Schutzfunktion, die Maschine zeigt noch die Macht des Staates, hat die Speicherfunktion, die Funktion der \u00dcberlast Leckage-Schutz, sorgen f\u00fcr einen sicheren Betrieb der Maschine. <\/span><\/p>\n<p style=\"margin-top:0;margin-right:0;margin-bottom:0;text-align:justify\"><span style=\"letter-spacing: 0px;font-family: arial, helvetica, sans-serif;font-size: 18px\">7. Die Sprache ist Englisch. &nbsp;<\/span><\/p>\n<p><span style=\"font-family: arial, helvetica, sans-serif;font-size: 18px\">8. Computer-Fernverwaltungssystem: Abfrage von Verkaufsdetails, Mangelerinnerungen, Maschinenausfallerinnerung.<\/span><\/p>\n<p><span>&nbsp; &nbsp; &nbsp; &nbsp;<\/span><\/div>\n<\/div>\n<\/div>\n<\/div>\n<\/div>\n<p><strong><span style=\"letter-spacing: 0px;font-family: arial, helvetica, sans-serif;font-size: 24px\"><a name=\"Product specification\"><\/a>Produktspezifikation<\/span><\/strong><\/p>\n<p><strong><span style=\"letter-spacing: 0px;font-family: arial, helvetica, sans-serif;font-size: 24px\"><img decoding=\"async\" src=\"https:\/\/www.hommy.com\/wp-content\/uploads\/16097232943411.png\" alt=\"product-Hommy-PA-C7B Automatischer Tiefk\u00fchlpizza-Automat-img\" title=\"\"><\/span><\/strong><\/p>\n<p><strong><span style=\"letter-spacing: 0px;font-family: arial, helvetica, sans-serif;font-size: 24px\"><br \/><\/span><\/strong><\/p>\n<p><strong><span style=\"letter-spacing: 0px;font-family: arial, helvetica, sans-serif;font-size: 24px\"><\/span><\/strong><\/p>\n<h1><strong><span style=\"letter-spacing: 0px;font-family: arial, helvetica, sans-serif;font-size: 24px\">Produktvorteil<\/span><\/strong><\/h1>\n<p><strong><span style=\"letter-spacing: 0px;font-family: arial, helvetica, sans-serif;font-size: 24px\"><\/span><\/strong><\/p>\n<div class=\"d-tem01-graphic tem01-graphic mockup\" data-detail=\"wrap\">\n<div class=\"cont-section clearfix d-clearfix\">\n<div class=\"col-md-6 col-sm-6 col-xs-6\">\n<div class=\"right-p\">\n<div class=\"h2 heading\">\n<p><span style=\"font-size: 18px;font-family: arial, helvetica, sans-serif\">1. 43\" Bildschirm f\u00fcr Werbung und Betrieb .<\/span><\/p>\n<p><span style=\"font-family:Calibri;font-size:21px\"><br \/><\/span><\/p>\n<p><span style=\"font-family:Calibri;font-size:21px\"><br \/><\/span><\/p>\n<\/div>\n<\/div>\n<div class=\"graphic_pic animated wow bounceIn\" data-wow-delay=\".7s\">\n<p style=\"text-align:center\"><img loading=\"lazy\" decoding=\"async\" src=\"https:\/\/www.hommy.com\/wp-content\/uploads\/16097233783290.jpg\" alt=\"product-PA-C7B Automatischer Tiefk\u00fchlpizza-Automat-Hommy-img\" title=\"\" width=\"350\" height=\"551\" border=\"0\" vspace=\"0\" style=\"width: 350px;height: 551px\"><\/p>\n<\/div>\n<\/div>\n<div class=\"col-md-6 col-sm-6 col-xs-6\">\n<div class=\"right-p\">\n<div class=\"h2 heading\">\n<p style=\"margin-top:0;margin-right:0;margin-bottom:0;margin-left:0;text-indent:0;text-align:justify\"><span style=\"font-family: arial, helvetica, sans-serif;font-size: 18px\"><span style=\"font-family: arial, helvetica, sans-serif;letter-spacing: 0px\">2. 30 S\u00e4tze von Pizza halten in der Papier-Box, die in der Maschine gespeichert, halten Sie die Temperatur <\/span><span style=\"font-family: arial, helvetica, sans-serif\">von -8\u2103 bis 10\u2103.<\/span><\/span><\/p>\n<\/div>\n<\/div>\n<div class=\"graphic_pic animated wow bounceIn\" data-wow-delay=\".7s\">\n<p style=\"text-align:center\"><img loading=\"lazy\" decoding=\"async\" src=\"https:\/\/www.hommy.com\/wp-content\/uploads\/16097234237602.jpg\" alt=\"product-Hommy-img\" title=\"\" width=\"350\" height=\"551\" border=\"0\" vspace=\"0\" style=\"width: 350px;height: 551px\"><\/p>\n<\/div>\n<\/div>\n<\/div>\n<\/div>\n<p><strong><span style=\"letter-spacing: 0px;font-family: arial, helvetica, sans-serif;font-size: 24px\"><\/span><\/strong><\/p>\n<div class=\"d-tem01-graphic tem01-graphic mockup\" data-detail=\"wrap\">\n<div class=\"cont-section clearfix d-clearfix\">\n<div class=\"col-md-6 col-sm-6 col-xs-6\">\n<div class=\"right-p\">\n<div class=\"h2 heading\">\n<p><span style=\"font-family: arial, helvetica, sans-serif;font-size: 18px\">3. Das Zahlungssystem kann annehmen: M\u00fcnze, Rechnung, Exchang-M\u00fcnze, Kreditkarte Schnittstelle.<\/span><\/p>\n<p><span style=\"font-family:Calibri;font-size:21px\"><br \/><\/span><\/p>\n<\/div>\n<\/div>\n<div class=\"graphic_pic animated wow bounceIn\" data-wow-delay=\".7s\">\n<p style=\"text-align:center\"><img loading=\"lazy\" decoding=\"async\" src=\"https:\/\/www.hommy.com\/wp-content\/uploads\/16097234802004.png\" alt=\"product-Hommy-img\" title=\"\" width=\"350\" height=\"546\" border=\"0\" vspace=\"0\" style=\"width: 350px;height: 546px\"><\/p>\n<\/div>\n<\/div>\n<div class=\"col-md-6 col-sm-6 col-xs-6\">\n<div class=\"right-p\">\n<div class=\"h2 heading\">\n<p><span style=\"font-size: 18px;font-family: arial, helvetica, sans-serif\">4. Computer-Fernverwaltungssystem: Abfrage von Verkaufsdetails, Mangelerinnerungen, Maschinenausfallerinnerung.<\/span><\/p>\n<\/div>\n<\/div>\n<div class=\"graphic_pic animated wow bounceIn\" data-wow-delay=\".7s\">\n<p style=\"text-align:center\"><img loading=\"lazy\" decoding=\"async\" src=\"https:\/\/www.hommy.com\/wp-content\/uploads\/16097235239491.jpg\" alt=\"product-Hommy-img\" title=\"\" width=\"350\" height=\"551\" border=\"0\" vspace=\"0\" style=\"width: 350px;height: 551px\"><\/p>\n<\/div>\n<\/div>\n<\/div>\n<\/div>\n<p><strong><span style=\"letter-spacing: 0px;font-family: arial, helvetica, sans-serif;font-size: 24px\"><\/span><\/strong><\/p>\n<h2 style=\"font-family: sans-serif\">Gibt es in Italien Pizza-Automaten?<\/h2>\n<p style=\"margin-top: 5px;margin-bottom: 5px;font-family: sans-serif;font-size: 16px\">Die Antwort auf diese Frage ist ein klares \"Ja\". Es gibt Pizza-Automaten in Italien. Aber um ehrlich zu sein, sind die meisten dieser Automaten entweder nur zur Show oder nicht sehr n\u00fctzlich, zumindest f\u00fcr den amerikanischen Geschmack... Ich h\u00e4tte die Bilder und das Video unten in den Artikel einf\u00fcgen k\u00f6nnen, aber ich m\u00f6chte weder Ihren Facebook-Feed noch die Feeds von Leuten bombardieren, die nicht daran interessiert sind, zu erfahren, wie toll italienische Pizza sein kann. Also \u00fcberlasse ich Ihnen diese hier.<\/p>\n<h2 style=\"font-family: sans-serif\">Wer stellt Pizza-Automaten her?<\/h2>\n<p style=\"margin-top: 5px;margin-bottom: 5px;font-family: sans-serif;font-size: 16px\">Es gibt viele verschiedene Pizzaautomaten auf dem heutigen Markt. Pizzaautomaten gibt es mittlerweile in fast jeder Stadt in den USA und auf der ganzen Welt. Die meisten Pizzaautomaten werden von Pizzaketten betrieben. Die gehobeneren Pizzaautomaten werden von unabh\u00e4ngigen Pizzaketten betrieben.Die meisten Pizzaautomaten haben nur ein paar Tasten. In der Regel gibt es einen Bestellknopf und einen Lieferknopf. Einige Pizzaautomaten haben auch eine To-go-Option. Nat\u00fcrlich gibt es heute viel mehr Pizzaautomaten als noch vor ein paar Jahren.<\/p>\n<h2 style=\"font-family: sans-serif\">Ist PizzaForno halal?<\/h2>\n<p style=\"margin-top: 5px;margin-bottom: 5px;font-family: sans-serif;font-size: 16px\">PizzaForno ist 100% koscher. Tats\u00e4chlich ist PizzaForno seit 15 Jahren 100% koscher, weil wir seit 2001 Pizza f\u00fcr die j\u00fcdische Gemeinde in Brooklyn und Queens herstellen. Das j\u00fcdische Gesetz verbietet die Vermischung von Fleisch und Milchprodukten, aber die Tomatensauce auf unseren Pizzen enth\u00e4lt kein Fleisch. Sie ist rein vegetarisch. Und die einzigen Zutaten sind glutenfreies Mehl, Maismehl, Kr\u00e4uter, Gew\u00fcrze und Tomaten (je nach Saison). Wir sind stolz auf unsere \"gesunden koscheren Pizzen\" und m\u00f6chten, dass alle unsere Kunden sie genauso genie\u00dfen wie unsere anderen Fans!<\/p>\n<\/p><\/div>","protected":false},"excerpt":{"rendered":"<p>Americal Frozen Pizza Vending Machine Americal Frozen Pizza Vending Machine|Product Features|Product specification|Product Advantage &nbsp;&nbsp;&nbsp;&nbsp; Our offered self service pizza vending machine is easy to install and is widely acclaimed for its durability. The unit comes with features that are user friendly and are made of quality materials that are corrosion resistant. Further, the offered self [&hellip;]<\/p>\n","protected":false},"featured_media":84,"comment_status":"open","ping_status":"open","template":"","meta":{"_swt_meta_header_display":false,"_swt_meta_footer_display":false,"_swt_meta_site_title_display":false,"_swt_meta_sticky_header":false,"_swt_meta_transparent_header":false},"product_brand":[],"product_cat":[70,68],"product_tag":[],"class_list":{"0":"post-92","1":"product","2":"type-product","3":"status-publish","4":"has-post-thumbnail","6":"product_cat-pizza-vending-machine","7":"product_cat-vending-machine","9":"first","10":"instock","11":"shipping-taxable","12":"product-type-simple"},"_links":{"self":[{"href":"https:\/\/www.hommy.com\/de\/wp-json\/wp\/v2\/product\/92","targetHints":{"allow":["GET"]}}],"collection":[{"href":"https:\/\/www.hommy.com\/de\/wp-json\/wp\/v2\/product"}],"about":[{"href":"https:\/\/www.hommy.com\/de\/wp-json\/wp\/v2\/types\/product"}],"replies":[{"embeddable":true,"href":"https:\/\/www.hommy.com\/de\/wp-json\/wp\/v2\/comments?post=92"}],"wp:featuredmedia":[{"embeddable":true,"href":"https:\/\/www.hommy.com\/de\/wp-json\/wp\/v2\/media\/84"}],"wp:attachment":[{"href":"https:\/\/www.hommy.com\/de\/wp-json\/wp\/v2\/media?parent=92"}],"wp:term":[{"taxonomy":"product_brand","embeddable":true,"href":"https:\/\/www.hommy.com\/de\/wp-json\/wp\/v2\/product_brand?post=92"},{"taxonomy":"product_cat","embeddable":true,"href":"https:\/\/www.hommy.com\/de\/wp-json\/wp\/v2\/product_cat?post=92"},{"taxonomy":"product_tag","embeddable":true,"href":"https:\/\/www.hommy.com\/de\/wp-json\/wp\/v2\/product_tag?post=92"}],"curies":[{"name":"wp","href":"https:\/\/api.w.org\/{rel}","templated":true}]}}