{"id":916,"date":"2024-07-02T17:13:53","date_gmt":"2024-07-02T17:13:53","guid":{"rendered":"http:\/\/localhost\/hommywp\/keep-fresh-temperature-adjustable-ice-cream-display-freezer-price\/"},"modified":"2025-08-01T09:57:46","modified_gmt":"2025-08-01T09:57:46","slug":"ausrustungen-fur-eiscremevitrinen-fur-gefrorenen-joghurt-mit-toppings","status":"publish","type":"product","link":"https:\/\/www.hommy.com\/de\/p\/ausrustungen-fur-eiscremevitrinen-fur-gefrorenen-joghurt-mit-toppings\/","title":{"rendered":"Keep Fresh Temperatur einstellbar Eiscreme Display Gefrierschrank Preis"},"content":{"rendered":"<div>\n<p>&nbsp;<\/p>\n<p><\/p>\n<p><span style=\"font-size: 20px\"><\/span><\/p>\n<p style=\"text-align: center\"><span style=\"font-size: 24px\"><\/span><\/p>\n<h2 style=\"margin: 0px;text-align: center\"><strong><span style=\"letter-spacing: 0px;font-size: 29px;font-family: arial, helvetica, sans-serif\"><a name=\"Frozen Yogurt display showcase freezer\"><\/a>Frozen Yogurt Vitrine Gefrierschrank&nbsp;<\/span><\/strong><\/h2>\n<p style=\"text-align: center\"><a href=\"http:\/\/\" target=\"_self\" data-lv=\"0\" rel=\"noopener\"><span style=\"font-size: 16px\"><span style=\"letter-spacing: 0px;font-family: arial, helvetica, sans-serif\">Frozen Yogurt Vitrine Gefrierschrank<\/span><\/span><\/a><span style=\"font-size: 16px\"><span style=\"letter-spacing: 0px;font-family: arial, helvetica, sans-serif\">|<a href=\"#Product specification\" target=\"_self\" data-lv=\"0\" rel=\"noopener\">Produktspezifikation<\/a>|<a href=\"#Product Features\" target=\"_self\" data-lv=\"0\" rel=\"noopener\">Produktmerkmale<\/a>|<a href=\"#Product Advantage\" target=\"_self\" data-lv=\"0\" rel=\"noopener\">Produktvorteil<\/a><\/span><\/span><\/p>\n<p style=\"margin: 0px\"><strong><span style=\"letter-spacing: 0px;font-size: 29px;font-family: arial, helvetica, sans-serif\"><br \/><\/span><\/strong><\/p>\n<p style=\"text-align: center\"><span style=\"font-size: 24px\"><span style=\"text-align: center\"><\/span><\/span><\/p>\n<p><!-- Video start --><video poster=\"https:\/\/img80002414.weyesimg.com\/uploads\/www.hommy.com\/video\/15795016809540.mp4?vframe\/jpg\/offset\/1\" id=\"video\" preload=\"auto\" controls=\"controls\" style=\"width:100%;height:510px\"><\/video><!-- Video end --><\/p>\n<h2 style=\"margin: 0px;text-indent: 0px;text-align: justify\"><strong><span style=\"font-family: arial, helvetica, sans-serif;font-size: 29px\"><\/span><\/strong><\/h2>\n<p>Die Gefrierschr\u00e4nke werden nach den globalen Qualit\u00e4tsstandards hergestellt und strenge Qualit\u00e4tskontrollen werden bei allen Rohstoffen durchgef\u00fchrt, die f\u00fcr die Herstellung der Gefrierschr\u00e4nke verwendet werden. Sie sind so konzipiert, dass sie problemlos und einfach zu bedienen sind, um die Nutzung der Produkte zu erleichtern. Um den vielf\u00e4ltigen Anforderungen der Kunden gerecht zu werden, werden die Gefrierschr\u00e4nke auch nach den vom Kunden angegebenen Spezifikationen angepasst.<\/p>\n<p><\/p>\n<p>Diese Gefrierschr\u00e4nke sind in verschiedenen Gr\u00f6\u00dfen und Spezifikationen erh\u00e4ltlich, je nach den Anforderungen der Kunden, und sie k\u00f6nnen auch nach deren W\u00fcnschen angepasst werden. Diese Gefrierschr\u00e4nke werden an Orten installiert, an denen temperaturempfindliche Produkte ben\u00f6tigt werden, um sicherzustellen, dass die im Gefrierschrank gelagerten Produkte keinen Schaden erleiden.<\/p>\n<h2 style=\"margin: 0px;text-indent: 0px;text-align: justify\"><strong><span style=\"font-family: arial, helvetica, sans-serif;font-size: 24px\"><br \/><\/span><\/strong><\/h2>\n<h2 style=\"margin: 0px;text-indent: 0px;text-align: justify\"><strong><span style=\"font-family: arial, helvetica, sans-serif;font-size: 24px\"><a name=\"Product specification\"><\/a>Produktspezifikation<\/span><\/strong><br \/><\/h2>\n<p style=\"margin-top:0;margin-right:0;margin-bottom:0;margin-left:0;text-indent:0;text-align:justify\"><span style=\"font-family: arial, helvetica, sans-serif;font-size: 29px\"><br \/><\/span><\/p>\n<p style=\"text-align:center\"><span style=\"font-family: arial, helvetica, sans-serif;font-size: 29px\"><img decoding=\"async\" src=\"https:\/\/www.hommy.com\/wp-content\/uploads\/16010814811002.png\" alt=\"Produkt-SD 201 Gefrorener Joghurt-Vitrine-Hommy-img\" title=\"\"><\/span><\/p>\n<p>&nbsp;<\/p>\n<div class=\"d-tem11-graphic tem11-graphic mockup\" data-detail=\"wrap\">\n<div class=\"tab_row\">\n<div class=\"img\" style=\"width: 50%\">\n<p style=\"text-align:center\"><img loading=\"lazy\" decoding=\"async\" title=\"\" alt=\"product-Hommy-img\" src=\"https:\/\/www.hommy.com\/wp-content\/uploads\/16010815784948.png\" width=\"450\" height=\"500\" border=\"0\" vspace=\"0\" style=\"width: 450px;height: 500px\"><\/p>\n<\/div>\n<div class=\"text_box\" style=\"width: 50%\">\n<div class=\"txt\">\n<div class=\"title\">\n<p>&nbsp;<\/p>\n<h2><strong><span style=\"font-size: 24px;font-family: arial, helvetica, sans-serif\"><a name=\"Product Features\"><\/a>Produktmerkmale<\/span><\/strong><\/h2>\n<p><\/p>\n<\/div>\n<p style=\"text-indent: 0\"><span style=\"font-family: Arial;letter-spacing: 0;font-size: 14px\">Au\u00dferdem tragen hochqualifizierte Ingenieure, f\u00e4hige Technologen und sachkundiges Personal viel zur Entwicklung des Unternehmens bei.<\/span><\/p>\n<p style=\"text-indent: 0\"><span style=\"font-family: Arial;letter-spacing: 0;font-size: 14px\"><\/span><\/p>\n<p style=\"margin-left:0;text-indent:0\"><span style=\"font-family:Symbol;font-size:16px\">\u00a8&nbsp;<\/span><span style=\"font-family:Calibri;font-size:16px\">Behalten 1<\/span><span style=\"font-family:Calibri;font-size:16px\">0<\/span><span style=\"font-family:Calibri;font-size:16px\">&nbsp;Geschmacksverst\u00e4rker.<\/span><\/p>\n<p style=\"margin-left:0;text-indent:0\"><span style=\"font-family:Symbol;font-size:16px\">\u00a8&nbsp;<\/span><span style=\"font-family:Calibri;font-size:16px\">Tankgr\u00f6\u00dfe: <\/span><span style=\"font-family:Calibri;font-size:16px\">176x162x100mm <\/span><\/p>\n<p style=\"margin-left:0;text-indent:0\"><span style=\"font-family:Symbol;font-size:16px\">\u00a8&nbsp;<\/span><span style=\"font-family:Calibri;font-size:16px\">Mit Luftk\u00fchlungssystem, um frisch zu bleiben.<\/span><\/p>\n<p style=\"margin-left:0;text-indent:0\"><span style=\"font-family:Symbol;font-size:16px\">\u00a8&nbsp;<\/span><span style=\"font-family:Calibri;font-size:16px\">Die Temperatur kann von 0\u2103 bis 10\u2103 eingestellt werden.<\/span><\/p>\n<p style=\"margin-left:0;text-indent:0\"><span style=\"font-family:Symbol;font-size:16px\">\u00a8&nbsp;<\/span><span style=\"font-family:Calibri;font-size:16px\">Komplette Edelstahlkonstruktion f\u00fcr Langlebigkeit mit t<\/span><span style=\"font-family:Calibri;font-size:16px\">vorgespanntes Glas<\/span><span style=\"font-family:Calibri;font-size:16px\">&nbsp;als W\u00e4chter f\u00fcr die Hygiene.<\/span><\/p>\n<p style=\"margin-left:0;text-indent:0\"><span style=\"font-family: Symbol;font-size: 16px\">\u00a8&nbsp;<\/span><span style=\"font-family: Calibri;font-size: 16px\">Abmessungen der Maschine: 960x520x800mm <\/span><strong><span style=\"font-family: Calibri;font-size: 16px\">&nbsp;<\/span><\/strong><\/p>\n<p style=\"text-indent: 0\"><span style=\"font-family: Arial;letter-spacing: 0;font-size: 14px\"><br \/><\/span><\/p>\n<p><span style=\"font-family:Calibri;font-size:16px\"> <\/span><\/p>\n<p><\/p>\n<p style=\"line-height: 1.75em\">&nbsp;<\/p>\n<\/div>\n<\/div>\n<\/div>\n<\/div>\n<p>&nbsp;<\/p>\n<div class=\"text-left d-tem09-title d-interval\" data-detail=\"wrap\">\n<div class=\"title-header\">\n<div class=\"title\">\n<h2><strong><span style=\"letter-spacing: 0px;font-family: arial, helvetica, sans-serif;font-size: 24px\"><a name=\"Product Advantage\"><\/a>Produktvorteil<\/span><\/strong><\/h2>\n<p><span style=\"font-size: 24px\"><\/span><\/div>\n<\/div>\n<\/div>\n<div class=\"d-tem01-graphic tem01-graphic mockup\" data-detail=\"wrap\">\n<div class=\"cont-section clearfix d-clearfix\">\n<div class=\"col-md-6 col-sm-6 col-xs-6\">\n<div class=\"right-p\">\n<div class=\"h2 heading\">\n<p><span style=\"font-size: 16px\"><span style=\"letter-spacing: 0px;font-family: arial, helvetica, sans-serif\">1. wir verwenden Pfanne aus Kunststoff, die Pass Lebensmittel froh haben, auch wir haben 3 Gr\u00f6\u00dfe f\u00fcr Sie zu w\u00e4hlen.<\/span><span style=\"font-family: \u5b8b\u4f53;letter-spacing: 0px\">&nbsp;<\/span><\/span><\/p>\n<p><span style=\"font-size: 16px\"><span style=\"font-family: \u5b8b\u4f53;letter-spacing: 0px\"><br \/><\/span><\/span><\/p>\n<p><span style=\"font-size: 16px\"><span style=\"font-family: \u5b8b\u4f53;letter-spacing: 0px\"><br \/><\/span><\/span><\/p>\n<\/div>\n<\/div>\n<div class=\"graphic_pic animated wow bounceIn\" data-wow-delay=\".7s\">\n<p style=\"text-align:center\"><img loading=\"lazy\" decoding=\"async\" src=\"https:\/\/www.hommy.com\/wp-content\/uploads\/16010848242935.png\" alt=\"product-Hommy-img\" title=\"\" width=\"350\" height=\"500\" border=\"0\" vspace=\"0\" style=\"width: 350px;height: 500px\"><\/p>\n<\/div>\n<\/div>\n<div class=\"col-md-6 col-sm-6 col-xs-6\">\n<div class=\"right-p\">\n<div class=\"h2 heading\">\n<p style=\"margin-top: 0;margin-right: 0;margin-bottom: 0;padding: 0;vertical-align: baseline\"><span style=\"font-family: Calibri;letter-spacing: 0px;font-size: 16px\">2. oben auf der Maschine f\u00fcgen wir geh\u00e4rtetes Glas kann der Verk\u00e4ufer vom Fallenlassen einige Dinge zu stoppen.<\/span><\/p>\n<p style=\"margin-top: 0;margin-right: 0;margin-bottom: 0;padding: 0;vertical-align: baseline\"><span style=\"font-family: Calibri;letter-spacing: 0px;font-size: 16px\"><br \/><\/span><\/p>\n<p style=\"margin-top: 0;margin-right: 0;margin-bottom: 0;padding: 0;vertical-align: baseline\"><span style=\"font-family: Calibri;letter-spacing: 0px;font-size: 16px\"><br \/><\/span><\/p>\n<\/div>\n<\/div>\n<div class=\"graphic_pic animated wow bounceIn\" data-wow-delay=\".7s\">\n<p style=\"text-align:center\"><img loading=\"lazy\" decoding=\"async\" src=\"https:\/\/www.hommy.com\/wp-content\/uploads\/16010848502472.png\" alt=\"product-Hommy-img\" title=\"\" width=\"350\" height=\"500\" border=\"0\" vspace=\"0\" style=\"width: 350px;height: 500px\"><\/p>\n<\/div>\n<\/div>\n<\/div>\n<\/div>\n<p><\/p>\n<p><\/p>\n<p><\/p>\n<p>Dokument\uff1a<img decoding=\"async\" src=\"https:\/\/www.hommy.com\/wp-content\/uploads\/icon_jpg.gif\" style=\"margin-right: 2px\" alt=\"product-Hommy-img\" title=\"\"><a href=\"https:\/\/img80002414.weyesimg.com\/uploads\/www.hommy.com\/images\/16026461202016.jpg\" title=\"16026461202016.jpg\" style=\"font-size: 12px\">16026461202016.jpg<\/a><\/p>\n<h2 style=\"font-family: sans-serif\">Wie verwenden Sie eine <a style=\"color:blue\" href=\"https:\/\/www.hommy.com\/de\/harteiscreme-maschine\/\">Batch-Froster<\/a>?<\/h2>\n<p style=\"margin-top: 5px;margin-bottom: 5px;font-family: sans-serif;font-size: 16px\"><\/p>\n<p style=\"margin-top: 5px;margin-bottom: 5px;font-family: sans-serif;font-size: 16px\">A: Ein Gefrierschrank ist ein n\u00fctzliches und wirtschaftliches Ger\u00e4t, insbesondere f\u00fcr kleine bis mittelgro\u00dfe Fischfilets, Steaks oder andere Fleischwaren, die sehr lange zum Einfrieren brauchen (z. B. m\u00fcssen Filets und Steaks vor dem Servieren aufgetaut und geschnitten werden). Da sie f\u00fcr das Einfrieren von Lebensmitteln, die vor dem Einfrieren geschnitten werden m\u00fcssen (z. B. H\u00e4hnchenbr\u00fcste, Steaks oder Filets, ganze Pasteten usw.), weit weniger geeignet sind, sind sie f\u00fcr diese Lebensmittel nicht ideal.<\/p>\n<p style=\"margin-top: 5px;margin-bottom: 5px;font-family: sans-serif;font-size: 16px\"><\/p>\n<h2 style=\"font-family: sans-serif\">Wie funktioniert ein kontinuierlicher Gefrierschrank?<\/h2>\n<p style=\"margin-top: 5px;margin-bottom: 5px;font-family: sans-serif;font-size: 16px\"><\/p>\n<p style=\"margin-top: 5px;margin-bottom: 5px;font-family: sans-serif;font-size: 16px\">Kontinuierliches Frosten ist ein kontinuierliches Flie\u00dfverfahren. Der Hauptvorteil des kontinuierlichen Gefrierens ist die Produktion h\u00f6herer Leistungen als beim Batch-Verfahren. Der Schl\u00fcssel zu dieser h\u00f6heren Produktion ist der kontinuierliche Materialfluss und die konstante W\u00e4rme\u00fcbertragung zwischen dem Material und dem Arbeitsmedium. Mit anderen Worten, die Produktion von kontinuierlichen Gefrierger\u00e4ten ist der Produktion von Batch-Gefrierger\u00e4ten sehr \u00e4hnlich, nur dass die Verarbeitung kontinuierlich erfolgt.<\/p>\n<p style=\"margin-top: 5px;margin-bottom: 5px;font-family: sans-serif;font-size: 16px\"><\/p>\n<h2 style=\"font-family: sans-serif\">Was ist ein guter Schockfroster?<\/h2>\n<p style=\"margin-top: 5px;margin-bottom: 5px;font-family: sans-serif;font-size: 16px\"><\/p>\n<p style=\"margin-top: 5px;margin-bottom: 5px;font-family: sans-serif;font-size: 16px\">Ich m\u00f6chte einen Gefrierschrank in meinem Haus haben und frage mich, was ihr f\u00fcr das Beste haltet und warum. Gibt es einen bestimmten Typ von Gefrierschrank, den ihr empfehlen w\u00fcrdet, oder m\u00f6gt ihr eine bestimmte Marke? Ich habe mir gerade einen kleinen gebrauchten Gefrierschrank bei Goodwill gekauft, der mir sehr preiswert erschien.&nbsp;<\/p>\n<\/div><\/div>","protected":false},"excerpt":{"rendered":"<p>&nbsp; Frozen Yogurt display showcase freezer&nbsp; Frozen Yogurt display showcase freezer|Product specification|Product Features|Product Advantage The freezers are fabricated as per the global quality standards and stringent quality checks are carried on all the raw material used for the manufacturing of freezers. They are designed in such a way that provides hassle free and easy to [&hellip;]<\/p>\n","protected":false},"featured_media":1928,"comment_status":"open","ping_status":"open","template":"","meta":{"_swt_meta_header_display":false,"_swt_meta_footer_display":false,"_swt_meta_site_title_display":false,"_swt_meta_sticky_header":false,"_swt_meta_transparent_header":false},"product_brand":[],"product_cat":[85],"product_tag":[],"class_list":{"0":"post-916","1":"product","2":"type-product","3":"status-publish","4":"has-post-thumbnail","6":"product_cat-display-showcase","8":"first","9":"instock","10":"shipping-taxable","11":"product-type-simple"},"_links":{"self":[{"href":"https:\/\/www.hommy.com\/de\/wp-json\/wp\/v2\/product\/916","targetHints":{"allow":["GET"]}}],"collection":[{"href":"https:\/\/www.hommy.com\/de\/wp-json\/wp\/v2\/product"}],"about":[{"href":"https:\/\/www.hommy.com\/de\/wp-json\/wp\/v2\/types\/product"}],"replies":[{"embeddable":true,"href":"https:\/\/www.hommy.com\/de\/wp-json\/wp\/v2\/comments?post=916"}],"wp:featuredmedia":[{"embeddable":true,"href":"https:\/\/www.hommy.com\/de\/wp-json\/wp\/v2\/media\/1928"}],"wp:attachment":[{"href":"https:\/\/www.hommy.com\/de\/wp-json\/wp\/v2\/media?parent=916"}],"wp:term":[{"taxonomy":"product_brand","embeddable":true,"href":"https:\/\/www.hommy.com\/de\/wp-json\/wp\/v2\/product_brand?post=916"},{"taxonomy":"product_cat","embeddable":true,"href":"https:\/\/www.hommy.com\/de\/wp-json\/wp\/v2\/product_cat?post=916"},{"taxonomy":"product_tag","embeddable":true,"href":"https:\/\/www.hommy.com\/de\/wp-json\/wp\/v2\/product_tag?post=916"}],"curies":[{"name":"wp","href":"https:\/\/api.w.org\/{rel}","templated":true}]}}