{"id":910,"date":"2024-07-02T17:13:50","date_gmt":"2024-07-02T17:13:50","guid":{"rendered":"http:\/\/localhost\/hommywp\/stainless-steel-shelf-frozen-yogurt-topping-display-refrigerator\/"},"modified":"2025-08-01T09:57:46","modified_gmt":"2025-08-01T09:57:46","slug":"toppings-bar-equipment-e-cream-display-freezer","status":"publish","type":"product","link":"https:\/\/www.hommy.com\/de\/p\/toppings-bar-equipment-e-cream-display-freezer\/","title":{"rendered":"K\u00fchlschrank mit Edelstahlregal f\u00fcr gefrorenen Joghurt und Topping"},"content":{"rendered":"<div>\n<p>&nbsp;<\/p>\n<p><\/p>\n<p><span style=\"font-size: 24px\"><\/span><\/p>\n<h2 style=\"text-align: center\"><strong><span style=\"letter-spacing: 0px;font-size: 29px;font-family: arial, helvetica, sans-serif\"><a name=\"Frozen Yogurt Topping Cabinet \"><\/a>Schrank f\u00fcr gefrorenen Joghurtbelag&nbsp;<\/span><\/strong><\/h2>\n<p style=\"text-align: center\"><a href=\"http:\/\/\" target=\"_self\" data-lv=\"0\" rel=\"noopener\"><span style=\"font-size: 16px\"><span style=\"letter-spacing: 0px;font-family: arial, helvetica, sans-serif\">Schrank f\u00fcr gefrorenen Joghurtbelag<\/span><\/span><\/a><span style=\"font-size: 16px\"><span style=\"letter-spacing: 0px;font-family: arial, helvetica, sans-serif\">|<a href=\"#Product specification\" target=\"_self\" data-lv=\"0\" rel=\"noopener\">Produktspezifikation<\/a>|<a href=\"#Product Features\" target=\"_self\" data-lv=\"0\" rel=\"noopener\">Produktmerkmale<\/a>|<a href=\"#Product Advantage\" target=\"_self\" data-lv=\"0\" rel=\"noopener\">Produktvorteil<\/a><\/span><\/span><\/p>\n<p style=\"text-align: center\"><video src=\"https:\/\/img80002414.weyesimg.com\/uploads\/wij2rdgc.allweyes.com\/video\/15553170572985.mp4\" preload=\"none\" controls=\"\" poster=\"https:\/\/img80002414.weyesimg.com\/uploads\/wij2rdgc.allweyes.com\/images\/15553170467995.jpg\" data-setup=\"{}\" width=\"900\" height=\"640\"><\/video><\/p>\n<p>&nbsp;<\/p>\n<p>Frozen Yogurt Topping Display ist mit bester Qualit\u00e4t Zutaten in \u00dcbereinstimmung mit den internationalen Standards und Richtlinien hergestellt. Dar\u00fcber hinaus k\u00f6nnen unsere Kunden diese von uns zu den meisten nominalen Preisen zur Verf\u00fcgung.<\/p>\n<p><\/p>\n<p>Wir z\u00e4hlen zu den prominentesten Lieferanten einer breiten Kollektion von Frozen Yogurt Topping Displays.<\/p>\n<div class=\"text-left d-tem09-title d-interval\" data-detail=\"wrap\">\n<div class=\"title-header\">\n<div class=\"title\"><span style=\"font-size: 24px\"><\/span><\/p>\n<h2 style=\"margin: 0px;text-indent: 0px;text-align: justify\"><strong><span style=\"letter-spacing: 0px;font-size: 29px;font-family: arial, helvetica, sans-serif\"><a name=\"Product specification\"><\/a><span style=\"letter-spacing: 0px;font-family: arial, helvetica, sans-serif;font-size: 24px\">Produktspezifikation\uff1a<\/span><\/span><\/strong><span style=\"font-family:\u5b8b\u4f53;letter-spacing:0;font-size:29px\"> <\/span><\/h2>\n<p style=\"margin-top:0;margin-right:0;margin-bottom:0;margin-left:0;text-indent:0;text-align:justify\"><span style=\"letter-spacing: 0px;font-size: 29px;font-family: arial, helvetica, sans-serif\"><br \/><\/span><\/p>\n<p style=\"margin-top:0;margin-right:0;margin-bottom:0;margin-left:0;text-indent:0;text-align:justify\"><span style=\"letter-spacing: 0px;font-size: 16px;font-family: arial, helvetica, sans-serif\">Frozen Yogurt Topping-Maschine, die Obst, Nuss, kochen, Zucker in ihm zu halten, so dass Maschine haben zwei Arten von Pfanne, ist eine frisch zu halten, dass Obst und Zucker zu halten, andere ist ohne K\u00fchler kann Nuss, kochen zu halten. wenn Sie \u00f6ffnen gefrorenen Joghurt-Shop, m\u00fcssen Sie eine dieser Maschine zu w\u00e4hlen.&nbsp;<\/span><\/p>\n<p style=\"margin-top:0;margin-right:0;margin-bottom:0;margin-left:0;text-indent:0;text-align:justify\"><span style=\"letter-spacing: 0px;font-size: 16px;font-family: arial, helvetica, sans-serif\"><br \/><\/span><\/p>\n<p style=\"margin-top:0;margin-right:0;margin-bottom:0;margin-left:0;text-indent:0;text-align:justify\"><span style=\"letter-spacing: 0px;font-size: 16px;font-family: arial, helvetica, sans-serif\"><br \/><\/span><\/p>\n<p style=\"text-align:center\"><span style=\"letter-spacing: 0px;font-size: 16px;font-family: arial, helvetica, sans-serif\"><img decoding=\"async\" src=\"https:\/\/www.hommy.com\/wp-content\/uploads\/16010883542643.png\" alt=\"product-Hommy-img\" title=\"\"><\/span><\/p>\n<\/div>\n<\/div>\n<\/div>\n<p>&nbsp;<\/p>\n<div class=\"d-tem11-graphic tem11-graphic mockup\" data-detail=\"wrap\">\n<div class=\"tab_row\">\n<div class=\"img\" style=\"width: 50%\"><img decoding=\"async\" title=\"\" alt=\"Produkt-SD 203 Gefrierjoghurt-Schr\u00e4nke-Hommy-img\" src=\"https:\/\/www.hommy.com\/wp-content\/uploads\/15553173297708.jpg\"><\/div>\n<div class=\"text_box\" style=\"width: 50%\">\n<div class=\"txt\">\n<div class=\"title\">\n<p><\/p>\n<h2 style=\"margin: 0px;text-indent: 0px;text-align: justify\"><strong><span style=\"letter-spacing: 0px;font-family: arial, helvetica, sans-serif;font-size: 24px\"><a name=\"Product Features\"><\/a>Produktmerkmale\uff1a<\/span><\/strong><span style=\"font-family:\u5b8b\u4f53;letter-spacing:0;font-size:29px\"> <\/span><\/h2>\n<p style=\"margin-top:0;margin-right:0;margin-bottom:0;margin-left:0;text-indent:0;text-align:justify\"><span style=\"letter-spacing: 0px;font-family: arial, helvetica, sans-serif;font-size: 24px\"><br \/><\/span><\/p>\n<p style=\"text-indent: 0\"><span style=\"letter-spacing: 0px;font-size: 14px;font-family: arial, helvetica, sans-serif\">Au\u00dferdem tragen hochqualifizierte Ingenieure, f\u00e4hige Technologen und sachkundiges Personal viel zur Entwicklung des Unternehmens bei.<\/span><\/p>\n<p style=\"text-indent: 0\"><span style=\"letter-spacing: 0px;font-size: 14px;font-family: arial, helvetica, sans-serif\">&nbsp;<\/span><\/p>\n<p style=\"text-indent: 0\"><span style=\"letter-spacing: 0px;font-size: 14px;font-family: arial, helvetica, sans-serif\">Gek\u00fchlte Topping-Maschine<\/span><\/p>\n<p style=\"text-indent: 0\"><span style=\"letter-spacing: 0px;font-size: 14px;font-family: arial, helvetica, sans-serif\">Transparenter Hustenschutz aus Glasfaser<\/span><\/p>\n<p style=\"text-indent: 0\"><span style=\"letter-spacing: 0px;font-size: 14px;font-family: arial, helvetica, sans-serif\">Regal aus rostfreiem Stahl<\/span><\/p>\n<p style=\"text-indent: 0\"><span style=\"letter-spacing: 0px;font-size: 14px;font-family: arial, helvetica, sans-serif\">Verlegung einer Kunststeinoberfl\u00e4che um die beiden Abschnitte<\/span><\/p>\n<p style=\"text-indent: 0\"><span style=\"letter-spacing: 0px;font-size: 14px;font-family: arial, helvetica, sans-serif\">12Pfannen: gek\u00fchlter Bereich, der die Temperatur 5-10 Grad halten kann. <\/span><\/p>\n<p style=\"text-indent: 0\"><span style=\"letter-spacing: 0px;font-size: 14px;font-family: arial, helvetica, sans-serif\">9Pfannen: Normaler Temperaturbereich<\/span><\/p>\n<p style=\"text-indent: 0\"><span style=\"letter-spacing: 0px;font-size: 14px;font-family: arial, helvetica, sans-serif\">Transparente Acrylpfanne in Lebensmittelqualit\u00e4t (mit Deckel)<\/span><\/p>\n<p style=\"text-indent: 0\"><span style=\"letter-spacing: 0px;font-size: 14px;font-family: arial, helvetica, sans-serif\">Kleiner K\u00fchlschrank f\u00fcr die Lagerung<\/span><\/p>\n<p style=\"text-indent: 0\"><span style=\"letter-spacing: 0px;font-size: 14px;font-family: arial, helvetica, sans-serif\">die 3 Arten von transparentem Fiberglas haben, damit Sie es w\u00e4hlen k\u00f6nnen.&nbsp;<\/span><\/p>\n<\/div>\n<\/div>\n<\/div>\n<\/div>\n<\/div>\n<p>&nbsp;<\/p>\n<div class=\"text-left d-tem09-title d-interval\" data-detail=\"wrap\">\n<div class=\"title-header\">\n<div class=\"title\">\n<h2><span style=\"font-size: 24px\"><strong><span style=\"letter-spacing: 0px;font-family: arial, helvetica, sans-serif\"><a name=\"Product Advantage\"><\/a>Produktvorteil:<\/span><\/strong><\/span><\/h2>\n<p><span style=\"font-size: 24px\"><\/span><\/div>\n<\/div>\n<\/div>\n<div class=\"d-tem01-graphic tem01-graphic mockup\" data-detail=\"wrap\">\n<div class=\"cont-section clearfix d-clearfix\">\n<div class=\"col-md-6 col-sm-6 col-xs-6\">\n<div class=\"right-p\">\n<div class=\"h2 heading\">\n<p><span style=\"letter-spacing: 0px;font-family: arial, helvetica, sans-serif;font-size: 16px\">1. wir verwenden Pfanne aus Kunststoff, die Pass Lebensmittel froh haben, auch wir haben 3 Gr\u00f6\u00dfe f\u00fcr Sie zu w\u00e4hlen.&nbsp;<\/span><\/p>\n<p><span style=\"letter-spacing: 0px;font-family: arial, helvetica, sans-serif;font-size: 16px\"><br \/><\/span><\/p>\n<p><span style=\"letter-spacing: 0px;font-family: arial, helvetica, sans-serif;font-size: 16px\"><br \/><\/span><\/p>\n<\/div>\n<\/div>\n<div class=\"graphic_pic animated wow bounceIn\" data-wow-delay=\".7s\">\n<p style=\"text-align:center\"><img loading=\"lazy\" decoding=\"async\" src=\"https:\/\/www.hommy.com\/wp-content\/uploads\/16010886153254.png\" alt=\"product-Hommy-img\" title=\"\" width=\"350\" height=\"533\" border=\"0\" vspace=\"0\" style=\"width: 350px;height: 533px\"><\/p>\n<p><span style=\"font-family: arial, helvetica, sans-serif;font-size: 16px\"><br \/>\n &nbsp; &nbsp; &nbsp; &nbsp; &nbsp; &nbsp;<\/span><\/div>\n<\/div>\n<div class=\"col-md-6 col-sm-6 col-xs-6\">\n<div class=\"right-p\">\n<div class=\"h2 heading\">\n<p style=\"text-indent: 0\"><span style=\"font-family: arial, helvetica, sans-serif;font-size: 16px\"><span style=\"font-family: Calibri;letter-spacing: 0px;font-size: 20px\">2. oben auf der Maschine f\u00fcgen wir einen transparenten Hustenschutz aus Glasfaser hinzu<\/span><span style=\"font-family: \u5b8b\u4f53;letter-spacing: 0px;font-size: 20px\">.<\/span><\/span><\/p>\n<p style=\"text-indent: 0\"><span style=\"font-family: arial, helvetica, sans-serif;font-size: 16px\"><span style=\"font-family: \u5b8b\u4f53;letter-spacing: 0px;font-size: 20px\"><br \/><\/span><\/span><\/p>\n<p style=\"text-indent: 0\"><span style=\"font-family: arial, helvetica, sans-serif;font-size: 16px\"><span style=\"font-family: \u5b8b\u4f53;letter-spacing: 0px;font-size: 20px\"><br \/><\/span><\/span><\/p>\n<\/div>\n<\/div>\n<div class=\"graphic_pic animated wow bounceIn\" data-wow-delay=\".7s\">\n<p style=\"text-align:center\"><img loading=\"lazy\" decoding=\"async\" src=\"https:\/\/www.hommy.com\/wp-content\/uploads\/16010887562800.png\" alt=\"product-Hommy-img\" title=\"\" width=\"350\" height=\"356\" border=\"0\" vspace=\"0\" style=\"width: 350px;height: 356px\"><\/p>\n<\/div>\n<\/div>\n<\/div>\n<\/div>\n<div class=\"d-tem01-graphic tem01-graphic mockup\" data-detail=\"wrap\">\n<div class=\"cont-section clearfix d-clearfix\">\n<div class=\"col-md-6 col-sm-6 col-xs-6\">\n<div class=\"right-p\">\n<div class=\"h2 heading\">\n<p><span style=\"font-family: arial, helvetica, sans-serif;font-size: 16px\"><span style=\"font-family: arial, helvetica, sans-serif;letter-spacing: 0px\">3. Die Maschine innen haben 14pans, dass 7 Pfanne ohne K\u00fchler, andere 7 Pfannen mit K\u00fchler, der Temperatur kann<\/span><span style=\"font-family: arial, helvetica, sans-serif\">0\u2103 bis 10\u2103.<\/span><\/span><\/p>\n<p><span style=\"font-family: arial, helvetica, sans-serif;font-size: 16px\"><span style=\"font-family: arial, helvetica, sans-serif\"><br \/><\/span><\/span><\/p>\n<\/div>\n<\/div>\n<div class=\"graphic_pic animated wow bounceIn\" data-wow-delay=\".7s\">\n<p style=\"text-align:center\"><img loading=\"lazy\" decoding=\"async\" src=\"https:\/\/www.hommy.com\/wp-content\/uploads\/16010887806760.png\" alt=\"product-Hommy-img\" title=\"\" width=\"500\" height=\"138\" border=\"0\" vspace=\"0\" style=\"width: 500px;height: 138px\"><\/p>\n<p><span style=\"font-family: arial, helvetica, sans-serif;font-size: 16px\"><br \/>\n &nbsp; &nbsp; &nbsp; &nbsp; &nbsp; &nbsp;<\/span><\/div>\n<\/div>\n<div class=\"col-md-6 col-sm-6 col-xs-6\">\n<div class=\"right-p\">\n<div class=\"h2 heading\">\n<p><span style=\"font-family: arial, helvetica, sans-serif;font-size: 16px\">4. Die Maschine Boden haben kleine K\u00fchlschrank als Lagerung.<\/span><\/p>\n<p><span style=\"font-family: arial, helvetica, sans-serif;font-size: 16px\"><br \/><\/span><\/p>\n<p><span style=\"font-family: arial, helvetica, sans-serif;font-size: 16px\">&nbsp;<\/span><\/p>\n<\/div>\n<\/div>\n<div class=\"graphic_pic animated wow bounceIn\" data-wow-delay=\".7s\">\n<p style=\"text-align:center\"><img loading=\"lazy\" decoding=\"async\" src=\"https:\/\/www.hommy.com\/wp-content\/uploads\/16010888103489.jpg\" alt=\"Produkt-Hommy-SD 203 Gefrierjoghurt-Schr\u00e4nke-img\" title=\"\" width=\"350\" height=\"583\" border=\"0\" vspace=\"0\" style=\"width: 350px;height: 583px\"><\/p>\n<\/div>\n<\/div>\n<\/div>\n<\/div>\n<p>Dokument\uff1a<img decoding=\"async\" src=\"https:\/\/www.hommy.com\/wp-content\/uploads\/icon_pdf-66.gif\" style=\"margin-right: 2px\" alt=\"produkt-Hommy-img-1\" title=\"\"><a href=\"https:\/\/img80002414.weyesimg.com\/uploads\/www.hommy.com\/addon\/16026443785191.pdf\" title=\"16026443785191.pdf\" style=\"font-size: 12px\">16026443785191.pdf<\/a><\/p>\n<h2>Was kann ich in einem Verkaufsautomaten verkaufen?<\/h2>\n<p style=\"margin-top: 5px;margin-bottom: 5px\"><\/p>\n<p style=\"margin-top: 5px;margin-bottom: 5px\">Ich besch\u00e4ftige mich schon seit einiger Zeit mit Verkaufsautomaten. Ich habe mir die<\/p>\n<p style=\"margin-top: 5px;margin-bottom: 5px\">Anbieter wie 7 Eleven und Circle K. Ich habe dar\u00fcber nachgedacht, einen Automaten zu bauen.<\/p>\n<p style=\"margin-top: 5px;margin-bottom: 5px\">Ich bin Unternehmer und habe nur ein begrenztes Budget, also muss ich wissen, was ich brauche.<\/p>\n<p style=\"margin-top: 5px;margin-bottom: 5px\">Ich kann sie verkaufen und damit Geld verdienen. Ich habe mich gefragt, welche Artikel ich in einem<\/p>\n<p style=\"margin-top: 5px;margin-bottom: 5px\">Verkaufsautomaten? Ich denke da vor allem an Snacks und Getr\u00e4nke.<\/p>\n<p style=\"margin-top: 5px;margin-bottom: 5px\"><\/p>\n<p style=\"margin-top: 5px;margin-bottom: 5px\">Wie hoch ist der durchschnittliche Umsatz eines Automaten pro Jahr? $2,7 Milliarden.<\/p>\n<p style=\"margin-top: 5px;margin-bottom: 5px\"><\/p>\n<p style=\"margin-top: 5px;margin-bottom: 5px\">Verkaufsautomaten, die allgegenw\u00e4rtigen Ger\u00e4te, die alles von Hot Dogs \u00fcber Bier bis hin zu Zigaretten verkaufen, sind so etwas wie das Lebenselixier der amerikanischen Wirtschaft. In den USA gibt es mehr als 15.000 von ihnen, und sie erwirtschaften satte $2,7 Milliarden pro Jahr. Das sind eine Menge Verkaufsautomaten.<\/p>\n<p style=\"margin-top: 5px;margin-bottom: 5px\"><\/p>\n<p style=\"margin-top: 5px;margin-bottom: 5px\">Seit Jahren bin ich von diesen Dingen fasziniert. Als Kind habe ich viele Stunden damit verbracht, mit vielen der Spielzeuge und Spiele zu spielen. Ich habe auch viele Lebensmittel darin gegessen, darunter die ber\u00fcchtigten Gummiw\u00fcrmer.<\/p>\n<p style=\"margin-top: 5px;margin-bottom: 5px\"><\/p>\n<h2>Wie viel kostet es, sein eigenes Eis herzustellen?<\/h2>\n<p style=\"margin-top: 5px;margin-bottom: 5px\"><\/p>\n<p style=\"margin-top: 5px;margin-bottom: 5px\">Ich bin daran interessiert, mein eigenes Eis zu machen, und frage mich, was der billigste Weg ist, es zu machen? Ich mache mir keine Sorgen \u00fcber die Qualit\u00e4t des Eises. Ich m\u00f6chte nur wissen, wie viel es kostet.<\/p>\n<p style=\"margin-top: 5px;margin-bottom: 5px\"><\/p>\n<p style=\"margin-top: 5px;margin-bottom: 5px\">Ich habe dar\u00fcber nachgedacht, den Propanbrenner zu kaufen und das Eis damit zu machen.<\/p>\n<\/div><\/div>","protected":false},"excerpt":{"rendered":"<p>&nbsp; Frozen Yogurt Topping Cabinet&nbsp; Frozen Yogurt Topping Cabinet|Product specification|Product Features|Product Advantage &nbsp; Frozen Yogurt topping display is manufactured using best quality ingredients in adherence with international standards and guidelines. In addition to this, our clients can avail this from us at the most nominal prices. We are counted amongst the most prominent supplier of [&hellip;]<\/p>\n","protected":false},"featured_media":1927,"comment_status":"open","ping_status":"open","template":"","meta":{"_swt_meta_header_display":false,"_swt_meta_footer_display":false,"_swt_meta_site_title_display":false,"_swt_meta_sticky_header":false,"_swt_meta_transparent_header":false},"product_brand":[],"product_cat":[85],"product_tag":[],"class_list":{"0":"post-910","1":"product","2":"type-product","3":"status-publish","4":"has-post-thumbnail","6":"product_cat-display-showcase","8":"first","9":"instock","10":"shipping-taxable","11":"product-type-simple"},"_links":{"self":[{"href":"https:\/\/www.hommy.com\/de\/wp-json\/wp\/v2\/product\/910","targetHints":{"allow":["GET"]}}],"collection":[{"href":"https:\/\/www.hommy.com\/de\/wp-json\/wp\/v2\/product"}],"about":[{"href":"https:\/\/www.hommy.com\/de\/wp-json\/wp\/v2\/types\/product"}],"replies":[{"embeddable":true,"href":"https:\/\/www.hommy.com\/de\/wp-json\/wp\/v2\/comments?post=910"}],"wp:featuredmedia":[{"embeddable":true,"href":"https:\/\/www.hommy.com\/de\/wp-json\/wp\/v2\/media\/1927"}],"wp:attachment":[{"href":"https:\/\/www.hommy.com\/de\/wp-json\/wp\/v2\/media?parent=910"}],"wp:term":[{"taxonomy":"product_brand","embeddable":true,"href":"https:\/\/www.hommy.com\/de\/wp-json\/wp\/v2\/product_brand?post=910"},{"taxonomy":"product_cat","embeddable":true,"href":"https:\/\/www.hommy.com\/de\/wp-json\/wp\/v2\/product_cat?post=910"},{"taxonomy":"product_tag","embeddable":true,"href":"https:\/\/www.hommy.com\/de\/wp-json\/wp\/v2\/product_tag?post=910"}],"curies":[{"name":"wp","href":"https:\/\/api.w.org\/{rel}","templated":true}]}}