{"id":887,"date":"2024-07-02T17:09:38","date_gmt":"2024-07-02T17:09:38","guid":{"rendered":"http:\/\/localhost\/hommywp\/rolling-popsicle-machine-display-freezer-rotating-ice-lolly\/"},"modified":"2025-08-01T09:57:46","modified_gmt":"2025-08-01T09:57:46","slug":"hm-pm-1-rollende-eis-am-stiel-maschine","status":"publish","type":"product","link":"https:\/\/www.hommy.com\/de\/p\/hm-pm-1-rollende-eis-am-stiel-maschine\/","title":{"rendered":"Rollende Eiszapfenmaschine &amp; Display-Gefrierger\u00e4t, rotierender Eislolly"},"content":{"rendered":"<div>\n<p style=\"text-align: center\"><span style=\"font-family:\u5b8b\u4f53;letter-spacing:0;font-size:29px\"><br \/><\/span><\/p>\n<h2 style=\"text-align: center\"><strong><span style=\"letter-spacing: 0px;font-family: arial, helvetica, sans-serif;font-size: 24px\"><a name=\"DIY POPSICLE MACHINE\"><\/a>DIY POPSICLE MASCHINE<\/span><\/strong><\/h2>\n<p style=\"text-align: center\"><a href=\"#DIY POPSICLE MACHINE\" target=\"_self\" data-lv=\"0\" rel=\"noopener\"><span style=\"font-size: 16px\"><span style=\"letter-spacing: 0px;font-family: arial, helvetica, sans-serif\">DIY POPSICLE MASCHINE<\/span><\/span><\/a><span style=\"font-size: 16px\"><span style=\"letter-spacing: 0px;font-family: arial, helvetica, sans-serif\">|<a href=\"#Product Features\" target=\"_self\" data-lv=\"0\" rel=\"noopener\">Produktmerkmale<\/a>|<a href=\"#Product specification\" target=\"_self\" data-lv=\"0\" rel=\"noopener\">Produktspezifikation<\/a>|<a href=\"#Product Advantage\" target=\"_self\" data-lv=\"0\" rel=\"noopener\">Produktvorteil<\/a><\/span><\/span><\/p>\n<p><strong><span style=\"letter-spacing: 0px;font-family: arial, helvetica, sans-serif;font-size: 24px\"><br \/><\/span><\/strong><\/p>\n<p style=\"text-align: center\">&nbsp;&nbsp;&nbsp;&nbsp;<\/p>\n<p>Unsere rollenden Eiszapfmaschinen sind perfekt f\u00fcr alle, die Eis am Stiel lieben! Sie sind perfekt f\u00fcr den Sommerspa\u00df, aber auch f\u00fcr jede andere Zeit des Jahres. Mit unseren Maschinen k\u00f6nnen Sie Ihre eigenen Eis am Stiel herstellen und jederzeit an Kunden verkaufen.<\/p>\n<p>Es ist eine lustige, einfache und k\u00f6stliche Art, Eis am Stiel zu genie\u00dfen. Dann sind unsere rollenden Eisautomaten genau das Richtige f\u00fcr Sie! Bestellen Sie Ihre noch heute und genie\u00dfen Sie den Komfort von selbstgemachtem Eis jederzeit und \u00fcberall.<\/p>\n<p><\/p>\n<div class=\"d-tem01-graphic tem01-graphic mockup\" data-detail=\"wrap\">\n<div class=\"cont-section clearfix d-clearfix\">\n<div class=\"col-md-6 col-sm-6 col-xs-6\">\n<div class=\"right-p\">\n<div class=\"h2 heading\">\n<p style=\"text-align:center\"><img loading=\"lazy\" decoding=\"async\" src=\"https:\/\/www.hommy.com\/wp-content\/uploads\/16031784192000.jpg\" alt=\"product-Hommy-img\" style=\"font-size: 14px;width: 400px;height: 500px\" title=\"\" width=\"400\" height=\"500\" border=\"0\" vspace=\"0\"><\/p>\n<p><span style=\"font-size: 14px\">&nbsp; &nbsp; &nbsp; &nbsp; &nbsp; &nbsp; &nbsp;<\/span><\/div>\n<\/div>\n<\/div>\n<div class=\"col-md-6 col-sm-6 col-xs-6\">\n<div class=\"right-p\">\n<div class=\"h2 heading\">\n<h2 style=\"margin: 0px;text-indent: 0px;text-align: justify\"><strong><span style=\"letter-spacing: 0px;font-family: arial, helvetica, sans-serif;font-size: 24px\"><a name=\"Product Features\"><\/a>Produktmerkmale<\/span><\/strong><span style=\"font-family:\u5b8b\u4f53;letter-spacing:0;font-size:29px\"> &nbsp;<\/span><\/h2>\n<p style=\"margin-top:0;margin-right:0;margin-bottom:0;margin-left:0;text-indent:0;text-align:justify\"><span style=\"font-family:\u5b8b\u4f53;letter-spacing:0;font-size:29px\">&nbsp;<\/span><\/p>\n<p style=\"text-align:justify\"><span style=\"letter-spacing: 0px;font-size: 20px;font-family: arial, helvetica, sans-serif\">\u25c6 Sie k\u00f6nnen DIY verschiedene Falvour-Eis am Stiel machen &nbsp;<\/span><\/p>\n<p style=\"text-align:justify\"><span style=\"letter-spacing: 0px;font-size: 20px;font-family: arial, helvetica, sans-serif\"><span style=\"letter-spacing: 0px;font-family: Calibri;font-size: 20px;text-align: justify\">\u25c6&nbsp;<\/span><span style=\"letter-spacing: 0px;font-size: 20px;font-family: Calibri\">Mit CE-Zeichen, Qualit\u00e4t ist garantiert<\/span><\/span><\/p>\n<p style=\"text-align:justify\"><span style=\"letter-spacing: 0px;font-size: 20px;font-family: arial, helvetica, sans-serif\"><span style=\"letter-spacing: 0px;font-family: Calibri;font-size: 20px;text-align: justify\">\u25c6&nbsp;<\/span><span style=\"letter-spacing: 0px;font-size: 20px;font-family: Calibri\">Kann automatisch die Temperatur einstellen. <\/span><\/span><\/p>\n<p style=\"text-align:justify\"><span style=\"font-family: arial, helvetica, sans-serif\"><span style=\"font-family: Calibri;letter-spacing: 0px;font-size: 20px\"><span style=\"font-family: Calibri;font-size: 20px;text-align: justify\">\u25c6&nbsp;<\/span><span style=\"font-family: Calibri\">Mit K\u00fchlbeh\u00e4lter aus Edelstahl 304 <\/span><\/span><span style=\"font-family: \u5b8b\u4f53;letter-spacing: 0px;font-size: 20px\">.<\/span><\/span><\/p>\n<p style=\"text-align:justify\"><span style=\"font-family: arial, helvetica, sans-serif\"><span style=\"font-family: Calibri;letter-spacing: 0px;font-size: 20px\"><span style=\"font-family: Calibri;font-size: 20px;text-align: justify\">\u25c6<\/span><span style=\"font-family: Calibri\">Mit der St\u00e4rke von Speed K\u00fchlung, hohe Produktion.schnelle K\u00fchlung, es dauert nur <\/span><\/span><span style=\"font-family: \u5b8b\u4f53;letter-spacing: 0px;font-size: 20px\">5-8 Minuten <\/span><span style=\"font-family: Calibri;letter-spacing: 0px;font-size: 20px\">zu produzieren <\/span><span style=\"font-family: \u5b8b\u4f53;letter-spacing: 0px;font-size: 20px\">50 St\u00fcck Eis am Stiel.<\/span><\/span><\/p>\n<p style=\"text-align:justify\"><span style=\"letter-spacing: 0px;font-size: 20px;font-family: arial, helvetica, sans-serif\"><span style=\"letter-spacing: 0px;font-family: Calibri;font-size: 20px;text-align: justify\">\u25c6&nbsp;<\/span> <span style=\"letter-spacing: 0px;font-size: 20px;font-family: Calibri\">Sehr einfach zu bedienen und zu warten<\/span><\/span><\/p>\n<p style=\"text-align:justify\"><span style=\"letter-spacing: 0px;font-size: 20px;font-family: arial, helvetica, sans-serif\"><span style=\"letter-spacing: 0px;font-family: Calibri;font-size: 20px;text-align: justify\">\u25c6&nbsp;&nbsp;<\/span><span style=\"letter-spacing: 0px;font-size: 20px;font-family: Calibri\">Schutz vor \u00dcberstrom und Unterspannung<\/span><\/span><\/p>\n<p style=\"text-align:justify\"><span style=\"letter-spacing: 0px;font-size: 20px;font-family: arial, helvetica, sans-serif\"><span style=\"letter-spacing: 0px;font-family: Calibri;font-size: 20px;text-align: justify\">\u25c6<\/span><span style=\"letter-spacing: 0px;font-size: 20px;font-family: Calibri\">Mit Handbuch und Videos zur Einweisung in die Bedienung der Maschinen.<\/span><\/span><\/p>\n<p style=\"text-align:justify\"><span style=\"font-family: arial, helvetica, sans-serif\"><span style=\"font-family: Calibri;letter-spacing: 0px;font-size: 20px\"><span style=\"font-family: Calibri;font-size: 20px;text-align: justify\">\u25c6&nbsp;&nbsp;<\/span><span style=\"font-family: Calibri\">Verschiedene Eislutscher\/<\/span><\/span><span style=\"font-family: \u5b8b\u4f53;letter-spacing: 0px;font-size: 20px\">Eis am Stiel<\/span><span style=\"font-family: Calibri;letter-spacing: 0px;font-size: 20px\">&nbsp;Leisten nach Wahl.<\/span><\/span><\/p>\n<\/div>\n<\/div>\n<p>&nbsp; &nbsp; &nbsp; &nbsp; &nbsp; &nbsp;<\/p><\/div>\n<\/div>\n<\/div>\n<h2><strong><span style=\"letter-spacing: 0px;font-family: arial, helvetica, sans-serif;font-size: 24px\"><a name=\"Product specification\"><\/a>Produktspezifikation<\/span><\/strong><\/h2>\n<p><img decoding=\"async\" src=\"https:\/\/www.hommy.com\/wp-content\/uploads\/16031752463335.png\" alt=\"product-Hommy-img\" title=\"\"><\/p>\n<p><\/p>\n<h2><strong><span style=\"letter-spacing: 0px;font-family: arial, helvetica, sans-serif;font-size: 24px\"><a name=\"Product Advantage\"><\/a>Produktvorteil<\/span><\/strong><\/h2>\n<p><strong><span style=\"letter-spacing: 0px;font-family: arial, helvetica, sans-serif;font-size: 24px\"><\/span><\/strong><\/p>\n<div class=\"d-tem01-graphic tem01-graphic mockup\" data-detail=\"wrap\">\n<div class=\"cont-section clearfix d-clearfix\">\n<div class=\"col-md-6 col-sm-6 col-xs-6\">\n<div class=\"right-p\">\n<div class=\"h2 heading\">\n<p style=\"margin: 0 0 0 28px;text-indent: 0;padding: 0;vertical-align: baseline\"><span style=\"letter-spacing: 0px;font-family: arial, helvetica, sans-serif;font-size: 16px\">1. SS304 Solebeh\u00e4lter - Anti-Rost-Material, das eine l\u00e4ngere Lebensdauer f\u00fcr die Maschine gew\u00e4hrleistet.<\/span><\/p>\n<\/div>\n<\/div>\n<div class=\"graphic_pic animated wow bounceIn\" data-wow-delay=\".7s\">\n<p style=\"text-align:center\"><img loading=\"lazy\" decoding=\"async\" src=\"https:\/\/www.hommy.com\/wp-content\/uploads\/16031753388322.png\" alt=\"product-Hommy-img\" title=\"\" width=\"350\" height=\"500\" border=\"0\" vspace=\"0\" style=\"width: 350px;height: 500px\"><\/p>\n<\/div>\n<\/div>\n<div class=\"col-md-6 col-sm-6 col-xs-6\">\n<div class=\"right-p\">\n<div class=\"h2 heading\">\n<p><span style=\"letter-spacing: 0px;font-family: arial, helvetica, sans-serif;font-size: 16px\">2. 3 Arten von Eis Lolly f\u00fcr Sie zu w\u00e4hlen.<\/span><\/p>\n<\/div>\n<\/div>\n<div class=\"graphic_pic animated wow bounceIn\" data-wow-delay=\".7s\">\n<p style=\"text-align:center\"><img loading=\"lazy\" decoding=\"async\" src=\"https:\/\/www.hommy.com\/wp-content\/uploads\/16031753751185.jpg\" alt=\"product-Hommy-img\" title=\"\" width=\"350\" height=\"500\" border=\"0\" vspace=\"0\" style=\"width: 350px;height: 500px\"><\/p>\n<\/div>\n<\/div>\n<\/div>\n<\/div>\n<p><\/p>\n<div class=\"d-tem01-graphic tem01-graphic mockup\" data-detail=\"wrap\">\n<div class=\"cont-section clearfix d-clearfix\">\n<div class=\"col-md-6 col-sm-6 col-xs-6\">\n<div class=\"right-p\">\n<div class=\"h2 heading\">\n<p style=\"margin: 0 0 0 28px;text-indent: 0;padding: 0;vertical-align: baseline\"><span style=\"font-family: arial, helvetica, sans-serif;letter-spacing: 0px;font-size: 16px\">3.  Die Maschine hat eine kleine Wanne mit Abtaufunktion f\u00fcr die Entformung.<\/span><\/p>\n<\/div>\n<\/div>\n<div class=\"graphic_pic animated wow bounceIn\" data-wow-delay=\".7s\">\n<p style=\"text-align:center\"><img loading=\"lazy\" decoding=\"async\" src=\"https:\/\/www.hommy.com\/wp-content\/uploads\/16031754762949.png\" alt=\"produkt-Hommy-HM-PM-1 Rollende Eiszapfenmaschine-img\" title=\"\" width=\"350\" height=\"500\" border=\"0\" vspace=\"0\" style=\"width: 350px;height: 500px\"><\/p>\n<\/div>\n<\/div>\n<div class=\"col-md-6 col-sm-6 col-xs-6\">\n<div class=\"right-p\">\n<div class=\"h2 heading\">\n<p><span style=\"font-family: arial, helvetica, sans-serif;letter-spacing: 0px;font-size: 16px\">4. Auf der Oberseite des Ger\u00e4ts befindet sich eine Kunststoffabdeckung, die den Staub abh\u00e4lt.&nbsp;<\/span><\/p>\n<\/div>\n<\/div>\n<div class=\"graphic_pic animated wow bounceIn\" data-wow-delay=\".7s\">\n<p style=\"text-align:center\"><img loading=\"lazy\" decoding=\"async\" src=\"https:\/\/www.hommy.com\/wp-content\/uploads\/16031754972127.png\" alt=\"Produkt-HM-PM-1 Rollende Eiszapfenmaschine-Hommy-img\" title=\"\" width=\"350\" height=\"500\" border=\"0\" vspace=\"0\" style=\"width: 350px;height: 500px\"><\/p>\n<\/div>\n<\/div>\n<\/div>\n<\/div>\n<p><\/p>\n<p>Dokument\uff1a<img decoding=\"async\" src=\"https:\/\/www.hommy.com\/wp-content\/uploads\/icon_pdf-63.gif\" style=\"margin-right: 2px\" alt=\"produkt-Hommy-img-1\" title=\"\"><a href=\"https:\/\/img80002414.weyesimg.com\/uploads\/www.hommy.com\/addon\/16031756847293.pdf\" title=\"16031756847293.pdf\" style=\"font-size: 12px\">16031756847293.pdf<\/a><\/p>\n<h2 style=\"font-family: sans-serif\">Ist das Gesch\u00e4ft mit Eis am Stiel rentabel?<\/h2>\n<p style=\"margin-top: 5px;margin-bottom: 5px;font-family: sans-serif;font-size: 16px\">Das Popsicle-Gesch\u00e4ft ist ein Gesch\u00e4ft, das sich mit der Herstellung und dem Verkauf von Popsicles besch\u00e4ftigt. Sie k\u00f6nnen es von zu Hause aus betreiben oder einen Laden einrichten. Wenn Sie ein Eisgesch\u00e4ft von zu Hause aus betreiben, k\u00f6nnen Sie Ihren Kunden Eis an der Haust\u00fcr verkaufen. Sie k\u00f6nnen auch Eis am Stiel an Ihre Kunden liefern. Wenn Sie ein Gesch\u00e4ft betreiben, k\u00f6nnen Sie Eis am Stiel in Ihrem Laden verkaufen. Sie k\u00f6nnen auch Eis am Stiel an Ihre Kunden ausliefern.<\/p>\n<p style=\"margin-top: 5px;margin-bottom: 5px;font-family: sans-serif;font-size: 16px\"><\/p>\n<h2 style=\"font-family: sans-serif\">Wie lange sind Eisw\u00fcrfel haltbar?<\/h2>\n<p style=\"margin-top: 5px;margin-bottom: 5px;font-family: sans-serif;font-size: 16px\">Was kann ich beim Kauf von Eis am Stiel f\u00fcr die Haltbarkeit erwarten? Normalerweise bin ich ein gro\u00dfer Fan von Eis am Stiel, aber ich bin mir nicht sicher, wie lange sie haltbar sind: Bei allen Eissorten, die man einfriert, kann man davon ausgehen, dass sie im Gefrierschrank bis zu drei Monate halten. Das ist ein ziemlich guter Zeitrahmen. Bedenken Sie aber, dass die Wahrscheinlichkeit eines Gefrierbrandes umso gr\u00f6\u00dfer ist, je l\u00e4nger Sie sie aufbewahren.<\/p>\n<p style=\"margin-top: 5px;margin-bottom: 5px;font-family: sans-serif;font-size: 16px\"><\/p>\n<h2 style=\"font-family: sans-serif\">Wie h\u00e4lt man Lebensmittel auf einer Reise gefroren?&nbsp;<\/h2>\n<p style=\"margin-top: 5px;margin-bottom: 5px;font-family: sans-serif;font-size: 16px\">Diese Frage wird uns oft gestellt. Wie h\u00e4lt man Lebensmittel auf einer Reise gefroren. Wenn wir diese Frage h\u00f6ren, sagen wir, dass man die Lebensmittel in eine k\u00fchle Wasserflasche f\u00fcllen und im Gefrierschrank aufbewahren kann, dann bleiben sie sehr lange gefroren. Sie k\u00f6nnen die Lebensmittel auch in eine K\u00fchlbox packen und im Kofferraum Ihres Autos aufbewahren.<\/p>\n<\/div><\/div>","protected":false},"excerpt":{"rendered":"<p>DIY POPSICLE MACHINE DIY POPSICLE MACHINE|Product Features|Product specification|Product Advantage &nbsp;&nbsp;&nbsp;&nbsp; Our Rolling Popsicle Machines are perfect for anyone who loves popsicles! They&#039;re perfect for summertime fun, or any time of year. With our machines, you can make your own popsicles and sell to customer anytime. It is a fun, easy, and delicious way to enjoy [&hellip;]<\/p>\n","protected":false},"featured_media":880,"comment_status":"open","ping_status":"open","template":"","meta":{"_swt_meta_header_display":false,"_swt_meta_footer_display":false,"_swt_meta_site_title_display":false,"_swt_meta_sticky_header":false,"_swt_meta_transparent_header":false},"product_brand":[],"product_cat":[84],"product_tag":[],"class_list":{"0":"post-887","1":"product","2":"type-product","3":"status-publish","4":"has-post-thumbnail","6":"product_cat-popsicle-machine","8":"first","9":"instock","10":"shipping-taxable","11":"product-type-simple"},"_links":{"self":[{"href":"https:\/\/www.hommy.com\/de\/wp-json\/wp\/v2\/product\/887","targetHints":{"allow":["GET"]}}],"collection":[{"href":"https:\/\/www.hommy.com\/de\/wp-json\/wp\/v2\/product"}],"about":[{"href":"https:\/\/www.hommy.com\/de\/wp-json\/wp\/v2\/types\/product"}],"replies":[{"embeddable":true,"href":"https:\/\/www.hommy.com\/de\/wp-json\/wp\/v2\/comments?post=887"}],"wp:featuredmedia":[{"embeddable":true,"href":"https:\/\/www.hommy.com\/de\/wp-json\/wp\/v2\/media\/880"}],"wp:attachment":[{"href":"https:\/\/www.hommy.com\/de\/wp-json\/wp\/v2\/media?parent=887"}],"wp:term":[{"taxonomy":"product_brand","embeddable":true,"href":"https:\/\/www.hommy.com\/de\/wp-json\/wp\/v2\/product_brand?post=887"},{"taxonomy":"product_cat","embeddable":true,"href":"https:\/\/www.hommy.com\/de\/wp-json\/wp\/v2\/product_cat?post=887"},{"taxonomy":"product_tag","embeddable":true,"href":"https:\/\/www.hommy.com\/de\/wp-json\/wp\/v2\/product_tag?post=887"}],"curies":[{"name":"wp","href":"https:\/\/api.w.org\/{rel}","templated":true}]}}