{"id":879,"date":"2024-07-02T17:01:35","date_gmt":"2024-07-02T17:01:35","guid":{"rendered":"http:\/\/localhost\/hommywp\/hm-pm-3a-ice-popsicle-machine-supplier-pass-ul-certificate\/"},"modified":"2025-08-01T09:57:45","modified_gmt":"2025-08-01T09:57:45","slug":"eis-am-stiel-maschine-eis-am-stiel-maschine-modellnummer-hm-pm-3","status":"publish","type":"product","link":"https:\/\/www.hommy.com\/de\/p\/eis-am-stiel-maschine-eis-am-stiel-maschine-modellnummer-hm-pm-3\/","title":{"rendered":"Hm-Pm-3a Eis am Stiel Maschine Lieferant Pass Ul Zertifikat"},"content":{"rendered":"<div>\n<p>&nbsp;<\/p>\n<h2 style=\"text-align: center\"><strong style=\"color: inherit;font-family: inherit\"><span style=\"letter-spacing: 0px;font-size: 29px;font-family: arial, helvetica, sans-serif\"><a name=\"Ice Popsicle Machine\"><\/a>Eis am Stiel-Maschine<\/span><\/strong><strong><span style=\"font-size: 24px\"><span style=\"text-align: center;font-family: arial, helvetica, sans-serif\"><a name=\"Popsicle machine \/ ice lolly machine \/ Popsicle maker model\"><\/a><\/span><\/span><\/strong><\/h2>\n<p style=\"text-align: center\"><a href=\"#Ice Popsicle Machine\" target=\"_self\" data-lv=\"0\" rel=\"noopener\"><span style=\"font-size: 16px;font-family: arial, helvetica, sans-serif\">Eis am Stiel-Maschine<\/span><\/a><span style=\"font-size: 16px;font-family: arial, helvetica, sans-serif\">|<a href=\"#Product Features\" target=\"_self\" data-lv=\"0\" rel=\"noopener\">Produktmerkmale<\/a>|<a href=\"#Product specification\" target=\"_self\" data-lv=\"0\" rel=\"noopener\">Produktspezifikation<\/a>|<a href=\"#PRODUCT ADVANTAGE\" target=\"_self\" data-lv=\"0\" rel=\"noopener\">PRODUKTVORTEIL<\/a><\/span><\/p>\n<p style=\"text-align: center\"><video src=\"https:\/\/img80002414.weyesimg.com\/uploads\/wij2rdgc.allweyes.com\/video\/15553775925221.mp4\" preload=\"none\" controls=\"\" poster=\"https:\/\/img80002414.weyesimg.com\/uploads\/wij2rdgc.allweyes.com\/images\/15553775679295.jpg\" data-setup=\"{}\" width=\"900\" height=\"640\"><\/video><\/p>\n<p>&nbsp;<\/p>\n<p>Die hergestellte Einheit ist von gro\u00dfer Benutzerfreundlichkeit und ist in verschiedenen Spezifikationen erh\u00e4ltlich, um die unterschiedlichen Bed\u00fcrfnisse unserer Kunden zu erf\u00fcllen. Unsere Eis am Stiel-Maschinen sind sehr n\u00fctzlich f\u00fcr das Servieren von verschiedenen Geschmacksrichtungen von Eis am Stiel f\u00fcr unsere Kunden. Kaufen Sie jetzt!<\/p>\n<p><\/p>\n<p>Die angebotenen Ice Popsicle Maschine sind mit optimalen Qualit\u00e4tskomponenten entwickelt und sind sehr unter unseren Kunden f\u00fcr ihre au\u00dfergew\u00f6hnliche Qualit\u00e4t gesch\u00e4tzt. Diese sind in verschiedenen Verpackungsoptionen angeboten, so dass die angebotenen Maschinen k\u00f6nnen von unseren gesch\u00e4tzten Kunden von \u00fcberall zugegriffen werden. Wir sind einer der f\u00fchrenden Anbieter von Eis am Stiel-Maschine in China. Wir bieten die angebotene Eis am Stiel Maschine zu marginalen Preisen f\u00fcr unsere Kunden.<\/p>\n<div class=\"d-tem11-graphic tem11-graphic mockup\" data-detail=\"wrap\">\n<div class=\"tab_row\">\n<h2 style=\"width: 50%\"><img decoding=\"async\" title=\"\" alt=\"product-Hommy-img\" src=\"https:\/\/www.hommy.com\/wp-content\/uploads\/15553809099207.jpg\"><\/h2>\n<div class=\"text_box\" style=\"width: 50%\">\n<div class=\"txt\">\n<div class=\"title\">\n<h2><strong><span style=\"text-align: justify;font-family: arial, helvetica, sans-serif;font-size: 24px\"><a name=\"Product Features\"><\/a>Produktmerkmale<\/span><\/strong><\/h2>\n<p><span style=\"font-family: \u5b8b\u4f53;font-size: 29px;text-align: justify\"><br \/><\/span><\/p>\n<\/div>\n<p style=\"margin-left:32px\"><span style=\"font-family:Calibri;font-size:16px\">- Die Maschine hat ein luxuri\u00f6ses Aussehen und ist einfach zu bedienen und kosteng\u00fcnstig in der Wartung.<\/span><\/p>\n<p style=\"margin-left:32px\"><span style=\"font-family:Calibri;font-size:16px\">- Innenbeh\u00e4lter aus reinem rostfreiem Stahl, der der Salzs\u00e4ure widerstehen kann<\/span><\/p>\n<p style=\"margin-left:32px\"><span style=\"font-family:Calibri;font-size:16px\">- Die Bedienung ist einfach<\/span><span style=\"font-family:\u5b8b\u4f53;font-size:16px\">.<\/span><\/p>\n<p style=\"margin-left:32px\"><span style=\"font-family:Calibri;font-size:16px\">- Mehrere Arten von Eiszapfenformen zur Auswahl.<\/span><\/p>\n<p style=\"margin-left:32px\"><span style=\"font-family:Calibri;font-size:16px\">- Rostfreier Stahl<\/span><span style=\"font-family:\u5b8b\u4f53;font-size:16px\">l<\/span><span style=\"font-family:Calibri;font-size:16px\">! Schimmelpilze k\u00f6nnen der Erosion widerstehen.<\/span><\/p>\n<p style=\"margin-left:32px\"><span style=\"font-family:Calibri;font-size:16px\">- Die Form hat eine automatische Schalenfunktion und ist einfach zu bedienen <\/span><span style=\"font-family:\u5b8b\u4f53;font-size:16px\">.<\/span><\/p>\n<p style=\"margin-left:32px\"><span style=\"font-family:Calibri;font-size:16px\">- Luft<\/span><span style=\"font-family:\u5b8b\u4f53;font-size:16px\">&nbsp;<\/span><span style=\"font-family:Calibri;font-size:16px\">Schutzh\u00fclle und halten das Material lange Zeit verwenden.<\/span><\/p>\n<p style=\"margin-left:32px\"><span style=\"font-family:Calibri;font-size:16px\">- Geringe Kapitalinvestitionen bei maximaler Produktion<\/span><span style=\"font-family:\u5b8b\u4f53;font-size:16px\">.<\/span><\/p>\n<p style=\"margin-left:32px\"><span style=\"font-family:Calibri;font-size:16px\">- Profitieren Sie vom Wasser, unglaubliches Gewinnpotenzial <\/span><span style=\"font-family:\u5b8b\u4f53;font-size:16px\">.<\/span><\/p>\n<p style=\"margin-left:32px\"><span style=\"font-family:Calibri;font-size:16px\">- Sie k\u00f6nnen mit einer Maschine 3 Arten von Waren herstellen: <\/span><span style=\"font-family:\u5b8b\u4f53;font-size:16px\">P<\/span><span style=\"font-family:Calibri;font-size:16px\">opsicle . kleiner Eisblock , i<\/span><span style=\"font-family:\u5b8b\u4f53;font-size:16px\">c<\/span><span style=\"font-family:Calibri;font-size:16px\">e S\u00fc\u00dfigkeiten .<\/span><\/p>\n<\/div>\n<\/div>\n<\/div>\n<\/div>\n<p>&nbsp;<\/p>\n<h2><strong><span style=\"letter-spacing: 0px;font-family: arial, helvetica, sans-serif;font-size: 24px\"><a name=\"Product specification\"><\/a>Produktspezifikation<\/span><\/strong><\/h2>\n<p><span style=\"font-family:\u5b8b\u4f53;letter-spacing:0;font-size:29px\"><img decoding=\"async\" src=\"https:\/\/www.hommy.com\/wp-content\/uploads\/16030697499729.png\" alt=\"product-Hommy-img\" title=\"\"><\/span><\/p>\n<div class=\"text-left d-tem09-title d-interval\" data-detail=\"wrap\">\n<div class=\"title-header\">\n<h2><strong><span style=\"font-size: 24px;font-family: arial, helvetica, sans-serif\"><a name=\"PRODUCT ADVANTAGE\"><\/a><a name=\"PRODUCT ADVANTAGE\"><\/a>PRODUKTVORTEIL<\/span><\/strong><\/h2>\n<\/div>\n<\/div>\n<div class=\"d-tem01-graphic tem01-graphic mockup\" data-detail=\"wrap\">\n<div class=\"cont-section clearfix d-clearfix\">\n<div class=\"col-md-6 col-sm-6 col-xs-6\">\n<div class=\"right-p\">\n<div class=\"h2 heading\">\n<p><span style=\"letter-spacing: 0px;font-family: arial, helvetica, sans-serif;font-size: 16px\">1. Die Maschine w\u00e4hlt SS304 Salzwasser Tank-Anti-Rost-Material und Tank im Inneren w\u00e4hlen Sie alle die Schraube, die 304 Edelstahl ist, um eine l\u00e4ngere Lebensdauer der Maschine zu gew\u00e4hrleisten.<\/span><\/p>\n<p><span style=\"letter-spacing: 0px;font-family: arial, helvetica, sans-serif;font-size: 16px\"><br \/><\/span><\/p>\n<\/div>\n<\/div>\n<div class=\"graphic_pic animated wow bounceIn\" data-wow-delay=\".7s\">\n<p style=\"text-align:center\"><img loading=\"lazy\" decoding=\"async\" src=\"https:\/\/www.hommy.com\/wp-content\/uploads\/16030903719588.jpg\" alt=\"product-Hommy-img\" title=\"\" width=\"300\" height=\"561\" border=\"0\" vspace=\"0\" style=\"width: 300px;height: 561px\"><\/p>\n<\/div>\n<\/div>\n<div class=\"col-md-6 col-sm-6 col-xs-6\">\n<div class=\"right-p\">\n<div class=\"h2 heading\">\n<p style=\"margin: 0 0 0 28px;text-indent: 0;padding: 0;vertical-align: baseline\"><span style=\"letter-spacing: 0px;font-size: 16px;font-family: arial, helvetica, sans-serif\">2. Wir haben verschiedene Eis Lolly Form f\u00fcr Sie es zu w\u00e4hlen.<\/span><span style=\"font-family: \u5b8b\u4f53;letter-spacing: 0;font-size: 20px\">&nbsp;<\/span><\/p>\n<p style=\"margin: 0 0 0 28px;text-indent: 0;padding: 0;vertical-align: baseline\"><span style=\"font-family: \u5b8b\u4f53;letter-spacing: 0;font-size: 20px\"><br \/><\/span><\/p>\n<p style=\"margin: 0 0 0 28px;text-indent: 0;padding: 0;vertical-align: baseline\"><\/p>\n<\/div>\n<\/div>\n<div class=\"graphic_pic animated wow bounceIn\" data-wow-delay=\".7s\">\n<p style=\"text-align:center\"><img loading=\"lazy\" decoding=\"async\" src=\"https:\/\/www.hommy.com\/wp-content\/uploads\/16030904051206.jpg\" alt=\"product-Hommy-img\" title=\"\" width=\"300\" height=\"600\" border=\"0\" vspace=\"0\" style=\"width: 300px;height: 600px\"><\/p>\n<\/div>\n<\/div>\n<\/div>\n<\/div>\n<div class=\"d-tem01-graphic tem01-graphic mockup\" data-detail=\"wrap\">\n<div class=\"cont-section clearfix d-clearfix\">\n<div class=\"col-md-6 col-sm-6 col-xs-6\">\n<div class=\"right-p\">\n<div class=\"h2 heading\">\n<p style=\"margin-left:28px;text-indent:0\"><span style=\"font-family: arial, helvetica, sans-serif\"><span style=\"letter-spacing: 0px;font-size: 16px\">3. Die Maschine im Inneren des K\u00fchlsystems ist sehr stark produzieren eine Charge eine 15-20 Minute, die Temperatur passieren kann&nbsp;<\/span><span style=\"font-size: 16px;letter-spacing: 0px\">-18 oder -20 Grad.<\/span><\/span><\/p>\n<p style=\"margin-left:28px;text-indent:0\"><span style=\"font-family: arial, helvetica, sans-serif\"><span style=\"font-size: 16px;letter-spacing: 0px\"><br \/><\/span><\/span><\/p>\n<p style=\"margin-left:28px;text-indent:0\"><span style=\"font-family: arial, helvetica, sans-serif\"><span style=\"font-size: 16px;letter-spacing: 0px\"><br \/><\/span><\/span><\/p>\n<\/div>\n<\/div>\n<div class=\"graphic_pic animated wow bounceIn\" data-wow-delay=\".7s\">\n<p style=\"text-align:center\"><img loading=\"lazy\" decoding=\"async\" src=\"https:\/\/www.hommy.com\/wp-content\/uploads\/16030904452766.jpg\" alt=\"product-Hommy-HM-PM-3A Eiszapfautomat besteht UL-img\" title=\"\" width=\"300\" height=\"600\" border=\"0\" vspace=\"0\" style=\"width: 300px;height: 600px\"><\/p>\n<\/div>\n<\/div>\n<div class=\"col-md-6 col-sm-6 col-xs-6\">\n<div class=\"right-p\">\n<div class=\"h2 heading\">\n<p style=\"margin-left:28px;text-indent:0\"><span style=\"letter-spacing: 0px;font-size: 16px;font-family: arial, helvetica, sans-serif\">4. Wenn sich der hocheffiziente R\u00fchrstab aus Edelstahl dreht, erzeugt er einen Wasserstrom, der die Abk\u00fchlgeschwindigkeit beschleunigt.<\/span><\/p>\n<p style=\"margin-left:28px;text-indent:0\"><span style=\"letter-spacing: 0px;font-size: 16px;font-family: arial, helvetica, sans-serif\"><br \/><\/span><\/p>\n<\/div>\n<\/div>\n<div class=\"graphic_pic animated wow bounceIn\" data-wow-delay=\".7s\">\n<p style=\"text-align:center\"><img loading=\"lazy\" decoding=\"async\" src=\"https:\/\/www.hommy.com\/wp-content\/uploads\/16030904795370.jpg\" alt=\"produkt-HM-PM-3A Eiszapfautomat Pass UL-Hommy-img\" title=\"\" width=\"200\" height=\"543\" border=\"0\" vspace=\"0\" style=\"width: 200px;height: 543px\"><\/p>\n<\/div>\n<\/div>\n<\/div>\n<\/div>\n<p>Dokument\uff1a<img decoding=\"async\" src=\"https:\/\/www.hommy.com\/wp-content\/uploads\/icon_pdf-62.gif\" style=\"margin-right: 2px\" alt=\"produkt-Hommy-img-1\" title=\"\"><a href=\"https:\/\/img80002414.weyesimg.com\/uploads\/www.hommy.com\/addon\/16028369874382.pdf\" title=\"16028369874382.pdf\" style=\"font-size: 12px\">16028369874382.pdf<\/a><\/p>\n<h2 style=\"font-family: sans-serif\">Wie nennt man ein Eis am Stiel ohne Stiel?<\/h2>\n<p style=\"margin-top: 5px;margin-bottom: 5px;font-family: sans-serif;font-size: 16px\"><\/p>\n<p style=\"margin-top: 5px;margin-bottom: 5px;font-family: sans-serif;font-size: 16px\">Damit ich den Winter \u00fcberstehe, ohne zu schmelzen oder mir das Fleisch zu verbrennen, habe ich gerne einen Vorrat an gefrorenen Leckereien in meinem Gefrierschrank. Au\u00dferdem halte ich meine Gefriertruhe voll mit Lebensmitteln, die voller Geschmack sind. Diese gefrorenen Leckereien machen viel mehr Spa\u00df als herk\u00f6mmliche Eiscreme, und sie sind gro\u00dfartig f\u00fcr die Geschmacksknospen. Ob man sie nun Eispops, Bonbons, Brausepulver oder anders nennt, das Ergebnis ist im Grunde dasselbe. Sie erhalten eine erfrischende, eisige Leckerei in einer praktischen Form.<\/p>\n<p style=\"margin-top: 5px;margin-bottom: 5px;font-family: sans-serif;font-size: 16px\"><\/p>\n<p style=\"margin-top: 5px;margin-bottom: 5px;font-family: sans-serif;font-size: 16px\">Ich habe dieses Konzept zum ersten Mal vor Jahren kennengelernt, als ich etwa 13 Jahre alt war. Mein Cousin war gerade 18 geworden, und sein Geburtstag stand bevor. Er und seine Frau hatten kein gutes Verh\u00e4ltnis zueinander, und so beschloss ich, dass dies eine perfekte Geschenkidee w\u00e4re. Meine Gro\u00dfmutter war eine gro\u00dfartige K\u00f6chin, also war sie die perfekte Geschenkempf\u00e4ngerin. Ich wusste, dass sie sich \u00fcber eine einzigartige Leckerei freuen w\u00fcrde, die ich nach Belieben zubereiten konnte. Ich wollte etwas kreieren, das nicht<\/p>\n<p style=\"margin-top: 5px;margin-bottom: 5px;font-family: sans-serif;font-size: 16px\"><\/p>\n<h2 style=\"font-family: sans-serif\">Wie kann man Eis am Stiel aus Formen herstellen?<\/h2>\n<p style=\"margin-top: 5px;margin-bottom: 5px;font-family: sans-serif;font-size: 16px\"><\/p>\n<p style=\"margin-top: 5px;margin-bottom: 5px;font-family: sans-serif;font-size: 16px\">Man besorgt sich einen gro\u00dfen Eisw\u00fcrfelbereiter, der Formen f\u00fcr die Herstellung von Eisw\u00fcrfeln hat, und man kann die Formen bei Michaels kaufen. Du mischst einfach eine T\u00fcte gefrorenes Obst mit Wasser und f\u00fcgst Pop Rocks hinzu (sie geben der Mischung ein wenig Luft) und gibst sie dann in die Formen.<\/p>\n<p style=\"margin-top: 5px;margin-bottom: 5px;font-family: sans-serif;font-size: 16px\"><\/p>\n<p style=\"margin-top: 5px;margin-bottom: 5px;font-family: sans-serif;font-size: 16px\">Wir verwenden einen normalen Stabmixer, um das Obst und das Wasser zu mixen, aber Sie k\u00f6nnen auch einen Stabmixer verwenden (falls Ihr Stabmixer nicht stark genug ist). Dann f\u00fcgst du ein paar Teel\u00f6ffel Puderzucker und ein paar Essl\u00f6ffel Milch hinzu und p\u00fcrierst das Ganze ebenfalls.<\/p>\n<p style=\"margin-top: 5px;margin-bottom: 5px;font-family: sans-serif;font-size: 16px\"><\/p>\n<h2 style=\"font-family: sans-serif\">Was ist die gelbe Geschmacksrichtung von Eis am Stiel?<\/h2>\n<p style=\"margin-top: 5px;margin-bottom: 5px;font-family: sans-serif;font-size: 16px\"><\/p>\n<p style=\"margin-top: 5px;margin-bottom: 5px;font-family: sans-serif;font-size: 16px\">A: Eis am Stiel ist eine erfrischende, milchfreie und zuckerfreie Art, ein beliebtes Sommergetr\u00e4nk zu genie\u00dfen. Die Popsicle-Geschmacksrichtungen werden von unserem Geschmacksentwicklungsteam kreiert. Sie durchlaufen dann einen strengen Testprozess mit unserem Team von Geschmackstestern, bevor der Geschmack perfektioniert und abgef\u00fcllt wird! Die gelbe Geschmacksrichtung ist ein herrlicher Geschmack, der Sie an die Sommer in Ihrer Kindheit erinnern wird.<\/p>\n<\/div><\/div>","protected":false},"excerpt":{"rendered":"<p>&nbsp; Ice Popsicle Machine Ice Popsicle Machine|Product Features|Product specification|PRODUCT ADVANTAGE &nbsp; The manufactured unit is of great ease to use and is available in different specification for meeting our client&#039;s diverse needs. Our provided Ice Popsicle machines are highly useful for serving different flavours of ice pops to our clients. Buy now! The offered Ice [&hellip;]<\/p>\n","protected":false},"featured_media":872,"comment_status":"open","ping_status":"open","template":"","meta":{"_swt_meta_header_display":false,"_swt_meta_footer_display":false,"_swt_meta_site_title_display":false,"_swt_meta_sticky_header":false,"_swt_meta_transparent_header":false},"product_brand":[],"product_cat":[84],"product_tag":[],"class_list":{"0":"post-879","1":"product","2":"type-product","3":"status-publish","4":"has-post-thumbnail","6":"product_cat-popsicle-machine","8":"first","9":"instock","10":"shipping-taxable","11":"product-type-simple"},"_links":{"self":[{"href":"https:\/\/www.hommy.com\/de\/wp-json\/wp\/v2\/product\/879","targetHints":{"allow":["GET"]}}],"collection":[{"href":"https:\/\/www.hommy.com\/de\/wp-json\/wp\/v2\/product"}],"about":[{"href":"https:\/\/www.hommy.com\/de\/wp-json\/wp\/v2\/types\/product"}],"replies":[{"embeddable":true,"href":"https:\/\/www.hommy.com\/de\/wp-json\/wp\/v2\/comments?post=879"}],"wp:featuredmedia":[{"embeddable":true,"href":"https:\/\/www.hommy.com\/de\/wp-json\/wp\/v2\/media\/872"}],"wp:attachment":[{"href":"https:\/\/www.hommy.com\/de\/wp-json\/wp\/v2\/media?parent=879"}],"wp:term":[{"taxonomy":"product_brand","embeddable":true,"href":"https:\/\/www.hommy.com\/de\/wp-json\/wp\/v2\/product_brand?post=879"},{"taxonomy":"product_cat","embeddable":true,"href":"https:\/\/www.hommy.com\/de\/wp-json\/wp\/v2\/product_cat?post=879"},{"taxonomy":"product_tag","embeddable":true,"href":"https:\/\/www.hommy.com\/de\/wp-json\/wp\/v2\/product_tag?post=879"}],"curies":[{"name":"wp","href":"https:\/\/api.w.org\/{rel}","templated":true}]}}