{"id":871,"date":"2024-07-02T17:01:30","date_gmt":"2024-07-02T17:01:30","guid":{"rendered":"http:\/\/localhost\/hommywp\/hm-pm-3-ice-lolly-popsicle-maker-make-profit-from-water\/"},"modified":"2025-08-01T09:57:45","modified_gmt":"2025-08-01T09:57:45","slug":"hm-pm-3-eis-am-stiel-maschine","status":"publish","type":"product","link":"https:\/\/www.hommy.com\/de\/p\/hm-pm-3-eis-am-stiel-maschine\/","title":{"rendered":"Hm-Pm-3 Ice Lolly Popsicle Maker | Profit aus Wasser machen"},"content":{"rendered":"<div>\n<p><span style=\"font-family:\u5b8b\u4f53;letter-spacing:0;font-size:29px\"><br \/><\/span><\/p>\n<h2 style=\"text-align: center\"><strong><span style=\"letter-spacing: 0px;font-family: arial, helvetica, sans-serif;font-size: 24px\"><a name=\"Ice Popsicle Machine\"><\/a>Eis am Stiel-Maschine<\/span><\/strong><\/h2>\n<p style=\"text-align: center\"><a href=\"#Ice Popsicle Machine\" target=\"_self\" data-lv=\"0\" rel=\"noopener\"><span style=\"font-family: arial, helvetica, sans-serif;font-size: 16px\">Eis am Stiel-Maschine<\/span><\/a><span style=\"font-family: arial, helvetica, sans-serif;font-size: 16px\">|<a href=\"#Product Features\" target=\"_self\" data-lv=\"0\" rel=\"noopener\">Produktmerkmale<\/a>|<a href=\"#Product specification\" target=\"_self\" data-lv=\"0\" rel=\"noopener\">Produktspezifikation<\/a>|<a href=\"#Product Advantage\" target=\"_self\" data-lv=\"0\" rel=\"noopener\">Produktvorteil<\/a><\/span><\/p>\n<p><\/p>\n<p><\/p>\n<p style=\"text-align: center\">&nbsp;&nbsp;&nbsp;&nbsp;<\/p>\n<p>Wir sind auch eines der vertrauensw\u00fcrdigsten Online-Portale f\u00fcr <a style=\"color:blue\" href=\"https:\/\/www.hommy.com\/de\/eis-am-stiel-maschine\/\">Eis am Stiel<\/a>s aus dem Grund, dass unser Angebot ist vielf\u00e4ltig und wir haben in den letzten 20 Jahren t\u00e4tig gewesen. Im Falle einer Abfrage, k\u00f6nnen Sie uns auf unsere Nummer erreichen oder kontaktieren Sie uns \u00fcber unsere E-Mail.<\/p>\n<p><\/p>\n<p>Popsicle Maker sind in verschiedenen Spezifikationen wie pro die Anforderungen der Kunden zur Verf\u00fcgung.<\/p>\n<p><\/p>\n<p>Warum uns w\u00e4hlen?<\/p>\n<p>Hier finden Sie eine Liste von Gr\u00fcnden, warum Sie uns w\u00e4hlen sollten:<\/p>\n<p><\/p>\n<p>Top-Marken: Wir bieten eine Vielzahl von Markenprodukten an, die nur \u00fcber uns verkauft werden. So k\u00f6nnen Sie den besten Preis f\u00fcr Ihre Bed\u00fcrfnisse nutzen.<\/p>\n<p><\/p>\n<p>Kunden k\u00f6nnen sich an uns wenden: Unsere Nummer ist f\u00fcr unsere Kunden, die au\u00dferhalb unseres Hauptortes wohnen, erreichbar. Sie k\u00f6nnen uns auch \u00fcber unsere E-Mail kontaktieren.<\/p>\n<p><\/p>\n<p>Wir bieten auch Unterst\u00fctzung an: Wir versuchen, unseren Kunden bei Bedarf jegliche Unterst\u00fctzung zukommen zu lassen. Wir versuchen, Ihnen in jeder Phase zu helfen, wenn es n\u00f6tig ist. Daher halten wir auch die FAQs f\u00fcr unsere Kunden bereit. Diese FAQs werden Ihnen helfen, Ihren Eiszapfentrockner vollst\u00e4ndig zu verstehen.<\/p>\n<p><\/p>\n<p>Wir bieten Qualit\u00e4tsprodukte an: Alle unsere Produkte sind auf dem Markt zu erschwinglichen Preisen erh\u00e4ltlich. So k\u00f6nnen Sie nie Gesicht alle Probleme.<\/p>\n<p><span style=\"font-family: arial, helvetica, sans-serif;font-size: 24px\"><strong><span style=\"font-family: arial, helvetica, sans-serif;letter-spacing: 0px\"><\/span><\/strong><\/span><\/p>\n<div class=\"d-tem01-graphic tem01-graphic mockup\" data-detail=\"wrap\">\n<div class=\"cont-section clearfix d-clearfix\">\n<div class=\"col-md-6 col-sm-6 col-xs-6\">\n<div class=\"right-p\">\n<div class=\"h2 heading\">\n<p style=\"text-align:center\"><img decoding=\"async\" src=\"https:\/\/www.hommy.com\/wp-content\/uploads\/16031765789147.jpg\" alt=\"produkt-HM-PM-3 Eiszapfenmacher-Hommy-img\" style=\"font-size: 14px\" title=\"\"><\/p>\n<p><span style=\"font-size: 14px\">&nbsp; &nbsp; &nbsp; &nbsp; &nbsp; &nbsp; &nbsp;<\/span><\/div>\n<\/div>\n<\/div>\n<div class=\"col-md-6 col-sm-6 col-xs-6\">\n<div class=\"right-p\">\n<div class=\"h2 heading\">\n<h2 style=\"margin: 0px;text-indent: 0px;text-align: justify\"><strong><span style=\"letter-spacing: 0px;font-family: arial, helvetica, sans-serif;font-size: 24px\"><a name=\"Product Features\"><\/a>Produktmerkmale<\/span><\/strong><span style=\"font-family:\u5b8b\u4f53;letter-spacing:0;font-size:29px\">&nbsp;<\/span><\/h2>\n<h2 style=\"margin: 0px;text-indent: 0px;text-align: justify\"><span style=\"font-family:\u5b8b\u4f53;letter-spacing:0;font-size:29px\">&nbsp;<\/span><\/h2>\n<p style=\"margin-left:32px\"><span style=\"font-family: Calibri;font-size: 16px\">- Die Maschine hat ein luxuri\u00f6ses Aussehen und ist einfach zu bedienen und kosteng\u00fcnstig in der Wartung.<\/span><\/p>\n<p style=\"margin-left:32px\"><span style=\"font-family: Calibri;font-size: 16px\">- Innenbeh\u00e4lter aus reinem rostfreiem Stahl, der der Salzs\u00e4ure widerstehen kann<\/span><\/p>\n<p style=\"margin-left:32px\"><span style=\"font-family: arial, helvetica, sans-serif\"><span style=\"font-family: Calibri;font-size: 16px\">- Die Bedienung ist einfach<\/span><span style=\"font-family: \u5b8b\u4f53;font-size: 16px\">.<\/span><\/span><\/p>\n<p style=\"margin-left:32px\"><span style=\"font-family: Calibri;font-size: 16px\">- Mehrere Arten von Eiszapfenformen zur Auswahl.<\/span><\/p>\n<p style=\"margin-left:32px\"><span style=\"font-family: arial, helvetica, sans-serif\"><span style=\"font-family: Calibri;font-size: 16px\">- Rostfreier Stahl<\/span><span style=\"font-family: \u5b8b\u4f53;font-size: 16px\">l<\/span><span style=\"font-family: Calibri;font-size: 16px\">! Schimmelpilze k\u00f6nnen der Erosion widerstehen.<\/span><\/span><\/p>\n<p style=\"margin-left:32px\"><span style=\"font-family: arial, helvetica, sans-serif\"><span style=\"font-family: Calibri;font-size: 16px\">- Die Form hat eine automatische Schalenfunktion und ist einfach zu bedienen <\/span><span style=\"font-family: \u5b8b\u4f53;font-size: 16px\">.<\/span><\/span><\/p>\n<p style=\"margin-left:32px\"><span style=\"font-family: arial, helvetica, sans-serif\"><span style=\"font-family: Calibri;font-size: 16px\">- Luft<\/span><span style=\"font-family: \u5b8b\u4f53;font-size: 16px\">&nbsp;<\/span><span style=\"font-family: Calibri;font-size: 16px\">Schutzh\u00fclle und halten das Material lange Zeit verwenden.<\/span><\/span><\/p>\n<p style=\"margin-left:32px\"><span style=\"font-family: arial, helvetica, sans-serif\"><span style=\"font-family: Calibri;font-size: 16px\">- Geringe Kapitalinvestitionen bei maximaler Produktion<\/span><span style=\"font-family: \u5b8b\u4f53;font-size: 16px\">.<\/span><\/span><\/p>\n<p style=\"margin-left:32px\"><span style=\"font-family: arial, helvetica, sans-serif\"><span style=\"font-family: Calibri;font-size: 16px\">- Profitieren Sie vom Wasser, unglaubliches Gewinnpotenzial <\/span><span style=\"font-family: \u5b8b\u4f53;font-size: 16px\">.<\/span><\/span><\/p>\n<p style=\"margin-left:32px\"><span style=\"font-family: arial, helvetica, sans-serif\"><span style=\"font-family: Calibri;font-size: 16px\">- Sie k\u00f6nnen mit einer Maschine 3 Arten von Waren herstellen: <\/span><span style=\"font-family: \u5b8b\u4f53;font-size: 16px\">P<\/span><span style=\"font-family: Calibri;font-size: 16px\">opsicle . kleiner Eisblock , i<\/span><span style=\"font-family: \u5b8b\u4f53;font-size: 16px\">c<\/span><span style=\"font-family: Calibri;font-size: 16px\">e S\u00fc\u00dfigkeiten .<\/span><\/span><\/p>\n<p><span> &nbsp; &nbsp; &nbsp; &nbsp;<\/span><\/div>\n<\/div>\n<\/div>\n<\/div>\n<\/div>\n<h2><span style=\"font-family: arial, helvetica, sans-serif;font-size: 24px\"><strong><span style=\"font-family: arial, helvetica, sans-serif;letter-spacing: 0px\"><a name=\"Product specification\"><\/a>Produktspezifikation<\/span><\/strong><\/span><\/h2>\n<p><span style=\"font-family: arial, helvetica, sans-serif;font-size: 24px\"><strong><span style=\"font-family: arial, helvetica, sans-serif;letter-spacing: 0px\"><img loading=\"lazy\" decoding=\"async\" src=\"https:\/\/www.hommy.com\/wp-content\/uploads\/16031764499547.png\" title=\"\" alt=\"product-Hommy-img\" width=\"1000\" height=\"436\" border=\"0\" vspace=\"0\" style=\"width: 1000px;height: 436px\"><\/span><\/strong><\/span><\/p>\n<h2><strong><span style=\"letter-spacing: 0px;font-family: arial, helvetica, sans-serif;font-size: 24px\"><br \/><\/span><\/strong><\/h2>\n<h2><strong><span style=\"letter-spacing: 0px;font-family: arial, helvetica, sans-serif;font-size: 24px\"><a name=\"Product Advantage\"><\/a>Produktvorteil<\/span><\/strong><\/h2>\n<p><strong><span style=\"letter-spacing: 0px;font-family: arial, helvetica, sans-serif;font-size: 24px\"><\/span><\/strong><\/p>\n<div class=\"d-tem01-graphic tem01-graphic mockup\" data-detail=\"wrap\">\n<div class=\"cont-section clearfix d-clearfix\">\n<div class=\"col-md-6 col-sm-6 col-xs-6\">\n<div class=\"right-p\">\n<div class=\"h2 heading\">\n<p style=\"margin: 0 0 0 28px;text-indent: 0;padding: 0;vertical-align: baseline\"><span style=\"letter-spacing: 0px;font-family: arial, helvetica, sans-serif;font-size: 16px\">1. Die Maschine w\u00e4hlt SS304 Salzwasser Tank-Anti-Rost-Material und Tank im Inneren w\u00e4hlen Sie alle die Schraube, die 304 Edelstahl ist, um eine l\u00e4ngere Lebensdauer der Maschine zu gew\u00e4hrleisten.<\/span><\/p>\n<\/div>\n<\/div>\n<div class=\"graphic_pic animated wow bounceIn\" data-wow-delay=\".7s\">\n<p style=\"text-align:center\"><img loading=\"lazy\" decoding=\"async\" src=\"https:\/\/www.hommy.com\/wp-content\/uploads\/16031768874558.jpg\" alt=\"product-Hommy-img\" title=\"\" width=\"350\" height=\"500\" border=\"0\" vspace=\"0\" style=\"width: 350px;height: 500px\"><\/p>\n<\/div>\n<\/div>\n<div class=\"col-md-6 col-sm-6 col-xs-6\">\n<div class=\"right-p\">\n<div class=\"h2 heading\">\n<p><span style=\"letter-spacing: 0px;font-family: arial, helvetica, sans-serif;font-size: 16px\">2. Wir haben verschiedene Eis Lolly Form f\u00fcr Sie es zu w\u00e4hlen.<\/span><\/p>\n<p><span style=\"letter-spacing: 0px;font-family: arial, helvetica, sans-serif;font-size: 16px\"><br \/><\/span><\/p>\n<p><span style=\"letter-spacing: 0px;font-family: arial, helvetica, sans-serif;font-size: 16px\"><br \/><\/span><\/p>\n<\/div>\n<\/div>\n<p style=\"text-align:center\"><img loading=\"lazy\" decoding=\"async\" src=\"https:\/\/www.hommy.com\/wp-content\/uploads\/16031769221882.jpg\" alt=\"product-Hommy-img\" title=\"\" width=\"350\" height=\"500\" border=\"0\" vspace=\"0\" style=\"width: 350px;height: 500px\"><\/p>\n<p><span style=\"font-size: 16px;font-family: arial, helvetica, sans-serif\"><br \/>\n &nbsp; &nbsp; &nbsp; &nbsp; &nbsp; &nbsp;<\/span><\/p>\n<\/div>\n<\/div>\n<\/div>\n<p><\/p>\n<div class=\"d-tem01-graphic tem01-graphic mockup\" data-detail=\"wrap\">\n<div class=\"cont-section clearfix d-clearfix\">\n<div class=\"col-md-6 col-sm-6 col-xs-6\">\n<div class=\"right-p\">\n<div class=\"h2 heading\">\n<p style=\"margin-left: 28px;text-indent: 0px\"><span style=\"font-size: 16px;font-family: arial, helvetica, sans-serif\"><span style=\"letter-spacing: 0px;font-size: 16px\">3. Die Maschine im Inneren des K\u00fchlsystems ist sehr stark produzieren eine Charge eine 15-20 Minute, die Temperatur passieren kann&nbsp;<\/span><span style=\"font-size: 16px;letter-spacing: 0px\">-18 oder -20 Grad.<\/span><\/span><\/p>\n<p style=\"margin-left: 28px;text-indent: 0px\"><span style=\"font-size: 16px;font-family: arial, helvetica, sans-serif\"><span style=\"font-size: 16px;letter-spacing: 0px\"><br \/><\/span><\/span><\/p>\n<p style=\"margin-left: 28px;text-indent: 0px\"><span style=\"font-size: 16px;font-family: arial, helvetica, sans-serif\"><span style=\"font-size: 16px;letter-spacing: 0px\"><br \/><\/span><\/span><\/p>\n<\/div>\n<\/div>\n<div class=\"graphic_pic animated wow bounceIn\" data-wow-delay=\".7s\"><img decoding=\"async\" src=\"https:\/\/www.hommy.com\/wp-content\/uploads\/16031769556151.png\" alt=\"produkt-Hommy-HM-PM-3 Eiszapfenmacher-img\" title=\"\"><br \/>\n &nbsp; &nbsp; &nbsp; &nbsp; &nbsp; &nbsp;<\/div>\n<\/div>\n<div class=\"col-md-6 col-sm-6 col-xs-6\">\n<div class=\"right-p\">\n<div class=\"h2 heading\">\n<p style=\"margin-left:28px;text-indent:0\"><span style=\"letter-spacing: 0px;font-size: 16px;font-family: arial, helvetica, sans-serif\">4. Wenn sich der hocheffiziente R\u00fchrstab aus Edelstahl dreht, erzeugt er einen Wasserstrom, der die Abk\u00fchlgeschwindigkeit beschleunigt.<\/span><\/p>\n<\/div>\n<\/div>\n<div class=\"graphic_pic animated wow bounceIn\" data-wow-delay=\".7s\">\n<p style=\"text-align:center\"><img loading=\"lazy\" decoding=\"async\" src=\"https:\/\/www.hommy.com\/wp-content\/uploads\/16031773503045.jpg\" alt=\"product-Hommy-img\" title=\"\" width=\"350\" height=\"500\" border=\"0\" vspace=\"0\" style=\"width: 350px;height: 500px\"><\/p>\n<\/div>\n<\/div>\n<\/div>\n<\/div>\n<p>Dokument\uff1a<img decoding=\"async\" src=\"https:\/\/www.hommy.com\/wp-content\/uploads\/icon_pdf-61.gif\" style=\"margin-right: 2px\" alt=\"produkt-HM-PM-3 Eiszapfenmacher-Hommy-img-1\" title=\"\"><a href=\"https:\/\/img80002414.weyesimg.com\/uploads\/www.hommy.com\/addon\/16031775674510.pdf\" title=\"16031775674510.pdf\" style=\"font-size: 12px\">16031775674510.pdf<\/a><\/p>\n<h2>Wie lange dauert das Gefrieren von Eis am Stiel?<\/h2>\n<p style=\"margin-top: 5px;margin-bottom: 5px\">\u00dcberhaupt nicht lange. Ein gefrorenes Eis am Stiel braucht etwa 1\/2 Stunde zum Gefrieren.<\/p>\n<p style=\"margin-top: 5px;margin-bottom: 5px\"><\/p>\n<p style=\"margin-top: 5px;margin-bottom: 5px\">Normalerweise friere ich sie in einzelnen Beuteln ein, so dass jedes Familienmitglied ein Eis bekommt.<\/p>\n<p style=\"margin-top: 5px;margin-bottom: 5px\"><\/p>\n<p style=\"margin-top: 5px;margin-bottom: 5px\">Daf\u00fcr gibt es einen guten Grund. Wenn du sie alle zusammen einfrierst, k\u00f6nnte die Luft in der Mitte des Eis am Stiel schmelzen, bevor die Au\u00dfenseite so gefroren ist, dass sie h\u00e4lt. Dadurch wird das Eis feucht.<\/p>\n<p style=\"margin-top: 5px;margin-bottom: 5px\"><\/p>\n<p style=\"margin-top: 5px;margin-bottom: 5px\"><\/p>\n<h2>Welches ist der beste Geschmack f\u00fcr Eis am Stiel?<\/h2>\n<p style=\"margin-top: 5px;margin-bottom: 5px\">Ich bin ein gro\u00dfer Fan von blauer Himbeere. Die meisten anderen Geschmacksrichtungen mag ich nicht, aber ich liebe blaue Himbeere. Ich habe festgestellt, dass sie den besten Geschmack hat, und ich habe andere probiert und fand sie meist zu sauer. Aber blaue Himbeere ist sch\u00f6n s\u00fc\u00df und saftig. Und sie ist k\u00f6stlich!<\/p>\n<p style=\"margin-top: 5px;margin-bottom: 5px\"><\/p>\n<p style=\"margin-top: 5px;margin-bottom: 5px\"><\/p>\n<h2>Macht Eis am Stiel dick?<\/h2>\n<p style=\"margin-top: 5px;margin-bottom: 5px\">Finden wir es heraus.<\/p>\n<p style=\"margin-top: 5px;margin-bottom: 5px\"><\/p>\n<p style=\"margin-top: 5px;margin-bottom: 5px\">Eis am Stiel ist eine tolle Sache. Alles ist lustig und sch\u00f6n, bis man merkt, dass man sie nicht essen kann.<\/p>\n<p style=\"margin-top: 5px;margin-bottom: 5px\"><\/p>\n<p style=\"margin-top: 5px;margin-bottom: 5px\">Nach Angaben des USDA enth\u00e4lt ein einziges Eis am Stiel \u00fcber 50 Kalorien. Das ist eine Menge Kalorien in einem kleinen St\u00fcck Nahrung.<\/p>\n<p style=\"margin-top: 5px;margin-bottom: 5px\"><\/p>\n<p style=\"margin-top: 5px;margin-bottom: 5px\">Wenn man sich die Statistiken anschaut, k\u00f6nnte man meinen, dass Eis am Stiel ein Di\u00e4t-No-Go ist. Aber wenn man sich die Daten genauer ansieht, stellt man fest, dass sie gar nicht so schlecht sind, wie sie scheinen.<\/p>\n<\/div><\/div>","protected":false},"excerpt":{"rendered":"<p>Ice Popsicle Machine Ice Popsicle Machine|Product Features|Product specification|Product Advantage &nbsp;&nbsp;&nbsp;&nbsp; We are also one of the most trusted online portals for Popsicle makers for the reason that our range is diverse and we have been operating for the past 20 more years. In case of any query, you can reach us on our number or [&hellip;]<\/p>\n","protected":false},"featured_media":864,"comment_status":"open","ping_status":"open","template":"","meta":{"_swt_meta_header_display":false,"_swt_meta_footer_display":false,"_swt_meta_site_title_display":false,"_swt_meta_sticky_header":false,"_swt_meta_transparent_header":false},"product_brand":[],"product_cat":[84],"product_tag":[],"class_list":{"0":"post-871","1":"product","2":"type-product","3":"status-publish","4":"has-post-thumbnail","6":"product_cat-popsicle-machine","8":"first","9":"instock","10":"shipping-taxable","11":"product-type-simple"},"_links":{"self":[{"href":"https:\/\/www.hommy.com\/de\/wp-json\/wp\/v2\/product\/871","targetHints":{"allow":["GET"]}}],"collection":[{"href":"https:\/\/www.hommy.com\/de\/wp-json\/wp\/v2\/product"}],"about":[{"href":"https:\/\/www.hommy.com\/de\/wp-json\/wp\/v2\/types\/product"}],"replies":[{"embeddable":true,"href":"https:\/\/www.hommy.com\/de\/wp-json\/wp\/v2\/comments?post=871"}],"wp:featuredmedia":[{"embeddable":true,"href":"https:\/\/www.hommy.com\/de\/wp-json\/wp\/v2\/media\/864"}],"wp:attachment":[{"href":"https:\/\/www.hommy.com\/de\/wp-json\/wp\/v2\/media?parent=871"}],"wp:term":[{"taxonomy":"product_brand","embeddable":true,"href":"https:\/\/www.hommy.com\/de\/wp-json\/wp\/v2\/product_brand?post=871"},{"taxonomy":"product_cat","embeddable":true,"href":"https:\/\/www.hommy.com\/de\/wp-json\/wp\/v2\/product_cat?post=871"},{"taxonomy":"product_tag","embeddable":true,"href":"https:\/\/www.hommy.com\/de\/wp-json\/wp\/v2\/product_tag?post=871"}],"curies":[{"name":"wp","href":"https:\/\/api.w.org\/{rel}","templated":true}]}}