{"id":863,"date":"2024-07-02T17:01:25","date_gmt":"2024-07-02T17:01:25","guid":{"rendered":"http:\/\/localhost\/hommywp\/hm-pp-250-ice-lolly-popsicle-wrapping-machine-factory\/"},"modified":"2025-08-01T09:57:44","modified_gmt":"2025-08-01T09:57:44","slug":"hm-pp-250-popsicle-einwickelmaschine","status":"publish","type":"product","link":"https:\/\/www.hommy.com\/de\/p\/hm-pp-250-popsicle-einwickelmaschine\/","title":{"rendered":"Hm-Pp-250 Eis Lolly Popsicle Wrapping Maschine Fabrik"},"content":{"rendered":"<div>\n<p><\/p>\n<p><\/p>\n<h2 style=\"text-align: center\"><strong><span style=\"font-family: arial, helvetica, sans-serif;font-size: 24px\"><a name=\"Popsicle Wrapping Machine\"><\/a>Eis am Stiel-Verpackungsmaschine<\/span><\/strong><\/h2>\n<p style=\"text-align: center\"><a href=\"#Popsicle Wrapping Machine\" target=\"_self\" data-lv=\"0\" rel=\"noopener\">Eis am Stiel-Verpackungsmaschine<\/a>|<a href=\"#Product Features\" target=\"_self\" data-lv=\"0\" rel=\"noopener\">Produktmerkmale<\/a>|<a href=\"#Product specification\" target=\"_self\" data-lv=\"0\" rel=\"noopener\">Produktspezifikation<\/a><\/p>\n<p><\/p>\n<p><\/p>\n<p style=\"text-align: center\">&nbsp;&nbsp;&nbsp;&nbsp;<\/p>\n<p>Wenn Sie auf der Suche nach einer hochwertigen und zuverl\u00e4ssigen Maschine zum Verpacken von Eis am Stiel sind, sind Sie bei uns genau richtig. In diesem Bereich sind wir stolz darauf, unseren Kunden erstklassige Maschinen anbieten zu k\u00f6nnen, die das Verpacken von Eis am Stiel einfacher und effizienter machen. Ganz gleich, ob Sie ein kleines Unternehmen oder ein Gro\u00dfkonzern sind, wir haben eine Maschine, die Ihren Anforderungen entspricht.<\/p>\n<p><\/p>\n<p>Wir bieten nicht nur eine gro\u00dfe Auswahl an Maschinen, sondern auch einen hervorragenden Kundenservice. Unsere sachkundigen Mitarbeiter stehen Ihnen jederzeit zur Verf\u00fcgung, um Ihre Fragen zu beantworten und Ihnen zu helfen, die perfekte Maschine f\u00fcr Ihre Bed\u00fcrfnisse zu finden. Wir wissen, dass das Verpacken von Eis am Stiel eine Herausforderung sein kann, aber mit unserer Hilfe muss es das nicht sein.<\/p>\n<p>Besuchen Sie noch heute unsere Website, um mehr \u00fcber unsere Produkte und Dienstleistungen zu erfahren oder um eine Bestellung aufzugeben.<\/p>\n<p><\/p>\n<div class=\"d-tem01-graphic tem01-graphic mockup\" data-detail=\"wrap\">\n<div class=\"cont-section clearfix d-clearfix\">\n<div class=\"col-md-6 col-sm-6 col-xs-6\">\n<div class=\"right-p\">\n<p><\/p>\n<p><\/p>\n<p><\/p>\n<p><\/p>\n<p><\/p>\n<p><\/p>\n<p><img decoding=\"async\" src=\"https:\/\/www.hommy.com\/wp-content\/uploads\/16034175671584.png\" alt=\"product-Hommy-img\" style=\"font-size: 14px\" title=\"\"><span style=\"font-size: 14px\">&nbsp; &nbsp; &nbsp; &nbsp; &nbsp; &nbsp; &nbsp;<\/span><\/p>\n<\/div>\n<\/div>\n<div class=\"col-md-6 col-sm-6 col-xs-6\">\n<div class=\"right-p\">\n<div class=\"h2 heading\">\n<p style=\"margin-top:0;margin-right:0;margin-bottom:0;margin-left:0;text-indent:0;text-align:justify\"><strong><span style=\"letter-spacing: 0px;font-family: arial, helvetica, sans-serif;font-size: 24px\">Produktmerkmale&nbsp;<\/span><\/strong><\/p>\n<p style=\"margin-top:0;margin-right:0;margin-bottom:0;margin-left:0;text-indent:0;text-align:justify\"><strong><span style=\"letter-spacing: 0px;font-family: arial, helvetica, sans-serif;font-size: 24px\">&nbsp;<\/span><\/strong><\/p>\n<p><strong><span style=\"font-family: arial, helvetica, sans-serif;font-size: 24px\">Eigenschaften&nbsp;<\/span><\/strong><\/p>\n<p><span style=\"font-family:Tahoma;font-size:16px\">&nbsp;<\/span><\/p>\n<p><span style=\"font-family:Tahoma;font-size:16px\">1. Doppelte Wandlersteuerung, flexibles Schneiden der Beutell\u00e4nge, der Bediener muss die Entladearbeiten nicht anpassen, spart Zeit und spart Filme.<\/span><\/p>\n<p><span style=\"font-family:\u5b8b\u4f53;font-size:16px\">2.<\/span><span style=\"font-family:Tahoma;font-size:16px\">Mensch-Maschine-Bedienung, bequeme und schnelle Parametereinstellung.<\/span><\/p>\n<p><span style=\"font-family:\u5b8b\u4f53;font-size:16px\">3.<\/span><span style=\"font-family:Tahoma;font-size:16px\">Selbstdiagnose-Fehlerfunktion, Fehleranzeige l\u00f6schen.<\/span><\/p>\n<p><span style=\"font-family:\u5b8b\u4f53;font-size:16px\">4. <\/span><span style=\"font-family:Tahoma;font-size:16px\">Hohe Empfindlichkeit optische elektrische Farbmarkierung Tracking digitale Eingabe Schnittposition, die die Abdichtung macht<\/span><span style=\"font-family:\u5b8b\u4f53;font-size:16px\">&nbsp;<\/span><span style=\"font-family:Tahoma;font-size:16px\">und genaueres Schneiden.<\/span><\/p>\n<p><span style=\"font-family:\u5b8b\u4f53;font-size:16px\">5.<\/span><span style=\"font-family:Tahoma;font-size:16px\">Separate PID-Regelung der Temperatur, geeignet f\u00fcr verschiedene Verpackungsmaterialien.<\/span><\/p>\n<p><span style=\"font-family:\u5b8b\u4f53;font-size:16px\">6.<\/span><span style=\"font-family:Tahoma;font-size:16px\">Anhalten der Maschine in der gew\u00e4hlten Position, kein Verkleben des Messers und kein Abfall der Verpackungsfolie.<\/span><\/p>\n<p><span style=\"font-family:\u5b8b\u4f53;font-size:16px\">7.<\/span><span style=\"font-family:Tahoma;font-size:16px\">Einfaches Antriebssystem, zuverl\u00e4ssiger Betrieb, bequeme Wartung.<\/span><\/p>\n<p><span style=\"font-family:\u5b8b\u4f53;font-size:16px\">8.<\/span><span style=\"font-family:Tahoma;font-size:16px\">Die gesamte Steuerung erfolgt \u00fcber Software, was die Anpassung und Aufr\u00fcstung der Funktionen erleichtert.<\/span><\/p>\n<p><span style=\"font-family:Tahoma;font-size:16px\">Anwendung:<\/span><\/p>\n<p><span style=\"font-family:Tahoma;font-size:16px\">Geeignet f\u00fcr die Verpackung normaler Gegenst\u00e4nde wie <\/span><span style=\"font-family:\u5b8b\u4f53;font-size:16px\">P<\/span><span style=\"font-family:Tahoma;font-size:16px\">opsic<\/span><span style=\"font-family:\u5b8b\u4f53;font-size:16px\">l<\/span><span style=\"font-family:Tahoma;font-size:16px\">e Aufkleber, Kekse, Brot, Instant-Nudeln, Mondkuchen, Industrieteile, Papierschachteln oder -schalen.<\/span><\/p>\n<\/div>\n<\/div>\n<p><\/p>\n<p>&nbsp; &nbsp; &nbsp; &nbsp; &nbsp; &nbsp;<\/p>\n<\/div>\n<\/div>\n<\/div>\n<p><span style=\"font-size: 24px\"><strong><span style=\"letter-spacing: 0px;font-family: arial, helvetica, sans-serif\"><a name=\"Product specification\"><\/a>Produktspezifikation<\/span><\/strong><\/span><\/p>\n<p><img decoding=\"async\" src=\"https:\/\/www.hommy.com\/wp-content\/uploads\/16034173385730.png\" alt=\"produkt-HM-PP-250 Eiszapfenwickelmaschine-Hommy-img\" title=\"\"><\/p>\n<p><\/p>\n<p>Dokument\uff1a<img decoding=\"async\" src=\"https:\/\/www.hommy.com\/wp-content\/uploads\/icon_pdf-60.gif\" style=\"margin-right: 2px\" alt=\"product-Hommy-img\" title=\"\"><a href=\"https:\/\/img80002414.weyesimg.com\/uploads\/www.hommy.com\/addon\/16034174028532.pdf\" title=\"16034174028532.pdf\" style=\"font-size: 12px\">16034174028532.pdf<\/a><\/p>\n<h2 style=\"font-family: sans-serif\">Was ist ein Eiszapfautomat?<br \/><\/h2>\n<p style=\"margin-top: 5px;margin-bottom: 5px;font-family: sans-serif;font-size: 16px\"><\/p>\n<p style=\"margin-top: 5px;margin-bottom: 5px;font-family: sans-serif;font-size: 16px\">Eine Popsicle-Maschine ist eine Art Gefrierschrank mit einem Ger\u00e4t, das eine geschlossene Kammer erw\u00e4rmt und Fl\u00fcssigkeiten zu harten und leckeren Popsicles gefriert. Wenn Sie Eis am Stiel m\u00f6gen, ist das vielleicht der einzige Gefrierschrank, den Sie jemals brauchen werden.<\/p>\n<p style=\"margin-top: 5px;margin-bottom: 5px;font-family: sans-serif;font-size: 16px\"><\/p>\n<p style=\"margin-top: 5px;margin-bottom: 5px;font-family: sans-serif;font-size: 16px\">Eis am Stiel ist zwar die bekannteste, aber nicht die einzige Leckerei aus der Tiefk\u00fchltruhe. Es gibt viele Arten von Tiefk\u00fchl-Leckereien, von gefrorenem Joghurt \u00fcber Eiscreme bis hin zu S\u00fc\u00dfigkeiten. Eis am Stiel wird normalerweise aus Fl\u00fcssigkeit hergestellt. Man kann sie mit Saft, Milch, Fruchtsaft oder Wasser herstellen. Man kann sie auch mit Alkohol, wie Schnaps oder Ginger Ale, oder mit Milch, Sahne, Joghurt, saurer Sahne oder Eiscreme herstellen.<\/p>\n<p style=\"margin-top: 5px;margin-bottom: 5px;font-family: sans-serif;font-size: 16px\"><\/p>\n<h2 style=\"font-family: sans-serif\">Wie entsteht die Textur von Eis am Stiel?<\/h2>\n<p style=\"margin-top: 5px;margin-bottom: 5px;font-family: sans-serif;font-size: 16px\"><\/p>\n<p style=\"margin-top: 5px;margin-bottom: 5px;font-family: sans-serif;font-size: 16px\">A: Die meisten Eisdielen stellen ihre gefrorenen Leckereien mit einer Mischung aus Eiern, Milch, Zucker und anderen Zutaten her. Eier wirken als Emulgator und helfen der Mischung, zusammenzukleben\" und gefroren zu bleiben. Die Milch h\u00e4lt die Mischung geschmeidig, der Zucker verleiht ihr S\u00fc\u00dfe, und die anderen Zutaten dienen als Stabilisatoren.<\/p>\n<p style=\"margin-top: 5px;margin-bottom: 5px;font-family: sans-serif;font-size: 16px\"><\/p>\n<h2 style=\"font-family: sans-serif\">Kann ich Eiscreme einfrieren?<\/h2>\n<p style=\"margin-top: 5px;margin-bottom: 5px;font-family: sans-serif;font-size: 16px\"><\/p>\n<p style=\"margin-top: 5px;margin-bottom: 5px;font-family: sans-serif;font-size: 16px\">A: Das meiste selbstgemachte Eis l\u00e4sst sich gut einfrieren, wenn es nur aus Eiern, Milch, Zucker und nat\u00fcrlich ein wenig Vanille hergestellt wird. Da Eiscreme jedoch viel Fett enth\u00e4lt, gibt es eine gr\u00f6\u00dfere Oberfl\u00e4che zum Gefrieren, was bedeutet, dass sich das Eis beim Gefrieren ausbreiten kann. Das wiederum macht es schwieriger, eine Kugel zu sch\u00f6pfen.<\/p>\n<p style=\"margin-top: 5px;margin-bottom: 5px;font-family: sans-serif;font-size: 16px\"><\/p>\n<p style=\"margin-top: 5px;margin-bottom: 5px;font-family: sans-serif;font-size: 16px\">In den meisten F\u00e4llen besteht die einzige M\u00f6glichkeit, Speiseeis gefrierfest zu machen, darin, Stabilisatoren hinzuzuf\u00fcgen. Dazu geh\u00f6ren Proteine, S\u00e4uren, wie Joghurt oder Buttermilch, und sogar pflanzliches Fett.<\/p>\n<p style=\"margin-top: 5px;margin-bottom: 5px;font-family: sans-serif;font-size: 16px\"><\/p>\n<h2 style=\"font-family: sans-serif\">Wie werden Eis am Stiel gefroren?<\/h2>\n<p style=\"margin-top: 5px;margin-bottom: 5px;font-family: sans-serif;font-size: 16px\"><\/p>\n<p style=\"margin-top: 5px;margin-bottom: 5px;font-family: sans-serif;font-size: 16px\">A: Eis am Stiel wird mit fl\u00fcssigem Stickstoff eingefroren.  Wenn Sie versuchen, sie auf der Seite in den Gefrierschrank zu legen, tauen die \u00e4u\u00dferen R\u00e4nder auf und tropfen.  Wenn man sie auf einer flachen Oberfl\u00e4che in den Gefrierschrank legt, dehnen sich die Eiskristalle aus und f\u00fcllen das Innere aus, sodass eine glatte wei\u00dfe Mitte zur\u00fcckbleibt.<\/p>\n<\/div><\/div>","protected":false},"excerpt":{"rendered":"<p>Popsicle Wrapping Machine Popsicle Wrapping Machine|Product Features|Product specification &nbsp;&nbsp;&nbsp;&nbsp; If you are in the market for a high-quality, reliable popsicle wrapping machine, you have come to the right place. In this field, we pride ourselves on providing our customers with top-of-the-line machines that will make their popsicle wrapping process easier and more efficient. Whether you [&hellip;]<\/p>\n","protected":false},"featured_media":860,"comment_status":"open","ping_status":"open","template":"","meta":{"_swt_meta_header_display":false,"_swt_meta_footer_display":false,"_swt_meta_site_title_display":false,"_swt_meta_sticky_header":false,"_swt_meta_transparent_header":false},"product_brand":[],"product_cat":[84],"product_tag":[],"class_list":{"0":"post-863","1":"product","2":"type-product","3":"status-publish","4":"has-post-thumbnail","6":"product_cat-popsicle-machine","8":"first","9":"instock","10":"shipping-taxable","11":"product-type-simple"},"_links":{"self":[{"href":"https:\/\/www.hommy.com\/de\/wp-json\/wp\/v2\/product\/863","targetHints":{"allow":["GET"]}}],"collection":[{"href":"https:\/\/www.hommy.com\/de\/wp-json\/wp\/v2\/product"}],"about":[{"href":"https:\/\/www.hommy.com\/de\/wp-json\/wp\/v2\/types\/product"}],"replies":[{"embeddable":true,"href":"https:\/\/www.hommy.com\/de\/wp-json\/wp\/v2\/comments?post=863"}],"wp:featuredmedia":[{"embeddable":true,"href":"https:\/\/www.hommy.com\/de\/wp-json\/wp\/v2\/media\/860"}],"wp:attachment":[{"href":"https:\/\/www.hommy.com\/de\/wp-json\/wp\/v2\/media?parent=863"}],"wp:term":[{"taxonomy":"product_brand","embeddable":true,"href":"https:\/\/www.hommy.com\/de\/wp-json\/wp\/v2\/product_brand?post=863"},{"taxonomy":"product_cat","embeddable":true,"href":"https:\/\/www.hommy.com\/de\/wp-json\/wp\/v2\/product_cat?post=863"},{"taxonomy":"product_tag","embeddable":true,"href":"https:\/\/www.hommy.com\/de\/wp-json\/wp\/v2\/product_tag?post=863"}],"curies":[{"name":"wp","href":"https:\/\/api.w.org\/{rel}","templated":true}]}}