{"id":836,"date":"2024-07-02T17:01:08","date_gmt":"2024-07-02T17:01:08","guid":{"rendered":"http:\/\/localhost\/hommywp\/stainless-steel-popsicle-ice-lolly-mould-oem-odm-wholesale\/"},"modified":"2025-08-01T09:57:44","modified_gmt":"2025-08-01T09:57:44","slug":"eis-am-stiel-form","status":"publish","type":"product","link":"https:\/\/www.hommy.com\/de\/p\/eis-am-stiel-form\/","title":{"rendered":"Edelstahl Popsicle Eis Lolly Mould Oem Odm Gro\u00dfhandel"},"content":{"rendered":"<div>\n<p style=\"text-align: center\"><span style=\"color: inherit;font-size: 30px;font-family: arial, helvetica, sans-serif\"><span style=\"letter-spacing: 0px;font-size: 24px\"><br \/><\/span><\/span><\/p>\n<p style=\"text-align: center\"><span style=\"color: inherit;font-size: 30px;font-family: arial, helvetica, sans-serif\"><span style=\"letter-spacing: 0px;font-size: 24px\"><a name=\"Ice Popsicle Mould\"><\/a>Eis-Popsicle-F\u00f6rmchen<\/span><span style=\"letter-spacing: 0px;font-size: 29px\"><\/span><\/span><span style=\"color: inherit;font-family: \u5b8b\u4f53;letter-spacing: 0px;font-size: 29px\">&nbsp;<\/span><\/p>\n<p style=\"text-align: center\"><a href=\"#Ice Popsicle Mould\" target=\"_self\" data-lv=\"0\" rel=\"noopener\"><span style=\"letter-spacing: 0px;font-family: arial, helvetica, sans-serif;font-size: 16px\">Eis-Popsicle-F\u00f6rmchen<\/span><\/a><span style=\"letter-spacing: 0px;font-family: arial, helvetica, sans-serif;font-size: 16px\">|<a href=\"#Product Features\" target=\"_self\" data-lv=\"0\" rel=\"noopener\">Produktmerkmale<\/a>|<a href=\"#Product specification\" target=\"_self\" data-lv=\"0\" rel=\"noopener\">Produktspezifikation<\/a><\/span><\/p>\n<p><\/p>\n<p style=\"text-align: center\">&nbsp;&nbsp;&nbsp;&nbsp;<\/p>\n<p>Wir sind eine qualit\u00e4tsorientierte Firma, die sich mit dem Angebot von Ice Lolly Mould besch\u00e4ftigt. Dieses Produkt wird von unserem erfahrenen Team unter Verwendung von Rohstoffen h\u00f6chster Qualit\u00e4t und hochentwickelten Techniken gem\u00e4\u00df den festgelegten Industriestandards hergestellt. Auch dieses Produkt wird auf verschiedenen Qualit\u00e4tsparametern getestet, um seine fehlerfreien Bereich zu gew\u00e4hrleisten. Ferner bieten wir dieses Eis Lolly Form in kundenspezifischen Optionen wie pro die Notwendigkeit unserer gesch\u00e4tzten Kunden zu erschwinglichen Preisen. Das angebotene Produkt wird unter Verwendung von Komponenten optimaler Qualit\u00e4t unter der Aufsicht unserer erfahrenen Fachleute hergestellt.<\/p>\n<div class=\"d-tem01-graphic tem01-graphic mockup\" data-detail=\"wrap\">\n<div class=\"cont-section clearfix d-clearfix\">\n<div class=\"col-md-6 col-sm-6 col-xs-6\">\n<div class=\"graphic_pic animated wow bounceIn\" data-wow-delay=\".7s\">\n<p style=\"text-align:center\"><img loading=\"lazy\" decoding=\"async\" src=\"https:\/\/www.hommy.com\/wp-content\/uploads\/16032700424971.jpg\" alt=\"product-Hommy-img\" title=\"\" width=\"350\" height=\"500\" border=\"0\" vspace=\"0\" style=\"width: 350px;height: 500px\"><\/p>\n<\/div>\n<\/div>\n<div class=\"col-md-6 col-sm-6 col-xs-6\">\n<div class=\"right-p\">\n<div class=\"h2 heading\">\n<h2 style=\"margin: 0px;text-indent: 0px;text-align: justify\"><strong><span style=\"letter-spacing: 0px;font-family: arial, helvetica, sans-serif;font-size: 24px\"><a name=\"Product Features\"><\/a>Produktmerkmale<\/span><\/strong><\/h2>\n<p style=\"margin-top:0;margin-right:0;margin-bottom:0;margin-left:0;text-indent:0;text-align:justify\"><span style=\"font-family:\u5b8b\u4f53;letter-spacing:0;font-size:29px\">&nbsp;&nbsp;<\/span><\/p>\n<p style=\"margin-top: 0;margin-right: 0;margin-bottom: 0;padding: 0;vertical-align: baseline\"><span style=\"letter-spacing: 0px;font-size: 16px;font-family: arial, helvetica, sans-serif\">1. Die Eis am Stiel Form verwenden Material 100% 304 Edelstahl, die in Salzwasser f\u00fcr lange Zeit kein Rost halten. <\/span><\/p>\n<p style=\"margin-top: 0;margin-right: 0;margin-bottom: 0;padding: 0;vertical-align: baseline\"><span style=\"letter-spacing: 0px;font-size: 16px;font-family: arial, helvetica, sans-serif\">2. Wir haben verschiedene Form-Modell f\u00fcr Sie zu w\u00e4hlen. <\/span><\/p>\n<p style=\"margin-top: 0;margin-right: 0;margin-bottom: 0;padding: 0;vertical-align: baseline\"><span style=\"letter-spacing: 0px;font-size: 16px;font-family: arial, helvetica, sans-serif\">3. Wir haben 30pcs oder 40pcs f\u00fcr einen Satz f\u00fcr Sie zu w\u00e4hlen. <\/span><\/p>\n<p style=\"margin-top: 0;margin-right: 0;margin-bottom: 0;padding: 0;vertical-align: baseline\"><span style=\"letter-spacing: 0px;font-size: 16px;font-family: arial, helvetica, sans-serif\">4. Wir sind Soem die Form willkommen, Sie geben uns Ihr Design, das wir auf diesem basieren k\u00f6nnen, um Form f\u00fcr Sie zu bilden. <\/span><\/p>\n<p style=\"margin-top: 0;margin-right: 0;margin-bottom: 0;padding: 0;vertical-align: baseline\"><span style=\"letter-spacing: 0px;font-size: 16px;font-family: arial, helvetica, sans-serif\">5. Wir k\u00f6nnen Popsicle Form, Eisform, Eisblockform f\u00fcr Sie machen.&nbsp;<\/span><\/p>\n<p><span><\/span><\/div>\n<\/div>\n<\/div>\n<\/div>\n<\/div>\n<h2 style=\"margin: 0px;text-indent: 0px;text-align: justify\"><strong><span style=\"letter-spacing: 0px;font-family: arial, helvetica, sans-serif;font-size: 24px\"><a name=\"Product specification\"><\/a>Produktspezifikation<\/span><\/strong><span style=\"font-family:\u5b8b\u4f53;letter-spacing:0;font-size:29px\">&nbsp;<\/span><\/h2>\n<p><\/p>\n<div class=\"d-tem01-graphic tem01-graphic mockup\" data-detail=\"wrap\">\n<div class=\"cont-section clearfix d-clearfix\">\n<div class=\"col-md-6 col-sm-6 col-xs-6\"><\/p>\n<div class=\"graphic_pic animated wow bounceIn\" data-wow-delay=\".7s\"><img decoding=\"async\" src=\"https:\/\/www.hommy.com\/wp-content\/uploads\/16032699744614.jpg\" alt=\"product-Hommy-img\" title=\"\"><br \/>\n &nbsp; &nbsp; &nbsp; &nbsp; &nbsp; &nbsp;<\/div>\n<\/div>\n<div class=\"col-md-6 col-sm-6 col-xs-6\"><\/p>\n<p><img decoding=\"async\" src=\"https:\/\/www.hommy.com\/wp-content\/uploads\/16032699869974.jpg\" alt=\"product-Hommy-img\" title=\"\"><br \/>\n &nbsp; &nbsp; &nbsp; &nbsp; &nbsp; &nbsp;<\/p>\n<p><\/p>\n<\/div>\n<\/div>\n<\/div>\n<p>Dokument:<img decoding=\"async\" src=\"http:\/\/admin.allweyes.com\/templates\/admin\/default\/assets\/library\/ueditor\/dialogs\/attachment\/fileTypeImages\/icon_pdf.gif\" style=\"margin-right: 2px\" alt=\"Produkt-Eiszapfenform-Hommy-img\" title=\"\"><a href=\"https:\/\/img80002414.weyesimg.com\/uploads\/www.hommy.com\/addon\/16032702047269.pdf\" title=\"16032702047269.pdf\" style=\"font-size: 12px\">16032702047269.pdf<\/a><\/p>\n<h2 style=\"font-family: sans-serif\">Wie macht man Eis am Stiel ohne F\u00f6rmchen?<\/h2>\n<p style=\"margin-top: 5px;margin-bottom: 5px;font-family: sans-serif;font-size: 16px\">Um ein Herausspringen aus dem Gefrierschrank zu vermeiden, k\u00f6nnen Sie die Masse in einer Muffinform oder einem gro\u00dfen Ziploc-Beutel einfrieren. 8 Unzen Kokoswasser, 1\/4 Tasse Zucker und 1\/4 Tasse p\u00fcrierte Birnen in einer gro\u00dfen Sch\u00fcssel vermengen. Verr\u00fchren, damit sich der Zucker aufl\u00f6st. Vanille und Zimt hinzuf\u00fcgen, falls gew\u00fcnscht. Gr\u00fcndlich mischen. Mit einem L\u00f6ffel in F\u00f6rmchen oder einen Ziploc-Beutel f\u00fcllen. Etwa 1-2 Stunden oder bis zur Festigkeit einfrieren.<\/p>\n<p style=\"margin-top: 5px;margin-bottom: 5px;font-family: sans-serif;font-size: 16px\"><\/p>\n<h2 style=\"font-family: sans-serif\">Welches ist die meistverkaufte Popsicle-Geschmacksrichtung?<\/h2>\n<p style=\"margin-top: 5px;margin-bottom: 5px;font-family: sans-serif;font-size: 16px\">Die meistverkaufte Geschmacksrichtung von Popsicle ist Cherry Limeade. Dies ist die zweitbeliebteste Geschmacksrichtung der Welt. Die Leute lieben den s\u00fc\u00df-sauren Geschmack. Es ist ein erfrischendes Getr\u00e4nk mit einem k\u00f6stlichen Geschmack.<\/p>\n<p style=\"margin-top: 5px;margin-bottom: 5px;font-family: sans-serif;font-size: 16px\"><\/p>\n<h2 style=\"font-family: sans-serif\">Wie h\u00e4lt man selbstgemachtes Eis am Stiel weich?<\/h2>\n<p style=\"margin-top: 5px;margin-bottom: 5px;font-family: sans-serif;font-size: 16px\">Ich liebe Eis am Stiel. Ich mache sie schon so lange, wie ich mich erinnern kann. Als Kind mochte ich immer die mit Orangensaft, aber meine Mutter hat immer die mit Milch gemacht. Ich glaube, ich habe die ganze Palette an Obst und Gem\u00fcse und Geschmacksrichtungen ausprobiert. Aber mein Favorit war immer die Erdbeere. Ich kann mich daran erinnern, dass ich in der Grundschule immer die mit Erdbeeren und Sahne gemacht habe. Das war eine der ersten Erinnerungen, die ich an den Geschmack der selbstgemachten Eis am Stiel meiner Mutter habe, die schon seit Jahren Eis am Stiel nach ihrem eigenen Rezept herstellt. Die Eis am Stiel sind immer ein gro\u00dfer Hit bei meiner Familie, und wir frieren sie in kleinen Muffin-Beh\u00e4ltern ein - jedes Eisrezept, das sie ausprobiert, ist immer weich und lecker. Ich hatte jedoch Schwierigkeiten, Informationen dar\u00fcber zu finden, wie man sie lange weich h\u00e4lt. Mir wurde gesagt, dass sie direkt nach dem Einfrieren in den Gefrierschrank gelegt werden m\u00fcssen, da sie sonst schmelzen.<\/p>\n<\/div><\/div>","protected":false},"excerpt":{"rendered":"<p>Ice Popsicle Mould&nbsp; Ice Popsicle Mould|Product Features|Product specification &nbsp;&nbsp;&nbsp;&nbsp; We are a quality driven firm engaged in offering Ice Lolly Mould. This product is manufactured by our experienced team using supreme grade raw material and sophisticated techniques as per the set industry standards. Also, this product is tested on various quality parameters to ensure its [&hellip;]<\/p>\n","protected":false},"featured_media":833,"comment_status":"open","ping_status":"open","template":"","meta":{"_swt_meta_header_display":false,"_swt_meta_footer_display":false,"_swt_meta_site_title_display":false,"_swt_meta_sticky_header":false,"_swt_meta_transparent_header":false},"product_brand":[],"product_cat":[84],"product_tag":[],"class_list":{"0":"post-836","1":"product","2":"type-product","3":"status-publish","4":"has-post-thumbnail","6":"product_cat-popsicle-machine","8":"first","9":"instock","10":"shipping-taxable","11":"product-type-simple"},"_links":{"self":[{"href":"https:\/\/www.hommy.com\/de\/wp-json\/wp\/v2\/product\/836","targetHints":{"allow":["GET"]}}],"collection":[{"href":"https:\/\/www.hommy.com\/de\/wp-json\/wp\/v2\/product"}],"about":[{"href":"https:\/\/www.hommy.com\/de\/wp-json\/wp\/v2\/types\/product"}],"replies":[{"embeddable":true,"href":"https:\/\/www.hommy.com\/de\/wp-json\/wp\/v2\/comments?post=836"}],"wp:featuredmedia":[{"embeddable":true,"href":"https:\/\/www.hommy.com\/de\/wp-json\/wp\/v2\/media\/833"}],"wp:attachment":[{"href":"https:\/\/www.hommy.com\/de\/wp-json\/wp\/v2\/media?parent=836"}],"wp:term":[{"taxonomy":"product_brand","embeddable":true,"href":"https:\/\/www.hommy.com\/de\/wp-json\/wp\/v2\/product_brand?post=836"},{"taxonomy":"product_cat","embeddable":true,"href":"https:\/\/www.hommy.com\/de\/wp-json\/wp\/v2\/product_cat?post=836"},{"taxonomy":"product_tag","embeddable":true,"href":"https:\/\/www.hommy.com\/de\/wp-json\/wp\/v2\/product_tag?post=836"}],"curies":[{"name":"wp","href":"https:\/\/api.w.org\/{rel}","templated":true}]}}