{"id":832,"date":"2024-07-02T17:01:05","date_gmt":"2024-07-02T17:01:05","guid":{"rendered":"http:\/\/localhost\/hommywp\/hm-pp-150-automatic-popsicle-ice-lolly-packing-machine\/"},"modified":"2025-08-01T09:57:44","modified_gmt":"2025-08-01T09:57:44","slug":"hm-pp-150-popsicle-verpackungsmaschine","status":"publish","type":"product","link":"https:\/\/www.hommy.com\/de\/p\/hm-pp-150-popsicle-verpackungsmaschine\/","title":{"rendered":"Hm-Pp-150 Automatische Eiszapfen-Eislutscher-Verpackungsmaschine"},"content":{"rendered":"<div>\n<p><\/p>\n<h2 style=\"text-align: center\"><strong><span style=\"letter-spacing: 0px;font-family: arial, helvetica, sans-serif;font-size: 24px\"><a name=\"Half automatic popsicle packing machine\"><\/a>Halbautomatische Packmaschine f\u00fcr Eis am Stiel<\/span><\/strong><\/h2>\n<p style=\"text-align: center\"><a href=\"http:\/\/\" target=\"_self\" data-lv=\"0\" rel=\"noopener\"><span style=\"letter-spacing: 0px;font-family: arial, helvetica, sans-serif;font-size: 16px\">Halbautomatische Packmaschine f\u00fcr Eis am Stiel<\/span><\/a><span style=\"letter-spacing: 0px;font-family: arial, helvetica, sans-serif;font-size: 16px\">|<a href=\"#Product Features\" target=\"_self\" data-lv=\"0\" rel=\"noopener\">Produktmerkmale<\/a>|<a href=\"#Product specification\" target=\"_self\" data-lv=\"0\" rel=\"noopener\">Produktspezifikation<\/a><\/span><\/p>\n<p><span style=\"font-family:\u5b8b\u4f53;letter-spacing:0;font-size:29px\"><br \/><\/span><\/p>\n<p><\/p>\n<p style=\"text-align: center\">&nbsp;&nbsp;&nbsp;&nbsp;<\/p>\n<p>Dieses Eis Lolly Verpackungsmaschine wird von unserem Team von versierten Fachleuten mit h\u00f6chster Qualit\u00e4t Komponenten und die beste Qualit\u00e4t Rohstoff hergestellt. Diese Eis Lolly Verpackungsmaschinen sind hoch in den Markt f\u00fcr ihre eleganten Design, Haltbarkeit und Wartungsfreundlichkeit anerkannt. Abgesehen davon, sind diese Eis Lolly Verpackungsmaschinen weit verbreitet in der Lebensmittelindustrie f\u00fcr die Verpackung von Eis Lutscher verwendet.<\/p>\n<p><\/p>\n<div class=\"d-tem01-graphic tem01-graphic mockup\" data-detail=\"wrap\">\n<div class=\"cont-section clearfix d-clearfix\">\n<div class=\"col-md-6 col-sm-6 col-xs-6\">\n<div class=\"right-p\">\n<div class=\"h2 heading\">\n<p style=\"text-align:center\"><img loading=\"lazy\" decoding=\"async\" src=\"https:\/\/www.hommy.com\/wp-content\/uploads\/16033538988996.jpg\" alt=\"product-Hommy-img\" style=\"font-size: 14px;width: 400px;height: 500px\" title=\"\" width=\"400\" height=\"500\" border=\"0\" vspace=\"0\"><span style=\"font-size: 14px;font-family: inherit\">&nbsp; &nbsp; &nbsp; &nbsp; &nbsp; &nbsp; &nbsp;<\/span><\/p>\n<\/div>\n<\/div>\n<\/div>\n<div class=\"col-md-6 col-sm-6 col-xs-6\">\n<div class=\"right-p\">\n<div class=\"h2 heading\">\n<h2 style=\"margin: 0px;text-indent: 0px;text-align: justify\"><span style=\"font-size: 24px\"><strong><span style=\"letter-spacing: 0px;font-family: arial, helvetica, sans-serif\"><br \/><\/span><\/strong><\/span><\/h2>\n<h2 style=\"margin: 0px;text-indent: 0px;text-align: justify\"><span style=\"font-size: 24px\"><strong><span style=\"letter-spacing: 0px;font-family: arial, helvetica, sans-serif\"><a name=\"Product Features\"><\/a>Produktmerkmale&nbsp;<\/span><\/strong><\/span><span style=\"letter-spacing: 0px;font-size: 29px;font-family: arial, helvetica, sans-serif\">&nbsp;<\/span><\/h2>\n<p style=\"margin-top:0;margin-right:0;margin-bottom:0;margin-left:0;text-indent:0;text-align:justify\"><span style=\"letter-spacing: 0px;font-size: 29px;font-family: arial, helvetica, sans-serif\"><br \/><\/span><\/p>\n<p><span style=\"font-size: 16px;font-family: arial, helvetica, sans-serif\">1. Es kann Abdichtung PP oder PE Beutel Material.<\/span><\/p>\n<p><span style=\"font-size: 16px;font-family: arial, helvetica, sans-serif\">2. Das kann automatisch drucken Produkt Tag und Ihr Logo mit Englisch.<\/span><\/p>\n<p><span style=\"font-size: 16px;font-family: arial, helvetica, sans-serif\">3. Eine Minute kann Abdichtung 50pcs Tasche. <\/span><\/p>\n<p><span style=\"font-size: 16px;font-family: arial, helvetica, sans-serif\">4. Die Maschine arbeitet L\u00e4rm ist weniger. <\/span><\/p>\n<p><span style=\"font-size: 16px;font-family: arial, helvetica, sans-serif\">Klein und einfach zu bedienen.&nbsp;<\/span><\/p>\n<p><span style=\"font-family: arial, helvetica, sans-serif\"> &nbsp; &nbsp;<\/span><\/div>\n<\/div>\n<\/div>\n<\/div>\n<\/div>\n<h2><strong><span style=\"letter-spacing: 0px;font-family: arial, helvetica, sans-serif;font-size: 24px\"><a name=\"Product specification\"><\/a>Produktspezifikation<\/span><\/strong><\/h2>\n<p><strong><span style=\"letter-spacing: 0px;font-family: arial, helvetica, sans-serif;font-size: 24px\"><img decoding=\"async\" src=\"https:\/\/www.hommy.com\/wp-content\/uploads\/16033538234319.png\" alt=\"Produkt-HM-PP-150 Eis am Stiel-Verpackungsmaschine-Hommy-img\" title=\"\"><\/span><\/strong><\/p>\n<p><span style=\"font-size: 16px\"><span style=\"letter-spacing: 0px;font-family: arial, helvetica, sans-serif\"><br \/><\/span><\/span><\/p>\n<p><span style=\"letter-spacing: 0px;font-family: arial, helvetica, sans-serif;font-size: 16px\">Dokument\uff1a<\/span><img decoding=\"async\" src=\"https:\/\/www.hommy.com\/wp-content\/uploads\/icon_pdf-57.gif\" style=\"margin-right: 2px\" alt=\"product-Hommy-img\" title=\"\"><a href=\"https:\/\/img80002414.weyesimg.com\/uploads\/www.hommy.com\/addon\/16034163906503.pdf\" title=\"16034163906503.pdf\" style=\"font-size: 12px\">16034163906503.pdf<\/a><\/p>\n<p><span style=\"letter-spacing: 0px;font-family: arial, helvetica, sans-serif;font-size: 16px\"><\/span><\/p>\n<h2>Kann der Nutribullet-Mixer Eis zerkleinern?<\/h2>\n<p style=\"margin-top: 5px;margin-bottom: 5px\"><\/p>\n<p style=\"margin-top: 5px;margin-bottom: 5px\">Ich benutze seit Jahren einen Vitamix-Mixer. Ich liebe ihn. Allerdings wurden mir vor kurzem meine Vorderz\u00e4hne gezogen und ich habe ein wenig Unbehagen. Ich habe einen Nutribullet-Mixer und w\u00fcrde ihn gerne verwenden, um die Beschwerden zu lindern, die ich habe.<\/p>\n<p style=\"margin-top: 5px;margin-bottom: 5px\"><\/p>\n<p style=\"margin-top: 5px;margin-bottom: 5px\">Ich frage mich, ob der Nutribullet Eis zerkleinern kann.<\/p>\n<p style=\"margin-top: 5px;margin-bottom: 5px\"><\/p>\n<h2>Wie macht man aus Milch in einem Mixer Sahne?<\/h2>\n<p style=\"margin-top: 5px;margin-bottom: 5px\"><\/p>\n<p style=\"margin-top: 5px;margin-bottom: 5px\">A:<\/p>\n<p style=\"margin-top: 5px;margin-bottom: 5px\"><\/p>\n<p style=\"margin-top: 5px;margin-bottom: 5px\">Ich habe keinen Mixer, aber ich w\u00fcrde davon ausgehen, dass man einen Pudding auf die gleiche Weise zubereitet.  Man mischt Milch und Zucker zusammen und erhitzt die Mischung langsam auf 165 Grad, wobei man oft umr\u00fchrt, und nimmt sie dann vom Herd.<\/p>\n<p style=\"margin-top: 5px;margin-bottom: 5px\">Die dabei entstehende Mischung wird als \"Schlagsahne\" bezeichnet, ist aber keine Sahne im eigentlichen Sinne des Wortes.  Es ist eher eine Art Schlagsahne.<\/p>\n<p style=\"margin-top: 5px;margin-bottom: 5px\"><\/p>\n<p style=\"margin-top: 5px;margin-bottom: 5px\">Wie macht man Speiseeis geschmeidig? Auf dieselbe Weise wie jedes andere Dessert - mit Eiscreme. Die Frage ist: Wie macht man Eiscreme glatt, ohne die Gefriertruhe herauszunehmen?<\/p>\n<p style=\"margin-top: 5px;margin-bottom: 5px\"><\/p>\n<p style=\"margin-top: 5px;margin-bottom: 5px\">Wenn Sie zum ersten Mal Speiseeis herstellen, fragen Sie sich wahrscheinlich: \"Wie mache ich es glatt?\" Die gute Nachricht ist, dass die Gl\u00e4tte eine Eigenschaft ist, die Sie kontrollieren k\u00f6nnen. Wenn Sie also bereit sind, sich ein wenig mehr Zeit zu nehmen, k\u00f6nnen Sie eine glattere, cremigere Textur erzielen.<\/p>\n<\/div><\/div>","protected":false},"excerpt":{"rendered":"<p>Half automatic popsicle packing machine Half automatic popsicle packing machine|Product Features|Product specification &nbsp;&nbsp;&nbsp;&nbsp; This Ice Lolly Packing Machine is manufactured by our team of adept professionals using supreme grade components and the best quality raw material. These Ice Lolly Packing Machines are highly acclaimed in the market for their elegant design, durability and ease of [&hellip;]<\/p>\n","protected":false},"featured_media":829,"comment_status":"open","ping_status":"open","template":"","meta":{"_swt_meta_header_display":false,"_swt_meta_footer_display":false,"_swt_meta_site_title_display":false,"_swt_meta_sticky_header":false,"_swt_meta_transparent_header":false},"product_brand":[],"product_cat":[84],"product_tag":[],"class_list":{"0":"post-832","1":"product","2":"type-product","3":"status-publish","4":"has-post-thumbnail","6":"product_cat-popsicle-machine","8":"first","9":"instock","10":"shipping-taxable","11":"product-type-simple"},"_links":{"self":[{"href":"https:\/\/www.hommy.com\/de\/wp-json\/wp\/v2\/product\/832","targetHints":{"allow":["GET"]}}],"collection":[{"href":"https:\/\/www.hommy.com\/de\/wp-json\/wp\/v2\/product"}],"about":[{"href":"https:\/\/www.hommy.com\/de\/wp-json\/wp\/v2\/types\/product"}],"replies":[{"embeddable":true,"href":"https:\/\/www.hommy.com\/de\/wp-json\/wp\/v2\/comments?post=832"}],"wp:featuredmedia":[{"embeddable":true,"href":"https:\/\/www.hommy.com\/de\/wp-json\/wp\/v2\/media\/829"}],"wp:attachment":[{"href":"https:\/\/www.hommy.com\/de\/wp-json\/wp\/v2\/media?parent=832"}],"wp:term":[{"taxonomy":"product_brand","embeddable":true,"href":"https:\/\/www.hommy.com\/de\/wp-json\/wp\/v2\/product_brand?post=832"},{"taxonomy":"product_cat","embeddable":true,"href":"https:\/\/www.hommy.com\/de\/wp-json\/wp\/v2\/product_cat?post=832"},{"taxonomy":"product_tag","embeddable":true,"href":"https:\/\/www.hommy.com\/de\/wp-json\/wp\/v2\/product_tag?post=832"}],"curies":[{"name":"wp","href":"https:\/\/api.w.org\/{rel}","templated":true}]}}